{"id":61903,"date":"2025-09-29T09:42:06","date_gmt":"2025-09-29T07:42:06","guid":{"rendered":"https:\/\/www.fiorentini-iberia.com\/?page_id=61903"},"modified":"2026-03-27T15:03:40","modified_gmt":"2026-03-27T14:03:40","slug":"grupo-pietro-fiorentini","status":"publish","type":"page","link":"https:\/\/fiorentini-iberia.com\/pt\/grupo-pietro-fiorentini\/","title":{"rendered":"Grupo Pietro Fiorentini"},"content":{"rendered":"\n<p style=\"font-size:23px\"><strong><mark style=\"background-color:rgba(0, 0, 0, 0);color:#199782\" class=\"has-inline-color\"><strong><strong><strong><strong><strong>A HIST\u00d3RIA: DE EMPRESA FAMILIAR ITALIANA A EMPRESA MULTINACIONAL<\/strong><\/strong><\/strong><\/strong><\/strong><\/mark><\/strong><\/p>\n\n\n\n<p><strong>Em 1940, foi constitu\u00edda a Pietro Fiorentini SpA na It\u00e1lia<\/strong>. Hoje, al\u00e9m da sua sede central em Arcugnano (Vicenza), <strong>o Grupo Pietro Fiorentini conta com 40 centros comerciais e de produ\u00e7\u00e3o<\/strong>, tanto na It\u00e1lia como no estrangeiro, e <strong>emprega cerca de 2.600 pessoas<\/strong> em todo o mundo, com uma rede de distribui\u00e7\u00e3o que abrange<strong> mais de 100 pa\u00edses em todos os continentes<\/strong>.<\/p>\n\n\n\n<div style=\"height:25px\" aria-hidden=\"true\" class=\"wp-block-spacer\"><\/div>\n\n\n\n<p style=\"font-size:23px\"><strong><mark style=\"background-color:rgba(0, 0, 0, 0);color:#199782\" class=\"has-inline-color\"><strong><strong><strong><strong>A<strong>TUALIZA\u00c7\u00c3O CONSTANTE<\/strong><\/strong><\/strong><\/strong><\/strong><\/mark><\/strong><\/p>\n\n\n\n<p>A produ\u00e7\u00e3o centra-se numa grande variedade de solu\u00e7\u00f5es de tecnologia avan\u00e7ada para toda a cadeia de fornecimento de g\u00e1s natural: desde os componentes e servi\u00e7os envolvidos nas redes de distribui\u00e7\u00e3o e transporte at\u00e9 uma gama de solu\u00e7\u00f5es de engenharia, incluindo v\u00e1lvulas, flux\u00edmetros multif\u00e1sicos, instala\u00e7\u00f5es de processamento, esta\u00e7\u00f5es de regula\u00e7\u00e3o e medi\u00e7\u00e3o de press\u00e3o (PRMs).<\/p>\n\n\n\n<p>Durante a \u00faltima d\u00e9cada, a empresa investiu fortemente em I&amp;D, em fus\u00f5es e aquisi\u00e7\u00f5es (F&amp;A) e nas suas f\u00e1bricas e sistemas de produ\u00e7\u00e3o. Como resultado, det\u00e9m atualmente uma&nbsp;<strong>posi\u00e7\u00e3o de lideran\u00e7a nos contadores inteligentes<\/strong>, bem como nas&nbsp;<strong>redes inteligentes<\/strong>&nbsp;em geral, e pode oferecer solu\u00e7\u00f5es de ponta a ponta. Solu\u00e7\u00f5es de ponta gra\u00e7as \u00e0 combina\u00e7\u00e3o de conhecimentos mec\u00e2nicos e eletr\u00f3nicos com solu\u00e7\u00f5es de software fornecidas pela sua filial, Terranova.<\/p>\n\n\n\n<div class=\"download-btn\" style=\"color:#fff;margin:30px 0 30px;\">\n  <a style=\"color:#fff;text-decoration:none;\" href=\"https:\/\/www.fiorentini-iberia.com\/pt\/grupo-pietro-fiorentini\/empresas-e-marcas\/\" class=\"btn btn-big\">\n    <span>Empresas e Marcas do Grupo<\/span>\n  <\/a>\n<\/div>\n<div class=\"download-btn\" style=\"color:#fff;margin:30px 0 30px;\">\n  <a style=\"color:#fff;text-decoration:none;\" href=\"https:\/\/www.fiorentini-iberia.com\/pt\/contacte-nos\/\" class=\"btn btn-big\">\n    <span>Contacte-nos<\/span>\n  <\/a>\n<\/div>\n\n\n\n<p>Mais recentemente, no dom\u00ednio da transi\u00e7\u00e3o energ\u00e9tica, o Grupo tem vindo a acelerar os seus esfor\u00e7os para aproveitar as novas oportunidades relacionadas com as&nbsp;<strong>fontes de energia renov\u00e1veis<\/strong>, como o biometano, o hidrog\u00e9nio e o Power-to-gas. O Grupo tamb\u00e9m est\u00e1 a expandir os seus horizontes para a medi\u00e7\u00e3o da \u00e1gua, a digitaliza\u00e7\u00e3o do ciclo da \u00e1gua e o sector ambiental.<\/p>\n\n\n\n<p>Os nossos clientes s\u00e3o a base do nosso trabalho quotidiano, numa l\u00f3gica de&nbsp;<strong>orienta\u00e7\u00e3o para o cliente&nbsp;<\/strong>que n\u00e3o se limita \u00e0 qualidade dos produtos ou \u00e0 otimiza\u00e7\u00e3o dos processos, mas que est\u00e1 intimamente ligada a todos os outros elementos (apoio t\u00e9cnico, servi\u00e7os de manuten\u00e7\u00e3o, log\u00edstica, informa\u00e7\u00e3o e comunica\u00e7\u00e3o) que distinguem a nossa rela\u00e7\u00e3o.<\/p>\n\n\n\n<div style=\"height:50px\" aria-hidden=\"true\" class=\"wp-block-spacer\"><\/div>\n","protected":false},"excerpt":{"rendered":"<p>A HIST\u00d3RIA: DE EMPRESA FAMILIAR ITALIANA A EMPRESA MULTINACIONAL Em 1940, foi constitu\u00edda a Pietro Fiorentini SpA na It\u00e1lia. Hoje, al\u00e9m da sua sede central em Arcugnano (Vicenza), o Grupo Pietro Fiorentini conta com 40 centros comerciais e de produ\u00e7\u00e3o, tanto na It\u00e1lia como no estrangeiro, e emprega cerca de 2.600 pessoas em todo o [&hellip;]<\/p>\n","protected":false},"author":14,"featured_media":61886,"parent":0,"menu_order":0,"comment_status":"closed","ping_status":"closed","template":"template-pf-group-share.php","meta":{"_acf_changed":false,"inline_featured_image":false,"footnotes":""},"class_list":["post-61903","page","type-page","status-publish","has-post-thumbnail","hentry"],"acf":[],"yoast_head":"<!-- This site is optimized with the Yoast SEO plugin v27.2 - https:\/\/yoast.com\/product\/yoast-seo-wordpress\/ -->\n<title>Grupo Pietro Fiorentini - Pietro Fiorentini<\/title>\n<meta name=\"robots\" content=\"index, follow, max-snippet:-1, max-image-preview:large, max-video-preview:-1\" \/>\n<link rel=\"canonical\" href=\"https:\/\/fiorentini-iberia.com\/pt\/grupo-pietro-fiorentini\/\" \/>\n<meta property=\"og:locale\" content=\"pt_PT\" \/>\n<meta property=\"og:type\" content=\"article\" \/>\n<meta property=\"og:title\" content=\"Grupo Pietro Fiorentini - Pietro Fiorentini\" \/>\n<meta property=\"og:description\" content=\"A HIST\u00d3RIA: DE EMPRESA FAMILIAR ITALIANA A EMPRESA MULTINACIONAL Em 1940, foi constitu\u00edda a Pietro Fiorentini SpA na It\u00e1lia. Hoje, al\u00e9m da sua sede central em Arcugnano (Vicenza), o Grupo Pietro Fiorentini conta com 40 centros comerciais e de produ\u00e7\u00e3o, tanto na It\u00e1lia como no estrangeiro, e emprega cerca de 2.600 pessoas em todo o [&hellip;]\" \/>\n<meta property=\"og:url\" content=\"https:\/\/fiorentini-iberia.com\/pt\/grupo-pietro-fiorentini\/\" \/>\n<meta property=\"og:site_name\" content=\"Pietro Fiorentini\" \/>\n<meta property=\"article:modified_time\" content=\"2026-03-27T14:03:40+00:00\" \/>\n<meta property=\"og:image\" content=\"https:\/\/www.fiorentini-iberia.com\/wp-content\/uploads\/2025\/09\/banner-PF-Group.jpg\" \/>\n\t<meta property=\"og:image:width\" content=\"2560\" \/>\n\t<meta property=\"og:image:height\" content=\"1190\" \/>\n\t<meta property=\"og:image:type\" content=\"image\/jpeg\" \/>\n<meta name=\"twitter:card\" content=\"summary_large_image\" \/>\n<meta name=\"twitter:site\" content=\"@FiorentiniSpa\" \/>\n<meta name=\"twitter:label1\" content=\"Est. reading time\" \/>\n\t<meta name=\"twitter:data1\" content=\"2 minutes\" \/>\n<script type=\"application\/ld+json\" class=\"yoast-schema-graph\">{\"@context\":\"https:\/\/schema.org\",\"@graph\":[{\"@type\":\"WebPage\",\"@id\":\"https:\/\/fiorentini-iberia.com\/pt\/grupo-pietro-fiorentini\/\",\"url\":\"https:\/\/fiorentini-iberia.com\/pt\/grupo-pietro-fiorentini\/\",\"name\":\"Grupo Pietro Fiorentini - Pietro Fiorentini\",\"isPartOf\":{\"@id\":\"https:\/\/www.fiorentini-iberia.com\/pt\/#website\"},\"primaryImageOfPage\":{\"@id\":\"https:\/\/fiorentini-iberia.com\/pt\/grupo-pietro-fiorentini\/#primaryimage\"},\"image\":{\"@id\":\"https:\/\/fiorentini-iberia.com\/pt\/grupo-pietro-fiorentini\/#primaryimage\"},\"thumbnailUrl\":\"https:\/\/fiorentini-iberia.com\/wp-content\/uploads\/2025\/09\/banner-PF-Group.jpg\",\"datePublished\":\"2025-09-29T07:42:06+00:00\",\"dateModified\":\"2026-03-27T14:03:40+00:00\",\"breadcrumb\":{\"@id\":\"https:\/\/fiorentini-iberia.com\/pt\/grupo-pietro-fiorentini\/#breadcrumb\"},\"inLanguage\":\"pt-PTD\",\"potentialAction\":[{\"@type\":\"ReadAction\",\"target\":[\"https:\/\/fiorentini-iberia.com\/pt\/grupo-pietro-fiorentini\/\"]}]},{\"@type\":\"ImageObject\",\"inLanguage\":\"pt-PTD\",\"@id\":\"https:\/\/fiorentini-iberia.com\/pt\/grupo-pietro-fiorentini\/#primaryimage\",\"url\":\"https:\/\/fiorentini-iberia.com\/wp-content\/uploads\/2025\/09\/banner-PF-Group.jpg\",\"contentUrl\":\"https:\/\/fiorentini-iberia.com\/wp-content\/uploads\/2025\/09\/banner-PF-Group.jpg\",\"width\":2560,\"height\":1190},{\"@type\":\"BreadcrumbList\",\"@id\":\"https:\/\/fiorentini-iberia.com\/pt\/grupo-pietro-fiorentini\/#breadcrumb\",\"itemListElement\":[{\"@type\":\"ListItem\",\"position\":1,\"name\":\"Home\",\"item\":\"https:\/\/www.fiorentini-iberia.com\/pt\/\"},{\"@type\":\"ListItem\",\"position\":2,\"name\":\"Grupo Pietro Fiorentini\"}]},{\"@type\":\"WebSite\",\"@id\":\"https:\/\/www.fiorentini-iberia.com\/pt\/#website\",\"url\":\"https:\/\/www.fiorentini-iberia.com\/pt\/\",\"name\":\"Pietro Fiorentini Iberia\",\"description\":\"Pietro Fiorentini dise\u00f1a y fabrica componentes, sistemas y servicios para la regulaci\u00f3n, medici\u00f3n, gesti\u00f3n de redes de agua, energ\u00edas renovables, petr\u00f3leo y el gas natural, con sistemas adaptados 100% al hidr\u00f3geno.\",\"publisher\":{\"@id\":\"https:\/\/www.fiorentini-iberia.com\/pt\/#organization\"},\"potentialAction\":[{\"@type\":\"SearchAction\",\"target\":{\"@type\":\"EntryPoint\",\"urlTemplate\":\"https:\/\/www.fiorentini-iberia.com\/pt\/?s={search_term_string}\"},\"query-input\":{\"@type\":\"PropertyValueSpecification\",\"valueRequired\":true,\"valueName\":\"search_term_string\"}}],\"inLanguage\":\"pt-PTD\"},{\"@type\":\"Organization\",\"@id\":\"https:\/\/www.fiorentini-iberia.com\/pt\/#organization\",\"name\":\"Pietro Fiorentini Iberia\",\"url\":\"https:\/\/www.fiorentini-iberia.com\/pt\/\",\"logo\":{\"@type\":\"ImageObject\",\"inLanguage\":\"pt-PTD\",\"@id\":\"https:\/\/www.fiorentini-iberia.com\/pt\/#\/schema\/logo\/image\/\",\"url\":\"https:\/\/fiorentini-iberia.com\/wp-content\/uploads\/2020\/11\/logo.svg\",\"contentUrl\":\"https:\/\/fiorentini-iberia.com\/wp-content\/uploads\/2020\/11\/logo.svg\",\"width\":227,\"height\":59,\"caption\":\"Pietro Fiorentini Iberia\"},\"image\":{\"@id\":\"https:\/\/www.fiorentini-iberia.com\/pt\/#\/schema\/logo\/image\/\"},\"sameAs\":[\"https:\/\/x.com\/FiorentiniSpa\",\"https:\/\/www.linkedin.com\/company\/pietro-fiorentini-iberia\/\"]}]}<\/script>\n<!-- \/ Yoast SEO plugin. -->","yoast_head_json":{"title":"Grupo Pietro Fiorentini - Pietro Fiorentini","robots":{"index":"index","follow":"follow","max-snippet":"max-snippet:-1","max-image-preview":"max-image-preview:large","max-video-preview":"max-video-preview:-1"},"canonical":"https:\/\/fiorentini-iberia.com\/pt\/grupo-pietro-fiorentini\/","og_locale":"pt_PT","og_type":"article","og_title":"Grupo Pietro Fiorentini - Pietro Fiorentini","og_description":"A HIST\u00d3RIA: DE EMPRESA FAMILIAR ITALIANA A EMPRESA MULTINACIONAL Em 1940, foi constitu\u00edda a Pietro Fiorentini SpA na It\u00e1lia. Hoje, al\u00e9m da sua sede central em Arcugnano (Vicenza), o Grupo Pietro Fiorentini conta com 40 centros comerciais e de produ\u00e7\u00e3o, tanto na It\u00e1lia como no estrangeiro, e emprega cerca de 2.600 pessoas em todo o [&hellip;]","og_url":"https:\/\/fiorentini-iberia.com\/pt\/grupo-pietro-fiorentini\/","og_site_name":"Pietro Fiorentini","article_modified_time":"2026-03-27T14:03:40+00:00","og_image":[{"width":2560,"height":1190,"url":"https:\/\/www.fiorentini-iberia.com\/wp-content\/uploads\/2025\/09\/banner-PF-Group.jpg","type":"image\/jpeg"}],"twitter_card":"summary_large_image","twitter_site":"@FiorentiniSpa","twitter_misc":{"Est. reading time":"2 minutes"},"schema":{"@context":"https:\/\/schema.org","@graph":[{"@type":"WebPage","@id":"https:\/\/fiorentini-iberia.com\/pt\/grupo-pietro-fiorentini\/","url":"https:\/\/fiorentini-iberia.com\/pt\/grupo-pietro-fiorentini\/","name":"Grupo Pietro Fiorentini - Pietro Fiorentini","isPartOf":{"@id":"https:\/\/www.fiorentini-iberia.com\/pt\/#website"},"primaryImageOfPage":{"@id":"https:\/\/fiorentini-iberia.com\/pt\/grupo-pietro-fiorentini\/#primaryimage"},"image":{"@id":"https:\/\/fiorentini-iberia.com\/pt\/grupo-pietro-fiorentini\/#primaryimage"},"thumbnailUrl":"https:\/\/fiorentini-iberia.com\/wp-content\/uploads\/2025\/09\/banner-PF-Group.jpg","datePublished":"2025-09-29T07:42:06+00:00","dateModified":"2026-03-27T14:03:40+00:00","breadcrumb":{"@id":"https:\/\/fiorentini-iberia.com\/pt\/grupo-pietro-fiorentini\/#breadcrumb"},"inLanguage":"pt-PTD","potentialAction":[{"@type":"ReadAction","target":["https:\/\/fiorentini-iberia.com\/pt\/grupo-pietro-fiorentini\/"]}]},{"@type":"ImageObject","inLanguage":"pt-PTD","@id":"https:\/\/fiorentini-iberia.com\/pt\/grupo-pietro-fiorentini\/#primaryimage","url":"https:\/\/fiorentini-iberia.com\/wp-content\/uploads\/2025\/09\/banner-PF-Group.jpg","contentUrl":"https:\/\/fiorentini-iberia.com\/wp-content\/uploads\/2025\/09\/banner-PF-Group.jpg","width":2560,"height":1190},{"@type":"BreadcrumbList","@id":"https:\/\/fiorentini-iberia.com\/pt\/grupo-pietro-fiorentini\/#breadcrumb","itemListElement":[{"@type":"ListItem","position":1,"name":"Home","item":"https:\/\/www.fiorentini-iberia.com\/pt\/"},{"@type":"ListItem","position":2,"name":"Grupo Pietro Fiorentini"}]},{"@type":"WebSite","@id":"https:\/\/www.fiorentini-iberia.com\/pt\/#website","url":"https:\/\/www.fiorentini-iberia.com\/pt\/","name":"Pietro Fiorentini Iberia","description":"Pietro Fiorentini dise\u00f1a y fabrica componentes, sistemas y servicios para la regulaci\u00f3n, medici\u00f3n, gesti\u00f3n de redes de agua, energ\u00edas renovables, petr\u00f3leo y el gas natural, con sistemas adaptados 100% al hidr\u00f3geno.","publisher":{"@id":"https:\/\/www.fiorentini-iberia.com\/pt\/#organization"},"potentialAction":[{"@type":"SearchAction","target":{"@type":"EntryPoint","urlTemplate":"https:\/\/www.fiorentini-iberia.com\/pt\/?s={search_term_string}"},"query-input":{"@type":"PropertyValueSpecification","valueRequired":true,"valueName":"search_term_string"}}],"inLanguage":"pt-PTD"},{"@type":"Organization","@id":"https:\/\/www.fiorentini-iberia.com\/pt\/#organization","name":"Pietro Fiorentini Iberia","url":"https:\/\/www.fiorentini-iberia.com\/pt\/","logo":{"@type":"ImageObject","inLanguage":"pt-PTD","@id":"https:\/\/www.fiorentini-iberia.com\/pt\/#\/schema\/logo\/image\/","url":"https:\/\/fiorentini-iberia.com\/wp-content\/uploads\/2020\/11\/logo.svg","contentUrl":"https:\/\/fiorentini-iberia.com\/wp-content\/uploads\/2020\/11\/logo.svg","width":227,"height":59,"caption":"Pietro Fiorentini Iberia"},"image":{"@id":"https:\/\/www.fiorentini-iberia.com\/pt\/#\/schema\/logo\/image\/"},"sameAs":["https:\/\/x.com\/FiorentiniSpa","https:\/\/www.linkedin.com\/company\/pietro-fiorentini-iberia\/"]}]}},"_links":{"self":[{"href":"https:\/\/fiorentini-iberia.com\/pt\/wp-json\/wp\/v2\/pages\/61903","targetHints":{"allow":["GET"]}}],"collection":[{"href":"https:\/\/fiorentini-iberia.com\/pt\/wp-json\/wp\/v2\/pages"}],"about":[{"href":"https:\/\/fiorentini-iberia.com\/pt\/wp-json\/wp\/v2\/types\/page"}],"author":[{"embeddable":true,"href":"https:\/\/fiorentini-iberia.com\/pt\/wp-json\/wp\/v2\/users\/14"}],"replies":[{"embeddable":true,"href":"https:\/\/fiorentini-iberia.com\/pt\/wp-json\/wp\/v2\/comments?post=61903"}],"version-history":[{"count":3,"href":"https:\/\/fiorentini-iberia.com\/pt\/wp-json\/wp\/v2\/pages\/61903\/revisions"}],"predecessor-version":[{"id":63547,"href":"https:\/\/fiorentini-iberia.com\/pt\/wp-json\/wp\/v2\/pages\/61903\/revisions\/63547"}],"wp:featuredmedia":[{"embeddable":true,"href":"https:\/\/fiorentini-iberia.com\/pt\/wp-json\/wp\/v2\/media\/61886"}],"wp:attachment":[{"href":"https:\/\/fiorentini-iberia.com\/pt\/wp-json\/wp\/v2\/media?parent=61903"}],"curies":[{"name":"wp","href":"https:\/\/api.w.org\/{rel}","templated":true}]}}