{"id":61878,"date":"2025-09-29T11:43:03","date_gmt":"2025-09-29T09:43:03","guid":{"rendered":"https:\/\/www.fiorentini-iberia.com\/?page_id=61878"},"modified":"2025-10-31T11:07:04","modified_gmt":"2025-10-31T10:07:04","slug":"empresas-e-marcas","status":"publish","type":"page","link":"https:\/\/fiorentini-iberia.com\/pt\/grupo-pietro-fiorentini\/empresas-e-marcas\/","title":{"rendered":"Empresas e Marcas"},"content":{"rendered":"\n<p>As subsidi\u00e1rias e marcas do Grupo Pietro Fiorentini integram e expandem sua oferta para v\u00e1rios setores: da energia renov\u00e1vel ao software de gerenciamento de dados, do ciclo da \u00e1gua \u00e0 recupera\u00e7\u00e3o de res\u00edduos. A sinergia entre diferentes compet\u00eancias e conhecimentos t\u00e9cnicos permite ao Grupo Pietro Fiorentini desenvolver e industrializar solu\u00e7\u00f5es inovadoras tanto em processo quanto em tecnologia.<\/p>\n","protected":false},"excerpt":{"rendered":"<p>As subsidi\u00e1rias e marcas do Grupo Pietro Fiorentini integram e expandem sua oferta para v\u00e1rios setores: da energia renov\u00e1vel ao software de gerenciamento de dados, do ciclo da \u00e1gua \u00e0 recupera\u00e7\u00e3o de res\u00edduos. A sinergia entre diferentes compet\u00eancias e conhecimentos t\u00e9cnicos permite ao Grupo Pietro Fiorentini desenvolver e industrializar solu\u00e7\u00f5es inovadoras tanto em processo quanto [&hellip;]<\/p>\n","protected":false},"author":14,"featured_media":54471,"parent":61903,"menu_order":0,"comment_status":"closed","ping_status":"closed","template":"template-pf-group-2.php","meta":{"_acf_changed":false,"inline_featured_image":false,"footnotes":""},"class_list":["post-61878","page","type-page","status-publish","has-post-thumbnail","hentry"],"acf":[],"yoast_head":"<!-- This site is optimized with the Yoast SEO plugin v27.2 - https:\/\/yoast.com\/product\/yoast-seo-wordpress\/ -->\n<title>Empresas e Marcas - Pietro Fiorentini<\/title>\n<meta name=\"robots\" content=\"index, follow, max-snippet:-1, max-image-preview:large, max-video-preview:-1\" \/>\n<link rel=\"canonical\" href=\"https:\/\/fiorentini-iberia.com\/pt\/grupo-pietro-fiorentini\/empresas-e-marcas\/\" \/>\n<meta property=\"og:locale\" content=\"pt_PT\" \/>\n<meta property=\"og:type\" content=\"article\" \/>\n<meta property=\"og:title\" content=\"Empresas e Marcas - Pietro Fiorentini\" \/>\n<meta property=\"og:description\" content=\"As subsidi\u00e1rias e marcas do Grupo Pietro Fiorentini integram e expandem sua oferta para v\u00e1rios setores: da energia renov\u00e1vel ao software de gerenciamento de dados, do ciclo da \u00e1gua \u00e0 recupera\u00e7\u00e3o de res\u00edduos. A sinergia entre diferentes compet\u00eancias e conhecimentos t\u00e9cnicos permite ao Grupo Pietro Fiorentini desenvolver e industrializar solu\u00e7\u00f5es inovadoras tanto em processo quanto [&hellip;]\" \/>\n<meta property=\"og:url\" content=\"https:\/\/fiorentini-iberia.com\/pt\/grupo-pietro-fiorentini\/empresas-e-marcas\/\" \/>\n<meta property=\"og:site_name\" content=\"Pietro Fiorentini\" \/>\n<meta property=\"article:modified_time\" content=\"2025-10-31T10:07:04+00:00\" \/>\n<meta property=\"og:image\" content=\"https:\/\/www.fiorentini-iberia.com\/wp-content\/uploads\/2024\/06\/pf-group-cover.jpeg\" \/>\n\t<meta property=\"og:image:width\" content=\"1920\" \/>\n\t<meta property=\"og:image:height\" content=\"288\" \/>\n\t<meta property=\"og:image:type\" content=\"image\/jpeg\" \/>\n<meta name=\"twitter:card\" content=\"summary_large_image\" \/>\n<meta name=\"twitter:site\" content=\"@FiorentiniSpa\" \/>\n<meta name=\"twitter:label1\" content=\"Est. reading time\" \/>\n\t<meta name=\"twitter:data1\" content=\"1 minute\" \/>\n<script type=\"application\/ld+json\" class=\"yoast-schema-graph\">{\"@context\":\"https:\/\/schema.org\",\"@graph\":[{\"@type\":\"WebPage\",\"@id\":\"https:\/\/fiorentini-iberia.com\/pt\/grupo-pietro-fiorentini\/empresas-e-marcas\/\",\"url\":\"https:\/\/fiorentini-iberia.com\/pt\/grupo-pietro-fiorentini\/empresas-e-marcas\/\",\"name\":\"Empresas e Marcas - Pietro Fiorentini\",\"isPartOf\":{\"@id\":\"https:\/\/www.fiorentini-iberia.com\/pt\/#website\"},\"primaryImageOfPage\":{\"@id\":\"https:\/\/fiorentini-iberia.com\/pt\/grupo-pietro-fiorentini\/empresas-e-marcas\/#primaryimage\"},\"image\":{\"@id\":\"https:\/\/fiorentini-iberia.com\/pt\/grupo-pietro-fiorentini\/empresas-e-marcas\/#primaryimage\"},\"thumbnailUrl\":\"https:\/\/fiorentini-iberia.com\/wp-content\/uploads\/2024\/06\/pf-group-cover.jpeg\",\"datePublished\":\"2025-09-29T09:43:03+00:00\",\"dateModified\":\"2025-10-31T10:07:04+00:00\",\"breadcrumb\":{\"@id\":\"https:\/\/fiorentini-iberia.com\/pt\/grupo-pietro-fiorentini\/empresas-e-marcas\/#breadcrumb\"},\"inLanguage\":\"pt-PTD\",\"potentialAction\":[{\"@type\":\"ReadAction\",\"target\":[\"https:\/\/fiorentini-iberia.com\/pt\/grupo-pietro-fiorentini\/empresas-e-marcas\/\"]}]},{\"@type\":\"ImageObject\",\"inLanguage\":\"pt-PTD\",\"@id\":\"https:\/\/fiorentini-iberia.com\/pt\/grupo-pietro-fiorentini\/empresas-e-marcas\/#primaryimage\",\"url\":\"https:\/\/fiorentini-iberia.com\/wp-content\/uploads\/2024\/06\/pf-group-cover.jpeg\",\"contentUrl\":\"https:\/\/fiorentini-iberia.com\/wp-content\/uploads\/2024\/06\/pf-group-cover.jpeg\",\"width\":1920,\"height\":288,\"caption\":\"distribution and delivery concept, global business communication network, planet image from NASA\"},{\"@type\":\"BreadcrumbList\",\"@id\":\"https:\/\/fiorentini-iberia.com\/pt\/grupo-pietro-fiorentini\/empresas-e-marcas\/#breadcrumb\",\"itemListElement\":[{\"@type\":\"ListItem\",\"position\":1,\"name\":\"Home\",\"item\":\"https:\/\/www.fiorentini-iberia.com\/pt\/\"},{\"@type\":\"ListItem\",\"position\":2,\"name\":\"Grupo Pietro Fiorentini\",\"item\":\"https:\/\/www.fiorentini-iberia.com\/pt\/grupo-pietro-fiorentini\/\"},{\"@type\":\"ListItem\",\"position\":3,\"name\":\"Empresas e Marcas\"}]},{\"@type\":\"WebSite\",\"@id\":\"https:\/\/www.fiorentini-iberia.com\/pt\/#website\",\"url\":\"https:\/\/www.fiorentini-iberia.com\/pt\/\",\"name\":\"Pietro Fiorentini Iberia\",\"description\":\"Pietro Fiorentini dise\u00f1a y fabrica componentes, sistemas y servicios para la regulaci\u00f3n, medici\u00f3n, gesti\u00f3n de redes de agua, energ\u00edas renovables, petr\u00f3leo y el gas natural, con sistemas adaptados 100% al hidr\u00f3geno.\",\"publisher\":{\"@id\":\"https:\/\/www.fiorentini-iberia.com\/pt\/#organization\"},\"potentialAction\":[{\"@type\":\"SearchAction\",\"target\":{\"@type\":\"EntryPoint\",\"urlTemplate\":\"https:\/\/www.fiorentini-iberia.com\/pt\/?s={search_term_string}\"},\"query-input\":{\"@type\":\"PropertyValueSpecification\",\"valueRequired\":true,\"valueName\":\"search_term_string\"}}],\"inLanguage\":\"pt-PTD\"},{\"@type\":\"Organization\",\"@id\":\"https:\/\/www.fiorentini-iberia.com\/pt\/#organization\",\"name\":\"Pietro Fiorentini Iberia\",\"url\":\"https:\/\/www.fiorentini-iberia.com\/pt\/\",\"logo\":{\"@type\":\"ImageObject\",\"inLanguage\":\"pt-PTD\",\"@id\":\"https:\/\/www.fiorentini-iberia.com\/pt\/#\/schema\/logo\/image\/\",\"url\":\"https:\/\/fiorentini-iberia.com\/wp-content\/uploads\/2020\/11\/logo.svg\",\"contentUrl\":\"https:\/\/fiorentini-iberia.com\/wp-content\/uploads\/2020\/11\/logo.svg\",\"width\":227,\"height\":59,\"caption\":\"Pietro Fiorentini Iberia\"},\"image\":{\"@id\":\"https:\/\/www.fiorentini-iberia.com\/pt\/#\/schema\/logo\/image\/\"},\"sameAs\":[\"https:\/\/x.com\/FiorentiniSpa\",\"https:\/\/www.linkedin.com\/company\/pietro-fiorentini-iberia\/\"]}]}<\/script>\n<!-- \/ Yoast SEO plugin. -->","yoast_head_json":{"title":"Empresas e Marcas - Pietro Fiorentini","robots":{"index":"index","follow":"follow","max-snippet":"max-snippet:-1","max-image-preview":"max-image-preview:large","max-video-preview":"max-video-preview:-1"},"canonical":"https:\/\/fiorentini-iberia.com\/pt\/grupo-pietro-fiorentini\/empresas-e-marcas\/","og_locale":"pt_PT","og_type":"article","og_title":"Empresas e Marcas - Pietro Fiorentini","og_description":"As subsidi\u00e1rias e marcas do Grupo Pietro Fiorentini integram e expandem sua oferta para v\u00e1rios setores: da energia renov\u00e1vel ao software de gerenciamento de dados, do ciclo da \u00e1gua \u00e0 recupera\u00e7\u00e3o de res\u00edduos. A sinergia entre diferentes compet\u00eancias e conhecimentos t\u00e9cnicos permite ao Grupo Pietro Fiorentini desenvolver e industrializar solu\u00e7\u00f5es inovadoras tanto em processo quanto [&hellip;]","og_url":"https:\/\/fiorentini-iberia.com\/pt\/grupo-pietro-fiorentini\/empresas-e-marcas\/","og_site_name":"Pietro Fiorentini","article_modified_time":"2025-10-31T10:07:04+00:00","og_image":[{"width":1920,"height":288,"url":"https:\/\/www.fiorentini-iberia.com\/wp-content\/uploads\/2024\/06\/pf-group-cover.jpeg","type":"image\/jpeg"}],"twitter_card":"summary_large_image","twitter_site":"@FiorentiniSpa","twitter_misc":{"Est. reading time":"1 minute"},"schema":{"@context":"https:\/\/schema.org","@graph":[{"@type":"WebPage","@id":"https:\/\/fiorentini-iberia.com\/pt\/grupo-pietro-fiorentini\/empresas-e-marcas\/","url":"https:\/\/fiorentini-iberia.com\/pt\/grupo-pietro-fiorentini\/empresas-e-marcas\/","name":"Empresas e Marcas - Pietro Fiorentini","isPartOf":{"@id":"https:\/\/www.fiorentini-iberia.com\/pt\/#website"},"primaryImageOfPage":{"@id":"https:\/\/fiorentini-iberia.com\/pt\/grupo-pietro-fiorentini\/empresas-e-marcas\/#primaryimage"},"image":{"@id":"https:\/\/fiorentini-iberia.com\/pt\/grupo-pietro-fiorentini\/empresas-e-marcas\/#primaryimage"},"thumbnailUrl":"https:\/\/fiorentini-iberia.com\/wp-content\/uploads\/2024\/06\/pf-group-cover.jpeg","datePublished":"2025-09-29T09:43:03+00:00","dateModified":"2025-10-31T10:07:04+00:00","breadcrumb":{"@id":"https:\/\/fiorentini-iberia.com\/pt\/grupo-pietro-fiorentini\/empresas-e-marcas\/#breadcrumb"},"inLanguage":"pt-PTD","potentialAction":[{"@type":"ReadAction","target":["https:\/\/fiorentini-iberia.com\/pt\/grupo-pietro-fiorentini\/empresas-e-marcas\/"]}]},{"@type":"ImageObject","inLanguage":"pt-PTD","@id":"https:\/\/fiorentini-iberia.com\/pt\/grupo-pietro-fiorentini\/empresas-e-marcas\/#primaryimage","url":"https:\/\/fiorentini-iberia.com\/wp-content\/uploads\/2024\/06\/pf-group-cover.jpeg","contentUrl":"https:\/\/fiorentini-iberia.com\/wp-content\/uploads\/2024\/06\/pf-group-cover.jpeg","width":1920,"height":288,"caption":"distribution and delivery concept, global business communication network, planet image from NASA"},{"@type":"BreadcrumbList","@id":"https:\/\/fiorentini-iberia.com\/pt\/grupo-pietro-fiorentini\/empresas-e-marcas\/#breadcrumb","itemListElement":[{"@type":"ListItem","position":1,"name":"Home","item":"https:\/\/www.fiorentini-iberia.com\/pt\/"},{"@type":"ListItem","position":2,"name":"Grupo Pietro Fiorentini","item":"https:\/\/www.fiorentini-iberia.com\/pt\/grupo-pietro-fiorentini\/"},{"@type":"ListItem","position":3,"name":"Empresas e Marcas"}]},{"@type":"WebSite","@id":"https:\/\/www.fiorentini-iberia.com\/pt\/#website","url":"https:\/\/www.fiorentini-iberia.com\/pt\/","name":"Pietro Fiorentini Iberia","description":"Pietro Fiorentini dise\u00f1a y fabrica componentes, sistemas y servicios para la regulaci\u00f3n, medici\u00f3n, gesti\u00f3n de redes de agua, energ\u00edas renovables, petr\u00f3leo y el gas natural, con sistemas adaptados 100% al hidr\u00f3geno.","publisher":{"@id":"https:\/\/www.fiorentini-iberia.com\/pt\/#organization"},"potentialAction":[{"@type":"SearchAction","target":{"@type":"EntryPoint","urlTemplate":"https:\/\/www.fiorentini-iberia.com\/pt\/?s={search_term_string}"},"query-input":{"@type":"PropertyValueSpecification","valueRequired":true,"valueName":"search_term_string"}}],"inLanguage":"pt-PTD"},{"@type":"Organization","@id":"https:\/\/www.fiorentini-iberia.com\/pt\/#organization","name":"Pietro Fiorentini Iberia","url":"https:\/\/www.fiorentini-iberia.com\/pt\/","logo":{"@type":"ImageObject","inLanguage":"pt-PTD","@id":"https:\/\/www.fiorentini-iberia.com\/pt\/#\/schema\/logo\/image\/","url":"https:\/\/fiorentini-iberia.com\/wp-content\/uploads\/2020\/11\/logo.svg","contentUrl":"https:\/\/fiorentini-iberia.com\/wp-content\/uploads\/2020\/11\/logo.svg","width":227,"height":59,"caption":"Pietro Fiorentini Iberia"},"image":{"@id":"https:\/\/www.fiorentini-iberia.com\/pt\/#\/schema\/logo\/image\/"},"sameAs":["https:\/\/x.com\/FiorentiniSpa","https:\/\/www.linkedin.com\/company\/pietro-fiorentini-iberia\/"]}]}},"_links":{"self":[{"href":"https:\/\/fiorentini-iberia.com\/pt\/wp-json\/wp\/v2\/pages\/61878","targetHints":{"allow":["GET"]}}],"collection":[{"href":"https:\/\/fiorentini-iberia.com\/pt\/wp-json\/wp\/v2\/pages"}],"about":[{"href":"https:\/\/fiorentini-iberia.com\/pt\/wp-json\/wp\/v2\/types\/page"}],"author":[{"embeddable":true,"href":"https:\/\/fiorentini-iberia.com\/pt\/wp-json\/wp\/v2\/users\/14"}],"replies":[{"embeddable":true,"href":"https:\/\/fiorentini-iberia.com\/pt\/wp-json\/wp\/v2\/comments?post=61878"}],"version-history":[{"count":2,"href":"https:\/\/fiorentini-iberia.com\/pt\/wp-json\/wp\/v2\/pages\/61878\/revisions"}],"predecessor-version":[{"id":62188,"href":"https:\/\/fiorentini-iberia.com\/pt\/wp-json\/wp\/v2\/pages\/61878\/revisions\/62188"}],"up":[{"embeddable":true,"href":"https:\/\/fiorentini-iberia.com\/pt\/wp-json\/wp\/v2\/pages\/61903"}],"wp:featuredmedia":[{"embeddable":true,"href":"https:\/\/fiorentini-iberia.com\/pt\/wp-json\/wp\/v2\/media\/54471"}],"wp:attachment":[{"href":"https:\/\/fiorentini-iberia.com\/pt\/wp-json\/wp\/v2\/media?parent=61878"}],"curies":[{"name":"wp","href":"https:\/\/api.w.org\/{rel}","templated":true}]}}