{"id":55918,"date":"2024-09-16T15:30:23","date_gmt":"2024-09-16T13:30:23","guid":{"rendered":"https:\/\/www.fiorentini-iberia.com\/especialistas\/e-combustibles\/"},"modified":"2024-09-16T22:19:27","modified_gmt":"2024-09-16T20:19:27","slug":"e-combustiveis","status":"publish","type":"page","link":"https:\/\/fiorentini-iberia.com\/pt\/especialistas\/e-combustiveis\/","title":{"rendered":"E-combust\u00edveis"},"content":{"rendered":"\n<h2 class=\"wp-block-heading\"><strong>Combust\u00edveis renov\u00e1veis para reduzir as emiss\u00f5es de carbono<\/strong><\/h2>\n\n\n\n<p>Os <strong>e-combust\u00edveis<\/strong> s\u00e3o <strong>combust\u00edveis n\u00e3o f\u00f3sseis e renov\u00e1veis<\/strong> produzidos por um processo de s\u00edntese qu\u00edmica artificial a partir de fontes renov\u00e1veis.<\/p>\n\n\n\n<p>O processo converte um g\u00e1s composto por <strong><a href=\"https:\/\/www.fiorentini-iberia.com\/pt\/especialistas\/hidrogenio\/\">hidrog\u00e9nio<\/a><\/strong> eletrol\u00edtico (H<sub>2<\/sub>) e uma mol\u00e9cula que cont\u00e9m carbono, como o di\u00f3xido de carbono (CO<sub>2<\/sub>), a partir de res\u00edduos biog\u00e9nicos.<\/p>\n\n\n\n<p>O processo de metana\u00e7\u00e3o produz <strong>e-metano<\/strong>, um g\u00e1s renov\u00e1vel praticamente id\u00eantico ao g\u00e1s natural que conhecemos. Este processo tem muitas vantagens, como a possibilidade de <strong>armazenar eletricidade<\/strong> sob a forma de metano renov\u00e1vel em infra-estruturas de g\u00e1s, <strong><a href=\"https:\/\/www.fiorentini.com\/en\/category\/solutions\/systems\/solutions-renewable-energies\/ccus\/\">capturar di\u00f3xido de carbono<\/a><\/strong> para utiliza\u00e7\u00e3o posterior e <strong>substituir uma fonte f\u00f3ssil<\/strong>, uma vez que pode ser utilizado diretamente no aquecimento ou em ve\u00edculos como combust\u00edvel de substitui\u00e7\u00e3o imediata.<\/p>\n\n\n\n<p>A solu\u00e7\u00e3o tecnol\u00f3gica da <strong>Pietro Fiorentini <\/strong>baseia-se num processo de <strong><a href=\"https:\/\/www.fiorentini-iberia.com\/pt\/solucoes\/metanacao-biologica\/\">metana\u00e7\u00e3o biol\u00f3gica<\/a><\/strong> para gerar metano renov\u00e1vel.<\/p>\n","protected":false},"excerpt":{"rendered":"<p>O processo de metana\u00e7\u00e3o tem muitas vantagens, tais como a possibilidade de armazenar eletricidade sob a forma de metano renov\u00e1vel nas infra-estruturas de g\u00e1s, capturar di\u00f3xido de carbono para utiliza\u00e7\u00e3o posterior e substituir uma fonte f\u00f3ssil, uma vez que pode ser utilizado diretamente no aquecimento ou nos ve\u00edculos como combust\u00edvel de substitui\u00e7\u00e3o imediata.<br \/>\n<\/br><br \/>\nA solu\u00e7\u00e3o tecnol\u00f3gica da Pietro Fiorentini baseia-se num processo de metana\u00e7\u00e3o biol\u00f3gica para gerar metano renov\u00e1vel. A biologia deste processo foi desenvolvida pela MicroPyros BioEnerTec GmbH\u2122, parte do Grupo Pietro Fiorentini.<\/p>\n","protected":false},"author":15,"featured_media":55818,"parent":48206,"menu_order":4,"comment_status":"closed","ping_status":"closed","template":"template-expertise-child.php","meta":{"_acf_changed":false,"inline_featured_image":false,"footnotes":""},"class_list":["post-55918","page","type-page","status-publish","has-post-thumbnail","hentry"],"acf":[],"yoast_head":"<!-- This site is optimized with the Yoast SEO plugin v27.2 - https:\/\/yoast.com\/product\/yoast-seo-wordpress\/ -->\n<title>E-combust\u00edveis - Pietro Fiorentini<\/title>\n<meta name=\"description\" content=\"Os e-combust\u00edveis s\u00e3o combust\u00edveis n\u00e3o f\u00f3sseis e renov\u00e1veis produzidos por um processo de s\u00edntese qu\u00edmica artificial a partir de fontes renov\u00e1veis.\" \/>\n<meta name=\"robots\" content=\"index, follow, max-snippet:-1, max-image-preview:large, max-video-preview:-1\" \/>\n<link rel=\"canonical\" href=\"https:\/\/fiorentini-iberia.com\/pt\/especialistas\/e-combustiveis\/\" \/>\n<meta property=\"og:locale\" content=\"pt_PT\" \/>\n<meta property=\"og:type\" content=\"article\" \/>\n<meta property=\"og:title\" content=\"E-combust\u00edveis - Pietro Fiorentini\" \/>\n<meta property=\"og:description\" content=\"Os e-combust\u00edveis s\u00e3o combust\u00edveis n\u00e3o f\u00f3sseis e renov\u00e1veis produzidos por um processo de s\u00edntese qu\u00edmica artificial a partir de fontes renov\u00e1veis.\" \/>\n<meta property=\"og:url\" content=\"https:\/\/fiorentini-iberia.com\/pt\/especialistas\/e-combustiveis\/\" \/>\n<meta property=\"og:site_name\" content=\"Pietro Fiorentini\" \/>\n<meta property=\"article:modified_time\" content=\"2024-09-16T20:19:27+00:00\" \/>\n<meta property=\"og:image\" content=\"https:\/\/www.fiorentini-iberia.com\/wp-content\/uploads\/2024\/09\/e-fuels-thumb.jpg\" \/>\n\t<meta property=\"og:image:width\" content=\"930\" \/>\n\t<meta property=\"og:image:height\" content=\"930\" \/>\n\t<meta property=\"og:image:type\" content=\"image\/jpeg\" \/>\n<meta name=\"twitter:card\" content=\"summary_large_image\" \/>\n<meta name=\"twitter:site\" content=\"@FiorentiniSpa\" \/>\n<meta name=\"twitter:label1\" content=\"Est. reading time\" \/>\n\t<meta name=\"twitter:data1\" content=\"1 minute\" \/>\n<script type=\"application\/ld+json\" class=\"yoast-schema-graph\">{\"@context\":\"https:\/\/schema.org\",\"@graph\":[{\"@type\":\"WebPage\",\"@id\":\"https:\/\/fiorentini-iberia.com\/pt\/especialistas\/e-combustiveis\/\",\"url\":\"https:\/\/fiorentini-iberia.com\/pt\/especialistas\/e-combustiveis\/\",\"name\":\"E-combust\u00edveis - Pietro Fiorentini\",\"isPartOf\":{\"@id\":\"https:\/\/www.fiorentini-iberia.com\/pt\/#website\"},\"primaryImageOfPage\":{\"@id\":\"https:\/\/fiorentini-iberia.com\/pt\/especialistas\/e-combustiveis\/#primaryimage\"},\"image\":{\"@id\":\"https:\/\/fiorentini-iberia.com\/pt\/especialistas\/e-combustiveis\/#primaryimage\"},\"thumbnailUrl\":\"https:\/\/fiorentini-iberia.com\/wp-content\/uploads\/2024\/09\/e-fuels-thumb.jpg\",\"datePublished\":\"2024-09-16T13:30:23+00:00\",\"dateModified\":\"2024-09-16T20:19:27+00:00\",\"description\":\"Os e-combust\u00edveis s\u00e3o combust\u00edveis n\u00e3o f\u00f3sseis e renov\u00e1veis produzidos por um processo de s\u00edntese qu\u00edmica artificial a partir de fontes renov\u00e1veis.\",\"breadcrumb\":{\"@id\":\"https:\/\/fiorentini-iberia.com\/pt\/especialistas\/e-combustiveis\/#breadcrumb\"},\"inLanguage\":\"pt-PTD\",\"potentialAction\":[{\"@type\":\"ReadAction\",\"target\":[\"https:\/\/fiorentini-iberia.com\/pt\/especialistas\/e-combustiveis\/\"]}]},{\"@type\":\"ImageObject\",\"inLanguage\":\"pt-PTD\",\"@id\":\"https:\/\/fiorentini-iberia.com\/pt\/especialistas\/e-combustiveis\/#primaryimage\",\"url\":\"https:\/\/fiorentini-iberia.com\/wp-content\/uploads\/2024\/09\/e-fuels-thumb.jpg\",\"contentUrl\":\"https:\/\/fiorentini-iberia.com\/wp-content\/uploads\/2024\/09\/e-fuels-thumb.jpg\",\"width\":930,\"height\":930,\"caption\":\"e-fuels\"},{\"@type\":\"BreadcrumbList\",\"@id\":\"https:\/\/fiorentini-iberia.com\/pt\/especialistas\/e-combustiveis\/#breadcrumb\",\"itemListElement\":[{\"@type\":\"ListItem\",\"position\":1,\"name\":\"Home\",\"item\":\"https:\/\/www.fiorentini-iberia.com\/pt\/\"},{\"@type\":\"ListItem\",\"position\":2,\"name\":\"Especialistas\",\"item\":\"https:\/\/www.fiorentini-iberia.com\/pt\/especialistas\/\"},{\"@type\":\"ListItem\",\"position\":3,\"name\":\"E-combust\u00edveis\"}]},{\"@type\":\"WebSite\",\"@id\":\"https:\/\/www.fiorentini-iberia.com\/pt\/#website\",\"url\":\"https:\/\/www.fiorentini-iberia.com\/pt\/\",\"name\":\"Pietro Fiorentini Iberia\",\"description\":\"Pietro Fiorentini dise\u00f1a y fabrica componentes, sistemas y servicios para la regulaci\u00f3n, medici\u00f3n, gesti\u00f3n de redes de agua, energ\u00edas renovables, petr\u00f3leo y el gas natural, con sistemas adaptados 100% al hidr\u00f3geno.\",\"publisher\":{\"@id\":\"https:\/\/www.fiorentini-iberia.com\/pt\/#organization\"},\"potentialAction\":[{\"@type\":\"SearchAction\",\"target\":{\"@type\":\"EntryPoint\",\"urlTemplate\":\"https:\/\/www.fiorentini-iberia.com\/pt\/?s={search_term_string}\"},\"query-input\":{\"@type\":\"PropertyValueSpecification\",\"valueRequired\":true,\"valueName\":\"search_term_string\"}}],\"inLanguage\":\"pt-PTD\"},{\"@type\":\"Organization\",\"@id\":\"https:\/\/www.fiorentini-iberia.com\/pt\/#organization\",\"name\":\"Pietro Fiorentini Iberia\",\"url\":\"https:\/\/www.fiorentini-iberia.com\/pt\/\",\"logo\":{\"@type\":\"ImageObject\",\"inLanguage\":\"pt-PTD\",\"@id\":\"https:\/\/www.fiorentini-iberia.com\/pt\/#\/schema\/logo\/image\/\",\"url\":\"https:\/\/fiorentini-iberia.com\/wp-content\/uploads\/2020\/11\/logo.svg\",\"contentUrl\":\"https:\/\/fiorentini-iberia.com\/wp-content\/uploads\/2020\/11\/logo.svg\",\"width\":227,\"height\":59,\"caption\":\"Pietro Fiorentini Iberia\"},\"image\":{\"@id\":\"https:\/\/www.fiorentini-iberia.com\/pt\/#\/schema\/logo\/image\/\"},\"sameAs\":[\"https:\/\/x.com\/FiorentiniSpa\",\"https:\/\/www.linkedin.com\/company\/pietro-fiorentini-iberia\/\"]}]}<\/script>\n<!-- \/ Yoast SEO plugin. -->","yoast_head_json":{"title":"E-combust\u00edveis - Pietro Fiorentini","description":"Os e-combust\u00edveis s\u00e3o combust\u00edveis n\u00e3o f\u00f3sseis e renov\u00e1veis produzidos por um processo de s\u00edntese qu\u00edmica artificial a partir de fontes renov\u00e1veis.","robots":{"index":"index","follow":"follow","max-snippet":"max-snippet:-1","max-image-preview":"max-image-preview:large","max-video-preview":"max-video-preview:-1"},"canonical":"https:\/\/fiorentini-iberia.com\/pt\/especialistas\/e-combustiveis\/","og_locale":"pt_PT","og_type":"article","og_title":"E-combust\u00edveis - Pietro Fiorentini","og_description":"Os e-combust\u00edveis s\u00e3o combust\u00edveis n\u00e3o f\u00f3sseis e renov\u00e1veis produzidos por um processo de s\u00edntese qu\u00edmica artificial a partir de fontes renov\u00e1veis.","og_url":"https:\/\/fiorentini-iberia.com\/pt\/especialistas\/e-combustiveis\/","og_site_name":"Pietro Fiorentini","article_modified_time":"2024-09-16T20:19:27+00:00","og_image":[{"width":930,"height":930,"url":"https:\/\/www.fiorentini-iberia.com\/wp-content\/uploads\/2024\/09\/e-fuels-thumb.jpg","type":"image\/jpeg"}],"twitter_card":"summary_large_image","twitter_site":"@FiorentiniSpa","twitter_misc":{"Est. reading time":"1 minute"},"schema":{"@context":"https:\/\/schema.org","@graph":[{"@type":"WebPage","@id":"https:\/\/fiorentini-iberia.com\/pt\/especialistas\/e-combustiveis\/","url":"https:\/\/fiorentini-iberia.com\/pt\/especialistas\/e-combustiveis\/","name":"E-combust\u00edveis - Pietro Fiorentini","isPartOf":{"@id":"https:\/\/www.fiorentini-iberia.com\/pt\/#website"},"primaryImageOfPage":{"@id":"https:\/\/fiorentini-iberia.com\/pt\/especialistas\/e-combustiveis\/#primaryimage"},"image":{"@id":"https:\/\/fiorentini-iberia.com\/pt\/especialistas\/e-combustiveis\/#primaryimage"},"thumbnailUrl":"https:\/\/fiorentini-iberia.com\/wp-content\/uploads\/2024\/09\/e-fuels-thumb.jpg","datePublished":"2024-09-16T13:30:23+00:00","dateModified":"2024-09-16T20:19:27+00:00","description":"Os e-combust\u00edveis s\u00e3o combust\u00edveis n\u00e3o f\u00f3sseis e renov\u00e1veis produzidos por um processo de s\u00edntese qu\u00edmica artificial a partir de fontes renov\u00e1veis.","breadcrumb":{"@id":"https:\/\/fiorentini-iberia.com\/pt\/especialistas\/e-combustiveis\/#breadcrumb"},"inLanguage":"pt-PTD","potentialAction":[{"@type":"ReadAction","target":["https:\/\/fiorentini-iberia.com\/pt\/especialistas\/e-combustiveis\/"]}]},{"@type":"ImageObject","inLanguage":"pt-PTD","@id":"https:\/\/fiorentini-iberia.com\/pt\/especialistas\/e-combustiveis\/#primaryimage","url":"https:\/\/fiorentini-iberia.com\/wp-content\/uploads\/2024\/09\/e-fuels-thumb.jpg","contentUrl":"https:\/\/fiorentini-iberia.com\/wp-content\/uploads\/2024\/09\/e-fuels-thumb.jpg","width":930,"height":930,"caption":"e-fuels"},{"@type":"BreadcrumbList","@id":"https:\/\/fiorentini-iberia.com\/pt\/especialistas\/e-combustiveis\/#breadcrumb","itemListElement":[{"@type":"ListItem","position":1,"name":"Home","item":"https:\/\/www.fiorentini-iberia.com\/pt\/"},{"@type":"ListItem","position":2,"name":"Especialistas","item":"https:\/\/www.fiorentini-iberia.com\/pt\/especialistas\/"},{"@type":"ListItem","position":3,"name":"E-combust\u00edveis"}]},{"@type":"WebSite","@id":"https:\/\/www.fiorentini-iberia.com\/pt\/#website","url":"https:\/\/www.fiorentini-iberia.com\/pt\/","name":"Pietro Fiorentini Iberia","description":"Pietro Fiorentini dise\u00f1a y fabrica componentes, sistemas y servicios para la regulaci\u00f3n, medici\u00f3n, gesti\u00f3n de redes de agua, energ\u00edas renovables, petr\u00f3leo y el gas natural, con sistemas adaptados 100% al hidr\u00f3geno.","publisher":{"@id":"https:\/\/www.fiorentini-iberia.com\/pt\/#organization"},"potentialAction":[{"@type":"SearchAction","target":{"@type":"EntryPoint","urlTemplate":"https:\/\/www.fiorentini-iberia.com\/pt\/?s={search_term_string}"},"query-input":{"@type":"PropertyValueSpecification","valueRequired":true,"valueName":"search_term_string"}}],"inLanguage":"pt-PTD"},{"@type":"Organization","@id":"https:\/\/www.fiorentini-iberia.com\/pt\/#organization","name":"Pietro Fiorentini Iberia","url":"https:\/\/www.fiorentini-iberia.com\/pt\/","logo":{"@type":"ImageObject","inLanguage":"pt-PTD","@id":"https:\/\/www.fiorentini-iberia.com\/pt\/#\/schema\/logo\/image\/","url":"https:\/\/fiorentini-iberia.com\/wp-content\/uploads\/2020\/11\/logo.svg","contentUrl":"https:\/\/fiorentini-iberia.com\/wp-content\/uploads\/2020\/11\/logo.svg","width":227,"height":59,"caption":"Pietro Fiorentini Iberia"},"image":{"@id":"https:\/\/www.fiorentini-iberia.com\/pt\/#\/schema\/logo\/image\/"},"sameAs":["https:\/\/x.com\/FiorentiniSpa","https:\/\/www.linkedin.com\/company\/pietro-fiorentini-iberia\/"]}]}},"_links":{"self":[{"href":"https:\/\/fiorentini-iberia.com\/pt\/wp-json\/wp\/v2\/pages\/55918","targetHints":{"allow":["GET"]}}],"collection":[{"href":"https:\/\/fiorentini-iberia.com\/pt\/wp-json\/wp\/v2\/pages"}],"about":[{"href":"https:\/\/fiorentini-iberia.com\/pt\/wp-json\/wp\/v2\/types\/page"}],"author":[{"embeddable":true,"href":"https:\/\/fiorentini-iberia.com\/pt\/wp-json\/wp\/v2\/users\/15"}],"replies":[{"embeddable":true,"href":"https:\/\/fiorentini-iberia.com\/pt\/wp-json\/wp\/v2\/comments?post=55918"}],"version-history":[{"count":2,"href":"https:\/\/fiorentini-iberia.com\/pt\/wp-json\/wp\/v2\/pages\/55918\/revisions"}],"predecessor-version":[{"id":55925,"href":"https:\/\/fiorentini-iberia.com\/pt\/wp-json\/wp\/v2\/pages\/55918\/revisions\/55925"}],"up":[{"embeddable":true,"href":"https:\/\/fiorentini-iberia.com\/pt\/wp-json\/wp\/v2\/pages\/48206"}],"wp:featuredmedia":[{"embeddable":true,"href":"https:\/\/fiorentini-iberia.com\/pt\/wp-json\/wp\/v2\/media\/55818"}],"wp:attachment":[{"href":"https:\/\/fiorentini-iberia.com\/pt\/wp-json\/wp\/v2\/media?parent=55918"}],"curies":[{"name":"wp","href":"https:\/\/api.w.org\/{rel}","templated":true}]}}