{"id":49145,"date":"2024-02-21T15:58:03","date_gmt":"2024-02-21T14:58:03","guid":{"rendered":"https:\/\/www.fiorentini-iberia.com\/especialistas\/redes-de-gas-inteligentes\/descarbonizacion-descentralizacion-y-digitalizacion\/"},"modified":"2024-02-21T16:10:23","modified_gmt":"2024-02-21T15:10:23","slug":"descarbonizacao-descentralizacao-e-digitalizacao","status":"publish","type":"page","link":"https:\/\/fiorentini-iberia.com\/pt\/especialistas\/redes-de-gas-inteligentes\/descarbonizacao-descentralizacao-e-digitalizacao\/","title":{"rendered":"Descarboniza\u00e7\u00e3o, descentraliza\u00e7\u00e3o e digitaliza\u00e7\u00e3o"},"content":{"rendered":"\n<p>Ao aderir ao <strong><a href=\"https:\/\/ec.europa.eu\/info\/strategy\/priorities-2019-2024\/european-green-deal_en\" target=\"_blank\" rel=\"noreferrer noopener\">Pacto Ecol\u00f3gico<\/a><\/strong>, a Uni\u00e3o Europeia comprometeu-se a reduzir a zero as emiss\u00f5es l\u00edquidas de gases com efeito de estufa at\u00e9 2050, com objectivos interm\u00e9dios para 2030 e 2040. O plano de a\u00e7\u00e3o inclui a <strong>promo\u00e7\u00e3o da efici\u00eancia dos recursos, avan\u00e7ando para uma economia limpa e circular<\/strong>, bem como a <strong>recupera\u00e7\u00e3o da biodiversidade e a redu\u00e7\u00e3o da polui\u00e7\u00e3o<\/strong>.<\/p>\n\n\n\n<p>As redes inteligentes podem dar um contributo importante para a realiza\u00e7\u00e3o destes objectivos europeus. Em termos de distribui\u00e7\u00e3o de eletricidade, a implementa\u00e7\u00e3o de redes inteligentes significa:<\/p>\n\n\n\n<ul class=\"wp-block-list\">\n<li>explorar as tecnologias da informa\u00e7\u00e3o para permitir o <strong>interc\u00e2mbio de dados e informa\u00e7\u00f5es<\/strong> entre n\u00f3s, a fim de <strong>otimizar os fluxos<\/strong>;<\/li>\n\n\n\n<li>Transformar o papel dos consumidores finais de <strong>utilizadores passivos em produtores de energia <\/strong>(por exemplo, atrav\u00e9s de pain\u00e9is solares nos seus telhados) e <strong>informadores<\/strong> para ajudar a rede a planear uma utiliza\u00e7\u00e3o eficiente e evitar picos de energia e sobreprodu\u00e7\u00e3o;<\/li>\n\n\n\n<li><strong>maximizar a seguran\u00e7a e eliminar fugas e desperd\u00edcios<\/strong>, reduzindo assim o consumo;<\/li>\n\n\n\n<li>integrar os <em>recursos energ\u00e9ticos distribu\u00eddos (DER)<\/em> na rede, alterando o <strong>modelo de distribui\u00e7\u00e3o de olig\u00e1rquico para distribu\u00eddo<\/strong>. Quanto mais se generalizarem as pequenas centrais de energias renov\u00e1veis, mais pr\u00f3ximos estar\u00e3o os locais de produ\u00e7\u00e3o e de consumo de energia (chegando mesmo a coincidir nalguns casos), o que levar\u00e1 \u00e0 elimina\u00e7\u00e3o das fugas nas longas espinhas dorsais de transporte.<br>\u00a0<\/li>\n<\/ul>\n\n\n\n<figure class=\"wp-block-image size-full is-resized\"><img loading=\"lazy\" decoding=\"async\" width=\"951\" height=\"765\" src=\"https:\/\/www.fiorentini-iberia.com\/wp-content\/uploads\/2024\/02\/Expertise_SmartGasGrids_1EN.jpg\" alt=\"Redes inteligentes para a distribui\u00e7\u00e3o de eletricidade e g\u00e1s\" class=\"wp-image-49137\" style=\"width:840px;height:auto\" srcset=\"https:\/\/fiorentini-iberia.com\/wp-content\/uploads\/2024\/02\/Expertise_SmartGasGrids_1EN.jpg 951w, https:\/\/fiorentini-iberia.com\/wp-content\/uploads\/2024\/02\/Expertise_SmartGasGrids_1EN-300x241.jpg 300w, https:\/\/fiorentini-iberia.com\/wp-content\/uploads\/2024\/02\/Expertise_SmartGasGrids_1EN-768x618.jpg 768w\" sizes=\"auto, (max-width: 951px) 100vw, 951px\" \/><\/figure>\n\n\n\n<p class=\"has-text-align-center has-cyan-bluish-gray-color has-text-color has-link-color wp-elements-e38740710966eca8d01a89b80e9569fe\"><em>Redes inteligentes para a distribui\u00e7\u00e3o de eletricidade e g\u00e1s<\/em><\/p>\n","protected":false},"excerpt":{"rendered":"<p>As redes inteligentes podem dar um contributo importante para a realiza\u00e7\u00e3o dos objectivos do Pacto Ecol\u00f3gico Europeu. A implementa\u00e7\u00e3o de redes inteligentes permite otimizar os fluxos, transformando o consumidor final num produtor de energia, e maximizar a seguran\u00e7a e eliminar as fugas e os desperd\u00edcios.<\/p>\n","protected":false},"author":15,"featured_media":0,"parent":48325,"menu_order":0,"comment_status":"closed","ping_status":"closed","template":"template-expertise-post.php","meta":{"_acf_changed":false,"inline_featured_image":false,"footnotes":""},"class_list":["post-49145","page","type-page","status-publish","hentry"],"acf":[],"yoast_head":"<!-- This site is optimized with the Yoast SEO plugin v27.2 - https:\/\/yoast.com\/product\/yoast-seo-wordpress\/ -->\n<title>Descarboniza\u00e7\u00e3o, descentraliza\u00e7\u00e3o e digitaliza\u00e7\u00e3o - Pietro Fiorentini<\/title>\n<meta name=\"description\" content=\"O plano de a\u00e7\u00e3o inclui tanto a promo\u00e7\u00e3o da efici\u00eancia dos recursos como a recupera\u00e7\u00e3o da biodiversidade e a redu\u00e7\u00e3o da polui\u00e7\u00e3o.\" \/>\n<meta name=\"robots\" content=\"index, follow, max-snippet:-1, max-image-preview:large, max-video-preview:-1\" \/>\n<link rel=\"canonical\" href=\"https:\/\/fiorentini-iberia.com\/pt\/especialistas\/redes-de-gas-inteligentes\/descarbonizacao-descentralizacao-e-digitalizacao\/\" \/>\n<meta property=\"og:locale\" content=\"pt_PT\" \/>\n<meta property=\"og:type\" content=\"article\" \/>\n<meta property=\"og:title\" content=\"Descarboniza\u00e7\u00e3o, descentraliza\u00e7\u00e3o e digitaliza\u00e7\u00e3o - Pietro Fiorentini\" \/>\n<meta property=\"og:description\" content=\"O plano de a\u00e7\u00e3o inclui tanto a promo\u00e7\u00e3o da efici\u00eancia dos recursos como a recupera\u00e7\u00e3o da biodiversidade e a redu\u00e7\u00e3o da polui\u00e7\u00e3o.\" \/>\n<meta property=\"og:url\" content=\"https:\/\/fiorentini-iberia.com\/pt\/especialistas\/redes-de-gas-inteligentes\/descarbonizacao-descentralizacao-e-digitalizacao\/\" \/>\n<meta property=\"og:site_name\" content=\"Pietro Fiorentini\" \/>\n<meta property=\"article:modified_time\" content=\"2024-02-21T15:10:23+00:00\" \/>\n<meta property=\"og:image\" content=\"https:\/\/www.fiorentini-iberia.com\/wp-content\/uploads\/2024\/02\/Expertise_SmartGasGrids_1EN.jpg\" \/>\n<meta name=\"twitter:card\" content=\"summary_large_image\" \/>\n<meta name=\"twitter:site\" content=\"@FiorentiniSpa\" \/>\n<meta name=\"twitter:label1\" content=\"Est. reading time\" \/>\n\t<meta name=\"twitter:data1\" content=\"2 minutes\" \/>\n<script type=\"application\/ld+json\" class=\"yoast-schema-graph\">{\"@context\":\"https:\/\/schema.org\",\"@graph\":[{\"@type\":\"WebPage\",\"@id\":\"https:\/\/fiorentini-iberia.com\/pt\/especialistas\/redes-de-gas-inteligentes\/descarbonizacao-descentralizacao-e-digitalizacao\/\",\"url\":\"https:\/\/fiorentini-iberia.com\/pt\/especialistas\/redes-de-gas-inteligentes\/descarbonizacao-descentralizacao-e-digitalizacao\/\",\"name\":\"Descarboniza\u00e7\u00e3o, descentraliza\u00e7\u00e3o e digitaliza\u00e7\u00e3o - Pietro Fiorentini\",\"isPartOf\":{\"@id\":\"https:\/\/www.fiorentini-iberia.com\/pt\/#website\"},\"primaryImageOfPage\":{\"@id\":\"https:\/\/fiorentini-iberia.com\/pt\/especialistas\/redes-de-gas-inteligentes\/descarbonizacao-descentralizacao-e-digitalizacao\/#primaryimage\"},\"image\":{\"@id\":\"https:\/\/fiorentini-iberia.com\/pt\/especialistas\/redes-de-gas-inteligentes\/descarbonizacao-descentralizacao-e-digitalizacao\/#primaryimage\"},\"thumbnailUrl\":\"https:\/\/www.fiorentini-iberia.com\/wp-content\/uploads\/2024\/02\/Expertise_SmartGasGrids_1EN.jpg\",\"datePublished\":\"2024-02-21T14:58:03+00:00\",\"dateModified\":\"2024-02-21T15:10:23+00:00\",\"description\":\"O plano de a\u00e7\u00e3o inclui tanto a promo\u00e7\u00e3o da efici\u00eancia dos recursos como a recupera\u00e7\u00e3o da biodiversidade e a redu\u00e7\u00e3o da polui\u00e7\u00e3o.\",\"breadcrumb\":{\"@id\":\"https:\/\/fiorentini-iberia.com\/pt\/especialistas\/redes-de-gas-inteligentes\/descarbonizacao-descentralizacao-e-digitalizacao\/#breadcrumb\"},\"inLanguage\":\"pt-PTD\",\"potentialAction\":[{\"@type\":\"ReadAction\",\"target\":[\"https:\/\/fiorentini-iberia.com\/pt\/especialistas\/redes-de-gas-inteligentes\/descarbonizacao-descentralizacao-e-digitalizacao\/\"]}]},{\"@type\":\"ImageObject\",\"inLanguage\":\"pt-PTD\",\"@id\":\"https:\/\/fiorentini-iberia.com\/pt\/especialistas\/redes-de-gas-inteligentes\/descarbonizacao-descentralizacao-e-digitalizacao\/#primaryimage\",\"url\":\"https:\/\/www.fiorentini-iberia.com\/wp-content\/uploads\/2024\/02\/Expertise_SmartGasGrids_1EN.jpg\",\"contentUrl\":\"https:\/\/www.fiorentini-iberia.com\/wp-content\/uploads\/2024\/02\/Expertise_SmartGasGrids_1EN.jpg\"},{\"@type\":\"BreadcrumbList\",\"@id\":\"https:\/\/fiorentini-iberia.com\/pt\/especialistas\/redes-de-gas-inteligentes\/descarbonizacao-descentralizacao-e-digitalizacao\/#breadcrumb\",\"itemListElement\":[{\"@type\":\"ListItem\",\"position\":1,\"name\":\"Home\",\"item\":\"https:\/\/www.fiorentini-iberia.com\/pt\/\"},{\"@type\":\"ListItem\",\"position\":2,\"name\":\"Especialistas\",\"item\":\"https:\/\/www.fiorentini-iberia.com\/pt\/especialistas\/\"},{\"@type\":\"ListItem\",\"position\":3,\"name\":\"Redes de g\u00e1s inteligentes\",\"item\":\"https:\/\/www.fiorentini-iberia.com\/pt\/especialistas\/redes-de-gas-inteligentes\/\"},{\"@type\":\"ListItem\",\"position\":4,\"name\":\"Descarboniza\u00e7\u00e3o, descentraliza\u00e7\u00e3o e digitaliza\u00e7\u00e3o\"}]},{\"@type\":\"WebSite\",\"@id\":\"https:\/\/www.fiorentini-iberia.com\/pt\/#website\",\"url\":\"https:\/\/www.fiorentini-iberia.com\/pt\/\",\"name\":\"Pietro Fiorentini Iberia\",\"description\":\"Pietro Fiorentini dise\u00f1a y fabrica componentes, sistemas y servicios para la regulaci\u00f3n, medici\u00f3n, gesti\u00f3n de redes de agua, energ\u00edas renovables, petr\u00f3leo y el gas natural, con sistemas adaptados 100% al hidr\u00f3geno.\",\"publisher\":{\"@id\":\"https:\/\/www.fiorentini-iberia.com\/pt\/#organization\"},\"potentialAction\":[{\"@type\":\"SearchAction\",\"target\":{\"@type\":\"EntryPoint\",\"urlTemplate\":\"https:\/\/www.fiorentini-iberia.com\/pt\/?s={search_term_string}\"},\"query-input\":{\"@type\":\"PropertyValueSpecification\",\"valueRequired\":true,\"valueName\":\"search_term_string\"}}],\"inLanguage\":\"pt-PTD\"},{\"@type\":\"Organization\",\"@id\":\"https:\/\/www.fiorentini-iberia.com\/pt\/#organization\",\"name\":\"Pietro Fiorentini Iberia\",\"url\":\"https:\/\/www.fiorentini-iberia.com\/pt\/\",\"logo\":{\"@type\":\"ImageObject\",\"inLanguage\":\"pt-PTD\",\"@id\":\"https:\/\/www.fiorentini-iberia.com\/pt\/#\/schema\/logo\/image\/\",\"url\":\"https:\/\/fiorentini-iberia.com\/wp-content\/uploads\/2020\/11\/logo.svg\",\"contentUrl\":\"https:\/\/fiorentini-iberia.com\/wp-content\/uploads\/2020\/11\/logo.svg\",\"width\":227,\"height\":59,\"caption\":\"Pietro Fiorentini Iberia\"},\"image\":{\"@id\":\"https:\/\/www.fiorentini-iberia.com\/pt\/#\/schema\/logo\/image\/\"},\"sameAs\":[\"https:\/\/x.com\/FiorentiniSpa\",\"https:\/\/www.linkedin.com\/company\/pietro-fiorentini-iberia\/\"]}]}<\/script>\n<!-- \/ Yoast SEO plugin. -->","yoast_head_json":{"title":"Descarboniza\u00e7\u00e3o, descentraliza\u00e7\u00e3o e digitaliza\u00e7\u00e3o - Pietro Fiorentini","description":"O plano de a\u00e7\u00e3o inclui tanto a promo\u00e7\u00e3o da efici\u00eancia dos recursos como a recupera\u00e7\u00e3o da biodiversidade e a redu\u00e7\u00e3o da polui\u00e7\u00e3o.","robots":{"index":"index","follow":"follow","max-snippet":"max-snippet:-1","max-image-preview":"max-image-preview:large","max-video-preview":"max-video-preview:-1"},"canonical":"https:\/\/fiorentini-iberia.com\/pt\/especialistas\/redes-de-gas-inteligentes\/descarbonizacao-descentralizacao-e-digitalizacao\/","og_locale":"pt_PT","og_type":"article","og_title":"Descarboniza\u00e7\u00e3o, descentraliza\u00e7\u00e3o e digitaliza\u00e7\u00e3o - Pietro Fiorentini","og_description":"O plano de a\u00e7\u00e3o inclui tanto a promo\u00e7\u00e3o da efici\u00eancia dos recursos como a recupera\u00e7\u00e3o da biodiversidade e a redu\u00e7\u00e3o da polui\u00e7\u00e3o.","og_url":"https:\/\/fiorentini-iberia.com\/pt\/especialistas\/redes-de-gas-inteligentes\/descarbonizacao-descentralizacao-e-digitalizacao\/","og_site_name":"Pietro Fiorentini","article_modified_time":"2024-02-21T15:10:23+00:00","og_image":[{"url":"https:\/\/www.fiorentini-iberia.com\/wp-content\/uploads\/2024\/02\/Expertise_SmartGasGrids_1EN.jpg","type":"","width":"","height":""}],"twitter_card":"summary_large_image","twitter_site":"@FiorentiniSpa","twitter_misc":{"Est. reading time":"2 minutes"},"schema":{"@context":"https:\/\/schema.org","@graph":[{"@type":"WebPage","@id":"https:\/\/fiorentini-iberia.com\/pt\/especialistas\/redes-de-gas-inteligentes\/descarbonizacao-descentralizacao-e-digitalizacao\/","url":"https:\/\/fiorentini-iberia.com\/pt\/especialistas\/redes-de-gas-inteligentes\/descarbonizacao-descentralizacao-e-digitalizacao\/","name":"Descarboniza\u00e7\u00e3o, descentraliza\u00e7\u00e3o e digitaliza\u00e7\u00e3o - Pietro Fiorentini","isPartOf":{"@id":"https:\/\/www.fiorentini-iberia.com\/pt\/#website"},"primaryImageOfPage":{"@id":"https:\/\/fiorentini-iberia.com\/pt\/especialistas\/redes-de-gas-inteligentes\/descarbonizacao-descentralizacao-e-digitalizacao\/#primaryimage"},"image":{"@id":"https:\/\/fiorentini-iberia.com\/pt\/especialistas\/redes-de-gas-inteligentes\/descarbonizacao-descentralizacao-e-digitalizacao\/#primaryimage"},"thumbnailUrl":"https:\/\/www.fiorentini-iberia.com\/wp-content\/uploads\/2024\/02\/Expertise_SmartGasGrids_1EN.jpg","datePublished":"2024-02-21T14:58:03+00:00","dateModified":"2024-02-21T15:10:23+00:00","description":"O plano de a\u00e7\u00e3o inclui tanto a promo\u00e7\u00e3o da efici\u00eancia dos recursos como a recupera\u00e7\u00e3o da biodiversidade e a redu\u00e7\u00e3o da polui\u00e7\u00e3o.","breadcrumb":{"@id":"https:\/\/fiorentini-iberia.com\/pt\/especialistas\/redes-de-gas-inteligentes\/descarbonizacao-descentralizacao-e-digitalizacao\/#breadcrumb"},"inLanguage":"pt-PTD","potentialAction":[{"@type":"ReadAction","target":["https:\/\/fiorentini-iberia.com\/pt\/especialistas\/redes-de-gas-inteligentes\/descarbonizacao-descentralizacao-e-digitalizacao\/"]}]},{"@type":"ImageObject","inLanguage":"pt-PTD","@id":"https:\/\/fiorentini-iberia.com\/pt\/especialistas\/redes-de-gas-inteligentes\/descarbonizacao-descentralizacao-e-digitalizacao\/#primaryimage","url":"https:\/\/www.fiorentini-iberia.com\/wp-content\/uploads\/2024\/02\/Expertise_SmartGasGrids_1EN.jpg","contentUrl":"https:\/\/www.fiorentini-iberia.com\/wp-content\/uploads\/2024\/02\/Expertise_SmartGasGrids_1EN.jpg"},{"@type":"BreadcrumbList","@id":"https:\/\/fiorentini-iberia.com\/pt\/especialistas\/redes-de-gas-inteligentes\/descarbonizacao-descentralizacao-e-digitalizacao\/#breadcrumb","itemListElement":[{"@type":"ListItem","position":1,"name":"Home","item":"https:\/\/www.fiorentini-iberia.com\/pt\/"},{"@type":"ListItem","position":2,"name":"Especialistas","item":"https:\/\/www.fiorentini-iberia.com\/pt\/especialistas\/"},{"@type":"ListItem","position":3,"name":"Redes de g\u00e1s inteligentes","item":"https:\/\/www.fiorentini-iberia.com\/pt\/especialistas\/redes-de-gas-inteligentes\/"},{"@type":"ListItem","position":4,"name":"Descarboniza\u00e7\u00e3o, descentraliza\u00e7\u00e3o e digitaliza\u00e7\u00e3o"}]},{"@type":"WebSite","@id":"https:\/\/www.fiorentini-iberia.com\/pt\/#website","url":"https:\/\/www.fiorentini-iberia.com\/pt\/","name":"Pietro Fiorentini Iberia","description":"Pietro Fiorentini dise\u00f1a y fabrica componentes, sistemas y servicios para la regulaci\u00f3n, medici\u00f3n, gesti\u00f3n de redes de agua, energ\u00edas renovables, petr\u00f3leo y el gas natural, con sistemas adaptados 100% al hidr\u00f3geno.","publisher":{"@id":"https:\/\/www.fiorentini-iberia.com\/pt\/#organization"},"potentialAction":[{"@type":"SearchAction","target":{"@type":"EntryPoint","urlTemplate":"https:\/\/www.fiorentini-iberia.com\/pt\/?s={search_term_string}"},"query-input":{"@type":"PropertyValueSpecification","valueRequired":true,"valueName":"search_term_string"}}],"inLanguage":"pt-PTD"},{"@type":"Organization","@id":"https:\/\/www.fiorentini-iberia.com\/pt\/#organization","name":"Pietro Fiorentini Iberia","url":"https:\/\/www.fiorentini-iberia.com\/pt\/","logo":{"@type":"ImageObject","inLanguage":"pt-PTD","@id":"https:\/\/www.fiorentini-iberia.com\/pt\/#\/schema\/logo\/image\/","url":"https:\/\/fiorentini-iberia.com\/wp-content\/uploads\/2020\/11\/logo.svg","contentUrl":"https:\/\/fiorentini-iberia.com\/wp-content\/uploads\/2020\/11\/logo.svg","width":227,"height":59,"caption":"Pietro Fiorentini Iberia"},"image":{"@id":"https:\/\/www.fiorentini-iberia.com\/pt\/#\/schema\/logo\/image\/"},"sameAs":["https:\/\/x.com\/FiorentiniSpa","https:\/\/www.linkedin.com\/company\/pietro-fiorentini-iberia\/"]}]}},"_links":{"self":[{"href":"https:\/\/fiorentini-iberia.com\/pt\/wp-json\/wp\/v2\/pages\/49145","targetHints":{"allow":["GET"]}}],"collection":[{"href":"https:\/\/fiorentini-iberia.com\/pt\/wp-json\/wp\/v2\/pages"}],"about":[{"href":"https:\/\/fiorentini-iberia.com\/pt\/wp-json\/wp\/v2\/types\/page"}],"author":[{"embeddable":true,"href":"https:\/\/fiorentini-iberia.com\/pt\/wp-json\/wp\/v2\/users\/15"}],"replies":[{"embeddable":true,"href":"https:\/\/fiorentini-iberia.com\/pt\/wp-json\/wp\/v2\/comments?post=49145"}],"version-history":[{"count":1,"href":"https:\/\/fiorentini-iberia.com\/pt\/wp-json\/wp\/v2\/pages\/49145\/revisions"}],"predecessor-version":[{"id":49147,"href":"https:\/\/fiorentini-iberia.com\/pt\/wp-json\/wp\/v2\/pages\/49145\/revisions\/49147"}],"up":[{"embeddable":true,"href":"https:\/\/fiorentini-iberia.com\/pt\/wp-json\/wp\/v2\/pages\/48325"}],"wp:attachment":[{"href":"https:\/\/fiorentini-iberia.com\/pt\/wp-json\/wp\/v2\/media?parent=49145"}],"curies":[{"name":"wp","href":"https:\/\/api.w.org\/{rel}","templated":true}]}}