{"id":49115,"date":"2024-02-21T13:38:56","date_gmt":"2024-02-21T12:38:56","guid":{"rendered":"https:\/\/www.fiorentini-iberia.com\/especialistas\/agua\/contadores-de-agua-ultrasonicos-inteligentes\/"},"modified":"2026-02-17T12:58:43","modified_gmt":"2026-02-17T11:58:43","slug":"contadores-de-agua-ultra-sonicos-inteligentes","status":"publish","type":"page","link":"https:\/\/fiorentini-iberia.com\/pt\/especialistas\/agua\/contadores-de-agua-ultra-sonicos-inteligentes\/","title":{"rendered":"SSM-Aquo, digitaliza\u00e7\u00e3o do caudal com contadores de \u00e1gua ultra-s\u00f3nicos"},"content":{"rendered":"\n<p>Enquanto os <strong>contadores de \u00e1gua mec\u00e2nicos<\/strong> medem o volume de \u00e1gua utilizado pelos utilizadores finais de forma anal\u00f3gica e fornecem informa\u00e7\u00f5es muito limitadas sobre o consumo, sujeitas a um desgaste cont\u00ednuo das pe\u00e7as m\u00f3veis, os <strong>contadores de \u00e1gua ultra-s\u00f3nicos<\/strong> fazem uma medi\u00e7\u00e3o ultra-s\u00f3nica est\u00e1tica sem desgaste, fornecendo informa\u00e7\u00f5es \u00fateis sobre o caudal em tempo real de forma precisa atrav\u00e9s de um m\u00f3dulo de leitura remota integrado.<\/p>\n\n\n\n<h3 class=\"wp-block-heading\" id=\"ultrasonic-smart-water-meters-advantages\">&nbsp;<br>Vantagens dos contadores de \u00e1gua ultra-s\u00f3nicos <strong>SSM AQUO<\/strong><br>&nbsp;<\/h3>\n\n\n\n<p>O <strong>SSM-Aquo<\/strong>, com um design compacto e um conetor de lat\u00e3o, fornece telemetria integrada fi\u00e1vel e precisa com <strong>uma vasta gama de medi\u00e7\u00f5es<\/strong> atrav\u00e9s de uma variedade de protocolos de comunica\u00e7\u00e3o que ajudam a reduzir as perdas de \u00e1gua n\u00e3o contabilizadas, quer atrav\u00e9s da dete\u00e7\u00e3o precoce de fugas ou de potenciais fraudes.<\/p>\n\n\n\n<p>A telemetria integrada do SSM-Aquo oferece <strong>a mesma elevada precis\u00e3o durante toda a sua vida \u00fatil, at\u00e9 13 anos garantidos<\/strong> em condi\u00e7\u00f5es normais de utiliza\u00e7\u00e3o, com uma margem de erro m\u00ednima.<\/p>\n\n\n\n<p>Os <strong>contadores de \u00e1gua inteligentes ultra-s\u00f3nicos SSM-Aquo<\/strong>, com conetor de lat\u00e3o, variam o di\u00e2metro nominal <strong>de DN15 a DN40<\/strong>.\u00a0<br>\u00a0<\/p>\n\n\n\n<figure class=\"wp-block-image size-full\"><img loading=\"lazy\" decoding=\"async\" width=\"970\" height=\"223\" src=\"https:\/\/www.fiorentini-iberia.com\/wp-content\/uploads\/2025\/01\/banner-Aigua-NB-IOT-PT-1.jpg\" alt=\"\" class=\"wp-image-63192\" srcset=\"https:\/\/fiorentini-iberia.com\/wp-content\/uploads\/2025\/01\/banner-Aigua-NB-IOT-PT-1.jpg 970w, https:\/\/fiorentini-iberia.com\/wp-content\/uploads\/2025\/01\/banner-Aigua-NB-IOT-PT-1-300x69.jpg 300w, https:\/\/fiorentini-iberia.com\/wp-content\/uploads\/2025\/01\/banner-Aigua-NB-IOT-PT-1-768x177.jpg 768w\" sizes=\"auto, (max-width: 970px) 100vw, 970px\" \/><\/figure>\n\n\n\n<p>\u00a0\u00a0<br>\u00a0<br><strong>Os contadores de \u00e1gua ultra-s\u00f3nicos SSM-Aquo<\/strong>, concebidos para o sector residencial, oferecem uma <strong>s\u00e9rie de vantagens em rela\u00e7\u00e3o \u00e0 medi\u00e7\u00e3o mec\u00e2nica tradicional<\/strong>:<\/p>\n\n\n\n<ul class=\"wp-block-list\">\n<li>contador ultrass\u00f3nico em U<\/li>\n\n\n\n<li>maior precis\u00e3o gra\u00e7as \u00e0 tecnologia de medi\u00e7\u00e3o est\u00e1tica, que n\u00e3o tem pe\u00e7as m\u00f3veis sujeitas a desgaste<\/li>\n\n\n\n<li>Redu\u00e7\u00e3o do risco de erros de leitura<\/li>\n\n\n\n<li>processos automatizados<\/li>\n\n\n\n<li>capacidade de leitura remota com diferentes protocolos de comunica\u00e7\u00e3o: <strong>modelos com transmiss\u00e3o wM-Bus, 2\/4\/5G, LoraWan ou NB-IoT<\/strong><\/li>\n\n\n\n<li>dete\u00e7\u00e3o eficaz de caudais muito baixos, sem consumo, rajadas e fluxos inversos<\/li>\n\n\n\n<li>design compacto gra\u00e7as ao m\u00f3dulo de comunica\u00e7\u00e3o integrado<\/li>\n\n\n\n<li>avisos e alarmes para ajudar a detetar poss\u00edveis fugas<\/li>\n\n\n\n<li>Material: lat\u00e3o<\/li>\n\n\n\n<li>vida \u00fatil mais longa: at\u00e9 13 anos de funcionamento garantido em condi\u00e7\u00f5es normais de utiliza\u00e7\u00e3o<br>&nbsp;<\/li>\n<\/ul>\n\n\n\n<h3 class=\"wp-block-heading has-text-align-center\" id=\"fiorentini-ultrasonic-smart-water-meters-technical-features\">&nbsp;<br>Principais carater\u00edsticas t\u00e9cnicas dos contadores de \u00e1gua ultra-s\u00f3nicos Pietro Fiorentini<br>&nbsp;<\/h3>\n\n\n\n<p class=\"has-text-align-center has-small-font-size\"><\/p>\n\n\n\n<figure class=\"wp-block-image size-full\"><img loading=\"lazy\" decoding=\"async\" width=\"1024\" height=\"317\" src=\"https:\/\/www.fiorentini-iberia.com\/wp-content\/uploads\/2023\/10\/Tabella_Ottone-1024x429-PT-ok.jpg\" alt=\"\" class=\"wp-image-57167\" srcset=\"https:\/\/fiorentini-iberia.com\/wp-content\/uploads\/2023\/10\/Tabella_Ottone-1024x429-PT-ok.jpg 1024w, https:\/\/fiorentini-iberia.com\/wp-content\/uploads\/2023\/10\/Tabella_Ottone-1024x429-PT-ok-300x93.jpg 300w, https:\/\/fiorentini-iberia.com\/wp-content\/uploads\/2023\/10\/Tabella_Ottone-1024x429-PT-ok-768x238.jpg 768w\" sizes=\"auto, (max-width: 1024px) 100vw, 1024px\" \/><\/figure>\n\n\n\n<p>&nbsp;<\/p>\n\n\n\n<p class=\"has-text-color has-link-color has-medium-font-size wp-elements-ff2f84b58d8838a88b019e39ee789a6a\" style=\"color:#1ca48f\"><strong><a href=\"https:\/\/www.fiorentini-iberia.com\/pt\/solucoes\/produtos\/medidores-de-agua\/contadores-de-agua-inteligentes-ultra-sonicos\/ssm-aquo-lorawan\/\">Ficha de produto do SSM Aquo M-Bus + LoRaWAN<\/a><\/strong><\/p>\n\n\n\n<p class=\"has-text-color has-link-color has-medium-font-size wp-elements-3bbcc542ac257c89ef38ec70869d7b78\" style=\"color:#1ca48f\"><strong><a href=\"https:\/\/www.fiorentini-iberia.com\/pt\/solucoes\/produtos\/medidores-de-agua\/contadores-de-agua-inteligentes-ultra-sonicos\/ssm-aquo-nbiot\/\">Ficha de produto do SSM Aquo NB-IoT<br><\/a><\/strong>&nbsp;<\/p>\n\n\n\n<p><strong><a href=\"https:\/\/www.fiorentini-iberia.com\/pt\/noticias\/contadores-de-agua-inteligentes-ssm-aquo\/\">Not\u00edcias relacionadas<\/a><\/strong><\/p>\n","protected":false},"excerpt":{"rendered":"<p>Os contadores de \u00e1gua inteligentes ultra-s\u00f3nicos medem o volume de \u00e1gua utilizado pelos utilizadores finais e s\u00e3o tamb\u00e9m utilizados para determinar o caudal atrav\u00e9s de uma parte espec\u00edfica do ciclo. A medi\u00e7\u00e3o da \u00e1gua \u00e9 uma componente da gest\u00e3o p\u00fablica da \u00e1gua destinada a controlar e, em \u00faltima an\u00e1lise, a reduzir o consumo de \u00e1gua.<\/p>\n","protected":false},"author":15,"featured_media":30325,"parent":48345,"menu_order":0,"comment_status":"closed","ping_status":"closed","template":"template-expertise-post.php","meta":{"_acf_changed":false,"inline_featured_image":false,"footnotes":""},"class_list":["post-49115","page","type-page","status-publish","has-post-thumbnail","hentry"],"acf":[],"yoast_head":"<!-- This site is optimized with the Yoast SEO plugin v27.2 - https:\/\/yoast.com\/product\/yoast-seo-wordpress\/ -->\n<title>SSM-Aquo, digitaliza\u00e7\u00e3o do caudal com contadores de \u00e1gua ultra-s\u00f3nicos - Pietro Fiorentini<\/title>\n<meta name=\"description\" content=\"Os contadores de \u00e1gua medem o volume de \u00e1gua utilizado pelos utilizadores finais abastecidos por um sistema p\u00fablico de abastecimento de \u00e1gua.\" \/>\n<meta name=\"robots\" content=\"index, follow, max-snippet:-1, max-image-preview:large, max-video-preview:-1\" \/>\n<link rel=\"canonical\" href=\"https:\/\/fiorentini-iberia.com\/pt\/especialistas\/agua\/contadores-de-agua-ultra-sonicos-inteligentes\/\" \/>\n<meta property=\"og:locale\" content=\"pt_PT\" \/>\n<meta property=\"og:type\" content=\"article\" \/>\n<meta property=\"og:title\" content=\"SSM-Aquo, digitaliza\u00e7\u00e3o do caudal com contadores de \u00e1gua ultra-s\u00f3nicos - Pietro Fiorentini\" \/>\n<meta property=\"og:description\" content=\"Os contadores de \u00e1gua medem o volume de \u00e1gua utilizado pelos utilizadores finais abastecidos por um sistema p\u00fablico de abastecimento de \u00e1gua.\" \/>\n<meta property=\"og:url\" content=\"https:\/\/fiorentini-iberia.com\/pt\/especialistas\/agua\/contadores-de-agua-ultra-sonicos-inteligentes\/\" \/>\n<meta property=\"og:site_name\" content=\"Pietro Fiorentini\" \/>\n<meta property=\"article:modified_time\" content=\"2026-02-17T11:58:43+00:00\" \/>\n<meta property=\"og:image\" content=\"https:\/\/www.fiorentini-iberia.com\/wp-content\/uploads\/2023\/11\/Noticia-Smart-Water-meters-PT.jpg\" \/>\n\t<meta property=\"og:image:width\" content=\"970\" \/>\n\t<meta property=\"og:image:height\" content=\"1020\" \/>\n\t<meta property=\"og:image:type\" content=\"image\/jpeg\" \/>\n<meta name=\"twitter:card\" content=\"summary_large_image\" \/>\n<meta name=\"twitter:site\" content=\"@FiorentiniSpa\" \/>\n<meta name=\"twitter:label1\" content=\"Est. reading time\" \/>\n\t<meta name=\"twitter:data1\" content=\"3 minutes\" \/>\n<script type=\"application\/ld+json\" class=\"yoast-schema-graph\">{\"@context\":\"https:\/\/schema.org\",\"@graph\":[{\"@type\":\"WebPage\",\"@id\":\"https:\/\/fiorentini-iberia.com\/pt\/especialistas\/agua\/contadores-de-agua-ultra-sonicos-inteligentes\/\",\"url\":\"https:\/\/fiorentini-iberia.com\/pt\/especialistas\/agua\/contadores-de-agua-ultra-sonicos-inteligentes\/\",\"name\":\"SSM-Aquo, digitaliza\u00e7\u00e3o do caudal com contadores de \u00e1gua ultra-s\u00f3nicos - Pietro Fiorentini\",\"isPartOf\":{\"@id\":\"https:\/\/www.fiorentini-iberia.com\/pt\/#website\"},\"primaryImageOfPage\":{\"@id\":\"https:\/\/fiorentini-iberia.com\/pt\/especialistas\/agua\/contadores-de-agua-ultra-sonicos-inteligentes\/#primaryimage\"},\"image\":{\"@id\":\"https:\/\/fiorentini-iberia.com\/pt\/especialistas\/agua\/contadores-de-agua-ultra-sonicos-inteligentes\/#primaryimage\"},\"thumbnailUrl\":\"https:\/\/fiorentini-iberia.com\/wp-content\/uploads\/2023\/11\/Noticia-Smart-Water-meters-PT.jpg\",\"datePublished\":\"2024-02-21T12:38:56+00:00\",\"dateModified\":\"2026-02-17T11:58:43+00:00\",\"description\":\"Os contadores de \u00e1gua medem o volume de \u00e1gua utilizado pelos utilizadores finais abastecidos por um sistema p\u00fablico de abastecimento de \u00e1gua.\",\"breadcrumb\":{\"@id\":\"https:\/\/fiorentini-iberia.com\/pt\/especialistas\/agua\/contadores-de-agua-ultra-sonicos-inteligentes\/#breadcrumb\"},\"inLanguage\":\"pt-PTD\",\"potentialAction\":[{\"@type\":\"ReadAction\",\"target\":[\"https:\/\/fiorentini-iberia.com\/pt\/especialistas\/agua\/contadores-de-agua-ultra-sonicos-inteligentes\/\"]}]},{\"@type\":\"ImageObject\",\"inLanguage\":\"pt-PTD\",\"@id\":\"https:\/\/fiorentini-iberia.com\/pt\/especialistas\/agua\/contadores-de-agua-ultra-sonicos-inteligentes\/#primaryimage\",\"url\":\"https:\/\/fiorentini-iberia.com\/wp-content\/uploads\/2023\/11\/Noticia-Smart-Water-meters-PT.jpg\",\"contentUrl\":\"https:\/\/fiorentini-iberia.com\/wp-content\/uploads\/2023\/11\/Noticia-Smart-Water-meters-PT.jpg\",\"width\":970,\"height\":1020},{\"@type\":\"BreadcrumbList\",\"@id\":\"https:\/\/fiorentini-iberia.com\/pt\/especialistas\/agua\/contadores-de-agua-ultra-sonicos-inteligentes\/#breadcrumb\",\"itemListElement\":[{\"@type\":\"ListItem\",\"position\":1,\"name\":\"Home\",\"item\":\"https:\/\/www.fiorentini-iberia.com\/pt\/\"},{\"@type\":\"ListItem\",\"position\":2,\"name\":\"Especialistas\",\"item\":\"https:\/\/www.fiorentini-iberia.com\/pt\/especialistas\/\"},{\"@type\":\"ListItem\",\"position\":3,\"name\":\"\u00c1gua\",\"item\":\"https:\/\/www.fiorentini-iberia.com\/pt\/especialistas\/agua\/\"},{\"@type\":\"ListItem\",\"position\":4,\"name\":\"SSM-Aquo, digitaliza\u00e7\u00e3o do caudal com contadores de \u00e1gua ultra-s\u00f3nicos\"}]},{\"@type\":\"WebSite\",\"@id\":\"https:\/\/www.fiorentini-iberia.com\/pt\/#website\",\"url\":\"https:\/\/www.fiorentini-iberia.com\/pt\/\",\"name\":\"Pietro Fiorentini Iberia\",\"description\":\"Pietro Fiorentini dise\u00f1a y fabrica componentes, sistemas y servicios para la regulaci\u00f3n, medici\u00f3n, gesti\u00f3n de redes de agua, energ\u00edas renovables, petr\u00f3leo y el gas natural, con sistemas adaptados 100% al hidr\u00f3geno.\",\"publisher\":{\"@id\":\"https:\/\/www.fiorentini-iberia.com\/pt\/#organization\"},\"potentialAction\":[{\"@type\":\"SearchAction\",\"target\":{\"@type\":\"EntryPoint\",\"urlTemplate\":\"https:\/\/www.fiorentini-iberia.com\/pt\/?s={search_term_string}\"},\"query-input\":{\"@type\":\"PropertyValueSpecification\",\"valueRequired\":true,\"valueName\":\"search_term_string\"}}],\"inLanguage\":\"pt-PTD\"},{\"@type\":\"Organization\",\"@id\":\"https:\/\/www.fiorentini-iberia.com\/pt\/#organization\",\"name\":\"Pietro Fiorentini Iberia\",\"url\":\"https:\/\/www.fiorentini-iberia.com\/pt\/\",\"logo\":{\"@type\":\"ImageObject\",\"inLanguage\":\"pt-PTD\",\"@id\":\"https:\/\/www.fiorentini-iberia.com\/pt\/#\/schema\/logo\/image\/\",\"url\":\"https:\/\/fiorentini-iberia.com\/wp-content\/uploads\/2020\/11\/logo.svg\",\"contentUrl\":\"https:\/\/fiorentini-iberia.com\/wp-content\/uploads\/2020\/11\/logo.svg\",\"width\":227,\"height\":59,\"caption\":\"Pietro Fiorentini Iberia\"},\"image\":{\"@id\":\"https:\/\/www.fiorentini-iberia.com\/pt\/#\/schema\/logo\/image\/\"},\"sameAs\":[\"https:\/\/x.com\/FiorentiniSpa\",\"https:\/\/www.linkedin.com\/company\/pietro-fiorentini-iberia\/\"]}]}<\/script>\n<!-- \/ Yoast SEO plugin. -->","yoast_head_json":{"title":"SSM-Aquo, digitaliza\u00e7\u00e3o do caudal com contadores de \u00e1gua ultra-s\u00f3nicos - Pietro Fiorentini","description":"Os contadores de \u00e1gua medem o volume de \u00e1gua utilizado pelos utilizadores finais abastecidos por um sistema p\u00fablico de abastecimento de \u00e1gua.","robots":{"index":"index","follow":"follow","max-snippet":"max-snippet:-1","max-image-preview":"max-image-preview:large","max-video-preview":"max-video-preview:-1"},"canonical":"https:\/\/fiorentini-iberia.com\/pt\/especialistas\/agua\/contadores-de-agua-ultra-sonicos-inteligentes\/","og_locale":"pt_PT","og_type":"article","og_title":"SSM-Aquo, digitaliza\u00e7\u00e3o do caudal com contadores de \u00e1gua ultra-s\u00f3nicos - Pietro Fiorentini","og_description":"Os contadores de \u00e1gua medem o volume de \u00e1gua utilizado pelos utilizadores finais abastecidos por um sistema p\u00fablico de abastecimento de \u00e1gua.","og_url":"https:\/\/fiorentini-iberia.com\/pt\/especialistas\/agua\/contadores-de-agua-ultra-sonicos-inteligentes\/","og_site_name":"Pietro Fiorentini","article_modified_time":"2026-02-17T11:58:43+00:00","og_image":[{"width":970,"height":1020,"url":"https:\/\/www.fiorentini-iberia.com\/wp-content\/uploads\/2023\/11\/Noticia-Smart-Water-meters-PT.jpg","type":"image\/jpeg"}],"twitter_card":"summary_large_image","twitter_site":"@FiorentiniSpa","twitter_misc":{"Est. reading time":"3 minutes"},"schema":{"@context":"https:\/\/schema.org","@graph":[{"@type":"WebPage","@id":"https:\/\/fiorentini-iberia.com\/pt\/especialistas\/agua\/contadores-de-agua-ultra-sonicos-inteligentes\/","url":"https:\/\/fiorentini-iberia.com\/pt\/especialistas\/agua\/contadores-de-agua-ultra-sonicos-inteligentes\/","name":"SSM-Aquo, digitaliza\u00e7\u00e3o do caudal com contadores de \u00e1gua ultra-s\u00f3nicos - Pietro Fiorentini","isPartOf":{"@id":"https:\/\/www.fiorentini-iberia.com\/pt\/#website"},"primaryImageOfPage":{"@id":"https:\/\/fiorentini-iberia.com\/pt\/especialistas\/agua\/contadores-de-agua-ultra-sonicos-inteligentes\/#primaryimage"},"image":{"@id":"https:\/\/fiorentini-iberia.com\/pt\/especialistas\/agua\/contadores-de-agua-ultra-sonicos-inteligentes\/#primaryimage"},"thumbnailUrl":"https:\/\/fiorentini-iberia.com\/wp-content\/uploads\/2023\/11\/Noticia-Smart-Water-meters-PT.jpg","datePublished":"2024-02-21T12:38:56+00:00","dateModified":"2026-02-17T11:58:43+00:00","description":"Os contadores de \u00e1gua medem o volume de \u00e1gua utilizado pelos utilizadores finais abastecidos por um sistema p\u00fablico de abastecimento de \u00e1gua.","breadcrumb":{"@id":"https:\/\/fiorentini-iberia.com\/pt\/especialistas\/agua\/contadores-de-agua-ultra-sonicos-inteligentes\/#breadcrumb"},"inLanguage":"pt-PTD","potentialAction":[{"@type":"ReadAction","target":["https:\/\/fiorentini-iberia.com\/pt\/especialistas\/agua\/contadores-de-agua-ultra-sonicos-inteligentes\/"]}]},{"@type":"ImageObject","inLanguage":"pt-PTD","@id":"https:\/\/fiorentini-iberia.com\/pt\/especialistas\/agua\/contadores-de-agua-ultra-sonicos-inteligentes\/#primaryimage","url":"https:\/\/fiorentini-iberia.com\/wp-content\/uploads\/2023\/11\/Noticia-Smart-Water-meters-PT.jpg","contentUrl":"https:\/\/fiorentini-iberia.com\/wp-content\/uploads\/2023\/11\/Noticia-Smart-Water-meters-PT.jpg","width":970,"height":1020},{"@type":"BreadcrumbList","@id":"https:\/\/fiorentini-iberia.com\/pt\/especialistas\/agua\/contadores-de-agua-ultra-sonicos-inteligentes\/#breadcrumb","itemListElement":[{"@type":"ListItem","position":1,"name":"Home","item":"https:\/\/www.fiorentini-iberia.com\/pt\/"},{"@type":"ListItem","position":2,"name":"Especialistas","item":"https:\/\/www.fiorentini-iberia.com\/pt\/especialistas\/"},{"@type":"ListItem","position":3,"name":"\u00c1gua","item":"https:\/\/www.fiorentini-iberia.com\/pt\/especialistas\/agua\/"},{"@type":"ListItem","position":4,"name":"SSM-Aquo, digitaliza\u00e7\u00e3o do caudal com contadores de \u00e1gua ultra-s\u00f3nicos"}]},{"@type":"WebSite","@id":"https:\/\/www.fiorentini-iberia.com\/pt\/#website","url":"https:\/\/www.fiorentini-iberia.com\/pt\/","name":"Pietro Fiorentini Iberia","description":"Pietro Fiorentini dise\u00f1a y fabrica componentes, sistemas y servicios para la regulaci\u00f3n, medici\u00f3n, gesti\u00f3n de redes de agua, energ\u00edas renovables, petr\u00f3leo y el gas natural, con sistemas adaptados 100% al hidr\u00f3geno.","publisher":{"@id":"https:\/\/www.fiorentini-iberia.com\/pt\/#organization"},"potentialAction":[{"@type":"SearchAction","target":{"@type":"EntryPoint","urlTemplate":"https:\/\/www.fiorentini-iberia.com\/pt\/?s={search_term_string}"},"query-input":{"@type":"PropertyValueSpecification","valueRequired":true,"valueName":"search_term_string"}}],"inLanguage":"pt-PTD"},{"@type":"Organization","@id":"https:\/\/www.fiorentini-iberia.com\/pt\/#organization","name":"Pietro Fiorentini Iberia","url":"https:\/\/www.fiorentini-iberia.com\/pt\/","logo":{"@type":"ImageObject","inLanguage":"pt-PTD","@id":"https:\/\/www.fiorentini-iberia.com\/pt\/#\/schema\/logo\/image\/","url":"https:\/\/fiorentini-iberia.com\/wp-content\/uploads\/2020\/11\/logo.svg","contentUrl":"https:\/\/fiorentini-iberia.com\/wp-content\/uploads\/2020\/11\/logo.svg","width":227,"height":59,"caption":"Pietro Fiorentini Iberia"},"image":{"@id":"https:\/\/www.fiorentini-iberia.com\/pt\/#\/schema\/logo\/image\/"},"sameAs":["https:\/\/x.com\/FiorentiniSpa","https:\/\/www.linkedin.com\/company\/pietro-fiorentini-iberia\/"]}]}},"_links":{"self":[{"href":"https:\/\/fiorentini-iberia.com\/pt\/wp-json\/wp\/v2\/pages\/49115","targetHints":{"allow":["GET"]}}],"collection":[{"href":"https:\/\/fiorentini-iberia.com\/pt\/wp-json\/wp\/v2\/pages"}],"about":[{"href":"https:\/\/fiorentini-iberia.com\/pt\/wp-json\/wp\/v2\/types\/page"}],"author":[{"embeddable":true,"href":"https:\/\/fiorentini-iberia.com\/pt\/wp-json\/wp\/v2\/users\/15"}],"replies":[{"embeddable":true,"href":"https:\/\/fiorentini-iberia.com\/pt\/wp-json\/wp\/v2\/comments?post=49115"}],"version-history":[{"count":3,"href":"https:\/\/fiorentini-iberia.com\/pt\/wp-json\/wp\/v2\/pages\/49115\/revisions"}],"predecessor-version":[{"id":63260,"href":"https:\/\/fiorentini-iberia.com\/pt\/wp-json\/wp\/v2\/pages\/49115\/revisions\/63260"}],"up":[{"embeddable":true,"href":"https:\/\/fiorentini-iberia.com\/pt\/wp-json\/wp\/v2\/pages\/48345"}],"wp:featuredmedia":[{"embeddable":true,"href":"https:\/\/fiorentini-iberia.com\/pt\/wp-json\/wp\/v2\/media\/30325"}],"wp:attachment":[{"href":"https:\/\/fiorentini-iberia.com\/pt\/wp-json\/wp\/v2\/media?parent=49115"}],"curies":[{"name":"wp","href":"https:\/\/api.w.org\/{rel}","templated":true}]}}