{"id":49044,"date":"2024-02-21T10:40:12","date_gmt":"2024-02-21T09:40:12","guid":{"rendered":"https:\/\/www.fiorentini-iberia.com\/especialistas\/power-to-gas\/de-la-electricidad-al-gas-verde\/"},"modified":"2024-02-21T11:24:59","modified_gmt":"2024-02-21T10:24:59","slug":"da-eletricidade-ao-gas-verde","status":"publish","type":"page","link":"https:\/\/fiorentini-iberia.com\/pt\/especialistas\/power-to-gas\/da-eletricidade-ao-gas-verde\/","title":{"rendered":"Da eletricidade ao g\u00e1s verde"},"content":{"rendered":"\n<p>A tecnologia Power-to-gas explora o fen\u00f3meno da <strong>eletr\u00f3lise<\/strong>: a energia excedente dos parques e\u00f3licos, dos campos fotovoltaicos e das infra-estruturas el\u00e9ctricas congestionadas \u00e9 utilizada para quebrar as liga\u00e7\u00f5es das mol\u00e9culas de \u00e1gua e <strong>produzir hidrog\u00e9nio<\/strong>.<\/p>\n\n\n\n<p>O <strong>hidrog\u00e9nio verde pode ser recuperado no local onde \u00e9 consumido<\/strong>, por exemplo no sector autom\u00f3vel, ou transportado at\u00e9 ao ponto de utiliza\u00e7\u00e3o atrav\u00e9s de novas infra-estruturas espec\u00edficas ou, em alternativa, <strong>utilizando a rede de g\u00e1s existente<\/strong> (at\u00e9 \u00e0s taxas de compatibilidade permitidas).<\/p>\n\n\n\n<p>Esta infraestrutura est\u00e1 a evoluir para poder aceitar quantidades crescentes de hidrog\u00e9nio que podem ser injectadas na rede atrav\u00e9s da utiliza\u00e7\u00e3o de <strong>sistemas de mistura<\/strong>. Trata-se de um constrangimento tecnol\u00f3gico que pode agora ser completamente ultrapassado <strong>gra\u00e7as \u00e0s solu\u00e7\u00f5es P2M<\/strong> (power-to-methane).<\/p>\n\n\n\n<p>Com efeito, podemos <strong>converter o hidrog\u00e9nio produzido a partir da energia el\u00e9ctrica em metano e \u00e1gua<\/strong>, utilizando a rea\u00e7\u00e3o de Sabatier atrav\u00e9s de uma fonte externa de <strong>di\u00f3xido de carbono<\/strong>. Este processo de <strong>metaniza\u00e7\u00e3o<\/strong>, que pode ter lugar de forma biol\u00f3gica ou catal\u00edtica, produz <strong>um valioso vetor energ\u00e9tico<\/strong> que tem as mesmas caracter\u00edsticas que o g\u00e1s natural tradicional e pode, portanto, ser transportado e armazenado de forma semelhante.<\/p>\n\n\n\n<p>Se o <strong>di\u00f3xido de carbono<\/strong> utilizado for de <strong>origem renov\u00e1vel<\/strong> (biog\u00e1s, processos de fermenta\u00e7\u00e3o biol\u00f3gica, etc.), as <strong>mol\u00e9culas verdes obtidas por metana\u00e7\u00e3o<\/strong> s\u00e3o consideradas <strong>biometano<\/strong>.<br>\u00a0<\/p>\n\n\n\n<figure class=\"wp-block-image size-full\"><img loading=\"lazy\" decoding=\"async\" width=\"1024\" height=\"411\" src=\"https:\/\/www.fiorentini-iberia.com\/wp-content\/uploads\/2024\/02\/Expertise_Powertogas_1ENG-EXPPAG-1024x411-PT.jpg\" alt=\"Armazenamento de energia renov\u00e1vel utilizando a tecnologia Power-to-gas\" class=\"wp-image-49047\" srcset=\"https:\/\/fiorentini-iberia.com\/wp-content\/uploads\/2024\/02\/Expertise_Powertogas_1ENG-EXPPAG-1024x411-PT.jpg 1024w, https:\/\/fiorentini-iberia.com\/wp-content\/uploads\/2024\/02\/Expertise_Powertogas_1ENG-EXPPAG-1024x411-PT-300x120.jpg 300w, https:\/\/fiorentini-iberia.com\/wp-content\/uploads\/2024\/02\/Expertise_Powertogas_1ENG-EXPPAG-1024x411-PT-768x308.jpg 768w\" sizes=\"auto, (max-width: 1024px) 100vw, 1024px\" \/><\/figure>\n\n\n\n<p class=\"has-text-align-center has-cyan-bluish-gray-color has-text-color has-link-color wp-elements-7360f5a684973e624cb86f67e8754054\"><em>Armazenamento de energia renov\u00e1vel utilizando a tecnologia Power-to-gas<\/em><\/p>\n","protected":false},"excerpt":{"rendered":"<p>A tecnologia Power-to-gas explora o fen\u00f3meno da eletr\u00f3lise: a energia el\u00e9ctrica renov\u00e1vel excedent\u00e1ria dos parques e\u00f3licos, dos campos fotovoltaicos e dos congestionamentos das infra-estruturas el\u00e9ctricas \u00e9 utilizada para quebrar as liga\u00e7\u00f5es das mol\u00e9culas de \u00e1gua e produzir hidrog\u00e9nio, que pode ser revalorizado no local ou transportado para outro local.<\/p>\n","protected":false},"author":15,"featured_media":0,"parent":48303,"menu_order":0,"comment_status":"closed","ping_status":"closed","template":"template-expertise-post.php","meta":{"_acf_changed":false,"inline_featured_image":false,"footnotes":""},"class_list":["post-49044","page","type-page","status-publish","hentry"],"acf":[],"yoast_head":"<!-- This site is optimized with the Yoast SEO plugin v27.2 - https:\/\/yoast.com\/product\/yoast-seo-wordpress\/ -->\n<title>Da eletricidade ao g\u00e1s verde - Pietro Fiorentini<\/title>\n<meta name=\"description\" content=\"Podemos converter o hidrog\u00e9nio produzido a partir de energia el\u00e9ctrica em metano e \u00e1gua utilizando uma fonte externa de di\u00f3xido de carbono.\" \/>\n<meta name=\"robots\" content=\"index, follow, max-snippet:-1, max-image-preview:large, max-video-preview:-1\" \/>\n<link rel=\"canonical\" href=\"https:\/\/fiorentini-iberia.com\/pt\/especialistas\/power-to-gas\/da-eletricidade-ao-gas-verde\/\" \/>\n<meta property=\"og:locale\" content=\"pt_PT\" \/>\n<meta property=\"og:type\" content=\"article\" \/>\n<meta property=\"og:title\" content=\"Da eletricidade ao g\u00e1s verde - Pietro Fiorentini\" \/>\n<meta property=\"og:description\" content=\"Podemos converter o hidrog\u00e9nio produzido a partir de energia el\u00e9ctrica em metano e \u00e1gua utilizando uma fonte externa de di\u00f3xido de carbono.\" \/>\n<meta property=\"og:url\" content=\"https:\/\/fiorentini-iberia.com\/pt\/especialistas\/power-to-gas\/da-eletricidade-ao-gas-verde\/\" \/>\n<meta property=\"og:site_name\" content=\"Pietro Fiorentini\" \/>\n<meta property=\"article:modified_time\" content=\"2024-02-21T10:24:59+00:00\" \/>\n<meta property=\"og:image\" content=\"https:\/\/www.fiorentini-iberia.com\/wp-content\/uploads\/2024\/02\/Expertise_Powertogas_1ENG-EXPPAG-1024x411-PT.jpg\" \/>\n<meta name=\"twitter:card\" content=\"summary_large_image\" \/>\n<meta name=\"twitter:site\" content=\"@FiorentiniSpa\" \/>\n<meta name=\"twitter:label1\" content=\"Est. reading time\" \/>\n\t<meta name=\"twitter:data1\" content=\"2 minutes\" \/>\n<script type=\"application\/ld+json\" class=\"yoast-schema-graph\">{\"@context\":\"https:\/\/schema.org\",\"@graph\":[{\"@type\":\"WebPage\",\"@id\":\"https:\/\/fiorentini-iberia.com\/pt\/especialistas\/power-to-gas\/da-eletricidade-ao-gas-verde\/\",\"url\":\"https:\/\/fiorentini-iberia.com\/pt\/especialistas\/power-to-gas\/da-eletricidade-ao-gas-verde\/\",\"name\":\"Da eletricidade ao g\u00e1s verde - Pietro Fiorentini\",\"isPartOf\":{\"@id\":\"https:\/\/www.fiorentini-iberia.com\/pt\/#website\"},\"primaryImageOfPage\":{\"@id\":\"https:\/\/fiorentini-iberia.com\/pt\/especialistas\/power-to-gas\/da-eletricidade-ao-gas-verde\/#primaryimage\"},\"image\":{\"@id\":\"https:\/\/fiorentini-iberia.com\/pt\/especialistas\/power-to-gas\/da-eletricidade-ao-gas-verde\/#primaryimage\"},\"thumbnailUrl\":\"https:\/\/www.fiorentini-iberia.com\/wp-content\/uploads\/2024\/02\/Expertise_Powertogas_1ENG-EXPPAG-1024x411-PT.jpg\",\"datePublished\":\"2024-02-21T09:40:12+00:00\",\"dateModified\":\"2024-02-21T10:24:59+00:00\",\"description\":\"Podemos converter o hidrog\u00e9nio produzido a partir de energia el\u00e9ctrica em metano e \u00e1gua utilizando uma fonte externa de di\u00f3xido de carbono.\",\"breadcrumb\":{\"@id\":\"https:\/\/fiorentini-iberia.com\/pt\/especialistas\/power-to-gas\/da-eletricidade-ao-gas-verde\/#breadcrumb\"},\"inLanguage\":\"pt-PTD\",\"potentialAction\":[{\"@type\":\"ReadAction\",\"target\":[\"https:\/\/fiorentini-iberia.com\/pt\/especialistas\/power-to-gas\/da-eletricidade-ao-gas-verde\/\"]}]},{\"@type\":\"ImageObject\",\"inLanguage\":\"pt-PTD\",\"@id\":\"https:\/\/fiorentini-iberia.com\/pt\/especialistas\/power-to-gas\/da-eletricidade-ao-gas-verde\/#primaryimage\",\"url\":\"https:\/\/www.fiorentini-iberia.com\/wp-content\/uploads\/2024\/02\/Expertise_Powertogas_1ENG-EXPPAG-1024x411-PT.jpg\",\"contentUrl\":\"https:\/\/www.fiorentini-iberia.com\/wp-content\/uploads\/2024\/02\/Expertise_Powertogas_1ENG-EXPPAG-1024x411-PT.jpg\"},{\"@type\":\"BreadcrumbList\",\"@id\":\"https:\/\/fiorentini-iberia.com\/pt\/especialistas\/power-to-gas\/da-eletricidade-ao-gas-verde\/#breadcrumb\",\"itemListElement\":[{\"@type\":\"ListItem\",\"position\":1,\"name\":\"Home\",\"item\":\"https:\/\/www.fiorentini-iberia.com\/pt\/\"},{\"@type\":\"ListItem\",\"position\":2,\"name\":\"Especialistas\",\"item\":\"https:\/\/www.fiorentini-iberia.com\/pt\/especialistas\/\"},{\"@type\":\"ListItem\",\"position\":3,\"name\":\"Power-to-gas\",\"item\":\"https:\/\/www.fiorentini-iberia.com\/pt\/especialistas\/power-to-gas\/\"},{\"@type\":\"ListItem\",\"position\":4,\"name\":\"Da eletricidade ao g\u00e1s verde\"}]},{\"@type\":\"WebSite\",\"@id\":\"https:\/\/www.fiorentini-iberia.com\/pt\/#website\",\"url\":\"https:\/\/www.fiorentini-iberia.com\/pt\/\",\"name\":\"Pietro Fiorentini Iberia\",\"description\":\"Pietro Fiorentini dise\u00f1a y fabrica componentes, sistemas y servicios para la regulaci\u00f3n, medici\u00f3n, gesti\u00f3n de redes de agua, energ\u00edas renovables, petr\u00f3leo y el gas natural, con sistemas adaptados 100% al hidr\u00f3geno.\",\"publisher\":{\"@id\":\"https:\/\/www.fiorentini-iberia.com\/pt\/#organization\"},\"potentialAction\":[{\"@type\":\"SearchAction\",\"target\":{\"@type\":\"EntryPoint\",\"urlTemplate\":\"https:\/\/www.fiorentini-iberia.com\/pt\/?s={search_term_string}\"},\"query-input\":{\"@type\":\"PropertyValueSpecification\",\"valueRequired\":true,\"valueName\":\"search_term_string\"}}],\"inLanguage\":\"pt-PTD\"},{\"@type\":\"Organization\",\"@id\":\"https:\/\/www.fiorentini-iberia.com\/pt\/#organization\",\"name\":\"Pietro Fiorentini Iberia\",\"url\":\"https:\/\/www.fiorentini-iberia.com\/pt\/\",\"logo\":{\"@type\":\"ImageObject\",\"inLanguage\":\"pt-PTD\",\"@id\":\"https:\/\/www.fiorentini-iberia.com\/pt\/#\/schema\/logo\/image\/\",\"url\":\"https:\/\/fiorentini-iberia.com\/wp-content\/uploads\/2020\/11\/logo.svg\",\"contentUrl\":\"https:\/\/fiorentini-iberia.com\/wp-content\/uploads\/2020\/11\/logo.svg\",\"width\":227,\"height\":59,\"caption\":\"Pietro Fiorentini Iberia\"},\"image\":{\"@id\":\"https:\/\/www.fiorentini-iberia.com\/pt\/#\/schema\/logo\/image\/\"},\"sameAs\":[\"https:\/\/x.com\/FiorentiniSpa\",\"https:\/\/www.linkedin.com\/company\/pietro-fiorentini-iberia\/\"]}]}<\/script>\n<!-- \/ Yoast SEO plugin. -->","yoast_head_json":{"title":"Da eletricidade ao g\u00e1s verde - Pietro Fiorentini","description":"Podemos converter o hidrog\u00e9nio produzido a partir de energia el\u00e9ctrica em metano e \u00e1gua utilizando uma fonte externa de di\u00f3xido de carbono.","robots":{"index":"index","follow":"follow","max-snippet":"max-snippet:-1","max-image-preview":"max-image-preview:large","max-video-preview":"max-video-preview:-1"},"canonical":"https:\/\/fiorentini-iberia.com\/pt\/especialistas\/power-to-gas\/da-eletricidade-ao-gas-verde\/","og_locale":"pt_PT","og_type":"article","og_title":"Da eletricidade ao g\u00e1s verde - Pietro Fiorentini","og_description":"Podemos converter o hidrog\u00e9nio produzido a partir de energia el\u00e9ctrica em metano e \u00e1gua utilizando uma fonte externa de di\u00f3xido de carbono.","og_url":"https:\/\/fiorentini-iberia.com\/pt\/especialistas\/power-to-gas\/da-eletricidade-ao-gas-verde\/","og_site_name":"Pietro Fiorentini","article_modified_time":"2024-02-21T10:24:59+00:00","og_image":[{"url":"https:\/\/www.fiorentini-iberia.com\/wp-content\/uploads\/2024\/02\/Expertise_Powertogas_1ENG-EXPPAG-1024x411-PT.jpg","type":"","width":"","height":""}],"twitter_card":"summary_large_image","twitter_site":"@FiorentiniSpa","twitter_misc":{"Est. reading time":"2 minutes"},"schema":{"@context":"https:\/\/schema.org","@graph":[{"@type":"WebPage","@id":"https:\/\/fiorentini-iberia.com\/pt\/especialistas\/power-to-gas\/da-eletricidade-ao-gas-verde\/","url":"https:\/\/fiorentini-iberia.com\/pt\/especialistas\/power-to-gas\/da-eletricidade-ao-gas-verde\/","name":"Da eletricidade ao g\u00e1s verde - Pietro Fiorentini","isPartOf":{"@id":"https:\/\/www.fiorentini-iberia.com\/pt\/#website"},"primaryImageOfPage":{"@id":"https:\/\/fiorentini-iberia.com\/pt\/especialistas\/power-to-gas\/da-eletricidade-ao-gas-verde\/#primaryimage"},"image":{"@id":"https:\/\/fiorentini-iberia.com\/pt\/especialistas\/power-to-gas\/da-eletricidade-ao-gas-verde\/#primaryimage"},"thumbnailUrl":"https:\/\/www.fiorentini-iberia.com\/wp-content\/uploads\/2024\/02\/Expertise_Powertogas_1ENG-EXPPAG-1024x411-PT.jpg","datePublished":"2024-02-21T09:40:12+00:00","dateModified":"2024-02-21T10:24:59+00:00","description":"Podemos converter o hidrog\u00e9nio produzido a partir de energia el\u00e9ctrica em metano e \u00e1gua utilizando uma fonte externa de di\u00f3xido de carbono.","breadcrumb":{"@id":"https:\/\/fiorentini-iberia.com\/pt\/especialistas\/power-to-gas\/da-eletricidade-ao-gas-verde\/#breadcrumb"},"inLanguage":"pt-PTD","potentialAction":[{"@type":"ReadAction","target":["https:\/\/fiorentini-iberia.com\/pt\/especialistas\/power-to-gas\/da-eletricidade-ao-gas-verde\/"]}]},{"@type":"ImageObject","inLanguage":"pt-PTD","@id":"https:\/\/fiorentini-iberia.com\/pt\/especialistas\/power-to-gas\/da-eletricidade-ao-gas-verde\/#primaryimage","url":"https:\/\/www.fiorentini-iberia.com\/wp-content\/uploads\/2024\/02\/Expertise_Powertogas_1ENG-EXPPAG-1024x411-PT.jpg","contentUrl":"https:\/\/www.fiorentini-iberia.com\/wp-content\/uploads\/2024\/02\/Expertise_Powertogas_1ENG-EXPPAG-1024x411-PT.jpg"},{"@type":"BreadcrumbList","@id":"https:\/\/fiorentini-iberia.com\/pt\/especialistas\/power-to-gas\/da-eletricidade-ao-gas-verde\/#breadcrumb","itemListElement":[{"@type":"ListItem","position":1,"name":"Home","item":"https:\/\/www.fiorentini-iberia.com\/pt\/"},{"@type":"ListItem","position":2,"name":"Especialistas","item":"https:\/\/www.fiorentini-iberia.com\/pt\/especialistas\/"},{"@type":"ListItem","position":3,"name":"Power-to-gas","item":"https:\/\/www.fiorentini-iberia.com\/pt\/especialistas\/power-to-gas\/"},{"@type":"ListItem","position":4,"name":"Da eletricidade ao g\u00e1s verde"}]},{"@type":"WebSite","@id":"https:\/\/www.fiorentini-iberia.com\/pt\/#website","url":"https:\/\/www.fiorentini-iberia.com\/pt\/","name":"Pietro Fiorentini Iberia","description":"Pietro Fiorentini dise\u00f1a y fabrica componentes, sistemas y servicios para la regulaci\u00f3n, medici\u00f3n, gesti\u00f3n de redes de agua, energ\u00edas renovables, petr\u00f3leo y el gas natural, con sistemas adaptados 100% al hidr\u00f3geno.","publisher":{"@id":"https:\/\/www.fiorentini-iberia.com\/pt\/#organization"},"potentialAction":[{"@type":"SearchAction","target":{"@type":"EntryPoint","urlTemplate":"https:\/\/www.fiorentini-iberia.com\/pt\/?s={search_term_string}"},"query-input":{"@type":"PropertyValueSpecification","valueRequired":true,"valueName":"search_term_string"}}],"inLanguage":"pt-PTD"},{"@type":"Organization","@id":"https:\/\/www.fiorentini-iberia.com\/pt\/#organization","name":"Pietro Fiorentini Iberia","url":"https:\/\/www.fiorentini-iberia.com\/pt\/","logo":{"@type":"ImageObject","inLanguage":"pt-PTD","@id":"https:\/\/www.fiorentini-iberia.com\/pt\/#\/schema\/logo\/image\/","url":"https:\/\/fiorentini-iberia.com\/wp-content\/uploads\/2020\/11\/logo.svg","contentUrl":"https:\/\/fiorentini-iberia.com\/wp-content\/uploads\/2020\/11\/logo.svg","width":227,"height":59,"caption":"Pietro Fiorentini Iberia"},"image":{"@id":"https:\/\/www.fiorentini-iberia.com\/pt\/#\/schema\/logo\/image\/"},"sameAs":["https:\/\/x.com\/FiorentiniSpa","https:\/\/www.linkedin.com\/company\/pietro-fiorentini-iberia\/"]}]}},"_links":{"self":[{"href":"https:\/\/fiorentini-iberia.com\/pt\/wp-json\/wp\/v2\/pages\/49044","targetHints":{"allow":["GET"]}}],"collection":[{"href":"https:\/\/fiorentini-iberia.com\/pt\/wp-json\/wp\/v2\/pages"}],"about":[{"href":"https:\/\/fiorentini-iberia.com\/pt\/wp-json\/wp\/v2\/types\/page"}],"author":[{"embeddable":true,"href":"https:\/\/fiorentini-iberia.com\/pt\/wp-json\/wp\/v2\/users\/15"}],"replies":[{"embeddable":true,"href":"https:\/\/fiorentini-iberia.com\/pt\/wp-json\/wp\/v2\/comments?post=49044"}],"version-history":[{"count":2,"href":"https:\/\/fiorentini-iberia.com\/pt\/wp-json\/wp\/v2\/pages\/49044\/revisions"}],"predecessor-version":[{"id":49051,"href":"https:\/\/fiorentini-iberia.com\/pt\/wp-json\/wp\/v2\/pages\/49044\/revisions\/49051"}],"up":[{"embeddable":true,"href":"https:\/\/fiorentini-iberia.com\/pt\/wp-json\/wp\/v2\/pages\/48303"}],"wp:attachment":[{"href":"https:\/\/fiorentini-iberia.com\/pt\/wp-json\/wp\/v2\/media?parent=49044"}],"curies":[{"name":"wp","href":"https:\/\/api.w.org\/{rel}","templated":true}]}}