{"id":48317,"date":"2023-12-13T14:28:42","date_gmt":"2023-12-13T13:28:42","guid":{"rendered":"https:\/\/www.fiorentini-iberia.com\/especialistas\/power-to-gas\/proyectos-de-exito\/"},"modified":"2024-03-14T10:51:36","modified_gmt":"2024-03-14T09:51:36","slug":"projetos-de-sucesso","status":"publish","type":"page","link":"https:\/\/fiorentini-iberia.com\/pt\/especialistas\/power-to-gas\/projetos-de-sucesso\/","title":{"rendered":"Projetos de sucesso"},"content":{"rendered":"\n<p>O desenvolvimento de solu\u00e7\u00f5es Power-to-gas faz parte do processo de facilita\u00e7\u00e3o da transi\u00e7\u00e3o energ\u00e9tica em que o <strong><a href=\"https:\/\/www.fiorentini-iberia.com\/pt\/pietro-fiorentini-group\/\">Grupo Pietro Fiorentini<\/a><\/strong> est\u00e1 empenhado, refor\u00e7ado pela sua experi\u00eancia no mundo do g\u00e1s natural e tamb\u00e9m um ponto de refer\u00eancia em investiga\u00e7\u00e3o e desenvolvimento.<\/p>\n\n\n\n<p>Esta abordagem orientada para a inova\u00e7\u00e3o reflete-se no desenvolvimento de <strong>projetos em It\u00e1lia e na Europa<\/strong>, com solu\u00e7\u00f5es de vanguarda em que a Pietro Fiorentini e as outras empresas do Grupo colaboram em sinergia.<\/p>\n\n\n\n<div style=\"height:32px\" aria-hidden=\"true\" class=\"wp-block-spacer\"><\/div>\n\n\n\n<div class=\"wp-block-group index\"><div class=\"wp-block-group__inner-container is-layout-flow wp-block-group-is-layout-flow\">\n<ol class=\"wp-block-list\">\n<li><strong><a href=\"#bio-farm-straubing\">Bio FARM (Straubing)<\/a><\/strong><\/li>\n\n\n\n<li><strong><a href=\"#synbios-bologna\">SynBioS (Bolonha)<\/a><\/strong><\/li>\n<\/ol>\n<\/div><\/div>\n\n\n\n<div id=\"bio-farm-straubing\" class=\"wp-block-group\"><div class=\"wp-block-group__inner-container is-layout-flow wp-block-group-is-layout-flow\">\n<h3 class=\"wp-block-heading\"><strong>Bio FARM (Straubing)<\/strong><\/h3>\n\n\n\n<p>Na quinta-feira, 28 de julho de 2022, na esta\u00e7\u00e3o de tratamento de \u00e1guas residuais de Straubing, na Alemanha, arrancaram os trabalhos da Bio FARM, uma unidade de investiga\u00e7\u00e3o e experimenta\u00e7\u00e3o de processos de biometaniza\u00e7\u00e3o a partir de v\u00e1rias fontes, em particular biog\u00e1s e g\u00e1s de s\u00edntese, inteiramente concebida e constru\u00edda pela Pietro Fiorentini e suas filiais <strong><a href=\"https:\/\/www.fiorentini-iberia.com\/pt\/pietro-fiorentini-group\/empresas-e-marcas-do-grupo-pietro-fiorentini\/#micropyros\">MicroPyros<\/a><\/strong>, <strong><a href=\"https:\/\/www.fiorentini-iberia.com\/pt\/pietro-fiorentini-group\/empresas-e-marcas-do-grupo-pietro-fiorentini\/#hyter\">Hyter<\/a><\/strong> e <strong><a href=\"https:\/\/www.fiorentini-iberia.com\/pt\/pietro-fiorentini-group\/empresas-e-marcas-do-grupo-pietro-fiorentini\/#biokomp\">Biokomp<\/a><\/strong>.<\/p>\n\n\n\n<p>O Grupo ser\u00e1, por conseguinte, o principal promotor de um sistema <strong>\u00fanico em toda a Europa<\/strong> de investiga\u00e7\u00e3o e experimenta\u00e7\u00e3o da biometaniza\u00e7\u00e3o. A estrutura, que estar\u00e1 conclu\u00edda na pr\u00f3xima primavera, ser\u00e1 utilizada para a investiga\u00e7\u00e3o e experimenta\u00e7\u00e3o de processos de biometaniza\u00e7\u00e3o a partir de diversas fontes, nomeadamente o biog\u00e1s e o g\u00e1s de s\u00edntese. Uma instala\u00e7\u00e3o onde ser\u00e1 poss\u00edvel fazer misturas de gases no local e contar com a alimenta\u00e7\u00e3o direta de biog\u00e1s dos digestores da esta\u00e7\u00e3o de tratamento de \u00e1guas residuais.<\/p>\n\n\n\n<p><a href=\"https:\/\/www.fiorentini-iberia.com\/pt\/noticias\/micropyros-inaugura-bio-farm\/\">https:\/\/www.fiorentini-iberia.com\/en\/news\/micropyros-inaugurates-bio-farm\/<\/a><br>&nbsp;<\/p>\n\n\n\n<figure class=\"wp-block-image size-full\"><img loading=\"lazy\" decoding=\"async\" width=\"1024\" height=\"576\" src=\"https:\/\/www.fiorentini-iberia.com\/wp-content\/uploads\/2023\/12\/bio-farm-1024x576-1.jpg\" alt=\"\" class=\"wp-image-29313\" srcset=\"https:\/\/fiorentini-iberia.com\/wp-content\/uploads\/2023\/12\/bio-farm-1024x576-1.jpg 1024w, https:\/\/fiorentini-iberia.com\/wp-content\/uploads\/2023\/12\/bio-farm-1024x576-1-300x169.jpg 300w, https:\/\/fiorentini-iberia.com\/wp-content\/uploads\/2023\/12\/bio-farm-1024x576-1-768x432.jpg 768w\" sizes=\"auto, (max-width: 1024px) 100vw, 1024px\" \/><\/figure>\n<\/div><\/div>\n\n\n\n<div style=\"height:32px\" aria-hidden=\"true\" class=\"wp-block-spacer\"><\/div>\n\n\n\n<div id=\"synbios-bologna\" class=\"wp-block-group\"><div class=\"wp-block-group__inner-container is-layout-flow wp-block-group-is-layout-flow\">\n<h3 class=\"wp-block-heading\"><strong>SynBioS<\/strong> (Bolonha)<\/h3>\n\n\n\n<p>Na ter\u00e7a-feira, 6 de setembro de 2022, o <a href=\"https:\/\/www.gruppohera.it\/gruppo\"><strong>Grupo Hera<\/strong><\/a><strong> <\/strong>apresentou na feira Gastech de Mil\u00e3o uma antevis\u00e3o do seu sistema inovador Power-to-gas denominado <strong>SynBioS<\/strong> (Syngas Biological Storage), uma central capaz de converter eletricidade renov\u00e1vel e \u00e1guas residuais em hidrog\u00e9nio verde e, posteriormente, em biometano.<\/p>\n\n\n\n<p>Uma central concebida e constru\u00edda pela <strong>Pietro Fiorentini<\/strong>, <strong><a href=\"https:\/\/www.fiorentini-iberia.com\/pt\/pietro-fiorentini-group\/empresas-e-marcas-do-grupo-pietro-fiorentini\/#micropyros\">MicroPyros<\/a><\/strong> e <strong><strong><a href=\"https:\/\/www.fiorentini-iberia.com\/pt\/pietro-fiorentini-group\/empresas-e-marcas-do-grupo-pietro-fiorentini\/#hyter\">Hyter<\/a><\/strong><\/strong> que estar\u00e1 operacional em 2023 em Corticella, na prov\u00edncia de Bolonha, onde se situa a maior esta\u00e7\u00e3o de tratamento do Grupo Hera. Especificamente, a central utilizar\u00e1 \u00e1guas residuais e eletricidade renov\u00e1vel para produzir hidrog\u00e9nio e oxig\u00e9nio verdes. O hidrog\u00e9nio ser\u00e1 ent\u00e3o convertido em biometano utilizando o di\u00f3xido de carbono do biog\u00e1s produzido pela digest\u00e3o das lamas de depura\u00e7\u00e3o. O biometano assim obtido pode ser injetado na rede de g\u00e1s urbana sem limites de concentra\u00e7\u00e3o.<\/p>\n\n\n\n<p><a href=\"https:\/\/www.fiorentini.com\/en\/news\/synbios-power-to-gas-and-multi-business-expertise-to-meet-the-challenge-of-decarbonisation\" target=\"_blank\" rel=\"noreferrer noopener\">https:\/\/www.fiorentini.com\/en\/news\/synbios-power-to-gas-and-multi-business-expertise-to-meet-the-challenge-of-decarbonisation<\/a>\/ <\/p>\n\n\n\n<figure class=\"wp-block-image size-full\"><img loading=\"lazy\" decoding=\"async\" width=\"1024\" height=\"577\" src=\"https:\/\/www.fiorentini-iberia.com\/wp-content\/uploads\/2023\/12\/synbios-bologna-1024x577-1.jpg\" alt=\"\" class=\"wp-image-29310\" srcset=\"https:\/\/fiorentini-iberia.com\/wp-content\/uploads\/2023\/12\/synbios-bologna-1024x577-1.jpg 1024w, https:\/\/fiorentini-iberia.com\/wp-content\/uploads\/2023\/12\/synbios-bologna-1024x577-1-300x169.jpg 300w, https:\/\/fiorentini-iberia.com\/wp-content\/uploads\/2023\/12\/synbios-bologna-1024x577-1-768x433.jpg 768w\" sizes=\"auto, (max-width: 1024px) 100vw, 1024px\" \/><\/figure>\n<\/div><\/div>\n","protected":false},"excerpt":{"rendered":"<p>O empenho da Pietro Fiorentini no desenvolvimento de solu\u00e7\u00f5es Power-to-gas reflete-se em projetos de vanguarda em It\u00e1lia e na Europa, que levaram a empresa a estabelecer-se como um parceiro tecnol\u00f3gico fi\u00e1vel no dom\u00ednio da transi\u00e7\u00e3o energ\u00e9tica<\/p>\n","protected":false},"author":15,"featured_media":0,"parent":48303,"menu_order":0,"comment_status":"closed","ping_status":"closed","template":"template-expertise-post.php","meta":{"_acf_changed":false,"inline_featured_image":false,"footnotes":""},"class_list":["post-48317","page","type-page","status-publish","hentry"],"acf":[],"yoast_head":"<!-- This site is optimized with the Yoast SEO plugin v27.2 - https:\/\/yoast.com\/product\/yoast-seo-wordpress\/ -->\n<title>Projetos de sucesso - Pietro Fiorentini<\/title>\n<meta name=\"description\" content=\"O desenvolvimento de solu\u00e7\u00f5es Power-to-gas faz parte do processo de facilita\u00e7\u00e3o da transi\u00e7\u00e3o energ\u00e9tica em que o Grupo Pietro Fiorentini est\u00e1 empenhado.\" \/>\n<meta name=\"robots\" content=\"index, follow, max-snippet:-1, max-image-preview:large, max-video-preview:-1\" \/>\n<link rel=\"canonical\" href=\"https:\/\/fiorentini-iberia.com\/pt\/especialistas\/power-to-gas\/projetos-de-sucesso\/\" \/>\n<meta property=\"og:locale\" content=\"pt_PT\" \/>\n<meta property=\"og:type\" content=\"article\" \/>\n<meta property=\"og:title\" content=\"Projetos de sucesso - Pietro Fiorentini\" \/>\n<meta property=\"og:description\" content=\"O desenvolvimento de solu\u00e7\u00f5es Power-to-gas faz parte do processo de facilita\u00e7\u00e3o da transi\u00e7\u00e3o energ\u00e9tica em que o Grupo Pietro Fiorentini est\u00e1 empenhado.\" \/>\n<meta property=\"og:url\" content=\"https:\/\/fiorentini-iberia.com\/pt\/especialistas\/power-to-gas\/projetos-de-sucesso\/\" \/>\n<meta property=\"og:site_name\" content=\"Pietro Fiorentini\" \/>\n<meta property=\"article:modified_time\" content=\"2024-03-14T09:51:36+00:00\" \/>\n<meta property=\"og:image\" content=\"https:\/\/www.fiorentini-iberia.com\/wp-content\/uploads\/2023\/12\/bio-farm-1024x576-1.jpg\" \/>\n<meta name=\"twitter:card\" content=\"summary_large_image\" \/>\n<meta name=\"twitter:site\" content=\"@FiorentiniSpa\" \/>\n<meta name=\"twitter:label1\" content=\"Est. reading time\" \/>\n\t<meta name=\"twitter:data1\" content=\"7 minutes\" \/>\n<script type=\"application\/ld+json\" class=\"yoast-schema-graph\">{\"@context\":\"https:\/\/schema.org\",\"@graph\":[{\"@type\":\"WebPage\",\"@id\":\"https:\/\/fiorentini-iberia.com\/pt\/especialistas\/power-to-gas\/projetos-de-sucesso\/\",\"url\":\"https:\/\/fiorentini-iberia.com\/pt\/especialistas\/power-to-gas\/projetos-de-sucesso\/\",\"name\":\"Projetos de sucesso - Pietro Fiorentini\",\"isPartOf\":{\"@id\":\"https:\/\/www.fiorentini-iberia.com\/pt\/#website\"},\"primaryImageOfPage\":{\"@id\":\"https:\/\/fiorentini-iberia.com\/pt\/especialistas\/power-to-gas\/projetos-de-sucesso\/#primaryimage\"},\"image\":{\"@id\":\"https:\/\/fiorentini-iberia.com\/pt\/especialistas\/power-to-gas\/projetos-de-sucesso\/#primaryimage\"},\"thumbnailUrl\":\"https:\/\/www.fiorentini-iberia.com\/wp-content\/uploads\/2023\/12\/bio-farm-1024x576-1.jpg\",\"datePublished\":\"2023-12-13T13:28:42+00:00\",\"dateModified\":\"2024-03-14T09:51:36+00:00\",\"description\":\"O desenvolvimento de solu\u00e7\u00f5es Power-to-gas faz parte do processo de facilita\u00e7\u00e3o da transi\u00e7\u00e3o energ\u00e9tica em que o Grupo Pietro Fiorentini est\u00e1 empenhado.\",\"breadcrumb\":{\"@id\":\"https:\/\/fiorentini-iberia.com\/pt\/especialistas\/power-to-gas\/projetos-de-sucesso\/#breadcrumb\"},\"inLanguage\":\"pt-PTD\",\"potentialAction\":[{\"@type\":\"ReadAction\",\"target\":[\"https:\/\/fiorentini-iberia.com\/pt\/especialistas\/power-to-gas\/projetos-de-sucesso\/\"]}]},{\"@type\":\"ImageObject\",\"inLanguage\":\"pt-PTD\",\"@id\":\"https:\/\/fiorentini-iberia.com\/pt\/especialistas\/power-to-gas\/projetos-de-sucesso\/#primaryimage\",\"url\":\"https:\/\/www.fiorentini-iberia.com\/wp-content\/uploads\/2023\/12\/bio-farm-1024x576-1.jpg\",\"contentUrl\":\"https:\/\/www.fiorentini-iberia.com\/wp-content\/uploads\/2023\/12\/bio-farm-1024x576-1.jpg\"},{\"@type\":\"BreadcrumbList\",\"@id\":\"https:\/\/fiorentini-iberia.com\/pt\/especialistas\/power-to-gas\/projetos-de-sucesso\/#breadcrumb\",\"itemListElement\":[{\"@type\":\"ListItem\",\"position\":1,\"name\":\"Home\",\"item\":\"https:\/\/www.fiorentini-iberia.com\/pt\/\"},{\"@type\":\"ListItem\",\"position\":2,\"name\":\"Especialistas\",\"item\":\"https:\/\/www.fiorentini-iberia.com\/pt\/especialistas\/\"},{\"@type\":\"ListItem\",\"position\":3,\"name\":\"Power-to-gas\",\"item\":\"https:\/\/www.fiorentini-iberia.com\/pt\/especialistas\/power-to-gas\/\"},{\"@type\":\"ListItem\",\"position\":4,\"name\":\"Projetos de sucesso\"}]},{\"@type\":\"WebSite\",\"@id\":\"https:\/\/www.fiorentini-iberia.com\/pt\/#website\",\"url\":\"https:\/\/www.fiorentini-iberia.com\/pt\/\",\"name\":\"Pietro Fiorentini Iberia\",\"description\":\"Pietro Fiorentini dise\u00f1a y fabrica componentes, sistemas y servicios para la regulaci\u00f3n, medici\u00f3n, gesti\u00f3n de redes de agua, energ\u00edas renovables, petr\u00f3leo y el gas natural, con sistemas adaptados 100% al hidr\u00f3geno.\",\"publisher\":{\"@id\":\"https:\/\/www.fiorentini-iberia.com\/pt\/#organization\"},\"potentialAction\":[{\"@type\":\"SearchAction\",\"target\":{\"@type\":\"EntryPoint\",\"urlTemplate\":\"https:\/\/www.fiorentini-iberia.com\/pt\/?s={search_term_string}\"},\"query-input\":{\"@type\":\"PropertyValueSpecification\",\"valueRequired\":true,\"valueName\":\"search_term_string\"}}],\"inLanguage\":\"pt-PTD\"},{\"@type\":\"Organization\",\"@id\":\"https:\/\/www.fiorentini-iberia.com\/pt\/#organization\",\"name\":\"Pietro Fiorentini Iberia\",\"url\":\"https:\/\/www.fiorentini-iberia.com\/pt\/\",\"logo\":{\"@type\":\"ImageObject\",\"inLanguage\":\"pt-PTD\",\"@id\":\"https:\/\/www.fiorentini-iberia.com\/pt\/#\/schema\/logo\/image\/\",\"url\":\"https:\/\/fiorentini-iberia.com\/wp-content\/uploads\/2020\/11\/logo.svg\",\"contentUrl\":\"https:\/\/fiorentini-iberia.com\/wp-content\/uploads\/2020\/11\/logo.svg\",\"width\":227,\"height\":59,\"caption\":\"Pietro Fiorentini Iberia\"},\"image\":{\"@id\":\"https:\/\/www.fiorentini-iberia.com\/pt\/#\/schema\/logo\/image\/\"},\"sameAs\":[\"https:\/\/x.com\/FiorentiniSpa\",\"https:\/\/www.linkedin.com\/company\/pietro-fiorentini-iberia\/\"]}]}<\/script>\n<!-- \/ Yoast SEO plugin. -->","yoast_head_json":{"title":"Projetos de sucesso - Pietro Fiorentini","description":"O desenvolvimento de solu\u00e7\u00f5es Power-to-gas faz parte do processo de facilita\u00e7\u00e3o da transi\u00e7\u00e3o energ\u00e9tica em que o Grupo Pietro Fiorentini est\u00e1 empenhado.","robots":{"index":"index","follow":"follow","max-snippet":"max-snippet:-1","max-image-preview":"max-image-preview:large","max-video-preview":"max-video-preview:-1"},"canonical":"https:\/\/fiorentini-iberia.com\/pt\/especialistas\/power-to-gas\/projetos-de-sucesso\/","og_locale":"pt_PT","og_type":"article","og_title":"Projetos de sucesso - Pietro Fiorentini","og_description":"O desenvolvimento de solu\u00e7\u00f5es Power-to-gas faz parte do processo de facilita\u00e7\u00e3o da transi\u00e7\u00e3o energ\u00e9tica em que o Grupo Pietro Fiorentini est\u00e1 empenhado.","og_url":"https:\/\/fiorentini-iberia.com\/pt\/especialistas\/power-to-gas\/projetos-de-sucesso\/","og_site_name":"Pietro Fiorentini","article_modified_time":"2024-03-14T09:51:36+00:00","og_image":[{"url":"https:\/\/www.fiorentini-iberia.com\/wp-content\/uploads\/2023\/12\/bio-farm-1024x576-1.jpg","type":"","width":"","height":""}],"twitter_card":"summary_large_image","twitter_site":"@FiorentiniSpa","twitter_misc":{"Est. reading time":"7 minutes"},"schema":{"@context":"https:\/\/schema.org","@graph":[{"@type":"WebPage","@id":"https:\/\/fiorentini-iberia.com\/pt\/especialistas\/power-to-gas\/projetos-de-sucesso\/","url":"https:\/\/fiorentini-iberia.com\/pt\/especialistas\/power-to-gas\/projetos-de-sucesso\/","name":"Projetos de sucesso - Pietro Fiorentini","isPartOf":{"@id":"https:\/\/www.fiorentini-iberia.com\/pt\/#website"},"primaryImageOfPage":{"@id":"https:\/\/fiorentini-iberia.com\/pt\/especialistas\/power-to-gas\/projetos-de-sucesso\/#primaryimage"},"image":{"@id":"https:\/\/fiorentini-iberia.com\/pt\/especialistas\/power-to-gas\/projetos-de-sucesso\/#primaryimage"},"thumbnailUrl":"https:\/\/www.fiorentini-iberia.com\/wp-content\/uploads\/2023\/12\/bio-farm-1024x576-1.jpg","datePublished":"2023-12-13T13:28:42+00:00","dateModified":"2024-03-14T09:51:36+00:00","description":"O desenvolvimento de solu\u00e7\u00f5es Power-to-gas faz parte do processo de facilita\u00e7\u00e3o da transi\u00e7\u00e3o energ\u00e9tica em que o Grupo Pietro Fiorentini est\u00e1 empenhado.","breadcrumb":{"@id":"https:\/\/fiorentini-iberia.com\/pt\/especialistas\/power-to-gas\/projetos-de-sucesso\/#breadcrumb"},"inLanguage":"pt-PTD","potentialAction":[{"@type":"ReadAction","target":["https:\/\/fiorentini-iberia.com\/pt\/especialistas\/power-to-gas\/projetos-de-sucesso\/"]}]},{"@type":"ImageObject","inLanguage":"pt-PTD","@id":"https:\/\/fiorentini-iberia.com\/pt\/especialistas\/power-to-gas\/projetos-de-sucesso\/#primaryimage","url":"https:\/\/www.fiorentini-iberia.com\/wp-content\/uploads\/2023\/12\/bio-farm-1024x576-1.jpg","contentUrl":"https:\/\/www.fiorentini-iberia.com\/wp-content\/uploads\/2023\/12\/bio-farm-1024x576-1.jpg"},{"@type":"BreadcrumbList","@id":"https:\/\/fiorentini-iberia.com\/pt\/especialistas\/power-to-gas\/projetos-de-sucesso\/#breadcrumb","itemListElement":[{"@type":"ListItem","position":1,"name":"Home","item":"https:\/\/www.fiorentini-iberia.com\/pt\/"},{"@type":"ListItem","position":2,"name":"Especialistas","item":"https:\/\/www.fiorentini-iberia.com\/pt\/especialistas\/"},{"@type":"ListItem","position":3,"name":"Power-to-gas","item":"https:\/\/www.fiorentini-iberia.com\/pt\/especialistas\/power-to-gas\/"},{"@type":"ListItem","position":4,"name":"Projetos de sucesso"}]},{"@type":"WebSite","@id":"https:\/\/www.fiorentini-iberia.com\/pt\/#website","url":"https:\/\/www.fiorentini-iberia.com\/pt\/","name":"Pietro Fiorentini Iberia","description":"Pietro Fiorentini dise\u00f1a y fabrica componentes, sistemas y servicios para la regulaci\u00f3n, medici\u00f3n, gesti\u00f3n de redes de agua, energ\u00edas renovables, petr\u00f3leo y el gas natural, con sistemas adaptados 100% al hidr\u00f3geno.","publisher":{"@id":"https:\/\/www.fiorentini-iberia.com\/pt\/#organization"},"potentialAction":[{"@type":"SearchAction","target":{"@type":"EntryPoint","urlTemplate":"https:\/\/www.fiorentini-iberia.com\/pt\/?s={search_term_string}"},"query-input":{"@type":"PropertyValueSpecification","valueRequired":true,"valueName":"search_term_string"}}],"inLanguage":"pt-PTD"},{"@type":"Organization","@id":"https:\/\/www.fiorentini-iberia.com\/pt\/#organization","name":"Pietro Fiorentini Iberia","url":"https:\/\/www.fiorentini-iberia.com\/pt\/","logo":{"@type":"ImageObject","inLanguage":"pt-PTD","@id":"https:\/\/www.fiorentini-iberia.com\/pt\/#\/schema\/logo\/image\/","url":"https:\/\/fiorentini-iberia.com\/wp-content\/uploads\/2020\/11\/logo.svg","contentUrl":"https:\/\/fiorentini-iberia.com\/wp-content\/uploads\/2020\/11\/logo.svg","width":227,"height":59,"caption":"Pietro Fiorentini Iberia"},"image":{"@id":"https:\/\/www.fiorentini-iberia.com\/pt\/#\/schema\/logo\/image\/"},"sameAs":["https:\/\/x.com\/FiorentiniSpa","https:\/\/www.linkedin.com\/company\/pietro-fiorentini-iberia\/"]}]}},"_links":{"self":[{"href":"https:\/\/fiorentini-iberia.com\/pt\/wp-json\/wp\/v2\/pages\/48317","targetHints":{"allow":["GET"]}}],"collection":[{"href":"https:\/\/fiorentini-iberia.com\/pt\/wp-json\/wp\/v2\/pages"}],"about":[{"href":"https:\/\/fiorentini-iberia.com\/pt\/wp-json\/wp\/v2\/types\/page"}],"author":[{"embeddable":true,"href":"https:\/\/fiorentini-iberia.com\/pt\/wp-json\/wp\/v2\/users\/15"}],"replies":[{"embeddable":true,"href":"https:\/\/fiorentini-iberia.com\/pt\/wp-json\/wp\/v2\/comments?post=48317"}],"version-history":[{"count":1,"href":"https:\/\/fiorentini-iberia.com\/pt\/wp-json\/wp\/v2\/pages\/48317\/revisions"}],"predecessor-version":[{"id":48319,"href":"https:\/\/fiorentini-iberia.com\/pt\/wp-json\/wp\/v2\/pages\/48317\/revisions\/48319"}],"up":[{"embeddable":true,"href":"https:\/\/fiorentini-iberia.com\/pt\/wp-json\/wp\/v2\/pages\/48303"}],"wp:attachment":[{"href":"https:\/\/fiorentini-iberia.com\/pt\/wp-json\/wp\/v2\/media?parent=48317"}],"curies":[{"name":"wp","href":"https:\/\/api.w.org\/{rel}","templated":true}]}}