{"id":48295,"date":"2023-12-13T14:25:35","date_gmt":"2023-12-13T13:25:35","guid":{"rendered":"https:\/\/www.fiorentini-iberia.com\/especialistas\/hidrogenio\/el-viaje-del-hidrogeno-pf\/"},"modified":"2024-06-07T14:36:56","modified_gmt":"2024-06-07T12:36:56","slug":"a-viagem-do-hidrogenio-da-pf","status":"publish","type":"page","link":"https:\/\/fiorentini-iberia.com\/pt\/especialistas\/hidrogenio\/a-viagem-do-hidrogenio-da-pf\/","title":{"rendered":"A Viagem do Hidrog\u00e9nio da PF"},"content":{"rendered":"\n<h2 class=\"wp-block-heading\"><strong><strong><strong>O contributo da Pietro Fiorentini para a cadeia de abastecimento de hidrog\u00e9nio<\/strong><\/strong><\/strong><\/h2>\n\n\n\n<div style=\"height:32px\" aria-hidden=\"true\" class=\"wp-block-spacer\"><\/div>\n\n\n<div class=\"wp-block-image\">\n<figure class=\"aligncenter size-full\"><img loading=\"lazy\" decoding=\"async\" width=\"1670\" height=\"699\" src=\"https:\/\/www.fiorentini-iberia.com\/wp-content\/uploads\/2023\/12\/RENEWABLES_h2_pipeline_regulator-1.jpg\" alt=\"\" class=\"wp-image-29302\" srcset=\"https:\/\/fiorentini-iberia.com\/wp-content\/uploads\/2023\/12\/RENEWABLES_h2_pipeline_regulator-1.jpg 1670w, https:\/\/fiorentini-iberia.com\/wp-content\/uploads\/2023\/12\/RENEWABLES_h2_pipeline_regulator-1-300x126.jpg 300w, https:\/\/fiorentini-iberia.com\/wp-content\/uploads\/2023\/12\/RENEWABLES_h2_pipeline_regulator-1-1024x429.jpg 1024w, https:\/\/fiorentini-iberia.com\/wp-content\/uploads\/2023\/12\/RENEWABLES_h2_pipeline_regulator-1-768x321.jpg 768w, https:\/\/fiorentini-iberia.com\/wp-content\/uploads\/2023\/12\/RENEWABLES_h2_pipeline_regulator-1-1536x643.jpg 1536w\" sizes=\"auto, (max-width: 1670px) 100vw, 1670px\" \/><\/figure>\n<\/div>\n\n\n<div style=\"height:32px\" aria-hidden=\"true\" class=\"wp-block-spacer\"><\/div>\n\n\n\n<p>A Pietro Fiorentini iniciou a sua <em>viagem do hidrog\u00e9nio <\/em>em dezembro de 2018, participando na confer\u00eancia do projeto <a href=\"https:\/\/www.hy4heat.info\/\" target=\"_blank\" rel=\"noreferrer noopener\">Hy4Heat<\/a> em Londres. O Reino Unido tem o objetivo declarado de se tornar independente dos combust\u00edveis f\u00f3sseis e de <strong>atingir zero emiss\u00f5es l\u00edquidas de gases com efeito de estufa<\/strong> at\u00e9 2050. O projeto Hy4Heat visa verificar a seguran\u00e7a e a viabilidade t\u00e9cnico-econ\u00f3mica da substitui\u00e7\u00e3o do g\u00e1s metano por 100% de hidrog\u00e9nio nas redes dom\u00e9sticas\/industriais.<\/p>\n\n\n\n<p>O plano est\u00e1 dividido em dez pacotes de trabalho, que s\u00e3o atribu\u00eddos \u00e0s empresas atrav\u00e9s de concursos p\u00fablicos. <strong>A Pietro Fiorentini participou nos concursos e foram-lhe adjudicados dois <em>pacotes de trabalho<\/em><\/strong>: um para o desenvolvimento de um contador dom\u00e9stico e outro para o desenvolvimento de sistemas auxiliares a montante do contador (estabilizador de press\u00e3o, v\u00e1lvula de corte, v\u00e1lvula de excesso de fluxo). Estes dois projetos permitiram \u00e0 nossa empresa adquirir know-how e confirmar a sua presen\u00e7a no mercado emergente do hidrog\u00e9nio.<\/p>\n\n\n\n<p><a href=\"https:\/\/www.fiorentini.com\/en\/news\/uk-hy4heat-programme-hydrogen-smart-meters-and-components-for-domestic-use-will-be-provided-by-pietro-fiorentini\/\" target=\"_blank\" rel=\"noreferrer noopener\">O programa Hy4Heat do Reino Unido: contadores inteligentes de hidrog\u00e9nio e componentes para uso dom\u00e9stico ter\u00e1 a assinatura da Pietro Fiorentini.<\/a><\/p>\n\n\n\n<div style=\"height:32px\" aria-hidden=\"true\" class=\"wp-block-spacer\"><\/div>\n\n\n<div class=\"wp-block-image is-resized\">\n<figure class=\"aligncenter size-full\"><img loading=\"lazy\" decoding=\"async\" width=\"951\" height=\"943\" src=\"https:\/\/www.fiorentini-iberia.com\/wp-content\/uploads\/2023\/12\/Expertise_Idrogeno_Contatore2.jpg\" alt=\"\" class=\"wp-image-29306\" srcset=\"https:\/\/fiorentini-iberia.com\/wp-content\/uploads\/2023\/12\/Expertise_Idrogeno_Contatore2.jpg 951w, https:\/\/fiorentini-iberia.com\/wp-content\/uploads\/2023\/12\/Expertise_Idrogeno_Contatore2-300x297.jpg 300w, https:\/\/fiorentini-iberia.com\/wp-content\/uploads\/2023\/12\/Expertise_Idrogeno_Contatore2-150x150.jpg 150w, https:\/\/fiorentini-iberia.com\/wp-content\/uploads\/2023\/12\/Expertise_Idrogeno_Contatore2-768x762.jpg 768w\" sizes=\"auto, (max-width: 951px) 100vw, 951px\" \/><\/figure>\n<\/div>\n\n\n<p class=\"has-text-align-center\"><em><em><em>O prot\u00f3tipo do contadores inteligentes de hidrog\u00e9nio da Pietro Fiorentini<\/em> <\/em><\/em><\/p>\n\n\n\n<div style=\"height:32px\" aria-hidden=\"true\" class=\"wp-block-spacer\"><\/div>\n\n\n\n<p>Em julho de 2020, a Pietro Fiorentini ganhou um novo concurso no territ\u00f3rio anglo-sax\u00f3nico, no \u00e2mbito do projeto H21 da cidade de Leeds, para o fornecimento de uma <strong>esta\u00e7\u00e3o de redu\u00e7\u00e3o de press\u00e3o para uma linha alimentada 100% a hidrog\u00e9nio<\/strong>, utilizada no centro de testes de Spadeadam.<\/p>\n\n\n\n<p><a href=\"https:\/\/www.h21.green\/about\/\" target=\"_blank\" rel=\"noreferrer noopener\">O projeto H21 Leeds City Gate<\/a><\/p>\n\n\n\n<p><a href=\"https:\/\/news.sky.com\/story\/fuel-of-the-future-inside-the-uks-first-hydrogen-powered-homes-12287892\" target=\"_blank\" rel=\"noreferrer noopener\"><\/a><a href=\"https:\/\/news.sky.com\/story\/fuel-of-the-future-inside-the-uks-first-hydrogen-powered-homes-12287892\">A esta\u00e7\u00e3o para o projeto H21<\/a><\/p>\n\n\n\n<p>Em It\u00e1lia, para responder cientificamente \u00e0s exig\u00eancias do mercado, a Pietro Fiorentini trabalha constantemente para qualificar os seus produtos para utiliza\u00e7\u00e3o com misturas crescentes de H<sub>2<\/sub>. <strong>Nasceram colabora\u00e7\u00f5es importantes com universidades como o <\/strong><a href=\"https:\/\/polilapp.chem.polimi.it\/\" target=\"_blank\" rel=\"noreferrer noopener\"><strong>PoliMi<\/strong><\/a> para estudar a compatibilidade dos materiais, combinando o estudo bibliogr\u00e1fico com testes efetuados nos melhores laborat\u00f3rios especializados da Europa e nas instala\u00e7\u00f5es das empresas.<\/p>\n\n\n\n<p>Desde maio de 2021, a Pietro Fiorentini \u00e9 membro da <a href=\"https:\/\/single-market-economy.ec.europa.eu\/industry\/strategy\/industrial-alliances\/european-clean-hydrogen-alliance_en?prefLang=pt\" target=\"_blank\" rel=\"noreferrer noopener\"><strong>Alian\u00e7a Europeia para o Hidrog\u00e9nio Limpo<\/strong><\/a>, criada pela Dire\u00e7\u00e3o-Geral da Comiss\u00e3o Europeia para o Mercado Interno, da Ind\u00fastria, do Empreendedorismo e das PME. A Alian\u00e7a re\u00fane todas as partes interessadas que pretendem contribuir para o desenvolvimento de uma cadeia de abastecimento de hidrog\u00e9nio que possa apoiar os Estados-Membros da UE na consecu\u00e7\u00e3o dos objetivos de zero emiss\u00f5es l\u00edquidas de gases com efeito de estufa estabelecidos pelo <strong><a href=\"https:\/\/commission.europa.eu\/strategy-and-policy\/priorities-2019-2024\/european-green-deal_pt\" target=\"_blank\" rel=\"noreferrer noopener\">Pacto Ecol\u00f3gico<\/a><\/strong> europeu. Atrav\u00e9s desta ades\u00e3o, a Pietro Fiorentini contribui para as mesas redondas dedicadas aos temas da<strong> produ\u00e7\u00e3o, transporte e distribui\u00e7\u00e3o de hidrog\u00e9nio limpo <\/strong>e suas aplica\u00e7\u00f5es nos setores industrial e residencial e na energia e mobilidade.<\/p>\n\n\n\n<p><a href=\"https:\/\/www.fiorentini.com\/en\/news\/pietro-fiorentini-joins-the-european-clean-hydrogen-alliance\/\" target=\"_blank\" rel=\"noreferrer noopener\">Pietro Fiorentini junta-se \u00e0 Alian\u00e7a Europeia para o Hidrog\u00e9nio Limpo<\/a><\/p>\n\n\n\n<p>Al\u00e9m disso, a Pietro Fiorentini participa ativamente nas principais mesas de trabalho italianas e europeias no dom\u00ednio do hidrog\u00e9nio, como i <a href=\"https:\/\/hydrogeneurope.eu\/\" target=\"_blank\" rel=\"noreferrer noopener\"><strong>Hydrogen Europe<\/strong><\/a>, <a href=\"https:\/\/www.fondazionepolitecnico.it\/progetti\/hydrogen-jrp\/\" target=\"_blank\" rel=\"noreferrer noopener\"><strong>H2IT<\/strong><\/a> e <a href=\"https:\/\/www.fondazionepolitecnico.it\/progetti\/hydrogen-jrp\/\" target=\"_blank\" rel=\"noreferrer noopener\"><strong>Hydrogen Joint Research Platform<\/strong><\/a>. Estas associa\u00e7\u00f5es t\u00eam como objetivo promover o avan\u00e7o do conhecimento e o estudo de disciplinas relacionadas com tecnologias e sistemas para a produ\u00e7\u00e3o e utiliza\u00e7\u00e3o de hidrog\u00e9nio, abrindo-se a um di\u00e1logo permanente com as partes interessadas da ind\u00fastria para apoiar as ag\u00eancias governamentais na defini\u00e7\u00e3o de pol\u00edticas que permitam a transi\u00e7\u00e3o energ\u00e9tica.<\/p>\n\n\n\n<div style=\"height:32px\" aria-hidden=\"true\" class=\"wp-block-spacer\"><\/div>\n\n\n\n<h3 class=\"wp-block-heading\"><strong>No centro da experi\u00eancia<\/strong><\/h3>\n\n\n\n<p>Nos \u00faltimos meses, a Pietro Fiorentini intensificou a sua estrat\u00e9gia de colabora\u00e7\u00e3o com os principais centros de testes europeus para verificar a <em>prontid\u00e3o<\/em> dos seus produtos, em particular no que diz respeito aos aspetos de medi\u00e7\u00e3o, que, num contexto de <em>mistura de<\/em> diferentes gases, desempenhar\u00e3o um papel estrat\u00e9gico.<\/p>\n\n\n\n<p>Apesar de um quadro de incerteza regulamentar em que os organismos de certifica\u00e7\u00e3o e as empresas est\u00e3o a dar os primeiros passos para regulamentar o setor do hidrog\u00e9nio, em 11 de julho de 2022, a Pietro Fiorentini viu o seu regulador de press\u00e3o de g\u00e1s <strong><a href=\"https:\/\/www.fiorentini-iberia.com\/pt\/solucoes\/mod-fe\/\">Mod. FE<\/a><\/strong> obter a <strong>certifica\u00e7\u00e3o para a utiliza\u00e7\u00e3o de <em>misturas<\/em> com um m\u00e1ximo de 20% de hidrog\u00e9nio<\/strong>. O organismo de certifica\u00e7\u00e3o \u00e9 <a href=\"https:\/\/www.bureauveritas.it\/\" target=\"_blank\" rel=\"noreferrer noopener\"><strong>Bureau Veritas<\/strong><\/a>, l\u00edder mundial em servi\u00e7os de inspe\u00e7\u00e3o, avalia\u00e7\u00e3o da conformidade e certifica\u00e7\u00e3o.<\/p>\n\n\n\n<p><a href=\"https:\/\/www.fiorentini-iberia.com\/pt\/noticias\/o-regulador-fe-de-pietro-fiorentini-certificado-para-o-hidrogenio-pelo-bureau-veritas\/\">O regulador Mod. FE da Pietro Fiorentini certificado para o hidrog\u00e9nio pelo Bureau Veritas<\/a><\/p>\n\n\n\n<p>Em 20 de outubro de 2022, foi inaugurado o novo laborat\u00f3rio de testes de hidrog\u00e9nio na sede de Arcugnano (Vicenza). \u00c9 um <strong>centro de inova\u00e7\u00e3o totalmente dedicado ao estudo de projetos relacionados com o hidrog\u00e9nio <\/strong>e pretende tornar-se um centro de excel\u00eancia para o pa\u00eds.<\/p>\n\n\n\n<p><a href=\"https:\/\/www.fiorentini.com\/en\/expertise\/hydrogen\/pietro-fiorentinis-hydrogen-innovation-lab\/\" target=\"_blank\" rel=\"noreferrer noopener\">Laborat\u00f3rio H2 de Pietro Fiorentini<\/a><\/p>\n\n\n\n<p>Para al\u00e9m das experi\u00eancias laboratoriais, a Pietro Fiorentini est\u00e1 tamb\u00e9m ativa nos primeiros ensaios no terreno: \u00e9 <strong>parceiro industrial da Inrete Distribuzione Energia<\/strong>, uma empresa do <a href=\"https:\/\/www.gruppohera.it\/\" target=\"_blank\" rel=\"noreferrer noopener\">Grupo Hera<\/a>, num projeto que prev\u00ea a <strong>inje\u00e7\u00e3o de hidrog\u00e9nio numa rede de distribui\u00e7\u00e3o de g\u00e1s urbano<\/strong> em Castelfranco Emilia (MO). Os produtos envolvidos neste projeto s\u00e3o o contador <a href=\"https:\/\/www.gruppohera.it\/-\/nexmeter-il-contatore-gas-smart-tra-innovazione-e-sicurezza\" target=\"_blank\" rel=\"noreferrer noopener\"><strong>NexMeter<\/strong><\/a>, o \u00fanico contador no mercado italiano j\u00e1 habilitado a medir misturas de metano e hidrog\u00e9nio, e a <a href=\"https:\/\/www.fiorentini-iberia.com\/pt\/solucoes\/estacoes-de-distribuicao\/\"><strong>esta\u00e7\u00e3o de redu\u00e7\u00e3o e medi\u00e7\u00e3o<\/strong><\/a> na zona de Castelfranco Emilia, vis\u00edvel no <a href=\"https:\/\/www.rainews.it\/tgr\/emiliaromagna\/video\/2022\/11\/watchfolder-tgr-emilia-romagna-web-pini-tg-14-castelfranco-idrogenomxf-3bf32904-e5d8-442b-9ea1-43ae4d39e7b9.html?wt_mc=2.www.wzp.rainews24\" target=\"_blank\" rel=\"noreferrer noopener\">servi\u00e7o TGR Emilia<\/a> (minuto 0:35).<\/p>\n\n\n\n<p><a href=\"https:\/\/www.fiorentini.com\/en\/news\/hydrogen-for-civil-use-pietro-fiorentini-participates-with-hera-group-in-the-first-italian-experimentation\/\" target=\"_blank\" rel=\"noreferrer noopener\">Hidrog\u00e9nio para uso dom\u00e9stico: A Pietro Fiorentini participa com o Grupo Hera no primeiro ensaio nacional<\/a><\/p>\n","protected":false},"excerpt":{"rendered":"<p>O hidrog\u00e9nio \u00e9 um dos grandes protagonistas da transi\u00e7\u00e3o energ\u00e9tica e a Pietro Fiorentini pretende disponibilizar a sua experi\u00eancia atrav\u00e9s da participa\u00e7\u00e3o e do desenvolvimento de novos projetos em It\u00e1lia e no estrangeiro, da participa\u00e7\u00e3o nas principais mesas da ind\u00fastria e de experi\u00eancias para testar a prontid\u00e3o dos dispositivos.<\/p>\n","protected":false},"author":15,"featured_media":30433,"parent":48278,"menu_order":0,"comment_status":"closed","ping_status":"closed","template":"template-expertise-post.php","meta":{"_acf_changed":false,"inline_featured_image":false,"footnotes":""},"class_list":["post-48295","page","type-page","status-publish","has-post-thumbnail","hentry"],"acf":[],"yoast_head":"<!-- This site is optimized with the Yoast SEO plugin v27.2 - https:\/\/yoast.com\/product\/yoast-seo-wordpress\/ -->\n<title>A Viagem do Hidrog\u00e9nio da PF - Pietro Fiorentini<\/title>\n<meta name=\"description\" content=\"O hidrog\u00e9nio \u00e9 um dos grandes protagonistas da transi\u00e7\u00e3o energ\u00e9tica e a Pietro Fiorentini pretende disponibilizar a sua experi\u00eancia.\" \/>\n<meta name=\"robots\" content=\"index, follow, max-snippet:-1, max-image-preview:large, max-video-preview:-1\" \/>\n<link rel=\"canonical\" href=\"https:\/\/fiorentini-iberia.com\/pt\/especialistas\/hidrogenio\/a-viagem-do-hidrogenio-da-pf\/\" \/>\n<meta property=\"og:locale\" content=\"pt_PT\" \/>\n<meta property=\"og:type\" content=\"article\" \/>\n<meta property=\"og:title\" content=\"A Viagem do Hidrog\u00e9nio da PF - Pietro Fiorentini\" \/>\n<meta property=\"og:description\" content=\"O hidrog\u00e9nio \u00e9 um dos grandes protagonistas da transi\u00e7\u00e3o energ\u00e9tica e a Pietro Fiorentini pretende disponibilizar a sua experi\u00eancia.\" \/>\n<meta property=\"og:url\" content=\"https:\/\/fiorentini-iberia.com\/pt\/especialistas\/hidrogenio\/a-viagem-do-hidrogenio-da-pf\/\" \/>\n<meta property=\"og:site_name\" content=\"Pietro Fiorentini\" \/>\n<meta property=\"article:modified_time\" content=\"2024-06-07T12:36:56+00:00\" \/>\n<meta property=\"og:image\" content=\"https:\/\/www.fiorentini-iberia.com\/wp-content\/uploads\/2023\/12\/RENEWABLES_h2_pipeline_regulator-1.jpg\" \/>\n\t<meta property=\"og:image:width\" content=\"1670\" \/>\n\t<meta property=\"og:image:height\" content=\"699\" \/>\n\t<meta property=\"og:image:type\" content=\"image\/jpeg\" \/>\n<meta name=\"twitter:card\" content=\"summary_large_image\" \/>\n<meta name=\"twitter:site\" content=\"@FiorentiniSpa\" \/>\n<meta name=\"twitter:label1\" content=\"Est. reading time\" \/>\n\t<meta name=\"twitter:data1\" content=\"5 minutes\" \/>\n<script type=\"application\/ld+json\" class=\"yoast-schema-graph\">{\"@context\":\"https:\/\/schema.org\",\"@graph\":[{\"@type\":\"WebPage\",\"@id\":\"https:\/\/fiorentini-iberia.com\/pt\/especialistas\/hidrogenio\/a-viagem-do-hidrogenio-da-pf\/\",\"url\":\"https:\/\/fiorentini-iberia.com\/pt\/especialistas\/hidrogenio\/a-viagem-do-hidrogenio-da-pf\/\",\"name\":\"A Viagem do Hidrog\u00e9nio da PF - Pietro Fiorentini\",\"isPartOf\":{\"@id\":\"https:\/\/www.fiorentini-iberia.com\/pt\/#website\"},\"primaryImageOfPage\":{\"@id\":\"https:\/\/fiorentini-iberia.com\/pt\/especialistas\/hidrogenio\/a-viagem-do-hidrogenio-da-pf\/#primaryimage\"},\"image\":{\"@id\":\"https:\/\/fiorentini-iberia.com\/pt\/especialistas\/hidrogenio\/a-viagem-do-hidrogenio-da-pf\/#primaryimage\"},\"thumbnailUrl\":\"https:\/\/fiorentini-iberia.com\/wp-content\/uploads\/2023\/12\/RENEWABLES_h2_pipeline_regulator-1.jpg\",\"datePublished\":\"2023-12-13T13:25:35+00:00\",\"dateModified\":\"2024-06-07T12:36:56+00:00\",\"description\":\"O hidrog\u00e9nio \u00e9 um dos grandes protagonistas da transi\u00e7\u00e3o energ\u00e9tica e a Pietro Fiorentini pretende disponibilizar a sua experi\u00eancia.\",\"breadcrumb\":{\"@id\":\"https:\/\/fiorentini-iberia.com\/pt\/especialistas\/hidrogenio\/a-viagem-do-hidrogenio-da-pf\/#breadcrumb\"},\"inLanguage\":\"pt-PTD\",\"potentialAction\":[{\"@type\":\"ReadAction\",\"target\":[\"https:\/\/fiorentini-iberia.com\/pt\/especialistas\/hidrogenio\/a-viagem-do-hidrogenio-da-pf\/\"]}]},{\"@type\":\"ImageObject\",\"inLanguage\":\"pt-PTD\",\"@id\":\"https:\/\/fiorentini-iberia.com\/pt\/especialistas\/hidrogenio\/a-viagem-do-hidrogenio-da-pf\/#primaryimage\",\"url\":\"https:\/\/fiorentini-iberia.com\/wp-content\/uploads\/2023\/12\/RENEWABLES_h2_pipeline_regulator-1.jpg\",\"contentUrl\":\"https:\/\/fiorentini-iberia.com\/wp-content\/uploads\/2023\/12\/RENEWABLES_h2_pipeline_regulator-1.jpg\",\"width\":1670,\"height\":699},{\"@type\":\"BreadcrumbList\",\"@id\":\"https:\/\/fiorentini-iberia.com\/pt\/especialistas\/hidrogenio\/a-viagem-do-hidrogenio-da-pf\/#breadcrumb\",\"itemListElement\":[{\"@type\":\"ListItem\",\"position\":1,\"name\":\"Home\",\"item\":\"https:\/\/www.fiorentini-iberia.com\/pt\/\"},{\"@type\":\"ListItem\",\"position\":2,\"name\":\"Especialistas\",\"item\":\"https:\/\/www.fiorentini-iberia.com\/pt\/especialistas\/\"},{\"@type\":\"ListItem\",\"position\":3,\"name\":\"Hidrog\u00e9nio\",\"item\":\"https:\/\/www.fiorentini-iberia.com\/pt\/especialistas\/hidrogenio\/\"},{\"@type\":\"ListItem\",\"position\":4,\"name\":\"A Viagem do Hidrog\u00e9nio da PF\"}]},{\"@type\":\"WebSite\",\"@id\":\"https:\/\/www.fiorentini-iberia.com\/pt\/#website\",\"url\":\"https:\/\/www.fiorentini-iberia.com\/pt\/\",\"name\":\"Pietro Fiorentini Iberia\",\"description\":\"Pietro Fiorentini dise\u00f1a y fabrica componentes, sistemas y servicios para la regulaci\u00f3n, medici\u00f3n, gesti\u00f3n de redes de agua, energ\u00edas renovables, petr\u00f3leo y el gas natural, con sistemas adaptados 100% al hidr\u00f3geno.\",\"publisher\":{\"@id\":\"https:\/\/www.fiorentini-iberia.com\/pt\/#organization\"},\"potentialAction\":[{\"@type\":\"SearchAction\",\"target\":{\"@type\":\"EntryPoint\",\"urlTemplate\":\"https:\/\/www.fiorentini-iberia.com\/pt\/?s={search_term_string}\"},\"query-input\":{\"@type\":\"PropertyValueSpecification\",\"valueRequired\":true,\"valueName\":\"search_term_string\"}}],\"inLanguage\":\"pt-PTD\"},{\"@type\":\"Organization\",\"@id\":\"https:\/\/www.fiorentini-iberia.com\/pt\/#organization\",\"name\":\"Pietro Fiorentini Iberia\",\"url\":\"https:\/\/www.fiorentini-iberia.com\/pt\/\",\"logo\":{\"@type\":\"ImageObject\",\"inLanguage\":\"pt-PTD\",\"@id\":\"https:\/\/www.fiorentini-iberia.com\/pt\/#\/schema\/logo\/image\/\",\"url\":\"https:\/\/fiorentini-iberia.com\/wp-content\/uploads\/2020\/11\/logo.svg\",\"contentUrl\":\"https:\/\/fiorentini-iberia.com\/wp-content\/uploads\/2020\/11\/logo.svg\",\"width\":227,\"height\":59,\"caption\":\"Pietro Fiorentini Iberia\"},\"image\":{\"@id\":\"https:\/\/www.fiorentini-iberia.com\/pt\/#\/schema\/logo\/image\/\"},\"sameAs\":[\"https:\/\/x.com\/FiorentiniSpa\",\"https:\/\/www.linkedin.com\/company\/pietro-fiorentini-iberia\/\"]}]}<\/script>\n<!-- \/ Yoast SEO plugin. -->","yoast_head_json":{"title":"A Viagem do Hidrog\u00e9nio da PF - Pietro Fiorentini","description":"O hidrog\u00e9nio \u00e9 um dos grandes protagonistas da transi\u00e7\u00e3o energ\u00e9tica e a Pietro Fiorentini pretende disponibilizar a sua experi\u00eancia.","robots":{"index":"index","follow":"follow","max-snippet":"max-snippet:-1","max-image-preview":"max-image-preview:large","max-video-preview":"max-video-preview:-1"},"canonical":"https:\/\/fiorentini-iberia.com\/pt\/especialistas\/hidrogenio\/a-viagem-do-hidrogenio-da-pf\/","og_locale":"pt_PT","og_type":"article","og_title":"A Viagem do Hidrog\u00e9nio da PF - Pietro Fiorentini","og_description":"O hidrog\u00e9nio \u00e9 um dos grandes protagonistas da transi\u00e7\u00e3o energ\u00e9tica e a Pietro Fiorentini pretende disponibilizar a sua experi\u00eancia.","og_url":"https:\/\/fiorentini-iberia.com\/pt\/especialistas\/hidrogenio\/a-viagem-do-hidrogenio-da-pf\/","og_site_name":"Pietro Fiorentini","article_modified_time":"2024-06-07T12:36:56+00:00","og_image":[{"width":1670,"height":699,"url":"https:\/\/www.fiorentini-iberia.com\/wp-content\/uploads\/2023\/12\/RENEWABLES_h2_pipeline_regulator-1.jpg","type":"image\/jpeg"}],"twitter_card":"summary_large_image","twitter_site":"@FiorentiniSpa","twitter_misc":{"Est. reading time":"5 minutes"},"schema":{"@context":"https:\/\/schema.org","@graph":[{"@type":"WebPage","@id":"https:\/\/fiorentini-iberia.com\/pt\/especialistas\/hidrogenio\/a-viagem-do-hidrogenio-da-pf\/","url":"https:\/\/fiorentini-iberia.com\/pt\/especialistas\/hidrogenio\/a-viagem-do-hidrogenio-da-pf\/","name":"A Viagem do Hidrog\u00e9nio da PF - Pietro Fiorentini","isPartOf":{"@id":"https:\/\/www.fiorentini-iberia.com\/pt\/#website"},"primaryImageOfPage":{"@id":"https:\/\/fiorentini-iberia.com\/pt\/especialistas\/hidrogenio\/a-viagem-do-hidrogenio-da-pf\/#primaryimage"},"image":{"@id":"https:\/\/fiorentini-iberia.com\/pt\/especialistas\/hidrogenio\/a-viagem-do-hidrogenio-da-pf\/#primaryimage"},"thumbnailUrl":"https:\/\/fiorentini-iberia.com\/wp-content\/uploads\/2023\/12\/RENEWABLES_h2_pipeline_regulator-1.jpg","datePublished":"2023-12-13T13:25:35+00:00","dateModified":"2024-06-07T12:36:56+00:00","description":"O hidrog\u00e9nio \u00e9 um dos grandes protagonistas da transi\u00e7\u00e3o energ\u00e9tica e a Pietro Fiorentini pretende disponibilizar a sua experi\u00eancia.","breadcrumb":{"@id":"https:\/\/fiorentini-iberia.com\/pt\/especialistas\/hidrogenio\/a-viagem-do-hidrogenio-da-pf\/#breadcrumb"},"inLanguage":"pt-PTD","potentialAction":[{"@type":"ReadAction","target":["https:\/\/fiorentini-iberia.com\/pt\/especialistas\/hidrogenio\/a-viagem-do-hidrogenio-da-pf\/"]}]},{"@type":"ImageObject","inLanguage":"pt-PTD","@id":"https:\/\/fiorentini-iberia.com\/pt\/especialistas\/hidrogenio\/a-viagem-do-hidrogenio-da-pf\/#primaryimage","url":"https:\/\/fiorentini-iberia.com\/wp-content\/uploads\/2023\/12\/RENEWABLES_h2_pipeline_regulator-1.jpg","contentUrl":"https:\/\/fiorentini-iberia.com\/wp-content\/uploads\/2023\/12\/RENEWABLES_h2_pipeline_regulator-1.jpg","width":1670,"height":699},{"@type":"BreadcrumbList","@id":"https:\/\/fiorentini-iberia.com\/pt\/especialistas\/hidrogenio\/a-viagem-do-hidrogenio-da-pf\/#breadcrumb","itemListElement":[{"@type":"ListItem","position":1,"name":"Home","item":"https:\/\/www.fiorentini-iberia.com\/pt\/"},{"@type":"ListItem","position":2,"name":"Especialistas","item":"https:\/\/www.fiorentini-iberia.com\/pt\/especialistas\/"},{"@type":"ListItem","position":3,"name":"Hidrog\u00e9nio","item":"https:\/\/www.fiorentini-iberia.com\/pt\/especialistas\/hidrogenio\/"},{"@type":"ListItem","position":4,"name":"A Viagem do Hidrog\u00e9nio da PF"}]},{"@type":"WebSite","@id":"https:\/\/www.fiorentini-iberia.com\/pt\/#website","url":"https:\/\/www.fiorentini-iberia.com\/pt\/","name":"Pietro Fiorentini Iberia","description":"Pietro Fiorentini dise\u00f1a y fabrica componentes, sistemas y servicios para la regulaci\u00f3n, medici\u00f3n, gesti\u00f3n de redes de agua, energ\u00edas renovables, petr\u00f3leo y el gas natural, con sistemas adaptados 100% al hidr\u00f3geno.","publisher":{"@id":"https:\/\/www.fiorentini-iberia.com\/pt\/#organization"},"potentialAction":[{"@type":"SearchAction","target":{"@type":"EntryPoint","urlTemplate":"https:\/\/www.fiorentini-iberia.com\/pt\/?s={search_term_string}"},"query-input":{"@type":"PropertyValueSpecification","valueRequired":true,"valueName":"search_term_string"}}],"inLanguage":"pt-PTD"},{"@type":"Organization","@id":"https:\/\/www.fiorentini-iberia.com\/pt\/#organization","name":"Pietro Fiorentini Iberia","url":"https:\/\/www.fiorentini-iberia.com\/pt\/","logo":{"@type":"ImageObject","inLanguage":"pt-PTD","@id":"https:\/\/www.fiorentini-iberia.com\/pt\/#\/schema\/logo\/image\/","url":"https:\/\/fiorentini-iberia.com\/wp-content\/uploads\/2020\/11\/logo.svg","contentUrl":"https:\/\/fiorentini-iberia.com\/wp-content\/uploads\/2020\/11\/logo.svg","width":227,"height":59,"caption":"Pietro Fiorentini Iberia"},"image":{"@id":"https:\/\/www.fiorentini-iberia.com\/pt\/#\/schema\/logo\/image\/"},"sameAs":["https:\/\/x.com\/FiorentiniSpa","https:\/\/www.linkedin.com\/company\/pietro-fiorentini-iberia\/"]}]}},"_links":{"self":[{"href":"https:\/\/fiorentini-iberia.com\/pt\/wp-json\/wp\/v2\/pages\/48295","targetHints":{"allow":["GET"]}}],"collection":[{"href":"https:\/\/fiorentini-iberia.com\/pt\/wp-json\/wp\/v2\/pages"}],"about":[{"href":"https:\/\/fiorentini-iberia.com\/pt\/wp-json\/wp\/v2\/types\/page"}],"author":[{"embeddable":true,"href":"https:\/\/fiorentini-iberia.com\/pt\/wp-json\/wp\/v2\/users\/15"}],"replies":[{"embeddable":true,"href":"https:\/\/fiorentini-iberia.com\/pt\/wp-json\/wp\/v2\/comments?post=48295"}],"version-history":[{"count":3,"href":"https:\/\/fiorentini-iberia.com\/pt\/wp-json\/wp\/v2\/pages\/48295\/revisions"}],"predecessor-version":[{"id":54639,"href":"https:\/\/fiorentini-iberia.com\/pt\/wp-json\/wp\/v2\/pages\/48295\/revisions\/54639"}],"up":[{"embeddable":true,"href":"https:\/\/fiorentini-iberia.com\/pt\/wp-json\/wp\/v2\/pages\/48278"}],"wp:featuredmedia":[{"embeddable":true,"href":"https:\/\/fiorentini-iberia.com\/pt\/wp-json\/wp\/v2\/media\/30433"}],"wp:attachment":[{"href":"https:\/\/fiorentini-iberia.com\/pt\/wp-json\/wp\/v2\/media?parent=48295"}],"curies":[{"name":"wp","href":"https:\/\/api.w.org\/{rel}","templated":true}]}}