{"id":48253,"date":"2023-12-11T10:23:24","date_gmt":"2023-12-11T09:23:24","guid":{"rendered":"https:\/\/www.fiorentini-iberia.com\/especialistas\/proteccion-catodica\/"},"modified":"2024-03-13T21:26:59","modified_gmt":"2024-03-13T20:26:59","slug":"protecao-catodica","status":"publish","type":"page","link":"https:\/\/fiorentini-iberia.com\/pt\/especialistas\/protecao-catodica\/","title":{"rendered":"Prote\u00e7\u00e3o cat\u00f3dica"},"content":{"rendered":"\n<h2 class=\"wp-block-heading\"><strong>Corros\u00e3o eletrol\u00edtica dos metais<\/strong><\/h2>\n\n\n\n<p>A corros\u00e3o n\u00e3o \u00e9 um fen\u00f3meno que possa ser completamente eliminado, mas j\u00e1 na fase de conce\u00e7\u00e3o e constru\u00e7\u00e3o da infraestrutura \u00e9 poss\u00edvel intervir com <strong>medidas espec\u00edficas <\/strong>para diminuir significativamente os seus efeitos e garantir o bom funcionamento, a durabilidade e a seguran\u00e7a das instala\u00e7\u00f5es.<\/p>\n\n\n\n<p><strong><a href=\"https:\/\/www.fiorentini-iberia.com\/pt\/solucoes\/servicos\/solucoes-de-gestao-de-dados\/monitorizacao-da-protecao-catodica\/\">S2B (Service to Business)<\/a><\/strong> \u00e9 a nossa nova plataforma na nuvem para a <strong>gest\u00e3o e monitoriza\u00e7\u00e3o<\/strong> dos dados provenientes dos registadores de dados no terreno. O <strong>M\u00f3dulo de Monitoriza\u00e7\u00e3o da Prote\u00e7\u00e3o Cat\u00f3dica<\/strong> \u00e9 uma ferramenta para <strong>visualizar, monitorizar e gerir os par\u00e2metros el\u00e9ctricos<\/strong> dos sistemas de prote\u00e7\u00e3o cat\u00f3dica a partir de dispositivos de campo de uma forma simples e abrangente.<\/p>\n\n\n\n<p>Data logger multicanal para medi\u00e7\u00f5es DC e AC, o\u00a0<strong><a href=\"https:\/\/www.fiorentini-iberia.com\/pt\/solucoes\/produtos\/monitorizacao-da-rede-de-gas-e-conversao-de-volumes\/protecao-catodica\/next\/\">Next<\/a><\/strong>\u00a0\u00e9 um dos dispositivos Smart Gas Grid da Pietro Fiorentini especificamente concebido para a\u00a0<strong>monitoriza\u00e7\u00e3o da prote\u00e7\u00e3o cat\u00f3dica<\/strong>.<\/p>\n\n\n\n<p><strong><a href=\"https:\/\/www.fiorentini-iberia.com\/pt\/solucoes\/produtos\/monitorizacao-da-rede-de-gas-e-conversao-de-volumes\/protecao-catodica\/kairos\/\">Kairos<\/a><\/strong>\u00a0\u00e9 um\u00a0<strong>datalogger<\/strong>\u00a0para a\u00a0<strong>monitoriza\u00e7\u00e3o remota cont\u00ednua dos par\u00e2metros el\u00e9ctricos dos sistemas de prote\u00e7\u00e3o cat\u00f3dica<\/strong> com um m\u00f3dulo de comunica\u00e7\u00e3o integrado capaz de se ligar em <strong>tecnologia de rede 4G\/LTE ou CAT-M (com retorno para 2G\/GPRS)<\/strong>.<\/p>\n","protected":false},"excerpt":{"rendered":"<p>Qualquer infraestrutura constru\u00edda com estruturas met\u00e1licas est\u00e1 sujeita ao fen\u00f3meno que ocorre quando materiais como o ferro e o a\u00e7o entram em contacto com um eletr\u00f3lito como o solo.<br \/>\n\u00a0<br \/>\nA corros\u00e3o eletrol\u00edtica n\u00e3o pode ser completamente eliminada, mas j\u00e1 na fase de conce\u00e7\u00e3o e constru\u00e7\u00e3o, podem ser tomadas medidas espec\u00edficas para reduzir significativamente os seus efeitos.<\/p>\n","protected":false},"author":15,"featured_media":33407,"parent":48206,"menu_order":7,"comment_status":"closed","ping_status":"closed","template":"template-expertise-child.php","meta":{"_acf_changed":false,"inline_featured_image":false,"footnotes":""},"class_list":["post-48253","page","type-page","status-publish","has-post-thumbnail","hentry"],"acf":[],"yoast_head":"<!-- This site is optimized with the Yoast SEO plugin v27.2 - https:\/\/yoast.com\/product\/yoast-seo-wordpress\/ -->\n<title>Prote\u00e7\u00e3o cat\u00f3dica - Pietro Fiorentini<\/title>\n<meta name=\"description\" content=\"A \u00e1gua pot\u00e1vel, o g\u00e1s natural e os esgotos dom\u00e9sticos correm em estruturas met\u00e1licas e s\u00e3o armazenados em reservat\u00f3rios subterr\u00e2neos.\" \/>\n<meta name=\"robots\" content=\"index, follow, max-snippet:-1, max-image-preview:large, max-video-preview:-1\" \/>\n<link rel=\"canonical\" href=\"https:\/\/fiorentini-iberia.com\/pt\/especialistas\/protecao-catodica\/\" \/>\n<meta property=\"og:locale\" content=\"pt_PT\" \/>\n<meta property=\"og:type\" content=\"article\" \/>\n<meta property=\"og:title\" content=\"Prote\u00e7\u00e3o cat\u00f3dica - Pietro Fiorentini\" \/>\n<meta property=\"og:description\" content=\"A \u00e1gua pot\u00e1vel, o g\u00e1s natural e os esgotos dom\u00e9sticos correm em estruturas met\u00e1licas e s\u00e3o armazenados em reservat\u00f3rios subterr\u00e2neos.\" \/>\n<meta property=\"og:url\" content=\"https:\/\/fiorentini-iberia.com\/pt\/especialistas\/protecao-catodica\/\" \/>\n<meta property=\"og:site_name\" content=\"Pietro Fiorentini\" \/>\n<meta property=\"article:modified_time\" content=\"2024-03-13T20:26:59+00:00\" \/>\n<meta property=\"og:image\" content=\"https:\/\/www.fiorentini-iberia.com\/wp-content\/uploads\/2021\/03\/11_cathodic_protection-1.jpg\" \/>\n\t<meta property=\"og:image:width\" content=\"991\" \/>\n\t<meta property=\"og:image:height\" content=\"991\" \/>\n\t<meta property=\"og:image:type\" content=\"image\/jpeg\" \/>\n<meta name=\"twitter:card\" content=\"summary_large_image\" \/>\n<meta name=\"twitter:site\" content=\"@FiorentiniSpa\" \/>\n<meta name=\"twitter:label1\" content=\"Est. reading time\" \/>\n\t<meta name=\"twitter:data1\" content=\"2 minutes\" \/>\n<script type=\"application\/ld+json\" class=\"yoast-schema-graph\">{\"@context\":\"https:\/\/schema.org\",\"@graph\":[{\"@type\":\"WebPage\",\"@id\":\"https:\/\/fiorentini-iberia.com\/pt\/especialistas\/protecao-catodica\/\",\"url\":\"https:\/\/fiorentini-iberia.com\/pt\/especialistas\/protecao-catodica\/\",\"name\":\"Prote\u00e7\u00e3o cat\u00f3dica - Pietro Fiorentini\",\"isPartOf\":{\"@id\":\"https:\/\/www.fiorentini-iberia.com\/pt\/#website\"},\"primaryImageOfPage\":{\"@id\":\"https:\/\/fiorentini-iberia.com\/pt\/especialistas\/protecao-catodica\/#primaryimage\"},\"image\":{\"@id\":\"https:\/\/fiorentini-iberia.com\/pt\/especialistas\/protecao-catodica\/#primaryimage\"},\"thumbnailUrl\":\"https:\/\/fiorentini-iberia.com\/wp-content\/uploads\/2021\/03\/11_cathodic_protection-1.jpg\",\"datePublished\":\"2023-12-11T09:23:24+00:00\",\"dateModified\":\"2024-03-13T20:26:59+00:00\",\"description\":\"A \u00e1gua pot\u00e1vel, o g\u00e1s natural e os esgotos dom\u00e9sticos correm em estruturas met\u00e1licas e s\u00e3o armazenados em reservat\u00f3rios subterr\u00e2neos.\",\"breadcrumb\":{\"@id\":\"https:\/\/fiorentini-iberia.com\/pt\/especialistas\/protecao-catodica\/#breadcrumb\"},\"inLanguage\":\"pt-PTD\",\"potentialAction\":[{\"@type\":\"ReadAction\",\"target\":[\"https:\/\/fiorentini-iberia.com\/pt\/especialistas\/protecao-catodica\/\"]}]},{\"@type\":\"ImageObject\",\"inLanguage\":\"pt-PTD\",\"@id\":\"https:\/\/fiorentini-iberia.com\/pt\/especialistas\/protecao-catodica\/#primaryimage\",\"url\":\"https:\/\/fiorentini-iberia.com\/wp-content\/uploads\/2021\/03\/11_cathodic_protection-1.jpg\",\"contentUrl\":\"https:\/\/fiorentini-iberia.com\/wp-content\/uploads\/2021\/03\/11_cathodic_protection-1.jpg\",\"width\":991,\"height\":991},{\"@type\":\"BreadcrumbList\",\"@id\":\"https:\/\/fiorentini-iberia.com\/pt\/especialistas\/protecao-catodica\/#breadcrumb\",\"itemListElement\":[{\"@type\":\"ListItem\",\"position\":1,\"name\":\"Home\",\"item\":\"https:\/\/www.fiorentini-iberia.com\/pt\/\"},{\"@type\":\"ListItem\",\"position\":2,\"name\":\"Especialistas\",\"item\":\"https:\/\/www.fiorentini-iberia.com\/pt\/especialistas\/\"},{\"@type\":\"ListItem\",\"position\":3,\"name\":\"Prote\u00e7\u00e3o cat\u00f3dica\"}]},{\"@type\":\"WebSite\",\"@id\":\"https:\/\/www.fiorentini-iberia.com\/pt\/#website\",\"url\":\"https:\/\/www.fiorentini-iberia.com\/pt\/\",\"name\":\"Pietro Fiorentini Iberia\",\"description\":\"Pietro Fiorentini dise\u00f1a y fabrica componentes, sistemas y servicios para la regulaci\u00f3n, medici\u00f3n, gesti\u00f3n de redes de agua, energ\u00edas renovables, petr\u00f3leo y el gas natural, con sistemas adaptados 100% al hidr\u00f3geno.\",\"publisher\":{\"@id\":\"https:\/\/www.fiorentini-iberia.com\/pt\/#organization\"},\"potentialAction\":[{\"@type\":\"SearchAction\",\"target\":{\"@type\":\"EntryPoint\",\"urlTemplate\":\"https:\/\/www.fiorentini-iberia.com\/pt\/?s={search_term_string}\"},\"query-input\":{\"@type\":\"PropertyValueSpecification\",\"valueRequired\":true,\"valueName\":\"search_term_string\"}}],\"inLanguage\":\"pt-PTD\"},{\"@type\":\"Organization\",\"@id\":\"https:\/\/www.fiorentini-iberia.com\/pt\/#organization\",\"name\":\"Pietro Fiorentini Iberia\",\"url\":\"https:\/\/www.fiorentini-iberia.com\/pt\/\",\"logo\":{\"@type\":\"ImageObject\",\"inLanguage\":\"pt-PTD\",\"@id\":\"https:\/\/www.fiorentini-iberia.com\/pt\/#\/schema\/logo\/image\/\",\"url\":\"https:\/\/fiorentini-iberia.com\/wp-content\/uploads\/2020\/11\/logo.svg\",\"contentUrl\":\"https:\/\/fiorentini-iberia.com\/wp-content\/uploads\/2020\/11\/logo.svg\",\"width\":227,\"height\":59,\"caption\":\"Pietro Fiorentini Iberia\"},\"image\":{\"@id\":\"https:\/\/www.fiorentini-iberia.com\/pt\/#\/schema\/logo\/image\/\"},\"sameAs\":[\"https:\/\/x.com\/FiorentiniSpa\",\"https:\/\/www.linkedin.com\/company\/pietro-fiorentini-iberia\/\"]}]}<\/script>\n<!-- \/ Yoast SEO plugin. -->","yoast_head_json":{"title":"Prote\u00e7\u00e3o cat\u00f3dica - Pietro Fiorentini","description":"A \u00e1gua pot\u00e1vel, o g\u00e1s natural e os esgotos dom\u00e9sticos correm em estruturas met\u00e1licas e s\u00e3o armazenados em reservat\u00f3rios subterr\u00e2neos.","robots":{"index":"index","follow":"follow","max-snippet":"max-snippet:-1","max-image-preview":"max-image-preview:large","max-video-preview":"max-video-preview:-1"},"canonical":"https:\/\/fiorentini-iberia.com\/pt\/especialistas\/protecao-catodica\/","og_locale":"pt_PT","og_type":"article","og_title":"Prote\u00e7\u00e3o cat\u00f3dica - Pietro Fiorentini","og_description":"A \u00e1gua pot\u00e1vel, o g\u00e1s natural e os esgotos dom\u00e9sticos correm em estruturas met\u00e1licas e s\u00e3o armazenados em reservat\u00f3rios subterr\u00e2neos.","og_url":"https:\/\/fiorentini-iberia.com\/pt\/especialistas\/protecao-catodica\/","og_site_name":"Pietro Fiorentini","article_modified_time":"2024-03-13T20:26:59+00:00","og_image":[{"width":991,"height":991,"url":"https:\/\/www.fiorentini-iberia.com\/wp-content\/uploads\/2021\/03\/11_cathodic_protection-1.jpg","type":"image\/jpeg"}],"twitter_card":"summary_large_image","twitter_site":"@FiorentiniSpa","twitter_misc":{"Est. reading time":"2 minutes"},"schema":{"@context":"https:\/\/schema.org","@graph":[{"@type":"WebPage","@id":"https:\/\/fiorentini-iberia.com\/pt\/especialistas\/protecao-catodica\/","url":"https:\/\/fiorentini-iberia.com\/pt\/especialistas\/protecao-catodica\/","name":"Prote\u00e7\u00e3o cat\u00f3dica - Pietro Fiorentini","isPartOf":{"@id":"https:\/\/www.fiorentini-iberia.com\/pt\/#website"},"primaryImageOfPage":{"@id":"https:\/\/fiorentini-iberia.com\/pt\/especialistas\/protecao-catodica\/#primaryimage"},"image":{"@id":"https:\/\/fiorentini-iberia.com\/pt\/especialistas\/protecao-catodica\/#primaryimage"},"thumbnailUrl":"https:\/\/fiorentini-iberia.com\/wp-content\/uploads\/2021\/03\/11_cathodic_protection-1.jpg","datePublished":"2023-12-11T09:23:24+00:00","dateModified":"2024-03-13T20:26:59+00:00","description":"A \u00e1gua pot\u00e1vel, o g\u00e1s natural e os esgotos dom\u00e9sticos correm em estruturas met\u00e1licas e s\u00e3o armazenados em reservat\u00f3rios subterr\u00e2neos.","breadcrumb":{"@id":"https:\/\/fiorentini-iberia.com\/pt\/especialistas\/protecao-catodica\/#breadcrumb"},"inLanguage":"pt-PTD","potentialAction":[{"@type":"ReadAction","target":["https:\/\/fiorentini-iberia.com\/pt\/especialistas\/protecao-catodica\/"]}]},{"@type":"ImageObject","inLanguage":"pt-PTD","@id":"https:\/\/fiorentini-iberia.com\/pt\/especialistas\/protecao-catodica\/#primaryimage","url":"https:\/\/fiorentini-iberia.com\/wp-content\/uploads\/2021\/03\/11_cathodic_protection-1.jpg","contentUrl":"https:\/\/fiorentini-iberia.com\/wp-content\/uploads\/2021\/03\/11_cathodic_protection-1.jpg","width":991,"height":991},{"@type":"BreadcrumbList","@id":"https:\/\/fiorentini-iberia.com\/pt\/especialistas\/protecao-catodica\/#breadcrumb","itemListElement":[{"@type":"ListItem","position":1,"name":"Home","item":"https:\/\/www.fiorentini-iberia.com\/pt\/"},{"@type":"ListItem","position":2,"name":"Especialistas","item":"https:\/\/www.fiorentini-iberia.com\/pt\/especialistas\/"},{"@type":"ListItem","position":3,"name":"Prote\u00e7\u00e3o cat\u00f3dica"}]},{"@type":"WebSite","@id":"https:\/\/www.fiorentini-iberia.com\/pt\/#website","url":"https:\/\/www.fiorentini-iberia.com\/pt\/","name":"Pietro Fiorentini Iberia","description":"Pietro Fiorentini dise\u00f1a y fabrica componentes, sistemas y servicios para la regulaci\u00f3n, medici\u00f3n, gesti\u00f3n de redes de agua, energ\u00edas renovables, petr\u00f3leo y el gas natural, con sistemas adaptados 100% al hidr\u00f3geno.","publisher":{"@id":"https:\/\/www.fiorentini-iberia.com\/pt\/#organization"},"potentialAction":[{"@type":"SearchAction","target":{"@type":"EntryPoint","urlTemplate":"https:\/\/www.fiorentini-iberia.com\/pt\/?s={search_term_string}"},"query-input":{"@type":"PropertyValueSpecification","valueRequired":true,"valueName":"search_term_string"}}],"inLanguage":"pt-PTD"},{"@type":"Organization","@id":"https:\/\/www.fiorentini-iberia.com\/pt\/#organization","name":"Pietro Fiorentini Iberia","url":"https:\/\/www.fiorentini-iberia.com\/pt\/","logo":{"@type":"ImageObject","inLanguage":"pt-PTD","@id":"https:\/\/www.fiorentini-iberia.com\/pt\/#\/schema\/logo\/image\/","url":"https:\/\/fiorentini-iberia.com\/wp-content\/uploads\/2020\/11\/logo.svg","contentUrl":"https:\/\/fiorentini-iberia.com\/wp-content\/uploads\/2020\/11\/logo.svg","width":227,"height":59,"caption":"Pietro Fiorentini Iberia"},"image":{"@id":"https:\/\/www.fiorentini-iberia.com\/pt\/#\/schema\/logo\/image\/"},"sameAs":["https:\/\/x.com\/FiorentiniSpa","https:\/\/www.linkedin.com\/company\/pietro-fiorentini-iberia\/"]}]}},"_links":{"self":[{"href":"https:\/\/fiorentini-iberia.com\/pt\/wp-json\/wp\/v2\/pages\/48253","targetHints":{"allow":["GET"]}}],"collection":[{"href":"https:\/\/fiorentini-iberia.com\/pt\/wp-json\/wp\/v2\/pages"}],"about":[{"href":"https:\/\/fiorentini-iberia.com\/pt\/wp-json\/wp\/v2\/types\/page"}],"author":[{"embeddable":true,"href":"https:\/\/fiorentini-iberia.com\/pt\/wp-json\/wp\/v2\/users\/15"}],"replies":[{"embeddable":true,"href":"https:\/\/fiorentini-iberia.com\/pt\/wp-json\/wp\/v2\/comments?post=48253"}],"version-history":[{"count":3,"href":"https:\/\/fiorentini-iberia.com\/pt\/wp-json\/wp\/v2\/pages\/48253\/revisions"}],"predecessor-version":[{"id":50158,"href":"https:\/\/fiorentini-iberia.com\/pt\/wp-json\/wp\/v2\/pages\/48253\/revisions\/50158"}],"up":[{"embeddable":true,"href":"https:\/\/fiorentini-iberia.com\/pt\/wp-json\/wp\/v2\/pages\/48206"}],"wp:featuredmedia":[{"embeddable":true,"href":"https:\/\/fiorentini-iberia.com\/pt\/wp-json\/wp\/v2\/media\/33407"}],"wp:attachment":[{"href":"https:\/\/fiorentini-iberia.com\/pt\/wp-json\/wp\/v2\/media?parent=48253"}],"curies":[{"name":"wp","href":"https:\/\/api.w.org\/{rel}","templated":true}]}}