{"id":48206,"date":"2023-12-11T10:16:39","date_gmt":"2023-12-11T09:16:39","guid":{"rendered":"https:\/\/www.fiorentini-iberia.com\/experiencia\/"},"modified":"2024-06-08T23:21:18","modified_gmt":"2024-06-08T21:21:18","slug":"especialistas","status":"publish","type":"page","link":"https:\/\/fiorentini-iberia.com\/pt\/especialistas\/","title":{"rendered":"Especialistas"},"content":{"rendered":"\n<p>Com <strong>mais de 80 anos de experi\u00eancia<\/strong> e uma cultura empresarial dedicada \u00e0 melhoria cont\u00ednua, estamos constantemente \u00e0 procura de novas formas de avan\u00e7ar. Por esta raz\u00e3o, uma parte consider\u00e1vel dos nossos investimentos destina-se a desenvolver solu\u00e7\u00f5es tecnol\u00f3gicas que abram novas fronteiras, com especial refer\u00eancia \u00e0 utiliza\u00e7\u00e3o de energias renov\u00e1veis com vista \u00e0 transi\u00e7\u00e3o energ\u00e9tica e ao apoio \u00e0 efici\u00eancia das redes de distribui\u00e7\u00e3o e de transporte. <br>\u00a0<br>Mais informa\u00e7\u00f5es sobre os projectos realizados:<\/p>\n","protected":false},"excerpt":{"rendered":"<p>Com mais de 80 anos de experi\u00eancia e uma cultura empresarial dedicada \u00e0 melhoria cont\u00ednua, estamos constantemente \u00e0 procura de novas formas de avan\u00e7ar. Por esta raz\u00e3o, uma parte consider\u00e1vel dos nossos investimentos destina-se a desenvolver solu\u00e7\u00f5es tecnol\u00f3gicas que abram novas fronteiras, com especial refer\u00eancia \u00e0 utiliza\u00e7\u00e3o de energias renov\u00e1veis com vista \u00e0 transi\u00e7\u00e3o energ\u00e9tica [&hellip;]<\/p>\n","protected":false},"author":15,"featured_media":34065,"parent":0,"menu_order":0,"comment_status":"closed","ping_status":"closed","template":"template-expertise.php","meta":{"_acf_changed":false,"inline_featured_image":false,"footnotes":""},"class_list":["post-48206","page","type-page","status-publish","has-post-thumbnail","hentry"],"acf":[],"yoast_head":"<!-- This site is optimized with the Yoast SEO plugin v27.2 - https:\/\/yoast.com\/product\/yoast-seo-wordpress\/ -->\n<title>Especialistas - Pietro Fiorentini<\/title>\n<meta name=\"description\" content=\"Com mais de 80 anos de experi\u00eancia em \u00c1GUA, HIDROG\u00caNIO, BIOMETANO, POWER-TO-GAS, REDES INTELIGENTES DE G\u00c1S e PROTE\u00c7\u00c3O CAT\u00d3DICA, na Pietro Fiorentini o futuro \u00e9 agora.\" \/>\n<meta name=\"robots\" content=\"index, follow, max-snippet:-1, max-image-preview:large, max-video-preview:-1\" \/>\n<link rel=\"canonical\" href=\"https:\/\/fiorentini-iberia.com\/pt\/especialistas\/\" \/>\n<meta property=\"og:locale\" content=\"pt_PT\" \/>\n<meta property=\"og:type\" content=\"article\" \/>\n<meta property=\"og:title\" content=\"Especialistas - Pietro Fiorentini\" \/>\n<meta property=\"og:description\" content=\"Com mais de 80 anos de experi\u00eancia em \u00c1GUA, HIDROG\u00caNIO, BIOMETANO, POWER-TO-GAS, REDES INTELIGENTES DE G\u00c1S e PROTE\u00c7\u00c3O CAT\u00d3DICA, na Pietro Fiorentini o futuro \u00e9 agora.\" \/>\n<meta property=\"og:url\" content=\"https:\/\/fiorentini-iberia.com\/pt\/especialistas\/\" \/>\n<meta property=\"og:site_name\" content=\"Pietro Fiorentini\" \/>\n<meta property=\"article:modified_time\" content=\"2024-06-08T21:21:18+00:00\" \/>\n<meta property=\"og:image\" content=\"https:\/\/www.fiorentini-iberia.com\/wp-content\/uploads\/2021\/04\/00_expertise.jpg\" \/>\n\t<meta property=\"og:image:width\" content=\"1920\" \/>\n\t<meta property=\"og:image:height\" content=\"440\" \/>\n\t<meta property=\"og:image:type\" content=\"image\/jpeg\" \/>\n<meta name=\"twitter:card\" content=\"summary_large_image\" \/>\n<meta name=\"twitter:site\" content=\"@FiorentiniSpa\" \/>\n<meta name=\"twitter:label1\" content=\"Est. reading time\" \/>\n\t<meta name=\"twitter:data1\" content=\"1 minute\" \/>\n<script type=\"application\/ld+json\" class=\"yoast-schema-graph\">{\"@context\":\"https:\/\/schema.org\",\"@graph\":[{\"@type\":\"WebPage\",\"@id\":\"https:\/\/fiorentini-iberia.com\/pt\/especialistas\/\",\"url\":\"https:\/\/fiorentini-iberia.com\/pt\/especialistas\/\",\"name\":\"Especialistas - Pietro Fiorentini\",\"isPartOf\":{\"@id\":\"https:\/\/www.fiorentini-iberia.com\/pt\/#website\"},\"primaryImageOfPage\":{\"@id\":\"https:\/\/fiorentini-iberia.com\/pt\/especialistas\/#primaryimage\"},\"image\":{\"@id\":\"https:\/\/fiorentini-iberia.com\/pt\/especialistas\/#primaryimage\"},\"thumbnailUrl\":\"https:\/\/fiorentini-iberia.com\/wp-content\/uploads\/2021\/04\/00_expertise.jpg\",\"datePublished\":\"2023-12-11T09:16:39+00:00\",\"dateModified\":\"2024-06-08T21:21:18+00:00\",\"description\":\"Com mais de 80 anos de experi\u00eancia em \u00c1GUA, HIDROG\u00caNIO, BIOMETANO, POWER-TO-GAS, REDES INTELIGENTES DE G\u00c1S e PROTE\u00c7\u00c3O CAT\u00d3DICA, na Pietro Fiorentini o futuro \u00e9 agora.\",\"breadcrumb\":{\"@id\":\"https:\/\/fiorentini-iberia.com\/pt\/especialistas\/#breadcrumb\"},\"inLanguage\":\"pt-PTD\",\"potentialAction\":[{\"@type\":\"ReadAction\",\"target\":[\"https:\/\/fiorentini-iberia.com\/pt\/especialistas\/\"]}]},{\"@type\":\"ImageObject\",\"inLanguage\":\"pt-PTD\",\"@id\":\"https:\/\/fiorentini-iberia.com\/pt\/especialistas\/#primaryimage\",\"url\":\"https:\/\/fiorentini-iberia.com\/wp-content\/uploads\/2021\/04\/00_expertise.jpg\",\"contentUrl\":\"https:\/\/fiorentini-iberia.com\/wp-content\/uploads\/2021\/04\/00_expertise.jpg\",\"width\":1920,\"height\":440},{\"@type\":\"BreadcrumbList\",\"@id\":\"https:\/\/fiorentini-iberia.com\/pt\/especialistas\/#breadcrumb\",\"itemListElement\":[{\"@type\":\"ListItem\",\"position\":1,\"name\":\"Home\",\"item\":\"https:\/\/www.fiorentini-iberia.com\/pt\/\"},{\"@type\":\"ListItem\",\"position\":2,\"name\":\"Especialistas\"}]},{\"@type\":\"WebSite\",\"@id\":\"https:\/\/www.fiorentini-iberia.com\/pt\/#website\",\"url\":\"https:\/\/www.fiorentini-iberia.com\/pt\/\",\"name\":\"Pietro Fiorentini Iberia\",\"description\":\"Pietro Fiorentini dise\u00f1a y fabrica componentes, sistemas y servicios para la regulaci\u00f3n, medici\u00f3n, gesti\u00f3n de redes de agua, energ\u00edas renovables, petr\u00f3leo y el gas natural, con sistemas adaptados 100% al hidr\u00f3geno.\",\"publisher\":{\"@id\":\"https:\/\/www.fiorentini-iberia.com\/pt\/#organization\"},\"potentialAction\":[{\"@type\":\"SearchAction\",\"target\":{\"@type\":\"EntryPoint\",\"urlTemplate\":\"https:\/\/www.fiorentini-iberia.com\/pt\/?s={search_term_string}\"},\"query-input\":{\"@type\":\"PropertyValueSpecification\",\"valueRequired\":true,\"valueName\":\"search_term_string\"}}],\"inLanguage\":\"pt-PTD\"},{\"@type\":\"Organization\",\"@id\":\"https:\/\/www.fiorentini-iberia.com\/pt\/#organization\",\"name\":\"Pietro Fiorentini Iberia\",\"url\":\"https:\/\/www.fiorentini-iberia.com\/pt\/\",\"logo\":{\"@type\":\"ImageObject\",\"inLanguage\":\"pt-PTD\",\"@id\":\"https:\/\/www.fiorentini-iberia.com\/pt\/#\/schema\/logo\/image\/\",\"url\":\"https:\/\/fiorentini-iberia.com\/wp-content\/uploads\/2020\/11\/logo.svg\",\"contentUrl\":\"https:\/\/fiorentini-iberia.com\/wp-content\/uploads\/2020\/11\/logo.svg\",\"width\":227,\"height\":59,\"caption\":\"Pietro Fiorentini Iberia\"},\"image\":{\"@id\":\"https:\/\/www.fiorentini-iberia.com\/pt\/#\/schema\/logo\/image\/\"},\"sameAs\":[\"https:\/\/x.com\/FiorentiniSpa\",\"https:\/\/www.linkedin.com\/company\/pietro-fiorentini-iberia\/\"]}]}<\/script>\n<!-- \/ Yoast SEO plugin. -->","yoast_head_json":{"title":"Especialistas - Pietro Fiorentini","description":"Com mais de 80 anos de experi\u00eancia em \u00c1GUA, HIDROG\u00caNIO, BIOMETANO, POWER-TO-GAS, REDES INTELIGENTES DE G\u00c1S e PROTE\u00c7\u00c3O CAT\u00d3DICA, na Pietro Fiorentini o futuro \u00e9 agora.","robots":{"index":"index","follow":"follow","max-snippet":"max-snippet:-1","max-image-preview":"max-image-preview:large","max-video-preview":"max-video-preview:-1"},"canonical":"https:\/\/fiorentini-iberia.com\/pt\/especialistas\/","og_locale":"pt_PT","og_type":"article","og_title":"Especialistas - Pietro Fiorentini","og_description":"Com mais de 80 anos de experi\u00eancia em \u00c1GUA, HIDROG\u00caNIO, BIOMETANO, POWER-TO-GAS, REDES INTELIGENTES DE G\u00c1S e PROTE\u00c7\u00c3O CAT\u00d3DICA, na Pietro Fiorentini o futuro \u00e9 agora.","og_url":"https:\/\/fiorentini-iberia.com\/pt\/especialistas\/","og_site_name":"Pietro Fiorentini","article_modified_time":"2024-06-08T21:21:18+00:00","og_image":[{"width":1920,"height":440,"url":"https:\/\/www.fiorentini-iberia.com\/wp-content\/uploads\/2021\/04\/00_expertise.jpg","type":"image\/jpeg"}],"twitter_card":"summary_large_image","twitter_site":"@FiorentiniSpa","twitter_misc":{"Est. reading time":"1 minute"},"schema":{"@context":"https:\/\/schema.org","@graph":[{"@type":"WebPage","@id":"https:\/\/fiorentini-iberia.com\/pt\/especialistas\/","url":"https:\/\/fiorentini-iberia.com\/pt\/especialistas\/","name":"Especialistas - Pietro Fiorentini","isPartOf":{"@id":"https:\/\/www.fiorentini-iberia.com\/pt\/#website"},"primaryImageOfPage":{"@id":"https:\/\/fiorentini-iberia.com\/pt\/especialistas\/#primaryimage"},"image":{"@id":"https:\/\/fiorentini-iberia.com\/pt\/especialistas\/#primaryimage"},"thumbnailUrl":"https:\/\/fiorentini-iberia.com\/wp-content\/uploads\/2021\/04\/00_expertise.jpg","datePublished":"2023-12-11T09:16:39+00:00","dateModified":"2024-06-08T21:21:18+00:00","description":"Com mais de 80 anos de experi\u00eancia em \u00c1GUA, HIDROG\u00caNIO, BIOMETANO, POWER-TO-GAS, REDES INTELIGENTES DE G\u00c1S e PROTE\u00c7\u00c3O CAT\u00d3DICA, na Pietro Fiorentini o futuro \u00e9 agora.","breadcrumb":{"@id":"https:\/\/fiorentini-iberia.com\/pt\/especialistas\/#breadcrumb"},"inLanguage":"pt-PTD","potentialAction":[{"@type":"ReadAction","target":["https:\/\/fiorentini-iberia.com\/pt\/especialistas\/"]}]},{"@type":"ImageObject","inLanguage":"pt-PTD","@id":"https:\/\/fiorentini-iberia.com\/pt\/especialistas\/#primaryimage","url":"https:\/\/fiorentini-iberia.com\/wp-content\/uploads\/2021\/04\/00_expertise.jpg","contentUrl":"https:\/\/fiorentini-iberia.com\/wp-content\/uploads\/2021\/04\/00_expertise.jpg","width":1920,"height":440},{"@type":"BreadcrumbList","@id":"https:\/\/fiorentini-iberia.com\/pt\/especialistas\/#breadcrumb","itemListElement":[{"@type":"ListItem","position":1,"name":"Home","item":"https:\/\/www.fiorentini-iberia.com\/pt\/"},{"@type":"ListItem","position":2,"name":"Especialistas"}]},{"@type":"WebSite","@id":"https:\/\/www.fiorentini-iberia.com\/pt\/#website","url":"https:\/\/www.fiorentini-iberia.com\/pt\/","name":"Pietro Fiorentini Iberia","description":"Pietro Fiorentini dise\u00f1a y fabrica componentes, sistemas y servicios para la regulaci\u00f3n, medici\u00f3n, gesti\u00f3n de redes de agua, energ\u00edas renovables, petr\u00f3leo y el gas natural, con sistemas adaptados 100% al hidr\u00f3geno.","publisher":{"@id":"https:\/\/www.fiorentini-iberia.com\/pt\/#organization"},"potentialAction":[{"@type":"SearchAction","target":{"@type":"EntryPoint","urlTemplate":"https:\/\/www.fiorentini-iberia.com\/pt\/?s={search_term_string}"},"query-input":{"@type":"PropertyValueSpecification","valueRequired":true,"valueName":"search_term_string"}}],"inLanguage":"pt-PTD"},{"@type":"Organization","@id":"https:\/\/www.fiorentini-iberia.com\/pt\/#organization","name":"Pietro Fiorentini Iberia","url":"https:\/\/www.fiorentini-iberia.com\/pt\/","logo":{"@type":"ImageObject","inLanguage":"pt-PTD","@id":"https:\/\/www.fiorentini-iberia.com\/pt\/#\/schema\/logo\/image\/","url":"https:\/\/fiorentini-iberia.com\/wp-content\/uploads\/2020\/11\/logo.svg","contentUrl":"https:\/\/fiorentini-iberia.com\/wp-content\/uploads\/2020\/11\/logo.svg","width":227,"height":59,"caption":"Pietro Fiorentini Iberia"},"image":{"@id":"https:\/\/www.fiorentini-iberia.com\/pt\/#\/schema\/logo\/image\/"},"sameAs":["https:\/\/x.com\/FiorentiniSpa","https:\/\/www.linkedin.com\/company\/pietro-fiorentini-iberia\/"]}]}},"_links":{"self":[{"href":"https:\/\/fiorentini-iberia.com\/pt\/wp-json\/wp\/v2\/pages\/48206","targetHints":{"allow":["GET"]}}],"collection":[{"href":"https:\/\/fiorentini-iberia.com\/pt\/wp-json\/wp\/v2\/pages"}],"about":[{"href":"https:\/\/fiorentini-iberia.com\/pt\/wp-json\/wp\/v2\/types\/page"}],"author":[{"embeddable":true,"href":"https:\/\/fiorentini-iberia.com\/pt\/wp-json\/wp\/v2\/users\/15"}],"replies":[{"embeddable":true,"href":"https:\/\/fiorentini-iberia.com\/pt\/wp-json\/wp\/v2\/comments?post=48206"}],"version-history":[{"count":3,"href":"https:\/\/fiorentini-iberia.com\/pt\/wp-json\/wp\/v2\/pages\/48206\/revisions"}],"predecessor-version":[{"id":54826,"href":"https:\/\/fiorentini-iberia.com\/pt\/wp-json\/wp\/v2\/pages\/48206\/revisions\/54826"}],"wp:featuredmedia":[{"embeddable":true,"href":"https:\/\/fiorentini-iberia.com\/pt\/wp-json\/wp\/v2\/media\/34065"}],"wp:attachment":[{"href":"https:\/\/fiorentini-iberia.com\/pt\/wp-json\/wp\/v2\/media?parent=48206"}],"curies":[{"name":"wp","href":"https:\/\/api.w.org\/{rel}","templated":true}]}}