{"id":47521,"date":"2021-09-08T10:26:43","date_gmt":"2021-09-08T08:26:43","guid":{"rendered":"https:\/\/www.fiorentini-iberia.com\/termos-e-condicoes-de-utilizacao\/"},"modified":"2021-09-08T10:26:43","modified_gmt":"2021-09-08T08:26:43","slug":"termos-e-condicoes-de-utilizacao","status":"publish","type":"page","link":"https:\/\/fiorentini-iberia.com\/pt\/termos-e-condicoes-de-utilizacao\/","title":{"rendered":"Termos e condi\u00e7\u00f5es de utiliza\u00e7\u00e3o"},"content":{"rendered":"\n<p>Os presentes termos e condi\u00e7\u00f5es (doravante &#8220;<strong>Termos e Condi\u00e7\u00f5es de Utiliza\u00e7\u00e3o<\/strong>&#8220;) regem os termos e condi\u00e7\u00f5es de acesso e utiliza\u00e7\u00e3o das plataformas\/portais Fiorentini (doravante &#8220;<strong>Portal<\/strong>&#8220;) e aplicam-se a todas as utiliza\u00e7\u00f5es, bem como ao seu conte\u00fado, \u00e0s informa\u00e7\u00f5es, \u00e0s recomenda\u00e7\u00f5es e\/ou aos servi\u00e7os prestados pela Pietro Fiorentini Iberia (doravante &#8220;<strong>Vendedor<\/strong>&#8220;) ao cliente (doravante &#8220;<strong>Cliente<\/strong>&#8220;) dentro do site.<\/p>\n\n\n\n<p>O acesso e a utiliza\u00e7\u00e3o do Portal est\u00e3o sujeitos \u00e0 aceita\u00e7\u00e3o dos presentes Termos e Condi\u00e7\u00f5es de Uso.<\/p>\n\n\n\n<div style=\"height:32px\" aria-hidden=\"true\" class=\"wp-block-spacer\"><\/div>\n\n\n\n<h2 class=\"wp-block-heading\"><strong>Credenciais de acesso e autentica\u00e7\u00e3o<\/strong><\/h2>\n\n\n\n<p>O acesso ao Portal s\u00f3 \u00e9 permitido ap\u00f3s a autentica\u00e7\u00e3o do Cliente atrav\u00e9s da utiliza\u00e7\u00e3o das credenciais de acesso. O acesso pode ser concedido atrav\u00e9s de uma conta Microsoft, se o Cliente tiver uma. Caso contr\u00e1rio, o Cliente pode definir a sua pr\u00f3pria palavra-passe de acesso. O Cliente compromete-se a salvaguardar, armazenar, utilizar e preservar a confidencialidade, com o m\u00e1ximo cuidado e dilig\u00eancia, as Credenciais de Acesso, que s\u00e3o estritamente pessoais e n\u00e3o podem ser disponibilizadas e\/ou divulgadas a terceiros n\u00e3o autorizados.<\/p>\n\n\n\n<p>Durante a autoriza\u00e7\u00e3o de acesso ao Portal, o Vendedor registar\u00e1 no sistema o nome, apelido, e-mail (fornecido durante o registo do Cliente), cliente de refer\u00eancia.<\/p>\n\n\n\n<p>O Vendedor reserva-se o direito de suspender e\/ou interromper, a seu exclusivo crit\u00e9rio e sem qualquer obriga\u00e7\u00e3o de aviso pr\u00e9vio, a utiliza\u00e7\u00e3o do Portal pelo Cliente, incluindo, mas n\u00e3o se limitando a, situa\u00e7\u00f5es em que o Vendedor considere que a utiliza\u00e7\u00e3o das plataformas\/portais viola um dos Termos e Condi\u00e7\u00f5es Gerais de Utiliza\u00e7\u00e3o e\/ou constitui uma viola\u00e7\u00e3o da lei ou em caso de rescis\u00e3o do contrato de venda ou distribui\u00e7\u00e3o subjacente.<\/p>\n\n\n\n<div style=\"height:32px\" aria-hidden=\"true\" class=\"wp-block-spacer\"><\/div>\n\n\n\n<h2 class=\"wp-block-heading\"><strong>Prote\u00e7\u00e3o da propriedade intelectual<\/strong><\/h2>\n\n\n\n<p>As plataformas\/portais Pietro Fiorentini e todo o seu conte\u00fado, incluindo, mas n\u00e3o se limitando a, log\u00f3tipos, \u00edcones, marcas, textos, gr\u00e1ficos, fotografias, imagens, imagens em movimento, \u00e1udio, ilustra\u00e7\u00f5es, informa\u00e7\u00f5es t\u00e9cnicas e comerciais e software (doravante &#8220;<strong>Conte\u00fado do Portal<\/strong>&#8220;), s\u00e3o e permanecer\u00e3o propriedade exclusiva do Vendedor. O Cliente est\u00e1 autorizado a visualizar, reproduzir, imprimir e descarregar documentos ou outros materiais, incluindo \u00e1udio e v\u00eddeo, presentes no Portal exclusivamente para uso pessoal, para informa\u00e7\u00e3o e n\u00e3o para uso comercial. Em qualquer caso, o Cliente n\u00e3o pode modificar, copiar, distribuir, enviar, reproduzir, publicar, licenciar, utilizar para a cria\u00e7\u00e3o de outras aplica\u00e7\u00f5es, transferir ou vender o Conte\u00fado do Portal.<\/p>\n\n\n\n<div style=\"height:32px\" aria-hidden=\"true\" class=\"wp-block-spacer\"><\/div>\n\n\n\n<h2 class=\"wp-block-heading\"><strong><strong>N\u00e3o divulga\u00e7\u00e3o e confidencialidade<\/strong><\/strong><\/h2>\n\n\n\n<p>O Cliente reconhece que todas as informa\u00e7\u00f5es de que venha a ter conhecimento durante a utiliza\u00e7\u00e3o do Portal e dos Conte\u00fados do Portal s\u00e3o confidenciais e reservadas e compromete-se a garantir que ele pr\u00f3prio e os seus colaboradores e empregados n\u00e3o as utilizem nem as divulguem a terceiros, seja de que forma for e por que meios for.<\/p>\n\n\n\n<div style=\"height:32px\" aria-hidden=\"true\" class=\"wp-block-spacer\"><\/div>\n\n\n\n<h2 class=\"wp-block-heading\"><strong>Exonera\u00e7\u00e3o de garantias<\/strong><\/h2>\n\n\n\n<p>O Vendedor n\u00e3o garante que o Conte\u00fado do Portal esteja isento de erros nem que os produtos oferecidos estejam continuamente dispon\u00edveis. O Vendedor n\u00e3o faz quaisquer declara\u00e7\u00f5es nem fornece qualquer garantia relativamente \u00e0 utiliza\u00e7\u00e3o do Conte\u00fado em termos de corre\u00e7\u00e3o, exatid\u00e3o, adequa\u00e7\u00e3o, utilidade, precis\u00e3o, fiabilidade ou outros.<\/p>\n\n\n\n<p>O Vendedor n\u00e3o ser\u00e1 respons\u00e1vel se, devido a um erro imput\u00e1vel a uma escolha incorreta por parte do Cliente, os bens adquiridos pelo Cliente atrav\u00e9s do Portal n\u00e3o forem adequados \u00e0 utiliza\u00e7\u00e3o a que se destinam.<\/p>\n\n\n\n<div style=\"height:32px\" aria-hidden=\"true\" class=\"wp-block-spacer\"><\/div>\n\n\n\n<h2 class=\"wp-block-heading\"><strong><strong>Contactos<\/strong><\/strong><\/h2>\n\n\n\n<p>Para todos os esclarecimentos ou pedidos de assist\u00eancia relativos \u00e0 utiliza\u00e7\u00e3o da PF, o Cliente pode dirigir-se ao contacto de refer\u00eancia interno do Vendedor atrav\u00e9s do n\u00famero +34 937 373 120 (Seg-Sex 09:00 &#8211; 16:00)<\/p>\n\n\n\n<div style=\"height:32px\" aria-hidden=\"true\" class=\"wp-block-spacer\"><\/div>\n\n\n\n<h2 class=\"wp-block-heading\"><strong><strong>Direito aplic\u00e1vel e jurisdi\u00e7\u00e3o<\/strong><\/strong><\/h2>\n\n\n\n<p>As Condi\u00e7\u00f5es Gerais de Utiliza\u00e7\u00e3o s\u00e3o regidas pela legisla\u00e7\u00e3o espanhola. Todos os lit\u00edgios resultantes das presentes Condi\u00e7\u00f5es de Utiliza\u00e7\u00e3o ser\u00e3o resolvidos por arbitragem, de acordo com o Regulamento da C\u00e2mara de Arbitragem da C.C.I.A.A. [C\u00e2mara de Com\u00e9rcio, Ind\u00fastria, Artesanato e Agricultura] de Barcelona, por um \u00e1rbitro \u00fanico, nomeado em conformidade com o referido Regulamento. Sede da arbitragem: Barcelona.<\/p>\n\n\n\n<div style=\"height:32px\" aria-hidden=\"true\" class=\"wp-block-spacer\"><\/div>\n\n\n\n<h2 class=\"wp-block-heading\"><strong><strong>Prote\u00e7\u00e3o dos dados do cliente nos termos do (It.) Decreto Legislativo n. 196 de 30.6.2003 (com a reda\u00e7\u00e3o que lhe foi dada) e Regulamento (UE) 679\/2016.<\/strong><\/strong><\/h2>\n\n\n\n<p>Todos os dados do Cliente adquiridos para o registo no Portal ou quando este \u00e9 utilizado pelo Cliente ser\u00e3o processados e armazenados pelo Vendedor em papel, ficheiros eletr\u00f3nicos ou suportes magn\u00e9ticos e ser\u00e3o utilizados exclusivamente para os fins para os quais foram recolhidos.<\/p>\n","protected":false},"excerpt":{"rendered":"<p>Os presentes termos e condi\u00e7\u00f5es (doravante &#8220;Termos e Condi\u00e7\u00f5es de Utiliza\u00e7\u00e3o&#8220;) regem os termos e condi\u00e7\u00f5es de acesso e utiliza\u00e7\u00e3o das plataformas\/portais Fiorentini (doravante &#8220;Portal&#8220;) e aplicam-se a todas as utiliza\u00e7\u00f5es, bem como ao seu conte\u00fado, \u00e0s informa\u00e7\u00f5es, \u00e0s recomenda\u00e7\u00f5es e\/ou aos servi\u00e7os prestados pela Pietro Fiorentini Iberia (doravante &#8220;Vendedor&#8220;) ao cliente (doravante &#8220;Cliente&#8220;) dentro [&hellip;]<\/p>\n","protected":false},"author":12,"featured_media":47522,"parent":0,"menu_order":0,"comment_status":"closed","ping_status":"closed","template":"","meta":{"_acf_changed":false,"inline_featured_image":false,"footnotes":""},"class_list":["post-47521","page","type-page","status-publish","has-post-thumbnail","hentry"],"acf":[],"yoast_head":"<!-- This site is optimized with the Yoast SEO plugin v27.2 - https:\/\/yoast.com\/product\/yoast-seo-wordpress\/ -->\n<title>Termos e condi\u00e7\u00f5es de utiliza\u00e7\u00e3o - Pietro Fiorentini<\/title>\n<meta name=\"robots\" content=\"index, follow, max-snippet:-1, max-image-preview:large, max-video-preview:-1\" \/>\n<link rel=\"canonical\" href=\"https:\/\/fiorentini-iberia.com\/pt\/termos-e-condicoes-de-utilizacao\/\" \/>\n<meta property=\"og:locale\" content=\"pt_PT\" \/>\n<meta property=\"og:type\" content=\"article\" \/>\n<meta property=\"og:title\" content=\"Termos e condi\u00e7\u00f5es de utiliza\u00e7\u00e3o - Pietro Fiorentini\" \/>\n<meta property=\"og:description\" content=\"Os presentes termos e condi\u00e7\u00f5es (doravante &#8220;Termos e Condi\u00e7\u00f5es de Utiliza\u00e7\u00e3o&#8220;) regem os termos e condi\u00e7\u00f5es de acesso e utiliza\u00e7\u00e3o das plataformas\/portais Fiorentini (doravante &#8220;Portal&#8220;) e aplicam-se a todas as utiliza\u00e7\u00f5es, bem como ao seu conte\u00fado, \u00e0s informa\u00e7\u00f5es, \u00e0s recomenda\u00e7\u00f5es e\/ou aos servi\u00e7os prestados pela Pietro Fiorentini Iberia (doravante &#8220;Vendedor&#8220;) ao cliente (doravante &#8220;Cliente&#8220;) dentro [&hellip;]\" \/>\n<meta property=\"og:url\" content=\"https:\/\/fiorentini-iberia.com\/pt\/termos-e-condicoes-de-utilizacao\/\" \/>\n<meta property=\"og:site_name\" content=\"Pietro Fiorentini\" \/>\n<meta name=\"twitter:card\" content=\"summary_large_image\" \/>\n<meta name=\"twitter:site\" content=\"@FiorentiniSpa\" \/>\n<meta name=\"twitter:label1\" content=\"Est. reading time\" \/>\n\t<meta name=\"twitter:data1\" content=\"4 minutes\" \/>\n<script type=\"application\/ld+json\" class=\"yoast-schema-graph\">{\"@context\":\"https:\/\/schema.org\",\"@graph\":[{\"@type\":\"WebPage\",\"@id\":\"https:\/\/fiorentini-iberia.com\/pt\/termos-e-condicoes-de-utilizacao\/\",\"url\":\"https:\/\/fiorentini-iberia.com\/pt\/termos-e-condicoes-de-utilizacao\/\",\"name\":\"Termos e condi\u00e7\u00f5es de utiliza\u00e7\u00e3o - Pietro Fiorentini\",\"isPartOf\":{\"@id\":\"https:\/\/www.fiorentini-iberia.com\/pt\/#website\"},\"primaryImageOfPage\":{\"@id\":\"https:\/\/fiorentini-iberia.com\/pt\/termos-e-condicoes-de-utilizacao\/#primaryimage\"},\"image\":{\"@id\":\"https:\/\/fiorentini-iberia.com\/pt\/termos-e-condicoes-de-utilizacao\/#primaryimage\"},\"thumbnailUrl\":\"https:\/\/fiorentini-iberia.com\/wp-content\/uploads\/2021\/04\/01_legal.jpeg\",\"datePublished\":\"2021-09-08T08:26:43+00:00\",\"breadcrumb\":{\"@id\":\"https:\/\/fiorentini-iberia.com\/pt\/termos-e-condicoes-de-utilizacao\/#breadcrumb\"},\"inLanguage\":\"pt-PTD\",\"potentialAction\":[{\"@type\":\"ReadAction\",\"target\":[\"https:\/\/fiorentini-iberia.com\/pt\/termos-e-condicoes-de-utilizacao\/\"]}]},{\"@type\":\"ImageObject\",\"inLanguage\":\"pt-PTD\",\"@id\":\"https:\/\/fiorentini-iberia.com\/pt\/termos-e-condicoes-de-utilizacao\/#primaryimage\",\"url\":\"https:\/\/fiorentini-iberia.com\/wp-content\/uploads\/2021\/04\/01_legal.jpeg\",\"contentUrl\":\"https:\/\/fiorentini-iberia.com\/wp-content\/uploads\/2021\/04\/01_legal.jpeg\",\"width\":1920,\"height\":288},{\"@type\":\"BreadcrumbList\",\"@id\":\"https:\/\/fiorentini-iberia.com\/pt\/termos-e-condicoes-de-utilizacao\/#breadcrumb\",\"itemListElement\":[{\"@type\":\"ListItem\",\"position\":1,\"name\":\"Home\",\"item\":\"https:\/\/www.fiorentini-iberia.com\/pt\/\"},{\"@type\":\"ListItem\",\"position\":2,\"name\":\"Termos e condi\u00e7\u00f5es de utiliza\u00e7\u00e3o\"}]},{\"@type\":\"WebSite\",\"@id\":\"https:\/\/www.fiorentini-iberia.com\/pt\/#website\",\"url\":\"https:\/\/www.fiorentini-iberia.com\/pt\/\",\"name\":\"Pietro Fiorentini Iberia\",\"description\":\"Pietro Fiorentini dise\u00f1a y fabrica componentes, sistemas y servicios para la regulaci\u00f3n, medici\u00f3n, gesti\u00f3n de redes de agua, energ\u00edas renovables, petr\u00f3leo y el gas natural, con sistemas adaptados 100% al hidr\u00f3geno.\",\"publisher\":{\"@id\":\"https:\/\/www.fiorentini-iberia.com\/pt\/#organization\"},\"potentialAction\":[{\"@type\":\"SearchAction\",\"target\":{\"@type\":\"EntryPoint\",\"urlTemplate\":\"https:\/\/www.fiorentini-iberia.com\/pt\/?s={search_term_string}\"},\"query-input\":{\"@type\":\"PropertyValueSpecification\",\"valueRequired\":true,\"valueName\":\"search_term_string\"}}],\"inLanguage\":\"pt-PTD\"},{\"@type\":\"Organization\",\"@id\":\"https:\/\/www.fiorentini-iberia.com\/pt\/#organization\",\"name\":\"Pietro Fiorentini Iberia\",\"url\":\"https:\/\/www.fiorentini-iberia.com\/pt\/\",\"logo\":{\"@type\":\"ImageObject\",\"inLanguage\":\"pt-PTD\",\"@id\":\"https:\/\/www.fiorentini-iberia.com\/pt\/#\/schema\/logo\/image\/\",\"url\":\"https:\/\/fiorentini-iberia.com\/wp-content\/uploads\/2020\/11\/logo.svg\",\"contentUrl\":\"https:\/\/fiorentini-iberia.com\/wp-content\/uploads\/2020\/11\/logo.svg\",\"width\":227,\"height\":59,\"caption\":\"Pietro Fiorentini Iberia\"},\"image\":{\"@id\":\"https:\/\/www.fiorentini-iberia.com\/pt\/#\/schema\/logo\/image\/\"},\"sameAs\":[\"https:\/\/x.com\/FiorentiniSpa\",\"https:\/\/www.linkedin.com\/company\/pietro-fiorentini-iberia\/\"]}]}<\/script>\n<!-- \/ Yoast SEO plugin. -->","yoast_head_json":{"title":"Termos e condi\u00e7\u00f5es de utiliza\u00e7\u00e3o - Pietro Fiorentini","robots":{"index":"index","follow":"follow","max-snippet":"max-snippet:-1","max-image-preview":"max-image-preview:large","max-video-preview":"max-video-preview:-1"},"canonical":"https:\/\/fiorentini-iberia.com\/pt\/termos-e-condicoes-de-utilizacao\/","og_locale":"pt_PT","og_type":"article","og_title":"Termos e condi\u00e7\u00f5es de utiliza\u00e7\u00e3o - Pietro Fiorentini","og_description":"Os presentes termos e condi\u00e7\u00f5es (doravante &#8220;Termos e Condi\u00e7\u00f5es de Utiliza\u00e7\u00e3o&#8220;) regem os termos e condi\u00e7\u00f5es de acesso e utiliza\u00e7\u00e3o das plataformas\/portais Fiorentini (doravante &#8220;Portal&#8220;) e aplicam-se a todas as utiliza\u00e7\u00f5es, bem como ao seu conte\u00fado, \u00e0s informa\u00e7\u00f5es, \u00e0s recomenda\u00e7\u00f5es e\/ou aos servi\u00e7os prestados pela Pietro Fiorentini Iberia (doravante &#8220;Vendedor&#8220;) ao cliente (doravante &#8220;Cliente&#8220;) dentro [&hellip;]","og_url":"https:\/\/fiorentini-iberia.com\/pt\/termos-e-condicoes-de-utilizacao\/","og_site_name":"Pietro Fiorentini","twitter_card":"summary_large_image","twitter_site":"@FiorentiniSpa","twitter_misc":{"Est. reading time":"4 minutes"},"schema":{"@context":"https:\/\/schema.org","@graph":[{"@type":"WebPage","@id":"https:\/\/fiorentini-iberia.com\/pt\/termos-e-condicoes-de-utilizacao\/","url":"https:\/\/fiorentini-iberia.com\/pt\/termos-e-condicoes-de-utilizacao\/","name":"Termos e condi\u00e7\u00f5es de utiliza\u00e7\u00e3o - Pietro Fiorentini","isPartOf":{"@id":"https:\/\/www.fiorentini-iberia.com\/pt\/#website"},"primaryImageOfPage":{"@id":"https:\/\/fiorentini-iberia.com\/pt\/termos-e-condicoes-de-utilizacao\/#primaryimage"},"image":{"@id":"https:\/\/fiorentini-iberia.com\/pt\/termos-e-condicoes-de-utilizacao\/#primaryimage"},"thumbnailUrl":"https:\/\/fiorentini-iberia.com\/wp-content\/uploads\/2021\/04\/01_legal.jpeg","datePublished":"2021-09-08T08:26:43+00:00","breadcrumb":{"@id":"https:\/\/fiorentini-iberia.com\/pt\/termos-e-condicoes-de-utilizacao\/#breadcrumb"},"inLanguage":"pt-PTD","potentialAction":[{"@type":"ReadAction","target":["https:\/\/fiorentini-iberia.com\/pt\/termos-e-condicoes-de-utilizacao\/"]}]},{"@type":"ImageObject","inLanguage":"pt-PTD","@id":"https:\/\/fiorentini-iberia.com\/pt\/termos-e-condicoes-de-utilizacao\/#primaryimage","url":"https:\/\/fiorentini-iberia.com\/wp-content\/uploads\/2021\/04\/01_legal.jpeg","contentUrl":"https:\/\/fiorentini-iberia.com\/wp-content\/uploads\/2021\/04\/01_legal.jpeg","width":1920,"height":288},{"@type":"BreadcrumbList","@id":"https:\/\/fiorentini-iberia.com\/pt\/termos-e-condicoes-de-utilizacao\/#breadcrumb","itemListElement":[{"@type":"ListItem","position":1,"name":"Home","item":"https:\/\/www.fiorentini-iberia.com\/pt\/"},{"@type":"ListItem","position":2,"name":"Termos e condi\u00e7\u00f5es de utiliza\u00e7\u00e3o"}]},{"@type":"WebSite","@id":"https:\/\/www.fiorentini-iberia.com\/pt\/#website","url":"https:\/\/www.fiorentini-iberia.com\/pt\/","name":"Pietro Fiorentini Iberia","description":"Pietro Fiorentini dise\u00f1a y fabrica componentes, sistemas y servicios para la regulaci\u00f3n, medici\u00f3n, gesti\u00f3n de redes de agua, energ\u00edas renovables, petr\u00f3leo y el gas natural, con sistemas adaptados 100% al hidr\u00f3geno.","publisher":{"@id":"https:\/\/www.fiorentini-iberia.com\/pt\/#organization"},"potentialAction":[{"@type":"SearchAction","target":{"@type":"EntryPoint","urlTemplate":"https:\/\/www.fiorentini-iberia.com\/pt\/?s={search_term_string}"},"query-input":{"@type":"PropertyValueSpecification","valueRequired":true,"valueName":"search_term_string"}}],"inLanguage":"pt-PTD"},{"@type":"Organization","@id":"https:\/\/www.fiorentini-iberia.com\/pt\/#organization","name":"Pietro Fiorentini Iberia","url":"https:\/\/www.fiorentini-iberia.com\/pt\/","logo":{"@type":"ImageObject","inLanguage":"pt-PTD","@id":"https:\/\/www.fiorentini-iberia.com\/pt\/#\/schema\/logo\/image\/","url":"https:\/\/fiorentini-iberia.com\/wp-content\/uploads\/2020\/11\/logo.svg","contentUrl":"https:\/\/fiorentini-iberia.com\/wp-content\/uploads\/2020\/11\/logo.svg","width":227,"height":59,"caption":"Pietro Fiorentini Iberia"},"image":{"@id":"https:\/\/www.fiorentini-iberia.com\/pt\/#\/schema\/logo\/image\/"},"sameAs":["https:\/\/x.com\/FiorentiniSpa","https:\/\/www.linkedin.com\/company\/pietro-fiorentini-iberia\/"]}]}},"_links":{"self":[{"href":"https:\/\/fiorentini-iberia.com\/pt\/wp-json\/wp\/v2\/pages\/47521","targetHints":{"allow":["GET"]}}],"collection":[{"href":"https:\/\/fiorentini-iberia.com\/pt\/wp-json\/wp\/v2\/pages"}],"about":[{"href":"https:\/\/fiorentini-iberia.com\/pt\/wp-json\/wp\/v2\/types\/page"}],"author":[{"embeddable":true,"href":"https:\/\/fiorentini-iberia.com\/pt\/wp-json\/wp\/v2\/users\/12"}],"replies":[{"embeddable":true,"href":"https:\/\/fiorentini-iberia.com\/pt\/wp-json\/wp\/v2\/comments?post=47521"}],"version-history":[{"count":0,"href":"https:\/\/fiorentini-iberia.com\/pt\/wp-json\/wp\/v2\/pages\/47521\/revisions"}],"wp:featuredmedia":[{"embeddable":true,"href":"https:\/\/fiorentini-iberia.com\/pt\/wp-json\/wp\/v2\/media\/47522"}],"wp:attachment":[{"href":"https:\/\/fiorentini-iberia.com\/pt\/wp-json\/wp\/v2\/media?parent=47521"}],"curies":[{"name":"wp","href":"https:\/\/api.w.org\/{rel}","templated":true}]}}