{"id":47519,"date":"2022-04-29T17:49:17","date_gmt":"2022-04-29T15:49:17","guid":{"rendered":"https:\/\/www.fiorentini-iberia.com\/junte-se-a-nossa-equipa\/"},"modified":"2025-03-19T13:27:49","modified_gmt":"2025-03-19T12:27:49","slug":"junte-se-a-nossa-equipa","status":"publish","type":"page","link":"https:\/\/fiorentini-iberia.com\/pt\/junte-se-a-nossa-equipa\/","title":{"rendered":"Junte-se \u00e0 nossa equipa"},"content":{"rendered":"\n<p>Na Pietro Fiorentini, a carreira de cada um dos nossos colaboradores \u00e9 acompanhada, apoiada e alimentada com forma\u00e7\u00e3o em produtos, compet\u00eancias funcionais e pessoais. \u00c9 assim que criamos uma <strong>cultura de melhoria cont\u00ednua<\/strong>, que leva todos os nossos funcion\u00e1rios a empenharem-se tanto no seu crescimento individual como no da empresa.<br><br>&nbsp;<\/p>\n\n\n\n<p style=\"font-size:23px\"><strong><strong>Oportunidades abertas na Pietro Fiorentini Iberia<\/strong><br><\/strong>&nbsp;<\/p>\n\n\n\n\n\n<p><strong>><\/strong> <strong><a href=\"https:\/\/www.fiorentini-iberia.com\/pt\/junte-se-a-nossa-equipa\/tecnico-a-de-back-office\/\">Suporte Back-Office para a Divis\u00e3o \u00c1gua da Pietro Fiorentini Iberia em Barcelona<\/a><\/strong><\/p>\n\n\n\n\n\n<p style=\"font-size:23px\"><br>&nbsp;<br><strong>Oportunidades internacionais<\/strong><br>&nbsp;<\/p>\n\n\n\n<p>Como fazemos parte da Pietro Fiorentini SpA, <strong>uma empresa presente em 30 locais internacionais<\/strong>, podemos oferecer empregos em todo o mundo.<\/p>\n","protected":false},"excerpt":{"rendered":"<p>Na Pietro Fiorentini, a carreira de cada um dos nossos colaboradores \u00e9 acompanhada, apoiada e alimentada com forma\u00e7\u00e3o em produtos, compet\u00eancias funcionais e pessoais. \u00c9 assim que criamos uma cultura de melhoria cont\u00ednua, que leva todos os nossos funcion\u00e1rios a empenharem-se tanto no seu crescimento individual como no da empresa. &nbsp; Oportunidades abertas na Pietro [&hellip;]<\/p>\n","protected":false},"author":15,"featured_media":31338,"parent":0,"menu_order":0,"comment_status":"closed","ping_status":"closed","template":"template-careers.php","meta":{"_acf_changed":false,"inline_featured_image":false,"footnotes":""},"class_list":["post-47519","page","type-page","status-publish","has-post-thumbnail","hentry"],"acf":[],"yoast_head":"<!-- This site is optimized with the Yoast SEO plugin v27.2 - https:\/\/yoast.com\/product\/yoast-seo-wordpress\/ -->\n<title>Junte-se \u00e0 nossa equipa - Pietro Fiorentini<\/title>\n<meta name=\"description\" content=\"Trabalhar na Pietro Fiorentini significa juntar-se a uma grande fam\u00edlia e ter a oportunidade de crescer a n\u00edvel internacional.\" \/>\n<meta name=\"robots\" content=\"index, follow, max-snippet:-1, max-image-preview:large, max-video-preview:-1\" \/>\n<link rel=\"canonical\" href=\"https:\/\/fiorentini-iberia.com\/pt\/junte-se-a-nossa-equipa\/\" \/>\n<meta property=\"og:locale\" content=\"pt_PT\" \/>\n<meta property=\"og:type\" content=\"article\" \/>\n<meta property=\"og:title\" content=\"Junte-se \u00e0 nossa equipa - Pietro Fiorentini\" \/>\n<meta property=\"og:description\" content=\"Trabalhar na Pietro Fiorentini significa juntar-se a uma grande fam\u00edlia e ter a oportunidade de crescer a n\u00edvel internacional.\" \/>\n<meta property=\"og:url\" content=\"https:\/\/fiorentini-iberia.com\/pt\/junte-se-a-nossa-equipa\/\" \/>\n<meta property=\"og:site_name\" content=\"Pietro Fiorentini\" \/>\n<meta property=\"article:modified_time\" content=\"2025-03-19T12:27:49+00:00\" \/>\n<meta property=\"og:image\" content=\"https:\/\/www.fiorentini-iberia.com\/wp-content\/uploads\/2022\/11\/06-Unete-al-equipo-capcalera-1.jpg\" \/>\n\t<meta property=\"og:image:width\" content=\"1920\" \/>\n\t<meta property=\"og:image:height\" content=\"1440\" \/>\n\t<meta property=\"og:image:type\" content=\"image\/jpeg\" \/>\n<meta name=\"twitter:card\" content=\"summary_large_image\" \/>\n<meta name=\"twitter:site\" content=\"@FiorentiniSpa\" \/>\n<meta name=\"twitter:label1\" content=\"Est. reading time\" \/>\n\t<meta name=\"twitter:data1\" content=\"1 minute\" \/>\n<script type=\"application\/ld+json\" class=\"yoast-schema-graph\">{\"@context\":\"https:\/\/schema.org\",\"@graph\":[{\"@type\":\"WebPage\",\"@id\":\"https:\/\/fiorentini-iberia.com\/pt\/junte-se-a-nossa-equipa\/\",\"url\":\"https:\/\/fiorentini-iberia.com\/pt\/junte-se-a-nossa-equipa\/\",\"name\":\"Junte-se \u00e0 nossa equipa - Pietro Fiorentini\",\"isPartOf\":{\"@id\":\"https:\/\/www.fiorentini-iberia.com\/pt\/#website\"},\"primaryImageOfPage\":{\"@id\":\"https:\/\/fiorentini-iberia.com\/pt\/junte-se-a-nossa-equipa\/#primaryimage\"},\"image\":{\"@id\":\"https:\/\/fiorentini-iberia.com\/pt\/junte-se-a-nossa-equipa\/#primaryimage\"},\"thumbnailUrl\":\"https:\/\/fiorentini-iberia.com\/wp-content\/uploads\/2022\/11\/06-Unete-al-equipo-capcalera-1.jpg\",\"datePublished\":\"2022-04-29T15:49:17+00:00\",\"dateModified\":\"2025-03-19T12:27:49+00:00\",\"description\":\"Trabalhar na Pietro Fiorentini significa juntar-se a uma grande fam\u00edlia e ter a oportunidade de crescer a n\u00edvel internacional.\",\"breadcrumb\":{\"@id\":\"https:\/\/fiorentini-iberia.com\/pt\/junte-se-a-nossa-equipa\/#breadcrumb\"},\"inLanguage\":\"pt-PTD\",\"potentialAction\":[{\"@type\":\"ReadAction\",\"target\":[\"https:\/\/fiorentini-iberia.com\/pt\/junte-se-a-nossa-equipa\/\"]}]},{\"@type\":\"ImageObject\",\"inLanguage\":\"pt-PTD\",\"@id\":\"https:\/\/fiorentini-iberia.com\/pt\/junte-se-a-nossa-equipa\/#primaryimage\",\"url\":\"https:\/\/fiorentini-iberia.com\/wp-content\/uploads\/2022\/11\/06-Unete-al-equipo-capcalera-1.jpg\",\"contentUrl\":\"https:\/\/fiorentini-iberia.com\/wp-content\/uploads\/2022\/11\/06-Unete-al-equipo-capcalera-1.jpg\",\"width\":1920,\"height\":1440,\"caption\":\"Unete al equipo-Pietro Fiorentini Iberia\"},{\"@type\":\"BreadcrumbList\",\"@id\":\"https:\/\/fiorentini-iberia.com\/pt\/junte-se-a-nossa-equipa\/#breadcrumb\",\"itemListElement\":[{\"@type\":\"ListItem\",\"position\":1,\"name\":\"Home\",\"item\":\"https:\/\/www.fiorentini-iberia.com\/pt\/\"},{\"@type\":\"ListItem\",\"position\":2,\"name\":\"Junte-se \u00e0 nossa equipa\"}]},{\"@type\":\"WebSite\",\"@id\":\"https:\/\/www.fiorentini-iberia.com\/pt\/#website\",\"url\":\"https:\/\/www.fiorentini-iberia.com\/pt\/\",\"name\":\"Pietro Fiorentini Iberia\",\"description\":\"Pietro Fiorentini dise\u00f1a y fabrica componentes, sistemas y servicios para la regulaci\u00f3n, medici\u00f3n, gesti\u00f3n de redes de agua, energ\u00edas renovables, petr\u00f3leo y el gas natural, con sistemas adaptados 100% al hidr\u00f3geno.\",\"publisher\":{\"@id\":\"https:\/\/www.fiorentini-iberia.com\/pt\/#organization\"},\"potentialAction\":[{\"@type\":\"SearchAction\",\"target\":{\"@type\":\"EntryPoint\",\"urlTemplate\":\"https:\/\/www.fiorentini-iberia.com\/pt\/?s={search_term_string}\"},\"query-input\":{\"@type\":\"PropertyValueSpecification\",\"valueRequired\":true,\"valueName\":\"search_term_string\"}}],\"inLanguage\":\"pt-PTD\"},{\"@type\":\"Organization\",\"@id\":\"https:\/\/www.fiorentini-iberia.com\/pt\/#organization\",\"name\":\"Pietro Fiorentini Iberia\",\"url\":\"https:\/\/www.fiorentini-iberia.com\/pt\/\",\"logo\":{\"@type\":\"ImageObject\",\"inLanguage\":\"pt-PTD\",\"@id\":\"https:\/\/www.fiorentini-iberia.com\/pt\/#\/schema\/logo\/image\/\",\"url\":\"https:\/\/fiorentini-iberia.com\/wp-content\/uploads\/2020\/11\/logo.svg\",\"contentUrl\":\"https:\/\/fiorentini-iberia.com\/wp-content\/uploads\/2020\/11\/logo.svg\",\"width\":227,\"height\":59,\"caption\":\"Pietro Fiorentini Iberia\"},\"image\":{\"@id\":\"https:\/\/www.fiorentini-iberia.com\/pt\/#\/schema\/logo\/image\/\"},\"sameAs\":[\"https:\/\/x.com\/FiorentiniSpa\",\"https:\/\/www.linkedin.com\/company\/pietro-fiorentini-iberia\/\"]}]}<\/script>\n<!-- \/ Yoast SEO plugin. -->","yoast_head_json":{"title":"Junte-se \u00e0 nossa equipa - Pietro Fiorentini","description":"Trabalhar na Pietro Fiorentini significa juntar-se a uma grande fam\u00edlia e ter a oportunidade de crescer a n\u00edvel internacional.","robots":{"index":"index","follow":"follow","max-snippet":"max-snippet:-1","max-image-preview":"max-image-preview:large","max-video-preview":"max-video-preview:-1"},"canonical":"https:\/\/fiorentini-iberia.com\/pt\/junte-se-a-nossa-equipa\/","og_locale":"pt_PT","og_type":"article","og_title":"Junte-se \u00e0 nossa equipa - Pietro Fiorentini","og_description":"Trabalhar na Pietro Fiorentini significa juntar-se a uma grande fam\u00edlia e ter a oportunidade de crescer a n\u00edvel internacional.","og_url":"https:\/\/fiorentini-iberia.com\/pt\/junte-se-a-nossa-equipa\/","og_site_name":"Pietro Fiorentini","article_modified_time":"2025-03-19T12:27:49+00:00","og_image":[{"width":1920,"height":1440,"url":"https:\/\/www.fiorentini-iberia.com\/wp-content\/uploads\/2022\/11\/06-Unete-al-equipo-capcalera-1.jpg","type":"image\/jpeg"}],"twitter_card":"summary_large_image","twitter_site":"@FiorentiniSpa","twitter_misc":{"Est. reading time":"1 minute"},"schema":{"@context":"https:\/\/schema.org","@graph":[{"@type":"WebPage","@id":"https:\/\/fiorentini-iberia.com\/pt\/junte-se-a-nossa-equipa\/","url":"https:\/\/fiorentini-iberia.com\/pt\/junte-se-a-nossa-equipa\/","name":"Junte-se \u00e0 nossa equipa - Pietro Fiorentini","isPartOf":{"@id":"https:\/\/www.fiorentini-iberia.com\/pt\/#website"},"primaryImageOfPage":{"@id":"https:\/\/fiorentini-iberia.com\/pt\/junte-se-a-nossa-equipa\/#primaryimage"},"image":{"@id":"https:\/\/fiorentini-iberia.com\/pt\/junte-se-a-nossa-equipa\/#primaryimage"},"thumbnailUrl":"https:\/\/fiorentini-iberia.com\/wp-content\/uploads\/2022\/11\/06-Unete-al-equipo-capcalera-1.jpg","datePublished":"2022-04-29T15:49:17+00:00","dateModified":"2025-03-19T12:27:49+00:00","description":"Trabalhar na Pietro Fiorentini significa juntar-se a uma grande fam\u00edlia e ter a oportunidade de crescer a n\u00edvel internacional.","breadcrumb":{"@id":"https:\/\/fiorentini-iberia.com\/pt\/junte-se-a-nossa-equipa\/#breadcrumb"},"inLanguage":"pt-PTD","potentialAction":[{"@type":"ReadAction","target":["https:\/\/fiorentini-iberia.com\/pt\/junte-se-a-nossa-equipa\/"]}]},{"@type":"ImageObject","inLanguage":"pt-PTD","@id":"https:\/\/fiorentini-iberia.com\/pt\/junte-se-a-nossa-equipa\/#primaryimage","url":"https:\/\/fiorentini-iberia.com\/wp-content\/uploads\/2022\/11\/06-Unete-al-equipo-capcalera-1.jpg","contentUrl":"https:\/\/fiorentini-iberia.com\/wp-content\/uploads\/2022\/11\/06-Unete-al-equipo-capcalera-1.jpg","width":1920,"height":1440,"caption":"Unete al equipo-Pietro Fiorentini Iberia"},{"@type":"BreadcrumbList","@id":"https:\/\/fiorentini-iberia.com\/pt\/junte-se-a-nossa-equipa\/#breadcrumb","itemListElement":[{"@type":"ListItem","position":1,"name":"Home","item":"https:\/\/www.fiorentini-iberia.com\/pt\/"},{"@type":"ListItem","position":2,"name":"Junte-se \u00e0 nossa equipa"}]},{"@type":"WebSite","@id":"https:\/\/www.fiorentini-iberia.com\/pt\/#website","url":"https:\/\/www.fiorentini-iberia.com\/pt\/","name":"Pietro Fiorentini Iberia","description":"Pietro Fiorentini dise\u00f1a y fabrica componentes, sistemas y servicios para la regulaci\u00f3n, medici\u00f3n, gesti\u00f3n de redes de agua, energ\u00edas renovables, petr\u00f3leo y el gas natural, con sistemas adaptados 100% al hidr\u00f3geno.","publisher":{"@id":"https:\/\/www.fiorentini-iberia.com\/pt\/#organization"},"potentialAction":[{"@type":"SearchAction","target":{"@type":"EntryPoint","urlTemplate":"https:\/\/www.fiorentini-iberia.com\/pt\/?s={search_term_string}"},"query-input":{"@type":"PropertyValueSpecification","valueRequired":true,"valueName":"search_term_string"}}],"inLanguage":"pt-PTD"},{"@type":"Organization","@id":"https:\/\/www.fiorentini-iberia.com\/pt\/#organization","name":"Pietro Fiorentini Iberia","url":"https:\/\/www.fiorentini-iberia.com\/pt\/","logo":{"@type":"ImageObject","inLanguage":"pt-PTD","@id":"https:\/\/www.fiorentini-iberia.com\/pt\/#\/schema\/logo\/image\/","url":"https:\/\/fiorentini-iberia.com\/wp-content\/uploads\/2020\/11\/logo.svg","contentUrl":"https:\/\/fiorentini-iberia.com\/wp-content\/uploads\/2020\/11\/logo.svg","width":227,"height":59,"caption":"Pietro Fiorentini Iberia"},"image":{"@id":"https:\/\/www.fiorentini-iberia.com\/pt\/#\/schema\/logo\/image\/"},"sameAs":["https:\/\/x.com\/FiorentiniSpa","https:\/\/www.linkedin.com\/company\/pietro-fiorentini-iberia\/"]}]}},"_links":{"self":[{"href":"https:\/\/fiorentini-iberia.com\/pt\/wp-json\/wp\/v2\/pages\/47519","targetHints":{"allow":["GET"]}}],"collection":[{"href":"https:\/\/fiorentini-iberia.com\/pt\/wp-json\/wp\/v2\/pages"}],"about":[{"href":"https:\/\/fiorentini-iberia.com\/pt\/wp-json\/wp\/v2\/types\/page"}],"author":[{"embeddable":true,"href":"https:\/\/fiorentini-iberia.com\/pt\/wp-json\/wp\/v2\/users\/15"}],"replies":[{"embeddable":true,"href":"https:\/\/fiorentini-iberia.com\/pt\/wp-json\/wp\/v2\/comments?post=47519"}],"version-history":[{"count":3,"href":"https:\/\/fiorentini-iberia.com\/pt\/wp-json\/wp\/v2\/pages\/47519\/revisions"}],"predecessor-version":[{"id":59349,"href":"https:\/\/fiorentini-iberia.com\/pt\/wp-json\/wp\/v2\/pages\/47519\/revisions\/59349"}],"wp:featuredmedia":[{"embeddable":true,"href":"https:\/\/fiorentini-iberia.com\/pt\/wp-json\/wp\/v2\/media\/31338"}],"wp:attachment":[{"href":"https:\/\/fiorentini-iberia.com\/pt\/wp-json\/wp\/v2\/media?parent=47519"}],"curies":[{"name":"wp","href":"https:\/\/api.w.org\/{rel}","templated":true}]}}