{"id":47515,"date":"2022-05-02T09:56:06","date_gmt":"2022-05-02T07:56:06","guid":{"rendered":"https:\/\/www.fiorentini-iberia.com\/pietro-fiorentini-iberia\/"},"modified":"2025-09-18T14:15:45","modified_gmt":"2025-09-18T12:15:45","slug":"pietro-fiorentini-iberia","status":"publish","type":"page","link":"https:\/\/fiorentini-iberia.com\/pt\/pietro-fiorentini-iberia\/","title":{"rendered":"Pietro Fiorentini Iberia"},"content":{"rendered":"\n<p><strong>Pietro Fiorentini Iberia, S.L.<\/strong> \u00e9 o escrit\u00f3rio de vendas e distribui\u00e7\u00e3o em <strong>Espanha e Portugal<\/strong> da Pietro Fiorentini S.p.A., que fornece equipamentos e solu\u00e7\u00f5es para g\u00e1s natural, biog\u00e1s e hidrog\u00e9nio a todos os n\u00edveis de press\u00e3o.<\/p>\n\n\n\n<p>Na Pen\u00ednsula Ib\u00e9rica, somos <strong>l\u00edderes em equipamentos para o transporte e distribui\u00e7\u00e3o de g\u00e1s natural e biometano<\/strong>.<\/p>\n\n\n\n<p>A equipa da Fiorentini Iberia \u00e9 composta por <strong>profissionais excecionais com uma vasta experi\u00eancia no mercado<\/strong> e conhecimento da nossa vasta gama de solu\u00e7\u00f5es.<\/p>\n\n\n\n<p><strong>Pietro Fiorentini<\/strong> est\u00e1 presente em Espanha desde 1976, atrav\u00e9s da CONTAGAS, S.A.&nbsp;Em abril de 2022, a filial foi criada para promover o crescimento de todas as solu\u00e7\u00f5es do Grupo na <strong>Pen\u00ednsula Ib\u00e9rica<\/strong>.<\/p>\n\n\n\n<figure class=\"wp-block-image size-full\"><img loading=\"lazy\" decoding=\"async\" width=\"991\" height=\"991\" src=\"https:\/\/fiorentini-iberia.com\/wp-content\/uploads\/2022\/09\/PietroFiorentiniIberia-fac\u0327ade.jpg\" alt=\"PietroFiorentiniIberia-fac\u0327ade\" class=\"wp-image-21129\" srcset=\"https:\/\/fiorentini-iberia.com\/wp-content\/uploads\/2022\/09\/PietroFiorentiniIberia-fac\u0327ade.jpg 991w, https:\/\/fiorentini-iberia.com\/wp-content\/uploads\/2022\/09\/PietroFiorentiniIberia-fac\u0327ade-300x300.jpg 300w, https:\/\/fiorentini-iberia.com\/wp-content\/uploads\/2022\/09\/PietroFiorentiniIberia-fac\u0327ade-150x150.jpg 150w, https:\/\/fiorentini-iberia.com\/wp-content\/uploads\/2022\/09\/PietroFiorentiniIberia-fac\u0327ade-768x768.jpg 768w\" sizes=\"auto, (max-width: 991px) 100vw, 991px\" \/><figcaption class=\"wp-element-caption\">PietroFiorentiniIberia-fac\u0327ade<\/figcaption><\/figure>\n\n\n\n<p>Os nossos clientes s\u00e3o empresas de distribui\u00e7\u00e3o e transporte de g\u00e1s natural, empresas de petr\u00f3leo e g\u00e1s, empresas de engenharia, EPCs, utilizadores finais industriais e empresas de servi\u00e7os p\u00fablicos.<\/p>\n\n\n\n<p>Para al\u00e9m de um <strong>produto de qualidade<\/strong>, oferecemos <strong>uma assist\u00eancia completa<\/strong> aos nossos clientes, incluindo <strong>apoio SAT, log\u00edstica e aconselhamento t\u00e9cnico<\/strong> adaptado a cada cliente.<\/p>\n\n\n\n<p>Com a nossa equipa de Servi\u00e7o de Assist\u00eancia T\u00e9cnica, asseguramos a coloca\u00e7\u00e3o em funcionamento, a manuten\u00e7\u00e3o e a repara\u00e7\u00e3o dos equipamentos Pietro Fiorentini em Espanha e Portugal.<\/p>\n\n\n\n<figure class=\"wp-block-image size-full\"><img loading=\"lazy\" decoding=\"async\" width=\"768\" height=\"768\" src=\"https:\/\/www.fiorentini-iberia.com\/wp-content\/uploads\/2022\/09\/noticia-web-PFI-2.jpg\" alt=\"\" class=\"wp-image-21409\" srcset=\"https:\/\/fiorentini-iberia.com\/wp-content\/uploads\/2022\/09\/noticia-web-PFI-2.jpg 768w, https:\/\/fiorentini-iberia.com\/wp-content\/uploads\/2022\/09\/noticia-web-PFI-2-300x300.jpg 300w, https:\/\/fiorentini-iberia.com\/wp-content\/uploads\/2022\/09\/noticia-web-PFI-2-150x150.jpg 150w\" sizes=\"auto, (max-width: 768px) 100vw, 768px\" \/><figcaption class=\"wp-element-caption\">Iberia<\/figcaption><\/figure>\n\n\n\n<p>O nosso Servi\u00e7o de Assist\u00eancia T\u00e9cnica pode <strong>instalar, manter e reparar<\/strong> o equipamento instalado para os nossos clientes, quer na nossa oficina quer nas instala\u00e7\u00f5es dos nossos clientes.<\/p>\n\n\n\n<p>Dispomos de <strong>uma equipa de t\u00e9cnicos especializados<\/strong>, com muitos anos de experi\u00eancia e grande conhecimento dos nossos equipamentos, que prestam um <strong>servi\u00e7o p\u00f3s-venda personalizado<\/strong>.<\/p>\n","protected":false},"excerpt":{"rendered":"<p>Pietro Fiorentini Iberia, S.L. \u00e9 o escrit\u00f3rio de vendas e distribui\u00e7\u00e3o em Espanha e Portugal da Pietro Fiorentini S.p.A., que fornece equipamentos e solu\u00e7\u00f5es para g\u00e1s natural, biog\u00e1s e hidrog\u00e9nio a todos os n\u00edveis de press\u00e3o. Na Pen\u00ednsula Ib\u00e9rica, somos l\u00edderes em equipamentos para o transporte e distribui\u00e7\u00e3o de g\u00e1s natural e biometano. A equipa [&hellip;]<\/p>\n","protected":false},"author":15,"featured_media":31345,"parent":0,"menu_order":0,"comment_status":"closed","ping_status":"closed","template":"template-company-master.php","meta":{"_acf_changed":false,"inline_featured_image":false,"footnotes":""},"class_list":["post-47515","page","type-page","status-publish","has-post-thumbnail","hentry"],"acf":[],"yoast_head":"<!-- This site is optimized with the Yoast SEO plugin v27.2 - https:\/\/yoast.com\/product\/yoast-seo-wordpress\/ -->\n<title>Pietro Fiorentini Iberia - Presen\u00e7a direta em Espanha e Portugal<\/title>\n<meta name=\"description\" content=\"Fornecemos equipamentos e solu\u00e7\u00f5es para o g\u00e1s natural, o biog\u00e1s, as redes de abastecimento de \u00e1gua e o hidrog\u00e9nio a todos os n\u00edveis de press\u00e3o.\" \/>\n<meta name=\"robots\" content=\"index, follow, max-snippet:-1, max-image-preview:large, max-video-preview:-1\" \/>\n<link rel=\"canonical\" href=\"https:\/\/fiorentini-iberia.com\/pt\/pietro-fiorentini-iberia\/\" \/>\n<meta property=\"og:locale\" content=\"pt_PT\" \/>\n<meta property=\"og:type\" content=\"article\" \/>\n<meta property=\"og:title\" content=\"Pietro Fiorentini Iberia - Presen\u00e7a direta em Espanha e Portugal\" \/>\n<meta property=\"og:description\" content=\"Fornecemos equipamentos e solu\u00e7\u00f5es para o g\u00e1s natural, o biog\u00e1s, as redes de abastecimento de \u00e1gua e o hidrog\u00e9nio a todos os n\u00edveis de press\u00e3o.\" \/>\n<meta property=\"og:url\" content=\"https:\/\/fiorentini-iberia.com\/pt\/pietro-fiorentini-iberia\/\" \/>\n<meta property=\"og:site_name\" content=\"Pietro Fiorentini\" \/>\n<meta property=\"article:modified_time\" content=\"2025-09-18T12:15:45+00:00\" \/>\n<meta property=\"og:image\" content=\"https:\/\/www.fiorentini-iberia.com\/wp-content\/uploads\/2022\/11\/01-PFI-capcalera-1.jpg\" \/>\n\t<meta property=\"og:image:width\" content=\"1920\" \/>\n\t<meta property=\"og:image:height\" content=\"1440\" \/>\n\t<meta property=\"og:image:type\" content=\"image\/jpeg\" \/>\n<meta name=\"twitter:card\" content=\"summary_large_image\" \/>\n<meta name=\"twitter:site\" content=\"@FiorentiniSpa\" \/>\n<meta name=\"twitter:label1\" content=\"Est. reading time\" \/>\n\t<meta name=\"twitter:data1\" content=\"2 minutes\" \/>\n<script type=\"application\/ld+json\" class=\"yoast-schema-graph\">{\"@context\":\"https:\/\/schema.org\",\"@graph\":[{\"@type\":\"WebPage\",\"@id\":\"https:\/\/fiorentini-iberia.com\/pt\/pietro-fiorentini-iberia\/\",\"url\":\"https:\/\/fiorentini-iberia.com\/pt\/pietro-fiorentini-iberia\/\",\"name\":\"Pietro Fiorentini Iberia - Presen\u00e7a direta em Espanha e Portugal\",\"isPartOf\":{\"@id\":\"https:\/\/www.fiorentini-iberia.com\/pt\/#website\"},\"primaryImageOfPage\":{\"@id\":\"https:\/\/fiorentini-iberia.com\/pt\/pietro-fiorentini-iberia\/#primaryimage\"},\"image\":{\"@id\":\"https:\/\/fiorentini-iberia.com\/pt\/pietro-fiorentini-iberia\/#primaryimage\"},\"thumbnailUrl\":\"https:\/\/fiorentini-iberia.com\/wp-content\/uploads\/2022\/11\/01-PFI-capcalera-1.jpg\",\"datePublished\":\"2022-05-02T07:56:06+00:00\",\"dateModified\":\"2025-09-18T12:15:45+00:00\",\"description\":\"Fornecemos equipamentos e solu\u00e7\u00f5es para o g\u00e1s natural, o biog\u00e1s, as redes de abastecimento de \u00e1gua e o hidrog\u00e9nio a todos os n\u00edveis de press\u00e3o.\",\"breadcrumb\":{\"@id\":\"https:\/\/fiorentini-iberia.com\/pt\/pietro-fiorentini-iberia\/#breadcrumb\"},\"inLanguage\":\"pt-PTD\",\"potentialAction\":[{\"@type\":\"ReadAction\",\"target\":[\"https:\/\/fiorentini-iberia.com\/pt\/pietro-fiorentini-iberia\/\"]}]},{\"@type\":\"ImageObject\",\"inLanguage\":\"pt-PTD\",\"@id\":\"https:\/\/fiorentini-iberia.com\/pt\/pietro-fiorentini-iberia\/#primaryimage\",\"url\":\"https:\/\/fiorentini-iberia.com\/wp-content\/uploads\/2022\/11\/01-PFI-capcalera-1.jpg\",\"contentUrl\":\"https:\/\/fiorentini-iberia.com\/wp-content\/uploads\/2022\/11\/01-PFI-capcalera-1.jpg\",\"width\":1920,\"height\":1440,\"caption\":\"Fachada Pietro Fiorentini Iberia\"},{\"@type\":\"BreadcrumbList\",\"@id\":\"https:\/\/fiorentini-iberia.com\/pt\/pietro-fiorentini-iberia\/#breadcrumb\",\"itemListElement\":[{\"@type\":\"ListItem\",\"position\":1,\"name\":\"Home\",\"item\":\"https:\/\/www.fiorentini-iberia.com\/pt\/\"},{\"@type\":\"ListItem\",\"position\":2,\"name\":\"Pietro Fiorentini Iberia\"}]},{\"@type\":\"WebSite\",\"@id\":\"https:\/\/www.fiorentini-iberia.com\/pt\/#website\",\"url\":\"https:\/\/www.fiorentini-iberia.com\/pt\/\",\"name\":\"Pietro Fiorentini Iberia\",\"description\":\"Pietro Fiorentini dise\u00f1a y fabrica componentes, sistemas y servicios para la regulaci\u00f3n, medici\u00f3n, gesti\u00f3n de redes de agua, energ\u00edas renovables, petr\u00f3leo y el gas natural, con sistemas adaptados 100% al hidr\u00f3geno.\",\"publisher\":{\"@id\":\"https:\/\/www.fiorentini-iberia.com\/pt\/#organization\"},\"potentialAction\":[{\"@type\":\"SearchAction\",\"target\":{\"@type\":\"EntryPoint\",\"urlTemplate\":\"https:\/\/www.fiorentini-iberia.com\/pt\/?s={search_term_string}\"},\"query-input\":{\"@type\":\"PropertyValueSpecification\",\"valueRequired\":true,\"valueName\":\"search_term_string\"}}],\"inLanguage\":\"pt-PTD\"},{\"@type\":\"Organization\",\"@id\":\"https:\/\/www.fiorentini-iberia.com\/pt\/#organization\",\"name\":\"Pietro Fiorentini Iberia\",\"url\":\"https:\/\/www.fiorentini-iberia.com\/pt\/\",\"logo\":{\"@type\":\"ImageObject\",\"inLanguage\":\"pt-PTD\",\"@id\":\"https:\/\/www.fiorentini-iberia.com\/pt\/#\/schema\/logo\/image\/\",\"url\":\"https:\/\/fiorentini-iberia.com\/wp-content\/uploads\/2020\/11\/logo.svg\",\"contentUrl\":\"https:\/\/fiorentini-iberia.com\/wp-content\/uploads\/2020\/11\/logo.svg\",\"width\":227,\"height\":59,\"caption\":\"Pietro Fiorentini Iberia\"},\"image\":{\"@id\":\"https:\/\/www.fiorentini-iberia.com\/pt\/#\/schema\/logo\/image\/\"},\"sameAs\":[\"https:\/\/x.com\/FiorentiniSpa\",\"https:\/\/www.linkedin.com\/company\/pietro-fiorentini-iberia\/\"]}]}<\/script>\n<!-- \/ Yoast SEO plugin. -->","yoast_head_json":{"title":"Pietro Fiorentini Iberia - Presen\u00e7a direta em Espanha e Portugal","description":"Fornecemos equipamentos e solu\u00e7\u00f5es para o g\u00e1s natural, o biog\u00e1s, as redes de abastecimento de \u00e1gua e o hidrog\u00e9nio a todos os n\u00edveis de press\u00e3o.","robots":{"index":"index","follow":"follow","max-snippet":"max-snippet:-1","max-image-preview":"max-image-preview:large","max-video-preview":"max-video-preview:-1"},"canonical":"https:\/\/fiorentini-iberia.com\/pt\/pietro-fiorentini-iberia\/","og_locale":"pt_PT","og_type":"article","og_title":"Pietro Fiorentini Iberia - Presen\u00e7a direta em Espanha e Portugal","og_description":"Fornecemos equipamentos e solu\u00e7\u00f5es para o g\u00e1s natural, o biog\u00e1s, as redes de abastecimento de \u00e1gua e o hidrog\u00e9nio a todos os n\u00edveis de press\u00e3o.","og_url":"https:\/\/fiorentini-iberia.com\/pt\/pietro-fiorentini-iberia\/","og_site_name":"Pietro Fiorentini","article_modified_time":"2025-09-18T12:15:45+00:00","og_image":[{"width":1920,"height":1440,"url":"https:\/\/www.fiorentini-iberia.com\/wp-content\/uploads\/2022\/11\/01-PFI-capcalera-1.jpg","type":"image\/jpeg"}],"twitter_card":"summary_large_image","twitter_site":"@FiorentiniSpa","twitter_misc":{"Est. reading time":"2 minutes"},"schema":{"@context":"https:\/\/schema.org","@graph":[{"@type":"WebPage","@id":"https:\/\/fiorentini-iberia.com\/pt\/pietro-fiorentini-iberia\/","url":"https:\/\/fiorentini-iberia.com\/pt\/pietro-fiorentini-iberia\/","name":"Pietro Fiorentini Iberia - Presen\u00e7a direta em Espanha e Portugal","isPartOf":{"@id":"https:\/\/www.fiorentini-iberia.com\/pt\/#website"},"primaryImageOfPage":{"@id":"https:\/\/fiorentini-iberia.com\/pt\/pietro-fiorentini-iberia\/#primaryimage"},"image":{"@id":"https:\/\/fiorentini-iberia.com\/pt\/pietro-fiorentini-iberia\/#primaryimage"},"thumbnailUrl":"https:\/\/fiorentini-iberia.com\/wp-content\/uploads\/2022\/11\/01-PFI-capcalera-1.jpg","datePublished":"2022-05-02T07:56:06+00:00","dateModified":"2025-09-18T12:15:45+00:00","description":"Fornecemos equipamentos e solu\u00e7\u00f5es para o g\u00e1s natural, o biog\u00e1s, as redes de abastecimento de \u00e1gua e o hidrog\u00e9nio a todos os n\u00edveis de press\u00e3o.","breadcrumb":{"@id":"https:\/\/fiorentini-iberia.com\/pt\/pietro-fiorentini-iberia\/#breadcrumb"},"inLanguage":"pt-PTD","potentialAction":[{"@type":"ReadAction","target":["https:\/\/fiorentini-iberia.com\/pt\/pietro-fiorentini-iberia\/"]}]},{"@type":"ImageObject","inLanguage":"pt-PTD","@id":"https:\/\/fiorentini-iberia.com\/pt\/pietro-fiorentini-iberia\/#primaryimage","url":"https:\/\/fiorentini-iberia.com\/wp-content\/uploads\/2022\/11\/01-PFI-capcalera-1.jpg","contentUrl":"https:\/\/fiorentini-iberia.com\/wp-content\/uploads\/2022\/11\/01-PFI-capcalera-1.jpg","width":1920,"height":1440,"caption":"Fachada Pietro Fiorentini Iberia"},{"@type":"BreadcrumbList","@id":"https:\/\/fiorentini-iberia.com\/pt\/pietro-fiorentini-iberia\/#breadcrumb","itemListElement":[{"@type":"ListItem","position":1,"name":"Home","item":"https:\/\/www.fiorentini-iberia.com\/pt\/"},{"@type":"ListItem","position":2,"name":"Pietro Fiorentini Iberia"}]},{"@type":"WebSite","@id":"https:\/\/www.fiorentini-iberia.com\/pt\/#website","url":"https:\/\/www.fiorentini-iberia.com\/pt\/","name":"Pietro Fiorentini Iberia","description":"Pietro Fiorentini dise\u00f1a y fabrica componentes, sistemas y servicios para la regulaci\u00f3n, medici\u00f3n, gesti\u00f3n de redes de agua, energ\u00edas renovables, petr\u00f3leo y el gas natural, con sistemas adaptados 100% al hidr\u00f3geno.","publisher":{"@id":"https:\/\/www.fiorentini-iberia.com\/pt\/#organization"},"potentialAction":[{"@type":"SearchAction","target":{"@type":"EntryPoint","urlTemplate":"https:\/\/www.fiorentini-iberia.com\/pt\/?s={search_term_string}"},"query-input":{"@type":"PropertyValueSpecification","valueRequired":true,"valueName":"search_term_string"}}],"inLanguage":"pt-PTD"},{"@type":"Organization","@id":"https:\/\/www.fiorentini-iberia.com\/pt\/#organization","name":"Pietro Fiorentini Iberia","url":"https:\/\/www.fiorentini-iberia.com\/pt\/","logo":{"@type":"ImageObject","inLanguage":"pt-PTD","@id":"https:\/\/www.fiorentini-iberia.com\/pt\/#\/schema\/logo\/image\/","url":"https:\/\/fiorentini-iberia.com\/wp-content\/uploads\/2020\/11\/logo.svg","contentUrl":"https:\/\/fiorentini-iberia.com\/wp-content\/uploads\/2020\/11\/logo.svg","width":227,"height":59,"caption":"Pietro Fiorentini Iberia"},"image":{"@id":"https:\/\/www.fiorentini-iberia.com\/pt\/#\/schema\/logo\/image\/"},"sameAs":["https:\/\/x.com\/FiorentiniSpa","https:\/\/www.linkedin.com\/company\/pietro-fiorentini-iberia\/"]}]}},"_links":{"self":[{"href":"https:\/\/fiorentini-iberia.com\/pt\/wp-json\/wp\/v2\/pages\/47515","targetHints":{"allow":["GET"]}}],"collection":[{"href":"https:\/\/fiorentini-iberia.com\/pt\/wp-json\/wp\/v2\/pages"}],"about":[{"href":"https:\/\/fiorentini-iberia.com\/pt\/wp-json\/wp\/v2\/types\/page"}],"author":[{"embeddable":true,"href":"https:\/\/fiorentini-iberia.com\/pt\/wp-json\/wp\/v2\/users\/15"}],"replies":[{"embeddable":true,"href":"https:\/\/fiorentini-iberia.com\/pt\/wp-json\/wp\/v2\/comments?post=47515"}],"version-history":[{"count":3,"href":"https:\/\/fiorentini-iberia.com\/pt\/wp-json\/wp\/v2\/pages\/47515\/revisions"}],"predecessor-version":[{"id":61861,"href":"https:\/\/fiorentini-iberia.com\/pt\/wp-json\/wp\/v2\/pages\/47515\/revisions\/61861"}],"wp:featuredmedia":[{"embeddable":true,"href":"https:\/\/fiorentini-iberia.com\/pt\/wp-json\/wp\/v2\/media\/31345"}],"wp:attachment":[{"href":"https:\/\/fiorentini-iberia.com\/pt\/wp-json\/wp\/v2\/media?parent=47515"}],"curies":[{"name":"wp","href":"https:\/\/api.w.org\/{rel}","templated":true}]}}