{"id":61881,"date":"2025-09-29T11:42:37","date_gmt":"2025-09-29T09:42:37","guid":{"rendered":"https:\/\/www.fiorentini-iberia.com\/?page_id=61881"},"modified":"2025-10-31T11:06:07","modified_gmt":"2025-10-31T10:06:07","slug":"empresas-y-marcas","status":"publish","type":"page","link":"https:\/\/fiorentini-iberia.com\/es\/grupo-pietro-fiorentini\/empresas-y-marcas\/","title":{"rendered":"Empresas y marcas"},"content":{"rendered":"\n<p>Las filiales y marcas del Grupo Pietro Fiorentini integran y ampl\u00edan su oferta a m\u00faltiples sectores: desde las energ\u00edas renovables hasta el software de gesti\u00f3n de datos, desde el ciclo del agua hasta la valorizaci\u00f3n de residuos. La sinergia entre diferentes competencias y conocimientos t\u00e9cnicos permite al Grupo Pietro Fiorentini desarrollar e industrializar soluciones innovadoras tanto a nivel de proceso como de tecnolog\u00eda.<\/p>\n","protected":false},"excerpt":{"rendered":"<p>Las filiales y marcas del Grupo Pietro Fiorentini integran y ampl\u00edan su oferta a m\u00faltiples sectores: desde las energ\u00edas renovables hasta el software de gesti\u00f3n de datos, desde el ciclo del agua hasta la valorizaci\u00f3n de residuos. La sinergia entre diferentes competencias y conocimientos t\u00e9cnicos permite al Grupo Pietro Fiorentini desarrollar e industrializar soluciones innovadoras [&hellip;]<\/p>\n","protected":false},"author":14,"featured_media":54472,"parent":61901,"menu_order":0,"comment_status":"closed","ping_status":"closed","template":"template-pf-group-2.php","meta":{"_acf_changed":false,"inline_featured_image":false,"footnotes":""},"class_list":["post-61881","page","type-page","status-publish","has-post-thumbnail","hentry"],"acf":[],"yoast_head":"<!-- This site is optimized with the Yoast SEO plugin v27.2 - https:\/\/yoast.com\/product\/yoast-seo-wordpress\/ -->\n<title>Empresas y marcas - Pietro Fiorentini Iberia<\/title>\n<meta name=\"robots\" content=\"index, follow, max-snippet:-1, max-image-preview:large, max-video-preview:-1\" \/>\n<link rel=\"canonical\" href=\"https:\/\/fiorentini-iberia.com\/es\/grupo-pietro-fiorentini\/empresas-y-marcas\/\" \/>\n<meta property=\"og:locale\" content=\"es_ES\" \/>\n<meta property=\"og:type\" content=\"article\" \/>\n<meta property=\"og:title\" content=\"Empresas y marcas - Pietro Fiorentini Iberia\" \/>\n<meta property=\"og:description\" content=\"Las filiales y marcas del Grupo Pietro Fiorentini integran y ampl\u00edan su oferta a m\u00faltiples sectores: desde las energ\u00edas renovables hasta el software de gesti\u00f3n de datos, desde el ciclo del agua hasta la valorizaci\u00f3n de residuos. La sinergia entre diferentes competencias y conocimientos t\u00e9cnicos permite al Grupo Pietro Fiorentini desarrollar e industrializar soluciones innovadoras [&hellip;]\" \/>\n<meta property=\"og:url\" content=\"https:\/\/fiorentini-iberia.com\/es\/grupo-pietro-fiorentini\/empresas-y-marcas\/\" \/>\n<meta property=\"og:site_name\" content=\"Pietro Fiorentini Iberia\" \/>\n<meta property=\"article:modified_time\" content=\"2025-10-31T10:06:07+00:00\" \/>\n<meta property=\"og:image\" content=\"https:\/\/www.fiorentini-iberia.com\/wp-content\/uploads\/2024\/06\/pf-group-cover.jpeg\" \/>\n\t<meta property=\"og:image:width\" content=\"1920\" \/>\n\t<meta property=\"og:image:height\" content=\"288\" \/>\n\t<meta property=\"og:image:type\" content=\"image\/jpeg\" \/>\n<meta name=\"twitter:card\" content=\"summary_large_image\" \/>\n<meta name=\"twitter:site\" content=\"@FiorentiniSpa\" \/>\n<meta name=\"twitter:label1\" content=\"Tiempo de lectura\" \/>\n\t<meta name=\"twitter:data1\" content=\"1 minuto\" \/>\n<script type=\"application\/ld+json\" class=\"yoast-schema-graph\">{\"@context\":\"https:\/\/schema.org\",\"@graph\":[{\"@type\":\"WebPage\",\"@id\":\"https:\/\/fiorentini-iberia.com\/es\/grupo-pietro-fiorentini\/empresas-y-marcas\/\",\"url\":\"https:\/\/fiorentini-iberia.com\/es\/grupo-pietro-fiorentini\/empresas-y-marcas\/\",\"name\":\"Empresas y marcas - Pietro Fiorentini Iberia\",\"isPartOf\":{\"@id\":\"https:\/\/www.fiorentini-iberia.com\/es\/#website\"},\"primaryImageOfPage\":{\"@id\":\"https:\/\/fiorentini-iberia.com\/es\/grupo-pietro-fiorentini\/empresas-y-marcas\/#primaryimage\"},\"image\":{\"@id\":\"https:\/\/fiorentini-iberia.com\/es\/grupo-pietro-fiorentini\/empresas-y-marcas\/#primaryimage\"},\"thumbnailUrl\":\"https:\/\/fiorentini-iberia.com\/wp-content\/uploads\/2024\/06\/pf-group-cover.jpeg\",\"datePublished\":\"2025-09-29T09:42:37+00:00\",\"dateModified\":\"2025-10-31T10:06:07+00:00\",\"breadcrumb\":{\"@id\":\"https:\/\/fiorentini-iberia.com\/es\/grupo-pietro-fiorentini\/empresas-y-marcas\/#breadcrumb\"},\"inLanguage\":\"es\",\"potentialAction\":[{\"@type\":\"ReadAction\",\"target\":[\"https:\/\/fiorentini-iberia.com\/es\/grupo-pietro-fiorentini\/empresas-y-marcas\/\"]}]},{\"@type\":\"ImageObject\",\"inLanguage\":\"es\",\"@id\":\"https:\/\/fiorentini-iberia.com\/es\/grupo-pietro-fiorentini\/empresas-y-marcas\/#primaryimage\",\"url\":\"https:\/\/fiorentini-iberia.com\/wp-content\/uploads\/2024\/06\/pf-group-cover.jpeg\",\"contentUrl\":\"https:\/\/fiorentini-iberia.com\/wp-content\/uploads\/2024\/06\/pf-group-cover.jpeg\",\"width\":1920,\"height\":288,\"caption\":\"distribution and delivery concept, global business communication network, planet image from NASA\"},{\"@type\":\"BreadcrumbList\",\"@id\":\"https:\/\/fiorentini-iberia.com\/es\/grupo-pietro-fiorentini\/empresas-y-marcas\/#breadcrumb\",\"itemListElement\":[{\"@type\":\"ListItem\",\"position\":1,\"name\":\"Home\",\"item\":\"https:\/\/www.fiorentini-iberia.com\/es\/\"},{\"@type\":\"ListItem\",\"position\":2,\"name\":\"Grupo Pietro Fiorentini\",\"item\":\"https:\/\/www.fiorentini-iberia.com\/es\/grupo-pietro-fiorentini\/\"},{\"@type\":\"ListItem\",\"position\":3,\"name\":\"Empresas y marcas\"}]},{\"@type\":\"WebSite\",\"@id\":\"https:\/\/www.fiorentini-iberia.com\/es\/#website\",\"url\":\"https:\/\/www.fiorentini-iberia.com\/es\/\",\"name\":\"Pietro Fiorentini Iberia\",\"description\":\"Pietro Fiorentini dise\u00f1a y fabrica componentes, sistemas y servicios para la regulaci\u00f3n, medici\u00f3n, gesti\u00f3n de redes de agua, energ\u00edas renovables, petr\u00f3leo y el gas natural, con sistemas adaptados 100% al hidr\u00f3geno.\",\"publisher\":{\"@id\":\"https:\/\/www.fiorentini-iberia.com\/es\/#organization\"},\"potentialAction\":[{\"@type\":\"SearchAction\",\"target\":{\"@type\":\"EntryPoint\",\"urlTemplate\":\"https:\/\/www.fiorentini-iberia.com\/es\/?s={search_term_string}\"},\"query-input\":{\"@type\":\"PropertyValueSpecification\",\"valueRequired\":true,\"valueName\":\"search_term_string\"}}],\"inLanguage\":\"es\"},{\"@type\":\"Organization\",\"@id\":\"https:\/\/www.fiorentini-iberia.com\/es\/#organization\",\"name\":\"Pietro Fiorentini Iberia\",\"url\":\"https:\/\/www.fiorentini-iberia.com\/es\/\",\"logo\":{\"@type\":\"ImageObject\",\"inLanguage\":\"es\",\"@id\":\"https:\/\/www.fiorentini-iberia.com\/es\/#\/schema\/logo\/image\/\",\"url\":\"https:\/\/fiorentini-iberia.com\/wp-content\/uploads\/2020\/11\/logo.svg\",\"contentUrl\":\"https:\/\/fiorentini-iberia.com\/wp-content\/uploads\/2020\/11\/logo.svg\",\"width\":227,\"height\":59,\"caption\":\"Pietro Fiorentini Iberia\"},\"image\":{\"@id\":\"https:\/\/www.fiorentini-iberia.com\/es\/#\/schema\/logo\/image\/\"},\"sameAs\":[\"https:\/\/x.com\/FiorentiniSpa\",\"https:\/\/www.linkedin.com\/company\/pietro-fiorentini-iberia\/\"]}]}<\/script>\n<!-- \/ Yoast SEO plugin. -->","yoast_head_json":{"title":"Empresas y marcas - Pietro Fiorentini Iberia","robots":{"index":"index","follow":"follow","max-snippet":"max-snippet:-1","max-image-preview":"max-image-preview:large","max-video-preview":"max-video-preview:-1"},"canonical":"https:\/\/fiorentini-iberia.com\/es\/grupo-pietro-fiorentini\/empresas-y-marcas\/","og_locale":"es_ES","og_type":"article","og_title":"Empresas y marcas - Pietro Fiorentini Iberia","og_description":"Las filiales y marcas del Grupo Pietro Fiorentini integran y ampl\u00edan su oferta a m\u00faltiples sectores: desde las energ\u00edas renovables hasta el software de gesti\u00f3n de datos, desde el ciclo del agua hasta la valorizaci\u00f3n de residuos. La sinergia entre diferentes competencias y conocimientos t\u00e9cnicos permite al Grupo Pietro Fiorentini desarrollar e industrializar soluciones innovadoras [&hellip;]","og_url":"https:\/\/fiorentini-iberia.com\/es\/grupo-pietro-fiorentini\/empresas-y-marcas\/","og_site_name":"Pietro Fiorentini Iberia","article_modified_time":"2025-10-31T10:06:07+00:00","og_image":[{"width":1920,"height":288,"url":"https:\/\/www.fiorentini-iberia.com\/wp-content\/uploads\/2024\/06\/pf-group-cover.jpeg","type":"image\/jpeg"}],"twitter_card":"summary_large_image","twitter_site":"@FiorentiniSpa","twitter_misc":{"Tiempo de lectura":"1 minuto"},"schema":{"@context":"https:\/\/schema.org","@graph":[{"@type":"WebPage","@id":"https:\/\/fiorentini-iberia.com\/es\/grupo-pietro-fiorentini\/empresas-y-marcas\/","url":"https:\/\/fiorentini-iberia.com\/es\/grupo-pietro-fiorentini\/empresas-y-marcas\/","name":"Empresas y marcas - Pietro Fiorentini Iberia","isPartOf":{"@id":"https:\/\/www.fiorentini-iberia.com\/es\/#website"},"primaryImageOfPage":{"@id":"https:\/\/fiorentini-iberia.com\/es\/grupo-pietro-fiorentini\/empresas-y-marcas\/#primaryimage"},"image":{"@id":"https:\/\/fiorentini-iberia.com\/es\/grupo-pietro-fiorentini\/empresas-y-marcas\/#primaryimage"},"thumbnailUrl":"https:\/\/fiorentini-iberia.com\/wp-content\/uploads\/2024\/06\/pf-group-cover.jpeg","datePublished":"2025-09-29T09:42:37+00:00","dateModified":"2025-10-31T10:06:07+00:00","breadcrumb":{"@id":"https:\/\/fiorentini-iberia.com\/es\/grupo-pietro-fiorentini\/empresas-y-marcas\/#breadcrumb"},"inLanguage":"es","potentialAction":[{"@type":"ReadAction","target":["https:\/\/fiorentini-iberia.com\/es\/grupo-pietro-fiorentini\/empresas-y-marcas\/"]}]},{"@type":"ImageObject","inLanguage":"es","@id":"https:\/\/fiorentini-iberia.com\/es\/grupo-pietro-fiorentini\/empresas-y-marcas\/#primaryimage","url":"https:\/\/fiorentini-iberia.com\/wp-content\/uploads\/2024\/06\/pf-group-cover.jpeg","contentUrl":"https:\/\/fiorentini-iberia.com\/wp-content\/uploads\/2024\/06\/pf-group-cover.jpeg","width":1920,"height":288,"caption":"distribution and delivery concept, global business communication network, planet image from NASA"},{"@type":"BreadcrumbList","@id":"https:\/\/fiorentini-iberia.com\/es\/grupo-pietro-fiorentini\/empresas-y-marcas\/#breadcrumb","itemListElement":[{"@type":"ListItem","position":1,"name":"Home","item":"https:\/\/www.fiorentini-iberia.com\/es\/"},{"@type":"ListItem","position":2,"name":"Grupo Pietro Fiorentini","item":"https:\/\/www.fiorentini-iberia.com\/es\/grupo-pietro-fiorentini\/"},{"@type":"ListItem","position":3,"name":"Empresas y marcas"}]},{"@type":"WebSite","@id":"https:\/\/www.fiorentini-iberia.com\/es\/#website","url":"https:\/\/www.fiorentini-iberia.com\/es\/","name":"Pietro Fiorentini Iberia","description":"Pietro Fiorentini dise\u00f1a y fabrica componentes, sistemas y servicios para la regulaci\u00f3n, medici\u00f3n, gesti\u00f3n de redes de agua, energ\u00edas renovables, petr\u00f3leo y el gas natural, con sistemas adaptados 100% al hidr\u00f3geno.","publisher":{"@id":"https:\/\/www.fiorentini-iberia.com\/es\/#organization"},"potentialAction":[{"@type":"SearchAction","target":{"@type":"EntryPoint","urlTemplate":"https:\/\/www.fiorentini-iberia.com\/es\/?s={search_term_string}"},"query-input":{"@type":"PropertyValueSpecification","valueRequired":true,"valueName":"search_term_string"}}],"inLanguage":"es"},{"@type":"Organization","@id":"https:\/\/www.fiorentini-iberia.com\/es\/#organization","name":"Pietro Fiorentini Iberia","url":"https:\/\/www.fiorentini-iberia.com\/es\/","logo":{"@type":"ImageObject","inLanguage":"es","@id":"https:\/\/www.fiorentini-iberia.com\/es\/#\/schema\/logo\/image\/","url":"https:\/\/fiorentini-iberia.com\/wp-content\/uploads\/2020\/11\/logo.svg","contentUrl":"https:\/\/fiorentini-iberia.com\/wp-content\/uploads\/2020\/11\/logo.svg","width":227,"height":59,"caption":"Pietro Fiorentini Iberia"},"image":{"@id":"https:\/\/www.fiorentini-iberia.com\/es\/#\/schema\/logo\/image\/"},"sameAs":["https:\/\/x.com\/FiorentiniSpa","https:\/\/www.linkedin.com\/company\/pietro-fiorentini-iberia\/"]}]}},"_links":{"self":[{"href":"https:\/\/fiorentini-iberia.com\/es\/wp-json\/wp\/v2\/pages\/61881","targetHints":{"allow":["GET"]}}],"collection":[{"href":"https:\/\/fiorentini-iberia.com\/es\/wp-json\/wp\/v2\/pages"}],"about":[{"href":"https:\/\/fiorentini-iberia.com\/es\/wp-json\/wp\/v2\/types\/page"}],"author":[{"embeddable":true,"href":"https:\/\/fiorentini-iberia.com\/es\/wp-json\/wp\/v2\/users\/14"}],"replies":[{"embeddable":true,"href":"https:\/\/fiorentini-iberia.com\/es\/wp-json\/wp\/v2\/comments?post=61881"}],"version-history":[{"count":2,"href":"https:\/\/fiorentini-iberia.com\/es\/wp-json\/wp\/v2\/pages\/61881\/revisions"}],"predecessor-version":[{"id":62186,"href":"https:\/\/fiorentini-iberia.com\/es\/wp-json\/wp\/v2\/pages\/61881\/revisions\/62186"}],"up":[{"embeddable":true,"href":"https:\/\/fiorentini-iberia.com\/es\/wp-json\/wp\/v2\/pages\/61901"}],"wp:featuredmedia":[{"embeddable":true,"href":"https:\/\/fiorentini-iberia.com\/es\/wp-json\/wp\/v2\/media\/54472"}],"wp:attachment":[{"href":"https:\/\/fiorentini-iberia.com\/es\/wp-json\/wp\/v2\/media?parent=61881"}],"curies":[{"name":"wp","href":"https:\/\/api.w.org\/{rel}","templated":true}]}}