{"id":50504,"date":"2024-03-15T12:01:56","date_gmt":"2024-03-15T11:01:56","guid":{"rendered":"https:\/\/www.fiorentini-iberia.com\/experiencia\/biometano\/biogas-upgrading-for-gm-green-methane\/"},"modified":"2024-03-15T13:53:01","modified_gmt":"2024-03-15T12:53:01","slug":"mejora-del-biogas-para-gm-green-methane","status":"publish","type":"page","link":"https:\/\/fiorentini-iberia.com\/es\/experiencia\/biometano\/mejora-del-biogas-para-gm-green-methane\/","title":{"rendered":"Mejora del biog\u00e1s para GM \u2013 Green Methane"},"content":{"rendered":"\n<p>Pioneros en la producci\u00f3n de biometano:\u00a0<strong>Biokomp<\/strong>\u00a0ha suministrado el tratamiento y la compresi\u00f3n de biog\u00e1s para la primera planta de biometano de Italia ya en 2014. Nuestros sistemas pueden aplicarse a diferentes tecnolog\u00edas de mejora (membrana, depuraci\u00f3n, PSA), as\u00ed como a la inyecci\u00f3n directa de biometano en la red.<\/p>\n\n\n\n<figure class=\"wp-block-embed is-type-video is-provider-youtube wp-block-embed-youtube wp-embed-aspect-16-9 wp-has-aspect-ratio\"><div class=\"wp-block-embed__wrapper\">\n<iframe loading=\"lazy\" title=\"Biomethane project\" width=\"500\" height=\"281\" src=\"https:\/\/www.youtube.com\/embed\/hgUTYt0md4o?feature=oembed\" frameborder=\"0\" allow=\"accelerometer; autoplay; clipboard-write; encrypted-media; gyroscope; picture-in-picture; web-share\" referrerpolicy=\"strict-origin-when-cross-origin\" allowfullscreen><\/iframe>\n<\/div><\/figure>\n\n\n\n<p>Cliente:\u00a0<strong>GM \u2013 GREEN METHANE<\/strong><br>Pa\u00eds:\u00a0<strong>Italia<\/strong><br>\u00a0<br>GM ha desarrollado una tecnolog\u00eda propia y probada para la conversi\u00f3n del biog\u00e1s en biometano, cuyo paso fundamental es la eliminaci\u00f3n del CO<sub>2<\/sub>\u00a0del biog\u00e1s.<br>\u00a0<br>GM aprovecha la experiencia espec\u00edfica y sin\u00e9rgica de los socios en el dise\u00f1o, construcci\u00f3n, operaci\u00f3n y mantenimiento de plantas industriales.<br>\u00a0<br><a href=\"https:\/\/www.bio-komp.com\/estudio-de-caso\" target=\"_blank\" rel=\"noreferrer noopener\"><strong>> M\u00e1s informaci\u00f3n sobre el estudio de caso en este enlace.<\/strong><\/a><br><a href=\"https:\/\/www.bio-komp.com\/filedata\/BIOKOMP_Biomethane_2018.pdf\" target=\"_blank\" rel=\"noreferrer noopener\"><strong>> Descargar la ficha t\u00e9cnica de Soluciones para biometano.<\/strong><\/a><\/p>\n\n\n\n<p>&nbsp;<\/p>\n\n\n\n<figure class=\"wp-block-image size-large\"><img decoding=\"async\" src=\"https:\/\/www.fiorentini-iberia.com\/wp-content\/uploads\/2024\/02\/case-study-02.jpg\" alt=\"\"\/><\/figure>\n\n\n\n<p>&nbsp;<\/p>\n\n\n\n<p class=\"has-text-color has-link-color has-large-font-size wp-elements-25dc32dd284e0148e8827153c04004ab\" style=\"color:#199782\"><strong>> <\/strong><a href=\"https:\/\/www.bio-komp.com\/impianti\/110\/GM-GREEN-METHANE.html\" target=\"_blank\" rel=\"noreferrer noopener\"><strong>M\u00e1s detalles del proyecto.<\/strong><\/a><\/p>\n\n\n\n<div style=\"height:20px\" aria-hidden=\"true\" class=\"wp-block-spacer\"><\/div>\n\n\n\n<p class=\"has-text-color has-link-color has-large-font-size wp-elements-bdf98172a97590b973cee565fc66330f\" style=\"color:#199782\"><strong>><\/strong>  <strong><a href=\"https:\/\/www.fiorentini-iberia.com\/es\/noticias\/biokomp-planta-de-tratamiento-de-biogas\/\">Visite la noticia de presentaci\u00f3n BIOKOMP.<\/a><\/strong> <\/p>\n","protected":false},"excerpt":{"rendered":"<p>Pioneros en la producci\u00f3n de biometano: Biokomp ha suministrado el tratamiento y la compresi\u00f3n de biog\u00e1s para la primera planta de biometano de Italia ya en 2014. Nuestros sistemas pueden aplicarse a diferentes tecnolog\u00edas de mejora (membrana, depuraci\u00f3n, PSA), as\u00ed como a la inyecci\u00f3n directa de biometano en la red.<\/p>\n","protected":false},"author":15,"featured_media":0,"parent":48210,"menu_order":0,"comment_status":"closed","ping_status":"closed","template":"template-expertise-post.php","meta":{"_acf_changed":false,"inline_featured_image":false,"footnotes":""},"class_list":["post-50504","page","type-page","status-publish","hentry"],"acf":[],"yoast_head":"<!-- This site is optimized with the Yoast SEO plugin v27.2 - https:\/\/yoast.com\/product\/yoast-seo-wordpress\/ -->\n<title>Mejora del biog\u00e1s para GM \u2013 Green Methane - Pietro Fiorentini Iberia<\/title>\n<meta name=\"description\" content=\"Nuestros sistemas pueden aplicarse a diferentes tecnolog\u00edas de mejora (membrana, depuraci\u00f3n, PSA), as\u00ed como a la inyecci\u00f3n directa de biometano en la red.\" \/>\n<meta name=\"robots\" content=\"index, follow, max-snippet:-1, max-image-preview:large, max-video-preview:-1\" \/>\n<link rel=\"canonical\" href=\"https:\/\/fiorentini-iberia.com\/es\/experiencia\/biometano\/mejora-del-biogas-para-gm-green-methane\/\" \/>\n<meta property=\"og:locale\" content=\"es_ES\" \/>\n<meta property=\"og:type\" content=\"article\" \/>\n<meta property=\"og:title\" content=\"Mejora del biog\u00e1s para GM \u2013 Green Methane - Pietro Fiorentini Iberia\" \/>\n<meta property=\"og:description\" content=\"Nuestros sistemas pueden aplicarse a diferentes tecnolog\u00edas de mejora (membrana, depuraci\u00f3n, PSA), as\u00ed como a la inyecci\u00f3n directa de biometano en la red.\" \/>\n<meta property=\"og:url\" content=\"https:\/\/fiorentini-iberia.com\/es\/experiencia\/biometano\/mejora-del-biogas-para-gm-green-methane\/\" \/>\n<meta property=\"og:site_name\" content=\"Pietro Fiorentini Iberia\" \/>\n<meta property=\"article:modified_time\" content=\"2024-03-15T12:53:01+00:00\" \/>\n<meta property=\"og:image\" content=\"https:\/\/www.fiorentini-iberia.com\/wp-content\/uploads\/2024\/02\/case-study-02.jpg\" \/>\n<meta name=\"twitter:card\" content=\"summary_large_image\" \/>\n<meta name=\"twitter:site\" content=\"@FiorentiniSpa\" \/>\n<meta name=\"twitter:label1\" content=\"Tiempo de lectura\" \/>\n\t<meta name=\"twitter:data1\" content=\"1 minuto\" \/>\n<script type=\"application\/ld+json\" class=\"yoast-schema-graph\">{\"@context\":\"https:\/\/schema.org\",\"@graph\":[{\"@type\":\"WebPage\",\"@id\":\"https:\/\/fiorentini-iberia.com\/es\/experiencia\/biometano\/mejora-del-biogas-para-gm-green-methane\/\",\"url\":\"https:\/\/fiorentini-iberia.com\/es\/experiencia\/biometano\/mejora-del-biogas-para-gm-green-methane\/\",\"name\":\"Mejora del biog\u00e1s para GM \u2013 Green Methane - Pietro Fiorentini Iberia\",\"isPartOf\":{\"@id\":\"https:\/\/www.fiorentini-iberia.com\/es\/#website\"},\"primaryImageOfPage\":{\"@id\":\"https:\/\/fiorentini-iberia.com\/es\/experiencia\/biometano\/mejora-del-biogas-para-gm-green-methane\/#primaryimage\"},\"image\":{\"@id\":\"https:\/\/fiorentini-iberia.com\/es\/experiencia\/biometano\/mejora-del-biogas-para-gm-green-methane\/#primaryimage\"},\"thumbnailUrl\":\"https:\/\/www.fiorentini-iberia.com\/wp-content\/uploads\/2024\/02\/case-study-02.jpg\",\"datePublished\":\"2024-03-15T11:01:56+00:00\",\"dateModified\":\"2024-03-15T12:53:01+00:00\",\"description\":\"Nuestros sistemas pueden aplicarse a diferentes tecnolog\u00edas de mejora (membrana, depuraci\u00f3n, PSA), as\u00ed como a la inyecci\u00f3n directa de biometano en la red.\",\"breadcrumb\":{\"@id\":\"https:\/\/fiorentini-iberia.com\/es\/experiencia\/biometano\/mejora-del-biogas-para-gm-green-methane\/#breadcrumb\"},\"inLanguage\":\"es\",\"potentialAction\":[{\"@type\":\"ReadAction\",\"target\":[\"https:\/\/fiorentini-iberia.com\/es\/experiencia\/biometano\/mejora-del-biogas-para-gm-green-methane\/\"]}]},{\"@type\":\"ImageObject\",\"inLanguage\":\"es\",\"@id\":\"https:\/\/fiorentini-iberia.com\/es\/experiencia\/biometano\/mejora-del-biogas-para-gm-green-methane\/#primaryimage\",\"url\":\"https:\/\/www.fiorentini-iberia.com\/wp-content\/uploads\/2024\/02\/case-study-02.jpg\",\"contentUrl\":\"https:\/\/www.fiorentini-iberia.com\/wp-content\/uploads\/2024\/02\/case-study-02.jpg\"},{\"@type\":\"BreadcrumbList\",\"@id\":\"https:\/\/fiorentini-iberia.com\/es\/experiencia\/biometano\/mejora-del-biogas-para-gm-green-methane\/#breadcrumb\",\"itemListElement\":[{\"@type\":\"ListItem\",\"position\":1,\"name\":\"Home\",\"item\":\"https:\/\/www.fiorentini-iberia.com\/es\/\"},{\"@type\":\"ListItem\",\"position\":2,\"name\":\"Experiencia\",\"item\":\"https:\/\/www.fiorentini-iberia.com\/es\/experiencia\/\"},{\"@type\":\"ListItem\",\"position\":3,\"name\":\"Biometano\",\"item\":\"https:\/\/www.fiorentini-iberia.com\/es\/experiencia\/biometano\/\"},{\"@type\":\"ListItem\",\"position\":4,\"name\":\"Mejora del biog\u00e1s para GM \u2013 Green Methane\"}]},{\"@type\":\"WebSite\",\"@id\":\"https:\/\/www.fiorentini-iberia.com\/es\/#website\",\"url\":\"https:\/\/www.fiorentini-iberia.com\/es\/\",\"name\":\"Pietro Fiorentini Iberia\",\"description\":\"Pietro Fiorentini dise\u00f1a y fabrica componentes, sistemas y servicios para la regulaci\u00f3n, medici\u00f3n, gesti\u00f3n de redes de agua, energ\u00edas renovables, petr\u00f3leo y el gas natural, con sistemas adaptados 100% al hidr\u00f3geno.\",\"publisher\":{\"@id\":\"https:\/\/www.fiorentini-iberia.com\/es\/#organization\"},\"potentialAction\":[{\"@type\":\"SearchAction\",\"target\":{\"@type\":\"EntryPoint\",\"urlTemplate\":\"https:\/\/www.fiorentini-iberia.com\/es\/?s={search_term_string}\"},\"query-input\":{\"@type\":\"PropertyValueSpecification\",\"valueRequired\":true,\"valueName\":\"search_term_string\"}}],\"inLanguage\":\"es\"},{\"@type\":\"Organization\",\"@id\":\"https:\/\/www.fiorentini-iberia.com\/es\/#organization\",\"name\":\"Pietro Fiorentini Iberia\",\"url\":\"https:\/\/www.fiorentini-iberia.com\/es\/\",\"logo\":{\"@type\":\"ImageObject\",\"inLanguage\":\"es\",\"@id\":\"https:\/\/www.fiorentini-iberia.com\/es\/#\/schema\/logo\/image\/\",\"url\":\"https:\/\/fiorentini-iberia.com\/wp-content\/uploads\/2020\/11\/logo.svg\",\"contentUrl\":\"https:\/\/fiorentini-iberia.com\/wp-content\/uploads\/2020\/11\/logo.svg\",\"width\":227,\"height\":59,\"caption\":\"Pietro Fiorentini Iberia\"},\"image\":{\"@id\":\"https:\/\/www.fiorentini-iberia.com\/es\/#\/schema\/logo\/image\/\"},\"sameAs\":[\"https:\/\/x.com\/FiorentiniSpa\",\"https:\/\/www.linkedin.com\/company\/pietro-fiorentini-iberia\/\"]}]}<\/script>\n<!-- \/ Yoast SEO plugin. -->","yoast_head_json":{"title":"Mejora del biog\u00e1s para GM \u2013 Green Methane - Pietro Fiorentini Iberia","description":"Nuestros sistemas pueden aplicarse a diferentes tecnolog\u00edas de mejora (membrana, depuraci\u00f3n, PSA), as\u00ed como a la inyecci\u00f3n directa de biometano en la red.","robots":{"index":"index","follow":"follow","max-snippet":"max-snippet:-1","max-image-preview":"max-image-preview:large","max-video-preview":"max-video-preview:-1"},"canonical":"https:\/\/fiorentini-iberia.com\/es\/experiencia\/biometano\/mejora-del-biogas-para-gm-green-methane\/","og_locale":"es_ES","og_type":"article","og_title":"Mejora del biog\u00e1s para GM \u2013 Green Methane - Pietro Fiorentini Iberia","og_description":"Nuestros sistemas pueden aplicarse a diferentes tecnolog\u00edas de mejora (membrana, depuraci\u00f3n, PSA), as\u00ed como a la inyecci\u00f3n directa de biometano en la red.","og_url":"https:\/\/fiorentini-iberia.com\/es\/experiencia\/biometano\/mejora-del-biogas-para-gm-green-methane\/","og_site_name":"Pietro Fiorentini Iberia","article_modified_time":"2024-03-15T12:53:01+00:00","og_image":[{"url":"https:\/\/www.fiorentini-iberia.com\/wp-content\/uploads\/2024\/02\/case-study-02.jpg","type":"","width":"","height":""}],"twitter_card":"summary_large_image","twitter_site":"@FiorentiniSpa","twitter_misc":{"Tiempo de lectura":"1 minuto"},"schema":{"@context":"https:\/\/schema.org","@graph":[{"@type":"WebPage","@id":"https:\/\/fiorentini-iberia.com\/es\/experiencia\/biometano\/mejora-del-biogas-para-gm-green-methane\/","url":"https:\/\/fiorentini-iberia.com\/es\/experiencia\/biometano\/mejora-del-biogas-para-gm-green-methane\/","name":"Mejora del biog\u00e1s para GM \u2013 Green Methane - Pietro Fiorentini Iberia","isPartOf":{"@id":"https:\/\/www.fiorentini-iberia.com\/es\/#website"},"primaryImageOfPage":{"@id":"https:\/\/fiorentini-iberia.com\/es\/experiencia\/biometano\/mejora-del-biogas-para-gm-green-methane\/#primaryimage"},"image":{"@id":"https:\/\/fiorentini-iberia.com\/es\/experiencia\/biometano\/mejora-del-biogas-para-gm-green-methane\/#primaryimage"},"thumbnailUrl":"https:\/\/www.fiorentini-iberia.com\/wp-content\/uploads\/2024\/02\/case-study-02.jpg","datePublished":"2024-03-15T11:01:56+00:00","dateModified":"2024-03-15T12:53:01+00:00","description":"Nuestros sistemas pueden aplicarse a diferentes tecnolog\u00edas de mejora (membrana, depuraci\u00f3n, PSA), as\u00ed como a la inyecci\u00f3n directa de biometano en la red.","breadcrumb":{"@id":"https:\/\/fiorentini-iberia.com\/es\/experiencia\/biometano\/mejora-del-biogas-para-gm-green-methane\/#breadcrumb"},"inLanguage":"es","potentialAction":[{"@type":"ReadAction","target":["https:\/\/fiorentini-iberia.com\/es\/experiencia\/biometano\/mejora-del-biogas-para-gm-green-methane\/"]}]},{"@type":"ImageObject","inLanguage":"es","@id":"https:\/\/fiorentini-iberia.com\/es\/experiencia\/biometano\/mejora-del-biogas-para-gm-green-methane\/#primaryimage","url":"https:\/\/www.fiorentini-iberia.com\/wp-content\/uploads\/2024\/02\/case-study-02.jpg","contentUrl":"https:\/\/www.fiorentini-iberia.com\/wp-content\/uploads\/2024\/02\/case-study-02.jpg"},{"@type":"BreadcrumbList","@id":"https:\/\/fiorentini-iberia.com\/es\/experiencia\/biometano\/mejora-del-biogas-para-gm-green-methane\/#breadcrumb","itemListElement":[{"@type":"ListItem","position":1,"name":"Home","item":"https:\/\/www.fiorentini-iberia.com\/es\/"},{"@type":"ListItem","position":2,"name":"Experiencia","item":"https:\/\/www.fiorentini-iberia.com\/es\/experiencia\/"},{"@type":"ListItem","position":3,"name":"Biometano","item":"https:\/\/www.fiorentini-iberia.com\/es\/experiencia\/biometano\/"},{"@type":"ListItem","position":4,"name":"Mejora del biog\u00e1s para GM \u2013 Green Methane"}]},{"@type":"WebSite","@id":"https:\/\/www.fiorentini-iberia.com\/es\/#website","url":"https:\/\/www.fiorentini-iberia.com\/es\/","name":"Pietro Fiorentini Iberia","description":"Pietro Fiorentini dise\u00f1a y fabrica componentes, sistemas y servicios para la regulaci\u00f3n, medici\u00f3n, gesti\u00f3n de redes de agua, energ\u00edas renovables, petr\u00f3leo y el gas natural, con sistemas adaptados 100% al hidr\u00f3geno.","publisher":{"@id":"https:\/\/www.fiorentini-iberia.com\/es\/#organization"},"potentialAction":[{"@type":"SearchAction","target":{"@type":"EntryPoint","urlTemplate":"https:\/\/www.fiorentini-iberia.com\/es\/?s={search_term_string}"},"query-input":{"@type":"PropertyValueSpecification","valueRequired":true,"valueName":"search_term_string"}}],"inLanguage":"es"},{"@type":"Organization","@id":"https:\/\/www.fiorentini-iberia.com\/es\/#organization","name":"Pietro Fiorentini Iberia","url":"https:\/\/www.fiorentini-iberia.com\/es\/","logo":{"@type":"ImageObject","inLanguage":"es","@id":"https:\/\/www.fiorentini-iberia.com\/es\/#\/schema\/logo\/image\/","url":"https:\/\/fiorentini-iberia.com\/wp-content\/uploads\/2020\/11\/logo.svg","contentUrl":"https:\/\/fiorentini-iberia.com\/wp-content\/uploads\/2020\/11\/logo.svg","width":227,"height":59,"caption":"Pietro Fiorentini Iberia"},"image":{"@id":"https:\/\/www.fiorentini-iberia.com\/es\/#\/schema\/logo\/image\/"},"sameAs":["https:\/\/x.com\/FiorentiniSpa","https:\/\/www.linkedin.com\/company\/pietro-fiorentini-iberia\/"]}]}},"_links":{"self":[{"href":"https:\/\/fiorentini-iberia.com\/es\/wp-json\/wp\/v2\/pages\/50504","targetHints":{"allow":["GET"]}}],"collection":[{"href":"https:\/\/fiorentini-iberia.com\/es\/wp-json\/wp\/v2\/pages"}],"about":[{"href":"https:\/\/fiorentini-iberia.com\/es\/wp-json\/wp\/v2\/types\/page"}],"author":[{"embeddable":true,"href":"https:\/\/fiorentini-iberia.com\/es\/wp-json\/wp\/v2\/users\/15"}],"replies":[{"embeddable":true,"href":"https:\/\/fiorentini-iberia.com\/es\/wp-json\/wp\/v2\/comments?post=50504"}],"version-history":[{"count":2,"href":"https:\/\/fiorentini-iberia.com\/es\/wp-json\/wp\/v2\/pages\/50504\/revisions"}],"predecessor-version":[{"id":50512,"href":"https:\/\/fiorentini-iberia.com\/es\/wp-json\/wp\/v2\/pages\/50504\/revisions\/50512"}],"up":[{"embeddable":true,"href":"https:\/\/fiorentini-iberia.com\/es\/wp-json\/wp\/v2\/pages\/48210"}],"wp:attachment":[{"href":"https:\/\/fiorentini-iberia.com\/es\/wp-json\/wp\/v2\/media?parent=50504"}],"curies":[{"name":"wp","href":"https:\/\/api.w.org\/{rel}","templated":true}]}}