{"id":50478,"date":"2024-03-15T12:34:27","date_gmt":"2024-03-15T11:34:27","guid":{"rendered":"https:\/\/www.fiorentini-iberia.com\/experiencia\/biometano\/biogas-cogeneration-with-engine\/"},"modified":"2024-03-15T13:24:17","modified_gmt":"2024-03-15T12:24:17","slug":"cogeneracion-de-biogas-con-motor","status":"publish","type":"page","link":"https:\/\/fiorentini-iberia.com\/es\/experiencia\/biometano\/cogeneracion-de-biogas-con-motor\/","title":{"rendered":"Cogeneraci\u00f3n de biog\u00e1s con motor"},"content":{"rendered":"\n<p>Nuestra serie de compresores para motores de gas CHP destaca por su fiabilidad, alta eficiencia y f\u00e1cil mantenimiento, lo que los convierte en la opci\u00f3n perfecta para su proyecto de generaci\u00f3n de energ\u00eda. Descubra las ventajas exclusivas de los&nbsp;<strong>compresores Biokomp<\/strong>, que combinan materiales de alta calidad y revestimientos especiales para satisfacer los exigentes requisitos de una central el\u00e9ctrica industrial.<\/p>\n\n\n\n<p>&nbsp;<\/p>\n\n\n\n<figure class=\"wp-block-image size-full\"><img loading=\"lazy\" decoding=\"async\" width=\"864\" height=\"648\" src=\"https:\/\/www.fiorentini-iberia.com\/wp-content\/uploads\/2024\/03\/IMG_55C663-C7A526-6A377A-899E8D-F2AFCC-5C6CE7.jpg\" alt=\"\" class=\"wp-image-50470\" srcset=\"https:\/\/fiorentini-iberia.com\/wp-content\/uploads\/2024\/03\/IMG_55C663-C7A526-6A377A-899E8D-F2AFCC-5C6CE7.jpg 864w, https:\/\/fiorentini-iberia.com\/wp-content\/uploads\/2024\/03\/IMG_55C663-C7A526-6A377A-899E8D-F2AFCC-5C6CE7-300x225.jpg 300w, https:\/\/fiorentini-iberia.com\/wp-content\/uploads\/2024\/03\/IMG_55C663-C7A526-6A377A-899E8D-F2AFCC-5C6CE7-768x576.jpg 768w\" sizes=\"auto, (max-width: 864px) 100vw, 864px\" \/><\/figure>\n\n\n\n<p>\u00a0<br>Cliente:\u00a0<strong>SPUMADOR<\/strong><br>Pa\u00eds:\u00a0<strong>Italia<\/strong><br>\u00a0<br>Spumador S.p.A. es un productor de bebidas gaseosas sin alcohol. Fundada en 1888 en Cermenate, en la provincia de Como, Domenico y Regina Verga iniciaron la producci\u00f3n de refrescos carbonatados.<br>\u00a0<br>En la actualidad, el grupo con sede en Como cuenta con m\u00e1s de 400 empleados y un total de cuatro plantas embotelladoras para 22 l\u00edneas de producci\u00f3n.<br>\u00a0<br><a href=\"https:\/\/www.bio-komp.com\/estudio-de-caso\" target=\"_blank\" rel=\"noreferrer noopener\"><strong>> M\u00e1s informaci\u00f3n sobre el estudio de caso en este enlace.<\/strong><\/a><br><a href=\"https:\/\/www.bio-komp.com\/filedata\/BIOKOMP_Biogas_2018.pdf\" target=\"_blank\" rel=\"noreferrer noopener\"><strong>> Descargar la ficha t\u00e9cnica de Soluciones para biogas.<\/strong><\/a><\/p>\n\n\n\n<p>&nbsp;<\/p>\n\n\n\n<figure class=\"wp-block-image size-large\"><img decoding=\"async\" src=\"https:\/\/www.fiorentini-iberia.com\/wp-content\/uploads\/2024\/02\/case-study-04.jpg\" alt=\"\"\/><\/figure>\n\n\n\n<p>&nbsp;<\/p>\n\n\n\n<p class=\"has-text-color has-link-color has-large-font-size wp-elements-c4846a7caa44179850b1a9ae7a0d69e5\" style=\"color:#199782\"><strong>&gt; <\/strong><a href=\"https:\/\/www.bio-komp.com\/impianti\/74\/SPUMADOR.html\" target=\"_blank\" rel=\"noreferrer noopener\"><strong>M\u00e1s detalles del proyecto.<\/strong><\/a><\/p>\n\n\n\n<div style=\"height:32px\" aria-hidden=\"true\" class=\"wp-block-spacer\"><\/div>\n\n\n\n<p class=\"has-text-color has-link-color has-large-font-size wp-elements-47f32833419f81be32b1667209b5b9a2\" style=\"color:#199782\"><strong>&gt;<\/strong>  <strong><a href=\"https:\/\/www.fiorentini-iberia.com\/es\/noticias\/biokomp-planta-de-tratamiento-de-biogas\/\">Visite la noticia de presentaci\u00f3n BIOKOMP.<\/a><\/strong> <\/p>\n","protected":false},"excerpt":{"rendered":"<p>Nuestra serie de compresores para motores de gas CHP destaca por su fiabilidad, alta eficiencia y f\u00e1cil mantenimiento, lo que los convierte en la opci\u00f3n perfecta para su proyecto de generaci\u00f3n de energ\u00eda. Descubra las ventajas exclusivas de los\u00a0compresores Biokomp, que combinan materiales de alta calidad y revestimientos especiales para satisfacer los exigentes requisitos de una central el\u00e9ctrica industrial.<\/p>\n","protected":false},"author":15,"featured_media":0,"parent":48210,"menu_order":0,"comment_status":"closed","ping_status":"closed","template":"template-expertise-post.php","meta":{"_acf_changed":false,"inline_featured_image":false,"footnotes":""},"class_list":["post-50478","page","type-page","status-publish","hentry"],"acf":[],"yoast_head":"<!-- This site is optimized with the Yoast SEO plugin v27.2 - https:\/\/yoast.com\/product\/yoast-seo-wordpress\/ -->\n<title>Cogeneraci\u00f3n de biog\u00e1s con motor - Pietro Fiorentini Iberia<\/title>\n<meta name=\"description\" content=\"Descubra las ventajas exclusivas de los\u00a0compresores Biokomp, que combinan materiales de alta calidad y revestimientos especiales para satisfacer los exigentes requisitos de una central el\u00e9ctrica industrial.\" \/>\n<meta name=\"robots\" content=\"index, follow, max-snippet:-1, max-image-preview:large, max-video-preview:-1\" \/>\n<link rel=\"canonical\" href=\"https:\/\/fiorentini-iberia.com\/es\/experiencia\/biometano\/cogeneracion-de-biogas-con-motor\/\" \/>\n<meta property=\"og:locale\" content=\"es_ES\" \/>\n<meta property=\"og:type\" content=\"article\" \/>\n<meta property=\"og:title\" content=\"Cogeneraci\u00f3n de biog\u00e1s con motor - Pietro Fiorentini Iberia\" \/>\n<meta property=\"og:description\" content=\"Descubra las ventajas exclusivas de los\u00a0compresores Biokomp, que combinan materiales de alta calidad y revestimientos especiales para satisfacer los exigentes requisitos de una central el\u00e9ctrica industrial.\" \/>\n<meta property=\"og:url\" content=\"https:\/\/fiorentini-iberia.com\/es\/experiencia\/biometano\/cogeneracion-de-biogas-con-motor\/\" \/>\n<meta property=\"og:site_name\" content=\"Pietro Fiorentini Iberia\" \/>\n<meta property=\"article:modified_time\" content=\"2024-03-15T12:24:17+00:00\" \/>\n<meta property=\"og:image\" content=\"https:\/\/www.fiorentini-iberia.com\/wp-content\/uploads\/2024\/03\/IMG_55C663-C7A526-6A377A-899E8D-F2AFCC-5C6CE7.jpg\" \/>\n<meta name=\"twitter:card\" content=\"summary_large_image\" \/>\n<meta name=\"twitter:site\" content=\"@FiorentiniSpa\" \/>\n<meta name=\"twitter:label1\" content=\"Tiempo de lectura\" \/>\n\t<meta name=\"twitter:data1\" content=\"2 minutos\" \/>\n<script type=\"application\/ld+json\" class=\"yoast-schema-graph\">{\"@context\":\"https:\/\/schema.org\",\"@graph\":[{\"@type\":\"WebPage\",\"@id\":\"https:\/\/fiorentini-iberia.com\/es\/experiencia\/biometano\/cogeneracion-de-biogas-con-motor\/\",\"url\":\"https:\/\/fiorentini-iberia.com\/es\/experiencia\/biometano\/cogeneracion-de-biogas-con-motor\/\",\"name\":\"Cogeneraci\u00f3n de biog\u00e1s con motor - Pietro Fiorentini Iberia\",\"isPartOf\":{\"@id\":\"https:\/\/www.fiorentini-iberia.com\/es\/#website\"},\"primaryImageOfPage\":{\"@id\":\"https:\/\/fiorentini-iberia.com\/es\/experiencia\/biometano\/cogeneracion-de-biogas-con-motor\/#primaryimage\"},\"image\":{\"@id\":\"https:\/\/fiorentini-iberia.com\/es\/experiencia\/biometano\/cogeneracion-de-biogas-con-motor\/#primaryimage\"},\"thumbnailUrl\":\"https:\/\/www.fiorentini-iberia.com\/wp-content\/uploads\/2024\/03\/IMG_55C663-C7A526-6A377A-899E8D-F2AFCC-5C6CE7.jpg\",\"datePublished\":\"2024-03-15T11:34:27+00:00\",\"dateModified\":\"2024-03-15T12:24:17+00:00\",\"description\":\"Descubra las ventajas exclusivas de los\u00a0compresores Biokomp, que combinan materiales de alta calidad y revestimientos especiales para satisfacer los exigentes requisitos de una central el\u00e9ctrica industrial.\",\"breadcrumb\":{\"@id\":\"https:\/\/fiorentini-iberia.com\/es\/experiencia\/biometano\/cogeneracion-de-biogas-con-motor\/#breadcrumb\"},\"inLanguage\":\"es\",\"potentialAction\":[{\"@type\":\"ReadAction\",\"target\":[\"https:\/\/fiorentini-iberia.com\/es\/experiencia\/biometano\/cogeneracion-de-biogas-con-motor\/\"]}]},{\"@type\":\"ImageObject\",\"inLanguage\":\"es\",\"@id\":\"https:\/\/fiorentini-iberia.com\/es\/experiencia\/biometano\/cogeneracion-de-biogas-con-motor\/#primaryimage\",\"url\":\"https:\/\/www.fiorentini-iberia.com\/wp-content\/uploads\/2024\/03\/IMG_55C663-C7A526-6A377A-899E8D-F2AFCC-5C6CE7.jpg\",\"contentUrl\":\"https:\/\/www.fiorentini-iberia.com\/wp-content\/uploads\/2024\/03\/IMG_55C663-C7A526-6A377A-899E8D-F2AFCC-5C6CE7.jpg\"},{\"@type\":\"BreadcrumbList\",\"@id\":\"https:\/\/fiorentini-iberia.com\/es\/experiencia\/biometano\/cogeneracion-de-biogas-con-motor\/#breadcrumb\",\"itemListElement\":[{\"@type\":\"ListItem\",\"position\":1,\"name\":\"Home\",\"item\":\"https:\/\/www.fiorentini-iberia.com\/es\/\"},{\"@type\":\"ListItem\",\"position\":2,\"name\":\"Experiencia\",\"item\":\"https:\/\/www.fiorentini-iberia.com\/es\/experiencia\/\"},{\"@type\":\"ListItem\",\"position\":3,\"name\":\"Biometano\",\"item\":\"https:\/\/www.fiorentini-iberia.com\/es\/experiencia\/biometano\/\"},{\"@type\":\"ListItem\",\"position\":4,\"name\":\"Cogeneraci\u00f3n de biog\u00e1s con motor\"}]},{\"@type\":\"WebSite\",\"@id\":\"https:\/\/www.fiorentini-iberia.com\/es\/#website\",\"url\":\"https:\/\/www.fiorentini-iberia.com\/es\/\",\"name\":\"Pietro Fiorentini Iberia\",\"description\":\"Pietro Fiorentini dise\u00f1a y fabrica componentes, sistemas y servicios para la regulaci\u00f3n, medici\u00f3n, gesti\u00f3n de redes de agua, energ\u00edas renovables, petr\u00f3leo y el gas natural, con sistemas adaptados 100% al hidr\u00f3geno.\",\"publisher\":{\"@id\":\"https:\/\/www.fiorentini-iberia.com\/es\/#organization\"},\"potentialAction\":[{\"@type\":\"SearchAction\",\"target\":{\"@type\":\"EntryPoint\",\"urlTemplate\":\"https:\/\/www.fiorentini-iberia.com\/es\/?s={search_term_string}\"},\"query-input\":{\"@type\":\"PropertyValueSpecification\",\"valueRequired\":true,\"valueName\":\"search_term_string\"}}],\"inLanguage\":\"es\"},{\"@type\":\"Organization\",\"@id\":\"https:\/\/www.fiorentini-iberia.com\/es\/#organization\",\"name\":\"Pietro Fiorentini Iberia\",\"url\":\"https:\/\/www.fiorentini-iberia.com\/es\/\",\"logo\":{\"@type\":\"ImageObject\",\"inLanguage\":\"es\",\"@id\":\"https:\/\/www.fiorentini-iberia.com\/es\/#\/schema\/logo\/image\/\",\"url\":\"https:\/\/fiorentini-iberia.com\/wp-content\/uploads\/2020\/11\/logo.svg\",\"contentUrl\":\"https:\/\/fiorentini-iberia.com\/wp-content\/uploads\/2020\/11\/logo.svg\",\"width\":227,\"height\":59,\"caption\":\"Pietro Fiorentini Iberia\"},\"image\":{\"@id\":\"https:\/\/www.fiorentini-iberia.com\/es\/#\/schema\/logo\/image\/\"},\"sameAs\":[\"https:\/\/x.com\/FiorentiniSpa\",\"https:\/\/www.linkedin.com\/company\/pietro-fiorentini-iberia\/\"]}]}<\/script>\n<!-- \/ Yoast SEO plugin. -->","yoast_head_json":{"title":"Cogeneraci\u00f3n de biog\u00e1s con motor - Pietro Fiorentini Iberia","description":"Descubra las ventajas exclusivas de los\u00a0compresores Biokomp, que combinan materiales de alta calidad y revestimientos especiales para satisfacer los exigentes requisitos de una central el\u00e9ctrica industrial.","robots":{"index":"index","follow":"follow","max-snippet":"max-snippet:-1","max-image-preview":"max-image-preview:large","max-video-preview":"max-video-preview:-1"},"canonical":"https:\/\/fiorentini-iberia.com\/es\/experiencia\/biometano\/cogeneracion-de-biogas-con-motor\/","og_locale":"es_ES","og_type":"article","og_title":"Cogeneraci\u00f3n de biog\u00e1s con motor - Pietro Fiorentini Iberia","og_description":"Descubra las ventajas exclusivas de los\u00a0compresores Biokomp, que combinan materiales de alta calidad y revestimientos especiales para satisfacer los exigentes requisitos de una central el\u00e9ctrica industrial.","og_url":"https:\/\/fiorentini-iberia.com\/es\/experiencia\/biometano\/cogeneracion-de-biogas-con-motor\/","og_site_name":"Pietro Fiorentini Iberia","article_modified_time":"2024-03-15T12:24:17+00:00","og_image":[{"url":"https:\/\/www.fiorentini-iberia.com\/wp-content\/uploads\/2024\/03\/IMG_55C663-C7A526-6A377A-899E8D-F2AFCC-5C6CE7.jpg","type":"","width":"","height":""}],"twitter_card":"summary_large_image","twitter_site":"@FiorentiniSpa","twitter_misc":{"Tiempo de lectura":"2 minutos"},"schema":{"@context":"https:\/\/schema.org","@graph":[{"@type":"WebPage","@id":"https:\/\/fiorentini-iberia.com\/es\/experiencia\/biometano\/cogeneracion-de-biogas-con-motor\/","url":"https:\/\/fiorentini-iberia.com\/es\/experiencia\/biometano\/cogeneracion-de-biogas-con-motor\/","name":"Cogeneraci\u00f3n de biog\u00e1s con motor - Pietro Fiorentini Iberia","isPartOf":{"@id":"https:\/\/www.fiorentini-iberia.com\/es\/#website"},"primaryImageOfPage":{"@id":"https:\/\/fiorentini-iberia.com\/es\/experiencia\/biometano\/cogeneracion-de-biogas-con-motor\/#primaryimage"},"image":{"@id":"https:\/\/fiorentini-iberia.com\/es\/experiencia\/biometano\/cogeneracion-de-biogas-con-motor\/#primaryimage"},"thumbnailUrl":"https:\/\/www.fiorentini-iberia.com\/wp-content\/uploads\/2024\/03\/IMG_55C663-C7A526-6A377A-899E8D-F2AFCC-5C6CE7.jpg","datePublished":"2024-03-15T11:34:27+00:00","dateModified":"2024-03-15T12:24:17+00:00","description":"Descubra las ventajas exclusivas de los\u00a0compresores Biokomp, que combinan materiales de alta calidad y revestimientos especiales para satisfacer los exigentes requisitos de una central el\u00e9ctrica industrial.","breadcrumb":{"@id":"https:\/\/fiorentini-iberia.com\/es\/experiencia\/biometano\/cogeneracion-de-biogas-con-motor\/#breadcrumb"},"inLanguage":"es","potentialAction":[{"@type":"ReadAction","target":["https:\/\/fiorentini-iberia.com\/es\/experiencia\/biometano\/cogeneracion-de-biogas-con-motor\/"]}]},{"@type":"ImageObject","inLanguage":"es","@id":"https:\/\/fiorentini-iberia.com\/es\/experiencia\/biometano\/cogeneracion-de-biogas-con-motor\/#primaryimage","url":"https:\/\/www.fiorentini-iberia.com\/wp-content\/uploads\/2024\/03\/IMG_55C663-C7A526-6A377A-899E8D-F2AFCC-5C6CE7.jpg","contentUrl":"https:\/\/www.fiorentini-iberia.com\/wp-content\/uploads\/2024\/03\/IMG_55C663-C7A526-6A377A-899E8D-F2AFCC-5C6CE7.jpg"},{"@type":"BreadcrumbList","@id":"https:\/\/fiorentini-iberia.com\/es\/experiencia\/biometano\/cogeneracion-de-biogas-con-motor\/#breadcrumb","itemListElement":[{"@type":"ListItem","position":1,"name":"Home","item":"https:\/\/www.fiorentini-iberia.com\/es\/"},{"@type":"ListItem","position":2,"name":"Experiencia","item":"https:\/\/www.fiorentini-iberia.com\/es\/experiencia\/"},{"@type":"ListItem","position":3,"name":"Biometano","item":"https:\/\/www.fiorentini-iberia.com\/es\/experiencia\/biometano\/"},{"@type":"ListItem","position":4,"name":"Cogeneraci\u00f3n de biog\u00e1s con motor"}]},{"@type":"WebSite","@id":"https:\/\/www.fiorentini-iberia.com\/es\/#website","url":"https:\/\/www.fiorentini-iberia.com\/es\/","name":"Pietro Fiorentini Iberia","description":"Pietro Fiorentini dise\u00f1a y fabrica componentes, sistemas y servicios para la regulaci\u00f3n, medici\u00f3n, gesti\u00f3n de redes de agua, energ\u00edas renovables, petr\u00f3leo y el gas natural, con sistemas adaptados 100% al hidr\u00f3geno.","publisher":{"@id":"https:\/\/www.fiorentini-iberia.com\/es\/#organization"},"potentialAction":[{"@type":"SearchAction","target":{"@type":"EntryPoint","urlTemplate":"https:\/\/www.fiorentini-iberia.com\/es\/?s={search_term_string}"},"query-input":{"@type":"PropertyValueSpecification","valueRequired":true,"valueName":"search_term_string"}}],"inLanguage":"es"},{"@type":"Organization","@id":"https:\/\/www.fiorentini-iberia.com\/es\/#organization","name":"Pietro Fiorentini Iberia","url":"https:\/\/www.fiorentini-iberia.com\/es\/","logo":{"@type":"ImageObject","inLanguage":"es","@id":"https:\/\/www.fiorentini-iberia.com\/es\/#\/schema\/logo\/image\/","url":"https:\/\/fiorentini-iberia.com\/wp-content\/uploads\/2020\/11\/logo.svg","contentUrl":"https:\/\/fiorentini-iberia.com\/wp-content\/uploads\/2020\/11\/logo.svg","width":227,"height":59,"caption":"Pietro Fiorentini Iberia"},"image":{"@id":"https:\/\/www.fiorentini-iberia.com\/es\/#\/schema\/logo\/image\/"},"sameAs":["https:\/\/x.com\/FiorentiniSpa","https:\/\/www.linkedin.com\/company\/pietro-fiorentini-iberia\/"]}]}},"_links":{"self":[{"href":"https:\/\/fiorentini-iberia.com\/es\/wp-json\/wp\/v2\/pages\/50478","targetHints":{"allow":["GET"]}}],"collection":[{"href":"https:\/\/fiorentini-iberia.com\/es\/wp-json\/wp\/v2\/pages"}],"about":[{"href":"https:\/\/fiorentini-iberia.com\/es\/wp-json\/wp\/v2\/types\/page"}],"author":[{"embeddable":true,"href":"https:\/\/fiorentini-iberia.com\/es\/wp-json\/wp\/v2\/users\/15"}],"replies":[{"embeddable":true,"href":"https:\/\/fiorentini-iberia.com\/es\/wp-json\/wp\/v2\/comments?post=50478"}],"version-history":[{"count":2,"href":"https:\/\/fiorentini-iberia.com\/es\/wp-json\/wp\/v2\/pages\/50478\/revisions"}],"predecessor-version":[{"id":50490,"href":"https:\/\/fiorentini-iberia.com\/es\/wp-json\/wp\/v2\/pages\/50478\/revisions\/50490"}],"up":[{"embeddable":true,"href":"https:\/\/fiorentini-iberia.com\/es\/wp-json\/wp\/v2\/pages\/48210"}],"wp:attachment":[{"href":"https:\/\/fiorentini-iberia.com\/es\/wp-json\/wp\/v2\/media?parent=50478"}],"curies":[{"name":"wp","href":"https:\/\/api.w.org\/{rel}","templated":true}]}}