{"id":49150,"date":"2024-02-21T16:15:11","date_gmt":"2024-02-21T15:15:11","guid":{"rendered":"https:\/\/www.fiorentini-iberia.com\/experiencia\/smart-gas-grids\/sustainable-digitalised-grids-for-gas-distribution\/"},"modified":"2024-02-21T16:38:32","modified_gmt":"2024-02-21T15:38:32","slug":"redes-digitalizadas-y-sostenibles-para-la-distribucion-de-gas","status":"publish","type":"page","link":"https:\/\/fiorentini-iberia.com\/es\/experiencia\/smart-gas-grids\/redes-digitalizadas-y-sostenibles-para-la-distribucion-de-gas\/","title":{"rendered":"Redes digitalizadas y sostenibles para la distribuci\u00f3n de gas"},"content":{"rendered":"\n<p>Pietro Fiorentini lleva a\u00f1os investigando y desarrollando activamente nuevas soluciones que puedan utilizarse en redes inteligentes, especialmente las de gas natural.<\/p>\n\n\n\n<p>Las <strong>redes actuales de distribuci\u00f3n de gas<\/strong> tienen una limitaci\u00f3n importante: <strong>est\u00e1n sujetas a las fugas previstas<\/strong>, sobre todo en los puntos de uni\u00f3n entre tuber\u00edas y v\u00e1lvulas, cuando se producen da\u00f1os accidentales por trabajos de excavaci\u00f3n o veh\u00edculos que bloquean una conexi\u00f3n, o debido a la corrosi\u00f3n de tuber\u00edas insuficientemente protegidas cat\u00f3dicamente.<\/p>\n\n\n\n<p>Las fugas son directamente proporcionales a la presi\u00f3n a la que se mantiene el gas para garantizar unas normas de servicio adecuadas en los puntos de entrega y son especialmente <strong>perjudiciales desde el punto de vista medioambiental<\/strong>. De hecho, cuando se quema, el gas natural es el combustible f\u00f3sil con menor impacto ambiental de los actualmente disponibles. Sin embargo, si se libera a la atm\u00f3sfera sin ser quemado, es mucho m\u00e1s nocivo que el CO<sub>2<\/sub>.<\/p>\n\n\n\n<p>Distribuir gas natural a trav\u00e9s de redes sostenibles e inteligentes significa, por tanto, dise\u00f1ar sistemas que se caractericen por:<\/p>\n\n\n\n<ul class=\"wp-block-list\">\n<li><strong>flexibilidad<\/strong> en la gesti\u00f3n de los flujos procedentes de distintos recursos situados en m\u00faltiples puntos de inyecci\u00f3n y con propiedades diferentes;<\/li>\n\n\n\n<li>la <strong>capacidad de mantener el equilibrio<\/strong> en redes descentralizadas con flujos bidireccionales;<\/li>\n\n\n\n<li><strong>resiliencia<\/strong>.<\/li>\n<\/ul>\n","protected":false},"excerpt":{"rendered":"<p>Distribuir gas natural a trav\u00e9s de redes sostenibles e inteligentes significa dise\u00f1ar sistemas que se caractericen por la flexibilidad en la gesti\u00f3n de los flujos, la capacidad de mantener el equilibrio dentro de redes descentralizadas con flujos bidireccionales y la resiliencia de los propios sistemas.<\/p>\n","protected":false},"author":15,"featured_media":0,"parent":48321,"menu_order":0,"comment_status":"closed","ping_status":"closed","template":"template-expertise-post.php","meta":{"_acf_changed":false,"inline_featured_image":false,"footnotes":""},"class_list":["post-49150","page","type-page","status-publish","hentry"],"acf":[],"yoast_head":"<!-- This site is optimized with the Yoast SEO plugin v27.2 - https:\/\/yoast.com\/product\/yoast-seo-wordpress\/ -->\n<title>Redes digitalizadas y sostenibles para la distribuci\u00f3n de gas - Pietro Fiorentini Iberia<\/title>\n<meta name=\"description\" content=\"Pietro Fiorentini lleva a\u00f1os investigando y desarrollando nuevas soluciones para las redes inteligentes, especialmente las de gas natural.\" \/>\n<meta name=\"robots\" content=\"index, follow, max-snippet:-1, max-image-preview:large, max-video-preview:-1\" \/>\n<link rel=\"canonical\" href=\"https:\/\/fiorentini-iberia.com\/es\/experiencia\/smart-gas-grids\/redes-digitalizadas-y-sostenibles-para-la-distribucion-de-gas\/\" \/>\n<meta property=\"og:locale\" content=\"es_ES\" \/>\n<meta property=\"og:type\" content=\"article\" \/>\n<meta property=\"og:title\" content=\"Redes digitalizadas y sostenibles para la distribuci\u00f3n de gas - Pietro Fiorentini Iberia\" \/>\n<meta property=\"og:description\" content=\"Pietro Fiorentini lleva a\u00f1os investigando y desarrollando nuevas soluciones para las redes inteligentes, especialmente las de gas natural.\" \/>\n<meta property=\"og:url\" content=\"https:\/\/fiorentini-iberia.com\/es\/experiencia\/smart-gas-grids\/redes-digitalizadas-y-sostenibles-para-la-distribucion-de-gas\/\" \/>\n<meta property=\"og:site_name\" content=\"Pietro Fiorentini Iberia\" \/>\n<meta property=\"article:modified_time\" content=\"2024-02-21T15:38:32+00:00\" \/>\n<meta name=\"twitter:card\" content=\"summary_large_image\" \/>\n<meta name=\"twitter:site\" content=\"@FiorentiniSpa\" \/>\n<meta name=\"twitter:label1\" content=\"Tiempo de lectura\" \/>\n\t<meta name=\"twitter:data1\" content=\"1 minuto\" \/>\n<script type=\"application\/ld+json\" class=\"yoast-schema-graph\">{\"@context\":\"https:\/\/schema.org\",\"@graph\":[{\"@type\":\"WebPage\",\"@id\":\"https:\/\/fiorentini-iberia.com\/es\/experiencia\/smart-gas-grids\/redes-digitalizadas-y-sostenibles-para-la-distribucion-de-gas\/\",\"url\":\"https:\/\/fiorentini-iberia.com\/es\/experiencia\/smart-gas-grids\/redes-digitalizadas-y-sostenibles-para-la-distribucion-de-gas\/\",\"name\":\"Redes digitalizadas y sostenibles para la distribuci\u00f3n de gas - Pietro Fiorentini Iberia\",\"isPartOf\":{\"@id\":\"https:\/\/www.fiorentini-iberia.com\/es\/#website\"},\"datePublished\":\"2024-02-21T15:15:11+00:00\",\"dateModified\":\"2024-02-21T15:38:32+00:00\",\"description\":\"Pietro Fiorentini lleva a\u00f1os investigando y desarrollando nuevas soluciones para las redes inteligentes, especialmente las de gas natural.\",\"breadcrumb\":{\"@id\":\"https:\/\/fiorentini-iberia.com\/es\/experiencia\/smart-gas-grids\/redes-digitalizadas-y-sostenibles-para-la-distribucion-de-gas\/#breadcrumb\"},\"inLanguage\":\"es\",\"potentialAction\":[{\"@type\":\"ReadAction\",\"target\":[\"https:\/\/fiorentini-iberia.com\/es\/experiencia\/smart-gas-grids\/redes-digitalizadas-y-sostenibles-para-la-distribucion-de-gas\/\"]}]},{\"@type\":\"BreadcrumbList\",\"@id\":\"https:\/\/fiorentini-iberia.com\/es\/experiencia\/smart-gas-grids\/redes-digitalizadas-y-sostenibles-para-la-distribucion-de-gas\/#breadcrumb\",\"itemListElement\":[{\"@type\":\"ListItem\",\"position\":1,\"name\":\"Home\",\"item\":\"https:\/\/www.fiorentini-iberia.com\/es\/\"},{\"@type\":\"ListItem\",\"position\":2,\"name\":\"Experiencia\",\"item\":\"https:\/\/www.fiorentini-iberia.com\/es\/experiencia\/\"},{\"@type\":\"ListItem\",\"position\":3,\"name\":\"Redes de gas inteligentes\",\"item\":\"https:\/\/www.fiorentini-iberia.com\/es\/experiencia\/smart-gas-grids\/\"},{\"@type\":\"ListItem\",\"position\":4,\"name\":\"Redes digitalizadas y sostenibles para la distribuci\u00f3n de gas\"}]},{\"@type\":\"WebSite\",\"@id\":\"https:\/\/www.fiorentini-iberia.com\/es\/#website\",\"url\":\"https:\/\/www.fiorentini-iberia.com\/es\/\",\"name\":\"Pietro Fiorentini Iberia\",\"description\":\"Pietro Fiorentini dise\u00f1a y fabrica componentes, sistemas y servicios para la regulaci\u00f3n, medici\u00f3n, gesti\u00f3n de redes de agua, energ\u00edas renovables, petr\u00f3leo y el gas natural, con sistemas adaptados 100% al hidr\u00f3geno.\",\"publisher\":{\"@id\":\"https:\/\/www.fiorentini-iberia.com\/es\/#organization\"},\"potentialAction\":[{\"@type\":\"SearchAction\",\"target\":{\"@type\":\"EntryPoint\",\"urlTemplate\":\"https:\/\/www.fiorentini-iberia.com\/es\/?s={search_term_string}\"},\"query-input\":{\"@type\":\"PropertyValueSpecification\",\"valueRequired\":true,\"valueName\":\"search_term_string\"}}],\"inLanguage\":\"es\"},{\"@type\":\"Organization\",\"@id\":\"https:\/\/www.fiorentini-iberia.com\/es\/#organization\",\"name\":\"Pietro Fiorentini Iberia\",\"url\":\"https:\/\/www.fiorentini-iberia.com\/es\/\",\"logo\":{\"@type\":\"ImageObject\",\"inLanguage\":\"es\",\"@id\":\"https:\/\/www.fiorentini-iberia.com\/es\/#\/schema\/logo\/image\/\",\"url\":\"https:\/\/fiorentini-iberia.com\/wp-content\/uploads\/2020\/11\/logo.svg\",\"contentUrl\":\"https:\/\/fiorentini-iberia.com\/wp-content\/uploads\/2020\/11\/logo.svg\",\"width\":227,\"height\":59,\"caption\":\"Pietro Fiorentini Iberia\"},\"image\":{\"@id\":\"https:\/\/www.fiorentini-iberia.com\/es\/#\/schema\/logo\/image\/\"},\"sameAs\":[\"https:\/\/x.com\/FiorentiniSpa\",\"https:\/\/www.linkedin.com\/company\/pietro-fiorentini-iberia\/\"]}]}<\/script>\n<!-- \/ Yoast SEO plugin. -->","yoast_head_json":{"title":"Redes digitalizadas y sostenibles para la distribuci\u00f3n de gas - Pietro Fiorentini Iberia","description":"Pietro Fiorentini lleva a\u00f1os investigando y desarrollando nuevas soluciones para las redes inteligentes, especialmente las de gas natural.","robots":{"index":"index","follow":"follow","max-snippet":"max-snippet:-1","max-image-preview":"max-image-preview:large","max-video-preview":"max-video-preview:-1"},"canonical":"https:\/\/fiorentini-iberia.com\/es\/experiencia\/smart-gas-grids\/redes-digitalizadas-y-sostenibles-para-la-distribucion-de-gas\/","og_locale":"es_ES","og_type":"article","og_title":"Redes digitalizadas y sostenibles para la distribuci\u00f3n de gas - Pietro Fiorentini Iberia","og_description":"Pietro Fiorentini lleva a\u00f1os investigando y desarrollando nuevas soluciones para las redes inteligentes, especialmente las de gas natural.","og_url":"https:\/\/fiorentini-iberia.com\/es\/experiencia\/smart-gas-grids\/redes-digitalizadas-y-sostenibles-para-la-distribucion-de-gas\/","og_site_name":"Pietro Fiorentini Iberia","article_modified_time":"2024-02-21T15:38:32+00:00","twitter_card":"summary_large_image","twitter_site":"@FiorentiniSpa","twitter_misc":{"Tiempo de lectura":"1 minuto"},"schema":{"@context":"https:\/\/schema.org","@graph":[{"@type":"WebPage","@id":"https:\/\/fiorentini-iberia.com\/es\/experiencia\/smart-gas-grids\/redes-digitalizadas-y-sostenibles-para-la-distribucion-de-gas\/","url":"https:\/\/fiorentini-iberia.com\/es\/experiencia\/smart-gas-grids\/redes-digitalizadas-y-sostenibles-para-la-distribucion-de-gas\/","name":"Redes digitalizadas y sostenibles para la distribuci\u00f3n de gas - Pietro Fiorentini Iberia","isPartOf":{"@id":"https:\/\/www.fiorentini-iberia.com\/es\/#website"},"datePublished":"2024-02-21T15:15:11+00:00","dateModified":"2024-02-21T15:38:32+00:00","description":"Pietro Fiorentini lleva a\u00f1os investigando y desarrollando nuevas soluciones para las redes inteligentes, especialmente las de gas natural.","breadcrumb":{"@id":"https:\/\/fiorentini-iberia.com\/es\/experiencia\/smart-gas-grids\/redes-digitalizadas-y-sostenibles-para-la-distribucion-de-gas\/#breadcrumb"},"inLanguage":"es","potentialAction":[{"@type":"ReadAction","target":["https:\/\/fiorentini-iberia.com\/es\/experiencia\/smart-gas-grids\/redes-digitalizadas-y-sostenibles-para-la-distribucion-de-gas\/"]}]},{"@type":"BreadcrumbList","@id":"https:\/\/fiorentini-iberia.com\/es\/experiencia\/smart-gas-grids\/redes-digitalizadas-y-sostenibles-para-la-distribucion-de-gas\/#breadcrumb","itemListElement":[{"@type":"ListItem","position":1,"name":"Home","item":"https:\/\/www.fiorentini-iberia.com\/es\/"},{"@type":"ListItem","position":2,"name":"Experiencia","item":"https:\/\/www.fiorentini-iberia.com\/es\/experiencia\/"},{"@type":"ListItem","position":3,"name":"Redes de gas inteligentes","item":"https:\/\/www.fiorentini-iberia.com\/es\/experiencia\/smart-gas-grids\/"},{"@type":"ListItem","position":4,"name":"Redes digitalizadas y sostenibles para la distribuci\u00f3n de gas"}]},{"@type":"WebSite","@id":"https:\/\/www.fiorentini-iberia.com\/es\/#website","url":"https:\/\/www.fiorentini-iberia.com\/es\/","name":"Pietro Fiorentini Iberia","description":"Pietro Fiorentini dise\u00f1a y fabrica componentes, sistemas y servicios para la regulaci\u00f3n, medici\u00f3n, gesti\u00f3n de redes de agua, energ\u00edas renovables, petr\u00f3leo y el gas natural, con sistemas adaptados 100% al hidr\u00f3geno.","publisher":{"@id":"https:\/\/www.fiorentini-iberia.com\/es\/#organization"},"potentialAction":[{"@type":"SearchAction","target":{"@type":"EntryPoint","urlTemplate":"https:\/\/www.fiorentini-iberia.com\/es\/?s={search_term_string}"},"query-input":{"@type":"PropertyValueSpecification","valueRequired":true,"valueName":"search_term_string"}}],"inLanguage":"es"},{"@type":"Organization","@id":"https:\/\/www.fiorentini-iberia.com\/es\/#organization","name":"Pietro Fiorentini Iberia","url":"https:\/\/www.fiorentini-iberia.com\/es\/","logo":{"@type":"ImageObject","inLanguage":"es","@id":"https:\/\/www.fiorentini-iberia.com\/es\/#\/schema\/logo\/image\/","url":"https:\/\/fiorentini-iberia.com\/wp-content\/uploads\/2020\/11\/logo.svg","contentUrl":"https:\/\/fiorentini-iberia.com\/wp-content\/uploads\/2020\/11\/logo.svg","width":227,"height":59,"caption":"Pietro Fiorentini Iberia"},"image":{"@id":"https:\/\/www.fiorentini-iberia.com\/es\/#\/schema\/logo\/image\/"},"sameAs":["https:\/\/x.com\/FiorentiniSpa","https:\/\/www.linkedin.com\/company\/pietro-fiorentini-iberia\/"]}]}},"_links":{"self":[{"href":"https:\/\/fiorentini-iberia.com\/es\/wp-json\/wp\/v2\/pages\/49150","targetHints":{"allow":["GET"]}}],"collection":[{"href":"https:\/\/fiorentini-iberia.com\/es\/wp-json\/wp\/v2\/pages"}],"about":[{"href":"https:\/\/fiorentini-iberia.com\/es\/wp-json\/wp\/v2\/types\/page"}],"author":[{"embeddable":true,"href":"https:\/\/fiorentini-iberia.com\/es\/wp-json\/wp\/v2\/users\/15"}],"replies":[{"embeddable":true,"href":"https:\/\/fiorentini-iberia.com\/es\/wp-json\/wp\/v2\/comments?post=49150"}],"version-history":[{"count":1,"href":"https:\/\/fiorentini-iberia.com\/es\/wp-json\/wp\/v2\/pages\/49150\/revisions"}],"predecessor-version":[{"id":49152,"href":"https:\/\/fiorentini-iberia.com\/es\/wp-json\/wp\/v2\/pages\/49150\/revisions\/49152"}],"up":[{"embeddable":true,"href":"https:\/\/fiorentini-iberia.com\/es\/wp-json\/wp\/v2\/pages\/48321"}],"wp:attachment":[{"href":"https:\/\/fiorentini-iberia.com\/es\/wp-json\/wp\/v2\/media?parent=49150"}],"curies":[{"name":"wp","href":"https:\/\/api.w.org\/{rel}","templated":true}]}}