{"id":49142,"date":"2024-02-21T15:58:03","date_gmt":"2024-02-21T14:58:03","guid":{"rendered":"https:\/\/www.fiorentini-iberia.com\/experiencia\/smart-gas-grids\/decarbonisation-decentralisation-and-digitalisation\/"},"modified":"2024-02-21T16:05:13","modified_gmt":"2024-02-21T15:05:13","slug":"descarbonizacion-descentralizacion-y-digitalizacion","status":"publish","type":"page","link":"https:\/\/fiorentini-iberia.com\/es\/experiencia\/smart-gas-grids\/descarbonizacion-descentralizacion-y-digitalizacion\/","title":{"rendered":"Descarbonizaci\u00f3n, descentralizaci\u00f3n y digitalizaci\u00f3n"},"content":{"rendered":"\n<p>Al adherirse al <strong><a href=\"https:\/\/ec.europa.eu\/info\/strategy\/priorities-2019-2024\/european-green-deal_en\" target=\"_blank\" rel=\"noreferrer noopener\">Pacto Verde<\/a><\/strong>, la Uni\u00f3n Europea se ha comprometido a reducir a cero las emisiones netas de gases de efecto invernadero para 2050, con objetivos intermedios para 2030 y 2040. El plan de acci\u00f3n incluye tanto <strong>la promoci\u00f3n del uso eficiente de los recursos avanzando<\/strong> hacia una econom\u00eda limpia y circular, como <strong>la restauraci\u00f3n de la biodiversidad y la reducci\u00f3n de la contaminaci\u00f3n<\/strong>.<\/p>\n\n\n\n<p>Las redes inteligentes pueden contribuir en gran medida a la consecuci\u00f3n de estos objetivos europeos. En lo que respecta a la distribuci\u00f3n de electricidad, implantar redes inteligentes significa:<\/p>\n\n\n\n<ul class=\"wp-block-list\">\n<li>explotar las tecnolog\u00edas de la informaci\u00f3n para permitir el <strong>intercambio de datos e informaci\u00f3n<\/strong> entre los distintos nodos con el fin de <strong>optimizar los flujos<\/strong>;<\/li>\n\n\n\n<li>transformar el papel del consumidor final de <strong>usuario pasivo en productor de energ\u00eda<\/strong> (por ejemplo, mediante paneles solares en sus tejados) e <strong>informador<\/strong> que ayude a la red a planificar un uso eficiente y evitar picos de potencia y excesos de producci\u00f3n;<\/li>\n\n\n\n<li><strong>maximizar la seguridad y eliminar fugas y derroches<\/strong>, reduciendo as\u00ed el consumo;<\/li>\n\n\n\n<li>integrar los <em>recursos energ\u00e9ticos distribuidos (DER)<\/em> en la red, <strong>cambiando el modelo de distribuci\u00f3n de olig\u00e1rquico a distribuido<\/strong>. Cuanto m\u00e1s se generalicen las peque\u00f1as centrales de energ\u00eda renovable, m\u00e1s cerca estar\u00e1n los lugares donde se produce y se consume la energ\u00eda (incluso coincidiendo en algunos casos), lo que conducir\u00e1 a la eliminaci\u00f3n de las fugas en las largas redes troncales de transporte.<br>\u00a0<\/li>\n<\/ul>\n\n\n\n<figure class=\"wp-block-image size-full is-resized\"><img loading=\"lazy\" decoding=\"async\" width=\"951\" height=\"765\" src=\"https:\/\/www.fiorentini-iberia.com\/wp-content\/uploads\/2024\/02\/Expertise_SmartGasGrids_1EN.jpg\" alt=\"Redes inteligentes para la distribuci\u00f3n de electricidad y gas\" class=\"wp-image-49137\" style=\"width:840px;height:auto\" srcset=\"https:\/\/fiorentini-iberia.com\/wp-content\/uploads\/2024\/02\/Expertise_SmartGasGrids_1EN.jpg 951w, https:\/\/fiorentini-iberia.com\/wp-content\/uploads\/2024\/02\/Expertise_SmartGasGrids_1EN-300x241.jpg 300w, https:\/\/fiorentini-iberia.com\/wp-content\/uploads\/2024\/02\/Expertise_SmartGasGrids_1EN-768x618.jpg 768w\" sizes=\"auto, (max-width: 951px) 100vw, 951px\" \/><\/figure>\n\n\n\n<p class=\"has-text-align-center has-cyan-bluish-gray-color has-text-color has-link-color wp-elements-b27a4abf61ffd431d1e2fb308992bd58\"><em>Redes inteligentes para la distribuci\u00f3n de electricidad y gas<\/em><\/p>\n","protected":false},"excerpt":{"rendered":"<p>Las Smart Grids pueden contribuir en gran medida a alcanzar los objetivos europeos del Green Deal. La implantaci\u00f3n de redes inteligentes permite optimizar los flujos, transformando al consumidor final en productor de energ\u00eda, y maximizar la seguridad y eliminando fugas y residuos.<\/p>\n","protected":false},"author":15,"featured_media":0,"parent":48321,"menu_order":0,"comment_status":"closed","ping_status":"closed","template":"template-expertise-post.php","meta":{"_acf_changed":false,"inline_featured_image":false,"footnotes":""},"class_list":["post-49142","page","type-page","status-publish","hentry"],"acf":[],"yoast_head":"<!-- This site is optimized with the Yoast SEO plugin v27.2 - https:\/\/yoast.com\/product\/yoast-seo-wordpress\/ -->\n<title>Descarbonizaci\u00f3n, descentralizaci\u00f3n y digitalizaci\u00f3n - Pietro Fiorentini Iberia<\/title>\n<meta name=\"description\" content=\"El plan de acci\u00f3n incluye tanto el fomento del uso eficiente de los recursos como la restauraci\u00f3n de la biodiversidad y la reducci\u00f3n de la contaminaci\u00f3n.\" \/>\n<meta name=\"robots\" content=\"index, follow, max-snippet:-1, max-image-preview:large, max-video-preview:-1\" \/>\n<link rel=\"canonical\" href=\"https:\/\/fiorentini-iberia.com\/es\/experiencia\/smart-gas-grids\/descarbonizacion-descentralizacion-y-digitalizacion\/\" \/>\n<meta property=\"og:locale\" content=\"es_ES\" \/>\n<meta property=\"og:type\" content=\"article\" \/>\n<meta property=\"og:title\" content=\"Descarbonizaci\u00f3n, descentralizaci\u00f3n y digitalizaci\u00f3n - Pietro Fiorentini Iberia\" \/>\n<meta property=\"og:description\" content=\"El plan de acci\u00f3n incluye tanto el fomento del uso eficiente de los recursos como la restauraci\u00f3n de la biodiversidad y la reducci\u00f3n de la contaminaci\u00f3n.\" \/>\n<meta property=\"og:url\" content=\"https:\/\/fiorentini-iberia.com\/es\/experiencia\/smart-gas-grids\/descarbonizacion-descentralizacion-y-digitalizacion\/\" \/>\n<meta property=\"og:site_name\" content=\"Pietro Fiorentini Iberia\" \/>\n<meta property=\"article:modified_time\" content=\"2024-02-21T15:05:13+00:00\" \/>\n<meta property=\"og:image\" content=\"https:\/\/www.fiorentini-iberia.com\/wp-content\/uploads\/2024\/02\/Expertise_SmartGasGrids_1EN.jpg\" \/>\n<meta name=\"twitter:card\" content=\"summary_large_image\" \/>\n<meta name=\"twitter:site\" content=\"@FiorentiniSpa\" \/>\n<meta name=\"twitter:label1\" content=\"Tiempo de lectura\" \/>\n\t<meta name=\"twitter:data1\" content=\"2 minutos\" \/>\n<script type=\"application\/ld+json\" class=\"yoast-schema-graph\">{\"@context\":\"https:\/\/schema.org\",\"@graph\":[{\"@type\":\"WebPage\",\"@id\":\"https:\/\/fiorentini-iberia.com\/es\/experiencia\/smart-gas-grids\/descarbonizacion-descentralizacion-y-digitalizacion\/\",\"url\":\"https:\/\/fiorentini-iberia.com\/es\/experiencia\/smart-gas-grids\/descarbonizacion-descentralizacion-y-digitalizacion\/\",\"name\":\"Descarbonizaci\u00f3n, descentralizaci\u00f3n y digitalizaci\u00f3n - Pietro Fiorentini Iberia\",\"isPartOf\":{\"@id\":\"https:\/\/www.fiorentini-iberia.com\/es\/#website\"},\"primaryImageOfPage\":{\"@id\":\"https:\/\/fiorentini-iberia.com\/es\/experiencia\/smart-gas-grids\/descarbonizacion-descentralizacion-y-digitalizacion\/#primaryimage\"},\"image\":{\"@id\":\"https:\/\/fiorentini-iberia.com\/es\/experiencia\/smart-gas-grids\/descarbonizacion-descentralizacion-y-digitalizacion\/#primaryimage\"},\"thumbnailUrl\":\"https:\/\/www.fiorentini-iberia.com\/wp-content\/uploads\/2024\/02\/Expertise_SmartGasGrids_1EN.jpg\",\"datePublished\":\"2024-02-21T14:58:03+00:00\",\"dateModified\":\"2024-02-21T15:05:13+00:00\",\"description\":\"El plan de acci\u00f3n incluye tanto el fomento del uso eficiente de los recursos como la restauraci\u00f3n de la biodiversidad y la reducci\u00f3n de la contaminaci\u00f3n.\",\"breadcrumb\":{\"@id\":\"https:\/\/fiorentini-iberia.com\/es\/experiencia\/smart-gas-grids\/descarbonizacion-descentralizacion-y-digitalizacion\/#breadcrumb\"},\"inLanguage\":\"es\",\"potentialAction\":[{\"@type\":\"ReadAction\",\"target\":[\"https:\/\/fiorentini-iberia.com\/es\/experiencia\/smart-gas-grids\/descarbonizacion-descentralizacion-y-digitalizacion\/\"]}]},{\"@type\":\"ImageObject\",\"inLanguage\":\"es\",\"@id\":\"https:\/\/fiorentini-iberia.com\/es\/experiencia\/smart-gas-grids\/descarbonizacion-descentralizacion-y-digitalizacion\/#primaryimage\",\"url\":\"https:\/\/www.fiorentini-iberia.com\/wp-content\/uploads\/2024\/02\/Expertise_SmartGasGrids_1EN.jpg\",\"contentUrl\":\"https:\/\/www.fiorentini-iberia.com\/wp-content\/uploads\/2024\/02\/Expertise_SmartGasGrids_1EN.jpg\"},{\"@type\":\"BreadcrumbList\",\"@id\":\"https:\/\/fiorentini-iberia.com\/es\/experiencia\/smart-gas-grids\/descarbonizacion-descentralizacion-y-digitalizacion\/#breadcrumb\",\"itemListElement\":[{\"@type\":\"ListItem\",\"position\":1,\"name\":\"Home\",\"item\":\"https:\/\/www.fiorentini-iberia.com\/es\/\"},{\"@type\":\"ListItem\",\"position\":2,\"name\":\"Experiencia\",\"item\":\"https:\/\/www.fiorentini-iberia.com\/es\/experiencia\/\"},{\"@type\":\"ListItem\",\"position\":3,\"name\":\"Redes de gas inteligentes\",\"item\":\"https:\/\/www.fiorentini-iberia.com\/es\/experiencia\/smart-gas-grids\/\"},{\"@type\":\"ListItem\",\"position\":4,\"name\":\"Descarbonizaci\u00f3n, descentralizaci\u00f3n y digitalizaci\u00f3n\"}]},{\"@type\":\"WebSite\",\"@id\":\"https:\/\/www.fiorentini-iberia.com\/es\/#website\",\"url\":\"https:\/\/www.fiorentini-iberia.com\/es\/\",\"name\":\"Pietro Fiorentini Iberia\",\"description\":\"Pietro Fiorentini dise\u00f1a y fabrica componentes, sistemas y servicios para la regulaci\u00f3n, medici\u00f3n, gesti\u00f3n de redes de agua, energ\u00edas renovables, petr\u00f3leo y el gas natural, con sistemas adaptados 100% al hidr\u00f3geno.\",\"publisher\":{\"@id\":\"https:\/\/www.fiorentini-iberia.com\/es\/#organization\"},\"potentialAction\":[{\"@type\":\"SearchAction\",\"target\":{\"@type\":\"EntryPoint\",\"urlTemplate\":\"https:\/\/www.fiorentini-iberia.com\/es\/?s={search_term_string}\"},\"query-input\":{\"@type\":\"PropertyValueSpecification\",\"valueRequired\":true,\"valueName\":\"search_term_string\"}}],\"inLanguage\":\"es\"},{\"@type\":\"Organization\",\"@id\":\"https:\/\/www.fiorentini-iberia.com\/es\/#organization\",\"name\":\"Pietro Fiorentini Iberia\",\"url\":\"https:\/\/www.fiorentini-iberia.com\/es\/\",\"logo\":{\"@type\":\"ImageObject\",\"inLanguage\":\"es\",\"@id\":\"https:\/\/www.fiorentini-iberia.com\/es\/#\/schema\/logo\/image\/\",\"url\":\"https:\/\/fiorentini-iberia.com\/wp-content\/uploads\/2020\/11\/logo.svg\",\"contentUrl\":\"https:\/\/fiorentini-iberia.com\/wp-content\/uploads\/2020\/11\/logo.svg\",\"width\":227,\"height\":59,\"caption\":\"Pietro Fiorentini Iberia\"},\"image\":{\"@id\":\"https:\/\/www.fiorentini-iberia.com\/es\/#\/schema\/logo\/image\/\"},\"sameAs\":[\"https:\/\/x.com\/FiorentiniSpa\",\"https:\/\/www.linkedin.com\/company\/pietro-fiorentini-iberia\/\"]}]}<\/script>\n<!-- \/ Yoast SEO plugin. -->","yoast_head_json":{"title":"Descarbonizaci\u00f3n, descentralizaci\u00f3n y digitalizaci\u00f3n - Pietro Fiorentini Iberia","description":"El plan de acci\u00f3n incluye tanto el fomento del uso eficiente de los recursos como la restauraci\u00f3n de la biodiversidad y la reducci\u00f3n de la contaminaci\u00f3n.","robots":{"index":"index","follow":"follow","max-snippet":"max-snippet:-1","max-image-preview":"max-image-preview:large","max-video-preview":"max-video-preview:-1"},"canonical":"https:\/\/fiorentini-iberia.com\/es\/experiencia\/smart-gas-grids\/descarbonizacion-descentralizacion-y-digitalizacion\/","og_locale":"es_ES","og_type":"article","og_title":"Descarbonizaci\u00f3n, descentralizaci\u00f3n y digitalizaci\u00f3n - Pietro Fiorentini Iberia","og_description":"El plan de acci\u00f3n incluye tanto el fomento del uso eficiente de los recursos como la restauraci\u00f3n de la biodiversidad y la reducci\u00f3n de la contaminaci\u00f3n.","og_url":"https:\/\/fiorentini-iberia.com\/es\/experiencia\/smart-gas-grids\/descarbonizacion-descentralizacion-y-digitalizacion\/","og_site_name":"Pietro Fiorentini Iberia","article_modified_time":"2024-02-21T15:05:13+00:00","og_image":[{"url":"https:\/\/www.fiorentini-iberia.com\/wp-content\/uploads\/2024\/02\/Expertise_SmartGasGrids_1EN.jpg","type":"","width":"","height":""}],"twitter_card":"summary_large_image","twitter_site":"@FiorentiniSpa","twitter_misc":{"Tiempo de lectura":"2 minutos"},"schema":{"@context":"https:\/\/schema.org","@graph":[{"@type":"WebPage","@id":"https:\/\/fiorentini-iberia.com\/es\/experiencia\/smart-gas-grids\/descarbonizacion-descentralizacion-y-digitalizacion\/","url":"https:\/\/fiorentini-iberia.com\/es\/experiencia\/smart-gas-grids\/descarbonizacion-descentralizacion-y-digitalizacion\/","name":"Descarbonizaci\u00f3n, descentralizaci\u00f3n y digitalizaci\u00f3n - Pietro Fiorentini Iberia","isPartOf":{"@id":"https:\/\/www.fiorentini-iberia.com\/es\/#website"},"primaryImageOfPage":{"@id":"https:\/\/fiorentini-iberia.com\/es\/experiencia\/smart-gas-grids\/descarbonizacion-descentralizacion-y-digitalizacion\/#primaryimage"},"image":{"@id":"https:\/\/fiorentini-iberia.com\/es\/experiencia\/smart-gas-grids\/descarbonizacion-descentralizacion-y-digitalizacion\/#primaryimage"},"thumbnailUrl":"https:\/\/www.fiorentini-iberia.com\/wp-content\/uploads\/2024\/02\/Expertise_SmartGasGrids_1EN.jpg","datePublished":"2024-02-21T14:58:03+00:00","dateModified":"2024-02-21T15:05:13+00:00","description":"El plan de acci\u00f3n incluye tanto el fomento del uso eficiente de los recursos como la restauraci\u00f3n de la biodiversidad y la reducci\u00f3n de la contaminaci\u00f3n.","breadcrumb":{"@id":"https:\/\/fiorentini-iberia.com\/es\/experiencia\/smart-gas-grids\/descarbonizacion-descentralizacion-y-digitalizacion\/#breadcrumb"},"inLanguage":"es","potentialAction":[{"@type":"ReadAction","target":["https:\/\/fiorentini-iberia.com\/es\/experiencia\/smart-gas-grids\/descarbonizacion-descentralizacion-y-digitalizacion\/"]}]},{"@type":"ImageObject","inLanguage":"es","@id":"https:\/\/fiorentini-iberia.com\/es\/experiencia\/smart-gas-grids\/descarbonizacion-descentralizacion-y-digitalizacion\/#primaryimage","url":"https:\/\/www.fiorentini-iberia.com\/wp-content\/uploads\/2024\/02\/Expertise_SmartGasGrids_1EN.jpg","contentUrl":"https:\/\/www.fiorentini-iberia.com\/wp-content\/uploads\/2024\/02\/Expertise_SmartGasGrids_1EN.jpg"},{"@type":"BreadcrumbList","@id":"https:\/\/fiorentini-iberia.com\/es\/experiencia\/smart-gas-grids\/descarbonizacion-descentralizacion-y-digitalizacion\/#breadcrumb","itemListElement":[{"@type":"ListItem","position":1,"name":"Home","item":"https:\/\/www.fiorentini-iberia.com\/es\/"},{"@type":"ListItem","position":2,"name":"Experiencia","item":"https:\/\/www.fiorentini-iberia.com\/es\/experiencia\/"},{"@type":"ListItem","position":3,"name":"Redes de gas inteligentes","item":"https:\/\/www.fiorentini-iberia.com\/es\/experiencia\/smart-gas-grids\/"},{"@type":"ListItem","position":4,"name":"Descarbonizaci\u00f3n, descentralizaci\u00f3n y digitalizaci\u00f3n"}]},{"@type":"WebSite","@id":"https:\/\/www.fiorentini-iberia.com\/es\/#website","url":"https:\/\/www.fiorentini-iberia.com\/es\/","name":"Pietro Fiorentini Iberia","description":"Pietro Fiorentini dise\u00f1a y fabrica componentes, sistemas y servicios para la regulaci\u00f3n, medici\u00f3n, gesti\u00f3n de redes de agua, energ\u00edas renovables, petr\u00f3leo y el gas natural, con sistemas adaptados 100% al hidr\u00f3geno.","publisher":{"@id":"https:\/\/www.fiorentini-iberia.com\/es\/#organization"},"potentialAction":[{"@type":"SearchAction","target":{"@type":"EntryPoint","urlTemplate":"https:\/\/www.fiorentini-iberia.com\/es\/?s={search_term_string}"},"query-input":{"@type":"PropertyValueSpecification","valueRequired":true,"valueName":"search_term_string"}}],"inLanguage":"es"},{"@type":"Organization","@id":"https:\/\/www.fiorentini-iberia.com\/es\/#organization","name":"Pietro Fiorentini Iberia","url":"https:\/\/www.fiorentini-iberia.com\/es\/","logo":{"@type":"ImageObject","inLanguage":"es","@id":"https:\/\/www.fiorentini-iberia.com\/es\/#\/schema\/logo\/image\/","url":"https:\/\/fiorentini-iberia.com\/wp-content\/uploads\/2020\/11\/logo.svg","contentUrl":"https:\/\/fiorentini-iberia.com\/wp-content\/uploads\/2020\/11\/logo.svg","width":227,"height":59,"caption":"Pietro Fiorentini Iberia"},"image":{"@id":"https:\/\/www.fiorentini-iberia.com\/es\/#\/schema\/logo\/image\/"},"sameAs":["https:\/\/x.com\/FiorentiniSpa","https:\/\/www.linkedin.com\/company\/pietro-fiorentini-iberia\/"]}]}},"_links":{"self":[{"href":"https:\/\/fiorentini-iberia.com\/es\/wp-json\/wp\/v2\/pages\/49142","targetHints":{"allow":["GET"]}}],"collection":[{"href":"https:\/\/fiorentini-iberia.com\/es\/wp-json\/wp\/v2\/pages"}],"about":[{"href":"https:\/\/fiorentini-iberia.com\/es\/wp-json\/wp\/v2\/types\/page"}],"author":[{"embeddable":true,"href":"https:\/\/fiorentini-iberia.com\/es\/wp-json\/wp\/v2\/users\/15"}],"replies":[{"embeddable":true,"href":"https:\/\/fiorentini-iberia.com\/es\/wp-json\/wp\/v2\/comments?post=49142"}],"version-history":[{"count":1,"href":"https:\/\/fiorentini-iberia.com\/es\/wp-json\/wp\/v2\/pages\/49142\/revisions"}],"predecessor-version":[{"id":49144,"href":"https:\/\/fiorentini-iberia.com\/es\/wp-json\/wp\/v2\/pages\/49142\/revisions\/49144"}],"up":[{"embeddable":true,"href":"https:\/\/fiorentini-iberia.com\/es\/wp-json\/wp\/v2\/pages\/48321"}],"wp:attachment":[{"href":"https:\/\/fiorentini-iberia.com\/es\/wp-json\/wp\/v2\/media?parent=49142"}],"curies":[{"name":"wp","href":"https:\/\/api.w.org\/{rel}","templated":true}]}}