{"id":49069,"date":"2024-02-21T12:40:54","date_gmt":"2024-02-21T11:40:54","guid":{"rendered":"https:\/\/www.fiorentini-iberia.com\/digitalising-the-water-cycle\/"},"modified":"2024-06-10T12:28:37","modified_gmt":"2024-06-10T10:28:37","slug":"digitalizacion-del-ciclo-del-agua","status":"publish","type":"page","link":"https:\/\/fiorentini-iberia.com\/es\/experiencia\/agua\/digitalizacion-del-ciclo-del-agua\/","title":{"rendered":"Digitalizaci\u00f3n del ciclo del agua"},"content":{"rendered":"\n<p><strong>En el ciclo del agua coexisten un gran n\u00famero de sistemas diferentes y complejos<\/strong>, que requieren miles de puntos de control e instalaciones sencillas de v\u00e1lvulas o sensores. Por lo tanto, las herramientas de automatizaci\u00f3n (PLC, SCADA, DCS) y los sistemas de control remoto deben estar totalmente integrados para una gesti\u00f3n eficaz del servicio.<\/p>\n\n\n\n<p>La aplicaci\u00f3n de la <strong>tecnolog\u00eda IoT<\/strong> permite la difusi\u00f3n generalizada de sensores y dispone de informaci\u00f3n accesible desde la nube.<\/p>\n\n\n\n<p>El <strong>Grupo Pietro Fiorentini<\/strong> ofrece, de la mano de su compa\u00f1\u00eda <strong><a href=\"https:\/\/www.fiorentini-iberia.com\/es\/grupo-pietro-fiorentini\/companias-y-marcas-grupo-pf\/#terranova\">Terranova<\/a><\/strong>, las <a href=\"https:\/\/www.fiorentini-iberia.com\/es\/experiencia\/smart-gas-grids\/\"><strong>soluciones de software<\/strong> <strong>TAMM<\/strong><\/a>, un sistema multiservicio dise\u00f1ado para automatizar los&nbsp;<strong>procesos de telemetr\u00eda<\/strong>&nbsp;y&nbsp;<strong>telegesti\u00f3n<\/strong>&nbsp;de contadores de Gas, Electricidad y Agua <strong>en todas las fases del proceso<\/strong>, evitando los problemas de solapamiento e integraci\u00f3n que surgen al tener que depender de diferentes socios, pero tambi\u00e9n flexibles a la hora de ofrecer soluciones espec\u00edficas para necesidades concretas.<\/p>\n\n\n\n<p>Los productos y servicios se <strong>integran sin\u00e9rgicamente<\/strong> entre s\u00ed, <strong>aumentando as\u00ed el rendimiento y la eficacia <\/strong>en beneficio total del cliente.<\/p>\n\n\n\n<figure class=\"wp-block-embed is-type-video is-provider-youtube wp-block-embed-youtube wp-embed-aspect-16-9 wp-has-aspect-ratio\"><div class=\"wp-block-embed__wrapper\">\n<iframe loading=\"lazy\" title=\"Leading Innovation for Sustainable Water\" width=\"500\" height=\"281\" src=\"https:\/\/www.youtube.com\/embed\/KZnretHzdmQ?feature=oembed\" frameborder=\"0\" allow=\"accelerometer; autoplay; clipboard-write; encrypted-media; gyroscope; picture-in-picture; web-share\" referrerpolicy=\"strict-origin-when-cross-origin\" allowfullscreen><\/iframe>\n<\/div><\/figure>\n\n\n\n<figure class=\"wp-block-image size-full\"><img loading=\"lazy\" decoding=\"async\" width=\"1024\" height=\"551\" src=\"https:\/\/www.fiorentini-iberia.com\/wp-content\/uploads\/2024\/02\/Digitalizing_water_cycle-1024x551-ESP.jpg\" alt=\"Digitalizaci\u00f3n del ciclo del agua\" class=\"wp-image-49075\" srcset=\"https:\/\/fiorentini-iberia.com\/wp-content\/uploads\/2024\/02\/Digitalizing_water_cycle-1024x551-ESP.jpg 1024w, https:\/\/fiorentini-iberia.com\/wp-content\/uploads\/2024\/02\/Digitalizing_water_cycle-1024x551-ESP-300x161.jpg 300w, https:\/\/fiorentini-iberia.com\/wp-content\/uploads\/2024\/02\/Digitalizing_water_cycle-1024x551-ESP-768x413.jpg 768w\" sizes=\"auto, (max-width: 1024px) 100vw, 1024px\" \/><\/figure>\n","protected":false},"excerpt":{"rendered":"<p>En el ciclo del agua coexisten un gran n\u00famero de sistemas complejos, que requieren miles de puntos de control, e instalaciones sencillas de v\u00e1lvulas o sensores, caracterizadas por un n\u00famero limitado pero importante de se\u00f1ales. La aplicaci\u00f3n de la tecnolog\u00eda de lotes permite la gesti\u00f3n estrat\u00e9gica del ciclo del agua.<\/p>\n","protected":false},"author":15,"featured_media":59370,"parent":48341,"menu_order":2,"comment_status":"closed","ping_status":"closed","template":"template-expertise-post.php","meta":{"_acf_changed":false,"inline_featured_image":false,"footnotes":""},"class_list":["post-49069","page","type-page","status-publish","has-post-thumbnail","hentry"],"acf":[],"yoast_head":"<!-- This site is optimized with the Yoast SEO plugin v27.2 - https:\/\/yoast.com\/product\/yoast-seo-wordpress\/ -->\n<title>Digitalizaci\u00f3n del ciclo del agua - Pietro Fiorentini Iberia<\/title>\n<meta name=\"description\" content=\"La buena gobernanza del agua es una responsabilidad estrat\u00e9gica desde todos los puntos de vista: institucional, medioambiental y econ\u00f3mico.\" \/>\n<meta name=\"robots\" content=\"index, follow, max-snippet:-1, max-image-preview:large, max-video-preview:-1\" \/>\n<link rel=\"canonical\" href=\"https:\/\/fiorentini-iberia.com\/es\/experiencia\/agua\/digitalizacion-del-ciclo-del-agua\/\" \/>\n<meta property=\"og:locale\" content=\"es_ES\" \/>\n<meta property=\"og:type\" content=\"article\" \/>\n<meta property=\"og:title\" content=\"Digitalizaci\u00f3n del ciclo del agua - Pietro Fiorentini Iberia\" \/>\n<meta property=\"og:description\" content=\"La buena gobernanza del agua es una responsabilidad estrat\u00e9gica desde todos los puntos de vista: institucional, medioambiental y econ\u00f3mico.\" \/>\n<meta property=\"og:url\" content=\"https:\/\/fiorentini-iberia.com\/es\/experiencia\/agua\/digitalizacion-del-ciclo-del-agua\/\" \/>\n<meta property=\"og:site_name\" content=\"Pietro Fiorentini Iberia\" \/>\n<meta property=\"article:modified_time\" content=\"2024-06-10T10:28:37+00:00\" \/>\n<meta property=\"og:image\" content=\"https:\/\/www.fiorentini-iberia.com\/wp-content\/uploads\/2024\/02\/Digitalizing_water_cycle-1024x551-ESP.jpg\" \/>\n<meta name=\"twitter:card\" content=\"summary_large_image\" \/>\n<meta name=\"twitter:site\" content=\"@FiorentiniSpa\" \/>\n<meta name=\"twitter:label1\" content=\"Tiempo de lectura\" \/>\n\t<meta name=\"twitter:data1\" content=\"1 minuto\" \/>\n<script type=\"application\/ld+json\" class=\"yoast-schema-graph\">{\"@context\":\"https:\/\/schema.org\",\"@graph\":[{\"@type\":\"WebPage\",\"@id\":\"https:\/\/fiorentini-iberia.com\/es\/experiencia\/agua\/digitalizacion-del-ciclo-del-agua\/\",\"url\":\"https:\/\/fiorentini-iberia.com\/es\/experiencia\/agua\/digitalizacion-del-ciclo-del-agua\/\",\"name\":\"Digitalizaci\u00f3n del ciclo del agua - Pietro Fiorentini Iberia\",\"isPartOf\":{\"@id\":\"https:\/\/www.fiorentini-iberia.com\/es\/#website\"},\"primaryImageOfPage\":{\"@id\":\"https:\/\/fiorentini-iberia.com\/es\/experiencia\/agua\/digitalizacion-del-ciclo-del-agua\/#primaryimage\"},\"image\":{\"@id\":\"https:\/\/fiorentini-iberia.com\/es\/experiencia\/agua\/digitalizacion-del-ciclo-del-agua\/#primaryimage\"},\"thumbnailUrl\":\"https:\/\/fiorentini-iberia.com\/wp-content\/uploads\/2025\/03\/WATER_drop_visual-new1.jpg\",\"datePublished\":\"2024-02-21T11:40:54+00:00\",\"dateModified\":\"2024-06-10T10:28:37+00:00\",\"description\":\"La buena gobernanza del agua es una responsabilidad estrat\u00e9gica desde todos los puntos de vista: institucional, medioambiental y econ\u00f3mico.\",\"breadcrumb\":{\"@id\":\"https:\/\/fiorentini-iberia.com\/es\/experiencia\/agua\/digitalizacion-del-ciclo-del-agua\/#breadcrumb\"},\"inLanguage\":\"es\",\"potentialAction\":[{\"@type\":\"ReadAction\",\"target\":[\"https:\/\/fiorentini-iberia.com\/es\/experiencia\/agua\/digitalizacion-del-ciclo-del-agua\/\"]}]},{\"@type\":\"ImageObject\",\"inLanguage\":\"es\",\"@id\":\"https:\/\/fiorentini-iberia.com\/es\/experiencia\/agua\/digitalizacion-del-ciclo-del-agua\/#primaryimage\",\"url\":\"https:\/\/fiorentini-iberia.com\/wp-content\/uploads\/2025\/03\/WATER_drop_visual-new1.jpg\",\"contentUrl\":\"https:\/\/fiorentini-iberia.com\/wp-content\/uploads\/2025\/03\/WATER_drop_visual-new1.jpg\",\"width\":614,\"height\":614},{\"@type\":\"BreadcrumbList\",\"@id\":\"https:\/\/fiorentini-iberia.com\/es\/experiencia\/agua\/digitalizacion-del-ciclo-del-agua\/#breadcrumb\",\"itemListElement\":[{\"@type\":\"ListItem\",\"position\":1,\"name\":\"Home\",\"item\":\"https:\/\/www.fiorentini-iberia.com\/es\/\"},{\"@type\":\"ListItem\",\"position\":2,\"name\":\"Experiencia\",\"item\":\"https:\/\/www.fiorentini-iberia.com\/es\/experiencia\/\"},{\"@type\":\"ListItem\",\"position\":3,\"name\":\"Agua\",\"item\":\"https:\/\/www.fiorentini-iberia.com\/es\/experiencia\/agua\/\"},{\"@type\":\"ListItem\",\"position\":4,\"name\":\"Digitalizaci\u00f3n del ciclo del agua\"}]},{\"@type\":\"WebSite\",\"@id\":\"https:\/\/www.fiorentini-iberia.com\/es\/#website\",\"url\":\"https:\/\/www.fiorentini-iberia.com\/es\/\",\"name\":\"Pietro Fiorentini Iberia\",\"description\":\"Pietro Fiorentini dise\u00f1a y fabrica componentes, sistemas y servicios para la regulaci\u00f3n, medici\u00f3n, gesti\u00f3n de redes de agua, energ\u00edas renovables, petr\u00f3leo y el gas natural, con sistemas adaptados 100% al hidr\u00f3geno.\",\"publisher\":{\"@id\":\"https:\/\/www.fiorentini-iberia.com\/es\/#organization\"},\"potentialAction\":[{\"@type\":\"SearchAction\",\"target\":{\"@type\":\"EntryPoint\",\"urlTemplate\":\"https:\/\/www.fiorentini-iberia.com\/es\/?s={search_term_string}\"},\"query-input\":{\"@type\":\"PropertyValueSpecification\",\"valueRequired\":true,\"valueName\":\"search_term_string\"}}],\"inLanguage\":\"es\"},{\"@type\":\"Organization\",\"@id\":\"https:\/\/www.fiorentini-iberia.com\/es\/#organization\",\"name\":\"Pietro Fiorentini Iberia\",\"url\":\"https:\/\/www.fiorentini-iberia.com\/es\/\",\"logo\":{\"@type\":\"ImageObject\",\"inLanguage\":\"es\",\"@id\":\"https:\/\/www.fiorentini-iberia.com\/es\/#\/schema\/logo\/image\/\",\"url\":\"https:\/\/fiorentini-iberia.com\/wp-content\/uploads\/2020\/11\/logo.svg\",\"contentUrl\":\"https:\/\/fiorentini-iberia.com\/wp-content\/uploads\/2020\/11\/logo.svg\",\"width\":227,\"height\":59,\"caption\":\"Pietro Fiorentini Iberia\"},\"image\":{\"@id\":\"https:\/\/www.fiorentini-iberia.com\/es\/#\/schema\/logo\/image\/\"},\"sameAs\":[\"https:\/\/x.com\/FiorentiniSpa\",\"https:\/\/www.linkedin.com\/company\/pietro-fiorentini-iberia\/\"]}]}<\/script>\n<!-- \/ Yoast SEO plugin. -->","yoast_head_json":{"title":"Digitalizaci\u00f3n del ciclo del agua - Pietro Fiorentini Iberia","description":"La buena gobernanza del agua es una responsabilidad estrat\u00e9gica desde todos los puntos de vista: institucional, medioambiental y econ\u00f3mico.","robots":{"index":"index","follow":"follow","max-snippet":"max-snippet:-1","max-image-preview":"max-image-preview:large","max-video-preview":"max-video-preview:-1"},"canonical":"https:\/\/fiorentini-iberia.com\/es\/experiencia\/agua\/digitalizacion-del-ciclo-del-agua\/","og_locale":"es_ES","og_type":"article","og_title":"Digitalizaci\u00f3n del ciclo del agua - Pietro Fiorentini Iberia","og_description":"La buena gobernanza del agua es una responsabilidad estrat\u00e9gica desde todos los puntos de vista: institucional, medioambiental y econ\u00f3mico.","og_url":"https:\/\/fiorentini-iberia.com\/es\/experiencia\/agua\/digitalizacion-del-ciclo-del-agua\/","og_site_name":"Pietro Fiorentini Iberia","article_modified_time":"2024-06-10T10:28:37+00:00","og_image":[{"url":"https:\/\/www.fiorentini-iberia.com\/wp-content\/uploads\/2024\/02\/Digitalizing_water_cycle-1024x551-ESP.jpg","type":"","width":"","height":""}],"twitter_card":"summary_large_image","twitter_site":"@FiorentiniSpa","twitter_misc":{"Tiempo de lectura":"1 minuto"},"schema":{"@context":"https:\/\/schema.org","@graph":[{"@type":"WebPage","@id":"https:\/\/fiorentini-iberia.com\/es\/experiencia\/agua\/digitalizacion-del-ciclo-del-agua\/","url":"https:\/\/fiorentini-iberia.com\/es\/experiencia\/agua\/digitalizacion-del-ciclo-del-agua\/","name":"Digitalizaci\u00f3n del ciclo del agua - Pietro Fiorentini Iberia","isPartOf":{"@id":"https:\/\/www.fiorentini-iberia.com\/es\/#website"},"primaryImageOfPage":{"@id":"https:\/\/fiorentini-iberia.com\/es\/experiencia\/agua\/digitalizacion-del-ciclo-del-agua\/#primaryimage"},"image":{"@id":"https:\/\/fiorentini-iberia.com\/es\/experiencia\/agua\/digitalizacion-del-ciclo-del-agua\/#primaryimage"},"thumbnailUrl":"https:\/\/fiorentini-iberia.com\/wp-content\/uploads\/2025\/03\/WATER_drop_visual-new1.jpg","datePublished":"2024-02-21T11:40:54+00:00","dateModified":"2024-06-10T10:28:37+00:00","description":"La buena gobernanza del agua es una responsabilidad estrat\u00e9gica desde todos los puntos de vista: institucional, medioambiental y econ\u00f3mico.","breadcrumb":{"@id":"https:\/\/fiorentini-iberia.com\/es\/experiencia\/agua\/digitalizacion-del-ciclo-del-agua\/#breadcrumb"},"inLanguage":"es","potentialAction":[{"@type":"ReadAction","target":["https:\/\/fiorentini-iberia.com\/es\/experiencia\/agua\/digitalizacion-del-ciclo-del-agua\/"]}]},{"@type":"ImageObject","inLanguage":"es","@id":"https:\/\/fiorentini-iberia.com\/es\/experiencia\/agua\/digitalizacion-del-ciclo-del-agua\/#primaryimage","url":"https:\/\/fiorentini-iberia.com\/wp-content\/uploads\/2025\/03\/WATER_drop_visual-new1.jpg","contentUrl":"https:\/\/fiorentini-iberia.com\/wp-content\/uploads\/2025\/03\/WATER_drop_visual-new1.jpg","width":614,"height":614},{"@type":"BreadcrumbList","@id":"https:\/\/fiorentini-iberia.com\/es\/experiencia\/agua\/digitalizacion-del-ciclo-del-agua\/#breadcrumb","itemListElement":[{"@type":"ListItem","position":1,"name":"Home","item":"https:\/\/www.fiorentini-iberia.com\/es\/"},{"@type":"ListItem","position":2,"name":"Experiencia","item":"https:\/\/www.fiorentini-iberia.com\/es\/experiencia\/"},{"@type":"ListItem","position":3,"name":"Agua","item":"https:\/\/www.fiorentini-iberia.com\/es\/experiencia\/agua\/"},{"@type":"ListItem","position":4,"name":"Digitalizaci\u00f3n del ciclo del agua"}]},{"@type":"WebSite","@id":"https:\/\/www.fiorentini-iberia.com\/es\/#website","url":"https:\/\/www.fiorentini-iberia.com\/es\/","name":"Pietro Fiorentini Iberia","description":"Pietro Fiorentini dise\u00f1a y fabrica componentes, sistemas y servicios para la regulaci\u00f3n, medici\u00f3n, gesti\u00f3n de redes de agua, energ\u00edas renovables, petr\u00f3leo y el gas natural, con sistemas adaptados 100% al hidr\u00f3geno.","publisher":{"@id":"https:\/\/www.fiorentini-iberia.com\/es\/#organization"},"potentialAction":[{"@type":"SearchAction","target":{"@type":"EntryPoint","urlTemplate":"https:\/\/www.fiorentini-iberia.com\/es\/?s={search_term_string}"},"query-input":{"@type":"PropertyValueSpecification","valueRequired":true,"valueName":"search_term_string"}}],"inLanguage":"es"},{"@type":"Organization","@id":"https:\/\/www.fiorentini-iberia.com\/es\/#organization","name":"Pietro Fiorentini Iberia","url":"https:\/\/www.fiorentini-iberia.com\/es\/","logo":{"@type":"ImageObject","inLanguage":"es","@id":"https:\/\/www.fiorentini-iberia.com\/es\/#\/schema\/logo\/image\/","url":"https:\/\/fiorentini-iberia.com\/wp-content\/uploads\/2020\/11\/logo.svg","contentUrl":"https:\/\/fiorentini-iberia.com\/wp-content\/uploads\/2020\/11\/logo.svg","width":227,"height":59,"caption":"Pietro Fiorentini Iberia"},"image":{"@id":"https:\/\/www.fiorentini-iberia.com\/es\/#\/schema\/logo\/image\/"},"sameAs":["https:\/\/x.com\/FiorentiniSpa","https:\/\/www.linkedin.com\/company\/pietro-fiorentini-iberia\/"]}]}},"_links":{"self":[{"href":"https:\/\/fiorentini-iberia.com\/es\/wp-json\/wp\/v2\/pages\/49069","targetHints":{"allow":["GET"]}}],"collection":[{"href":"https:\/\/fiorentini-iberia.com\/es\/wp-json\/wp\/v2\/pages"}],"about":[{"href":"https:\/\/fiorentini-iberia.com\/es\/wp-json\/wp\/v2\/types\/page"}],"author":[{"embeddable":true,"href":"https:\/\/fiorentini-iberia.com\/es\/wp-json\/wp\/v2\/users\/15"}],"replies":[{"embeddable":true,"href":"https:\/\/fiorentini-iberia.com\/es\/wp-json\/wp\/v2\/comments?post=49069"}],"version-history":[{"count":2,"href":"https:\/\/fiorentini-iberia.com\/es\/wp-json\/wp\/v2\/pages\/49069\/revisions"}],"predecessor-version":[{"id":54905,"href":"https:\/\/fiorentini-iberia.com\/es\/wp-json\/wp\/v2\/pages\/49069\/revisions\/54905"}],"up":[{"embeddable":true,"href":"https:\/\/fiorentini-iberia.com\/es\/wp-json\/wp\/v2\/pages\/48341"}],"wp:featuredmedia":[{"embeddable":true,"href":"https:\/\/fiorentini-iberia.com\/es\/wp-json\/wp\/v2\/media\/59370"}],"wp:attachment":[{"href":"https:\/\/fiorentini-iberia.com\/es\/wp-json\/wp\/v2\/media?parent=49069"}],"curies":[{"name":"wp","href":"https:\/\/api.w.org\/{rel}","templated":true}]}}