{"id":48960,"date":"2024-02-20T17:44:39","date_gmt":"2024-02-20T16:44:39","guid":{"rendered":"https:\/\/www.fiorentini-iberia.com\/experiencia\/hidrogeno\/how-hydrogen-is-produced\/"},"modified":"2024-02-20T18:44:54","modified_gmt":"2024-02-20T17:44:54","slug":"como-se-produce-el-hidrogeno","status":"publish","type":"page","link":"https:\/\/fiorentini-iberia.com\/es\/experiencia\/hidrogeno\/como-se-produce-el-hidrogeno\/","title":{"rendered":"C\u00f3mo se produce el hidr\u00f3geno"},"content":{"rendered":"\n<p class=\"has-text-color has-link-color has-medium-font-size wp-elements-4097cb3d991a891a10929d685fe91d42\" style=\"color:#199782\"><strong>UN ELEMENTO, DIFERENTES FORMAS DE PRODUCIRLO<\/strong><\/p>\n\n\n\n<figure class=\"wp-block-image size-full\"><img loading=\"lazy\" decoding=\"async\" width=\"1024\" height=\"429\" src=\"https:\/\/www.fiorentini-iberia.com\/wp-content\/uploads\/2024\/02\/RENEWABLES_h2_energy-1-1024x429-1.jpg\" alt=\"How hydrogen is produced\" class=\"wp-image-48925\" srcset=\"https:\/\/fiorentini-iberia.com\/wp-content\/uploads\/2024\/02\/RENEWABLES_h2_energy-1-1024x429-1.jpg 1024w, https:\/\/fiorentini-iberia.com\/wp-content\/uploads\/2024\/02\/RENEWABLES_h2_energy-1-1024x429-1-300x126.jpg 300w, https:\/\/fiorentini-iberia.com\/wp-content\/uploads\/2024\/02\/RENEWABLES_h2_energy-1-1024x429-1-768x322.jpg 768w\" sizes=\"auto, (max-width: 1024px) 100vw, 1024px\" \/><\/figure>\n\n\n\n<p>&nbsp;<\/p>\n\n\n\n<p>El hidr\u00f3geno es el elemento m\u00e1s abundante del universo, sin embargo en nuestro planeta s\u00f3lo lo encontramos unido a otros elementos, como el ox\u00edgeno o el carbono. De hecho, se le denomina <strong>vector energ\u00e9tico<\/strong>, y no fuente, ya que debemos utilizar energ\u00eda para separarlo y extraerlo, y este tipo de procesos tiene costes.<\/p>\n\n\n\n<ol class=\"wp-block-list\">\n<li><strong><a href=\"#colors\">Todos los colores del hidr\u00f3geno<\/a><\/strong><\/li>\n\n\n\n<li><strong><a href=\"#technology\">Una nueva tecnolog\u00eda para la producci\u00f3n de hidr\u00f3geno<\/a><\/strong><\/li>\n<\/ol>\n\n\n\n<h3 class=\"wp-block-heading\" id=\"colors\">\u00a0<br>Todos los colores del hidr\u00f3geno<\/h3>\n\n\n\n<p>El hidr\u00f3geno recibe diferentes nombres en funci\u00f3n de <strong>c\u00f3mo se produce<\/strong>, y del <strong>impacto medioambiental <\/strong>resultante de los procesos utilizados para obtenerlo.<br>\u00a0<\/p>\n\n\n\n<figure class=\"wp-block-image size-full\"><img loading=\"lazy\" decoding=\"async\" width=\"1024\" height=\"442\" src=\"https:\/\/www.fiorentini-iberia.com\/wp-content\/uploads\/2024\/02\/i-colori-dell-idrogeno-1-1024x442-ESP.jpg\" alt=\"\" class=\"wp-image-48962\" srcset=\"https:\/\/fiorentini-iberia.com\/wp-content\/uploads\/2024\/02\/i-colori-dell-idrogeno-1-1024x442-ESP.jpg 1024w, https:\/\/fiorentini-iberia.com\/wp-content\/uploads\/2024\/02\/i-colori-dell-idrogeno-1-1024x442-ESP-300x129.jpg 300w, https:\/\/fiorentini-iberia.com\/wp-content\/uploads\/2024\/02\/i-colori-dell-idrogeno-1-1024x442-ESP-768x332.jpg 768w\" sizes=\"auto, (max-width: 1024px) 100vw, 1024px\" \/><\/figure>\n\n\n\n<p class=\"has-text-align-center has-cyan-bluish-gray-color has-text-color has-link-color wp-elements-89260e1cf41b5e21bd41cede5cf39e0e\"><em>Los colores del hidr\u00f3geno<br>\u00a0<\/em><\/p>\n\n\n\n<p><strong>Hidr\u00f3geno gris<\/strong>: se produce a partir de fuentes f\u00f3siles<\/p>\n\n\n\n<p><strong>Hidr\u00f3geno azul<\/strong>: se produce a partir de fuentes f\u00f3siles pero se captura y almacena<\/p>\n\n\n\n<p><strong>Hidr\u00f3geno rosa<\/strong>: tambi\u00e9n conocido como p\u00farpura, se produce a partir de la energ\u00eda nuclear<\/p>\n\n\n\n<p><strong>Hidr\u00f3geno turquesa<\/strong>: se produce por pir\u00f3lisis de metano, produce carb\u00f3n vegetal<\/p>\n\n\n\n<p><strong>Hidr\u00f3geno amarillo<\/strong>: se produce a partir de la energ\u00eda de la red el\u00e9ctrica nacional<\/p>\n\n\n\n<p><strong>Hidr\u00f3geno verde<\/strong>: se produce a partir de energ\u00edas renovables<\/p>\n\n\n\n<figure class=\"wp-block-image size-full\"><img loading=\"lazy\" decoding=\"async\" width=\"1024\" height=\"463\" src=\"https:\/\/www.fiorentini-iberia.com\/wp-content\/uploads\/2024\/02\/Expertise_Idrogeno_1ENG-EXPPAG-e1618588456689-1024x463-ESP-1.jpg\" alt=\"Resumen de los distintos m\u00e9todos de producci\u00f3n de hidr\u00f3geno\" class=\"wp-image-48971\" srcset=\"https:\/\/fiorentini-iberia.com\/wp-content\/uploads\/2024\/02\/Expertise_Idrogeno_1ENG-EXPPAG-e1618588456689-1024x463-ESP-1.jpg 1024w, https:\/\/fiorentini-iberia.com\/wp-content\/uploads\/2024\/02\/Expertise_Idrogeno_1ENG-EXPPAG-e1618588456689-1024x463-ESP-1-300x136.jpg 300w, https:\/\/fiorentini-iberia.com\/wp-content\/uploads\/2024\/02\/Expertise_Idrogeno_1ENG-EXPPAG-e1618588456689-1024x463-ESP-1-768x347.jpg 768w\" sizes=\"auto, (max-width: 1024px) 100vw, 1024px\" \/><\/figure>\n\n\n\n<p class=\"has-text-align-center has-cyan-bluish-gray-color has-text-color has-link-color wp-elements-580ff960d4f6f0a5abb14d6af8caf29b\"><em>Resumen de los distintos m\u00e9todos de producci\u00f3n de hidr\u00f3geno<\/em><\/p>\n\n\n\n<figure class=\"wp-block-image size-full\"><img loading=\"lazy\" decoding=\"async\" width=\"951\" height=\"556\" src=\"https:\/\/www.fiorentini-iberia.com\/wp-content\/uploads\/2024\/02\/Expertise_Idrogeno_2-ESP.jpg\" alt=\"Emisiones de CO2 en funci\u00f3n de la tecnolog\u00eda de producci\u00f3n de hidr\u00f3geno utilizada.\" class=\"wp-image-48976\" srcset=\"https:\/\/fiorentini-iberia.com\/wp-content\/uploads\/2024\/02\/Expertise_Idrogeno_2-ESP.jpg 951w, https:\/\/fiorentini-iberia.com\/wp-content\/uploads\/2024\/02\/Expertise_Idrogeno_2-ESP-300x175.jpg 300w, https:\/\/fiorentini-iberia.com\/wp-content\/uploads\/2024\/02\/Expertise_Idrogeno_2-ESP-768x449.jpg 768w\" sizes=\"auto, (max-width: 951px) 100vw, 951px\" \/><\/figure>\n\n\n\n<p class=\"has-text-align-center has-cyan-bluish-gray-color has-text-color has-link-color wp-elements-7437b1b74792c8f4b071f0e7e00fe70b\"><em>Emisiones de CO2 en funci\u00f3n de la tecnolog\u00eda de producci\u00f3n de hidr\u00f3geno utilizada\u00a0<\/em><\/p>\n\n\n\n<p>\u00a0<br>Uno de los principales m\u00e9todos de generaci\u00f3n de hidr\u00f3geno es la <strong>electr\u00f3lisis<\/strong>, un proceso conocido ya en el siglo XIX, en el que el paso de corriente el\u00e9ctrica a trav\u00e9s del agua provoca su divisi\u00f3n en gases de ox\u00edgeno e hidr\u00f3geno.<\/p>\n\n\n\n<p>El hidr\u00f3geno producido a partir de fuentes de energ\u00eda renovables se denomina <strong>hidr\u00f3geno verde<\/strong>, que actualmente se produce mediante dos tecnolog\u00edas principales: la alcalina (AEC) y la de membrana de intercambio de protones (PEM).<\/p>\n\n\n\n<p>Algunos estudios se centran ahora en <strong>nuevas formas de obtenerlo<\/strong> aprovechando la actividad de bacterias rojas, cianobacterias y microalgas, as\u00ed como la gasificaci\u00f3n de residuos s\u00f3lidos urbanos y pl\u00e1sticos no reciclables, mediante la descomposici\u00f3n de la materia org\u00e1nica con tratamientos t\u00e9rmicos a altas temperaturas en una atm\u00f3sfera casi sin ox\u00edgeno.<br>\u00a0<\/p>\n\n\n\n<h3 class=\"wp-block-heading\" id=\"technology\">Una nueva tecnolog\u00eda para la producci\u00f3n de hidr\u00f3geno<\/h3>\n\n\n\n<p><a href=\"https:\/\/hyter.it\/en\/\" target=\"_blank\" rel=\"noreferrer noopener\"><strong>Hyter<\/strong><\/a>, empresa perteneciente al Grupo Pietro Fiorentini desde 2021, ha desarrollado <strong>un generador de hidr\u00f3geno basado en la innovadora tecnolog\u00eda AEMWE<\/strong>, Anion Exchange Membrane Water Electrolyser.<br>\u00a0<\/p>\n\n\n<div class=\"wp-block-image\">\n<figure class=\"aligncenter size-full is-resized\"><img loading=\"lazy\" decoding=\"async\" width=\"991\" height=\"991\" src=\"https:\/\/www.fiorentini-iberia.com\/wp-content\/uploads\/2024\/02\/News_PLTEnergiaHyter_1-1.jpg\" alt=\"\" class=\"wp-image-48943\" style=\"width:581px;height:auto\" srcset=\"https:\/\/fiorentini-iberia.com\/wp-content\/uploads\/2024\/02\/News_PLTEnergiaHyter_1-1.jpg 991w, https:\/\/fiorentini-iberia.com\/wp-content\/uploads\/2024\/02\/News_PLTEnergiaHyter_1-1-300x300.jpg 300w, https:\/\/fiorentini-iberia.com\/wp-content\/uploads\/2024\/02\/News_PLTEnergiaHyter_1-1-150x150.jpg 150w, https:\/\/fiorentini-iberia.com\/wp-content\/uploads\/2024\/02\/News_PLTEnergiaHyter_1-1-768x768.jpg 768w\" sizes=\"auto, (max-width: 991px) 100vw, 991px\" \/><\/figure>\n<\/div>\n\n\n<p>&nbsp;<\/p>\n\n\n\n<p>El electrolizador suministrado por Hyter combina <strong>las ventajas de los sistemas PEM y alcalinos<\/strong>, lo que permite reducir los costes de inversi\u00f3n y el <strong>impacto ambiental<\/strong> gracias al menor uso de metales nobles.<\/p>\n\n\n\n<p>El intercambio i\u00f3nico tiene lugar a trav\u00e9s de una membrana polim\u00e9rica de fabricaci\u00f3n propia de Hyter. Esta membrana contiene sustancias electrol\u00edticas que mejoran la eficacia de la divisi\u00f3n del agua y tiene la funci\u00f3n de separar el hidr\u00f3geno y el ox\u00edgeno ya durante la fase de producci\u00f3n.<\/p>\n\n\n\n<p>Esta tecnolog\u00eda es mucho menos costosa desde el punto de vista qu\u00edmico y, al mismo tiempo, posee una excelente eficacia en t\u00e9rminos de rendimiento.<\/p>\n\n\n\n<p>El electrolizador suministrado por Hyter se utilizar\u00e1 en el marco de un proyecto para <strong>PLT Energia<\/strong>, empresa que preside toda la cadena de valor de las energ\u00edas renovables desde hace 15 a\u00f1os. El nuevo electrolizador Hyter se interconectar\u00e1 con el sistema fotovoltaico que funciona en los edificios de PLT Energia: de este modo, ser\u00e1 posible producir el hidr\u00f3geno necesario para garantizar la sostenibilidad medioambiental del consumo el\u00e9ctrico y t\u00e9rmico de su sede.<\/p>\n\n\n\n<p><a href=\"https:\/\/www.fiorentini-iberia.com\/es\/noticias\/una-planta-de-hidrogeno-verde-para-plt-energia-gracias-al-electrolizador-hyter\/\">Una planta de hidr\u00f3geno ecol\u00f3gica para PLT energia gracias al electrolizador Hyter<br><\/a>\u00a0<\/p>\n\n\n<div class=\"wp-block-image\">\n<figure class=\"aligncenter size-full is-resized\"><img loading=\"lazy\" decoding=\"async\" width=\"991\" height=\"991\" src=\"https:\/\/www.fiorentini-iberia.com\/wp-content\/uploads\/2024\/02\/News_PLTEnergiaHyter_2-1.jpg\" alt=\"\" class=\"wp-image-48947\" style=\"width:682px;height:auto\" srcset=\"https:\/\/fiorentini-iberia.com\/wp-content\/uploads\/2024\/02\/News_PLTEnergiaHyter_2-1.jpg 991w, https:\/\/fiorentini-iberia.com\/wp-content\/uploads\/2024\/02\/News_PLTEnergiaHyter_2-1-300x300.jpg 300w, https:\/\/fiorentini-iberia.com\/wp-content\/uploads\/2024\/02\/News_PLTEnergiaHyter_2-1-150x150.jpg 150w, https:\/\/fiorentini-iberia.com\/wp-content\/uploads\/2024\/02\/News_PLTEnergiaHyter_2-1-768x768.jpg 768w\" sizes=\"auto, (max-width: 991px) 100vw, 991px\" \/><\/figure>\n<\/div>\n\n\n<p>\u00a0<\/p>\n\n\n\n<p><strong>Hyter<\/strong> ha sido recientemente adjudicataria de uno de los concursos del MiTE con el <strong>proyecto Sirius<\/strong>, que consiste en la construcci\u00f3n en un plazo de tres a\u00f1os del <strong>primer electrolizador del mundo con un tama\u00f1o superior a un megavatio basado en la tecnolog\u00eda AEMWE<\/strong>, Anion Exchange Membrane Water Electrolyser. El proyecto Sirius, que adem\u00e1s de Hyter cuenta con la participaci\u00f3n de \u00a0<a href=\"https:\/\/www.inretedistribuzione.it\/energy_distribution_activity\/\" target=\"_blank\" rel=\"noreferrer noopener\">INRETE Distribuzione Energia<\/a> (Grupo Hera), <a href=\"https:\/\/www.mbn.it\/en\/company\/\" target=\"_blank\" rel=\"noreferrer noopener\">MatRes<\/a> (MBN Nanomaterialia Group) y el <a href=\"https:\/\/www.chimica.unipd.it\/en\/\" target=\"_blank\" rel=\"noreferrer noopener\">Departamento de Ciencias Qu\u00edmicas de la Universidad de Padua<\/a>, se clasific\u00f3 en <strong>tercer lugar<\/strong> en la categor\u00eda \u00abMisi\u00f3n 2 &#8211; Componente 2 &#8211; Inversi\u00f3n 3. 5 &#8211; Investigaci\u00f3n y Desarrollo del Hidr\u00f3geno\u00bb entre las cincuenta y seis propuestas presentadas al Ministerio italiano de Transici\u00f3n Ecol\u00f3gica para recibir financiaci\u00f3n de la Uni\u00f3n Europea en el marco del <strong>PNRR<\/strong>, Plan Nacional de Recuperaci\u00f3n Econ\u00f3mica y Resiliencia.<\/p>\n\n\n\n<p><a href=\"https:\/\/www.fiorentini-iberia.com\/es\/grupo-pietro-fiorentini\/companias-y-marcas-grupo-pf\/#hyter\">El proyecto Sirius, dirigido por Hyter, figura entre los ganadores de la convocatoria MiTE de propuestas sobre investigaci\u00f3n del hidr\u00f3geno.<\/a><\/p>\n\n\n\n<p><em>Proyecto financiado en el marco del PNRR, cofinanciado por la Uni\u00f3n Europea &#8211; NextGenerationEU.<br><\/em>\u00a0<\/p>\n\n\n\n<figure class=\"wp-block-image size-full\"><img loading=\"lazy\" decoding=\"async\" width=\"1024\" height=\"1024\" src=\"https:\/\/www.fiorentini-iberia.com\/wp-content\/uploads\/2024\/02\/sirius-project-1024x1024-1.png\" alt=\"hydrogen research\" class=\"wp-image-48951\" srcset=\"https:\/\/fiorentini-iberia.com\/wp-content\/uploads\/2024\/02\/sirius-project-1024x1024-1.png 1024w, https:\/\/fiorentini-iberia.com\/wp-content\/uploads\/2024\/02\/sirius-project-1024x1024-1-300x300.png 300w, https:\/\/fiorentini-iberia.com\/wp-content\/uploads\/2024\/02\/sirius-project-1024x1024-1-150x150.png 150w, https:\/\/fiorentini-iberia.com\/wp-content\/uploads\/2024\/02\/sirius-project-1024x1024-1-768x768.png 768w\" sizes=\"auto, (max-width: 1024px) 100vw, 1024px\" \/><\/figure>\n","protected":false},"excerpt":{"rendered":"<p>El hidr\u00f3geno puede producirse de diferentes maneras a partir de distintas fuentes de energ\u00eda, tomando nombres que recuerdan el impacto ambiental de los procesos de producci\u00f3n. Hyter, empresa del Grupo Pietro Fiorentini, ha desarrollado una nueva tecnolog\u00eda para la producci\u00f3n de hidr\u00f3geno con un impacto ambiental reducido.<\/p>\n","protected":false},"author":15,"featured_media":0,"parent":48274,"menu_order":0,"comment_status":"closed","ping_status":"closed","template":"template-expertise-post.php","meta":{"_acf_changed":false,"inline_featured_image":false,"footnotes":""},"class_list":["post-48960","page","type-page","status-publish","hentry"],"acf":[],"yoast_head":"<!-- This site is optimized with the Yoast SEO plugin v27.2 - https:\/\/yoast.com\/product\/yoast-seo-wordpress\/ -->\n<title>C\u00f3mo se produce el hidr\u00f3geno - Pietro Fiorentini Iberia<\/title>\n<meta name=\"description\" content=\"El hidr\u00f3geno recibe diferentes nombres en funci\u00f3n de c\u00f3mo se produzca y del impacto medioambiental resultante de los procesos utilizados para obtenerlo.\" \/>\n<meta name=\"robots\" content=\"index, follow, max-snippet:-1, max-image-preview:large, max-video-preview:-1\" \/>\n<link rel=\"canonical\" href=\"https:\/\/fiorentini-iberia.com\/es\/experiencia\/hidrogeno\/como-se-produce-el-hidrogeno\/\" \/>\n<meta property=\"og:locale\" content=\"es_ES\" \/>\n<meta property=\"og:type\" content=\"article\" \/>\n<meta property=\"og:title\" content=\"C\u00f3mo se produce el hidr\u00f3geno - Pietro Fiorentini Iberia\" \/>\n<meta property=\"og:description\" content=\"El hidr\u00f3geno recibe diferentes nombres en funci\u00f3n de c\u00f3mo se produzca y del impacto medioambiental resultante de los procesos utilizados para obtenerlo.\" \/>\n<meta property=\"og:url\" content=\"https:\/\/fiorentini-iberia.com\/es\/experiencia\/hidrogeno\/como-se-produce-el-hidrogeno\/\" \/>\n<meta property=\"og:site_name\" content=\"Pietro Fiorentini Iberia\" \/>\n<meta property=\"article:modified_time\" content=\"2024-02-20T17:44:54+00:00\" \/>\n<meta property=\"og:image\" content=\"https:\/\/www.fiorentini-iberia.com\/wp-content\/uploads\/2024\/02\/RENEWABLES_h2_energy-1-1024x429-1.jpg\" \/>\n<meta name=\"twitter:card\" content=\"summary_large_image\" \/>\n<meta name=\"twitter:site\" content=\"@FiorentiniSpa\" \/>\n<meta name=\"twitter:label1\" content=\"Tiempo de lectura\" \/>\n\t<meta name=\"twitter:data1\" content=\"5 minutos\" \/>\n<script type=\"application\/ld+json\" class=\"yoast-schema-graph\">{\"@context\":\"https:\/\/schema.org\",\"@graph\":[{\"@type\":\"WebPage\",\"@id\":\"https:\/\/fiorentini-iberia.com\/es\/experiencia\/hidrogeno\/como-se-produce-el-hidrogeno\/\",\"url\":\"https:\/\/fiorentini-iberia.com\/es\/experiencia\/hidrogeno\/como-se-produce-el-hidrogeno\/\",\"name\":\"C\u00f3mo se produce el hidr\u00f3geno - Pietro Fiorentini Iberia\",\"isPartOf\":{\"@id\":\"https:\/\/www.fiorentini-iberia.com\/es\/#website\"},\"primaryImageOfPage\":{\"@id\":\"https:\/\/fiorentini-iberia.com\/es\/experiencia\/hidrogeno\/como-se-produce-el-hidrogeno\/#primaryimage\"},\"image\":{\"@id\":\"https:\/\/fiorentini-iberia.com\/es\/experiencia\/hidrogeno\/como-se-produce-el-hidrogeno\/#primaryimage\"},\"thumbnailUrl\":\"https:\/\/www.fiorentini-iberia.com\/wp-content\/uploads\/2024\/02\/RENEWABLES_h2_energy-1-1024x429-1.jpg\",\"datePublished\":\"2024-02-20T16:44:39+00:00\",\"dateModified\":\"2024-02-20T17:44:54+00:00\",\"description\":\"El hidr\u00f3geno recibe diferentes nombres en funci\u00f3n de c\u00f3mo se produzca y del impacto medioambiental resultante de los procesos utilizados para obtenerlo.\",\"breadcrumb\":{\"@id\":\"https:\/\/fiorentini-iberia.com\/es\/experiencia\/hidrogeno\/como-se-produce-el-hidrogeno\/#breadcrumb\"},\"inLanguage\":\"es\",\"potentialAction\":[{\"@type\":\"ReadAction\",\"target\":[\"https:\/\/fiorentini-iberia.com\/es\/experiencia\/hidrogeno\/como-se-produce-el-hidrogeno\/\"]}]},{\"@type\":\"ImageObject\",\"inLanguage\":\"es\",\"@id\":\"https:\/\/fiorentini-iberia.com\/es\/experiencia\/hidrogeno\/como-se-produce-el-hidrogeno\/#primaryimage\",\"url\":\"https:\/\/www.fiorentini-iberia.com\/wp-content\/uploads\/2024\/02\/RENEWABLES_h2_energy-1-1024x429-1.jpg\",\"contentUrl\":\"https:\/\/www.fiorentini-iberia.com\/wp-content\/uploads\/2024\/02\/RENEWABLES_h2_energy-1-1024x429-1.jpg\"},{\"@type\":\"BreadcrumbList\",\"@id\":\"https:\/\/fiorentini-iberia.com\/es\/experiencia\/hidrogeno\/como-se-produce-el-hidrogeno\/#breadcrumb\",\"itemListElement\":[{\"@type\":\"ListItem\",\"position\":1,\"name\":\"Home\",\"item\":\"https:\/\/www.fiorentini-iberia.com\/es\/\"},{\"@type\":\"ListItem\",\"position\":2,\"name\":\"Experiencia\",\"item\":\"https:\/\/www.fiorentini-iberia.com\/es\/experiencia\/\"},{\"@type\":\"ListItem\",\"position\":3,\"name\":\"Hidr\u00f3geno\",\"item\":\"https:\/\/www.fiorentini-iberia.com\/es\/experiencia\/hidrogeno\/\"},{\"@type\":\"ListItem\",\"position\":4,\"name\":\"C\u00f3mo se produce el hidr\u00f3geno\"}]},{\"@type\":\"WebSite\",\"@id\":\"https:\/\/www.fiorentini-iberia.com\/es\/#website\",\"url\":\"https:\/\/www.fiorentini-iberia.com\/es\/\",\"name\":\"Pietro Fiorentini Iberia\",\"description\":\"Pietro Fiorentini dise\u00f1a y fabrica componentes, sistemas y servicios para la regulaci\u00f3n, medici\u00f3n, gesti\u00f3n de redes de agua, energ\u00edas renovables, petr\u00f3leo y el gas natural, con sistemas adaptados 100% al hidr\u00f3geno.\",\"publisher\":{\"@id\":\"https:\/\/www.fiorentini-iberia.com\/es\/#organization\"},\"potentialAction\":[{\"@type\":\"SearchAction\",\"target\":{\"@type\":\"EntryPoint\",\"urlTemplate\":\"https:\/\/www.fiorentini-iberia.com\/es\/?s={search_term_string}\"},\"query-input\":{\"@type\":\"PropertyValueSpecification\",\"valueRequired\":true,\"valueName\":\"search_term_string\"}}],\"inLanguage\":\"es\"},{\"@type\":\"Organization\",\"@id\":\"https:\/\/www.fiorentini-iberia.com\/es\/#organization\",\"name\":\"Pietro Fiorentini Iberia\",\"url\":\"https:\/\/www.fiorentini-iberia.com\/es\/\",\"logo\":{\"@type\":\"ImageObject\",\"inLanguage\":\"es\",\"@id\":\"https:\/\/www.fiorentini-iberia.com\/es\/#\/schema\/logo\/image\/\",\"url\":\"https:\/\/fiorentini-iberia.com\/wp-content\/uploads\/2020\/11\/logo.svg\",\"contentUrl\":\"https:\/\/fiorentini-iberia.com\/wp-content\/uploads\/2020\/11\/logo.svg\",\"width\":227,\"height\":59,\"caption\":\"Pietro Fiorentini Iberia\"},\"image\":{\"@id\":\"https:\/\/www.fiorentini-iberia.com\/es\/#\/schema\/logo\/image\/\"},\"sameAs\":[\"https:\/\/x.com\/FiorentiniSpa\",\"https:\/\/www.linkedin.com\/company\/pietro-fiorentini-iberia\/\"]}]}<\/script>\n<!-- \/ Yoast SEO plugin. -->","yoast_head_json":{"title":"C\u00f3mo se produce el hidr\u00f3geno - Pietro Fiorentini Iberia","description":"El hidr\u00f3geno recibe diferentes nombres en funci\u00f3n de c\u00f3mo se produzca y del impacto medioambiental resultante de los procesos utilizados para obtenerlo.","robots":{"index":"index","follow":"follow","max-snippet":"max-snippet:-1","max-image-preview":"max-image-preview:large","max-video-preview":"max-video-preview:-1"},"canonical":"https:\/\/fiorentini-iberia.com\/es\/experiencia\/hidrogeno\/como-se-produce-el-hidrogeno\/","og_locale":"es_ES","og_type":"article","og_title":"C\u00f3mo se produce el hidr\u00f3geno - Pietro Fiorentini Iberia","og_description":"El hidr\u00f3geno recibe diferentes nombres en funci\u00f3n de c\u00f3mo se produzca y del impacto medioambiental resultante de los procesos utilizados para obtenerlo.","og_url":"https:\/\/fiorentini-iberia.com\/es\/experiencia\/hidrogeno\/como-se-produce-el-hidrogeno\/","og_site_name":"Pietro Fiorentini Iberia","article_modified_time":"2024-02-20T17:44:54+00:00","og_image":[{"url":"https:\/\/www.fiorentini-iberia.com\/wp-content\/uploads\/2024\/02\/RENEWABLES_h2_energy-1-1024x429-1.jpg","type":"","width":"","height":""}],"twitter_card":"summary_large_image","twitter_site":"@FiorentiniSpa","twitter_misc":{"Tiempo de lectura":"5 minutos"},"schema":{"@context":"https:\/\/schema.org","@graph":[{"@type":"WebPage","@id":"https:\/\/fiorentini-iberia.com\/es\/experiencia\/hidrogeno\/como-se-produce-el-hidrogeno\/","url":"https:\/\/fiorentini-iberia.com\/es\/experiencia\/hidrogeno\/como-se-produce-el-hidrogeno\/","name":"C\u00f3mo se produce el hidr\u00f3geno - Pietro Fiorentini Iberia","isPartOf":{"@id":"https:\/\/www.fiorentini-iberia.com\/es\/#website"},"primaryImageOfPage":{"@id":"https:\/\/fiorentini-iberia.com\/es\/experiencia\/hidrogeno\/como-se-produce-el-hidrogeno\/#primaryimage"},"image":{"@id":"https:\/\/fiorentini-iberia.com\/es\/experiencia\/hidrogeno\/como-se-produce-el-hidrogeno\/#primaryimage"},"thumbnailUrl":"https:\/\/www.fiorentini-iberia.com\/wp-content\/uploads\/2024\/02\/RENEWABLES_h2_energy-1-1024x429-1.jpg","datePublished":"2024-02-20T16:44:39+00:00","dateModified":"2024-02-20T17:44:54+00:00","description":"El hidr\u00f3geno recibe diferentes nombres en funci\u00f3n de c\u00f3mo se produzca y del impacto medioambiental resultante de los procesos utilizados para obtenerlo.","breadcrumb":{"@id":"https:\/\/fiorentini-iberia.com\/es\/experiencia\/hidrogeno\/como-se-produce-el-hidrogeno\/#breadcrumb"},"inLanguage":"es","potentialAction":[{"@type":"ReadAction","target":["https:\/\/fiorentini-iberia.com\/es\/experiencia\/hidrogeno\/como-se-produce-el-hidrogeno\/"]}]},{"@type":"ImageObject","inLanguage":"es","@id":"https:\/\/fiorentini-iberia.com\/es\/experiencia\/hidrogeno\/como-se-produce-el-hidrogeno\/#primaryimage","url":"https:\/\/www.fiorentini-iberia.com\/wp-content\/uploads\/2024\/02\/RENEWABLES_h2_energy-1-1024x429-1.jpg","contentUrl":"https:\/\/www.fiorentini-iberia.com\/wp-content\/uploads\/2024\/02\/RENEWABLES_h2_energy-1-1024x429-1.jpg"},{"@type":"BreadcrumbList","@id":"https:\/\/fiorentini-iberia.com\/es\/experiencia\/hidrogeno\/como-se-produce-el-hidrogeno\/#breadcrumb","itemListElement":[{"@type":"ListItem","position":1,"name":"Home","item":"https:\/\/www.fiorentini-iberia.com\/es\/"},{"@type":"ListItem","position":2,"name":"Experiencia","item":"https:\/\/www.fiorentini-iberia.com\/es\/experiencia\/"},{"@type":"ListItem","position":3,"name":"Hidr\u00f3geno","item":"https:\/\/www.fiorentini-iberia.com\/es\/experiencia\/hidrogeno\/"},{"@type":"ListItem","position":4,"name":"C\u00f3mo se produce el hidr\u00f3geno"}]},{"@type":"WebSite","@id":"https:\/\/www.fiorentini-iberia.com\/es\/#website","url":"https:\/\/www.fiorentini-iberia.com\/es\/","name":"Pietro Fiorentini Iberia","description":"Pietro Fiorentini dise\u00f1a y fabrica componentes, sistemas y servicios para la regulaci\u00f3n, medici\u00f3n, gesti\u00f3n de redes de agua, energ\u00edas renovables, petr\u00f3leo y el gas natural, con sistemas adaptados 100% al hidr\u00f3geno.","publisher":{"@id":"https:\/\/www.fiorentini-iberia.com\/es\/#organization"},"potentialAction":[{"@type":"SearchAction","target":{"@type":"EntryPoint","urlTemplate":"https:\/\/www.fiorentini-iberia.com\/es\/?s={search_term_string}"},"query-input":{"@type":"PropertyValueSpecification","valueRequired":true,"valueName":"search_term_string"}}],"inLanguage":"es"},{"@type":"Organization","@id":"https:\/\/www.fiorentini-iberia.com\/es\/#organization","name":"Pietro Fiorentini Iberia","url":"https:\/\/www.fiorentini-iberia.com\/es\/","logo":{"@type":"ImageObject","inLanguage":"es","@id":"https:\/\/www.fiorentini-iberia.com\/es\/#\/schema\/logo\/image\/","url":"https:\/\/fiorentini-iberia.com\/wp-content\/uploads\/2020\/11\/logo.svg","contentUrl":"https:\/\/fiorentini-iberia.com\/wp-content\/uploads\/2020\/11\/logo.svg","width":227,"height":59,"caption":"Pietro Fiorentini Iberia"},"image":{"@id":"https:\/\/www.fiorentini-iberia.com\/es\/#\/schema\/logo\/image\/"},"sameAs":["https:\/\/x.com\/FiorentiniSpa","https:\/\/www.linkedin.com\/company\/pietro-fiorentini-iberia\/"]}]}},"_links":{"self":[{"href":"https:\/\/fiorentini-iberia.com\/es\/wp-json\/wp\/v2\/pages\/48960","targetHints":{"allow":["GET"]}}],"collection":[{"href":"https:\/\/fiorentini-iberia.com\/es\/wp-json\/wp\/v2\/pages"}],"about":[{"href":"https:\/\/fiorentini-iberia.com\/es\/wp-json\/wp\/v2\/types\/page"}],"author":[{"embeddable":true,"href":"https:\/\/fiorentini-iberia.com\/es\/wp-json\/wp\/v2\/users\/15"}],"replies":[{"embeddable":true,"href":"https:\/\/fiorentini-iberia.com\/es\/wp-json\/wp\/v2\/comments?post=48960"}],"version-history":[{"count":2,"href":"https:\/\/fiorentini-iberia.com\/es\/wp-json\/wp\/v2\/pages\/48960\/revisions"}],"predecessor-version":[{"id":48980,"href":"https:\/\/fiorentini-iberia.com\/es\/wp-json\/wp\/v2\/pages\/48960\/revisions\/48980"}],"up":[{"embeddable":true,"href":"https:\/\/fiorentini-iberia.com\/es\/wp-json\/wp\/v2\/pages\/48274"}],"wp:attachment":[{"href":"https:\/\/fiorentini-iberia.com\/es\/wp-json\/wp\/v2\/media?parent=48960"}],"curies":[{"name":"wp","href":"https:\/\/api.w.org\/{rel}","templated":true}]}}