{"id":48837,"date":"2024-02-20T12:58:28","date_gmt":"2024-02-20T11:58:28","guid":{"rendered":"https:\/\/www.fiorentini-iberia.com\/experiencia\/biometano\/biogas-vs-biomethane\/"},"modified":"2024-02-20T14:30:05","modified_gmt":"2024-02-20T13:30:05","slug":"biogas-vs-biometano","status":"publish","type":"page","link":"https:\/\/fiorentini-iberia.com\/es\/experiencia\/biometano\/biogas-vs-biometano\/","title":{"rendered":"BIOG\u00c1S VS BIOMETANO"},"content":{"rendered":"\n<p class=\"has-text-color has-link-color has-medium-font-size wp-elements-3994e28b1cee012227e08138b69077b6\" style=\"color:#199782\"><strong>DEL BIOG\u00c1S AL BIOMETANO<\/strong><br>&nbsp;<\/p>\n\n\n\n<figure class=\"wp-block-image size-full\"><img loading=\"lazy\" decoding=\"async\" width=\"1024\" height=\"575\" src=\"https:\/\/www.fiorentini-iberia.com\/wp-content\/uploads\/2024\/02\/RENEWABLES_biogas-1-1024x575-1.jpg\" alt=\"From biogas to biomethane\" class=\"wp-image-48819\" srcset=\"https:\/\/fiorentini-iberia.com\/wp-content\/uploads\/2024\/02\/RENEWABLES_biogas-1-1024x575-1.jpg 1024w, https:\/\/fiorentini-iberia.com\/wp-content\/uploads\/2024\/02\/RENEWABLES_biogas-1-1024x575-1-300x168.jpg 300w, https:\/\/fiorentini-iberia.com\/wp-content\/uploads\/2024\/02\/RENEWABLES_biogas-1-1024x575-1-768x431.jpg 768w\" sizes=\"auto, (max-width: 1024px) 100vw, 1024px\" \/><\/figure>\n\n\n\n<p>&nbsp;<br>El <strong>biog\u00e1s<\/strong> est\u00e1 compuesto mayoritariamente por <strong>metano<\/strong> (entre un 50-70%) y se produce por la digesti\u00f3n de residuos org\u00e1nicos procedentes de biomasa agr\u00edcola (cultivos dedicados, subproductos, residuos agr\u00edcolas y esti\u00e9rcol animal), biomasa agroindustrial (residuos de la cadena de transformaci\u00f3n alimentaria), residuos de transformaci\u00f3n industrial, lodos de aguas residuales municipales y fracciones org\u00e1nicas de residuos s\u00f3lidos urbanos (OFMSW).<\/p>\n\n\n\n<p>El <strong>biometano<\/strong> es un biog\u00e1s que ha sido sometido a un proceso de refinado para obtener una concentraci\u00f3n de metano igual o superior al 97%, que puede utilizarse del mismo modo que el gas natural inyect\u00e1ndolo en la red o como biocombustible en forma gaseosa o licuada para su transporte.<\/p>\n\n\n\n<ol class=\"wp-block-list\">\n<li><strong><a href=\"#HOW\">C\u00f3mo hacer biometano<\/a><\/strong><\/li>\n\n\n\n<li><strong><a href=\"#WHAT\">Qu\u00e9 ocurre tras la mejora del biog\u00e1s<\/a><\/strong><\/li>\n<\/ol>\n\n\n\n<h2 class=\"wp-block-heading has-text-color has-link-color has-medium-font-size wp-elements-3d9e8b6e5603559b0f29e83c0d6f89f9\" id=\"HOW\" style=\"color:#199782\">&nbsp;<br>&nbsp;<br><strong>C\u00d3MO HACER BIOMETANO<\/strong><\/h2>\n\n\n\n<p>La <strong>conversi\u00f3n del biog\u00e1s en biometano<\/strong> se produce a trav\u00e9s de un <strong>proceso de mejora<\/strong>, que elimina el di\u00f3xido de carbono mediante un proceso de separaci\u00f3n molecular de varias etapas. Las distintas etapas del proceso (pretratamiento, deshidrataci\u00f3n, compresi\u00f3n, etc.) se optimizan en funci\u00f3n de la tecnolog\u00eda de mejora elegida y de la composici\u00f3n del biog\u00e1s que se va a tratar.<\/p>\n\n\n\n<p>Adem\u00e1s del di\u00f3xido de carbono, tambi\u00e9n se eliminan otros gases, como el sulfuro de hidr\u00f3geno, el amon\u00edaco, los siloxanos, los compuestos org\u00e1nicos vol\u00e1tiles (COV), los contaminantes y otras sustancias inertes presentes en el biog\u00e1s. Es fundamental eliminar estas sustancias porque, si permanecen presentes, pueden dar lugar a diferentes problemas: pueden acabar liber\u00e1ndose a la atm\u00f3sfera o pueden permanecer en el biometano y alterar sus especificaciones de calidad, adem\u00e1s de afectar al correcto funcionamiento de la propia planta. Adem\u00e1s, la presencia de COV tiene efectos negativos sobre la odorabilidad del biometano.<\/p>\n\n\n\n<figure class=\"wp-block-embed is-type-video is-provider-youtube wp-block-embed-youtube wp-embed-aspect-16-9 wp-has-aspect-ratio\"><div class=\"wp-block-embed__wrapper\">\n<iframe loading=\"lazy\" title=\"From Biogas to Gas Grid\" width=\"500\" height=\"281\" src=\"https:\/\/www.youtube.com\/embed\/jj2-LFS3ZJ0?feature=oembed\" frameborder=\"0\" allow=\"accelerometer; autoplay; clipboard-write; encrypted-media; gyroscope; picture-in-picture; web-share\" referrerpolicy=\"strict-origin-when-cross-origin\" allowfullscreen><\/iframe>\n<\/div><\/figure>\n\n\n\n<p>&nbsp;<\/p>\n\n\n\n<h2 class=\"wp-block-heading has-text-color has-link-color has-medium-font-size wp-elements-e0383e2d62eeb456278b530bedd68578\" id=\"WHAT\" style=\"color:#199782\">QU\u00c9 OCURRE TRAS LA MEJORA DEL BIOG\u00c1S<\/h2>\n\n\n\n<p>El biometano obtenido tras la fase de \u00abupgrading\u00bb puede someterse a las distintas etapas de <strong>control de la calidad, dosificaci\u00f3n, compresi\u00f3n, regulaci\u00f3n y posible odorizaci\u00f3n<\/strong>. Estas etapas deben completarse necesariamente antes de una de las posibles etapas siguientes:<\/p>\n\n\n\n<ul class=\"wp-block-list\">\n<li>Etapa de inyecci\u00f3n en la red -puede tratarse de una red de transporte o distribuci\u00f3n- que debe ejecutarse de conformidad con las especificaciones establecidas por la legislaci\u00f3n aplicable. Esta etapa requiere soluciones espec\u00edficas.<\/li>\n\n\n\n<li>Producci\u00f3n de biometano licuado (GNL), que requiere soluciones espec\u00edficas de an\u00e1lisis de calidad y medici\u00f3n fiscal.<\/li>\n<\/ul>\n\n\n\n<p>&nbsp;<\/p>\n\n\n\n<figure class=\"wp-block-image size-full\"><img loading=\"lazy\" decoding=\"async\" width=\"1024\" height=\"576\" src=\"https:\/\/www.fiorentini-iberia.com\/wp-content\/uploads\/2024\/02\/Expertise_Biometano_Map-EXPPAG-1-1024x576-ESP-2.jpg\" alt=\"del biog\u00e1s al biometano\" class=\"wp-image-48856\" srcset=\"https:\/\/fiorentini-iberia.com\/wp-content\/uploads\/2024\/02\/Expertise_Biometano_Map-EXPPAG-1-1024x576-ESP-2.jpg 1024w, https:\/\/fiorentini-iberia.com\/wp-content\/uploads\/2024\/02\/Expertise_Biometano_Map-EXPPAG-1-1024x576-ESP-2-300x169.jpg 300w, https:\/\/fiorentini-iberia.com\/wp-content\/uploads\/2024\/02\/Expertise_Biometano_Map-EXPPAG-1-1024x576-ESP-2-768x432.jpg 768w\" sizes=\"auto, (max-width: 1024px) 100vw, 1024px\" \/><\/figure>\n","protected":false},"excerpt":{"rendered":"<p>El biog\u00e1s y el biometano son sustancias diferentes: el biog\u00e1s es un compuesto con un contenido de metano de entre el 50% y el 70%, mientras que el biometano es un biog\u00e1s que ha sido sometido a un proceso de refinado para alcanzar porcentajes del 97% o m\u00e1s de metano, listo para ser inyectado en las redes de transporte y distribuci\u00f3n.<\/p>\n","protected":false},"author":15,"featured_media":0,"parent":48210,"menu_order":0,"comment_status":"closed","ping_status":"closed","template":"template-expertise-post.php","meta":{"_acf_changed":false,"inline_featured_image":false,"footnotes":""},"class_list":["post-48837","page","type-page","status-publish","hentry"],"acf":[],"yoast_head":"<!-- This site is optimized with the Yoast SEO plugin v27.2 - https:\/\/yoast.com\/product\/yoast-seo-wordpress\/ -->\n<title>BIOG\u00c1S VS BIOMETANO - Pietro Fiorentini Iberia<\/title>\n<meta name=\"description\" content=\"La conversi\u00f3n se produce a trav\u00e9s de eliminaci\u00f3n el di\u00f3xido de carbono mediante un proceso de separaci\u00f3n molecular de varias etapas.\" \/>\n<meta name=\"robots\" content=\"index, follow, max-snippet:-1, max-image-preview:large, max-video-preview:-1\" \/>\n<link rel=\"canonical\" href=\"https:\/\/fiorentini-iberia.com\/es\/experiencia\/biometano\/biogas-vs-biometano\/\" \/>\n<meta property=\"og:locale\" content=\"es_ES\" \/>\n<meta property=\"og:type\" content=\"article\" \/>\n<meta property=\"og:title\" content=\"BIOG\u00c1S VS BIOMETANO - Pietro Fiorentini Iberia\" \/>\n<meta property=\"og:description\" content=\"La conversi\u00f3n se produce a trav\u00e9s de eliminaci\u00f3n el di\u00f3xido de carbono mediante un proceso de separaci\u00f3n molecular de varias etapas.\" \/>\n<meta property=\"og:url\" content=\"https:\/\/fiorentini-iberia.com\/es\/experiencia\/biometano\/biogas-vs-biometano\/\" \/>\n<meta property=\"og:site_name\" content=\"Pietro Fiorentini Iberia\" \/>\n<meta property=\"article:modified_time\" content=\"2024-02-20T13:30:05+00:00\" \/>\n<meta property=\"og:image\" content=\"https:\/\/www.fiorentini-iberia.com\/wp-content\/uploads\/2024\/02\/RENEWABLES_biogas-1-1024x575-1.jpg\" \/>\n<meta name=\"twitter:card\" content=\"summary_large_image\" \/>\n<meta name=\"twitter:site\" content=\"@FiorentiniSpa\" \/>\n<meta name=\"twitter:label1\" content=\"Tiempo de lectura\" \/>\n\t<meta name=\"twitter:data1\" content=\"3 minutos\" \/>\n<script type=\"application\/ld+json\" class=\"yoast-schema-graph\">{\"@context\":\"https:\/\/schema.org\",\"@graph\":[{\"@type\":\"WebPage\",\"@id\":\"https:\/\/fiorentini-iberia.com\/es\/experiencia\/biometano\/biogas-vs-biometano\/\",\"url\":\"https:\/\/fiorentini-iberia.com\/es\/experiencia\/biometano\/biogas-vs-biometano\/\",\"name\":\"BIOG\u00c1S VS BIOMETANO - Pietro Fiorentini Iberia\",\"isPartOf\":{\"@id\":\"https:\/\/www.fiorentini-iberia.com\/es\/#website\"},\"primaryImageOfPage\":{\"@id\":\"https:\/\/fiorentini-iberia.com\/es\/experiencia\/biometano\/biogas-vs-biometano\/#primaryimage\"},\"image\":{\"@id\":\"https:\/\/fiorentini-iberia.com\/es\/experiencia\/biometano\/biogas-vs-biometano\/#primaryimage\"},\"thumbnailUrl\":\"https:\/\/www.fiorentini-iberia.com\/wp-content\/uploads\/2024\/02\/RENEWABLES_biogas-1-1024x575-1.jpg\",\"datePublished\":\"2024-02-20T11:58:28+00:00\",\"dateModified\":\"2024-02-20T13:30:05+00:00\",\"description\":\"La conversi\u00f3n se produce a trav\u00e9s de eliminaci\u00f3n el di\u00f3xido de carbono mediante un proceso de separaci\u00f3n molecular de varias etapas.\",\"breadcrumb\":{\"@id\":\"https:\/\/fiorentini-iberia.com\/es\/experiencia\/biometano\/biogas-vs-biometano\/#breadcrumb\"},\"inLanguage\":\"es\",\"potentialAction\":[{\"@type\":\"ReadAction\",\"target\":[\"https:\/\/fiorentini-iberia.com\/es\/experiencia\/biometano\/biogas-vs-biometano\/\"]}]},{\"@type\":\"ImageObject\",\"inLanguage\":\"es\",\"@id\":\"https:\/\/fiorentini-iberia.com\/es\/experiencia\/biometano\/biogas-vs-biometano\/#primaryimage\",\"url\":\"https:\/\/www.fiorentini-iberia.com\/wp-content\/uploads\/2024\/02\/RENEWABLES_biogas-1-1024x575-1.jpg\",\"contentUrl\":\"https:\/\/www.fiorentini-iberia.com\/wp-content\/uploads\/2024\/02\/RENEWABLES_biogas-1-1024x575-1.jpg\"},{\"@type\":\"BreadcrumbList\",\"@id\":\"https:\/\/fiorentini-iberia.com\/es\/experiencia\/biometano\/biogas-vs-biometano\/#breadcrumb\",\"itemListElement\":[{\"@type\":\"ListItem\",\"position\":1,\"name\":\"Home\",\"item\":\"https:\/\/www.fiorentini-iberia.com\/es\/\"},{\"@type\":\"ListItem\",\"position\":2,\"name\":\"Experiencia\",\"item\":\"https:\/\/www.fiorentini-iberia.com\/es\/experiencia\/\"},{\"@type\":\"ListItem\",\"position\":3,\"name\":\"Biometano\",\"item\":\"https:\/\/www.fiorentini-iberia.com\/es\/experiencia\/biometano\/\"},{\"@type\":\"ListItem\",\"position\":4,\"name\":\"BIOG\u00c1S VS BIOMETANO\"}]},{\"@type\":\"WebSite\",\"@id\":\"https:\/\/www.fiorentini-iberia.com\/es\/#website\",\"url\":\"https:\/\/www.fiorentini-iberia.com\/es\/\",\"name\":\"Pietro Fiorentini Iberia\",\"description\":\"Pietro Fiorentini dise\u00f1a y fabrica componentes, sistemas y servicios para la regulaci\u00f3n, medici\u00f3n, gesti\u00f3n de redes de agua, energ\u00edas renovables, petr\u00f3leo y el gas natural, con sistemas adaptados 100% al hidr\u00f3geno.\",\"publisher\":{\"@id\":\"https:\/\/www.fiorentini-iberia.com\/es\/#organization\"},\"potentialAction\":[{\"@type\":\"SearchAction\",\"target\":{\"@type\":\"EntryPoint\",\"urlTemplate\":\"https:\/\/www.fiorentini-iberia.com\/es\/?s={search_term_string}\"},\"query-input\":{\"@type\":\"PropertyValueSpecification\",\"valueRequired\":true,\"valueName\":\"search_term_string\"}}],\"inLanguage\":\"es\"},{\"@type\":\"Organization\",\"@id\":\"https:\/\/www.fiorentini-iberia.com\/es\/#organization\",\"name\":\"Pietro Fiorentini Iberia\",\"url\":\"https:\/\/www.fiorentini-iberia.com\/es\/\",\"logo\":{\"@type\":\"ImageObject\",\"inLanguage\":\"es\",\"@id\":\"https:\/\/www.fiorentini-iberia.com\/es\/#\/schema\/logo\/image\/\",\"url\":\"https:\/\/fiorentini-iberia.com\/wp-content\/uploads\/2020\/11\/logo.svg\",\"contentUrl\":\"https:\/\/fiorentini-iberia.com\/wp-content\/uploads\/2020\/11\/logo.svg\",\"width\":227,\"height\":59,\"caption\":\"Pietro Fiorentini Iberia\"},\"image\":{\"@id\":\"https:\/\/www.fiorentini-iberia.com\/es\/#\/schema\/logo\/image\/\"},\"sameAs\":[\"https:\/\/x.com\/FiorentiniSpa\",\"https:\/\/www.linkedin.com\/company\/pietro-fiorentini-iberia\/\"]}]}<\/script>\n<!-- \/ Yoast SEO plugin. -->","yoast_head_json":{"title":"BIOG\u00c1S VS BIOMETANO - Pietro Fiorentini Iberia","description":"La conversi\u00f3n se produce a trav\u00e9s de eliminaci\u00f3n el di\u00f3xido de carbono mediante un proceso de separaci\u00f3n molecular de varias etapas.","robots":{"index":"index","follow":"follow","max-snippet":"max-snippet:-1","max-image-preview":"max-image-preview:large","max-video-preview":"max-video-preview:-1"},"canonical":"https:\/\/fiorentini-iberia.com\/es\/experiencia\/biometano\/biogas-vs-biometano\/","og_locale":"es_ES","og_type":"article","og_title":"BIOG\u00c1S VS BIOMETANO - Pietro Fiorentini Iberia","og_description":"La conversi\u00f3n se produce a trav\u00e9s de eliminaci\u00f3n el di\u00f3xido de carbono mediante un proceso de separaci\u00f3n molecular de varias etapas.","og_url":"https:\/\/fiorentini-iberia.com\/es\/experiencia\/biometano\/biogas-vs-biometano\/","og_site_name":"Pietro Fiorentini Iberia","article_modified_time":"2024-02-20T13:30:05+00:00","og_image":[{"url":"https:\/\/www.fiorentini-iberia.com\/wp-content\/uploads\/2024\/02\/RENEWABLES_biogas-1-1024x575-1.jpg","type":"","width":"","height":""}],"twitter_card":"summary_large_image","twitter_site":"@FiorentiniSpa","twitter_misc":{"Tiempo de lectura":"3 minutos"},"schema":{"@context":"https:\/\/schema.org","@graph":[{"@type":"WebPage","@id":"https:\/\/fiorentini-iberia.com\/es\/experiencia\/biometano\/biogas-vs-biometano\/","url":"https:\/\/fiorentini-iberia.com\/es\/experiencia\/biometano\/biogas-vs-biometano\/","name":"BIOG\u00c1S VS BIOMETANO - Pietro Fiorentini Iberia","isPartOf":{"@id":"https:\/\/www.fiorentini-iberia.com\/es\/#website"},"primaryImageOfPage":{"@id":"https:\/\/fiorentini-iberia.com\/es\/experiencia\/biometano\/biogas-vs-biometano\/#primaryimage"},"image":{"@id":"https:\/\/fiorentini-iberia.com\/es\/experiencia\/biometano\/biogas-vs-biometano\/#primaryimage"},"thumbnailUrl":"https:\/\/www.fiorentini-iberia.com\/wp-content\/uploads\/2024\/02\/RENEWABLES_biogas-1-1024x575-1.jpg","datePublished":"2024-02-20T11:58:28+00:00","dateModified":"2024-02-20T13:30:05+00:00","description":"La conversi\u00f3n se produce a trav\u00e9s de eliminaci\u00f3n el di\u00f3xido de carbono mediante un proceso de separaci\u00f3n molecular de varias etapas.","breadcrumb":{"@id":"https:\/\/fiorentini-iberia.com\/es\/experiencia\/biometano\/biogas-vs-biometano\/#breadcrumb"},"inLanguage":"es","potentialAction":[{"@type":"ReadAction","target":["https:\/\/fiorentini-iberia.com\/es\/experiencia\/biometano\/biogas-vs-biometano\/"]}]},{"@type":"ImageObject","inLanguage":"es","@id":"https:\/\/fiorentini-iberia.com\/es\/experiencia\/biometano\/biogas-vs-biometano\/#primaryimage","url":"https:\/\/www.fiorentini-iberia.com\/wp-content\/uploads\/2024\/02\/RENEWABLES_biogas-1-1024x575-1.jpg","contentUrl":"https:\/\/www.fiorentini-iberia.com\/wp-content\/uploads\/2024\/02\/RENEWABLES_biogas-1-1024x575-1.jpg"},{"@type":"BreadcrumbList","@id":"https:\/\/fiorentini-iberia.com\/es\/experiencia\/biometano\/biogas-vs-biometano\/#breadcrumb","itemListElement":[{"@type":"ListItem","position":1,"name":"Home","item":"https:\/\/www.fiorentini-iberia.com\/es\/"},{"@type":"ListItem","position":2,"name":"Experiencia","item":"https:\/\/www.fiorentini-iberia.com\/es\/experiencia\/"},{"@type":"ListItem","position":3,"name":"Biometano","item":"https:\/\/www.fiorentini-iberia.com\/es\/experiencia\/biometano\/"},{"@type":"ListItem","position":4,"name":"BIOG\u00c1S VS BIOMETANO"}]},{"@type":"WebSite","@id":"https:\/\/www.fiorentini-iberia.com\/es\/#website","url":"https:\/\/www.fiorentini-iberia.com\/es\/","name":"Pietro Fiorentini Iberia","description":"Pietro Fiorentini dise\u00f1a y fabrica componentes, sistemas y servicios para la regulaci\u00f3n, medici\u00f3n, gesti\u00f3n de redes de agua, energ\u00edas renovables, petr\u00f3leo y el gas natural, con sistemas adaptados 100% al hidr\u00f3geno.","publisher":{"@id":"https:\/\/www.fiorentini-iberia.com\/es\/#organization"},"potentialAction":[{"@type":"SearchAction","target":{"@type":"EntryPoint","urlTemplate":"https:\/\/www.fiorentini-iberia.com\/es\/?s={search_term_string}"},"query-input":{"@type":"PropertyValueSpecification","valueRequired":true,"valueName":"search_term_string"}}],"inLanguage":"es"},{"@type":"Organization","@id":"https:\/\/www.fiorentini-iberia.com\/es\/#organization","name":"Pietro Fiorentini Iberia","url":"https:\/\/www.fiorentini-iberia.com\/es\/","logo":{"@type":"ImageObject","inLanguage":"es","@id":"https:\/\/www.fiorentini-iberia.com\/es\/#\/schema\/logo\/image\/","url":"https:\/\/fiorentini-iberia.com\/wp-content\/uploads\/2020\/11\/logo.svg","contentUrl":"https:\/\/fiorentini-iberia.com\/wp-content\/uploads\/2020\/11\/logo.svg","width":227,"height":59,"caption":"Pietro Fiorentini Iberia"},"image":{"@id":"https:\/\/www.fiorentini-iberia.com\/es\/#\/schema\/logo\/image\/"},"sameAs":["https:\/\/x.com\/FiorentiniSpa","https:\/\/www.linkedin.com\/company\/pietro-fiorentini-iberia\/"]}]}},"_links":{"self":[{"href":"https:\/\/fiorentini-iberia.com\/es\/wp-json\/wp\/v2\/pages\/48837","targetHints":{"allow":["GET"]}}],"collection":[{"href":"https:\/\/fiorentini-iberia.com\/es\/wp-json\/wp\/v2\/pages"}],"about":[{"href":"https:\/\/fiorentini-iberia.com\/es\/wp-json\/wp\/v2\/types\/page"}],"author":[{"embeddable":true,"href":"https:\/\/fiorentini-iberia.com\/es\/wp-json\/wp\/v2\/users\/15"}],"replies":[{"embeddable":true,"href":"https:\/\/fiorentini-iberia.com\/es\/wp-json\/wp\/v2\/comments?post=48837"}],"version-history":[{"count":3,"href":"https:\/\/fiorentini-iberia.com\/es\/wp-json\/wp\/v2\/pages\/48837\/revisions"}],"predecessor-version":[{"id":48861,"href":"https:\/\/fiorentini-iberia.com\/es\/wp-json\/wp\/v2\/pages\/48837\/revisions\/48861"}],"up":[{"embeddable":true,"href":"https:\/\/fiorentini-iberia.com\/es\/wp-json\/wp\/v2\/pages\/48210"}],"wp:attachment":[{"href":"https:\/\/fiorentini-iberia.com\/es\/wp-json\/wp\/v2\/media?parent=48837"}],"curies":[{"name":"wp","href":"https:\/\/api.w.org\/{rel}","templated":true}]}}