{"id":48349,"date":"2023-12-13T14:30:34","date_gmt":"2023-12-13T13:30:34","guid":{"rendered":"https:\/\/www.fiorentini-iberia.com\/experiencia\/agua\/solutions-for-water-cycle-control-and-monitoring\/"},"modified":"2025-02-05T11:35:06","modified_gmt":"2025-02-05T10:35:06","slug":"las-soluciones-de-control-y-supervision-del-grupo-pf","status":"publish","type":"page","link":"https:\/\/fiorentini-iberia.com\/es\/experiencia\/agua\/las-soluciones-de-control-y-supervision-del-grupo-pf\/","title":{"rendered":"Las soluciones de monitorizaci\u00f3n y control del Grupo PF"},"content":{"rendered":"\n<p>Dentro del <strong><a href=\"https:\/\/www.fiorentini-iberia.com\/es\/grupo-pietro-fiorentini\/\">Grupo Pietro Fiorentini<\/a><\/strong> existen varias empresas que desarrollan <strong>soluciones para el mundo del agua<\/strong> que nos permiten ofrecer un servicio completo e integrado a nuestros clientes.<\/p>\n\n\n\n<p>Los retos que plantea el mundo actual exigen soluciones en las que el hardware y el software se integren a la perfecci\u00f3n, de modo que la supervisi\u00f3n en tiempo real pueda mejorar la eficacia de los controles de gesti\u00f3n de la red.<\/p>\n\n\n\n<p><strong><em>Internet de las cosas<\/em><\/strong>, <strong>seguimiento por sat\u00e9lite<\/strong> y <strong>realidad aumentada<\/strong> son solo algunas de las tecnolog\u00edas en las que seguimos invirtiendo para hacer evolucionar nuestra oferta.<\/p>\n\n\n\n<div class=\"wp-block-group index\"><div class=\"wp-block-group__inner-container is-layout-flow wp-block-group-is-layout-flow\">\n<ol class=\"wp-block-list\">\n<li><strong><a href=\"#water-cycle-control-technologies\">Tecnolog\u00edas para controlar el ciclo del agua<\/a><\/strong><\/li>\n\n\n\n<li><strong><a href=\"#data-management-solutions\">Soluciones de gesti\u00f3n de datos<\/a><\/strong><\/li>\n\n\n\n<li><strong><a href=\"#on-field-workforce-management\">Gesti\u00f3n de las intervenciones sobre el terreno<\/a><\/strong><\/li>\n<\/ol>\n<\/div><\/div>\n\n\n\n<div style=\"height:32px\" aria-hidden=\"true\" class=\"wp-block-spacer\"><\/div>\n\n\n\n<div id=\"water-cycle-control-technologies\" class=\"wp-block-group\"><div class=\"wp-block-group__inner-container is-layout-flow wp-block-group-is-layout-flow\">\n<h3 class=\"wp-block-heading\"><strong>Tecnolog\u00edas para controlar el ciclo del agua<\/strong><br>&nbsp;<\/h3>\n\n\n<div class=\"wp-block-image\">\n<figure class=\"alignleft size-full\"><img loading=\"lazy\" decoding=\"async\" width=\"300\" height=\"78\" src=\"https:\/\/www.fiorentini-iberia.com\/wp-content\/uploads\/2023\/12\/Fast_Logo.png\" alt=\"\" class=\"wp-image-29337\"\/><\/figure>\n<\/div>\n\n\n<p>Fast ofrece conocimientos t\u00e9cnicos y tecnolog\u00edas inteligentes para el control completo de las redes de agua y de cada etapa del proceso: <em>hardware <\/em>para la regulaci\u00f3n del caudal y la presi\u00f3n de las redes y <em>software <\/em>desarrollado para la gesti\u00f3n remota mediante tecnolog\u00eda IoT y sistemas de an\u00e1lisis de datos.<\/p>\n\n\n\n<p>Los <strong>productos y servicios est\u00e1n perfectamente integrados<\/strong>, mejorando el rendimiento y la eficacia en diferentes contextos de servicio: agua, alcantarillado, depuraci\u00f3n, etc.<\/p>\n\n\n\n<p>Las soluciones que ofrece FAST integran funciones de control remoto y automatizaci\u00f3n, creando <strong>un sistema de gesti\u00f3n eficaz que contribuye a mejorar el servicio y a reducir el consumo y los costes de explotaci\u00f3n<\/strong>.<\/p>\n\n\n\n<p><strong><a href=\"https:\/\/www.fiorentini-iberia.com\/es\/category\/soluciones\/productos\/medicion-de-agua\/digitalizacion-de-la-red\/\">Descubra aqu\u00ed las soluciones FAST<\/a><\/strong> para la gesti\u00f3n de redes de abastecimiento del agua.<\/p>\n\n\n\n<p>Para m\u00e1s informaci\u00f3n, visita <a href=\"https:\/\/www.fastonline.it\/it\" target=\"_blank\" rel=\"noreferrer noopener\">fastonline.co.uk<\/a><\/p>\n\n\n\n<div style=\"height:32px\" aria-hidden=\"true\" class=\"wp-block-spacer\"><\/div>\n\n\n\n<figure class=\"wp-block-image size-full\"><img loading=\"lazy\" decoding=\"async\" width=\"1024\" height=\"678\" src=\"https:\/\/www.fiorentini-iberia.com\/wp-content\/uploads\/2023\/12\/Fast_plant-1024x678-1.png\" alt=\"\" class=\"wp-image-29334\" srcset=\"https:\/\/fiorentini-iberia.com\/wp-content\/uploads\/2023\/12\/Fast_plant-1024x678-1.png 1024w, https:\/\/fiorentini-iberia.com\/wp-content\/uploads\/2023\/12\/Fast_plant-1024x678-1-300x199.png 300w, https:\/\/fiorentini-iberia.com\/wp-content\/uploads\/2023\/12\/Fast_plant-1024x678-1-768x509.png 768w\" sizes=\"auto, (max-width: 1024px) 100vw, 1024px\" \/><\/figure>\n<\/div><\/div>\n\n\n\n<div style=\"height:32px\" aria-hidden=\"true\" class=\"wp-block-spacer\"><\/div>\n\n\n\n<div id=\"data-management-solutions\" class=\"wp-block-group\"><div class=\"wp-block-group__inner-container is-layout-flow wp-block-group-is-layout-flow\">\n<h3 class=\"wp-block-heading\"><strong>Soluciones de gesti\u00f3n de datos<\/strong><br>&nbsp;<\/h3>\n\n\n<div class=\"wp-block-image\">\n<figure class=\"alignleft size-full is-resized\"><img loading=\"lazy\" decoding=\"async\" width=\"1024\" height=\"329\" src=\"https:\/\/www.fiorentini-iberia.com\/wp-content\/uploads\/2023\/12\/Terranova-CMYK-01-1-1024x329-1.png\" alt=\"\" class=\"wp-image-29331\" style=\"width:400px\" srcset=\"https:\/\/fiorentini-iberia.com\/wp-content\/uploads\/2023\/12\/Terranova-CMYK-01-1-1024x329-1.png 1024w, https:\/\/fiorentini-iberia.com\/wp-content\/uploads\/2023\/12\/Terranova-CMYK-01-1-1024x329-1-300x96.png 300w, https:\/\/fiorentini-iberia.com\/wp-content\/uploads\/2023\/12\/Terranova-CMYK-01-1-1024x329-1-768x247.png 768w\" sizes=\"auto, (max-width: 1024px) 100vw, 1024px\" \/><\/figure>\n<\/div>\n\n\n<p>Terranova es uno de los <strong>principales desarrolladores de software <\/strong>para los sectores del agua, el gas y la electricidad. Bas\u00e1ndose en su experiencia en <strong>medici\u00f3n inteligente, gesti\u00f3n de operaciones <\/strong>y <strong>gesti\u00f3n de redes inteligentes<\/strong>, la empresa ofrece una amplia gama de <strong>software dise\u00f1ado espec\u00edficamente para satisfacer las necesidades m\u00e1s complejas <\/strong>del sector de los servicios p\u00fablicos.<\/p>\n\n\n\n<p><strong>TAMM <\/strong>es un software multiservicio dise\u00f1ado para automatizar los procesos de telemedida y telegesti\u00f3n de contadores de agua (o electricidad o gas). La aplicaci\u00f3n TAMM est\u00e1 dise\u00f1ada para <strong>ayudar a las empresas de distribuci\u00f3n en los procesos de medida y gesti\u00f3n a distancia<\/strong>, de conformidad con las normas de funcionamiento, eficiencia y seguridad aplicables a los distintos contextos (industrial, comercial y residencial).<\/p>\n\n\n\n<p>Para m\u00e1s informaci\u00f3n, visita <a href=\"https:\/\/www.terranovasoftware.eu\/it\" target=\"_blank\" rel=\"noreferrer noopener\">terranovasoftware.eu<\/a><\/p>\n\n\n\n<div style=\"height:32px\" aria-hidden=\"true\" class=\"wp-block-spacer\"><\/div>\n\n\n\n<figure class=\"wp-block-image size-full\"><img loading=\"lazy\" decoding=\"async\" width=\"747\" height=\"665\" src=\"https:\/\/www.fiorentini-iberia.com\/wp-content\/uploads\/2023\/12\/Terranova_watermetering.png\" alt=\"\" class=\"wp-image-29327\" srcset=\"https:\/\/fiorentini-iberia.com\/wp-content\/uploads\/2023\/12\/Terranova_watermetering.png 747w, https:\/\/fiorentini-iberia.com\/wp-content\/uploads\/2023\/12\/Terranova_watermetering-300x267.png 300w\" sizes=\"auto, (max-width: 747px) 100vw, 747px\" \/><\/figure>\n<\/div><\/div>\n\n\n\n<div style=\"height:32px\" aria-hidden=\"true\" class=\"wp-block-spacer\"><\/div>\n\n\n\n<div id=\"on-field-workforce-management\" class=\"wp-block-group\"><div class=\"wp-block-group__inner-container is-layout-flow wp-block-group-is-layout-flow\">\n<h3 class=\"wp-block-heading\"><strong>Gesti\u00f3n de las intervenciones sobre el terreno<\/strong><br>&nbsp;<\/h3>\n\n\n<div class=\"wp-block-image\">\n<figure class=\"alignleft size-full\"><img loading=\"lazy\" decoding=\"async\" width=\"300\" height=\"87\" src=\"https:\/\/www.fiorentini-iberia.com\/wp-content\/uploads\/2023\/12\/Logo-Arcoda-300x87-1.png\" alt=\"\" class=\"wp-image-29324\"\/><\/figure>\n<\/div>\n\n\n<p>Arcoda forma parte del <strong>Grupo Terranova <\/strong>y desarrolla soluciones punteras de <strong>gesti\u00f3n de personal para el territorio<\/strong>. La oferta de Arcoda abarca desde el <strong>seguimiento por sat\u00e9lite <\/strong>hasta aplicaciones de <strong>realidad aumentada<\/strong> de \u00faltima generaci\u00f3n: el alto nivel de innovaci\u00f3n que caracteriza a cada soluci\u00f3n convierte a Arcoda en el socio perfecto para <strong>las principales empresas del mundo<\/strong>.<\/p>\n\n\n\n<p>Para m\u00e1s informaci\u00f3n, visita <a href=\"https:\/\/www.arcoda.it\/ws\/it\/index.html\" target=\"_blank\" rel=\"noreferrer noopener\">arcoda.es<\/a><\/p>\n\n\n\n<div style=\"height:32px\" aria-hidden=\"true\" class=\"wp-block-spacer\"><\/div>\n\n\n\n<figure class=\"wp-block-image size-full\"><img loading=\"lazy\" decoding=\"async\" width=\"1002\" height=\"454\" src=\"https:\/\/www.fiorentini-iberia.com\/wp-content\/uploads\/2023\/12\/arcoda_tracking.jpg\" alt=\"\" class=\"wp-image-29321\" srcset=\"https:\/\/fiorentini-iberia.com\/wp-content\/uploads\/2023\/12\/arcoda_tracking.jpg 1002w, https:\/\/fiorentini-iberia.com\/wp-content\/uploads\/2023\/12\/arcoda_tracking-300x136.jpg 300w, https:\/\/fiorentini-iberia.com\/wp-content\/uploads\/2023\/12\/arcoda_tracking-768x348.jpg 768w\" sizes=\"auto, (max-width: 1002px) 100vw, 1002px\" \/><\/figure>\n<\/div><\/div>\n","protected":false},"excerpt":{"rendered":"<p>Desarrollamos soluciones para el mundo del agua que nos permitan ofrecer un servicio completo e integrado de hardware y software a nuestros clientes. IoT, seguimiento por sat\u00e9lite y realidad aumentada son solo algunas de las tecnolog\u00edas en las que estamos invirtiendo para hacer evolucionar nuestra oferta.<\/p>\n","protected":false},"author":15,"featured_media":56715,"parent":48341,"menu_order":1,"comment_status":"closed","ping_status":"closed","template":"template-expertise-post.php","meta":{"_acf_changed":false,"inline_featured_image":false,"footnotes":""},"class_list":["post-48349","page","type-page","status-publish","has-post-thumbnail","hentry"],"acf":[],"yoast_head":"<!-- This site is optimized with the Yoast SEO plugin v27.2 - https:\/\/yoast.com\/product\/yoast-seo-wordpress\/ -->\n<title>Las soluciones de monitorizaci\u00f3n y control del Grupo PF - Pietro Fiorentini Iberia<\/title>\n<meta name=\"description\" content=\"Dentro del Grupo Pietro Fiorentini existen varias empresas que desarrollan soluciones para el mundo del agua.\" \/>\n<meta name=\"robots\" content=\"index, follow, max-snippet:-1, max-image-preview:large, max-video-preview:-1\" \/>\n<link rel=\"canonical\" href=\"https:\/\/fiorentini-iberia.com\/es\/experiencia\/agua\/las-soluciones-de-control-y-supervision-del-grupo-pf\/\" \/>\n<meta property=\"og:locale\" content=\"es_ES\" \/>\n<meta property=\"og:type\" content=\"article\" \/>\n<meta property=\"og:title\" content=\"Las soluciones de monitorizaci\u00f3n y control del Grupo PF - Pietro Fiorentini Iberia\" \/>\n<meta property=\"og:description\" content=\"Dentro del Grupo Pietro Fiorentini existen varias empresas que desarrollan soluciones para el mundo del agua.\" \/>\n<meta property=\"og:url\" content=\"https:\/\/fiorentini-iberia.com\/es\/experiencia\/agua\/las-soluciones-de-control-y-supervision-del-grupo-pf\/\" \/>\n<meta property=\"og:site_name\" content=\"Pietro Fiorentini Iberia\" \/>\n<meta property=\"article:modified_time\" content=\"2025-02-05T10:35:06+00:00\" \/>\n<meta property=\"og:image\" content=\"https:\/\/www.fiorentini-iberia.com\/wp-content\/uploads\/2024\/10\/WATER_drop_visual-new-a.jpg\" \/>\n\t<meta property=\"og:image:width\" content=\"614\" \/>\n\t<meta property=\"og:image:height\" content=\"614\" \/>\n\t<meta property=\"og:image:type\" content=\"image\/jpeg\" \/>\n<meta name=\"twitter:card\" content=\"summary_large_image\" \/>\n<meta name=\"twitter:site\" content=\"@FiorentiniSpa\" \/>\n<meta name=\"twitter:label1\" content=\"Tiempo de lectura\" \/>\n\t<meta name=\"twitter:data1\" content=\"4 minutos\" \/>\n<script type=\"application\/ld+json\" class=\"yoast-schema-graph\">{\"@context\":\"https:\/\/schema.org\",\"@graph\":[{\"@type\":\"WebPage\",\"@id\":\"https:\/\/fiorentini-iberia.com\/es\/experiencia\/agua\/las-soluciones-de-control-y-supervision-del-grupo-pf\/\",\"url\":\"https:\/\/fiorentini-iberia.com\/es\/experiencia\/agua\/las-soluciones-de-control-y-supervision-del-grupo-pf\/\",\"name\":\"Las soluciones de monitorizaci\u00f3n y control del Grupo PF - Pietro Fiorentini Iberia\",\"isPartOf\":{\"@id\":\"https:\/\/www.fiorentini-iberia.com\/es\/#website\"},\"primaryImageOfPage\":{\"@id\":\"https:\/\/fiorentini-iberia.com\/es\/experiencia\/agua\/las-soluciones-de-control-y-supervision-del-grupo-pf\/#primaryimage\"},\"image\":{\"@id\":\"https:\/\/fiorentini-iberia.com\/es\/experiencia\/agua\/las-soluciones-de-control-y-supervision-del-grupo-pf\/#primaryimage\"},\"thumbnailUrl\":\"https:\/\/fiorentini-iberia.com\/wp-content\/uploads\/2024\/10\/WATER_drop_visual-new-a.jpg\",\"datePublished\":\"2023-12-13T13:30:34+00:00\",\"dateModified\":\"2025-02-05T10:35:06+00:00\",\"description\":\"Dentro del Grupo Pietro Fiorentini existen varias empresas que desarrollan soluciones para el mundo del agua.\",\"breadcrumb\":{\"@id\":\"https:\/\/fiorentini-iberia.com\/es\/experiencia\/agua\/las-soluciones-de-control-y-supervision-del-grupo-pf\/#breadcrumb\"},\"inLanguage\":\"es\",\"potentialAction\":[{\"@type\":\"ReadAction\",\"target\":[\"https:\/\/fiorentini-iberia.com\/es\/experiencia\/agua\/las-soluciones-de-control-y-supervision-del-grupo-pf\/\"]}]},{\"@type\":\"ImageObject\",\"inLanguage\":\"es\",\"@id\":\"https:\/\/fiorentini-iberia.com\/es\/experiencia\/agua\/las-soluciones-de-control-y-supervision-del-grupo-pf\/#primaryimage\",\"url\":\"https:\/\/fiorentini-iberia.com\/wp-content\/uploads\/2024\/10\/WATER_drop_visual-new-a.jpg\",\"contentUrl\":\"https:\/\/fiorentini-iberia.com\/wp-content\/uploads\/2024\/10\/WATER_drop_visual-new-a.jpg\",\"width\":614,\"height\":614},{\"@type\":\"BreadcrumbList\",\"@id\":\"https:\/\/fiorentini-iberia.com\/es\/experiencia\/agua\/las-soluciones-de-control-y-supervision-del-grupo-pf\/#breadcrumb\",\"itemListElement\":[{\"@type\":\"ListItem\",\"position\":1,\"name\":\"Home\",\"item\":\"https:\/\/www.fiorentini-iberia.com\/es\/\"},{\"@type\":\"ListItem\",\"position\":2,\"name\":\"Experiencia\",\"item\":\"https:\/\/www.fiorentini-iberia.com\/es\/experiencia\/\"},{\"@type\":\"ListItem\",\"position\":3,\"name\":\"Agua\",\"item\":\"https:\/\/www.fiorentini-iberia.com\/es\/experiencia\/agua\/\"},{\"@type\":\"ListItem\",\"position\":4,\"name\":\"Las soluciones de monitorizaci\u00f3n y control del Grupo PF\"}]},{\"@type\":\"WebSite\",\"@id\":\"https:\/\/www.fiorentini-iberia.com\/es\/#website\",\"url\":\"https:\/\/www.fiorentini-iberia.com\/es\/\",\"name\":\"Pietro Fiorentini Iberia\",\"description\":\"Pietro Fiorentini dise\u00f1a y fabrica componentes, sistemas y servicios para la regulaci\u00f3n, medici\u00f3n, gesti\u00f3n de redes de agua, energ\u00edas renovables, petr\u00f3leo y el gas natural, con sistemas adaptados 100% al hidr\u00f3geno.\",\"publisher\":{\"@id\":\"https:\/\/www.fiorentini-iberia.com\/es\/#organization\"},\"potentialAction\":[{\"@type\":\"SearchAction\",\"target\":{\"@type\":\"EntryPoint\",\"urlTemplate\":\"https:\/\/www.fiorentini-iberia.com\/es\/?s={search_term_string}\"},\"query-input\":{\"@type\":\"PropertyValueSpecification\",\"valueRequired\":true,\"valueName\":\"search_term_string\"}}],\"inLanguage\":\"es\"},{\"@type\":\"Organization\",\"@id\":\"https:\/\/www.fiorentini-iberia.com\/es\/#organization\",\"name\":\"Pietro Fiorentini Iberia\",\"url\":\"https:\/\/www.fiorentini-iberia.com\/es\/\",\"logo\":{\"@type\":\"ImageObject\",\"inLanguage\":\"es\",\"@id\":\"https:\/\/www.fiorentini-iberia.com\/es\/#\/schema\/logo\/image\/\",\"url\":\"https:\/\/fiorentini-iberia.com\/wp-content\/uploads\/2020\/11\/logo.svg\",\"contentUrl\":\"https:\/\/fiorentini-iberia.com\/wp-content\/uploads\/2020\/11\/logo.svg\",\"width\":227,\"height\":59,\"caption\":\"Pietro Fiorentini Iberia\"},\"image\":{\"@id\":\"https:\/\/www.fiorentini-iberia.com\/es\/#\/schema\/logo\/image\/\"},\"sameAs\":[\"https:\/\/x.com\/FiorentiniSpa\",\"https:\/\/www.linkedin.com\/company\/pietro-fiorentini-iberia\/\"]}]}<\/script>\n<!-- \/ Yoast SEO plugin. -->","yoast_head_json":{"title":"Las soluciones de monitorizaci\u00f3n y control del Grupo PF - Pietro Fiorentini Iberia","description":"Dentro del Grupo Pietro Fiorentini existen varias empresas que desarrollan soluciones para el mundo del agua.","robots":{"index":"index","follow":"follow","max-snippet":"max-snippet:-1","max-image-preview":"max-image-preview:large","max-video-preview":"max-video-preview:-1"},"canonical":"https:\/\/fiorentini-iberia.com\/es\/experiencia\/agua\/las-soluciones-de-control-y-supervision-del-grupo-pf\/","og_locale":"es_ES","og_type":"article","og_title":"Las soluciones de monitorizaci\u00f3n y control del Grupo PF - Pietro Fiorentini Iberia","og_description":"Dentro del Grupo Pietro Fiorentini existen varias empresas que desarrollan soluciones para el mundo del agua.","og_url":"https:\/\/fiorentini-iberia.com\/es\/experiencia\/agua\/las-soluciones-de-control-y-supervision-del-grupo-pf\/","og_site_name":"Pietro Fiorentini Iberia","article_modified_time":"2025-02-05T10:35:06+00:00","og_image":[{"width":614,"height":614,"url":"https:\/\/www.fiorentini-iberia.com\/wp-content\/uploads\/2024\/10\/WATER_drop_visual-new-a.jpg","type":"image\/jpeg"}],"twitter_card":"summary_large_image","twitter_site":"@FiorentiniSpa","twitter_misc":{"Tiempo de lectura":"4 minutos"},"schema":{"@context":"https:\/\/schema.org","@graph":[{"@type":"WebPage","@id":"https:\/\/fiorentini-iberia.com\/es\/experiencia\/agua\/las-soluciones-de-control-y-supervision-del-grupo-pf\/","url":"https:\/\/fiorentini-iberia.com\/es\/experiencia\/agua\/las-soluciones-de-control-y-supervision-del-grupo-pf\/","name":"Las soluciones de monitorizaci\u00f3n y control del Grupo PF - Pietro Fiorentini Iberia","isPartOf":{"@id":"https:\/\/www.fiorentini-iberia.com\/es\/#website"},"primaryImageOfPage":{"@id":"https:\/\/fiorentini-iberia.com\/es\/experiencia\/agua\/las-soluciones-de-control-y-supervision-del-grupo-pf\/#primaryimage"},"image":{"@id":"https:\/\/fiorentini-iberia.com\/es\/experiencia\/agua\/las-soluciones-de-control-y-supervision-del-grupo-pf\/#primaryimage"},"thumbnailUrl":"https:\/\/fiorentini-iberia.com\/wp-content\/uploads\/2024\/10\/WATER_drop_visual-new-a.jpg","datePublished":"2023-12-13T13:30:34+00:00","dateModified":"2025-02-05T10:35:06+00:00","description":"Dentro del Grupo Pietro Fiorentini existen varias empresas que desarrollan soluciones para el mundo del agua.","breadcrumb":{"@id":"https:\/\/fiorentini-iberia.com\/es\/experiencia\/agua\/las-soluciones-de-control-y-supervision-del-grupo-pf\/#breadcrumb"},"inLanguage":"es","potentialAction":[{"@type":"ReadAction","target":["https:\/\/fiorentini-iberia.com\/es\/experiencia\/agua\/las-soluciones-de-control-y-supervision-del-grupo-pf\/"]}]},{"@type":"ImageObject","inLanguage":"es","@id":"https:\/\/fiorentini-iberia.com\/es\/experiencia\/agua\/las-soluciones-de-control-y-supervision-del-grupo-pf\/#primaryimage","url":"https:\/\/fiorentini-iberia.com\/wp-content\/uploads\/2024\/10\/WATER_drop_visual-new-a.jpg","contentUrl":"https:\/\/fiorentini-iberia.com\/wp-content\/uploads\/2024\/10\/WATER_drop_visual-new-a.jpg","width":614,"height":614},{"@type":"BreadcrumbList","@id":"https:\/\/fiorentini-iberia.com\/es\/experiencia\/agua\/las-soluciones-de-control-y-supervision-del-grupo-pf\/#breadcrumb","itemListElement":[{"@type":"ListItem","position":1,"name":"Home","item":"https:\/\/www.fiorentini-iberia.com\/es\/"},{"@type":"ListItem","position":2,"name":"Experiencia","item":"https:\/\/www.fiorentini-iberia.com\/es\/experiencia\/"},{"@type":"ListItem","position":3,"name":"Agua","item":"https:\/\/www.fiorentini-iberia.com\/es\/experiencia\/agua\/"},{"@type":"ListItem","position":4,"name":"Las soluciones de monitorizaci\u00f3n y control del Grupo PF"}]},{"@type":"WebSite","@id":"https:\/\/www.fiorentini-iberia.com\/es\/#website","url":"https:\/\/www.fiorentini-iberia.com\/es\/","name":"Pietro Fiorentini Iberia","description":"Pietro Fiorentini dise\u00f1a y fabrica componentes, sistemas y servicios para la regulaci\u00f3n, medici\u00f3n, gesti\u00f3n de redes de agua, energ\u00edas renovables, petr\u00f3leo y el gas natural, con sistemas adaptados 100% al hidr\u00f3geno.","publisher":{"@id":"https:\/\/www.fiorentini-iberia.com\/es\/#organization"},"potentialAction":[{"@type":"SearchAction","target":{"@type":"EntryPoint","urlTemplate":"https:\/\/www.fiorentini-iberia.com\/es\/?s={search_term_string}"},"query-input":{"@type":"PropertyValueSpecification","valueRequired":true,"valueName":"search_term_string"}}],"inLanguage":"es"},{"@type":"Organization","@id":"https:\/\/www.fiorentini-iberia.com\/es\/#organization","name":"Pietro Fiorentini Iberia","url":"https:\/\/www.fiorentini-iberia.com\/es\/","logo":{"@type":"ImageObject","inLanguage":"es","@id":"https:\/\/www.fiorentini-iberia.com\/es\/#\/schema\/logo\/image\/","url":"https:\/\/fiorentini-iberia.com\/wp-content\/uploads\/2020\/11\/logo.svg","contentUrl":"https:\/\/fiorentini-iberia.com\/wp-content\/uploads\/2020\/11\/logo.svg","width":227,"height":59,"caption":"Pietro Fiorentini Iberia"},"image":{"@id":"https:\/\/www.fiorentini-iberia.com\/es\/#\/schema\/logo\/image\/"},"sameAs":["https:\/\/x.com\/FiorentiniSpa","https:\/\/www.linkedin.com\/company\/pietro-fiorentini-iberia\/"]}]}},"_links":{"self":[{"href":"https:\/\/fiorentini-iberia.com\/es\/wp-json\/wp\/v2\/pages\/48349","targetHints":{"allow":["GET"]}}],"collection":[{"href":"https:\/\/fiorentini-iberia.com\/es\/wp-json\/wp\/v2\/pages"}],"about":[{"href":"https:\/\/fiorentini-iberia.com\/es\/wp-json\/wp\/v2\/types\/page"}],"author":[{"embeddable":true,"href":"https:\/\/fiorentini-iberia.com\/es\/wp-json\/wp\/v2\/users\/15"}],"replies":[{"embeddable":true,"href":"https:\/\/fiorentini-iberia.com\/es\/wp-json\/wp\/v2\/comments?post=48349"}],"version-history":[{"count":3,"href":"https:\/\/fiorentini-iberia.com\/es\/wp-json\/wp\/v2\/pages\/48349\/revisions"}],"predecessor-version":[{"id":58618,"href":"https:\/\/fiorentini-iberia.com\/es\/wp-json\/wp\/v2\/pages\/48349\/revisions\/58618"}],"up":[{"embeddable":true,"href":"https:\/\/fiorentini-iberia.com\/es\/wp-json\/wp\/v2\/pages\/48341"}],"wp:featuredmedia":[{"embeddable":true,"href":"https:\/\/fiorentini-iberia.com\/es\/wp-json\/wp\/v2\/media\/56715"}],"wp:attachment":[{"href":"https:\/\/fiorentini-iberia.com\/es\/wp-json\/wp\/v2\/media?parent=48349"}],"curies":[{"name":"wp","href":"https:\/\/api.w.org\/{rel}","templated":true}]}}