{"id":48341,"date":"2023-12-11T10:26:47","date_gmt":"2023-12-11T09:26:47","guid":{"rendered":"https:\/\/www.fiorentini-iberia.com\/experiencia\/water\/"},"modified":"2026-02-17T12:55:50","modified_gmt":"2026-02-17T11:55:50","slug":"agua","status":"publish","type":"page","link":"https:\/\/fiorentini-iberia.com\/es\/experiencia\/agua\/","title":{"rendered":"Agua"},"content":{"rendered":"\n<h2 class=\"wp-block-heading\">La evoluci\u00f3n m\u00e1s efectiva en el control de las redes<\/h2>\n\n\n\n<p>Como especialistas en <strong>medici\u00f3n inteligente<\/strong>, nos focalizamos en el sector del agua con un objetivo principal, la <strong>optimizaci\u00f3n de las redes de distribuci\u00f3n<\/strong>.<\/p>\n\n\n\n<p>El <strong>Presidente del Grupo Fiorentini, Cristiano Nardi<\/strong>, nos expone el compromiso de Pietro Fiorentini en la transici\u00f3n natural de la compa\u00f1\u00eda dentro del sector del agua.<br>&nbsp;&nbsp;<\/p>\n\n\n\n<figure><video width=\"700\" controls poster=\"https:\/\/www.fiorentini-iberia.com\/wp-content\/uploads\/2024\/10\/cartela-video.jpg\" src=\"https:\/\/www.fiorentini-iberia.com\/wp-content\/uploads\/2024\/10\/Festival_dellAcqua_2024_-_Cristiano_Nardi_-_Gruppo_Fiorentini-ESP.mp4\"><\/video><\/figure>\n\n\n\n<p class=\"has-text-color has-link-color wp-elements-5984f19254bbceb7d069dfb834753f64\" style=\"color:#069782;font-size:24px\">&nbsp;<br>&nbsp;<br><strong>TECNOLOG\u00cdA ULTRAS\u00d3NICA PARA UN CONTROL ABSOLUTO<\/strong><br>&nbsp;<\/p>\n\n\n\n<figure class=\"wp-block-image size-full\"><img loading=\"lazy\" decoding=\"async\" width=\"970\" height=\"223\" src=\"https:\/\/www.fiorentini-iberia.com\/wp-content\/uploads\/2026\/02\/banner-Aigua-ESP.jpg\" alt=\"\" class=\"wp-image-63243\" srcset=\"https:\/\/fiorentini-iberia.com\/wp-content\/uploads\/2026\/02\/banner-Aigua-ESP.jpg 970w, https:\/\/fiorentini-iberia.com\/wp-content\/uploads\/2026\/02\/banner-Aigua-ESP-300x69.jpg 300w, https:\/\/fiorentini-iberia.com\/wp-content\/uploads\/2026\/02\/banner-Aigua-ESP-768x177.jpg 768w\" sizes=\"auto, (max-width: 970px) 100vw, 970px\" \/><\/figure>\n\n\n\n<p>&nbsp;<br><strong><a href=\"https:\/\/www.fiorentini-iberia.com\/es\/soluciones\/productos\/medicion-de-agua\/contadores-inteligentes-de-agua-ultrasonicos\/ssm-aquo\/\">SSM-AQUO<\/a><\/strong> son los <strong>contadores de agua ultras\u00f3nicos para telelectura de Pietro Fiorentini<\/strong>, que proporcionan todos los datos necesarios para el control del caudal y los consumos de manera precisa y eficiente.<\/p>\n\n\n\n<p>Adem\u00e1s de <strong>proporcionar consumos<\/strong>, tambi\u00e9n monitorizan informaci\u00f3n sobre una eventual <strong>rotura de tuber\u00eda, falta de consumo o flujo inverso<\/strong>, lo que permite deducir una posible fuga.<\/p>\n\n\n\n<p><strong>Procesos automatizados para un control total del flujo de agua mediante telelectura integrada en tiempo real.<\/strong><br>&nbsp;<\/p>\n\n\n\n<p><strong><a href=\"https:\/\/www.fiorentini-iberia.com\/es\/experiencia\/agua\/contadores-de-agua-ultrasonicos-inteligentes\/\">Descubra las ventajas de los contadores de agua ultras\u00f3nicos SSM-AQUO aqu\u00ed<br><\/a><\/strong>&nbsp;<\/p>\n","protected":false},"excerpt":{"rendered":"<p>El agua es un recurso primario, una necesidad b\u00e1sica por la vida, y como tal exige una gesti\u00f3n adecuada desde todos los puntos de vista: tanto institucional como medioambiental y econ\u00f3mico.<br \/>\n\u00a0<\/p>\n<p>El objetivo actual del sector es automatizar el proceso mediante la digitalizaci\u00f3n de las redes de agua, consiguiendo as\u00ed optimizar los recursos y la gesti\u00f3n de datos para optimizar la gesti\u00f3n y reducir al m\u00e1ximo la p\u00e9rdida de agua no contabilizada, sea por escapes o por fraude.<\/p>\n","protected":false},"author":15,"featured_media":34258,"parent":48199,"menu_order":2,"comment_status":"closed","ping_status":"closed","template":"template-expertise-child.php","meta":{"_acf_changed":false,"inline_featured_image":false,"footnotes":""},"class_list":["post-48341","page","type-page","status-publish","has-post-thumbnail","hentry"],"acf":[],"yoast_head":"<!-- This site is optimized with the Yoast SEO plugin v27.2 - https:\/\/yoast.com\/product\/yoast-seo-wordpress\/ -->\n<title>Agua - Pietro Fiorentini Iberia<\/title>\n<meta name=\"description\" content=\"El objetivo es automatizar el proceso mediante la digitalizaci\u00f3n de las redes, consiguiendo as\u00ed optimizar los recursos.\" \/>\n<meta name=\"robots\" content=\"index, follow, max-snippet:-1, max-image-preview:large, max-video-preview:-1\" \/>\n<link rel=\"canonical\" href=\"https:\/\/fiorentini-iberia.com\/es\/experiencia\/agua\/\" \/>\n<meta property=\"og:locale\" content=\"es_ES\" \/>\n<meta property=\"og:type\" content=\"article\" \/>\n<meta property=\"og:title\" content=\"Agua - Pietro Fiorentini Iberia\" \/>\n<meta property=\"og:description\" content=\"El objetivo es automatizar el proceso mediante la digitalizaci\u00f3n de las redes, consiguiendo as\u00ed optimizar los recursos.\" \/>\n<meta property=\"og:url\" content=\"https:\/\/fiorentini-iberia.com\/es\/experiencia\/agua\/\" \/>\n<meta property=\"og:site_name\" content=\"Pietro Fiorentini Iberia\" \/>\n<meta property=\"article:modified_time\" content=\"2026-02-17T11:55:50+00:00\" \/>\n<meta property=\"og:image\" content=\"https:\/\/www.fiorentini-iberia.com\/wp-content\/uploads\/2021\/07\/as_fluid_as_water_quadrata.jpeg\" \/>\n\t<meta property=\"og:image:width\" content=\"991\" \/>\n\t<meta property=\"og:image:height\" content=\"991\" \/>\n\t<meta property=\"og:image:type\" content=\"image\/jpeg\" \/>\n<meta name=\"twitter:card\" content=\"summary_large_image\" \/>\n<meta name=\"twitter:site\" content=\"@FiorentiniSpa\" \/>\n<meta name=\"twitter:label1\" content=\"Tiempo de lectura\" \/>\n\t<meta name=\"twitter:data1\" content=\"2 minutos\" \/>\n<script type=\"application\/ld+json\" class=\"yoast-schema-graph\">{\"@context\":\"https:\/\/schema.org\",\"@graph\":[{\"@type\":\"WebPage\",\"@id\":\"https:\/\/fiorentini-iberia.com\/es\/experiencia\/agua\/\",\"url\":\"https:\/\/fiorentini-iberia.com\/es\/experiencia\/agua\/\",\"name\":\"Agua - Pietro Fiorentini Iberia\",\"isPartOf\":{\"@id\":\"https:\/\/www.fiorentini-iberia.com\/es\/#website\"},\"primaryImageOfPage\":{\"@id\":\"https:\/\/fiorentini-iberia.com\/es\/experiencia\/agua\/#primaryimage\"},\"image\":{\"@id\":\"https:\/\/fiorentini-iberia.com\/es\/experiencia\/agua\/#primaryimage\"},\"thumbnailUrl\":\"https:\/\/fiorentini-iberia.com\/wp-content\/uploads\/2021\/07\/as_fluid_as_water_quadrata.jpeg\",\"datePublished\":\"2023-12-11T09:26:47+00:00\",\"dateModified\":\"2026-02-17T11:55:50+00:00\",\"description\":\"El objetivo es automatizar el proceso mediante la digitalizaci\u00f3n de las redes, consiguiendo as\u00ed optimizar los recursos.\",\"breadcrumb\":{\"@id\":\"https:\/\/fiorentini-iberia.com\/es\/experiencia\/agua\/#breadcrumb\"},\"inLanguage\":\"es\",\"potentialAction\":[{\"@type\":\"ReadAction\",\"target\":[\"https:\/\/fiorentini-iberia.com\/es\/experiencia\/agua\/\"]}]},{\"@type\":\"ImageObject\",\"inLanguage\":\"es\",\"@id\":\"https:\/\/fiorentini-iberia.com\/es\/experiencia\/agua\/#primaryimage\",\"url\":\"https:\/\/fiorentini-iberia.com\/wp-content\/uploads\/2021\/07\/as_fluid_as_water_quadrata.jpeg\",\"contentUrl\":\"https:\/\/fiorentini-iberia.com\/wp-content\/uploads\/2021\/07\/as_fluid_as_water_quadrata.jpeg\",\"width\":991,\"height\":991},{\"@type\":\"BreadcrumbList\",\"@id\":\"https:\/\/fiorentini-iberia.com\/es\/experiencia\/agua\/#breadcrumb\",\"itemListElement\":[{\"@type\":\"ListItem\",\"position\":1,\"name\":\"Home\",\"item\":\"https:\/\/www.fiorentini-iberia.com\/es\/\"},{\"@type\":\"ListItem\",\"position\":2,\"name\":\"Experiencia\",\"item\":\"https:\/\/www.fiorentini-iberia.com\/es\/experiencia\/\"},{\"@type\":\"ListItem\",\"position\":3,\"name\":\"Agua\"}]},{\"@type\":\"WebSite\",\"@id\":\"https:\/\/www.fiorentini-iberia.com\/es\/#website\",\"url\":\"https:\/\/www.fiorentini-iberia.com\/es\/\",\"name\":\"Pietro Fiorentini Iberia\",\"description\":\"Pietro Fiorentini dise\u00f1a y fabrica componentes, sistemas y servicios para la regulaci\u00f3n, medici\u00f3n, gesti\u00f3n de redes de agua, energ\u00edas renovables, petr\u00f3leo y el gas natural, con sistemas adaptados 100% al hidr\u00f3geno.\",\"publisher\":{\"@id\":\"https:\/\/www.fiorentini-iberia.com\/es\/#organization\"},\"potentialAction\":[{\"@type\":\"SearchAction\",\"target\":{\"@type\":\"EntryPoint\",\"urlTemplate\":\"https:\/\/www.fiorentini-iberia.com\/es\/?s={search_term_string}\"},\"query-input\":{\"@type\":\"PropertyValueSpecification\",\"valueRequired\":true,\"valueName\":\"search_term_string\"}}],\"inLanguage\":\"es\"},{\"@type\":\"Organization\",\"@id\":\"https:\/\/www.fiorentini-iberia.com\/es\/#organization\",\"name\":\"Pietro Fiorentini Iberia\",\"url\":\"https:\/\/www.fiorentini-iberia.com\/es\/\",\"logo\":{\"@type\":\"ImageObject\",\"inLanguage\":\"es\",\"@id\":\"https:\/\/www.fiorentini-iberia.com\/es\/#\/schema\/logo\/image\/\",\"url\":\"https:\/\/fiorentini-iberia.com\/wp-content\/uploads\/2020\/11\/logo.svg\",\"contentUrl\":\"https:\/\/fiorentini-iberia.com\/wp-content\/uploads\/2020\/11\/logo.svg\",\"width\":227,\"height\":59,\"caption\":\"Pietro Fiorentini Iberia\"},\"image\":{\"@id\":\"https:\/\/www.fiorentini-iberia.com\/es\/#\/schema\/logo\/image\/\"},\"sameAs\":[\"https:\/\/x.com\/FiorentiniSpa\",\"https:\/\/www.linkedin.com\/company\/pietro-fiorentini-iberia\/\"]}]}<\/script>\n<!-- \/ Yoast SEO plugin. -->","yoast_head_json":{"title":"Agua - Pietro Fiorentini Iberia","description":"El objetivo es automatizar el proceso mediante la digitalizaci\u00f3n de las redes, consiguiendo as\u00ed optimizar los recursos.","robots":{"index":"index","follow":"follow","max-snippet":"max-snippet:-1","max-image-preview":"max-image-preview:large","max-video-preview":"max-video-preview:-1"},"canonical":"https:\/\/fiorentini-iberia.com\/es\/experiencia\/agua\/","og_locale":"es_ES","og_type":"article","og_title":"Agua - Pietro Fiorentini Iberia","og_description":"El objetivo es automatizar el proceso mediante la digitalizaci\u00f3n de las redes, consiguiendo as\u00ed optimizar los recursos.","og_url":"https:\/\/fiorentini-iberia.com\/es\/experiencia\/agua\/","og_site_name":"Pietro Fiorentini Iberia","article_modified_time":"2026-02-17T11:55:50+00:00","og_image":[{"width":991,"height":991,"url":"https:\/\/www.fiorentini-iberia.com\/wp-content\/uploads\/2021\/07\/as_fluid_as_water_quadrata.jpeg","type":"image\/jpeg"}],"twitter_card":"summary_large_image","twitter_site":"@FiorentiniSpa","twitter_misc":{"Tiempo de lectura":"2 minutos"},"schema":{"@context":"https:\/\/schema.org","@graph":[{"@type":"WebPage","@id":"https:\/\/fiorentini-iberia.com\/es\/experiencia\/agua\/","url":"https:\/\/fiorentini-iberia.com\/es\/experiencia\/agua\/","name":"Agua - Pietro Fiorentini Iberia","isPartOf":{"@id":"https:\/\/www.fiorentini-iberia.com\/es\/#website"},"primaryImageOfPage":{"@id":"https:\/\/fiorentini-iberia.com\/es\/experiencia\/agua\/#primaryimage"},"image":{"@id":"https:\/\/fiorentini-iberia.com\/es\/experiencia\/agua\/#primaryimage"},"thumbnailUrl":"https:\/\/fiorentini-iberia.com\/wp-content\/uploads\/2021\/07\/as_fluid_as_water_quadrata.jpeg","datePublished":"2023-12-11T09:26:47+00:00","dateModified":"2026-02-17T11:55:50+00:00","description":"El objetivo es automatizar el proceso mediante la digitalizaci\u00f3n de las redes, consiguiendo as\u00ed optimizar los recursos.","breadcrumb":{"@id":"https:\/\/fiorentini-iberia.com\/es\/experiencia\/agua\/#breadcrumb"},"inLanguage":"es","potentialAction":[{"@type":"ReadAction","target":["https:\/\/fiorentini-iberia.com\/es\/experiencia\/agua\/"]}]},{"@type":"ImageObject","inLanguage":"es","@id":"https:\/\/fiorentini-iberia.com\/es\/experiencia\/agua\/#primaryimage","url":"https:\/\/fiorentini-iberia.com\/wp-content\/uploads\/2021\/07\/as_fluid_as_water_quadrata.jpeg","contentUrl":"https:\/\/fiorentini-iberia.com\/wp-content\/uploads\/2021\/07\/as_fluid_as_water_quadrata.jpeg","width":991,"height":991},{"@type":"BreadcrumbList","@id":"https:\/\/fiorentini-iberia.com\/es\/experiencia\/agua\/#breadcrumb","itemListElement":[{"@type":"ListItem","position":1,"name":"Home","item":"https:\/\/www.fiorentini-iberia.com\/es\/"},{"@type":"ListItem","position":2,"name":"Experiencia","item":"https:\/\/www.fiorentini-iberia.com\/es\/experiencia\/"},{"@type":"ListItem","position":3,"name":"Agua"}]},{"@type":"WebSite","@id":"https:\/\/www.fiorentini-iberia.com\/es\/#website","url":"https:\/\/www.fiorentini-iberia.com\/es\/","name":"Pietro Fiorentini Iberia","description":"Pietro Fiorentini dise\u00f1a y fabrica componentes, sistemas y servicios para la regulaci\u00f3n, medici\u00f3n, gesti\u00f3n de redes de agua, energ\u00edas renovables, petr\u00f3leo y el gas natural, con sistemas adaptados 100% al hidr\u00f3geno.","publisher":{"@id":"https:\/\/www.fiorentini-iberia.com\/es\/#organization"},"potentialAction":[{"@type":"SearchAction","target":{"@type":"EntryPoint","urlTemplate":"https:\/\/www.fiorentini-iberia.com\/es\/?s={search_term_string}"},"query-input":{"@type":"PropertyValueSpecification","valueRequired":true,"valueName":"search_term_string"}}],"inLanguage":"es"},{"@type":"Organization","@id":"https:\/\/www.fiorentini-iberia.com\/es\/#organization","name":"Pietro Fiorentini Iberia","url":"https:\/\/www.fiorentini-iberia.com\/es\/","logo":{"@type":"ImageObject","inLanguage":"es","@id":"https:\/\/www.fiorentini-iberia.com\/es\/#\/schema\/logo\/image\/","url":"https:\/\/fiorentini-iberia.com\/wp-content\/uploads\/2020\/11\/logo.svg","contentUrl":"https:\/\/fiorentini-iberia.com\/wp-content\/uploads\/2020\/11\/logo.svg","width":227,"height":59,"caption":"Pietro Fiorentini Iberia"},"image":{"@id":"https:\/\/www.fiorentini-iberia.com\/es\/#\/schema\/logo\/image\/"},"sameAs":["https:\/\/x.com\/FiorentiniSpa","https:\/\/www.linkedin.com\/company\/pietro-fiorentini-iberia\/"]}]}},"_links":{"self":[{"href":"https:\/\/fiorentini-iberia.com\/es\/wp-json\/wp\/v2\/pages\/48341","targetHints":{"allow":["GET"]}}],"collection":[{"href":"https:\/\/fiorentini-iberia.com\/es\/wp-json\/wp\/v2\/pages"}],"about":[{"href":"https:\/\/fiorentini-iberia.com\/es\/wp-json\/wp\/v2\/types\/page"}],"author":[{"embeddable":true,"href":"https:\/\/fiorentini-iberia.com\/es\/wp-json\/wp\/v2\/users\/15"}],"replies":[{"embeddable":true,"href":"https:\/\/fiorentini-iberia.com\/es\/wp-json\/wp\/v2\/comments?post=48341"}],"version-history":[{"count":3,"href":"https:\/\/fiorentini-iberia.com\/es\/wp-json\/wp\/v2\/pages\/48341\/revisions"}],"predecessor-version":[{"id":63247,"href":"https:\/\/fiorentini-iberia.com\/es\/wp-json\/wp\/v2\/pages\/48341\/revisions\/63247"}],"up":[{"embeddable":true,"href":"https:\/\/fiorentini-iberia.com\/es\/wp-json\/wp\/v2\/pages\/48199"}],"wp:featuredmedia":[{"embeddable":true,"href":"https:\/\/fiorentini-iberia.com\/es\/wp-json\/wp\/v2\/media\/34258"}],"wp:attachment":[{"href":"https:\/\/fiorentini-iberia.com\/es\/wp-json\/wp\/v2\/media?parent=48341"}],"curies":[{"name":"wp","href":"https:\/\/api.w.org\/{rel}","templated":true}]}}