{"id":48329,"date":"2023-12-13T14:29:20","date_gmt":"2023-12-13T13:29:20","guid":{"rendered":"https:\/\/www.fiorentini-iberia.com\/experiencia\/smart-gas-grids\/pietro-fiorentinis-systemic-approach\/"},"modified":"2024-03-14T13:07:28","modified_gmt":"2024-03-14T12:07:28","slug":"el-enfoque-holistico-de-pietro-fiorentini","status":"publish","type":"page","link":"https:\/\/fiorentini-iberia.com\/es\/experiencia\/smart-gas-grids\/el-enfoque-holistico-de-pietro-fiorentini\/","title":{"rendered":"El enfoque hol\u00edstico de Pietro Fiorentini"},"content":{"rendered":"\n<p>La implantaci\u00f3n de las redes inteligentes del futuro requiere el desarrollo continuo de sistemas compatibles con las fuentes renovables y soluciones capaces de interactuar entre s\u00ed.<\/p>\n\n\n\n<p>Ante un escenario tan complejo, Pietro Fiorentini ha optado por adoptar un enfoque hol\u00edstico, es decir, <strong>crear relaciones sencillas que interact\u00faen entre s\u00ed para crear sistemas resilientes<\/strong>.<\/p>\n\n\n\n<div class=\"wp-block-group index\"><div class=\"wp-block-group__inner-container is-layout-flow wp-block-group-is-layout-flow\">\n<ol class=\"wp-block-list\">\n<li><strong><a href=\"#the-4-steps-for-smart-gas-grids-implementation\">Los 4 pasos para la implantaci\u00f3n de redes de gas inteligentes<\/a><\/strong><\/li>\n\n\n\n<li><strong><a href=\"#smart-grids-and-renewable-gases\">Redes inteligentes y gas renovable<\/a><\/strong><\/li>\n\n\n\n<li><strong><a href=\"#life-13-green-gas-network\">LIFE 13 Green Gas Network<\/a><\/strong><\/li>\n<\/ol>\n<\/div><\/div>\n\n\n\n<div style=\"height:32px\" aria-hidden=\"true\" class=\"wp-block-spacer\"><\/div>\n\n\n\n<div id=\"the-4-steps-for-smart-gas-grids-implementation\" class=\"wp-block-group\"><div class=\"wp-block-group__inner-container is-layout-flow wp-block-group-is-layout-flow\">\n<h3 class=\"wp-block-heading\"><strong>Los 4 pasos para la implantaci\u00f3n de redes de gas inteligentes<\/strong><\/h3>\n\n\n\n<p>Seg\u00fan nuestra visi\u00f3n, alcanzar el m\u00e1ximo nivel de implantaci\u00f3n de redes de gas inteligentes requiere cuatro pasos:<\/p>\n\n\n\n<ol class=\"wp-block-list\" style=\"list-style-type:1\">\n<li><strong>Vigilancia generalizada<\/strong>, conseguida mediante la ampliaci\u00f3n de la red de sensores.<\/li>\n\n\n\n<li><strong>Configuraci\u00f3n <\/strong>con l\u00f3gicas de automatizaci\u00f3n local <strong>y control <\/strong>remoto para equilibrar din\u00e1micamente la configuraci\u00f3n de la red.<\/li>\n\n\n\n<li>Mediante la agregaci\u00f3n y el an\u00e1lisis de datos recogidos, <strong>previsiones y acciones de optimizaci\u00f3n <\/strong>utilizando tecnolog\u00edas de inteligencia artificial.<\/li>\n\n\n\n<li>Adopci\u00f3n de <strong>sistemas totalmente aut\u00f3nomos, integrados y resilientes <\/strong>que respondan a la l\u00f3gica de la energ\u00eda y la ciudad inteligentes.<\/li>\n<\/ol>\n\n\n\n<p>Si ya puede decirse que las dos primeras fases han concluido, el compromiso de Pietro Fiorentini se centra ahora en los siguientes pasos. El objetivo final es lograr la plena integraci\u00f3n de las modernas redes de distribuci\u00f3n y transporte de gas en todas sus formas.<\/p>\n<\/div><\/div>\n\n\n\n<div style=\"height:32px\" aria-hidden=\"true\" class=\"wp-block-spacer\"><\/div>\n\n\n\n<div id=\"smart-grids-and-renewable-gases\" class=\"wp-block-group\"><div class=\"wp-block-group__inner-container is-layout-flow wp-block-group-is-layout-flow\">\n<h3 class=\"wp-block-heading\"><strong>Redes inteligentes y gas renovable<\/strong><\/h3>\n\n\n\n<p>Crear redes de distribuci\u00f3n de gas inteligentes y sostenibles significa idear soluciones para gestionar flujos que proceden de fuentes con caracter\u00edsticas diferentes, como el hidr\u00f3geno y el biometano, y que provienen de lugares de producci\u00f3n m\u00faltiples y descentralizados.<\/p>\n\n\n\n<p>El escenario que nos espera es muy complejo y requiere <strong>sistemas capaces de absorber la producci\u00f3n local y mantener el equilibrio y la estructura <\/strong>de toda la red.<\/p>\n\n\n\n<div style=\"height:32px\" aria-hidden=\"true\" class=\"wp-block-spacer\"><\/div>\n\n\n\n<figure class=\"wp-block-image size-full\"><img loading=\"lazy\" decoding=\"async\" width=\"1024\" height=\"576\" src=\"https:\/\/www.fiorentini-iberia.com\/wp-content\/uploads\/2023\/12\/Expertise_SmartGasGrids_2ENG-EXPPAG-1024x576-1.jpg\" alt=\"\" class=\"wp-image-29317\" srcset=\"https:\/\/fiorentini-iberia.com\/wp-content\/uploads\/2023\/12\/Expertise_SmartGasGrids_2ENG-EXPPAG-1024x576-1.jpg 1024w, https:\/\/fiorentini-iberia.com\/wp-content\/uploads\/2023\/12\/Expertise_SmartGasGrids_2ENG-EXPPAG-1024x576-1-300x169.jpg 300w, https:\/\/fiorentini-iberia.com\/wp-content\/uploads\/2023\/12\/Expertise_SmartGasGrids_2ENG-EXPPAG-1024x576-1-768x432.jpg 768w\" sizes=\"auto, (max-width: 1024px) 100vw, 1024px\" \/><\/figure>\n\n\n\n<p class=\"has-text-align-center\"><em><em>Redes inteligentes y gases renovables<\/em><\/em><\/p>\n\n\n\n<div style=\"height:32px\" aria-hidden=\"true\" class=\"wp-block-spacer\"><\/div>\n\n\n\n<p>Con este fin, Pietro Fiorentini ha dise\u00f1ado y desarrollado <a href=\"https:\/\/www.fiorentini-iberia.com\/es\/soluciones\/sistemas\/regulacion-y-medicion-del-gas\/biremi-flujo-inverso\/\" target=\"_blank\" rel=\"noreferrer noopener\"><strong>BiRemi\u2122<\/strong><\/a>, la estaci\u00f3n primaria bidireccional capaz de maximizar la capacidad de la red de distribuci\u00f3n para recibir gas producido a partir de fuentes renovables mediante la reinyecci\u00f3n de cualquier exceso de producci\u00f3n en la red de transporte.<\/p>\n<\/div><\/div>\n\n\n\n<div style=\"height:32px\" aria-hidden=\"true\" class=\"wp-block-spacer\"><\/div>\n\n\n\n<div id=\"life-13-green-gas-network\" class=\"wp-block-group\"><div class=\"wp-block-group__inner-container is-layout-flow wp-block-group-is-layout-flow\">\n<h3 class=\"wp-block-heading\"><strong>LIFE 13 Green Gas Network<\/strong><\/h3>\n\n\n\n<p>Actualmente, Pietro Fiorentini ya es capaz de implantar <strong>automatizaciones que gestionan din\u00e1micamente toda la red<\/strong>. El ejemplo m\u00e1s reciente es el <strong>proyecto LIFE 13 Green Gas Network <\/strong>, realizado en cooperaci\u00f3n con RetiPi\u00f9 y <a href=\"http:\/\/www.terranovasoftware.eu\/\" target=\"_blank\" rel=\"noreferrer noopener\"><strong>Terranova<\/strong><\/a>, empresa l\u00edder en el mercado de Energ\u00eda y Servicios P\u00fablicos y parte del <strong><a href=\"https:\/\/www.fiorentini-iberia.com\/es\/grupo-pietro-fiorentini\/\">Grupo Pietro Fiorentini<\/a><\/strong> desde 2011.<\/p>\n\n\n\n<p>Con el objetivo de resolver el problema de las fugas fisiol\u00f3gicas que se producen en las redes de distribuci\u00f3n de gas natural, se ha desarrollado un<strong> sistema compuesto por un dispositivo f\u00edsico y una infraestructura de software<\/strong>. El dispositivo detecta las tendencias de la presi\u00f3n y reacciona en funci\u00f3n del perfil de modulaci\u00f3n din\u00e1mica desarrollado previamente por un operador del centro de control. El operador puede supervisar la tendencia actual de la presi\u00f3n e intervenir a distancia a trav\u00e9s de la plataforma de software.<\/p>\n\n\n\n<p>El resultado es <strong>una red que se autorregula y adapta las presiones de funcionamiento en funci\u00f3n de las necesidades reales<\/strong>, evitando as\u00ed que se produzcan sobrepresiones y limitando las emisiones derivadas de las p\u00e9rdidas fisiol\u00f3gicas.<\/p>\n\n\n\n<p>El proyecto ha sido <strong>nominado entre los finalistas de la categor\u00eda Climate Change de la edici\u00f3n 2019 de los LIFE Awards<\/strong>, la herramienta con la que la Uni\u00f3n Europea apoya a las organizaciones en sus esfuerzos por proteger el clima y el medioambiente.<\/p>\n\n\n\n<p>Descarga el <a href=\"https:\/\/www.fiorentini.com\/wp-content\/uploads\/2021\/04\/Case-Study_ProgettoLIFE13_ITA.pdf\" target=\"_blank\" rel=\"noreferrer noopener\">estudio de caso del proyecto LIFE 13<\/a>.<\/p>\n<\/div><\/div>\n","protected":false},"excerpt":{"rendered":"<p>El enfoque de Pietro Fiorentini consiste en crear relaciones sencillas que interact\u00faen para crear sistemas resilientes. De hecho, alcanzar el m\u00e1ximo nivel de implantaci\u00f3n de las redes de gas inteligentes tiene como objetivo una integraci\u00f3n completa de las nuevas redes de distribuci\u00f3n y transporte.<\/p>\n","protected":false},"author":15,"featured_media":0,"parent":48321,"menu_order":0,"comment_status":"closed","ping_status":"closed","template":"template-expertise-post.php","meta":{"_acf_changed":false,"inline_featured_image":false,"footnotes":""},"class_list":["post-48329","page","type-page","status-publish","hentry"],"acf":[],"yoast_head":"<!-- This site is optimized with the Yoast SEO plugin v27.2 - https:\/\/yoast.com\/product\/yoast-seo-wordpress\/ -->\n<title>El enfoque hol\u00edstico de Pietro Fiorentini - Pietro Fiorentini Iberia<\/title>\n<meta name=\"description\" content=\"Pietro Fiorentini ha optado por adoptar un enfoque hol\u00edstico, es decir, crear relaciones sencillas que interact\u00faen entre s\u00ed para crear sistemas resilientes.\" \/>\n<meta name=\"robots\" content=\"index, follow, max-snippet:-1, max-image-preview:large, max-video-preview:-1\" \/>\n<link rel=\"canonical\" href=\"https:\/\/fiorentini-iberia.com\/es\/experiencia\/smart-gas-grids\/el-enfoque-holistico-de-pietro-fiorentini\/\" \/>\n<meta property=\"og:locale\" content=\"es_ES\" \/>\n<meta property=\"og:type\" content=\"article\" \/>\n<meta property=\"og:title\" content=\"El enfoque hol\u00edstico de Pietro Fiorentini - Pietro Fiorentini Iberia\" \/>\n<meta property=\"og:description\" content=\"Pietro Fiorentini ha optado por adoptar un enfoque hol\u00edstico, es decir, crear relaciones sencillas que interact\u00faen entre s\u00ed para crear sistemas resilientes.\" \/>\n<meta property=\"og:url\" content=\"https:\/\/fiorentini-iberia.com\/es\/experiencia\/smart-gas-grids\/el-enfoque-holistico-de-pietro-fiorentini\/\" \/>\n<meta property=\"og:site_name\" content=\"Pietro Fiorentini Iberia\" \/>\n<meta property=\"article:modified_time\" content=\"2024-03-14T12:07:28+00:00\" \/>\n<meta property=\"og:image\" content=\"https:\/\/www.fiorentini-iberia.com\/wp-content\/uploads\/2023\/12\/Expertise_SmartGasGrids_2ENG-EXPPAG-1024x576-1.jpg\" \/>\n<meta name=\"twitter:card\" content=\"summary_large_image\" \/>\n<meta name=\"twitter:site\" content=\"@FiorentiniSpa\" \/>\n<meta name=\"twitter:label1\" content=\"Tiempo de lectura\" \/>\n\t<meta name=\"twitter:data1\" content=\"17 minutos\" \/>\n<script type=\"application\/ld+json\" class=\"yoast-schema-graph\">{\"@context\":\"https:\/\/schema.org\",\"@graph\":[{\"@type\":\"WebPage\",\"@id\":\"https:\/\/fiorentini-iberia.com\/es\/experiencia\/smart-gas-grids\/el-enfoque-holistico-de-pietro-fiorentini\/\",\"url\":\"https:\/\/fiorentini-iberia.com\/es\/experiencia\/smart-gas-grids\/el-enfoque-holistico-de-pietro-fiorentini\/\",\"name\":\"El enfoque hol\u00edstico de Pietro Fiorentini - Pietro Fiorentini Iberia\",\"isPartOf\":{\"@id\":\"https:\/\/www.fiorentini-iberia.com\/es\/#website\"},\"primaryImageOfPage\":{\"@id\":\"https:\/\/fiorentini-iberia.com\/es\/experiencia\/smart-gas-grids\/el-enfoque-holistico-de-pietro-fiorentini\/#primaryimage\"},\"image\":{\"@id\":\"https:\/\/fiorentini-iberia.com\/es\/experiencia\/smart-gas-grids\/el-enfoque-holistico-de-pietro-fiorentini\/#primaryimage\"},\"thumbnailUrl\":\"https:\/\/www.fiorentini-iberia.com\/wp-content\/uploads\/2023\/12\/Expertise_SmartGasGrids_2ENG-EXPPAG-1024x576-1.jpg\",\"datePublished\":\"2023-12-13T13:29:20+00:00\",\"dateModified\":\"2024-03-14T12:07:28+00:00\",\"description\":\"Pietro Fiorentini ha optado por adoptar un enfoque hol\u00edstico, es decir, crear relaciones sencillas que interact\u00faen entre s\u00ed para crear sistemas resilientes.\",\"breadcrumb\":{\"@id\":\"https:\/\/fiorentini-iberia.com\/es\/experiencia\/smart-gas-grids\/el-enfoque-holistico-de-pietro-fiorentini\/#breadcrumb\"},\"inLanguage\":\"es\",\"potentialAction\":[{\"@type\":\"ReadAction\",\"target\":[\"https:\/\/fiorentini-iberia.com\/es\/experiencia\/smart-gas-grids\/el-enfoque-holistico-de-pietro-fiorentini\/\"]}]},{\"@type\":\"ImageObject\",\"inLanguage\":\"es\",\"@id\":\"https:\/\/fiorentini-iberia.com\/es\/experiencia\/smart-gas-grids\/el-enfoque-holistico-de-pietro-fiorentini\/#primaryimage\",\"url\":\"https:\/\/www.fiorentini-iberia.com\/wp-content\/uploads\/2023\/12\/Expertise_SmartGasGrids_2ENG-EXPPAG-1024x576-1.jpg\",\"contentUrl\":\"https:\/\/www.fiorentini-iberia.com\/wp-content\/uploads\/2023\/12\/Expertise_SmartGasGrids_2ENG-EXPPAG-1024x576-1.jpg\"},{\"@type\":\"BreadcrumbList\",\"@id\":\"https:\/\/fiorentini-iberia.com\/es\/experiencia\/smart-gas-grids\/el-enfoque-holistico-de-pietro-fiorentini\/#breadcrumb\",\"itemListElement\":[{\"@type\":\"ListItem\",\"position\":1,\"name\":\"Home\",\"item\":\"https:\/\/www.fiorentini-iberia.com\/es\/\"},{\"@type\":\"ListItem\",\"position\":2,\"name\":\"Experiencia\",\"item\":\"https:\/\/www.fiorentini-iberia.com\/es\/experiencia\/\"},{\"@type\":\"ListItem\",\"position\":3,\"name\":\"Redes de gas inteligentes\",\"item\":\"https:\/\/www.fiorentini-iberia.com\/es\/experiencia\/smart-gas-grids\/\"},{\"@type\":\"ListItem\",\"position\":4,\"name\":\"El enfoque hol\u00edstico de Pietro Fiorentini\"}]},{\"@type\":\"WebSite\",\"@id\":\"https:\/\/www.fiorentini-iberia.com\/es\/#website\",\"url\":\"https:\/\/www.fiorentini-iberia.com\/es\/\",\"name\":\"Pietro Fiorentini Iberia\",\"description\":\"Pietro Fiorentini dise\u00f1a y fabrica componentes, sistemas y servicios para la regulaci\u00f3n, medici\u00f3n, gesti\u00f3n de redes de agua, energ\u00edas renovables, petr\u00f3leo y el gas natural, con sistemas adaptados 100% al hidr\u00f3geno.\",\"publisher\":{\"@id\":\"https:\/\/www.fiorentini-iberia.com\/es\/#organization\"},\"potentialAction\":[{\"@type\":\"SearchAction\",\"target\":{\"@type\":\"EntryPoint\",\"urlTemplate\":\"https:\/\/www.fiorentini-iberia.com\/es\/?s={search_term_string}\"},\"query-input\":{\"@type\":\"PropertyValueSpecification\",\"valueRequired\":true,\"valueName\":\"search_term_string\"}}],\"inLanguage\":\"es\"},{\"@type\":\"Organization\",\"@id\":\"https:\/\/www.fiorentini-iberia.com\/es\/#organization\",\"name\":\"Pietro Fiorentini Iberia\",\"url\":\"https:\/\/www.fiorentini-iberia.com\/es\/\",\"logo\":{\"@type\":\"ImageObject\",\"inLanguage\":\"es\",\"@id\":\"https:\/\/www.fiorentini-iberia.com\/es\/#\/schema\/logo\/image\/\",\"url\":\"https:\/\/fiorentini-iberia.com\/wp-content\/uploads\/2020\/11\/logo.svg\",\"contentUrl\":\"https:\/\/fiorentini-iberia.com\/wp-content\/uploads\/2020\/11\/logo.svg\",\"width\":227,\"height\":59,\"caption\":\"Pietro Fiorentini Iberia\"},\"image\":{\"@id\":\"https:\/\/www.fiorentini-iberia.com\/es\/#\/schema\/logo\/image\/\"},\"sameAs\":[\"https:\/\/x.com\/FiorentiniSpa\",\"https:\/\/www.linkedin.com\/company\/pietro-fiorentini-iberia\/\"]}]}<\/script>\n<!-- \/ Yoast SEO plugin. -->","yoast_head_json":{"title":"El enfoque hol\u00edstico de Pietro Fiorentini - Pietro Fiorentini Iberia","description":"Pietro Fiorentini ha optado por adoptar un enfoque hol\u00edstico, es decir, crear relaciones sencillas que interact\u00faen entre s\u00ed para crear sistemas resilientes.","robots":{"index":"index","follow":"follow","max-snippet":"max-snippet:-1","max-image-preview":"max-image-preview:large","max-video-preview":"max-video-preview:-1"},"canonical":"https:\/\/fiorentini-iberia.com\/es\/experiencia\/smart-gas-grids\/el-enfoque-holistico-de-pietro-fiorentini\/","og_locale":"es_ES","og_type":"article","og_title":"El enfoque hol\u00edstico de Pietro Fiorentini - Pietro Fiorentini Iberia","og_description":"Pietro Fiorentini ha optado por adoptar un enfoque hol\u00edstico, es decir, crear relaciones sencillas que interact\u00faen entre s\u00ed para crear sistemas resilientes.","og_url":"https:\/\/fiorentini-iberia.com\/es\/experiencia\/smart-gas-grids\/el-enfoque-holistico-de-pietro-fiorentini\/","og_site_name":"Pietro Fiorentini Iberia","article_modified_time":"2024-03-14T12:07:28+00:00","og_image":[{"url":"https:\/\/www.fiorentini-iberia.com\/wp-content\/uploads\/2023\/12\/Expertise_SmartGasGrids_2ENG-EXPPAG-1024x576-1.jpg","type":"","width":"","height":""}],"twitter_card":"summary_large_image","twitter_site":"@FiorentiniSpa","twitter_misc":{"Tiempo de lectura":"17 minutos"},"schema":{"@context":"https:\/\/schema.org","@graph":[{"@type":"WebPage","@id":"https:\/\/fiorentini-iberia.com\/es\/experiencia\/smart-gas-grids\/el-enfoque-holistico-de-pietro-fiorentini\/","url":"https:\/\/fiorentini-iberia.com\/es\/experiencia\/smart-gas-grids\/el-enfoque-holistico-de-pietro-fiorentini\/","name":"El enfoque hol\u00edstico de Pietro Fiorentini - Pietro Fiorentini Iberia","isPartOf":{"@id":"https:\/\/www.fiorentini-iberia.com\/es\/#website"},"primaryImageOfPage":{"@id":"https:\/\/fiorentini-iberia.com\/es\/experiencia\/smart-gas-grids\/el-enfoque-holistico-de-pietro-fiorentini\/#primaryimage"},"image":{"@id":"https:\/\/fiorentini-iberia.com\/es\/experiencia\/smart-gas-grids\/el-enfoque-holistico-de-pietro-fiorentini\/#primaryimage"},"thumbnailUrl":"https:\/\/www.fiorentini-iberia.com\/wp-content\/uploads\/2023\/12\/Expertise_SmartGasGrids_2ENG-EXPPAG-1024x576-1.jpg","datePublished":"2023-12-13T13:29:20+00:00","dateModified":"2024-03-14T12:07:28+00:00","description":"Pietro Fiorentini ha optado por adoptar un enfoque hol\u00edstico, es decir, crear relaciones sencillas que interact\u00faen entre s\u00ed para crear sistemas resilientes.","breadcrumb":{"@id":"https:\/\/fiorentini-iberia.com\/es\/experiencia\/smart-gas-grids\/el-enfoque-holistico-de-pietro-fiorentini\/#breadcrumb"},"inLanguage":"es","potentialAction":[{"@type":"ReadAction","target":["https:\/\/fiorentini-iberia.com\/es\/experiencia\/smart-gas-grids\/el-enfoque-holistico-de-pietro-fiorentini\/"]}]},{"@type":"ImageObject","inLanguage":"es","@id":"https:\/\/fiorentini-iberia.com\/es\/experiencia\/smart-gas-grids\/el-enfoque-holistico-de-pietro-fiorentini\/#primaryimage","url":"https:\/\/www.fiorentini-iberia.com\/wp-content\/uploads\/2023\/12\/Expertise_SmartGasGrids_2ENG-EXPPAG-1024x576-1.jpg","contentUrl":"https:\/\/www.fiorentini-iberia.com\/wp-content\/uploads\/2023\/12\/Expertise_SmartGasGrids_2ENG-EXPPAG-1024x576-1.jpg"},{"@type":"BreadcrumbList","@id":"https:\/\/fiorentini-iberia.com\/es\/experiencia\/smart-gas-grids\/el-enfoque-holistico-de-pietro-fiorentini\/#breadcrumb","itemListElement":[{"@type":"ListItem","position":1,"name":"Home","item":"https:\/\/www.fiorentini-iberia.com\/es\/"},{"@type":"ListItem","position":2,"name":"Experiencia","item":"https:\/\/www.fiorentini-iberia.com\/es\/experiencia\/"},{"@type":"ListItem","position":3,"name":"Redes de gas inteligentes","item":"https:\/\/www.fiorentini-iberia.com\/es\/experiencia\/smart-gas-grids\/"},{"@type":"ListItem","position":4,"name":"El enfoque hol\u00edstico de Pietro Fiorentini"}]},{"@type":"WebSite","@id":"https:\/\/www.fiorentini-iberia.com\/es\/#website","url":"https:\/\/www.fiorentini-iberia.com\/es\/","name":"Pietro Fiorentini Iberia","description":"Pietro Fiorentini dise\u00f1a y fabrica componentes, sistemas y servicios para la regulaci\u00f3n, medici\u00f3n, gesti\u00f3n de redes de agua, energ\u00edas renovables, petr\u00f3leo y el gas natural, con sistemas adaptados 100% al hidr\u00f3geno.","publisher":{"@id":"https:\/\/www.fiorentini-iberia.com\/es\/#organization"},"potentialAction":[{"@type":"SearchAction","target":{"@type":"EntryPoint","urlTemplate":"https:\/\/www.fiorentini-iberia.com\/es\/?s={search_term_string}"},"query-input":{"@type":"PropertyValueSpecification","valueRequired":true,"valueName":"search_term_string"}}],"inLanguage":"es"},{"@type":"Organization","@id":"https:\/\/www.fiorentini-iberia.com\/es\/#organization","name":"Pietro Fiorentini Iberia","url":"https:\/\/www.fiorentini-iberia.com\/es\/","logo":{"@type":"ImageObject","inLanguage":"es","@id":"https:\/\/www.fiorentini-iberia.com\/es\/#\/schema\/logo\/image\/","url":"https:\/\/fiorentini-iberia.com\/wp-content\/uploads\/2020\/11\/logo.svg","contentUrl":"https:\/\/fiorentini-iberia.com\/wp-content\/uploads\/2020\/11\/logo.svg","width":227,"height":59,"caption":"Pietro Fiorentini Iberia"},"image":{"@id":"https:\/\/www.fiorentini-iberia.com\/es\/#\/schema\/logo\/image\/"},"sameAs":["https:\/\/x.com\/FiorentiniSpa","https:\/\/www.linkedin.com\/company\/pietro-fiorentini-iberia\/"]}]}},"_links":{"self":[{"href":"https:\/\/fiorentini-iberia.com\/es\/wp-json\/wp\/v2\/pages\/48329","targetHints":{"allow":["GET"]}}],"collection":[{"href":"https:\/\/fiorentini-iberia.com\/es\/wp-json\/wp\/v2\/pages"}],"about":[{"href":"https:\/\/fiorentini-iberia.com\/es\/wp-json\/wp\/v2\/types\/page"}],"author":[{"embeddable":true,"href":"https:\/\/fiorentini-iberia.com\/es\/wp-json\/wp\/v2\/users\/15"}],"replies":[{"embeddable":true,"href":"https:\/\/fiorentini-iberia.com\/es\/wp-json\/wp\/v2\/comments?post=48329"}],"version-history":[{"count":3,"href":"https:\/\/fiorentini-iberia.com\/es\/wp-json\/wp\/v2\/pages\/48329\/revisions"}],"predecessor-version":[{"id":48335,"href":"https:\/\/fiorentini-iberia.com\/es\/wp-json\/wp\/v2\/pages\/48329\/revisions\/48335"}],"up":[{"embeddable":true,"href":"https:\/\/fiorentini-iberia.com\/es\/wp-json\/wp\/v2\/pages\/48321"}],"wp:attachment":[{"href":"https:\/\/fiorentini-iberia.com\/es\/wp-json\/wp\/v2\/media?parent=48329"}],"curies":[{"name":"wp","href":"https:\/\/api.w.org\/{rel}","templated":true}]}}