{"id":48321,"date":"2023-12-11T10:28:01","date_gmt":"2023-12-11T09:28:01","guid":{"rendered":"https:\/\/www.fiorentini-iberia.com\/experiencia\/smart-gas-grids\/"},"modified":"2024-06-07T14:58:22","modified_gmt":"2024-06-07T12:58:22","slug":"smart-gas-grids","status":"publish","type":"page","link":"https:\/\/fiorentini-iberia.com\/es\/experiencia\/smart-gas-grids\/","title":{"rendered":"Redes de gas inteligentes"},"content":{"rendered":"\n<h2 class=\"wp-block-heading\"><strong>Redes inteligentes y autorreguladas<\/strong><\/h2>\n\n\n\n<p><strong>Sistemas activos <\/strong>que integran energ\u00edas de distintos tipos y <strong>toman decisiones de forma aut\u00f3noma <\/strong>para optimizar la distribuci\u00f3n de energ\u00eda: las Redes de gas inteligentes son un ambicioso proyecto por el que, en un futuro muy pr\u00f3ximo, la energ\u00eda se distribuir\u00e1 a trav\u00e9s de redes capaces de <strong>gestionar y regular instant\u00e1neamente flujos m\u00faltiples<\/strong>, <strong>discontinuos y bidireccionales<\/strong>.<br>&nbsp;<\/p>\n\n\n\n<figure class=\"wp-block-image size-full is-resized\"><a href=\"https:\/\/www.fiorentini-iberia.com\/es\/grupo-pietro-fiorentini\/companias-y-marcas-grupo-pf\/#terranova\"><img loading=\"lazy\" decoding=\"async\" width=\"391\" height=\"60\" src=\"https:\/\/www.fiorentini-iberia.com\/wp-content\/uploads\/2021\/07\/Terranova-Logo-60px.png\" alt=\"\" class=\"wp-image-16336\" style=\"width:302px;height:auto\" srcset=\"https:\/\/fiorentini-iberia.com\/wp-content\/uploads\/2021\/07\/Terranova-Logo-60px.png 391w, https:\/\/fiorentini-iberia.com\/wp-content\/uploads\/2021\/07\/Terranova-Logo-60px-300x46.png 300w\" sizes=\"auto, (max-width: 391px) 100vw, 391px\" \/><\/a><\/figure>\n\n\n\n<p><strong><a href=\"https:\/\/www.fiorentini-iberia.com\/es\/grupo-pietro-fiorentini\/companias-y-marcas-grupo-pf\/#terranova\">TERRANOVA<\/a><\/strong>, una compa\u00f1\u00eda del <a href=\"https:\/\/www.fiorentini-iberia.com\/es\/grupo-pietro-fiorentini\/companias-y-marcas-grupo-pf\/\"><strong>Grupo<\/strong> <strong>Pietro Fiorentini<\/strong><\/a>, l\u00edder en el desarrollo de software para medici\u00f3n inteligente, operaciones y gesti\u00f3n de redes inteligentes, ofrece una amplia gama de software estudiado ad hoc para responder a las complejas necesidades del sector de los servicios p\u00fablicos.<br>&nbsp;<\/p>\n\n\n\n<figure class=\"wp-block-image size-large is-resized\"><img loading=\"lazy\" decoding=\"async\" width=\"1024\" height=\"324\" src=\"https:\/\/www.fiorentini-iberia.com\/wp-content\/uploads\/2024\/02\/1213_t_tamm-logo-1024x324.png\" alt=\"\" class=\"wp-image-49467\" style=\"width:293px;height:auto\" srcset=\"https:\/\/fiorentini-iberia.com\/wp-content\/uploads\/2024\/02\/1213_t_tamm-logo-1024x324.png 1024w, https:\/\/fiorentini-iberia.com\/wp-content\/uploads\/2024\/02\/1213_t_tamm-logo-300x95.png 300w, https:\/\/fiorentini-iberia.com\/wp-content\/uploads\/2024\/02\/1213_t_tamm-logo-768x243.png 768w, https:\/\/fiorentini-iberia.com\/wp-content\/uploads\/2024\/02\/1213_t_tamm-logo.png 1258w\" sizes=\"auto, (max-width: 1024px) 100vw, 1024px\" \/><\/figure>\n\n\n\n<p><strong>TAMM<\/strong> es un sistema software multiservicio dise\u00f1ado para automatizar los <strong>procesos de telemetr\u00eda<\/strong> y <strong>telegesti\u00f3n<\/strong> de contadores de Gas, Electricidad y Agua en un escenario de <strong>medici\u00f3n inteligente<\/strong>. La aplicaci\u00f3n <strong>TAMM<\/strong> ha sido dise\u00f1ada para dar soporte a las empresas distribuidoras en la gesti\u00f3n de los procesos de telemetr\u00eda y telegesti\u00f3n de grupos de contadores de los servicios suministrados, cumpliendo con los est\u00e1ndares de funcionalidad, eficiencia y seguridad establecidos en los diferentes escenarios de aplicaci\u00f3n: <strong>Industrial, Comercial y Residencial<\/strong>.<\/p>\n\n\n\n<p>Todo ello integrado con la <strong>tecnolog\u00eda Narrow Band Internet of Things (NBIoT)<\/strong>, la tecnolog\u00eda de comunicaci\u00f3n m\u00e1s prometedora para la medici\u00f3n de servicios p\u00fablicos.<br>\u00a0<\/p>\n\n\n\n<div class=\"wp-block-buttons is-layout-flex wp-block-buttons-is-layout-flex\">\n<div class=\"wp-block-button has-custom-font-size is-style-fill\" style=\"font-size:18px\"><a class=\"wp-block-button__link has-background wp-element-button\" href=\"https:\/\/www.fiorentini-iberia.com\/wp-content\/uploads\/2024\/02\/Telegestion-de-redes-TAMM.pdf\" style=\"border-radius:0px;background-color:#199782\" target=\"_blank\" rel=\"noreferrer noopener\"><strong>\u2013 Presentaci\u00f3n TAMM<\/strong><\/a><\/div>\n<\/div>\n\n\n\n<p>&nbsp;<br>Para m\u00e1s informaci\u00f3n:&nbsp;<a href=\"https:\/\/www.terranovasoftware.eu\/en\" target=\"_blank\" rel=\"noreferrer noopener\"><strong>terranovasoftware.eu<\/strong><\/a><\/p>\n","protected":false},"excerpt":{"rendered":"<p>Integrar distintos tipos de energ\u00eda y tomar decisiones aut\u00f3nomas para optimizar su distribuci\u00f3n: las redes inteligentes son un ambicioso proyecto por el que, en un futuro muy pr\u00f3ximo, la energ\u00eda se gestionar\u00e1 a trav\u00e9s de redes capaces de regular instant\u00e1neamente flujos m\u00faltiples, discontinuos y bidireccionales.<\/p>\n","protected":false},"author":15,"featured_media":21413,"parent":48199,"menu_order":5,"comment_status":"closed","ping_status":"closed","template":"template-expertise-child.php","meta":{"_acf_changed":false,"inline_featured_image":false,"footnotes":""},"class_list":["post-48321","page","type-page","status-publish","has-post-thumbnail","hentry"],"acf":[],"yoast_head":"<!-- This site is optimized with the Yoast SEO plugin v27.2 - https:\/\/yoast.com\/product\/yoast-seo-wordpress\/ -->\n<title>Redes de gas inteligentes - Pietro Fiorentini Iberia<\/title>\n<meta name=\"description\" content=\"Sistemas activos que integran energ\u00edas de distintos tipos y toman decisiones de forma aut\u00f3noma para optimizar la distribuci\u00f3n de energ\u00eda.\" \/>\n<meta name=\"robots\" content=\"index, follow, max-snippet:-1, max-image-preview:large, max-video-preview:-1\" \/>\n<link rel=\"canonical\" href=\"https:\/\/fiorentini-iberia.com\/es\/experiencia\/smart-gas-grids\/\" \/>\n<meta property=\"og:locale\" content=\"es_ES\" \/>\n<meta property=\"og:type\" content=\"article\" \/>\n<meta property=\"og:title\" content=\"Redes de gas inteligentes - Pietro Fiorentini Iberia\" \/>\n<meta property=\"og:description\" content=\"Sistemas activos que integran energ\u00edas de distintos tipos y toman decisiones de forma aut\u00f3noma para optimizar la distribuci\u00f3n de energ\u00eda.\" \/>\n<meta property=\"og:url\" content=\"https:\/\/fiorentini-iberia.com\/es\/experiencia\/smart-gas-grids\/\" \/>\n<meta property=\"og:site_name\" content=\"Pietro Fiorentini Iberia\" \/>\n<meta property=\"article:modified_time\" content=\"2024-06-07T12:58:22+00:00\" \/>\n<meta property=\"og:image\" content=\"https:\/\/www.fiorentini-iberia.com\/wp-content\/uploads\/2022\/09\/02_expertise_smartgrids.jpeg\" \/>\n\t<meta property=\"og:image:width\" content=\"991\" \/>\n\t<meta property=\"og:image:height\" content=\"991\" \/>\n\t<meta property=\"og:image:type\" content=\"image\/jpeg\" \/>\n<meta name=\"twitter:card\" content=\"summary_large_image\" \/>\n<meta name=\"twitter:site\" content=\"@FiorentiniSpa\" \/>\n<meta name=\"twitter:label1\" content=\"Tiempo de lectura\" \/>\n\t<meta name=\"twitter:data1\" content=\"2 minutos\" \/>\n<script type=\"application\/ld+json\" class=\"yoast-schema-graph\">{\"@context\":\"https:\/\/schema.org\",\"@graph\":[{\"@type\":\"WebPage\",\"@id\":\"https:\/\/fiorentini-iberia.com\/es\/experiencia\/smart-gas-grids\/\",\"url\":\"https:\/\/fiorentini-iberia.com\/es\/experiencia\/smart-gas-grids\/\",\"name\":\"Redes de gas inteligentes - Pietro Fiorentini Iberia\",\"isPartOf\":{\"@id\":\"https:\/\/www.fiorentini-iberia.com\/es\/#website\"},\"primaryImageOfPage\":{\"@id\":\"https:\/\/fiorentini-iberia.com\/es\/experiencia\/smart-gas-grids\/#primaryimage\"},\"image\":{\"@id\":\"https:\/\/fiorentini-iberia.com\/es\/experiencia\/smart-gas-grids\/#primaryimage\"},\"thumbnailUrl\":\"https:\/\/fiorentini-iberia.com\/wp-content\/uploads\/2022\/09\/02_expertise_smartgrids.jpeg\",\"datePublished\":\"2023-12-11T09:28:01+00:00\",\"dateModified\":\"2024-06-07T12:58:22+00:00\",\"description\":\"Sistemas activos que integran energ\u00edas de distintos tipos y toman decisiones de forma aut\u00f3noma para optimizar la distribuci\u00f3n de energ\u00eda.\",\"breadcrumb\":{\"@id\":\"https:\/\/fiorentini-iberia.com\/es\/experiencia\/smart-gas-grids\/#breadcrumb\"},\"inLanguage\":\"es\",\"potentialAction\":[{\"@type\":\"ReadAction\",\"target\":[\"https:\/\/fiorentini-iberia.com\/es\/experiencia\/smart-gas-grids\/\"]}]},{\"@type\":\"ImageObject\",\"inLanguage\":\"es\",\"@id\":\"https:\/\/fiorentini-iberia.com\/es\/experiencia\/smart-gas-grids\/#primaryimage\",\"url\":\"https:\/\/fiorentini-iberia.com\/wp-content\/uploads\/2022\/09\/02_expertise_smartgrids.jpeg\",\"contentUrl\":\"https:\/\/fiorentini-iberia.com\/wp-content\/uploads\/2022\/09\/02_expertise_smartgrids.jpeg\",\"width\":991,\"height\":991},{\"@type\":\"BreadcrumbList\",\"@id\":\"https:\/\/fiorentini-iberia.com\/es\/experiencia\/smart-gas-grids\/#breadcrumb\",\"itemListElement\":[{\"@type\":\"ListItem\",\"position\":1,\"name\":\"Home\",\"item\":\"https:\/\/www.fiorentini-iberia.com\/es\/\"},{\"@type\":\"ListItem\",\"position\":2,\"name\":\"Experiencia\",\"item\":\"https:\/\/www.fiorentini-iberia.com\/es\/experiencia\/\"},{\"@type\":\"ListItem\",\"position\":3,\"name\":\"Redes de gas inteligentes\"}]},{\"@type\":\"WebSite\",\"@id\":\"https:\/\/www.fiorentini-iberia.com\/es\/#website\",\"url\":\"https:\/\/www.fiorentini-iberia.com\/es\/\",\"name\":\"Pietro Fiorentini Iberia\",\"description\":\"Pietro Fiorentini dise\u00f1a y fabrica componentes, sistemas y servicios para la regulaci\u00f3n, medici\u00f3n, gesti\u00f3n de redes de agua, energ\u00edas renovables, petr\u00f3leo y el gas natural, con sistemas adaptados 100% al hidr\u00f3geno.\",\"publisher\":{\"@id\":\"https:\/\/www.fiorentini-iberia.com\/es\/#organization\"},\"potentialAction\":[{\"@type\":\"SearchAction\",\"target\":{\"@type\":\"EntryPoint\",\"urlTemplate\":\"https:\/\/www.fiorentini-iberia.com\/es\/?s={search_term_string}\"},\"query-input\":{\"@type\":\"PropertyValueSpecification\",\"valueRequired\":true,\"valueName\":\"search_term_string\"}}],\"inLanguage\":\"es\"},{\"@type\":\"Organization\",\"@id\":\"https:\/\/www.fiorentini-iberia.com\/es\/#organization\",\"name\":\"Pietro Fiorentini Iberia\",\"url\":\"https:\/\/www.fiorentini-iberia.com\/es\/\",\"logo\":{\"@type\":\"ImageObject\",\"inLanguage\":\"es\",\"@id\":\"https:\/\/www.fiorentini-iberia.com\/es\/#\/schema\/logo\/image\/\",\"url\":\"https:\/\/fiorentini-iberia.com\/wp-content\/uploads\/2020\/11\/logo.svg\",\"contentUrl\":\"https:\/\/fiorentini-iberia.com\/wp-content\/uploads\/2020\/11\/logo.svg\",\"width\":227,\"height\":59,\"caption\":\"Pietro Fiorentini Iberia\"},\"image\":{\"@id\":\"https:\/\/www.fiorentini-iberia.com\/es\/#\/schema\/logo\/image\/\"},\"sameAs\":[\"https:\/\/x.com\/FiorentiniSpa\",\"https:\/\/www.linkedin.com\/company\/pietro-fiorentini-iberia\/\"]}]}<\/script>\n<!-- \/ Yoast SEO plugin. -->","yoast_head_json":{"title":"Redes de gas inteligentes - Pietro Fiorentini Iberia","description":"Sistemas activos que integran energ\u00edas de distintos tipos y toman decisiones de forma aut\u00f3noma para optimizar la distribuci\u00f3n de energ\u00eda.","robots":{"index":"index","follow":"follow","max-snippet":"max-snippet:-1","max-image-preview":"max-image-preview:large","max-video-preview":"max-video-preview:-1"},"canonical":"https:\/\/fiorentini-iberia.com\/es\/experiencia\/smart-gas-grids\/","og_locale":"es_ES","og_type":"article","og_title":"Redes de gas inteligentes - Pietro Fiorentini Iberia","og_description":"Sistemas activos que integran energ\u00edas de distintos tipos y toman decisiones de forma aut\u00f3noma para optimizar la distribuci\u00f3n de energ\u00eda.","og_url":"https:\/\/fiorentini-iberia.com\/es\/experiencia\/smart-gas-grids\/","og_site_name":"Pietro Fiorentini Iberia","article_modified_time":"2024-06-07T12:58:22+00:00","og_image":[{"width":991,"height":991,"url":"https:\/\/www.fiorentini-iberia.com\/wp-content\/uploads\/2022\/09\/02_expertise_smartgrids.jpeg","type":"image\/jpeg"}],"twitter_card":"summary_large_image","twitter_site":"@FiorentiniSpa","twitter_misc":{"Tiempo de lectura":"2 minutos"},"schema":{"@context":"https:\/\/schema.org","@graph":[{"@type":"WebPage","@id":"https:\/\/fiorentini-iberia.com\/es\/experiencia\/smart-gas-grids\/","url":"https:\/\/fiorentini-iberia.com\/es\/experiencia\/smart-gas-grids\/","name":"Redes de gas inteligentes - Pietro Fiorentini Iberia","isPartOf":{"@id":"https:\/\/www.fiorentini-iberia.com\/es\/#website"},"primaryImageOfPage":{"@id":"https:\/\/fiorentini-iberia.com\/es\/experiencia\/smart-gas-grids\/#primaryimage"},"image":{"@id":"https:\/\/fiorentini-iberia.com\/es\/experiencia\/smart-gas-grids\/#primaryimage"},"thumbnailUrl":"https:\/\/fiorentini-iberia.com\/wp-content\/uploads\/2022\/09\/02_expertise_smartgrids.jpeg","datePublished":"2023-12-11T09:28:01+00:00","dateModified":"2024-06-07T12:58:22+00:00","description":"Sistemas activos que integran energ\u00edas de distintos tipos y toman decisiones de forma aut\u00f3noma para optimizar la distribuci\u00f3n de energ\u00eda.","breadcrumb":{"@id":"https:\/\/fiorentini-iberia.com\/es\/experiencia\/smart-gas-grids\/#breadcrumb"},"inLanguage":"es","potentialAction":[{"@type":"ReadAction","target":["https:\/\/fiorentini-iberia.com\/es\/experiencia\/smart-gas-grids\/"]}]},{"@type":"ImageObject","inLanguage":"es","@id":"https:\/\/fiorentini-iberia.com\/es\/experiencia\/smart-gas-grids\/#primaryimage","url":"https:\/\/fiorentini-iberia.com\/wp-content\/uploads\/2022\/09\/02_expertise_smartgrids.jpeg","contentUrl":"https:\/\/fiorentini-iberia.com\/wp-content\/uploads\/2022\/09\/02_expertise_smartgrids.jpeg","width":991,"height":991},{"@type":"BreadcrumbList","@id":"https:\/\/fiorentini-iberia.com\/es\/experiencia\/smart-gas-grids\/#breadcrumb","itemListElement":[{"@type":"ListItem","position":1,"name":"Home","item":"https:\/\/www.fiorentini-iberia.com\/es\/"},{"@type":"ListItem","position":2,"name":"Experiencia","item":"https:\/\/www.fiorentini-iberia.com\/es\/experiencia\/"},{"@type":"ListItem","position":3,"name":"Redes de gas inteligentes"}]},{"@type":"WebSite","@id":"https:\/\/www.fiorentini-iberia.com\/es\/#website","url":"https:\/\/www.fiorentini-iberia.com\/es\/","name":"Pietro Fiorentini Iberia","description":"Pietro Fiorentini dise\u00f1a y fabrica componentes, sistemas y servicios para la regulaci\u00f3n, medici\u00f3n, gesti\u00f3n de redes de agua, energ\u00edas renovables, petr\u00f3leo y el gas natural, con sistemas adaptados 100% al hidr\u00f3geno.","publisher":{"@id":"https:\/\/www.fiorentini-iberia.com\/es\/#organization"},"potentialAction":[{"@type":"SearchAction","target":{"@type":"EntryPoint","urlTemplate":"https:\/\/www.fiorentini-iberia.com\/es\/?s={search_term_string}"},"query-input":{"@type":"PropertyValueSpecification","valueRequired":true,"valueName":"search_term_string"}}],"inLanguage":"es"},{"@type":"Organization","@id":"https:\/\/www.fiorentini-iberia.com\/es\/#organization","name":"Pietro Fiorentini Iberia","url":"https:\/\/www.fiorentini-iberia.com\/es\/","logo":{"@type":"ImageObject","inLanguage":"es","@id":"https:\/\/www.fiorentini-iberia.com\/es\/#\/schema\/logo\/image\/","url":"https:\/\/fiorentini-iberia.com\/wp-content\/uploads\/2020\/11\/logo.svg","contentUrl":"https:\/\/fiorentini-iberia.com\/wp-content\/uploads\/2020\/11\/logo.svg","width":227,"height":59,"caption":"Pietro Fiorentini Iberia"},"image":{"@id":"https:\/\/www.fiorentini-iberia.com\/es\/#\/schema\/logo\/image\/"},"sameAs":["https:\/\/x.com\/FiorentiniSpa","https:\/\/www.linkedin.com\/company\/pietro-fiorentini-iberia\/"]}]}},"_links":{"self":[{"href":"https:\/\/fiorentini-iberia.com\/es\/wp-json\/wp\/v2\/pages\/48321","targetHints":{"allow":["GET"]}}],"collection":[{"href":"https:\/\/fiorentini-iberia.com\/es\/wp-json\/wp\/v2\/pages"}],"about":[{"href":"https:\/\/fiorentini-iberia.com\/es\/wp-json\/wp\/v2\/types\/page"}],"author":[{"embeddable":true,"href":"https:\/\/fiorentini-iberia.com\/es\/wp-json\/wp\/v2\/users\/15"}],"replies":[{"embeddable":true,"href":"https:\/\/fiorentini-iberia.com\/es\/wp-json\/wp\/v2\/comments?post=48321"}],"version-history":[{"count":3,"href":"https:\/\/fiorentini-iberia.com\/es\/wp-json\/wp\/v2\/pages\/48321\/revisions"}],"predecessor-version":[{"id":54645,"href":"https:\/\/fiorentini-iberia.com\/es\/wp-json\/wp\/v2\/pages\/48321\/revisions\/54645"}],"up":[{"embeddable":true,"href":"https:\/\/fiorentini-iberia.com\/es\/wp-json\/wp\/v2\/pages\/48199"}],"wp:featuredmedia":[{"embeddable":true,"href":"https:\/\/fiorentini-iberia.com\/es\/wp-json\/wp\/v2\/media\/21413"}],"wp:attachment":[{"href":"https:\/\/fiorentini-iberia.com\/es\/wp-json\/wp\/v2\/media?parent=48321"}],"curies":[{"name":"wp","href":"https:\/\/api.w.org\/{rel}","templated":true}]}}