{"id":48314,"date":"2023-12-13T14:28:42","date_gmt":"2023-12-13T13:28:42","guid":{"rendered":"https:\/\/www.fiorentini-iberia.com\/experiencia\/power-to-gas\/successful-projects\/"},"modified":"2024-03-14T11:15:23","modified_gmt":"2024-03-14T10:15:23","slug":"proyectos-de-exito","status":"publish","type":"page","link":"https:\/\/fiorentini-iberia.com\/es\/experiencia\/power-to-gas\/proyectos-de-exito\/","title":{"rendered":"Proyectos de \u00e9xito"},"content":{"rendered":"\n<p>El desarrollo de soluciones de electricidad a gas se inscribe en el proceso de facilitar la transici\u00f3n energ\u00e9tica en el que est\u00e1 comprometido el <strong><a href=\"https:\/\/www.fiorentini-iberia.com\/es\/grupo-pietro-fiorentini\/\">Grupo Pietro Fiorentini<\/a><\/strong>, reforzado por su experiencia en el mundo del gas natural y tambi\u00e9n punto de referencia en investigaci\u00f3n y desarrollo.<\/p>\n\n\n\n<p>Este enfoque orientado a la innovaci\u00f3n se refleja en el desarrollo de <strong>proyectos en Italia y Europa<\/strong>, con soluciones de vanguardia en las que Pietro Fiorentini y las dem\u00e1s empresas del Grupo colaboran sin\u00e9rgicamente.<\/p>\n\n\n\n<div style=\"height:32px\" aria-hidden=\"true\" class=\"wp-block-spacer\"><\/div>\n\n\n\n<div class=\"wp-block-group index\"><div class=\"wp-block-group__inner-container is-layout-flow wp-block-group-is-layout-flow\">\n<ol class=\"wp-block-list\">\n<li><strong><a href=\"#bio-farm-straubing\">Bio FARM (Straubing)<\/a><\/strong><\/li>\n\n\n\n<li><strong><a href=\"#synbios-bologna\">SynBioS (Bolonia)<\/a><\/strong><\/li>\n<\/ol>\n<\/div><\/div>\n\n\n\n<div id=\"bio-farm-straubing\" class=\"wp-block-group\"><div class=\"wp-block-group__inner-container is-layout-flow wp-block-group-is-layout-flow\">\n<h3 class=\"wp-block-heading\"><strong>Bio FARM (Straubing)<\/strong><\/h3>\n\n\n\n<p>El jueves 28 de julio de 2022, en la planta de tratamiento de aguas residuales de Straubing (Alemania), comenzaron las obras de Bio FARM, una planta de investigaci\u00f3n y ensayo de procesos de biometanizaci\u00f3n a partir de diversas fuentes, en particular biog\u00e1s y gas de s\u00edntesis, dise\u00f1ada y construida \u00edntegramente por Pietro Fiorentini y sus filiales <strong><a href=\"https:\/\/www.fiorentini-iberia.com\/es\/grupo-pietro-fiorentini\/companias-y-marcas-grupo-pf\/#micropyros\">MicroPyros<\/a><\/strong>, <strong><a href=\"https:\/\/www.fiorentini-iberia.com\/es\/grupo-pietro-fiorentini\/companias-y-marcas-grupo-pf\/#hyter\">Hyter<\/a><\/strong> y <strong><a href=\"https:\/\/www.fiorentini-iberia.com\/es\/grupo-pietro-fiorentini\/companias-y-marcas-grupo-pf\/#biokomp\">Biokomp<\/a><\/strong>.<\/p>\n\n\n\n<p>As\u00ed pues, el Grupo ser\u00e1 el principal promotor de un sistema <strong>\u00fanico<\/strong> de investigaci\u00f3n y ensayo de biometanizaci\u00f3n <strong>en toda Europa<\/strong>. La instalaci\u00f3n, que estar\u00e1 terminada la pr\u00f3xima primavera, se utilizar\u00e1 para investigar y probar procesos de biometanizaci\u00f3n a partir de diversas fuentes, en particular biog\u00e1s y gas de s\u00edntesis. Una planta en la que ser\u00e1 posible hacer mezclas de gas in situ y depender de la alimentaci\u00f3n directa de biog\u00e1s procedente de los digestores de la planta de tratamiento de aguas residuales.<\/p>\n\n\n\n<p><a href=\"https:\/\/www.fiorentini-iberia.com\/es\/noticias\/micropyros-inaugura-bio-farm\/\">https:\/\/www.fiorentini-iberia.com\/en\/news\/micropyros-inaugurates-bio-farm\/<\/a><br>&nbsp;<\/p>\n\n\n\n<figure class=\"wp-block-image size-full\"><img loading=\"lazy\" decoding=\"async\" width=\"1024\" height=\"576\" src=\"https:\/\/www.fiorentini-iberia.com\/wp-content\/uploads\/2023\/12\/bio-farm-1024x576-1.jpg\" alt=\"\" class=\"wp-image-29313\" srcset=\"https:\/\/fiorentini-iberia.com\/wp-content\/uploads\/2023\/12\/bio-farm-1024x576-1.jpg 1024w, https:\/\/fiorentini-iberia.com\/wp-content\/uploads\/2023\/12\/bio-farm-1024x576-1-300x169.jpg 300w, https:\/\/fiorentini-iberia.com\/wp-content\/uploads\/2023\/12\/bio-farm-1024x576-1-768x432.jpg 768w\" sizes=\"auto, (max-width: 1024px) 100vw, 1024px\" \/><\/figure>\n<\/div><\/div>\n\n\n\n<div style=\"height:32px\" aria-hidden=\"true\" class=\"wp-block-spacer\"><\/div>\n\n\n\n<div id=\"synbios-bologna\" class=\"wp-block-group\"><div class=\"wp-block-group__inner-container is-layout-flow wp-block-group-is-layout-flow\">\n<h3 class=\"wp-block-heading\"><strong>SynBioS<\/strong> (Bolonia)<\/h3>\n\n\n\n<p>El martes 6 de septiembre de 2022, el <a href=\"https:\/\/www.gruppohera.it\/gruppo\"><strong>Grupo Hera<\/strong><\/a><strong> <\/strong>present\u00f3 en primicia en la feria Gastech de Mil\u00e1n la innovadora planta de conversi\u00f3n de electricidad a gas llamada <strong>SynBioS<\/strong> (Syngas Biological Storage), una planta capaz de convertir electricidad renovable y aguas residuales en hidr\u00f3geno verde y, posteriormente, en biometano.<\/p>\n\n\n\n<p>Una instalaci\u00f3n dise\u00f1ada y construida por <strong>Pietro Fiorentini<\/strong>, <strong><a href=\"https:\/\/www.fiorentini-iberia.com\/es\/grupo-pietro-fiorentini\/companias-y-marcas-grupo-pf\/#micropyros\">MicroPyros<\/a><\/strong> y <strong><strong><a href=\"https:\/\/www.fiorentini-iberia.com\/es\/grupo-pietro-fiorentini\/companias-y-marcas-grupo-pf\/#hyter\">Hyter<\/a><\/strong><\/strong> que estar\u00e1 operativa en 2023 en Corticella, en la provincia de Bolonia, donde se encuentra la mayor depuradora del Grupo Hera. En concreto, la planta utilizar\u00e1 aguas residuales y electricidad renovable para producir hidr\u00f3geno y ox\u00edgeno ecol\u00f3gicos. A continuaci\u00f3n, el hidr\u00f3geno se convertir\u00e1 en biometano utilizando el di\u00f3xido de carbono del biog\u00e1s producido por la digesti\u00f3n de los lodos de depuradora. El biometano as\u00ed obtenido puede introducirse en la red de gas de la ciudad sin l\u00edmites de concentraci\u00f3n.<\/p>\n\n\n\n<p><a href=\"https:\/\/www.fiorentini.com\/en\/news\/synbios-power-to-gas-and-multi-business-expertise-to-meet-the-challenge-of-decarbonisation\" target=\"_blank\" rel=\"noreferrer noopener\">https:\/\/www.fiorentini.com\/en\/news\/synbios-power-to-gas-and-multi-business-expertise-to-meet-the-challenge-of-decarbonisation<\/a>\/ <\/p>\n\n\n\n<figure class=\"wp-block-image size-full\"><img loading=\"lazy\" decoding=\"async\" width=\"1024\" height=\"577\" src=\"https:\/\/www.fiorentini-iberia.com\/wp-content\/uploads\/2023\/12\/synbios-bologna-1024x577-1.jpg\" alt=\"\" class=\"wp-image-29310\" srcset=\"https:\/\/fiorentini-iberia.com\/wp-content\/uploads\/2023\/12\/synbios-bologna-1024x577-1.jpg 1024w, https:\/\/fiorentini-iberia.com\/wp-content\/uploads\/2023\/12\/synbios-bologna-1024x577-1-300x169.jpg 300w, https:\/\/fiorentini-iberia.com\/wp-content\/uploads\/2023\/12\/synbios-bologna-1024x577-1-768x433.jpg 768w\" sizes=\"auto, (max-width: 1024px) 100vw, 1024px\" \/><\/figure>\n<\/div><\/div>\n","protected":false},"excerpt":{"rendered":"<p>El compromiso de Pietro Fiorentini con el desarrollo de soluciones de conversi\u00f3n de energ\u00eda a gas se refleja en proyectos de vanguardia en Italia y Europa, que han llevado a la empresa a establecerse como un socio tecnol\u00f3gico fiable en el \u00e1mbito de la transici\u00f3n energ\u00e9tica.<\/p>\n","protected":false},"author":12,"featured_media":0,"parent":48299,"menu_order":0,"comment_status":"closed","ping_status":"closed","template":"template-expertise-post.php","meta":{"_acf_changed":false,"inline_featured_image":false,"footnotes":""},"class_list":["post-48314","page","type-page","status-publish","hentry"],"acf":[],"yoast_head":"<!-- This site is optimized with the Yoast SEO plugin v27.2 - https:\/\/yoast.com\/product\/yoast-seo-wordpress\/ -->\n<title>Proyectos de \u00e9xito - Pietro Fiorentini Iberia<\/title>\n<meta name=\"description\" content=\"El desarrollo de soluciones de electricidad a gas se inscribe en el proceso de facilitar la transici\u00f3n energ\u00e9tica en el que est\u00e1 comprometido el Grupo Pietro Fiorentini.\" \/>\n<meta name=\"robots\" content=\"index, follow, max-snippet:-1, max-image-preview:large, max-video-preview:-1\" \/>\n<link rel=\"canonical\" href=\"https:\/\/fiorentini-iberia.com\/es\/experiencia\/power-to-gas\/proyectos-de-exito\/\" \/>\n<meta property=\"og:locale\" content=\"es_ES\" \/>\n<meta property=\"og:type\" content=\"article\" \/>\n<meta property=\"og:title\" content=\"Proyectos de \u00e9xito - Pietro Fiorentini Iberia\" \/>\n<meta property=\"og:description\" content=\"El desarrollo de soluciones de electricidad a gas se inscribe en el proceso de facilitar la transici\u00f3n energ\u00e9tica en el que est\u00e1 comprometido el Grupo Pietro Fiorentini.\" \/>\n<meta property=\"og:url\" content=\"https:\/\/fiorentini-iberia.com\/es\/experiencia\/power-to-gas\/proyectos-de-exito\/\" \/>\n<meta property=\"og:site_name\" content=\"Pietro Fiorentini Iberia\" \/>\n<meta property=\"article:modified_time\" content=\"2024-03-14T10:15:23+00:00\" \/>\n<meta property=\"og:image\" content=\"https:\/\/www.fiorentini-iberia.com\/wp-content\/uploads\/2023\/12\/bio-farm-1024x576-1.jpg\" \/>\n<meta name=\"twitter:card\" content=\"summary_large_image\" \/>\n<meta name=\"twitter:site\" content=\"@FiorentiniSpa\" \/>\n<meta name=\"twitter:label1\" content=\"Tiempo de lectura\" \/>\n\t<meta name=\"twitter:data1\" content=\"7 minutos\" \/>\n<script type=\"application\/ld+json\" class=\"yoast-schema-graph\">{\"@context\":\"https:\/\/schema.org\",\"@graph\":[{\"@type\":\"WebPage\",\"@id\":\"https:\/\/fiorentini-iberia.com\/es\/experiencia\/power-to-gas\/proyectos-de-exito\/\",\"url\":\"https:\/\/fiorentini-iberia.com\/es\/experiencia\/power-to-gas\/proyectos-de-exito\/\",\"name\":\"Proyectos de \u00e9xito - Pietro Fiorentini Iberia\",\"isPartOf\":{\"@id\":\"https:\/\/www.fiorentini-iberia.com\/es\/#website\"},\"primaryImageOfPage\":{\"@id\":\"https:\/\/fiorentini-iberia.com\/es\/experiencia\/power-to-gas\/proyectos-de-exito\/#primaryimage\"},\"image\":{\"@id\":\"https:\/\/fiorentini-iberia.com\/es\/experiencia\/power-to-gas\/proyectos-de-exito\/#primaryimage\"},\"thumbnailUrl\":\"https:\/\/www.fiorentini-iberia.com\/wp-content\/uploads\/2023\/12\/bio-farm-1024x576-1.jpg\",\"datePublished\":\"2023-12-13T13:28:42+00:00\",\"dateModified\":\"2024-03-14T10:15:23+00:00\",\"description\":\"El desarrollo de soluciones de electricidad a gas se inscribe en el proceso de facilitar la transici\u00f3n energ\u00e9tica en el que est\u00e1 comprometido el Grupo Pietro Fiorentini.\",\"breadcrumb\":{\"@id\":\"https:\/\/fiorentini-iberia.com\/es\/experiencia\/power-to-gas\/proyectos-de-exito\/#breadcrumb\"},\"inLanguage\":\"es\",\"potentialAction\":[{\"@type\":\"ReadAction\",\"target\":[\"https:\/\/fiorentini-iberia.com\/es\/experiencia\/power-to-gas\/proyectos-de-exito\/\"]}]},{\"@type\":\"ImageObject\",\"inLanguage\":\"es\",\"@id\":\"https:\/\/fiorentini-iberia.com\/es\/experiencia\/power-to-gas\/proyectos-de-exito\/#primaryimage\",\"url\":\"https:\/\/www.fiorentini-iberia.com\/wp-content\/uploads\/2023\/12\/bio-farm-1024x576-1.jpg\",\"contentUrl\":\"https:\/\/www.fiorentini-iberia.com\/wp-content\/uploads\/2023\/12\/bio-farm-1024x576-1.jpg\"},{\"@type\":\"BreadcrumbList\",\"@id\":\"https:\/\/fiorentini-iberia.com\/es\/experiencia\/power-to-gas\/proyectos-de-exito\/#breadcrumb\",\"itemListElement\":[{\"@type\":\"ListItem\",\"position\":1,\"name\":\"Home\",\"item\":\"https:\/\/www.fiorentini-iberia.com\/es\/\"},{\"@type\":\"ListItem\",\"position\":2,\"name\":\"Experiencia\",\"item\":\"https:\/\/www.fiorentini-iberia.com\/es\/experiencia\/\"},{\"@type\":\"ListItem\",\"position\":3,\"name\":\"Power-to-gas\",\"item\":\"https:\/\/www.fiorentini-iberia.com\/es\/experiencia\/power-to-gas\/\"},{\"@type\":\"ListItem\",\"position\":4,\"name\":\"Proyectos de \u00e9xito\"}]},{\"@type\":\"WebSite\",\"@id\":\"https:\/\/www.fiorentini-iberia.com\/es\/#website\",\"url\":\"https:\/\/www.fiorentini-iberia.com\/es\/\",\"name\":\"Pietro Fiorentini Iberia\",\"description\":\"Pietro Fiorentini dise\u00f1a y fabrica componentes, sistemas y servicios para la regulaci\u00f3n, medici\u00f3n, gesti\u00f3n de redes de agua, energ\u00edas renovables, petr\u00f3leo y el gas natural, con sistemas adaptados 100% al hidr\u00f3geno.\",\"publisher\":{\"@id\":\"https:\/\/www.fiorentini-iberia.com\/es\/#organization\"},\"potentialAction\":[{\"@type\":\"SearchAction\",\"target\":{\"@type\":\"EntryPoint\",\"urlTemplate\":\"https:\/\/www.fiorentini-iberia.com\/es\/?s={search_term_string}\"},\"query-input\":{\"@type\":\"PropertyValueSpecification\",\"valueRequired\":true,\"valueName\":\"search_term_string\"}}],\"inLanguage\":\"es\"},{\"@type\":\"Organization\",\"@id\":\"https:\/\/www.fiorentini-iberia.com\/es\/#organization\",\"name\":\"Pietro Fiorentini Iberia\",\"url\":\"https:\/\/www.fiorentini-iberia.com\/es\/\",\"logo\":{\"@type\":\"ImageObject\",\"inLanguage\":\"es\",\"@id\":\"https:\/\/www.fiorentini-iberia.com\/es\/#\/schema\/logo\/image\/\",\"url\":\"https:\/\/fiorentini-iberia.com\/wp-content\/uploads\/2020\/11\/logo.svg\",\"contentUrl\":\"https:\/\/fiorentini-iberia.com\/wp-content\/uploads\/2020\/11\/logo.svg\",\"width\":227,\"height\":59,\"caption\":\"Pietro Fiorentini Iberia\"},\"image\":{\"@id\":\"https:\/\/www.fiorentini-iberia.com\/es\/#\/schema\/logo\/image\/\"},\"sameAs\":[\"https:\/\/x.com\/FiorentiniSpa\",\"https:\/\/www.linkedin.com\/company\/pietro-fiorentini-iberia\/\"]}]}<\/script>\n<!-- \/ Yoast SEO plugin. -->","yoast_head_json":{"title":"Proyectos de \u00e9xito - Pietro Fiorentini Iberia","description":"El desarrollo de soluciones de electricidad a gas se inscribe en el proceso de facilitar la transici\u00f3n energ\u00e9tica en el que est\u00e1 comprometido el Grupo Pietro Fiorentini.","robots":{"index":"index","follow":"follow","max-snippet":"max-snippet:-1","max-image-preview":"max-image-preview:large","max-video-preview":"max-video-preview:-1"},"canonical":"https:\/\/fiorentini-iberia.com\/es\/experiencia\/power-to-gas\/proyectos-de-exito\/","og_locale":"es_ES","og_type":"article","og_title":"Proyectos de \u00e9xito - Pietro Fiorentini Iberia","og_description":"El desarrollo de soluciones de electricidad a gas se inscribe en el proceso de facilitar la transici\u00f3n energ\u00e9tica en el que est\u00e1 comprometido el Grupo Pietro Fiorentini.","og_url":"https:\/\/fiorentini-iberia.com\/es\/experiencia\/power-to-gas\/proyectos-de-exito\/","og_site_name":"Pietro Fiorentini Iberia","article_modified_time":"2024-03-14T10:15:23+00:00","og_image":[{"url":"https:\/\/www.fiorentini-iberia.com\/wp-content\/uploads\/2023\/12\/bio-farm-1024x576-1.jpg","type":"","width":"","height":""}],"twitter_card":"summary_large_image","twitter_site":"@FiorentiniSpa","twitter_misc":{"Tiempo de lectura":"7 minutos"},"schema":{"@context":"https:\/\/schema.org","@graph":[{"@type":"WebPage","@id":"https:\/\/fiorentini-iberia.com\/es\/experiencia\/power-to-gas\/proyectos-de-exito\/","url":"https:\/\/fiorentini-iberia.com\/es\/experiencia\/power-to-gas\/proyectos-de-exito\/","name":"Proyectos de \u00e9xito - Pietro Fiorentini Iberia","isPartOf":{"@id":"https:\/\/www.fiorentini-iberia.com\/es\/#website"},"primaryImageOfPage":{"@id":"https:\/\/fiorentini-iberia.com\/es\/experiencia\/power-to-gas\/proyectos-de-exito\/#primaryimage"},"image":{"@id":"https:\/\/fiorentini-iberia.com\/es\/experiencia\/power-to-gas\/proyectos-de-exito\/#primaryimage"},"thumbnailUrl":"https:\/\/www.fiorentini-iberia.com\/wp-content\/uploads\/2023\/12\/bio-farm-1024x576-1.jpg","datePublished":"2023-12-13T13:28:42+00:00","dateModified":"2024-03-14T10:15:23+00:00","description":"El desarrollo de soluciones de electricidad a gas se inscribe en el proceso de facilitar la transici\u00f3n energ\u00e9tica en el que est\u00e1 comprometido el Grupo Pietro Fiorentini.","breadcrumb":{"@id":"https:\/\/fiorentini-iberia.com\/es\/experiencia\/power-to-gas\/proyectos-de-exito\/#breadcrumb"},"inLanguage":"es","potentialAction":[{"@type":"ReadAction","target":["https:\/\/fiorentini-iberia.com\/es\/experiencia\/power-to-gas\/proyectos-de-exito\/"]}]},{"@type":"ImageObject","inLanguage":"es","@id":"https:\/\/fiorentini-iberia.com\/es\/experiencia\/power-to-gas\/proyectos-de-exito\/#primaryimage","url":"https:\/\/www.fiorentini-iberia.com\/wp-content\/uploads\/2023\/12\/bio-farm-1024x576-1.jpg","contentUrl":"https:\/\/www.fiorentini-iberia.com\/wp-content\/uploads\/2023\/12\/bio-farm-1024x576-1.jpg"},{"@type":"BreadcrumbList","@id":"https:\/\/fiorentini-iberia.com\/es\/experiencia\/power-to-gas\/proyectos-de-exito\/#breadcrumb","itemListElement":[{"@type":"ListItem","position":1,"name":"Home","item":"https:\/\/www.fiorentini-iberia.com\/es\/"},{"@type":"ListItem","position":2,"name":"Experiencia","item":"https:\/\/www.fiorentini-iberia.com\/es\/experiencia\/"},{"@type":"ListItem","position":3,"name":"Power-to-gas","item":"https:\/\/www.fiorentini-iberia.com\/es\/experiencia\/power-to-gas\/"},{"@type":"ListItem","position":4,"name":"Proyectos de \u00e9xito"}]},{"@type":"WebSite","@id":"https:\/\/www.fiorentini-iberia.com\/es\/#website","url":"https:\/\/www.fiorentini-iberia.com\/es\/","name":"Pietro Fiorentini Iberia","description":"Pietro Fiorentini dise\u00f1a y fabrica componentes, sistemas y servicios para la regulaci\u00f3n, medici\u00f3n, gesti\u00f3n de redes de agua, energ\u00edas renovables, petr\u00f3leo y el gas natural, con sistemas adaptados 100% al hidr\u00f3geno.","publisher":{"@id":"https:\/\/www.fiorentini-iberia.com\/es\/#organization"},"potentialAction":[{"@type":"SearchAction","target":{"@type":"EntryPoint","urlTemplate":"https:\/\/www.fiorentini-iberia.com\/es\/?s={search_term_string}"},"query-input":{"@type":"PropertyValueSpecification","valueRequired":true,"valueName":"search_term_string"}}],"inLanguage":"es"},{"@type":"Organization","@id":"https:\/\/www.fiorentini-iberia.com\/es\/#organization","name":"Pietro Fiorentini Iberia","url":"https:\/\/www.fiorentini-iberia.com\/es\/","logo":{"@type":"ImageObject","inLanguage":"es","@id":"https:\/\/www.fiorentini-iberia.com\/es\/#\/schema\/logo\/image\/","url":"https:\/\/fiorentini-iberia.com\/wp-content\/uploads\/2020\/11\/logo.svg","contentUrl":"https:\/\/fiorentini-iberia.com\/wp-content\/uploads\/2020\/11\/logo.svg","width":227,"height":59,"caption":"Pietro Fiorentini Iberia"},"image":{"@id":"https:\/\/www.fiorentini-iberia.com\/es\/#\/schema\/logo\/image\/"},"sameAs":["https:\/\/x.com\/FiorentiniSpa","https:\/\/www.linkedin.com\/company\/pietro-fiorentini-iberia\/"]}]}},"_links":{"self":[{"href":"https:\/\/fiorentini-iberia.com\/es\/wp-json\/wp\/v2\/pages\/48314","targetHints":{"allow":["GET"]}}],"collection":[{"href":"https:\/\/fiorentini-iberia.com\/es\/wp-json\/wp\/v2\/pages"}],"about":[{"href":"https:\/\/fiorentini-iberia.com\/es\/wp-json\/wp\/v2\/types\/page"}],"author":[{"embeddable":true,"href":"https:\/\/fiorentini-iberia.com\/es\/wp-json\/wp\/v2\/users\/12"}],"replies":[{"embeddable":true,"href":"https:\/\/fiorentini-iberia.com\/es\/wp-json\/wp\/v2\/comments?post=48314"}],"version-history":[{"count":2,"href":"https:\/\/fiorentini-iberia.com\/es\/wp-json\/wp\/v2\/pages\/48314\/revisions"}],"predecessor-version":[{"id":48320,"href":"https:\/\/fiorentini-iberia.com\/es\/wp-json\/wp\/v2\/pages\/48314\/revisions\/48320"}],"up":[{"embeddable":true,"href":"https:\/\/fiorentini-iberia.com\/es\/wp-json\/wp\/v2\/pages\/48299"}],"wp:attachment":[{"href":"https:\/\/fiorentini-iberia.com\/es\/wp-json\/wp\/v2\/media?parent=48314"}],"curies":[{"name":"wp","href":"https:\/\/api.w.org\/{rel}","templated":true}]}}