{"id":48284,"date":"2023-12-13T14:25:35","date_gmt":"2023-12-13T13:25:35","guid":{"rendered":"https:\/\/www.fiorentini-iberia.com\/experiencia\/hidrogeno\/pf-hydrogen-journey\/"},"modified":"2024-06-07T14:35:31","modified_gmt":"2024-06-07T12:35:31","slug":"el-viaje-del-hidrogeno-pf","status":"publish","type":"page","link":"https:\/\/fiorentini-iberia.com\/es\/experiencia\/hidrogeno\/el-viaje-del-hidrogeno-pf\/","title":{"rendered":"El viaje del hidr\u00f3geno PF"},"content":{"rendered":"\n<h2 class=\"wp-block-heading\"><strong><strong>La contribuci\u00f3n de Pietro Fiorentini a la cadena del hidr\u00f3geno<\/strong><\/strong><\/h2>\n\n\n\n<div style=\"height:32px\" aria-hidden=\"true\" class=\"wp-block-spacer\"><\/div>\n\n\n<div class=\"wp-block-image\">\n<figure class=\"aligncenter size-full\"><img loading=\"lazy\" decoding=\"async\" width=\"1670\" height=\"699\" src=\"https:\/\/www.fiorentini-iberia.com\/wp-content\/uploads\/2023\/12\/RENEWABLES_h2_pipeline_regulator-1.jpg\" alt=\"\" class=\"wp-image-29302\" srcset=\"https:\/\/fiorentini-iberia.com\/wp-content\/uploads\/2023\/12\/RENEWABLES_h2_pipeline_regulator-1.jpg 1670w, https:\/\/fiorentini-iberia.com\/wp-content\/uploads\/2023\/12\/RENEWABLES_h2_pipeline_regulator-1-300x126.jpg 300w, https:\/\/fiorentini-iberia.com\/wp-content\/uploads\/2023\/12\/RENEWABLES_h2_pipeline_regulator-1-1024x429.jpg 1024w, https:\/\/fiorentini-iberia.com\/wp-content\/uploads\/2023\/12\/RENEWABLES_h2_pipeline_regulator-1-768x321.jpg 768w, https:\/\/fiorentini-iberia.com\/wp-content\/uploads\/2023\/12\/RENEWABLES_h2_pipeline_regulator-1-1536x643.jpg 1536w\" sizes=\"auto, (max-width: 1670px) 100vw, 1670px\" \/><\/figure>\n<\/div>\n\n\n<div style=\"height:32px\" aria-hidden=\"true\" class=\"wp-block-spacer\"><\/div>\n\n\n\n<p>Pietro Fiorentini comenz\u00f3 su<em> viaje por el hidr\u00f3geno <\/em>en diciembre de 2018, asistiendo a la conferencia del proyecto <a href=\"https:\/\/www.hy4heat.info\/\" target=\"_blank\" rel=\"noreferrer noopener\">Hy4Heat<\/a> en Londres. El Reino Unido tiene el objetivo declarado de independizarse de los combustibles f\u00f3siles y <strong>lograr cero emisiones netas de gases de efecto invernadero<\/strong> para el 2050. El proyecto Hy4Heat pretende verificar la seguridad y la viabilidad t\u00e9cnico-econ\u00f3mica de sustituir el gas metano por hidr\u00f3geno al 100 % en las redes dom\u00e9sticas e industriales.<\/p>\n\n\n\n<p>El plan se divide en diez paquetes de trabajo, que se asignan a las empresas mediante concursos p\u00fablicos. <strong>Pietro Fiorentini particip\u00f3 en las licitaciones y se le adjudicaron dos paquetes de trabajo<\/strong>: uno para el desarrollo de un contador dom\u00e9stico y otro para el desarrollo de sistemas auxiliares antes del contador (estabilizador de presi\u00f3n, v\u00e1lvula de cierre, v\u00e1lvula de exceso de caudal). Los dos proyectos permitieron a nuestra empresa adquirir conocimientos t\u00e9cnicos y confirmar su presencia en el mercado emergente del hidr\u00f3geno.<\/p>\n\n\n\n<p><a href=\"https:\/\/www.fiorentini.com\/en\/news\/uk-hy4heat-programme-hydrogen-smart-meters-and-components-for-domestic-use-will-be-provided-by-pietro-fiorentini\/\" target=\"_blank\" rel=\"noreferrer noopener\">El programa Hy4Heat del Reino Unido: contadores inteligentes de hidr\u00f3geno y componentes para uso dom\u00e9stico llevar\u00e1 la firma de Pietro Fiorentini.<\/a><\/p>\n\n\n\n<div style=\"height:32px\" aria-hidden=\"true\" class=\"wp-block-spacer\"><\/div>\n\n\n<div class=\"wp-block-image is-resized\">\n<figure class=\"aligncenter size-full\"><img loading=\"lazy\" decoding=\"async\" width=\"951\" height=\"943\" src=\"https:\/\/www.fiorentini-iberia.com\/wp-content\/uploads\/2023\/12\/Expertise_Idrogeno_Contatore2.jpg\" alt=\"\" class=\"wp-image-29306\" srcset=\"https:\/\/fiorentini-iberia.com\/wp-content\/uploads\/2023\/12\/Expertise_Idrogeno_Contatore2.jpg 951w, https:\/\/fiorentini-iberia.com\/wp-content\/uploads\/2023\/12\/Expertise_Idrogeno_Contatore2-300x297.jpg 300w, https:\/\/fiorentini-iberia.com\/wp-content\/uploads\/2023\/12\/Expertise_Idrogeno_Contatore2-150x150.jpg 150w, https:\/\/fiorentini-iberia.com\/wp-content\/uploads\/2023\/12\/Expertise_Idrogeno_Contatore2-768x762.jpg 768w\" sizes=\"auto, (max-width: 951px) 100vw, 951px\" \/><\/figure>\n<\/div>\n\n\n<p class=\"has-text-align-center\"><em><em>El prototipo de contador inteligente de hidr\u00f3geno de Pietro Fiorentini <\/em><\/em><\/p>\n\n\n\n<div style=\"height:32px\" aria-hidden=\"true\" class=\"wp-block-spacer\"><\/div>\n\n\n\n<p>En julio de 2020, Pietro Fiorentini se adjudic\u00f3 otra licitaci\u00f3n en el territorio anglosaj\u00f3n, dentro del proyecto H21 de la ciudad de Leeds, para el suministro de una <strong>estaci\u00f3n de reducci\u00f3n de presi\u00f3n para una l\u00ednea alimentada al 100 % con hidr\u00f3geno<\/strong>, utilizada en el centro de pruebas de Spadeadam.<\/p>\n\n\n\n<p><a href=\"https:\/\/www.h21.green\/about\/\" target=\"_blank\" rel=\"noreferrer noopener\">El proyecto H21 Leeds City Gate<\/a><\/p>\n\n\n\n<p><a href=\"https:\/\/news.sky.com\/story\/fuel-of-the-future-inside-the-uks-first-hydrogen-powered-homes-12287892\" target=\"_blank\" rel=\"noreferrer noopener\">La estaci\u00f3n del proyecto H21<\/a><\/p>\n\n\n\n<p>En Italia, para responder cient\u00edficamente a las demandas del mercado, Pietro Fiorentini trabaja constantemente en la cualificaci\u00f3n de sus productos para su uso con mezclas crecientes de H<sub>2<\/sub>. <strong>Importantes colaboraciones con universidades como el <\/strong><a href=\"https:\/\/polilapp.chem.polimi.it\/\" target=\"_blank\" rel=\"noreferrer noopener\"><strong>PoliMi<\/strong><\/a> para estudiar la compatibilidad de los materiales combinando el estudio bibliogr\u00e1fico con ensayos realizados sobre los materiales en los mejores laboratorios especializados de Europa y en las instalaciones de las empresas.<\/p>\n\n\n\n<p>Desde mayo de 2021, Pietro Fiorentini es miembro de la <a href=\"https:\/\/single-market-economy.ec.europa.eu\/industry\/strategy\/industrial-alliances\/european-clean-hydrogen-alliance_en?prefLang=es\" target=\"_blank\" rel=\"noreferrer noopener\"><strong>European Clean Hydrogen Alliance<\/strong><\/a>, creada por la Direcci\u00f3n General de Mercado Interior, Industria, Emprendimiento y PYME de la Comisi\u00f3n Europea. La Alianza re\u00fane a todas las partes interesadas que desean contribuir al desarrollo de una cadena de suministro de hidr\u00f3geno que pueda ayudar a los Estados miembros de la UE a alcanzar los objetivos de emisi\u00f3n neta cero de gases de efecto invernadero fijados por el <a href=\"https:\/\/commission.europa.eu\/strategy-and-policy\/priorities-2019-2024\/european-green-deal_es\" target=\"_blank\" rel=\"noreferrer noopener\">Pacto Verde<\/a> Europeo. A trav\u00e9s de esta membres\u00eda, Pietro Fiorentini contribuye a las mesas redondas dedicadas a los temas de<strong> producci\u00f3n, transporte y distribuci\u00f3n de hidr\u00f3geno limpio <\/strong>y sus aplicaciones en los sectores industrial y residencial y en energ\u00eda y movilidad.<\/p>\n\n\n\n<p><a href=\"https:\/\/www.fiorentini.com\/en\/news\/pietro-fiorentini-joins-the-european-clean-hydrogen-alliance\/\" target=\"_blank\" rel=\"noreferrer noopener\">Pietro Fiorentini se une a European Clean Hydrogen Alliance<\/a><\/p>\n\n\n\n<p>Adem\u00e1s, Pietro Fiorentini participa activamente en las principales mesas de trabajo italianas y europeas en el \u00e1mbito del hidr\u00f3geno, tales como <a href=\"https:\/\/hydrogeneurope.eu\/\" target=\"_blank\" rel=\"noreferrer noopener\"><strong>Hydrogen Europe<\/strong><\/a>, <a href=\"https:\/\/www.fondazionepolitecnico.it\/progetti\/hydrogen-jrp\/\" target=\"_blank\" rel=\"noreferrer noopener\"><strong>H2IT<\/strong><\/a> y <a href=\"https:\/\/www.fondazionepolitecnico.it\/progetti\/hydrogen-jrp\/\" target=\"_blank\" rel=\"noreferrer noopener\"><strong>Hydrogen Joint Research Platform<\/strong><\/a>. Estas asociaciones pretenden promover el avance del conocimiento y el estudio de disciplinas relacionadas con las tecnolog\u00edas y sistemas de producci\u00f3n y uso del hidr\u00f3geno, abri\u00e9ndose a un di\u00e1logo permanente con las partes interesadas del sector para apoyar a los organismos gubernamentales en la definici\u00f3n de pol\u00edticas que permitan la transici\u00f3n energ\u00e9tica.<\/p>\n\n\n\n<div style=\"height:32px\" aria-hidden=\"true\" class=\"wp-block-spacer\"><\/div>\n\n\n\n<h3 class=\"wp-block-heading\"><strong><strong>En el centro de la experimentaci\u00f3n<\/strong><\/strong><\/h3>\n\n\n\n<p>En los \u00faltimos meses, Pietro Fiorentini ha intensificado su estrategia de colaboraci\u00f3n con los principales centros de ensayo europeos para verificar la idoneidad de sus productos, sobre todo en los aspectos de medici\u00f3n, que en un contexto de mezcla de distintos gases desempe\u00f1ar\u00e1n un papel estrat\u00e9gico.<\/p>\n\n\n\n<p>A pesar de un marco de incertidumbre normativa en el que los organismos certificadores y las empresas est\u00e1n dando los primeros pasos para regular el sector del hidr\u00f3geno, el 11 de julio de 2022 Pietro Fiorentini vio c\u00f3mo su regulador de presi\u00f3n de gas <strong><strong><a href=\"https:\/\/www.fiorentini-iberia.com\/es\/soluciones\/productos\/reguladores-de-gas-de-baja-presion\/lp-accion-directa\/mod-fe\/\"><strong>Mod. FE<\/strong><\/a><\/strong><\/strong> obten\u00eda <strong>la certificaci\u00f3n para el uso de mezclas con hasta un 20 % de hidr\u00f3geno<\/strong>. El organismo de certificaci\u00f3n es <a href=\"https:\/\/www.bureauveritas.it\/\" target=\"_blank\" rel=\"noreferrer noopener\"><strong>Bureau Veritas<\/strong><\/a>, l\u00edder mundial en servicios de inspecci\u00f3n, evaluaci\u00f3n de la conformidad y certificaci\u00f3n.<\/p>\n\n\n\n<p><a href=\"https:\/\/www.fiorentini-iberia.com\/es\/noticias\/el-regulador-fe-de-pietro-fiorentini-certificado-para-hidrogeno-por-bureau-veritas\/\">El regulador Mod.&nbsp; FE di Pietro Fiorentini certificado para hidr\u00f3geno por Bureau Veritas<\/a><\/p>\n\n\n\n<p>El 20 de octubre de 2022 se inaugur\u00f3 el nuevo laboratorio de pruebas de hidr\u00f3geno en la sede de Arcugnano (Vicenza). Se trata de un <strong>centro de innovaci\u00f3n dedicado por completo al estudio de proyectos relacionados con el hidr\u00f3geno <\/strong>y aspira a convertirse en un centro de excelencia para el pa\u00eds.<\/p>\n\n\n\n<p><a href=\"https:\/\/www.fiorentini.com\/en\/expertise\/hydrogen\/pietro-fiorentinis-hydrogen-innovation-lab\/\" target=\"_blank\" rel=\"noreferrer noopener\">Laboratorio H2 de Pietro Fiorentini<\/a><\/p>\n\n\n\n<p>Adem\u00e1s de los experimentos de laboratorio, Pietro Fiorentini tambi\u00e9n participa activamente en los primeros ensayos de campo: es <strong>socio industrial de Inrete Distribuzione energia<\/strong>, empresa del <a href=\"https:\/\/www.gruppohera.it\/\" target=\"_blank\" rel=\"noreferrer noopener\">Grupo Hera<\/a>, en un proyecto que ha supuesto la <strong>introducci\u00f3n del hidr\u00f3geno en una red de distribuci\u00f3n de gas urbano<\/strong> en Castelfranco Emilia (MO). Los productos implicados en este proyecto son el contador <a href=\"https:\/\/www.gruppohera.it\/-\/nexmeter-il-contatore-gas-smart-tra-innovazione-e-sicurezza\" target=\"_blank\" rel=\"noreferrer noopener\"><strong>NexMeter<\/strong><\/a>, el \u00fanico contador del mercado italiano que ya permite medir mezclas de metano e hidr\u00f3geno, y la <strong><a href=\"https:\/\/www.fiorentini-iberia.com\/es\/soluciones\/sistemas\/regulacion-y-medicion-del-gas\/estaciones-de-distribucion\/\">estaci\u00f3n de reducci\u00f3n y medici\u00f3n<\/a><\/strong> en la zona de Castelfranco Emilia, visible en el <a href=\"https:\/\/www.rainews.it\/tgr\/emiliaromagna\/video\/2022\/11\/watchfolder-tgr-emilia-romagna-web-pini-tg-14-castelfranco-idrogenomxf-3bf32904-e5d8-442b-9ea1-43ae4d39e7b9.html?wt_mc=2.www.wzp.rainews24\" target=\"_blank\" rel=\"noreferrer noopener\">servicio del TGR Emilia<\/a> (minuto 0:35).<\/p>\n\n\n\n<p><a href=\"https:\/\/www.fiorentini.com\/en\/news\/hydrogen-for-civil-use-pietro-fiorentini-participates-with-hera-group-in-the-first-italian-experimentation\/\" target=\"_blank\" rel=\"noreferrer noopener\">Hidr\u00f3geno para uso civil: Pietro Fiorentini participa con el Grupo Hera en la primera prueba nacional<\/a><\/p>\n","protected":false},"excerpt":{"rendered":"<p>El hidr\u00f3geno es uno de los grandes protagonistas de la transici\u00f3n energ\u00e9tica y Pietro Fiorentini pretende poner su experiencia al servicio de la sociedad mediante la participaci\u00f3n y el desarrollo de nuevos proyectos en Italia y en el extranjero, la pertenencia a las principales mesas del sector y la realizaci\u00f3n de experimentos para comprobar la idoneidad de los dispositivos.<\/p>\n","protected":false},"author":15,"featured_media":35175,"parent":48274,"menu_order":0,"comment_status":"closed","ping_status":"closed","template":"template-expertise-post.php","meta":{"_acf_changed":false,"inline_featured_image":false,"footnotes":""},"class_list":["post-48284","page","type-page","status-publish","has-post-thumbnail","hentry"],"acf":[],"yoast_head":"<!-- This site is optimized with the Yoast SEO plugin v27.2 - https:\/\/yoast.com\/product\/yoast-seo-wordpress\/ -->\n<title>El viaje del hidr\u00f3geno PF - Pietro Fiorentini Iberia<\/title>\n<meta name=\"description\" content=\"El hidr\u00f3geno es uno de los grandes protagonistas de la transici\u00f3n energ\u00e9tica y Pietro Fiorentini pretende poner su experiencia al servicio de la sociedad.\" \/>\n<meta name=\"robots\" content=\"index, follow, max-snippet:-1, max-image-preview:large, max-video-preview:-1\" \/>\n<link rel=\"canonical\" href=\"https:\/\/fiorentini-iberia.com\/es\/experiencia\/hidrogeno\/el-viaje-del-hidrogeno-pf\/\" \/>\n<meta property=\"og:locale\" content=\"es_ES\" \/>\n<meta property=\"og:type\" content=\"article\" \/>\n<meta property=\"og:title\" content=\"El viaje del hidr\u00f3geno PF - Pietro Fiorentini Iberia\" \/>\n<meta property=\"og:description\" content=\"El hidr\u00f3geno es uno de los grandes protagonistas de la transici\u00f3n energ\u00e9tica y Pietro Fiorentini pretende poner su experiencia al servicio de la sociedad.\" \/>\n<meta property=\"og:url\" content=\"https:\/\/fiorentini-iberia.com\/es\/experiencia\/hidrogeno\/el-viaje-del-hidrogeno-pf\/\" \/>\n<meta property=\"og:site_name\" content=\"Pietro Fiorentini Iberia\" \/>\n<meta property=\"article:modified_time\" content=\"2024-06-07T12:35:31+00:00\" \/>\n<meta property=\"og:image\" content=\"https:\/\/www.fiorentini-iberia.com\/wp-content\/uploads\/2023\/12\/RENEWABLES_h2_pipeline_regulator-1.jpg\" \/>\n\t<meta property=\"og:image:width\" content=\"1670\" \/>\n\t<meta property=\"og:image:height\" content=\"699\" \/>\n\t<meta property=\"og:image:type\" content=\"image\/jpeg\" \/>\n<meta name=\"twitter:card\" content=\"summary_large_image\" \/>\n<meta name=\"twitter:site\" content=\"@FiorentiniSpa\" \/>\n<meta name=\"twitter:label1\" content=\"Tiempo de lectura\" \/>\n\t<meta name=\"twitter:data1\" content=\"5 minutos\" \/>\n<script type=\"application\/ld+json\" class=\"yoast-schema-graph\">{\"@context\":\"https:\/\/schema.org\",\"@graph\":[{\"@type\":\"WebPage\",\"@id\":\"https:\/\/fiorentini-iberia.com\/es\/experiencia\/hidrogeno\/el-viaje-del-hidrogeno-pf\/\",\"url\":\"https:\/\/fiorentini-iberia.com\/es\/experiencia\/hidrogeno\/el-viaje-del-hidrogeno-pf\/\",\"name\":\"El viaje del hidr\u00f3geno PF - Pietro Fiorentini Iberia\",\"isPartOf\":{\"@id\":\"https:\/\/www.fiorentini-iberia.com\/es\/#website\"},\"primaryImageOfPage\":{\"@id\":\"https:\/\/fiorentini-iberia.com\/es\/experiencia\/hidrogeno\/el-viaje-del-hidrogeno-pf\/#primaryimage\"},\"image\":{\"@id\":\"https:\/\/fiorentini-iberia.com\/es\/experiencia\/hidrogeno\/el-viaje-del-hidrogeno-pf\/#primaryimage\"},\"thumbnailUrl\":\"https:\/\/fiorentini-iberia.com\/wp-content\/uploads\/2023\/12\/RENEWABLES_h2_pipeline_regulator-1.jpg\",\"datePublished\":\"2023-12-13T13:25:35+00:00\",\"dateModified\":\"2024-06-07T12:35:31+00:00\",\"description\":\"El hidr\u00f3geno es uno de los grandes protagonistas de la transici\u00f3n energ\u00e9tica y Pietro Fiorentini pretende poner su experiencia al servicio de la sociedad.\",\"breadcrumb\":{\"@id\":\"https:\/\/fiorentini-iberia.com\/es\/experiencia\/hidrogeno\/el-viaje-del-hidrogeno-pf\/#breadcrumb\"},\"inLanguage\":\"es\",\"potentialAction\":[{\"@type\":\"ReadAction\",\"target\":[\"https:\/\/fiorentini-iberia.com\/es\/experiencia\/hidrogeno\/el-viaje-del-hidrogeno-pf\/\"]}]},{\"@type\":\"ImageObject\",\"inLanguage\":\"es\",\"@id\":\"https:\/\/fiorentini-iberia.com\/es\/experiencia\/hidrogeno\/el-viaje-del-hidrogeno-pf\/#primaryimage\",\"url\":\"https:\/\/fiorentini-iberia.com\/wp-content\/uploads\/2023\/12\/RENEWABLES_h2_pipeline_regulator-1.jpg\",\"contentUrl\":\"https:\/\/fiorentini-iberia.com\/wp-content\/uploads\/2023\/12\/RENEWABLES_h2_pipeline_regulator-1.jpg\",\"width\":1670,\"height\":699},{\"@type\":\"BreadcrumbList\",\"@id\":\"https:\/\/fiorentini-iberia.com\/es\/experiencia\/hidrogeno\/el-viaje-del-hidrogeno-pf\/#breadcrumb\",\"itemListElement\":[{\"@type\":\"ListItem\",\"position\":1,\"name\":\"Home\",\"item\":\"https:\/\/www.fiorentini-iberia.com\/es\/\"},{\"@type\":\"ListItem\",\"position\":2,\"name\":\"Experiencia\",\"item\":\"https:\/\/www.fiorentini-iberia.com\/es\/experiencia\/\"},{\"@type\":\"ListItem\",\"position\":3,\"name\":\"Hidr\u00f3geno\",\"item\":\"https:\/\/www.fiorentini-iberia.com\/es\/experiencia\/hidrogeno\/\"},{\"@type\":\"ListItem\",\"position\":4,\"name\":\"El viaje del hidr\u00f3geno PF\"}]},{\"@type\":\"WebSite\",\"@id\":\"https:\/\/www.fiorentini-iberia.com\/es\/#website\",\"url\":\"https:\/\/www.fiorentini-iberia.com\/es\/\",\"name\":\"Pietro Fiorentini Iberia\",\"description\":\"Pietro Fiorentini dise\u00f1a y fabrica componentes, sistemas y servicios para la regulaci\u00f3n, medici\u00f3n, gesti\u00f3n de redes de agua, energ\u00edas renovables, petr\u00f3leo y el gas natural, con sistemas adaptados 100% al hidr\u00f3geno.\",\"publisher\":{\"@id\":\"https:\/\/www.fiorentini-iberia.com\/es\/#organization\"},\"potentialAction\":[{\"@type\":\"SearchAction\",\"target\":{\"@type\":\"EntryPoint\",\"urlTemplate\":\"https:\/\/www.fiorentini-iberia.com\/es\/?s={search_term_string}\"},\"query-input\":{\"@type\":\"PropertyValueSpecification\",\"valueRequired\":true,\"valueName\":\"search_term_string\"}}],\"inLanguage\":\"es\"},{\"@type\":\"Organization\",\"@id\":\"https:\/\/www.fiorentini-iberia.com\/es\/#organization\",\"name\":\"Pietro Fiorentini Iberia\",\"url\":\"https:\/\/www.fiorentini-iberia.com\/es\/\",\"logo\":{\"@type\":\"ImageObject\",\"inLanguage\":\"es\",\"@id\":\"https:\/\/www.fiorentini-iberia.com\/es\/#\/schema\/logo\/image\/\",\"url\":\"https:\/\/fiorentini-iberia.com\/wp-content\/uploads\/2020\/11\/logo.svg\",\"contentUrl\":\"https:\/\/fiorentini-iberia.com\/wp-content\/uploads\/2020\/11\/logo.svg\",\"width\":227,\"height\":59,\"caption\":\"Pietro Fiorentini Iberia\"},\"image\":{\"@id\":\"https:\/\/www.fiorentini-iberia.com\/es\/#\/schema\/logo\/image\/\"},\"sameAs\":[\"https:\/\/x.com\/FiorentiniSpa\",\"https:\/\/www.linkedin.com\/company\/pietro-fiorentini-iberia\/\"]}]}<\/script>\n<!-- \/ Yoast SEO plugin. -->","yoast_head_json":{"title":"El viaje del hidr\u00f3geno PF - Pietro Fiorentini Iberia","description":"El hidr\u00f3geno es uno de los grandes protagonistas de la transici\u00f3n energ\u00e9tica y Pietro Fiorentini pretende poner su experiencia al servicio de la sociedad.","robots":{"index":"index","follow":"follow","max-snippet":"max-snippet:-1","max-image-preview":"max-image-preview:large","max-video-preview":"max-video-preview:-1"},"canonical":"https:\/\/fiorentini-iberia.com\/es\/experiencia\/hidrogeno\/el-viaje-del-hidrogeno-pf\/","og_locale":"es_ES","og_type":"article","og_title":"El viaje del hidr\u00f3geno PF - Pietro Fiorentini Iberia","og_description":"El hidr\u00f3geno es uno de los grandes protagonistas de la transici\u00f3n energ\u00e9tica y Pietro Fiorentini pretende poner su experiencia al servicio de la sociedad.","og_url":"https:\/\/fiorentini-iberia.com\/es\/experiencia\/hidrogeno\/el-viaje-del-hidrogeno-pf\/","og_site_name":"Pietro Fiorentini Iberia","article_modified_time":"2024-06-07T12:35:31+00:00","og_image":[{"width":1670,"height":699,"url":"https:\/\/www.fiorentini-iberia.com\/wp-content\/uploads\/2023\/12\/RENEWABLES_h2_pipeline_regulator-1.jpg","type":"image\/jpeg"}],"twitter_card":"summary_large_image","twitter_site":"@FiorentiniSpa","twitter_misc":{"Tiempo de lectura":"5 minutos"},"schema":{"@context":"https:\/\/schema.org","@graph":[{"@type":"WebPage","@id":"https:\/\/fiorentini-iberia.com\/es\/experiencia\/hidrogeno\/el-viaje-del-hidrogeno-pf\/","url":"https:\/\/fiorentini-iberia.com\/es\/experiencia\/hidrogeno\/el-viaje-del-hidrogeno-pf\/","name":"El viaje del hidr\u00f3geno PF - Pietro Fiorentini Iberia","isPartOf":{"@id":"https:\/\/www.fiorentini-iberia.com\/es\/#website"},"primaryImageOfPage":{"@id":"https:\/\/fiorentini-iberia.com\/es\/experiencia\/hidrogeno\/el-viaje-del-hidrogeno-pf\/#primaryimage"},"image":{"@id":"https:\/\/fiorentini-iberia.com\/es\/experiencia\/hidrogeno\/el-viaje-del-hidrogeno-pf\/#primaryimage"},"thumbnailUrl":"https:\/\/fiorentini-iberia.com\/wp-content\/uploads\/2023\/12\/RENEWABLES_h2_pipeline_regulator-1.jpg","datePublished":"2023-12-13T13:25:35+00:00","dateModified":"2024-06-07T12:35:31+00:00","description":"El hidr\u00f3geno es uno de los grandes protagonistas de la transici\u00f3n energ\u00e9tica y Pietro Fiorentini pretende poner su experiencia al servicio de la sociedad.","breadcrumb":{"@id":"https:\/\/fiorentini-iberia.com\/es\/experiencia\/hidrogeno\/el-viaje-del-hidrogeno-pf\/#breadcrumb"},"inLanguage":"es","potentialAction":[{"@type":"ReadAction","target":["https:\/\/fiorentini-iberia.com\/es\/experiencia\/hidrogeno\/el-viaje-del-hidrogeno-pf\/"]}]},{"@type":"ImageObject","inLanguage":"es","@id":"https:\/\/fiorentini-iberia.com\/es\/experiencia\/hidrogeno\/el-viaje-del-hidrogeno-pf\/#primaryimage","url":"https:\/\/fiorentini-iberia.com\/wp-content\/uploads\/2023\/12\/RENEWABLES_h2_pipeline_regulator-1.jpg","contentUrl":"https:\/\/fiorentini-iberia.com\/wp-content\/uploads\/2023\/12\/RENEWABLES_h2_pipeline_regulator-1.jpg","width":1670,"height":699},{"@type":"BreadcrumbList","@id":"https:\/\/fiorentini-iberia.com\/es\/experiencia\/hidrogeno\/el-viaje-del-hidrogeno-pf\/#breadcrumb","itemListElement":[{"@type":"ListItem","position":1,"name":"Home","item":"https:\/\/www.fiorentini-iberia.com\/es\/"},{"@type":"ListItem","position":2,"name":"Experiencia","item":"https:\/\/www.fiorentini-iberia.com\/es\/experiencia\/"},{"@type":"ListItem","position":3,"name":"Hidr\u00f3geno","item":"https:\/\/www.fiorentini-iberia.com\/es\/experiencia\/hidrogeno\/"},{"@type":"ListItem","position":4,"name":"El viaje del hidr\u00f3geno PF"}]},{"@type":"WebSite","@id":"https:\/\/www.fiorentini-iberia.com\/es\/#website","url":"https:\/\/www.fiorentini-iberia.com\/es\/","name":"Pietro Fiorentini Iberia","description":"Pietro Fiorentini dise\u00f1a y fabrica componentes, sistemas y servicios para la regulaci\u00f3n, medici\u00f3n, gesti\u00f3n de redes de agua, energ\u00edas renovables, petr\u00f3leo y el gas natural, con sistemas adaptados 100% al hidr\u00f3geno.","publisher":{"@id":"https:\/\/www.fiorentini-iberia.com\/es\/#organization"},"potentialAction":[{"@type":"SearchAction","target":{"@type":"EntryPoint","urlTemplate":"https:\/\/www.fiorentini-iberia.com\/es\/?s={search_term_string}"},"query-input":{"@type":"PropertyValueSpecification","valueRequired":true,"valueName":"search_term_string"}}],"inLanguage":"es"},{"@type":"Organization","@id":"https:\/\/www.fiorentini-iberia.com\/es\/#organization","name":"Pietro Fiorentini Iberia","url":"https:\/\/www.fiorentini-iberia.com\/es\/","logo":{"@type":"ImageObject","inLanguage":"es","@id":"https:\/\/www.fiorentini-iberia.com\/es\/#\/schema\/logo\/image\/","url":"https:\/\/fiorentini-iberia.com\/wp-content\/uploads\/2020\/11\/logo.svg","contentUrl":"https:\/\/fiorentini-iberia.com\/wp-content\/uploads\/2020\/11\/logo.svg","width":227,"height":59,"caption":"Pietro Fiorentini Iberia"},"image":{"@id":"https:\/\/www.fiorentini-iberia.com\/es\/#\/schema\/logo\/image\/"},"sameAs":["https:\/\/x.com\/FiorentiniSpa","https:\/\/www.linkedin.com\/company\/pietro-fiorentini-iberia\/"]}]}},"_links":{"self":[{"href":"https:\/\/fiorentini-iberia.com\/es\/wp-json\/wp\/v2\/pages\/48284","targetHints":{"allow":["GET"]}}],"collection":[{"href":"https:\/\/fiorentini-iberia.com\/es\/wp-json\/wp\/v2\/pages"}],"about":[{"href":"https:\/\/fiorentini-iberia.com\/es\/wp-json\/wp\/v2\/types\/page"}],"author":[{"embeddable":true,"href":"https:\/\/fiorentini-iberia.com\/es\/wp-json\/wp\/v2\/users\/15"}],"replies":[{"embeddable":true,"href":"https:\/\/fiorentini-iberia.com\/es\/wp-json\/wp\/v2\/comments?post=48284"}],"version-history":[{"count":2,"href":"https:\/\/fiorentini-iberia.com\/es\/wp-json\/wp\/v2\/pages\/48284\/revisions"}],"predecessor-version":[{"id":54637,"href":"https:\/\/fiorentini-iberia.com\/es\/wp-json\/wp\/v2\/pages\/48284\/revisions\/54637"}],"up":[{"embeddable":true,"href":"https:\/\/fiorentini-iberia.com\/es\/wp-json\/wp\/v2\/pages\/48274"}],"wp:featuredmedia":[{"embeddable":true,"href":"https:\/\/fiorentini-iberia.com\/es\/wp-json\/wp\/v2\/media\/35175"}],"wp:attachment":[{"href":"https:\/\/fiorentini-iberia.com\/es\/wp-json\/wp\/v2\/media?parent=48284"}],"curies":[{"name":"wp","href":"https:\/\/api.w.org\/{rel}","templated":true}]}}