{"id":48274,"date":"2023-12-11T10:24:25","date_gmt":"2023-12-11T09:24:25","guid":{"rendered":"https:\/\/www.fiorentini-iberia.com\/experiencia\/hydrogen\/"},"modified":"2025-05-14T10:55:06","modified_gmt":"2025-05-14T08:55:06","slug":"hidrogeno","status":"publish","type":"page","link":"https:\/\/fiorentini-iberia.com\/es\/experiencia\/hidrogeno\/","title":{"rendered":"Hidr\u00f3geno"},"content":{"rendered":"\n<h2 class=\"wp-block-heading\"><strong>El aliado ideal de la energ\u00eda sostenible<\/strong><\/h2>\n\n\n\n<p>El hidr\u00f3geno, al menos por ahora, solo puede inyectarse en la red de gasoductos y mezclarse con gas natural hasta determinados porcentajes. Nuestro compromiso es <strong>crear sistemas y dispositivos que puedan aumentar este porcentaje<\/strong>, un reto tecnol\u00f3gico que brindar\u00e1 incre\u00edbles oportunidades para el desarrollo de una energ\u00eda m\u00e1s sostenible.<\/p>\n\n\n\n<p>En esta linea, <strong>Pietro Fiorentini<\/strong> ha lanzado una amplia gama de <strong><a href=\"https:\/\/www.fiorentini-iberia.com\/es\/category\/soluciones\/productos\/productos-100-hidrogeno\/\">productos 100% hidr\u00f3geno<\/a><\/strong>, tanto para <strong>v\u00e1lvulas, contadores, reguladores<\/strong> como <strong>electrolizadores<\/strong>. <\/p>\n\n\n\n<p>En este aspecto, destaca el&nbsp;<strong><a href=\"https:\/\/www.fiorentini-iberia.com\/es\/soluciones\/productos\/productos-100-hidrogeno\/electrolizadores\/electrolizador-de-hidrogeno-hyter\/\">electrolizador de hidr\u00f3geno de Hyter<\/a><\/strong>, empresa perteneciente al <strong><a href=\"https:\/\/www.fiorentini-iberia.com\/es\/grupo-pietro-fiorentini\/companias-y-marcas-grupo-pf\/#hyter\">Grupo Pietro Fiorentini<\/a><\/strong>, que utiliza la avanzada&nbsp;<strong>tecnolog\u00eda AEMWE<\/strong>&nbsp;(electr\u00f3lisis del agua con membrana de intercambio ani\u00f3nico) para producir hidr\u00f3geno de gran pureza de forma sostenible.<\/p>\n\n\n\n<p>Por otro lado, la necesidad de un uso a gran escala del hidr\u00f3geno nos ha inspirado a desarrollar nuevas\u00a0<strong><a href=\"https:\/\/www.fiorentini-iberia.com\/es\/soluciones\/sistemas\/energias-renovables\/estaciones-de-mezcla-de-hidrogeno\/\">estaciones de mezclado con hidr\u00f3geno<\/a><\/strong>. Dise\u00f1adas para adaptarse f\u00e1cilmente desde en <strong>distritos de baja presi\u00f3n<\/strong> hasta en <strong>redes de transporte de alta presi\u00f3n y aplicaciones industriales<\/strong>.<\/p>\n","protected":false},"excerpt":{"rendered":"<p>Su combusti\u00f3n no emite di\u00f3xido de carbono, sino vapor, y es m\u00e1s f\u00e1cil de transportar y almacenar que la electricidad. Son estas caracter\u00edsticas las que hacen del hidr\u00f3geno el aliado ideal para la producci\u00f3n de energ\u00edas renovables.<br \/>\n\u00a0<br \/>\nEn la actualidad, el hidr\u00f3geno solo puede inyectarse en la red de gasoductos y mezclarse con gas natural hasta determinados porcentajes, por lo que nuestro principal objetivo es crear sistemas y dispositivos que puedan superar esta limitaci\u00f3n.<\/p>\n","protected":false},"author":15,"featured_media":10684,"parent":48199,"menu_order":0,"comment_status":"closed","ping_status":"closed","template":"template-expertise-child.php","meta":{"_acf_changed":false,"inline_featured_image":false,"footnotes":""},"class_list":["post-48274","page","type-page","status-publish","has-post-thumbnail","hentry"],"acf":[],"yoast_head":"<!-- This site is optimized with the Yoast SEO plugin v27.2 - https:\/\/yoast.com\/product\/yoast-seo-wordpress\/ -->\n<title>Hidr\u00f3geno - Pietro Fiorentini Iberia<\/title>\n<meta name=\"description\" content=\"El hidr\u00f3geno fue el primer elemento que se form\u00f3 tras el Big Bang y constituye por s\u00ed solo casi el 90 % de la masa del universo.\" \/>\n<meta name=\"robots\" content=\"index, follow, max-snippet:-1, max-image-preview:large, max-video-preview:-1\" \/>\n<link rel=\"canonical\" href=\"https:\/\/fiorentini-iberia.com\/es\/experiencia\/hidrogeno\/\" \/>\n<meta property=\"og:locale\" content=\"es_ES\" \/>\n<meta property=\"og:type\" content=\"article\" \/>\n<meta property=\"og:title\" content=\"Hidr\u00f3geno - Pietro Fiorentini Iberia\" \/>\n<meta property=\"og:description\" content=\"El hidr\u00f3geno fue el primer elemento que se form\u00f3 tras el Big Bang y constituye por s\u00ed solo casi el 90 % de la masa del universo.\" \/>\n<meta property=\"og:url\" content=\"https:\/\/fiorentini-iberia.com\/es\/experiencia\/hidrogeno\/\" \/>\n<meta property=\"og:site_name\" content=\"Pietro Fiorentini Iberia\" \/>\n<meta property=\"article:modified_time\" content=\"2025-05-14T08:55:06+00:00\" \/>\n<meta property=\"og:image\" content=\"https:\/\/www.fiorentini-iberia.com\/wp-content\/uploads\/2021\/03\/03_expertise_hydrogen.jpeg\" \/>\n\t<meta property=\"og:image:width\" content=\"991\" \/>\n\t<meta property=\"og:image:height\" content=\"991\" \/>\n\t<meta property=\"og:image:type\" content=\"image\/jpeg\" \/>\n<meta name=\"twitter:card\" content=\"summary_large_image\" \/>\n<meta name=\"twitter:site\" content=\"@FiorentiniSpa\" \/>\n<meta name=\"twitter:label1\" content=\"Tiempo de lectura\" \/>\n\t<meta name=\"twitter:data1\" content=\"1 minuto\" \/>\n<script type=\"application\/ld+json\" class=\"yoast-schema-graph\">{\"@context\":\"https:\/\/schema.org\",\"@graph\":[{\"@type\":\"WebPage\",\"@id\":\"https:\/\/fiorentini-iberia.com\/es\/experiencia\/hidrogeno\/\",\"url\":\"https:\/\/fiorentini-iberia.com\/es\/experiencia\/hidrogeno\/\",\"name\":\"Hidr\u00f3geno - Pietro Fiorentini Iberia\",\"isPartOf\":{\"@id\":\"https:\/\/www.fiorentini-iberia.com\/es\/#website\"},\"primaryImageOfPage\":{\"@id\":\"https:\/\/fiorentini-iberia.com\/es\/experiencia\/hidrogeno\/#primaryimage\"},\"image\":{\"@id\":\"https:\/\/fiorentini-iberia.com\/es\/experiencia\/hidrogeno\/#primaryimage\"},\"thumbnailUrl\":\"https:\/\/fiorentini-iberia.com\/wp-content\/uploads\/2021\/03\/03_expertise_hydrogen.jpeg\",\"datePublished\":\"2023-12-11T09:24:25+00:00\",\"dateModified\":\"2025-05-14T08:55:06+00:00\",\"description\":\"El hidr\u00f3geno fue el primer elemento que se form\u00f3 tras el Big Bang y constituye por s\u00ed solo casi el 90 % de la masa del universo.\",\"breadcrumb\":{\"@id\":\"https:\/\/fiorentini-iberia.com\/es\/experiencia\/hidrogeno\/#breadcrumb\"},\"inLanguage\":\"es\",\"potentialAction\":[{\"@type\":\"ReadAction\",\"target\":[\"https:\/\/fiorentini-iberia.com\/es\/experiencia\/hidrogeno\/\"]}]},{\"@type\":\"ImageObject\",\"inLanguage\":\"es\",\"@id\":\"https:\/\/fiorentini-iberia.com\/es\/experiencia\/hidrogeno\/#primaryimage\",\"url\":\"https:\/\/fiorentini-iberia.com\/wp-content\/uploads\/2021\/03\/03_expertise_hydrogen.jpeg\",\"contentUrl\":\"https:\/\/fiorentini-iberia.com\/wp-content\/uploads\/2021\/03\/03_expertise_hydrogen.jpeg\",\"width\":991,\"height\":991,\"caption\":\"Hydrogen is the future of energy\"},{\"@type\":\"BreadcrumbList\",\"@id\":\"https:\/\/fiorentini-iberia.com\/es\/experiencia\/hidrogeno\/#breadcrumb\",\"itemListElement\":[{\"@type\":\"ListItem\",\"position\":1,\"name\":\"Home\",\"item\":\"https:\/\/www.fiorentini-iberia.com\/es\/\"},{\"@type\":\"ListItem\",\"position\":2,\"name\":\"Experiencia\",\"item\":\"https:\/\/www.fiorentini-iberia.com\/es\/experiencia\/\"},{\"@type\":\"ListItem\",\"position\":3,\"name\":\"Hidr\u00f3geno\"}]},{\"@type\":\"WebSite\",\"@id\":\"https:\/\/www.fiorentini-iberia.com\/es\/#website\",\"url\":\"https:\/\/www.fiorentini-iberia.com\/es\/\",\"name\":\"Pietro Fiorentini Iberia\",\"description\":\"Pietro Fiorentini dise\u00f1a y fabrica componentes, sistemas y servicios para la regulaci\u00f3n, medici\u00f3n, gesti\u00f3n de redes de agua, energ\u00edas renovables, petr\u00f3leo y el gas natural, con sistemas adaptados 100% al hidr\u00f3geno.\",\"publisher\":{\"@id\":\"https:\/\/www.fiorentini-iberia.com\/es\/#organization\"},\"potentialAction\":[{\"@type\":\"SearchAction\",\"target\":{\"@type\":\"EntryPoint\",\"urlTemplate\":\"https:\/\/www.fiorentini-iberia.com\/es\/?s={search_term_string}\"},\"query-input\":{\"@type\":\"PropertyValueSpecification\",\"valueRequired\":true,\"valueName\":\"search_term_string\"}}],\"inLanguage\":\"es\"},{\"@type\":\"Organization\",\"@id\":\"https:\/\/www.fiorentini-iberia.com\/es\/#organization\",\"name\":\"Pietro Fiorentini Iberia\",\"url\":\"https:\/\/www.fiorentini-iberia.com\/es\/\",\"logo\":{\"@type\":\"ImageObject\",\"inLanguage\":\"es\",\"@id\":\"https:\/\/www.fiorentini-iberia.com\/es\/#\/schema\/logo\/image\/\",\"url\":\"https:\/\/fiorentini-iberia.com\/wp-content\/uploads\/2020\/11\/logo.svg\",\"contentUrl\":\"https:\/\/fiorentini-iberia.com\/wp-content\/uploads\/2020\/11\/logo.svg\",\"width\":227,\"height\":59,\"caption\":\"Pietro Fiorentini Iberia\"},\"image\":{\"@id\":\"https:\/\/www.fiorentini-iberia.com\/es\/#\/schema\/logo\/image\/\"},\"sameAs\":[\"https:\/\/x.com\/FiorentiniSpa\",\"https:\/\/www.linkedin.com\/company\/pietro-fiorentini-iberia\/\"]}]}<\/script>\n<!-- \/ Yoast SEO plugin. -->","yoast_head_json":{"title":"Hidr\u00f3geno - Pietro Fiorentini Iberia","description":"El hidr\u00f3geno fue el primer elemento que se form\u00f3 tras el Big Bang y constituye por s\u00ed solo casi el 90 % de la masa del universo.","robots":{"index":"index","follow":"follow","max-snippet":"max-snippet:-1","max-image-preview":"max-image-preview:large","max-video-preview":"max-video-preview:-1"},"canonical":"https:\/\/fiorentini-iberia.com\/es\/experiencia\/hidrogeno\/","og_locale":"es_ES","og_type":"article","og_title":"Hidr\u00f3geno - Pietro Fiorentini Iberia","og_description":"El hidr\u00f3geno fue el primer elemento que se form\u00f3 tras el Big Bang y constituye por s\u00ed solo casi el 90 % de la masa del universo.","og_url":"https:\/\/fiorentini-iberia.com\/es\/experiencia\/hidrogeno\/","og_site_name":"Pietro Fiorentini Iberia","article_modified_time":"2025-05-14T08:55:06+00:00","og_image":[{"width":991,"height":991,"url":"https:\/\/www.fiorentini-iberia.com\/wp-content\/uploads\/2021\/03\/03_expertise_hydrogen.jpeg","type":"image\/jpeg"}],"twitter_card":"summary_large_image","twitter_site":"@FiorentiniSpa","twitter_misc":{"Tiempo de lectura":"1 minuto"},"schema":{"@context":"https:\/\/schema.org","@graph":[{"@type":"WebPage","@id":"https:\/\/fiorentini-iberia.com\/es\/experiencia\/hidrogeno\/","url":"https:\/\/fiorentini-iberia.com\/es\/experiencia\/hidrogeno\/","name":"Hidr\u00f3geno - Pietro Fiorentini Iberia","isPartOf":{"@id":"https:\/\/www.fiorentini-iberia.com\/es\/#website"},"primaryImageOfPage":{"@id":"https:\/\/fiorentini-iberia.com\/es\/experiencia\/hidrogeno\/#primaryimage"},"image":{"@id":"https:\/\/fiorentini-iberia.com\/es\/experiencia\/hidrogeno\/#primaryimage"},"thumbnailUrl":"https:\/\/fiorentini-iberia.com\/wp-content\/uploads\/2021\/03\/03_expertise_hydrogen.jpeg","datePublished":"2023-12-11T09:24:25+00:00","dateModified":"2025-05-14T08:55:06+00:00","description":"El hidr\u00f3geno fue el primer elemento que se form\u00f3 tras el Big Bang y constituye por s\u00ed solo casi el 90 % de la masa del universo.","breadcrumb":{"@id":"https:\/\/fiorentini-iberia.com\/es\/experiencia\/hidrogeno\/#breadcrumb"},"inLanguage":"es","potentialAction":[{"@type":"ReadAction","target":["https:\/\/fiorentini-iberia.com\/es\/experiencia\/hidrogeno\/"]}]},{"@type":"ImageObject","inLanguage":"es","@id":"https:\/\/fiorentini-iberia.com\/es\/experiencia\/hidrogeno\/#primaryimage","url":"https:\/\/fiorentini-iberia.com\/wp-content\/uploads\/2021\/03\/03_expertise_hydrogen.jpeg","contentUrl":"https:\/\/fiorentini-iberia.com\/wp-content\/uploads\/2021\/03\/03_expertise_hydrogen.jpeg","width":991,"height":991,"caption":"Hydrogen is the future of energy"},{"@type":"BreadcrumbList","@id":"https:\/\/fiorentini-iberia.com\/es\/experiencia\/hidrogeno\/#breadcrumb","itemListElement":[{"@type":"ListItem","position":1,"name":"Home","item":"https:\/\/www.fiorentini-iberia.com\/es\/"},{"@type":"ListItem","position":2,"name":"Experiencia","item":"https:\/\/www.fiorentini-iberia.com\/es\/experiencia\/"},{"@type":"ListItem","position":3,"name":"Hidr\u00f3geno"}]},{"@type":"WebSite","@id":"https:\/\/www.fiorentini-iberia.com\/es\/#website","url":"https:\/\/www.fiorentini-iberia.com\/es\/","name":"Pietro Fiorentini Iberia","description":"Pietro Fiorentini dise\u00f1a y fabrica componentes, sistemas y servicios para la regulaci\u00f3n, medici\u00f3n, gesti\u00f3n de redes de agua, energ\u00edas renovables, petr\u00f3leo y el gas natural, con sistemas adaptados 100% al hidr\u00f3geno.","publisher":{"@id":"https:\/\/www.fiorentini-iberia.com\/es\/#organization"},"potentialAction":[{"@type":"SearchAction","target":{"@type":"EntryPoint","urlTemplate":"https:\/\/www.fiorentini-iberia.com\/es\/?s={search_term_string}"},"query-input":{"@type":"PropertyValueSpecification","valueRequired":true,"valueName":"search_term_string"}}],"inLanguage":"es"},{"@type":"Organization","@id":"https:\/\/www.fiorentini-iberia.com\/es\/#organization","name":"Pietro Fiorentini Iberia","url":"https:\/\/www.fiorentini-iberia.com\/es\/","logo":{"@type":"ImageObject","inLanguage":"es","@id":"https:\/\/www.fiorentini-iberia.com\/es\/#\/schema\/logo\/image\/","url":"https:\/\/fiorentini-iberia.com\/wp-content\/uploads\/2020\/11\/logo.svg","contentUrl":"https:\/\/fiorentini-iberia.com\/wp-content\/uploads\/2020\/11\/logo.svg","width":227,"height":59,"caption":"Pietro Fiorentini Iberia"},"image":{"@id":"https:\/\/www.fiorentini-iberia.com\/es\/#\/schema\/logo\/image\/"},"sameAs":["https:\/\/x.com\/FiorentiniSpa","https:\/\/www.linkedin.com\/company\/pietro-fiorentini-iberia\/"]}]}},"_links":{"self":[{"href":"https:\/\/fiorentini-iberia.com\/es\/wp-json\/wp\/v2\/pages\/48274","targetHints":{"allow":["GET"]}}],"collection":[{"href":"https:\/\/fiorentini-iberia.com\/es\/wp-json\/wp\/v2\/pages"}],"about":[{"href":"https:\/\/fiorentini-iberia.com\/es\/wp-json\/wp\/v2\/types\/page"}],"author":[{"embeddable":true,"href":"https:\/\/fiorentini-iberia.com\/es\/wp-json\/wp\/v2\/users\/15"}],"replies":[{"embeddable":true,"href":"https:\/\/fiorentini-iberia.com\/es\/wp-json\/wp\/v2\/comments?post=48274"}],"version-history":[{"count":3,"href":"https:\/\/fiorentini-iberia.com\/es\/wp-json\/wp\/v2\/pages\/48274\/revisions"}],"predecessor-version":[{"id":59807,"href":"https:\/\/fiorentini-iberia.com\/es\/wp-json\/wp\/v2\/pages\/48274\/revisions\/59807"}],"up":[{"embeddable":true,"href":"https:\/\/fiorentini-iberia.com\/es\/wp-json\/wp\/v2\/pages\/48199"}],"wp:featuredmedia":[{"embeddable":true,"href":"https:\/\/fiorentini-iberia.com\/es\/wp-json\/wp\/v2\/media\/10684"}],"wp:attachment":[{"href":"https:\/\/fiorentini-iberia.com\/es\/wp-json\/wp\/v2\/media?parent=48274"}],"curies":[{"name":"wp","href":"https:\/\/api.w.org\/{rel}","templated":true}]}}