{"id":48199,"date":"2023-12-11T10:16:39","date_gmt":"2023-12-11T09:16:39","guid":{"rendered":"https:\/\/www.fiorentini-iberia.com\/expertise\/"},"modified":"2024-06-08T23:17:17","modified_gmt":"2024-06-08T21:17:17","slug":"experiencia","status":"publish","type":"page","link":"https:\/\/fiorentini-iberia.com\/es\/experiencia\/","title":{"rendered":"Experiencia"},"content":{"rendered":"\n<p>Con <strong>m\u00e1s de 80 a\u00f1os de experiencia<\/strong> y una cultura empresarial dedicada a la mejora continua, buscamos constantemente nuevas formas de avanzar. Por esta raz\u00f3n, una parte considerable de nuestras inversiones se destina a desarrollar soluciones tecnol\u00f3gicas que abran nuevas fronteras, con especial referencia al uso de energ\u00edas renovables con vistas a la transici\u00f3n energ\u00e9tica y al apoyo a la eficiencia de las redes de distribuci\u00f3n y transporte. <br>\u00a0<br>M\u00e1s informaci\u00f3n sobre proyectos que hemos realizado:<\/p>\n","protected":false},"excerpt":{"rendered":"<p>Con m\u00e1s de 80 a\u00f1os de experiencia y una cultura empresarial dedicada a la mejora continua, buscamos constantemente nuevas formas de avanzar. Por esta raz\u00f3n, una parte considerable de nuestras inversiones se destina a desarrollar soluciones tecnol\u00f3gicas que abran nuevas fronteras, con especial referencia al uso de energ\u00edas renovables con vistas a la transici\u00f3n energ\u00e9tica [&hellip;]<\/p>\n","protected":false},"author":15,"featured_media":15011,"parent":0,"menu_order":0,"comment_status":"closed","ping_status":"closed","template":"template-expertise.php","meta":{"_acf_changed":false,"inline_featured_image":false,"footnotes":""},"class_list":["post-48199","page","type-page","status-publish","has-post-thumbnail","hentry"],"acf":[],"yoast_head":"<!-- This site is optimized with the Yoast SEO plugin v27.2 - https:\/\/yoast.com\/product\/yoast-seo-wordpress\/ -->\n<title>Experiencia - Pietro Fiorentini Iberia<\/title>\n<meta name=\"description\" content=\"Con m\u00e1s de 80 a\u00f1os de experiencia en AGUA, HIDR\u00d3GENO, BIOMETANO, POWER-TO-GAS, REDES DE GAS INTELIGENTES y PROTECCI\u00d3N CAT\u00d3DICA, en Pietro Fiorentini, el futuro es ahora.\" \/>\n<meta name=\"robots\" content=\"index, follow, max-snippet:-1, max-image-preview:large, max-video-preview:-1\" \/>\n<link rel=\"canonical\" href=\"https:\/\/fiorentini-iberia.com\/es\/experiencia\/\" \/>\n<meta property=\"og:locale\" content=\"es_ES\" \/>\n<meta property=\"og:type\" content=\"article\" \/>\n<meta property=\"og:title\" content=\"Experiencia - Pietro Fiorentini Iberia\" \/>\n<meta property=\"og:description\" content=\"Con m\u00e1s de 80 a\u00f1os de experiencia en AGUA, HIDR\u00d3GENO, BIOMETANO, POWER-TO-GAS, REDES DE GAS INTELIGENTES y PROTECCI\u00d3N CAT\u00d3DICA, en Pietro Fiorentini, el futuro es ahora.\" \/>\n<meta property=\"og:url\" content=\"https:\/\/fiorentini-iberia.com\/es\/experiencia\/\" \/>\n<meta property=\"og:site_name\" content=\"Pietro Fiorentini Iberia\" \/>\n<meta property=\"article:modified_time\" content=\"2024-06-08T21:17:17+00:00\" \/>\n<meta property=\"og:image\" content=\"https:\/\/www.fiorentini-iberia.com\/wp-content\/uploads\/2021\/04\/00_expertise.jpg\" \/>\n\t<meta property=\"og:image:width\" content=\"1920\" \/>\n\t<meta property=\"og:image:height\" content=\"440\" \/>\n\t<meta property=\"og:image:type\" content=\"image\/jpeg\" \/>\n<meta name=\"twitter:card\" content=\"summary_large_image\" \/>\n<meta name=\"twitter:site\" content=\"@FiorentiniSpa\" \/>\n<meta name=\"twitter:label1\" content=\"Tiempo de lectura\" \/>\n\t<meta name=\"twitter:data1\" content=\"1 minuto\" \/>\n<script type=\"application\/ld+json\" class=\"yoast-schema-graph\">{\"@context\":\"https:\/\/schema.org\",\"@graph\":[{\"@type\":\"WebPage\",\"@id\":\"https:\/\/fiorentini-iberia.com\/es\/experiencia\/\",\"url\":\"https:\/\/fiorentini-iberia.com\/es\/experiencia\/\",\"name\":\"Experiencia - Pietro Fiorentini Iberia\",\"isPartOf\":{\"@id\":\"https:\/\/www.fiorentini-iberia.com\/es\/#website\"},\"primaryImageOfPage\":{\"@id\":\"https:\/\/fiorentini-iberia.com\/es\/experiencia\/#primaryimage\"},\"image\":{\"@id\":\"https:\/\/fiorentini-iberia.com\/es\/experiencia\/#primaryimage\"},\"thumbnailUrl\":\"https:\/\/fiorentini-iberia.com\/wp-content\/uploads\/2021\/04\/00_expertise.jpg\",\"datePublished\":\"2023-12-11T09:16:39+00:00\",\"dateModified\":\"2024-06-08T21:17:17+00:00\",\"description\":\"Con m\u00e1s de 80 a\u00f1os de experiencia en AGUA, HIDR\u00d3GENO, BIOMETANO, POWER-TO-GAS, REDES DE GAS INTELIGENTES y PROTECCI\u00d3N CAT\u00d3DICA, en Pietro Fiorentini, el futuro es ahora.\",\"breadcrumb\":{\"@id\":\"https:\/\/fiorentini-iberia.com\/es\/experiencia\/#breadcrumb\"},\"inLanguage\":\"es\",\"potentialAction\":[{\"@type\":\"ReadAction\",\"target\":[\"https:\/\/fiorentini-iberia.com\/es\/experiencia\/\"]}]},{\"@type\":\"ImageObject\",\"inLanguage\":\"es\",\"@id\":\"https:\/\/fiorentini-iberia.com\/es\/experiencia\/#primaryimage\",\"url\":\"https:\/\/fiorentini-iberia.com\/wp-content\/uploads\/2021\/04\/00_expertise.jpg\",\"contentUrl\":\"https:\/\/fiorentini-iberia.com\/wp-content\/uploads\/2021\/04\/00_expertise.jpg\",\"width\":1920,\"height\":440,\"caption\":\"Our experience at the service of Oil & Gas supply chain\"},{\"@type\":\"BreadcrumbList\",\"@id\":\"https:\/\/fiorentini-iberia.com\/es\/experiencia\/#breadcrumb\",\"itemListElement\":[{\"@type\":\"ListItem\",\"position\":1,\"name\":\"Home\",\"item\":\"https:\/\/www.fiorentini-iberia.com\/es\/\"},{\"@type\":\"ListItem\",\"position\":2,\"name\":\"Experiencia\"}]},{\"@type\":\"WebSite\",\"@id\":\"https:\/\/www.fiorentini-iberia.com\/es\/#website\",\"url\":\"https:\/\/www.fiorentini-iberia.com\/es\/\",\"name\":\"Pietro Fiorentini Iberia\",\"description\":\"Pietro Fiorentini dise\u00f1a y fabrica componentes, sistemas y servicios para la regulaci\u00f3n, medici\u00f3n, gesti\u00f3n de redes de agua, energ\u00edas renovables, petr\u00f3leo y el gas natural, con sistemas adaptados 100% al hidr\u00f3geno.\",\"publisher\":{\"@id\":\"https:\/\/www.fiorentini-iberia.com\/es\/#organization\"},\"potentialAction\":[{\"@type\":\"SearchAction\",\"target\":{\"@type\":\"EntryPoint\",\"urlTemplate\":\"https:\/\/www.fiorentini-iberia.com\/es\/?s={search_term_string}\"},\"query-input\":{\"@type\":\"PropertyValueSpecification\",\"valueRequired\":true,\"valueName\":\"search_term_string\"}}],\"inLanguage\":\"es\"},{\"@type\":\"Organization\",\"@id\":\"https:\/\/www.fiorentini-iberia.com\/es\/#organization\",\"name\":\"Pietro Fiorentini Iberia\",\"url\":\"https:\/\/www.fiorentini-iberia.com\/es\/\",\"logo\":{\"@type\":\"ImageObject\",\"inLanguage\":\"es\",\"@id\":\"https:\/\/www.fiorentini-iberia.com\/es\/#\/schema\/logo\/image\/\",\"url\":\"https:\/\/fiorentini-iberia.com\/wp-content\/uploads\/2020\/11\/logo.svg\",\"contentUrl\":\"https:\/\/fiorentini-iberia.com\/wp-content\/uploads\/2020\/11\/logo.svg\",\"width\":227,\"height\":59,\"caption\":\"Pietro Fiorentini Iberia\"},\"image\":{\"@id\":\"https:\/\/www.fiorentini-iberia.com\/es\/#\/schema\/logo\/image\/\"},\"sameAs\":[\"https:\/\/x.com\/FiorentiniSpa\",\"https:\/\/www.linkedin.com\/company\/pietro-fiorentini-iberia\/\"]}]}<\/script>\n<!-- \/ Yoast SEO plugin. -->","yoast_head_json":{"title":"Experiencia - Pietro Fiorentini Iberia","description":"Con m\u00e1s de 80 a\u00f1os de experiencia en AGUA, HIDR\u00d3GENO, BIOMETANO, POWER-TO-GAS, REDES DE GAS INTELIGENTES y PROTECCI\u00d3N CAT\u00d3DICA, en Pietro Fiorentini, el futuro es ahora.","robots":{"index":"index","follow":"follow","max-snippet":"max-snippet:-1","max-image-preview":"max-image-preview:large","max-video-preview":"max-video-preview:-1"},"canonical":"https:\/\/fiorentini-iberia.com\/es\/experiencia\/","og_locale":"es_ES","og_type":"article","og_title":"Experiencia - Pietro Fiorentini Iberia","og_description":"Con m\u00e1s de 80 a\u00f1os de experiencia en AGUA, HIDR\u00d3GENO, BIOMETANO, POWER-TO-GAS, REDES DE GAS INTELIGENTES y PROTECCI\u00d3N CAT\u00d3DICA, en Pietro Fiorentini, el futuro es ahora.","og_url":"https:\/\/fiorentini-iberia.com\/es\/experiencia\/","og_site_name":"Pietro Fiorentini Iberia","article_modified_time":"2024-06-08T21:17:17+00:00","og_image":[{"width":1920,"height":440,"url":"https:\/\/www.fiorentini-iberia.com\/wp-content\/uploads\/2021\/04\/00_expertise.jpg","type":"image\/jpeg"}],"twitter_card":"summary_large_image","twitter_site":"@FiorentiniSpa","twitter_misc":{"Tiempo de lectura":"1 minuto"},"schema":{"@context":"https:\/\/schema.org","@graph":[{"@type":"WebPage","@id":"https:\/\/fiorentini-iberia.com\/es\/experiencia\/","url":"https:\/\/fiorentini-iberia.com\/es\/experiencia\/","name":"Experiencia - Pietro Fiorentini Iberia","isPartOf":{"@id":"https:\/\/www.fiorentini-iberia.com\/es\/#website"},"primaryImageOfPage":{"@id":"https:\/\/fiorentini-iberia.com\/es\/experiencia\/#primaryimage"},"image":{"@id":"https:\/\/fiorentini-iberia.com\/es\/experiencia\/#primaryimage"},"thumbnailUrl":"https:\/\/fiorentini-iberia.com\/wp-content\/uploads\/2021\/04\/00_expertise.jpg","datePublished":"2023-12-11T09:16:39+00:00","dateModified":"2024-06-08T21:17:17+00:00","description":"Con m\u00e1s de 80 a\u00f1os de experiencia en AGUA, HIDR\u00d3GENO, BIOMETANO, POWER-TO-GAS, REDES DE GAS INTELIGENTES y PROTECCI\u00d3N CAT\u00d3DICA, en Pietro Fiorentini, el futuro es ahora.","breadcrumb":{"@id":"https:\/\/fiorentini-iberia.com\/es\/experiencia\/#breadcrumb"},"inLanguage":"es","potentialAction":[{"@type":"ReadAction","target":["https:\/\/fiorentini-iberia.com\/es\/experiencia\/"]}]},{"@type":"ImageObject","inLanguage":"es","@id":"https:\/\/fiorentini-iberia.com\/es\/experiencia\/#primaryimage","url":"https:\/\/fiorentini-iberia.com\/wp-content\/uploads\/2021\/04\/00_expertise.jpg","contentUrl":"https:\/\/fiorentini-iberia.com\/wp-content\/uploads\/2021\/04\/00_expertise.jpg","width":1920,"height":440,"caption":"Our experience at the service of Oil & Gas supply chain"},{"@type":"BreadcrumbList","@id":"https:\/\/fiorentini-iberia.com\/es\/experiencia\/#breadcrumb","itemListElement":[{"@type":"ListItem","position":1,"name":"Home","item":"https:\/\/www.fiorentini-iberia.com\/es\/"},{"@type":"ListItem","position":2,"name":"Experiencia"}]},{"@type":"WebSite","@id":"https:\/\/www.fiorentini-iberia.com\/es\/#website","url":"https:\/\/www.fiorentini-iberia.com\/es\/","name":"Pietro Fiorentini Iberia","description":"Pietro Fiorentini dise\u00f1a y fabrica componentes, sistemas y servicios para la regulaci\u00f3n, medici\u00f3n, gesti\u00f3n de redes de agua, energ\u00edas renovables, petr\u00f3leo y el gas natural, con sistemas adaptados 100% al hidr\u00f3geno.","publisher":{"@id":"https:\/\/www.fiorentini-iberia.com\/es\/#organization"},"potentialAction":[{"@type":"SearchAction","target":{"@type":"EntryPoint","urlTemplate":"https:\/\/www.fiorentini-iberia.com\/es\/?s={search_term_string}"},"query-input":{"@type":"PropertyValueSpecification","valueRequired":true,"valueName":"search_term_string"}}],"inLanguage":"es"},{"@type":"Organization","@id":"https:\/\/www.fiorentini-iberia.com\/es\/#organization","name":"Pietro Fiorentini Iberia","url":"https:\/\/www.fiorentini-iberia.com\/es\/","logo":{"@type":"ImageObject","inLanguage":"es","@id":"https:\/\/www.fiorentini-iberia.com\/es\/#\/schema\/logo\/image\/","url":"https:\/\/fiorentini-iberia.com\/wp-content\/uploads\/2020\/11\/logo.svg","contentUrl":"https:\/\/fiorentini-iberia.com\/wp-content\/uploads\/2020\/11\/logo.svg","width":227,"height":59,"caption":"Pietro Fiorentini Iberia"},"image":{"@id":"https:\/\/www.fiorentini-iberia.com\/es\/#\/schema\/logo\/image\/"},"sameAs":["https:\/\/x.com\/FiorentiniSpa","https:\/\/www.linkedin.com\/company\/pietro-fiorentini-iberia\/"]}]}},"_links":{"self":[{"href":"https:\/\/fiorentini-iberia.com\/es\/wp-json\/wp\/v2\/pages\/48199","targetHints":{"allow":["GET"]}}],"collection":[{"href":"https:\/\/fiorentini-iberia.com\/es\/wp-json\/wp\/v2\/pages"}],"about":[{"href":"https:\/\/fiorentini-iberia.com\/es\/wp-json\/wp\/v2\/types\/page"}],"author":[{"embeddable":true,"href":"https:\/\/fiorentini-iberia.com\/es\/wp-json\/wp\/v2\/users\/15"}],"replies":[{"embeddable":true,"href":"https:\/\/fiorentini-iberia.com\/es\/wp-json\/wp\/v2\/comments?post=48199"}],"version-history":[{"count":3,"href":"https:\/\/fiorentini-iberia.com\/es\/wp-json\/wp\/v2\/pages\/48199\/revisions"}],"predecessor-version":[{"id":54823,"href":"https:\/\/fiorentini-iberia.com\/es\/wp-json\/wp\/v2\/pages\/48199\/revisions\/54823"}],"wp:featuredmedia":[{"embeddable":true,"href":"https:\/\/fiorentini-iberia.com\/es\/wp-json\/wp\/v2\/media\/15011"}],"wp:attachment":[{"href":"https:\/\/fiorentini-iberia.com\/es\/wp-json\/wp\/v2\/media?parent=48199"}],"curies":[{"name":"wp","href":"https:\/\/api.w.org\/{rel}","templated":true}]}}