{"id":19811,"date":"2021-09-08T10:26:43","date_gmt":"2021-09-08T08:26:43","guid":{"rendered":"https:\/\/iberia.fiorentini.com\/terms-and-conditions-of-use\/"},"modified":"2022-09-12T07:43:34","modified_gmt":"2022-09-12T05:43:34","slug":"terminos-y-condiciones-de-uso","status":"publish","type":"page","link":"https:\/\/fiorentini-iberia.com\/es\/terminos-y-condiciones-de-uso\/","title":{"rendered":"T\u00e9rminos y Condiciones de uso"},"content":{"rendered":"\n<p>Los presentes t\u00e9rminos y condiciones (en adelante \u00ab<strong>T\u00e9rminos y Condiciones de Uso<\/strong>\u00ab) regulan los t\u00e9rminos y condiciones de acceso y uso de las plataformas\/portales Fiorentini (en adelante \u00abPortal\u00bb) y se aplicar\u00e1n a todos los usos, as\u00ed como a su contenido, la informaci\u00f3n, las recomendaciones y\/o los servicios prestados por Pietro Fiorentini Iberia (en adelante \u00ab<strong>Proveedor<\/strong>\u00ab) al cliente (en adelante \u00ab<strong>Cliente<\/strong>\u00ab) dentro del sitio web.<\/p>\n\n\n\n<p>El acceso y la utilizaci\u00f3n del Portal est\u00e1n sujetos a la aceptaci\u00f3n de las presentes condiciones de uso.<\/p>\n\n\n\n<div style=\"height:32px\" aria-hidden=\"true\" class=\"wp-block-spacer\"><\/div>\n\n\n\n<h2 class=\"wp-block-heading\"><strong>Credenciales de acceso y autenticaci\u00f3n<\/strong><\/h2>\n\n\n\n<p>El acceso al Portal s\u00f3lo se permitir\u00e1 tras la autentificaci\u00f3n del Cliente mediante el uso de las credenciales de acceso. El acceso puede concederse a trav\u00e9s de una cuenta de Microsoft, si el Cliente dispone de ella. En caso contrario, el Cliente podr\u00e1 establecer su propia contrase\u00f1a de acceso. El Cliente se compromete a salvaguardar, almacenar, utilizar y preservar la confidencialidad, con el m\u00e1ximo cuidado y diligencia, de las Credenciales de Acceso, que son estrictamente personales y no pueden ser puestas a disposici\u00f3n y\/o divulgadas a terceros no autorizados.<\/p>\n\n\n\n<p>Durante la autorizaci\u00f3n de acceso al Portal, el Vendedor registrar\u00e1 en el sistema el nombre, los apellidos, el correo electr\u00f3nico (facilitado durante el registro del Cliente), el cliente de referencia.<\/p>\n\n\n\n<p>El Proveedor se reserva el derecho de suspender y\/o interrumpir, a su sola discreci\u00f3n y sin obligaci\u00f3n de avisar previamente, el uso del Portal por parte del Cliente, incluso, pero sin limitarse a ello, en situaciones en las que el Proveedor considere que el uso de las plataformas\/portales viola alguna de las Condiciones Generales de Uso y\/o constituye una violaci\u00f3n de la ley o en caso de rescisi\u00f3n del contrato de venta o distribuci\u00f3n subyacente.<\/p>\n\n\n\n<div style=\"height:32px\" aria-hidden=\"true\" class=\"wp-block-spacer\"><\/div>\n\n\n\n<h2 class=\"wp-block-heading\"><strong>Protecci\u00f3n de la propiedad intelectual<\/strong><\/h2>\n\n\n\n<p>Las marcas, los textos, los gr\u00e1ficos, las fotograf\u00edas, las im\u00e1genes, las im\u00e1genes en movimiento, el audio, las ilustraciones, la informaci\u00f3n t\u00e9cnica y comercial y los programas inform\u00e1ticos (en adelante, el \u00abContenido del Portal\u00bb), son y seguir\u00e1n siendo propiedad exclusiva del Proveedor. El Cliente est\u00e1 autorizado a ver, reproducir, imprimir y descargar los documentos u otros materiales, incluidos el audio y el v\u00eddeo, presentes en el Portal exclusivamente para su uso personal, a t\u00edtulo informativo y no comercial. En cualquier caso, el Cliente no podr\u00e1 modificar, copiar, distribuir, enviar, reproducir, publicar, licenciar, utilizar para la creaci\u00f3n de otras aplicaciones, transferir o vender el Contenido del Portal.<\/p>\n\n\n\n<div style=\"height:32px\" aria-hidden=\"true\" class=\"wp-block-spacer\"><\/div>\n\n\n\n<h2 class=\"wp-block-heading\"><strong>No divulgaci\u00f3n y confidencialidad<\/strong><\/h2>\n\n\n\n<p>El Cliente reconoce que toda la informaci\u00f3n de la que tendr\u00e1 conocimiento durante el uso del Portal y del Contenido del Portal es confidencial y reservada, y se compromete a que tanto \u00e9l como sus asociados y empleados no la utilicen ni la divulguen a terceros, de ninguna manera y por ning\u00fan medio.<\/p>\n\n\n\n<div style=\"height:32px\" aria-hidden=\"true\" class=\"wp-block-spacer\"><\/div>\n\n\n\n<h2 class=\"wp-block-heading\"><strong>Exenci\u00f3n de garant\u00edas<\/strong><\/h2>\n\n\n\n<p>El Proveedor no garantiza que los Contenidos del Portal est\u00e9n libres de errores ni que los productos ofrecidos est\u00e9n disponibles de forma continua. El Vendedor no realiza ninguna declaraci\u00f3n ni ofrece ninguna garant\u00eda con respecto a la utilizaci\u00f3n de los Contenidos en t\u00e9rminos de correcci\u00f3n, exactitud, adecuaci\u00f3n, utilidad, precisi\u00f3n, fiabilidad u otros.<\/p>\n\n\n\n<p>El Proveedor no ser\u00e1 responsable si, debido a un error imputable a una elecci\u00f3n err\u00f3nea por parte del Cliente, los bienes adquiridos por el Cliente a trav\u00e9s del Portal son inadecuados para su uso previsto.<\/p>\n\n\n\n<div style=\"height:32px\" aria-hidden=\"true\" class=\"wp-block-spacer\"><\/div>\n\n\n\n<h2 class=\"wp-block-heading\"><strong>Contacto<\/strong><\/h2>\n\n\n\n<p>Para cualquier aclaraci\u00f3n o solicitud de asistencia en relaci\u00f3n con el uso de PF, el Cliente puede dirigirse al contacto de referencia interno del Vendedor llamando al +34 937 373 120 (de lunes a viernes de 09:00 a 16:00 horas).<\/p>\n\n\n\n<div style=\"height:32px\" aria-hidden=\"true\" class=\"wp-block-spacer\"><\/div>\n\n\n\n<h2 class=\"wp-block-heading\"><strong>Ley aplicable y jurisdicci\u00f3n<\/strong><\/h2>\n\n\n\n<p>Las Condiciones de Uso se rigen por la legislaci\u00f3n espa\u00f1ola. Todos los litigios que se deriven de las presentes Condiciones de Uso se resolver\u00e1n mediante arbitraje, de conformidad con el Reglamento de la C\u00e1mara de Arbitraje de la C.C.I.A.A. [C\u00e1mara de Comercio, Industria, Artesan\u00eda y Agricultura] de Barcelona, por un \u00e1rbitro \u00fanico, designado de conformidad con dicho Reglamento. Sede del arbitraje: Barcelona.<\/p>\n\n\n\n<div style=\"height:32px\" aria-hidden=\"true\" class=\"wp-block-spacer\"><\/div>\n\n\n\n<h2 class=\"wp-block-heading\"><strong>Protecci\u00f3n de los datos del Cliente de acuerdo con el (It.) Decreto Legislativo n. 196 de 30.6.2003 (modificado) y el Reglamento (UE) 679\/2016.<\/strong><\/h2>\n\n\n\n<p>Todos los datos del Cliente adquiridos para el registro en el Portal o cuando \u00e9ste sea utilizado por el Cliente ser\u00e1n procesados y almacenados por el Proveedor en papel, archivos electr\u00f3nicos o soportes magn\u00e9ticos y ser\u00e1n utilizados exclusivamente para la finalidad para la que fueron recogidos.<\/p>\n","protected":false},"excerpt":{"rendered":"<p>Los presentes t\u00e9rminos y condiciones (en adelante \u00abT\u00e9rminos y Condiciones de Uso\u00ab) regulan los t\u00e9rminos y condiciones de acceso y uso de las plataformas\/portales Fiorentini (en adelante \u00abPortal\u00bb) y se aplicar\u00e1n a todos los usos, as\u00ed como a su contenido, la informaci\u00f3n, las recomendaciones y\/o los servicios prestados por Pietro Fiorentini Iberia (en adelante \u00abProveedor\u00ab) [&hellip;]<\/p>\n","protected":false},"author":15,"featured_media":11509,"parent":0,"menu_order":0,"comment_status":"closed","ping_status":"closed","template":"","meta":{"_acf_changed":false,"inline_featured_image":false,"footnotes":""},"class_list":["post-19811","page","type-page","status-publish","has-post-thumbnail","hentry"],"acf":[],"yoast_head":"<!-- This site is optimized with the Yoast SEO plugin v27.2 - https:\/\/yoast.com\/product\/yoast-seo-wordpress\/ -->\n<title>T\u00e9rminos y Condiciones de uso - Pietro Fiorentini Iberia<\/title>\n<meta name=\"robots\" content=\"index, follow, max-snippet:-1, max-image-preview:large, max-video-preview:-1\" \/>\n<link rel=\"canonical\" href=\"https:\/\/fiorentini-iberia.com\/es\/terminos-y-condiciones-de-uso\/\" \/>\n<meta property=\"og:locale\" content=\"es_ES\" \/>\n<meta property=\"og:type\" content=\"article\" \/>\n<meta property=\"og:title\" content=\"T\u00e9rminos y Condiciones de uso - Pietro Fiorentini Iberia\" \/>\n<meta property=\"og:description\" content=\"Los presentes t\u00e9rminos y condiciones (en adelante \u00abT\u00e9rminos y Condiciones de Uso\u00ab) regulan los t\u00e9rminos y condiciones de acceso y uso de las plataformas\/portales Fiorentini (en adelante \u00abPortal\u00bb) y se aplicar\u00e1n a todos los usos, as\u00ed como a su contenido, la informaci\u00f3n, las recomendaciones y\/o los servicios prestados por Pietro Fiorentini Iberia (en adelante \u00abProveedor\u00ab) [&hellip;]\" \/>\n<meta property=\"og:url\" content=\"https:\/\/fiorentini-iberia.com\/es\/terminos-y-condiciones-de-uso\/\" \/>\n<meta property=\"og:site_name\" content=\"Pietro Fiorentini Iberia\" \/>\n<meta property=\"article:modified_time\" content=\"2022-09-12T05:43:34+00:00\" \/>\n<meta property=\"og:image\" content=\"https:\/\/www.fiorentini-iberia.com\/wp-content\/uploads\/2021\/04\/01_legal.jpeg\" \/>\n\t<meta property=\"og:image:width\" content=\"1920\" \/>\n\t<meta property=\"og:image:height\" content=\"288\" \/>\n\t<meta property=\"og:image:type\" content=\"image\/jpeg\" \/>\n<meta name=\"twitter:card\" content=\"summary_large_image\" \/>\n<meta name=\"twitter:site\" content=\"@FiorentiniSpa\" \/>\n<meta name=\"twitter:label1\" content=\"Tiempo de lectura\" \/>\n\t<meta name=\"twitter:data1\" content=\"4 minutos\" \/>\n<script type=\"application\/ld+json\" class=\"yoast-schema-graph\">{\"@context\":\"https:\/\/schema.org\",\"@graph\":[{\"@type\":\"WebPage\",\"@id\":\"https:\/\/fiorentini-iberia.com\/es\/terminos-y-condiciones-de-uso\/\",\"url\":\"https:\/\/fiorentini-iberia.com\/es\/terminos-y-condiciones-de-uso\/\",\"name\":\"T\u00e9rminos y Condiciones de uso - Pietro Fiorentini Iberia\",\"isPartOf\":{\"@id\":\"https:\/\/www.fiorentini-iberia.com\/es\/#website\"},\"primaryImageOfPage\":{\"@id\":\"https:\/\/fiorentini-iberia.com\/es\/terminos-y-condiciones-de-uso\/#primaryimage\"},\"image\":{\"@id\":\"https:\/\/fiorentini-iberia.com\/es\/terminos-y-condiciones-de-uso\/#primaryimage\"},\"thumbnailUrl\":\"https:\/\/fiorentini-iberia.com\/wp-content\/uploads\/2021\/04\/01_legal.jpeg\",\"datePublished\":\"2021-09-08T08:26:43+00:00\",\"dateModified\":\"2022-09-12T05:43:34+00:00\",\"breadcrumb\":{\"@id\":\"https:\/\/fiorentini-iberia.com\/es\/terminos-y-condiciones-de-uso\/#breadcrumb\"},\"inLanguage\":\"es\",\"potentialAction\":[{\"@type\":\"ReadAction\",\"target\":[\"https:\/\/fiorentini-iberia.com\/es\/terminos-y-condiciones-de-uso\/\"]}]},{\"@type\":\"ImageObject\",\"inLanguage\":\"es\",\"@id\":\"https:\/\/fiorentini-iberia.com\/es\/terminos-y-condiciones-de-uso\/#primaryimage\",\"url\":\"https:\/\/fiorentini-iberia.com\/wp-content\/uploads\/2021\/04\/01_legal.jpeg\",\"contentUrl\":\"https:\/\/fiorentini-iberia.com\/wp-content\/uploads\/2021\/04\/01_legal.jpeg\",\"width\":1920,\"height\":288},{\"@type\":\"BreadcrumbList\",\"@id\":\"https:\/\/fiorentini-iberia.com\/es\/terminos-y-condiciones-de-uso\/#breadcrumb\",\"itemListElement\":[{\"@type\":\"ListItem\",\"position\":1,\"name\":\"Home\",\"item\":\"https:\/\/www.fiorentini-iberia.com\/es\/\"},{\"@type\":\"ListItem\",\"position\":2,\"name\":\"T\u00e9rminos y Condiciones de uso\"}]},{\"@type\":\"WebSite\",\"@id\":\"https:\/\/www.fiorentini-iberia.com\/es\/#website\",\"url\":\"https:\/\/www.fiorentini-iberia.com\/es\/\",\"name\":\"Pietro Fiorentini Iberia\",\"description\":\"Pietro Fiorentini dise\u00f1a y fabrica componentes, sistemas y servicios para la regulaci\u00f3n, medici\u00f3n, gesti\u00f3n de redes de agua, energ\u00edas renovables, petr\u00f3leo y el gas natural, con sistemas adaptados 100% al hidr\u00f3geno.\",\"publisher\":{\"@id\":\"https:\/\/www.fiorentini-iberia.com\/es\/#organization\"},\"potentialAction\":[{\"@type\":\"SearchAction\",\"target\":{\"@type\":\"EntryPoint\",\"urlTemplate\":\"https:\/\/www.fiorentini-iberia.com\/es\/?s={search_term_string}\"},\"query-input\":{\"@type\":\"PropertyValueSpecification\",\"valueRequired\":true,\"valueName\":\"search_term_string\"}}],\"inLanguage\":\"es\"},{\"@type\":\"Organization\",\"@id\":\"https:\/\/www.fiorentini-iberia.com\/es\/#organization\",\"name\":\"Pietro Fiorentini Iberia\",\"url\":\"https:\/\/www.fiorentini-iberia.com\/es\/\",\"logo\":{\"@type\":\"ImageObject\",\"inLanguage\":\"es\",\"@id\":\"https:\/\/www.fiorentini-iberia.com\/es\/#\/schema\/logo\/image\/\",\"url\":\"https:\/\/fiorentini-iberia.com\/wp-content\/uploads\/2020\/11\/logo.svg\",\"contentUrl\":\"https:\/\/fiorentini-iberia.com\/wp-content\/uploads\/2020\/11\/logo.svg\",\"width\":227,\"height\":59,\"caption\":\"Pietro Fiorentini Iberia\"},\"image\":{\"@id\":\"https:\/\/www.fiorentini-iberia.com\/es\/#\/schema\/logo\/image\/\"},\"sameAs\":[\"https:\/\/x.com\/FiorentiniSpa\",\"https:\/\/www.linkedin.com\/company\/pietro-fiorentini-iberia\/\"]}]}<\/script>\n<!-- \/ Yoast SEO plugin. -->","yoast_head_json":{"title":"T\u00e9rminos y Condiciones de uso - Pietro Fiorentini Iberia","robots":{"index":"index","follow":"follow","max-snippet":"max-snippet:-1","max-image-preview":"max-image-preview:large","max-video-preview":"max-video-preview:-1"},"canonical":"https:\/\/fiorentini-iberia.com\/es\/terminos-y-condiciones-de-uso\/","og_locale":"es_ES","og_type":"article","og_title":"T\u00e9rminos y Condiciones de uso - Pietro Fiorentini Iberia","og_description":"Los presentes t\u00e9rminos y condiciones (en adelante \u00abT\u00e9rminos y Condiciones de Uso\u00ab) regulan los t\u00e9rminos y condiciones de acceso y uso de las plataformas\/portales Fiorentini (en adelante \u00abPortal\u00bb) y se aplicar\u00e1n a todos los usos, as\u00ed como a su contenido, la informaci\u00f3n, las recomendaciones y\/o los servicios prestados por Pietro Fiorentini Iberia (en adelante \u00abProveedor\u00ab) [&hellip;]","og_url":"https:\/\/fiorentini-iberia.com\/es\/terminos-y-condiciones-de-uso\/","og_site_name":"Pietro Fiorentini Iberia","article_modified_time":"2022-09-12T05:43:34+00:00","og_image":[{"width":1920,"height":288,"url":"https:\/\/www.fiorentini-iberia.com\/wp-content\/uploads\/2021\/04\/01_legal.jpeg","type":"image\/jpeg"}],"twitter_card":"summary_large_image","twitter_site":"@FiorentiniSpa","twitter_misc":{"Tiempo de lectura":"4 minutos"},"schema":{"@context":"https:\/\/schema.org","@graph":[{"@type":"WebPage","@id":"https:\/\/fiorentini-iberia.com\/es\/terminos-y-condiciones-de-uso\/","url":"https:\/\/fiorentini-iberia.com\/es\/terminos-y-condiciones-de-uso\/","name":"T\u00e9rminos y Condiciones de uso - Pietro Fiorentini Iberia","isPartOf":{"@id":"https:\/\/www.fiorentini-iberia.com\/es\/#website"},"primaryImageOfPage":{"@id":"https:\/\/fiorentini-iberia.com\/es\/terminos-y-condiciones-de-uso\/#primaryimage"},"image":{"@id":"https:\/\/fiorentini-iberia.com\/es\/terminos-y-condiciones-de-uso\/#primaryimage"},"thumbnailUrl":"https:\/\/fiorentini-iberia.com\/wp-content\/uploads\/2021\/04\/01_legal.jpeg","datePublished":"2021-09-08T08:26:43+00:00","dateModified":"2022-09-12T05:43:34+00:00","breadcrumb":{"@id":"https:\/\/fiorentini-iberia.com\/es\/terminos-y-condiciones-de-uso\/#breadcrumb"},"inLanguage":"es","potentialAction":[{"@type":"ReadAction","target":["https:\/\/fiorentini-iberia.com\/es\/terminos-y-condiciones-de-uso\/"]}]},{"@type":"ImageObject","inLanguage":"es","@id":"https:\/\/fiorentini-iberia.com\/es\/terminos-y-condiciones-de-uso\/#primaryimage","url":"https:\/\/fiorentini-iberia.com\/wp-content\/uploads\/2021\/04\/01_legal.jpeg","contentUrl":"https:\/\/fiorentini-iberia.com\/wp-content\/uploads\/2021\/04\/01_legal.jpeg","width":1920,"height":288},{"@type":"BreadcrumbList","@id":"https:\/\/fiorentini-iberia.com\/es\/terminos-y-condiciones-de-uso\/#breadcrumb","itemListElement":[{"@type":"ListItem","position":1,"name":"Home","item":"https:\/\/www.fiorentini-iberia.com\/es\/"},{"@type":"ListItem","position":2,"name":"T\u00e9rminos y Condiciones de uso"}]},{"@type":"WebSite","@id":"https:\/\/www.fiorentini-iberia.com\/es\/#website","url":"https:\/\/www.fiorentini-iberia.com\/es\/","name":"Pietro Fiorentini Iberia","description":"Pietro Fiorentini dise\u00f1a y fabrica componentes, sistemas y servicios para la regulaci\u00f3n, medici\u00f3n, gesti\u00f3n de redes de agua, energ\u00edas renovables, petr\u00f3leo y el gas natural, con sistemas adaptados 100% al hidr\u00f3geno.","publisher":{"@id":"https:\/\/www.fiorentini-iberia.com\/es\/#organization"},"potentialAction":[{"@type":"SearchAction","target":{"@type":"EntryPoint","urlTemplate":"https:\/\/www.fiorentini-iberia.com\/es\/?s={search_term_string}"},"query-input":{"@type":"PropertyValueSpecification","valueRequired":true,"valueName":"search_term_string"}}],"inLanguage":"es"},{"@type":"Organization","@id":"https:\/\/www.fiorentini-iberia.com\/es\/#organization","name":"Pietro Fiorentini Iberia","url":"https:\/\/www.fiorentini-iberia.com\/es\/","logo":{"@type":"ImageObject","inLanguage":"es","@id":"https:\/\/www.fiorentini-iberia.com\/es\/#\/schema\/logo\/image\/","url":"https:\/\/fiorentini-iberia.com\/wp-content\/uploads\/2020\/11\/logo.svg","contentUrl":"https:\/\/fiorentini-iberia.com\/wp-content\/uploads\/2020\/11\/logo.svg","width":227,"height":59,"caption":"Pietro Fiorentini Iberia"},"image":{"@id":"https:\/\/www.fiorentini-iberia.com\/es\/#\/schema\/logo\/image\/"},"sameAs":["https:\/\/x.com\/FiorentiniSpa","https:\/\/www.linkedin.com\/company\/pietro-fiorentini-iberia\/"]}]}},"_links":{"self":[{"href":"https:\/\/fiorentini-iberia.com\/es\/wp-json\/wp\/v2\/pages\/19811","targetHints":{"allow":["GET"]}}],"collection":[{"href":"https:\/\/fiorentini-iberia.com\/es\/wp-json\/wp\/v2\/pages"}],"about":[{"href":"https:\/\/fiorentini-iberia.com\/es\/wp-json\/wp\/v2\/types\/page"}],"author":[{"embeddable":true,"href":"https:\/\/fiorentini-iberia.com\/es\/wp-json\/wp\/v2\/users\/15"}],"replies":[{"embeddable":true,"href":"https:\/\/fiorentini-iberia.com\/es\/wp-json\/wp\/v2\/comments?post=19811"}],"version-history":[{"count":3,"href":"https:\/\/fiorentini-iberia.com\/es\/wp-json\/wp\/v2\/pages\/19811\/revisions"}],"predecessor-version":[{"id":20976,"href":"https:\/\/fiorentini-iberia.com\/es\/wp-json\/wp\/v2\/pages\/19811\/revisions\/20976"}],"wp:featuredmedia":[{"embeddable":true,"href":"https:\/\/fiorentini-iberia.com\/es\/wp-json\/wp\/v2\/media\/11509"}],"wp:attachment":[{"href":"https:\/\/fiorentini-iberia.com\/es\/wp-json\/wp\/v2\/media?parent=19811"}],"curies":[{"name":"wp","href":"https:\/\/api.w.org\/{rel}","templated":true}]}}