{"id":61874,"date":"2025-09-29T11:29:58","date_gmt":"2025-09-29T09:29:58","guid":{"rendered":"https:\/\/www.fiorentini-iberia.com\/?page_id=61874"},"modified":"2025-10-31T11:02:32","modified_gmt":"2025-10-31T10:02:32","slug":"companies-and-brands","status":"publish","type":"page","link":"https:\/\/fiorentini-iberia.com\/en\/pietro-fiorentini-group\/companies-and-brands\/","title":{"rendered":"Companies and Brands"},"content":{"rendered":"\n<p>The subsidiaries and brands of the Pietro Fiorentini Group enhance and expand the offerings across multiple sectors: from renewable energies to data management software, from the water cycle to waste valorization. The synergy between different skills and technical knowledge allows the Pietro Fiorentini Group to develop and industrialize innovative solutions both in processes and technology.<\/p>\n","protected":false},"excerpt":{"rendered":"<p>The subsidiaries and brands of the Pietro Fiorentini Group enhance and expand the offerings across multiple sectors: from renewable energies to data management software, from the water cycle to waste valorization. The synergy between different skills and technical knowledge allows the Pietro Fiorentini Group to develop and industrialize innovative solutions both in processes and technology.<\/p>\n","protected":false},"author":14,"featured_media":54469,"parent":61883,"menu_order":0,"comment_status":"closed","ping_status":"closed","template":"template-pf-group-2.php","meta":{"_acf_changed":false,"inline_featured_image":false,"footnotes":""},"class_list":["post-61874","page","type-page","status-publish","has-post-thumbnail","hentry"],"acf":[],"yoast_head":"<!-- This site is optimized with the Yoast SEO plugin v27.2 - https:\/\/yoast.com\/product\/yoast-seo-wordpress\/ -->\n<title>Companies and Brands - Pietro Fiorentini<\/title>\n<meta name=\"robots\" content=\"index, follow, max-snippet:-1, max-image-preview:large, max-video-preview:-1\" \/>\n<link rel=\"canonical\" href=\"https:\/\/fiorentini-iberia.com\/en\/pietro-fiorentini-group\/companies-and-brands\/\" \/>\n<meta property=\"og:locale\" content=\"en_US\" \/>\n<meta property=\"og:type\" content=\"article\" \/>\n<meta property=\"og:title\" content=\"Companies and Brands - Pietro Fiorentini\" \/>\n<meta property=\"og:description\" content=\"The subsidiaries and brands of the Pietro Fiorentini Group enhance and expand the offerings across multiple sectors: from renewable energies to data management software, from the water cycle to waste valorization. The synergy between different skills and technical knowledge allows the Pietro Fiorentini Group to develop and industrialize innovative solutions both in processes and technology.\" \/>\n<meta property=\"og:url\" content=\"https:\/\/fiorentini-iberia.com\/en\/pietro-fiorentini-group\/companies-and-brands\/\" \/>\n<meta property=\"og:site_name\" content=\"Pietro Fiorentini\" \/>\n<meta property=\"article:modified_time\" content=\"2025-10-31T10:02:32+00:00\" \/>\n<meta property=\"og:image\" content=\"https:\/\/www.fiorentini-iberia.com\/wp-content\/uploads\/2024\/06\/pf-group-cover.jpeg\" \/>\n\t<meta property=\"og:image:width\" content=\"1920\" \/>\n\t<meta property=\"og:image:height\" content=\"288\" \/>\n\t<meta property=\"og:image:type\" content=\"image\/jpeg\" \/>\n<meta name=\"twitter:card\" content=\"summary_large_image\" \/>\n<meta name=\"twitter:site\" content=\"@FiorentiniSpa\" \/>\n<meta name=\"twitter:label1\" content=\"Est. reading time\" \/>\n\t<meta name=\"twitter:data1\" content=\"1 minute\" \/>\n<script type=\"application\/ld+json\" class=\"yoast-schema-graph\">{\"@context\":\"https:\/\/schema.org\",\"@graph\":[{\"@type\":\"WebPage\",\"@id\":\"https:\/\/fiorentini-iberia.com\/en\/pietro-fiorentini-group\/companies-and-brands\/\",\"url\":\"https:\/\/fiorentini-iberia.com\/en\/pietro-fiorentini-group\/companies-and-brands\/\",\"name\":\"Companies and Brands - Pietro Fiorentini\",\"isPartOf\":{\"@id\":\"https:\/\/www.fiorentini-iberia.com\/en\/#website\"},\"primaryImageOfPage\":{\"@id\":\"https:\/\/fiorentini-iberia.com\/en\/pietro-fiorentini-group\/companies-and-brands\/#primaryimage\"},\"image\":{\"@id\":\"https:\/\/fiorentini-iberia.com\/en\/pietro-fiorentini-group\/companies-and-brands\/#primaryimage\"},\"thumbnailUrl\":\"https:\/\/fiorentini-iberia.com\/wp-content\/uploads\/2024\/06\/pf-group-cover.jpeg\",\"datePublished\":\"2025-09-29T09:29:58+00:00\",\"dateModified\":\"2025-10-31T10:02:32+00:00\",\"breadcrumb\":{\"@id\":\"https:\/\/fiorentini-iberia.com\/en\/pietro-fiorentini-group\/companies-and-brands\/#breadcrumb\"},\"inLanguage\":\"en-US\",\"potentialAction\":[{\"@type\":\"ReadAction\",\"target\":[\"https:\/\/fiorentini-iberia.com\/en\/pietro-fiorentini-group\/companies-and-brands\/\"]}]},{\"@type\":\"ImageObject\",\"inLanguage\":\"en-US\",\"@id\":\"https:\/\/fiorentini-iberia.com\/en\/pietro-fiorentini-group\/companies-and-brands\/#primaryimage\",\"url\":\"https:\/\/fiorentini-iberia.com\/wp-content\/uploads\/2024\/06\/pf-group-cover.jpeg\",\"contentUrl\":\"https:\/\/fiorentini-iberia.com\/wp-content\/uploads\/2024\/06\/pf-group-cover.jpeg\",\"width\":1920,\"height\":288,\"caption\":\"distribution and delivery concept, global business communication network, planet image from NASA\"},{\"@type\":\"BreadcrumbList\",\"@id\":\"https:\/\/fiorentini-iberia.com\/en\/pietro-fiorentini-group\/companies-and-brands\/#breadcrumb\",\"itemListElement\":[{\"@type\":\"ListItem\",\"position\":1,\"name\":\"Home\",\"item\":\"https:\/\/www.fiorentini-iberia.com\/en\/\"},{\"@type\":\"ListItem\",\"position\":2,\"name\":\"Pietro Fiorentini Group\",\"item\":\"https:\/\/www.fiorentini-iberia.com\/en\/pietro-fiorentini-group\/\"},{\"@type\":\"ListItem\",\"position\":3,\"name\":\"Companies and Brands\"}]},{\"@type\":\"WebSite\",\"@id\":\"https:\/\/www.fiorentini-iberia.com\/en\/#website\",\"url\":\"https:\/\/www.fiorentini-iberia.com\/en\/\",\"name\":\"Pietro Fiorentini Iberia\",\"description\":\"Pietro Fiorentini dise\u00f1a y fabrica componentes, sistemas y servicios para la regulaci\u00f3n, medici\u00f3n, gesti\u00f3n del petr\u00f3leo y el gas natural.\",\"publisher\":{\"@id\":\"https:\/\/www.fiorentini-iberia.com\/en\/#organization\"},\"potentialAction\":[{\"@type\":\"SearchAction\",\"target\":{\"@type\":\"EntryPoint\",\"urlTemplate\":\"https:\/\/www.fiorentini-iberia.com\/en\/?s={search_term_string}\"},\"query-input\":{\"@type\":\"PropertyValueSpecification\",\"valueRequired\":true,\"valueName\":\"search_term_string\"}}],\"inLanguage\":\"en-US\"},{\"@type\":\"Organization\",\"@id\":\"https:\/\/www.fiorentini-iberia.com\/en\/#organization\",\"name\":\"Pietro Fiorentini Iberia\",\"url\":\"https:\/\/www.fiorentini-iberia.com\/en\/\",\"logo\":{\"@type\":\"ImageObject\",\"inLanguage\":\"en-US\",\"@id\":\"https:\/\/www.fiorentini-iberia.com\/en\/#\/schema\/logo\/image\/\",\"url\":\"https:\/\/fiorentini-iberia.com\/wp-content\/uploads\/2020\/11\/logo.svg\",\"contentUrl\":\"https:\/\/fiorentini-iberia.com\/wp-content\/uploads\/2020\/11\/logo.svg\",\"width\":227,\"height\":59,\"caption\":\"Pietro Fiorentini Iberia\"},\"image\":{\"@id\":\"https:\/\/www.fiorentini-iberia.com\/en\/#\/schema\/logo\/image\/\"},\"sameAs\":[\"https:\/\/x.com\/FiorentiniSpa\",\"https:\/\/www.linkedin.com\/company\/pietro-fiorentini-iberia\/\"]}]}<\/script>\n<!-- \/ Yoast SEO plugin. -->","yoast_head_json":{"title":"Companies and Brands - Pietro Fiorentini","robots":{"index":"index","follow":"follow","max-snippet":"max-snippet:-1","max-image-preview":"max-image-preview:large","max-video-preview":"max-video-preview:-1"},"canonical":"https:\/\/fiorentini-iberia.com\/en\/pietro-fiorentini-group\/companies-and-brands\/","og_locale":"en_US","og_type":"article","og_title":"Companies and Brands - Pietro Fiorentini","og_description":"The subsidiaries and brands of the Pietro Fiorentini Group enhance and expand the offerings across multiple sectors: from renewable energies to data management software, from the water cycle to waste valorization. The synergy between different skills and technical knowledge allows the Pietro Fiorentini Group to develop and industrialize innovative solutions both in processes and technology.","og_url":"https:\/\/fiorentini-iberia.com\/en\/pietro-fiorentini-group\/companies-and-brands\/","og_site_name":"Pietro Fiorentini","article_modified_time":"2025-10-31T10:02:32+00:00","og_image":[{"width":1920,"height":288,"url":"https:\/\/www.fiorentini-iberia.com\/wp-content\/uploads\/2024\/06\/pf-group-cover.jpeg","type":"image\/jpeg"}],"twitter_card":"summary_large_image","twitter_site":"@FiorentiniSpa","twitter_misc":{"Est. reading time":"1 minute"},"schema":{"@context":"https:\/\/schema.org","@graph":[{"@type":"WebPage","@id":"https:\/\/fiorentini-iberia.com\/en\/pietro-fiorentini-group\/companies-and-brands\/","url":"https:\/\/fiorentini-iberia.com\/en\/pietro-fiorentini-group\/companies-and-brands\/","name":"Companies and Brands - Pietro Fiorentini","isPartOf":{"@id":"https:\/\/www.fiorentini-iberia.com\/en\/#website"},"primaryImageOfPage":{"@id":"https:\/\/fiorentini-iberia.com\/en\/pietro-fiorentini-group\/companies-and-brands\/#primaryimage"},"image":{"@id":"https:\/\/fiorentini-iberia.com\/en\/pietro-fiorentini-group\/companies-and-brands\/#primaryimage"},"thumbnailUrl":"https:\/\/fiorentini-iberia.com\/wp-content\/uploads\/2024\/06\/pf-group-cover.jpeg","datePublished":"2025-09-29T09:29:58+00:00","dateModified":"2025-10-31T10:02:32+00:00","breadcrumb":{"@id":"https:\/\/fiorentini-iberia.com\/en\/pietro-fiorentini-group\/companies-and-brands\/#breadcrumb"},"inLanguage":"en-US","potentialAction":[{"@type":"ReadAction","target":["https:\/\/fiorentini-iberia.com\/en\/pietro-fiorentini-group\/companies-and-brands\/"]}]},{"@type":"ImageObject","inLanguage":"en-US","@id":"https:\/\/fiorentini-iberia.com\/en\/pietro-fiorentini-group\/companies-and-brands\/#primaryimage","url":"https:\/\/fiorentini-iberia.com\/wp-content\/uploads\/2024\/06\/pf-group-cover.jpeg","contentUrl":"https:\/\/fiorentini-iberia.com\/wp-content\/uploads\/2024\/06\/pf-group-cover.jpeg","width":1920,"height":288,"caption":"distribution and delivery concept, global business communication network, planet image from NASA"},{"@type":"BreadcrumbList","@id":"https:\/\/fiorentini-iberia.com\/en\/pietro-fiorentini-group\/companies-and-brands\/#breadcrumb","itemListElement":[{"@type":"ListItem","position":1,"name":"Home","item":"https:\/\/www.fiorentini-iberia.com\/en\/"},{"@type":"ListItem","position":2,"name":"Pietro Fiorentini Group","item":"https:\/\/www.fiorentini-iberia.com\/en\/pietro-fiorentini-group\/"},{"@type":"ListItem","position":3,"name":"Companies and Brands"}]},{"@type":"WebSite","@id":"https:\/\/www.fiorentini-iberia.com\/en\/#website","url":"https:\/\/www.fiorentini-iberia.com\/en\/","name":"Pietro Fiorentini Iberia","description":"Pietro Fiorentini dise\u00f1a y fabrica componentes, sistemas y servicios para la regulaci\u00f3n, medici\u00f3n, gesti\u00f3n del petr\u00f3leo y el gas natural.","publisher":{"@id":"https:\/\/www.fiorentini-iberia.com\/en\/#organization"},"potentialAction":[{"@type":"SearchAction","target":{"@type":"EntryPoint","urlTemplate":"https:\/\/www.fiorentini-iberia.com\/en\/?s={search_term_string}"},"query-input":{"@type":"PropertyValueSpecification","valueRequired":true,"valueName":"search_term_string"}}],"inLanguage":"en-US"},{"@type":"Organization","@id":"https:\/\/www.fiorentini-iberia.com\/en\/#organization","name":"Pietro Fiorentini Iberia","url":"https:\/\/www.fiorentini-iberia.com\/en\/","logo":{"@type":"ImageObject","inLanguage":"en-US","@id":"https:\/\/www.fiorentini-iberia.com\/en\/#\/schema\/logo\/image\/","url":"https:\/\/fiorentini-iberia.com\/wp-content\/uploads\/2020\/11\/logo.svg","contentUrl":"https:\/\/fiorentini-iberia.com\/wp-content\/uploads\/2020\/11\/logo.svg","width":227,"height":59,"caption":"Pietro Fiorentini Iberia"},"image":{"@id":"https:\/\/www.fiorentini-iberia.com\/en\/#\/schema\/logo\/image\/"},"sameAs":["https:\/\/x.com\/FiorentiniSpa","https:\/\/www.linkedin.com\/company\/pietro-fiorentini-iberia\/"]}]}},"_links":{"self":[{"href":"https:\/\/fiorentini-iberia.com\/en\/wp-json\/wp\/v2\/pages\/61874","targetHints":{"allow":["GET"]}}],"collection":[{"href":"https:\/\/fiorentini-iberia.com\/en\/wp-json\/wp\/v2\/pages"}],"about":[{"href":"https:\/\/fiorentini-iberia.com\/en\/wp-json\/wp\/v2\/types\/page"}],"author":[{"embeddable":true,"href":"https:\/\/fiorentini-iberia.com\/en\/wp-json\/wp\/v2\/users\/14"}],"replies":[{"embeddable":true,"href":"https:\/\/fiorentini-iberia.com\/en\/wp-json\/wp\/v2\/comments?post=61874"}],"version-history":[{"count":2,"href":"https:\/\/fiorentini-iberia.com\/en\/wp-json\/wp\/v2\/pages\/61874\/revisions"}],"predecessor-version":[{"id":62179,"href":"https:\/\/fiorentini-iberia.com\/en\/wp-json\/wp\/v2\/pages\/61874\/revisions\/62179"}],"up":[{"embeddable":true,"href":"https:\/\/fiorentini-iberia.com\/en\/wp-json\/wp\/v2\/pages\/61883"}],"wp:featuredmedia":[{"embeddable":true,"href":"https:\/\/fiorentini-iberia.com\/en\/wp-json\/wp\/v2\/media\/54469"}],"wp:attachment":[{"href":"https:\/\/fiorentini-iberia.com\/en\/wp-json\/wp\/v2\/media?parent=61874"}],"curies":[{"name":"wp","href":"https:\/\/api.w.org\/{rel}","templated":true}]}}