{"id":50448,"date":"2024-03-15T12:01:56","date_gmt":"2024-03-15T11:01:56","guid":{"rendered":"https:\/\/www.fiorentini-iberia.com\/?page_id=50448"},"modified":"2024-03-15T13:49:31","modified_gmt":"2024-03-15T12:49:31","slug":"biogas-upgrading-for-gm-green-methane","status":"publish","type":"page","link":"https:\/\/fiorentini-iberia.com\/en\/expertise\/biomethane\/biogas-upgrading-for-gm-green-methane\/","title":{"rendered":"Biogas upgrading for GM \u2013 Green Methane"},"content":{"rendered":"\n<p>Pioneers in biomethane production:\u00a0<strong>Biokomp<\/strong>\u00a0has provided the biogas treatment and compression for the first biomethane plant in Italy already in 2014. Our systems can be applied to different upgrading technologies (membrane, scrubbing, PSA) as well as direct injection of biomethane into the grid.<\/p>\n\n\n\n<figure class=\"wp-block-embed is-type-video is-provider-youtube wp-block-embed-youtube wp-embed-aspect-16-9 wp-has-aspect-ratio\"><div class=\"wp-block-embed__wrapper\">\n<iframe loading=\"lazy\" title=\"Biomethane project\" width=\"500\" height=\"281\" src=\"https:\/\/www.youtube.com\/embed\/hgUTYt0md4o?feature=oembed\" frameborder=\"0\" allow=\"accelerometer; autoplay; clipboard-write; encrypted-media; gyroscope; picture-in-picture; web-share\" referrerpolicy=\"strict-origin-when-cross-origin\" allowfullscreen><\/iframe>\n<\/div><\/figure>\n\n\n\n<p>Client:\u00a0<strong>GM \u2013 GREEN METHANE<\/strong><br>Country:\u00a0<strong>Italy<\/strong><br>\u00a0<br>GM has developed a proprietary and proven technology for the upgrading of the Biogas to the Biomethane which core step is the CO<sub>2<\/sub>\u00a0removal from the Biogas.<br>\u00a0<br>GM take advantage from the specific and synergic background of the partners in the design, construction, operation and maintenance of industrial plants.<br>\u00a0<br><a href=\"https:\/\/www.bio-komp.com\/case-studies\" target=\"_blank\" rel=\"noreferrer noopener\"><strong>> Find out more about this case study in this link.<\/strong><\/a><br><a href=\"https:\/\/www.bio-komp.com\/filedata\/BIOKOMP_Biomethane_2018.pdf\" target=\"_blank\" rel=\"noreferrer noopener\"><strong>> Download the Biomethane Solutions data sheet.<\/strong><\/a><\/p>\n\n\n\n<p>&nbsp;<\/p>\n\n\n\n<figure class=\"wp-block-image size-large\"><img decoding=\"async\" src=\"https:\/\/www.fiorentini-iberia.com\/wp-content\/uploads\/2024\/02\/case-study-02.jpg\" alt=\"\"\/><\/figure>\n\n\n\n<p>&nbsp;<\/p>\n\n\n\n<p class=\"has-text-color has-link-color has-large-font-size wp-elements-543275eb066f36adab8625e7631eb311\" style=\"color:#199782\"><strong>&gt; <\/strong><a href=\"https:\/\/www.bio-komp.com\/impianti\/110\/GM-GREEN-METHANE.html\" target=\"_blank\" rel=\"noreferrer noopener\"><strong>More project info.<\/strong><\/a><\/p>\n\n\n\n<div style=\"height:20px\" aria-hidden=\"true\" class=\"wp-block-spacer\"><\/div>\n\n\n\n<p class=\"has-text-color has-link-color has-large-font-size wp-elements-ab6cc37259860ab3889cea5e89bba728\" style=\"color:#199782\"><strong>&gt;<\/strong>  <strong><a href=\"https:\/\/www.fiorentini-iberia.com\/en\/news\/biokomp-biogas-treatment-plant\/\">Visit the BIOKOMP presentation new.<\/a><\/strong> <\/p>\n","protected":false},"excerpt":{"rendered":"<p>Pioneers in biomethane production: Biokomp has provided the biogas treatment and compression for the first biomethane plant in Italy already in 2014. Our systems can be applied to different upgrading technologies (membrane, scrubbing, PSA) as well as direct injection of biomethane into the grid.<\/p>\n","protected":false},"author":15,"featured_media":0,"parent":29204,"menu_order":0,"comment_status":"closed","ping_status":"closed","template":"template-expertise-post.php","meta":{"_acf_changed":false,"inline_featured_image":false,"footnotes":""},"class_list":["post-50448","page","type-page","status-publish","hentry"],"acf":[],"yoast_head":"<!-- This site is optimized with the Yoast SEO plugin v27.2 - https:\/\/yoast.com\/product\/yoast-seo-wordpress\/ -->\n<title>Biogas upgrading for GM \u2013 Green Methane - Pietro Fiorentini<\/title>\n<meta name=\"description\" content=\"Our systems can be applied to different upgrading technologies (membrane, scrubbing, PSA) as well as direct injection of biomethane into the grid.\" \/>\n<meta name=\"robots\" content=\"index, follow, max-snippet:-1, max-image-preview:large, max-video-preview:-1\" \/>\n<link rel=\"canonical\" href=\"https:\/\/fiorentini-iberia.com\/en\/expertise\/biomethane\/biogas-upgrading-for-gm-green-methane\/\" \/>\n<meta property=\"og:locale\" content=\"en_US\" \/>\n<meta property=\"og:type\" content=\"article\" \/>\n<meta property=\"og:title\" content=\"Biogas upgrading for GM \u2013 Green Methane - Pietro Fiorentini\" \/>\n<meta property=\"og:description\" content=\"Our systems can be applied to different upgrading technologies (membrane, scrubbing, PSA) as well as direct injection of biomethane into the grid.\" \/>\n<meta property=\"og:url\" content=\"https:\/\/fiorentini-iberia.com\/en\/expertise\/biomethane\/biogas-upgrading-for-gm-green-methane\/\" \/>\n<meta property=\"og:site_name\" content=\"Pietro Fiorentini\" \/>\n<meta property=\"article:modified_time\" content=\"2024-03-15T12:49:31+00:00\" \/>\n<meta property=\"og:image\" content=\"https:\/\/www.fiorentini-iberia.com\/wp-content\/uploads\/2024\/02\/case-study-02.jpg\" \/>\n<meta name=\"twitter:card\" content=\"summary_large_image\" \/>\n<meta name=\"twitter:site\" content=\"@FiorentiniSpa\" \/>\n<meta name=\"twitter:label1\" content=\"Est. reading time\" \/>\n\t<meta name=\"twitter:data1\" content=\"1 minute\" \/>\n<script type=\"application\/ld+json\" class=\"yoast-schema-graph\">{\"@context\":\"https:\/\/schema.org\",\"@graph\":[{\"@type\":\"WebPage\",\"@id\":\"https:\/\/fiorentini-iberia.com\/en\/expertise\/biomethane\/biogas-upgrading-for-gm-green-methane\/\",\"url\":\"https:\/\/fiorentini-iberia.com\/en\/expertise\/biomethane\/biogas-upgrading-for-gm-green-methane\/\",\"name\":\"Biogas upgrading for GM \u2013 Green Methane - Pietro Fiorentini\",\"isPartOf\":{\"@id\":\"https:\/\/www.fiorentini-iberia.com\/en\/#website\"},\"primaryImageOfPage\":{\"@id\":\"https:\/\/fiorentini-iberia.com\/en\/expertise\/biomethane\/biogas-upgrading-for-gm-green-methane\/#primaryimage\"},\"image\":{\"@id\":\"https:\/\/fiorentini-iberia.com\/en\/expertise\/biomethane\/biogas-upgrading-for-gm-green-methane\/#primaryimage\"},\"thumbnailUrl\":\"https:\/\/www.fiorentini-iberia.com\/wp-content\/uploads\/2024\/02\/case-study-02.jpg\",\"datePublished\":\"2024-03-15T11:01:56+00:00\",\"dateModified\":\"2024-03-15T12:49:31+00:00\",\"description\":\"Our systems can be applied to different upgrading technologies (membrane, scrubbing, PSA) as well as direct injection of biomethane into the grid.\",\"breadcrumb\":{\"@id\":\"https:\/\/fiorentini-iberia.com\/en\/expertise\/biomethane\/biogas-upgrading-for-gm-green-methane\/#breadcrumb\"},\"inLanguage\":\"en-US\",\"potentialAction\":[{\"@type\":\"ReadAction\",\"target\":[\"https:\/\/fiorentini-iberia.com\/en\/expertise\/biomethane\/biogas-upgrading-for-gm-green-methane\/\"]}]},{\"@type\":\"ImageObject\",\"inLanguage\":\"en-US\",\"@id\":\"https:\/\/fiorentini-iberia.com\/en\/expertise\/biomethane\/biogas-upgrading-for-gm-green-methane\/#primaryimage\",\"url\":\"https:\/\/www.fiorentini-iberia.com\/wp-content\/uploads\/2024\/02\/case-study-02.jpg\",\"contentUrl\":\"https:\/\/www.fiorentini-iberia.com\/wp-content\/uploads\/2024\/02\/case-study-02.jpg\"},{\"@type\":\"BreadcrumbList\",\"@id\":\"https:\/\/fiorentini-iberia.com\/en\/expertise\/biomethane\/biogas-upgrading-for-gm-green-methane\/#breadcrumb\",\"itemListElement\":[{\"@type\":\"ListItem\",\"position\":1,\"name\":\"Home\",\"item\":\"https:\/\/www.fiorentini-iberia.com\/en\/\"},{\"@type\":\"ListItem\",\"position\":2,\"name\":\"Expertise\",\"item\":\"https:\/\/www.fiorentini-iberia.com\/en\/expertise\/\"},{\"@type\":\"ListItem\",\"position\":3,\"name\":\"Biomethane\",\"item\":\"https:\/\/www.fiorentini-iberia.com\/en\/expertise\/biomethane\/\"},{\"@type\":\"ListItem\",\"position\":4,\"name\":\"Biogas upgrading for GM \u2013 Green Methane\"}]},{\"@type\":\"WebSite\",\"@id\":\"https:\/\/www.fiorentini-iberia.com\/en\/#website\",\"url\":\"https:\/\/www.fiorentini-iberia.com\/en\/\",\"name\":\"Pietro Fiorentini Iberia\",\"description\":\"Pietro Fiorentini dise\u00f1a y fabrica componentes, sistemas y servicios para la regulaci\u00f3n, medici\u00f3n, gesti\u00f3n del petr\u00f3leo y el gas natural.\",\"publisher\":{\"@id\":\"https:\/\/www.fiorentini-iberia.com\/en\/#organization\"},\"potentialAction\":[{\"@type\":\"SearchAction\",\"target\":{\"@type\":\"EntryPoint\",\"urlTemplate\":\"https:\/\/www.fiorentini-iberia.com\/en\/?s={search_term_string}\"},\"query-input\":{\"@type\":\"PropertyValueSpecification\",\"valueRequired\":true,\"valueName\":\"search_term_string\"}}],\"inLanguage\":\"en-US\"},{\"@type\":\"Organization\",\"@id\":\"https:\/\/www.fiorentini-iberia.com\/en\/#organization\",\"name\":\"Pietro Fiorentini Iberia\",\"url\":\"https:\/\/www.fiorentini-iberia.com\/en\/\",\"logo\":{\"@type\":\"ImageObject\",\"inLanguage\":\"en-US\",\"@id\":\"https:\/\/www.fiorentini-iberia.com\/en\/#\/schema\/logo\/image\/\",\"url\":\"https:\/\/fiorentini-iberia.com\/wp-content\/uploads\/2020\/11\/logo.svg\",\"contentUrl\":\"https:\/\/fiorentini-iberia.com\/wp-content\/uploads\/2020\/11\/logo.svg\",\"width\":227,\"height\":59,\"caption\":\"Pietro Fiorentini Iberia\"},\"image\":{\"@id\":\"https:\/\/www.fiorentini-iberia.com\/en\/#\/schema\/logo\/image\/\"},\"sameAs\":[\"https:\/\/x.com\/FiorentiniSpa\",\"https:\/\/www.linkedin.com\/company\/pietro-fiorentini-iberia\/\"]}]}<\/script>\n<!-- \/ Yoast SEO plugin. -->","yoast_head_json":{"title":"Biogas upgrading for GM \u2013 Green Methane - Pietro Fiorentini","description":"Our systems can be applied to different upgrading technologies (membrane, scrubbing, PSA) as well as direct injection of biomethane into the grid.","robots":{"index":"index","follow":"follow","max-snippet":"max-snippet:-1","max-image-preview":"max-image-preview:large","max-video-preview":"max-video-preview:-1"},"canonical":"https:\/\/fiorentini-iberia.com\/en\/expertise\/biomethane\/biogas-upgrading-for-gm-green-methane\/","og_locale":"en_US","og_type":"article","og_title":"Biogas upgrading for GM \u2013 Green Methane - Pietro Fiorentini","og_description":"Our systems can be applied to different upgrading technologies (membrane, scrubbing, PSA) as well as direct injection of biomethane into the grid.","og_url":"https:\/\/fiorentini-iberia.com\/en\/expertise\/biomethane\/biogas-upgrading-for-gm-green-methane\/","og_site_name":"Pietro Fiorentini","article_modified_time":"2024-03-15T12:49:31+00:00","og_image":[{"url":"https:\/\/www.fiorentini-iberia.com\/wp-content\/uploads\/2024\/02\/case-study-02.jpg","type":"","width":"","height":""}],"twitter_card":"summary_large_image","twitter_site":"@FiorentiniSpa","twitter_misc":{"Est. reading time":"1 minute"},"schema":{"@context":"https:\/\/schema.org","@graph":[{"@type":"WebPage","@id":"https:\/\/fiorentini-iberia.com\/en\/expertise\/biomethane\/biogas-upgrading-for-gm-green-methane\/","url":"https:\/\/fiorentini-iberia.com\/en\/expertise\/biomethane\/biogas-upgrading-for-gm-green-methane\/","name":"Biogas upgrading for GM \u2013 Green Methane - Pietro Fiorentini","isPartOf":{"@id":"https:\/\/www.fiorentini-iberia.com\/en\/#website"},"primaryImageOfPage":{"@id":"https:\/\/fiorentini-iberia.com\/en\/expertise\/biomethane\/biogas-upgrading-for-gm-green-methane\/#primaryimage"},"image":{"@id":"https:\/\/fiorentini-iberia.com\/en\/expertise\/biomethane\/biogas-upgrading-for-gm-green-methane\/#primaryimage"},"thumbnailUrl":"https:\/\/www.fiorentini-iberia.com\/wp-content\/uploads\/2024\/02\/case-study-02.jpg","datePublished":"2024-03-15T11:01:56+00:00","dateModified":"2024-03-15T12:49:31+00:00","description":"Our systems can be applied to different upgrading technologies (membrane, scrubbing, PSA) as well as direct injection of biomethane into the grid.","breadcrumb":{"@id":"https:\/\/fiorentini-iberia.com\/en\/expertise\/biomethane\/biogas-upgrading-for-gm-green-methane\/#breadcrumb"},"inLanguage":"en-US","potentialAction":[{"@type":"ReadAction","target":["https:\/\/fiorentini-iberia.com\/en\/expertise\/biomethane\/biogas-upgrading-for-gm-green-methane\/"]}]},{"@type":"ImageObject","inLanguage":"en-US","@id":"https:\/\/fiorentini-iberia.com\/en\/expertise\/biomethane\/biogas-upgrading-for-gm-green-methane\/#primaryimage","url":"https:\/\/www.fiorentini-iberia.com\/wp-content\/uploads\/2024\/02\/case-study-02.jpg","contentUrl":"https:\/\/www.fiorentini-iberia.com\/wp-content\/uploads\/2024\/02\/case-study-02.jpg"},{"@type":"BreadcrumbList","@id":"https:\/\/fiorentini-iberia.com\/en\/expertise\/biomethane\/biogas-upgrading-for-gm-green-methane\/#breadcrumb","itemListElement":[{"@type":"ListItem","position":1,"name":"Home","item":"https:\/\/www.fiorentini-iberia.com\/en\/"},{"@type":"ListItem","position":2,"name":"Expertise","item":"https:\/\/www.fiorentini-iberia.com\/en\/expertise\/"},{"@type":"ListItem","position":3,"name":"Biomethane","item":"https:\/\/www.fiorentini-iberia.com\/en\/expertise\/biomethane\/"},{"@type":"ListItem","position":4,"name":"Biogas upgrading for GM \u2013 Green Methane"}]},{"@type":"WebSite","@id":"https:\/\/www.fiorentini-iberia.com\/en\/#website","url":"https:\/\/www.fiorentini-iberia.com\/en\/","name":"Pietro Fiorentini Iberia","description":"Pietro Fiorentini dise\u00f1a y fabrica componentes, sistemas y servicios para la regulaci\u00f3n, medici\u00f3n, gesti\u00f3n del petr\u00f3leo y el gas natural.","publisher":{"@id":"https:\/\/www.fiorentini-iberia.com\/en\/#organization"},"potentialAction":[{"@type":"SearchAction","target":{"@type":"EntryPoint","urlTemplate":"https:\/\/www.fiorentini-iberia.com\/en\/?s={search_term_string}"},"query-input":{"@type":"PropertyValueSpecification","valueRequired":true,"valueName":"search_term_string"}}],"inLanguage":"en-US"},{"@type":"Organization","@id":"https:\/\/www.fiorentini-iberia.com\/en\/#organization","name":"Pietro Fiorentini Iberia","url":"https:\/\/www.fiorentini-iberia.com\/en\/","logo":{"@type":"ImageObject","inLanguage":"en-US","@id":"https:\/\/www.fiorentini-iberia.com\/en\/#\/schema\/logo\/image\/","url":"https:\/\/fiorentini-iberia.com\/wp-content\/uploads\/2020\/11\/logo.svg","contentUrl":"https:\/\/fiorentini-iberia.com\/wp-content\/uploads\/2020\/11\/logo.svg","width":227,"height":59,"caption":"Pietro Fiorentini Iberia"},"image":{"@id":"https:\/\/www.fiorentini-iberia.com\/en\/#\/schema\/logo\/image\/"},"sameAs":["https:\/\/x.com\/FiorentiniSpa","https:\/\/www.linkedin.com\/company\/pietro-fiorentini-iberia\/"]}]}},"_links":{"self":[{"href":"https:\/\/fiorentini-iberia.com\/en\/wp-json\/wp\/v2\/pages\/50448","targetHints":{"allow":["GET"]}}],"collection":[{"href":"https:\/\/fiorentini-iberia.com\/en\/wp-json\/wp\/v2\/pages"}],"about":[{"href":"https:\/\/fiorentini-iberia.com\/en\/wp-json\/wp\/v2\/types\/page"}],"author":[{"embeddable":true,"href":"https:\/\/fiorentini-iberia.com\/en\/wp-json\/wp\/v2\/users\/15"}],"replies":[{"embeddable":true,"href":"https:\/\/fiorentini-iberia.com\/en\/wp-json\/wp\/v2\/comments?post=50448"}],"version-history":[{"count":2,"href":"https:\/\/fiorentini-iberia.com\/en\/wp-json\/wp\/v2\/pages\/50448\/revisions"}],"predecessor-version":[{"id":50509,"href":"https:\/\/fiorentini-iberia.com\/en\/wp-json\/wp\/v2\/pages\/50448\/revisions\/50509"}],"up":[{"embeddable":true,"href":"https:\/\/fiorentini-iberia.com\/en\/wp-json\/wp\/v2\/pages\/29204"}],"wp:attachment":[{"href":"https:\/\/fiorentini-iberia.com\/en\/wp-json\/wp\/v2\/media?parent=50448"}],"curies":[{"name":"wp","href":"https:\/\/api.w.org\/{rel}","templated":true}]}}