{"id":50429,"date":"2024-03-15T00:15:32","date_gmt":"2024-03-14T23:15:32","guid":{"rendered":"https:\/\/www.fiorentini-iberia.com\/?page_id=50429"},"modified":"2024-03-15T11:06:22","modified_gmt":"2024-03-15T10:06:22","slug":"straubing","status":"publish","type":"page","link":"https:\/\/fiorentini-iberia.com\/en\/expertise\/hydrogen\/straubing\/","title":{"rendered":"STRAUBING"},"content":{"rendered":"\n<p class=\"has-text-color has-link-color wp-elements-6ad6cb033d9b7bdac19e1ded0c5c90a7\" style=\"color:#199782;font-size:24px\"><strong>RENEWABLE ENERGY QUEENS CONQUER GERMANY: WORK STARTS ON STRAUBING PILOT PLANT<\/strong><\/p>\n\n\n\n<div style=\"height:35px\" aria-hidden=\"true\" class=\"wp-block-spacer\"><\/div>\n\n\n\n<figure class=\"wp-block-image size-full is-resized\"><img loading=\"lazy\" decoding=\"async\" width=\"991\" height=\"495\" src=\"https:\/\/www.fiorentini-iberia.com\/wp-content\/uploads\/2024\/03\/MicroPyrosBioEnerTecHyterBiokompPietroFiorentini_BiomethanationPlantStraubing.png\" alt=\"\" class=\"wp-image-50430\" style=\"width:1031px;height:auto\" srcset=\"https:\/\/fiorentini-iberia.com\/wp-content\/uploads\/2024\/03\/MicroPyrosBioEnerTecHyterBiokompPietroFiorentini_BiomethanationPlantStraubing.png 991w, https:\/\/fiorentini-iberia.com\/wp-content\/uploads\/2024\/03\/MicroPyrosBioEnerTecHyterBiokompPietroFiorentini_BiomethanationPlantStraubing-300x150.png 300w, https:\/\/fiorentini-iberia.com\/wp-content\/uploads\/2024\/03\/MicroPyrosBioEnerTecHyterBiokompPietroFiorentini_BiomethanationPlantStraubing-768x384.png 768w\" sizes=\"auto, (max-width: 991px) 100vw, 991px\" \/><\/figure>\n\n\n\n<div style=\"height:54px\" aria-hidden=\"true\" class=\"wp-block-spacer\"><\/div>\n\n\n\n<p>On the 28th of July, 2022, at the&nbsp;<strong>Straubing wastewater treatment plant in Germany<\/strong>, the work to install a specific solution by&nbsp;<a href=\"https:\/\/www.fiorentini-iberia.com\/en\/pietro-fiorentini-group\/pf-group-companies-and-brands\/#micropyros\"><strong>MicroPyros BioEnerTec<\/strong><\/a>,&nbsp;<a href=\"https:\/\/www.fiorentini-iberia.com\/en\/pietro-fiorentini-group\/pf-group-companies-and-brands\/#hyter\"><strong>Hyter<\/strong><\/a>,&nbsp;<strong><a href=\"https:\/\/www.fiorentini-iberia.com\/en\/pietro-fiorentini-group\/pf-group-companies-and-brands\/#biokomp\">Biokomp<\/a><\/strong>&nbsp;and&nbsp;<strong>Pietro Fiorentini<\/strong>&nbsp;to research and experiment with biomethanation processes from various sources, in particular biogas and synthesis gas, was started.<\/p>\n\n\n\n<p>All the companies involved in the design, construction and installation of the project are part of the&nbsp;<strong><a href=\"https:\/\/www.fiorentini-iberia.com\/en\/pietro-fiorentini-group\/pf-group-companies-and-brands\">Pietro Fiorentini Group<\/a><\/strong>, the main promoter of&nbsp;<strong>a unique research and experimentation system for biomethanation<\/strong>&nbsp;throughout Europe, thanks to which it will be possible to create gas mixtures on site and rely on the direct feeding of biogas from the wastewater treatment plant\u2019s digesters.<\/p>\n\n\n\n<p>Each company is bringing its own contribution. The\u00a0<strong>electrolytic stack with Anion Exchange Membrane Water Electrolyser (AEMWE) technology<\/strong>\u00a0for power-to-gas will be supplied by\u00a0<strong>Hyter<\/strong>.<\/p>\n\n\n\n<p>&nbsp;<\/p>\n\n\n\n<p class=\"has-text-color has-link-color has-large-font-size wp-elements-decb4f43397433fb561e9d709b4dde3e\" style=\"color:#199782\"><strong>> <\/strong><a href=\"https:\/\/hyter.it\/en\/straubing\/?bk=1\" target=\"_blank\" rel=\"noreferrer noopener\"><strong>More project info.<\/strong><\/a><\/p>\n\n\n\n<div style=\"height:20px\" aria-hidden=\"true\" class=\"wp-block-spacer\"><\/div>\n\n\n\n<p class=\"has-text-color has-link-color has-large-font-size wp-elements-1582459581519e7cbf9b311984972d49\" style=\"color:#199782\"><strong>&gt;<\/strong>  <strong><a href=\"https:\/\/www.fiorentini-iberia.com\/en\/news\/green-hydrogen-generation-through-electrolysis\/\">Visit the HYTER presentation new.<\/a><\/strong><\/p>\n","protected":false},"excerpt":{"rendered":"<p>Renewable energy queens conquer germany: work starts on straubing pilot plant.<br \/>\n\u00a0<br \/>\nOn the 28th of July, 2022, at the\u00a0Straubing wastewater treatment plant in Germany, the work to install a specific solution by\u00a0MicroPyros BioEnerTec,\u00a0Hyter,\u00a0Biokomp\u00a0and\u00a0Pietro Fiorentini\u00a0to research and experiment with biomethanation processes from various sources, in particular biogas and synthesis gas, was started.<\/p>\n","protected":false},"author":15,"featured_media":0,"parent":29206,"menu_order":0,"comment_status":"closed","ping_status":"closed","template":"template-expertise-post.php","meta":{"_acf_changed":false,"inline_featured_image":false,"footnotes":""},"class_list":["post-50429","page","type-page","status-publish","hentry"],"acf":[],"yoast_head":"<!-- This site is optimized with the Yoast SEO plugin v27.2 - https:\/\/yoast.com\/product\/yoast-seo-wordpress\/ -->\n<title>STRAUBING - Pietro Fiorentini<\/title>\n<meta name=\"description\" content=\"Renewable energy queens conquer germany: work starts on straubing pilot plant\" \/>\n<meta name=\"robots\" content=\"index, follow, max-snippet:-1, max-image-preview:large, max-video-preview:-1\" \/>\n<link rel=\"canonical\" href=\"https:\/\/fiorentini-iberia.com\/en\/expertise\/hydrogen\/straubing\/\" \/>\n<meta property=\"og:locale\" content=\"en_US\" \/>\n<meta property=\"og:type\" content=\"article\" \/>\n<meta property=\"og:title\" content=\"STRAUBING - Pietro Fiorentini\" \/>\n<meta property=\"og:description\" content=\"Renewable energy queens conquer germany: work starts on straubing pilot plant\" \/>\n<meta property=\"og:url\" content=\"https:\/\/fiorentini-iberia.com\/en\/expertise\/hydrogen\/straubing\/\" \/>\n<meta property=\"og:site_name\" content=\"Pietro Fiorentini\" \/>\n<meta property=\"article:modified_time\" content=\"2024-03-15T10:06:22+00:00\" \/>\n<meta property=\"og:image\" content=\"https:\/\/www.fiorentini-iberia.com\/wp-content\/uploads\/2024\/03\/MicroPyrosBioEnerTecHyterBiokompPietroFiorentini_BiomethanationPlantStraubing.png\" \/>\n<meta name=\"twitter:card\" content=\"summary_large_image\" \/>\n<meta name=\"twitter:site\" content=\"@FiorentiniSpa\" \/>\n<meta name=\"twitter:label1\" content=\"Est. reading time\" \/>\n\t<meta name=\"twitter:data1\" content=\"1 minute\" \/>\n<script type=\"application\/ld+json\" class=\"yoast-schema-graph\">{\"@context\":\"https:\/\/schema.org\",\"@graph\":[{\"@type\":\"WebPage\",\"@id\":\"https:\/\/fiorentini-iberia.com\/en\/expertise\/hydrogen\/straubing\/\",\"url\":\"https:\/\/fiorentini-iberia.com\/en\/expertise\/hydrogen\/straubing\/\",\"name\":\"STRAUBING - Pietro Fiorentini\",\"isPartOf\":{\"@id\":\"https:\/\/www.fiorentini-iberia.com\/en\/#website\"},\"primaryImageOfPage\":{\"@id\":\"https:\/\/fiorentini-iberia.com\/en\/expertise\/hydrogen\/straubing\/#primaryimage\"},\"image\":{\"@id\":\"https:\/\/fiorentini-iberia.com\/en\/expertise\/hydrogen\/straubing\/#primaryimage\"},\"thumbnailUrl\":\"https:\/\/www.fiorentini-iberia.com\/wp-content\/uploads\/2024\/03\/MicroPyrosBioEnerTecHyterBiokompPietroFiorentini_BiomethanationPlantStraubing.png\",\"datePublished\":\"2024-03-14T23:15:32+00:00\",\"dateModified\":\"2024-03-15T10:06:22+00:00\",\"description\":\"Renewable energy queens conquer germany: work starts on straubing pilot plant\",\"breadcrumb\":{\"@id\":\"https:\/\/fiorentini-iberia.com\/en\/expertise\/hydrogen\/straubing\/#breadcrumb\"},\"inLanguage\":\"en-US\",\"potentialAction\":[{\"@type\":\"ReadAction\",\"target\":[\"https:\/\/fiorentini-iberia.com\/en\/expertise\/hydrogen\/straubing\/\"]}]},{\"@type\":\"ImageObject\",\"inLanguage\":\"en-US\",\"@id\":\"https:\/\/fiorentini-iberia.com\/en\/expertise\/hydrogen\/straubing\/#primaryimage\",\"url\":\"https:\/\/www.fiorentini-iberia.com\/wp-content\/uploads\/2024\/03\/MicroPyrosBioEnerTecHyterBiokompPietroFiorentini_BiomethanationPlantStraubing.png\",\"contentUrl\":\"https:\/\/www.fiorentini-iberia.com\/wp-content\/uploads\/2024\/03\/MicroPyrosBioEnerTecHyterBiokompPietroFiorentini_BiomethanationPlantStraubing.png\"},{\"@type\":\"BreadcrumbList\",\"@id\":\"https:\/\/fiorentini-iberia.com\/en\/expertise\/hydrogen\/straubing\/#breadcrumb\",\"itemListElement\":[{\"@type\":\"ListItem\",\"position\":1,\"name\":\"Home\",\"item\":\"https:\/\/www.fiorentini-iberia.com\/en\/\"},{\"@type\":\"ListItem\",\"position\":2,\"name\":\"Expertise\",\"item\":\"https:\/\/www.fiorentini-iberia.com\/en\/expertise\/\"},{\"@type\":\"ListItem\",\"position\":3,\"name\":\"Hydrogen\",\"item\":\"https:\/\/www.fiorentini-iberia.com\/en\/expertise\/hydrogen\/\"},{\"@type\":\"ListItem\",\"position\":4,\"name\":\"STRAUBING\"}]},{\"@type\":\"WebSite\",\"@id\":\"https:\/\/www.fiorentini-iberia.com\/en\/#website\",\"url\":\"https:\/\/www.fiorentini-iberia.com\/en\/\",\"name\":\"Pietro Fiorentini Iberia\",\"description\":\"Pietro Fiorentini dise\u00f1a y fabrica componentes, sistemas y servicios para la regulaci\u00f3n, medici\u00f3n, gesti\u00f3n del petr\u00f3leo y el gas natural.\",\"publisher\":{\"@id\":\"https:\/\/www.fiorentini-iberia.com\/en\/#organization\"},\"potentialAction\":[{\"@type\":\"SearchAction\",\"target\":{\"@type\":\"EntryPoint\",\"urlTemplate\":\"https:\/\/www.fiorentini-iberia.com\/en\/?s={search_term_string}\"},\"query-input\":{\"@type\":\"PropertyValueSpecification\",\"valueRequired\":true,\"valueName\":\"search_term_string\"}}],\"inLanguage\":\"en-US\"},{\"@type\":\"Organization\",\"@id\":\"https:\/\/www.fiorentini-iberia.com\/en\/#organization\",\"name\":\"Pietro Fiorentini Iberia\",\"url\":\"https:\/\/www.fiorentini-iberia.com\/en\/\",\"logo\":{\"@type\":\"ImageObject\",\"inLanguage\":\"en-US\",\"@id\":\"https:\/\/www.fiorentini-iberia.com\/en\/#\/schema\/logo\/image\/\",\"url\":\"https:\/\/fiorentini-iberia.com\/wp-content\/uploads\/2020\/11\/logo.svg\",\"contentUrl\":\"https:\/\/fiorentini-iberia.com\/wp-content\/uploads\/2020\/11\/logo.svg\",\"width\":227,\"height\":59,\"caption\":\"Pietro Fiorentini Iberia\"},\"image\":{\"@id\":\"https:\/\/www.fiorentini-iberia.com\/en\/#\/schema\/logo\/image\/\"},\"sameAs\":[\"https:\/\/x.com\/FiorentiniSpa\",\"https:\/\/www.linkedin.com\/company\/pietro-fiorentini-iberia\/\"]}]}<\/script>\n<!-- \/ Yoast SEO plugin. -->","yoast_head_json":{"title":"STRAUBING - Pietro Fiorentini","description":"Renewable energy queens conquer germany: work starts on straubing pilot plant","robots":{"index":"index","follow":"follow","max-snippet":"max-snippet:-1","max-image-preview":"max-image-preview:large","max-video-preview":"max-video-preview:-1"},"canonical":"https:\/\/fiorentini-iberia.com\/en\/expertise\/hydrogen\/straubing\/","og_locale":"en_US","og_type":"article","og_title":"STRAUBING - Pietro Fiorentini","og_description":"Renewable energy queens conquer germany: work starts on straubing pilot plant","og_url":"https:\/\/fiorentini-iberia.com\/en\/expertise\/hydrogen\/straubing\/","og_site_name":"Pietro Fiorentini","article_modified_time":"2024-03-15T10:06:22+00:00","og_image":[{"url":"https:\/\/www.fiorentini-iberia.com\/wp-content\/uploads\/2024\/03\/MicroPyrosBioEnerTecHyterBiokompPietroFiorentini_BiomethanationPlantStraubing.png","type":"","width":"","height":""}],"twitter_card":"summary_large_image","twitter_site":"@FiorentiniSpa","twitter_misc":{"Est. reading time":"1 minute"},"schema":{"@context":"https:\/\/schema.org","@graph":[{"@type":"WebPage","@id":"https:\/\/fiorentini-iberia.com\/en\/expertise\/hydrogen\/straubing\/","url":"https:\/\/fiorentini-iberia.com\/en\/expertise\/hydrogen\/straubing\/","name":"STRAUBING - Pietro Fiorentini","isPartOf":{"@id":"https:\/\/www.fiorentini-iberia.com\/en\/#website"},"primaryImageOfPage":{"@id":"https:\/\/fiorentini-iberia.com\/en\/expertise\/hydrogen\/straubing\/#primaryimage"},"image":{"@id":"https:\/\/fiorentini-iberia.com\/en\/expertise\/hydrogen\/straubing\/#primaryimage"},"thumbnailUrl":"https:\/\/www.fiorentini-iberia.com\/wp-content\/uploads\/2024\/03\/MicroPyrosBioEnerTecHyterBiokompPietroFiorentini_BiomethanationPlantStraubing.png","datePublished":"2024-03-14T23:15:32+00:00","dateModified":"2024-03-15T10:06:22+00:00","description":"Renewable energy queens conquer germany: work starts on straubing pilot plant","breadcrumb":{"@id":"https:\/\/fiorentini-iberia.com\/en\/expertise\/hydrogen\/straubing\/#breadcrumb"},"inLanguage":"en-US","potentialAction":[{"@type":"ReadAction","target":["https:\/\/fiorentini-iberia.com\/en\/expertise\/hydrogen\/straubing\/"]}]},{"@type":"ImageObject","inLanguage":"en-US","@id":"https:\/\/fiorentini-iberia.com\/en\/expertise\/hydrogen\/straubing\/#primaryimage","url":"https:\/\/www.fiorentini-iberia.com\/wp-content\/uploads\/2024\/03\/MicroPyrosBioEnerTecHyterBiokompPietroFiorentini_BiomethanationPlantStraubing.png","contentUrl":"https:\/\/www.fiorentini-iberia.com\/wp-content\/uploads\/2024\/03\/MicroPyrosBioEnerTecHyterBiokompPietroFiorentini_BiomethanationPlantStraubing.png"},{"@type":"BreadcrumbList","@id":"https:\/\/fiorentini-iberia.com\/en\/expertise\/hydrogen\/straubing\/#breadcrumb","itemListElement":[{"@type":"ListItem","position":1,"name":"Home","item":"https:\/\/www.fiorentini-iberia.com\/en\/"},{"@type":"ListItem","position":2,"name":"Expertise","item":"https:\/\/www.fiorentini-iberia.com\/en\/expertise\/"},{"@type":"ListItem","position":3,"name":"Hydrogen","item":"https:\/\/www.fiorentini-iberia.com\/en\/expertise\/hydrogen\/"},{"@type":"ListItem","position":4,"name":"STRAUBING"}]},{"@type":"WebSite","@id":"https:\/\/www.fiorentini-iberia.com\/en\/#website","url":"https:\/\/www.fiorentini-iberia.com\/en\/","name":"Pietro Fiorentini Iberia","description":"Pietro Fiorentini dise\u00f1a y fabrica componentes, sistemas y servicios para la regulaci\u00f3n, medici\u00f3n, gesti\u00f3n del petr\u00f3leo y el gas natural.","publisher":{"@id":"https:\/\/www.fiorentini-iberia.com\/en\/#organization"},"potentialAction":[{"@type":"SearchAction","target":{"@type":"EntryPoint","urlTemplate":"https:\/\/www.fiorentini-iberia.com\/en\/?s={search_term_string}"},"query-input":{"@type":"PropertyValueSpecification","valueRequired":true,"valueName":"search_term_string"}}],"inLanguage":"en-US"},{"@type":"Organization","@id":"https:\/\/www.fiorentini-iberia.com\/en\/#organization","name":"Pietro Fiorentini Iberia","url":"https:\/\/www.fiorentini-iberia.com\/en\/","logo":{"@type":"ImageObject","inLanguage":"en-US","@id":"https:\/\/www.fiorentini-iberia.com\/en\/#\/schema\/logo\/image\/","url":"https:\/\/fiorentini-iberia.com\/wp-content\/uploads\/2020\/11\/logo.svg","contentUrl":"https:\/\/fiorentini-iberia.com\/wp-content\/uploads\/2020\/11\/logo.svg","width":227,"height":59,"caption":"Pietro Fiorentini Iberia"},"image":{"@id":"https:\/\/www.fiorentini-iberia.com\/en\/#\/schema\/logo\/image\/"},"sameAs":["https:\/\/x.com\/FiorentiniSpa","https:\/\/www.linkedin.com\/company\/pietro-fiorentini-iberia\/"]}]}},"_links":{"self":[{"href":"https:\/\/fiorentini-iberia.com\/en\/wp-json\/wp\/v2\/pages\/50429","targetHints":{"allow":["GET"]}}],"collection":[{"href":"https:\/\/fiorentini-iberia.com\/en\/wp-json\/wp\/v2\/pages"}],"about":[{"href":"https:\/\/fiorentini-iberia.com\/en\/wp-json\/wp\/v2\/types\/page"}],"author":[{"embeddable":true,"href":"https:\/\/fiorentini-iberia.com\/en\/wp-json\/wp\/v2\/users\/15"}],"replies":[{"embeddable":true,"href":"https:\/\/fiorentini-iberia.com\/en\/wp-json\/wp\/v2\/comments?post=50429"}],"version-history":[{"count":2,"href":"https:\/\/fiorentini-iberia.com\/en\/wp-json\/wp\/v2\/pages\/50429\/revisions"}],"predecessor-version":[{"id":50441,"href":"https:\/\/fiorentini-iberia.com\/en\/wp-json\/wp\/v2\/pages\/50429\/revisions\/50441"}],"up":[{"embeddable":true,"href":"https:\/\/fiorentini-iberia.com\/en\/wp-json\/wp\/v2\/pages\/29206"}],"wp:attachment":[{"href":"https:\/\/fiorentini-iberia.com\/en\/wp-json\/wp\/v2\/media?parent=50429"}],"curies":[{"name":"wp","href":"https:\/\/api.w.org\/{rel}","templated":true}]}}