{"id":49063,"date":"2024-02-21T12:40:54","date_gmt":"2024-02-21T11:40:54","guid":{"rendered":"https:\/\/www.fiorentini-iberia.com\/?page_id=49063"},"modified":"2025-09-16T11:46:11","modified_gmt":"2025-09-16T09:46:11","slug":"digitalising-the-water-cycle","status":"publish","type":"page","link":"https:\/\/fiorentini-iberia.com\/en\/expertise\/water\/digitalising-the-water-cycle\/","title":{"rendered":"Digitalising the water cycle"},"content":{"rendered":"\n<p><strong>Within the water cycle coexist a wide number of different and complex systems<\/strong>, requiring thousands of control points and simple installations of valves or sensors. Therefore, automation tools (PLC, SCADA, DCS) and remote-control systems need to be fully integrated for an effective service management.<\/p>\n\n\n\n<p>The application of\u00a0<strong>IoT technology\u00a0<\/strong>enables the strategic management of the water cycle and information accessible from cloud.<\/p>\n\n\n\n<p>The <strong>Pietro Fiorentini Group<\/strong> offers, through its company <strong><a href=\"https:\/\/www.fiorentini-iberia.com\/en\/pietro-fiorentini-group\/pf-group-companies-and-brands\/#terranova\">Terranova<\/a><\/strong>, the <strong><a href=\"https:\/\/www.fiorentini-iberia.com\/en\/expertise\/smart-gas-grids\/\">TAMM software solutions<\/a><\/strong>, a multi-service system designed to automate the processes of <strong>telemetry and remote management<\/strong> of Gas, Electricity and Water meters <strong>at every stage of the process<\/strong>, avoiding the problems of overlap and integration that arise from having to rely on different partners, but also flexible in offering specific solutions for specific needs.<\/p>\n\n\n\n<p>Products and services are&nbsp;<strong>synergically integrated<\/strong>&nbsp;with each other, thus&nbsp;<strong>increasing performance and efficiency<\/strong>&nbsp;to the complete benefit of the customer.<\/p>\n\n\n\n<figure class=\"wp-block-embed is-type-video is-provider-youtube wp-block-embed-youtube wp-embed-aspect-16-9 wp-has-aspect-ratio\"><div class=\"wp-block-embed__wrapper\">\n<iframe loading=\"lazy\" title=\"Leading Innovation for Sustainable Water\" width=\"500\" height=\"281\" src=\"https:\/\/www.youtube.com\/embed\/KZnretHzdmQ?feature=oembed\" frameborder=\"0\" allow=\"accelerometer; autoplay; clipboard-write; encrypted-media; gyroscope; picture-in-picture; web-share\" referrerpolicy=\"strict-origin-when-cross-origin\" allowfullscreen><\/iframe>\n<\/div><\/figure>\n\n\n\n<figure class=\"wp-block-image size-full\"><img loading=\"lazy\" decoding=\"async\" width=\"1024\" height=\"551\" src=\"https:\/\/www.fiorentini-iberia.com\/wp-content\/uploads\/2024\/02\/Digitalizing_water_cycle-1024x551-1.jpg\" alt=\"Digitalising the water cycle\" class=\"wp-image-49064\" srcset=\"https:\/\/fiorentini-iberia.com\/wp-content\/uploads\/2024\/02\/Digitalizing_water_cycle-1024x551-1.jpg 1024w, https:\/\/fiorentini-iberia.com\/wp-content\/uploads\/2024\/02\/Digitalizing_water_cycle-1024x551-1-300x161.jpg 300w, https:\/\/fiorentini-iberia.com\/wp-content\/uploads\/2024\/02\/Digitalizing_water_cycle-1024x551-1-768x413.jpg 768w\" sizes=\"auto, (max-width: 1024px) 100vw, 1024px\" \/><\/figure>\n","protected":false},"excerpt":{"rendered":"<p>Within the water cycle coexist a wide number of complex systems, requiring thousands of control points and simple installations of valves or sensors, characterised by a limited but important number of signals. The application of lot technology enables the strategic management of the water cycle.<\/p>\n","protected":false},"author":15,"featured_media":59372,"parent":29214,"menu_order":2,"comment_status":"closed","ping_status":"closed","template":"template-expertise-post.php","meta":{"_acf_changed":false,"inline_featured_image":false,"footnotes":""},"class_list":["post-49063","page","type-page","status-publish","has-post-thumbnail","hentry"],"acf":[],"yoast_head":"<!-- This site is optimized with the Yoast SEO plugin v27.2 - https:\/\/yoast.com\/product\/yoast-seo-wordpress\/ -->\n<title>Digitalising the water cycle - Pietro Fiorentini<\/title>\n<meta name=\"description\" content=\"Good water governance is a strategic responsibility from every point of view: institutional, environmental and economic.\" \/>\n<meta name=\"robots\" content=\"index, follow, max-snippet:-1, max-image-preview:large, max-video-preview:-1\" \/>\n<link rel=\"canonical\" href=\"https:\/\/fiorentini-iberia.com\/en\/expertise\/water\/digitalising-the-water-cycle\/\" \/>\n<meta property=\"og:locale\" content=\"en_US\" \/>\n<meta property=\"og:type\" content=\"article\" \/>\n<meta property=\"og:title\" content=\"Digitalising the water cycle - Pietro Fiorentini\" \/>\n<meta property=\"og:description\" content=\"Good water governance is a strategic responsibility from every point of view: institutional, environmental and economic.\" \/>\n<meta property=\"og:url\" content=\"https:\/\/fiorentini-iberia.com\/en\/expertise\/water\/digitalising-the-water-cycle\/\" \/>\n<meta property=\"og:site_name\" content=\"Pietro Fiorentini\" \/>\n<meta property=\"article:modified_time\" content=\"2025-09-16T09:46:11+00:00\" \/>\n<meta property=\"og:image\" content=\"https:\/\/www.fiorentini-iberia.com\/wp-content\/uploads\/2025\/03\/WATER_drop_visual-new1.jpg\" \/>\n\t<meta property=\"og:image:width\" content=\"614\" \/>\n\t<meta property=\"og:image:height\" content=\"614\" \/>\n\t<meta property=\"og:image:type\" content=\"image\/jpeg\" \/>\n<meta name=\"twitter:card\" content=\"summary_large_image\" \/>\n<meta name=\"twitter:site\" content=\"@FiorentiniSpa\" \/>\n<meta name=\"twitter:label1\" content=\"Est. reading time\" \/>\n\t<meta name=\"twitter:data1\" content=\"2 minutes\" \/>\n<script type=\"application\/ld+json\" class=\"yoast-schema-graph\">{\"@context\":\"https:\/\/schema.org\",\"@graph\":[{\"@type\":\"WebPage\",\"@id\":\"https:\/\/fiorentini-iberia.com\/en\/expertise\/water\/digitalising-the-water-cycle\/\",\"url\":\"https:\/\/fiorentini-iberia.com\/en\/expertise\/water\/digitalising-the-water-cycle\/\",\"name\":\"Digitalising the water cycle - Pietro Fiorentini\",\"isPartOf\":{\"@id\":\"https:\/\/www.fiorentini-iberia.com\/en\/#website\"},\"primaryImageOfPage\":{\"@id\":\"https:\/\/fiorentini-iberia.com\/en\/expertise\/water\/digitalising-the-water-cycle\/#primaryimage\"},\"image\":{\"@id\":\"https:\/\/fiorentini-iberia.com\/en\/expertise\/water\/digitalising-the-water-cycle\/#primaryimage\"},\"thumbnailUrl\":\"https:\/\/fiorentini-iberia.com\/wp-content\/uploads\/2025\/03\/WATER_drop_visual-new1.jpg\",\"datePublished\":\"2024-02-21T11:40:54+00:00\",\"dateModified\":\"2025-09-16T09:46:11+00:00\",\"description\":\"Good water governance is a strategic responsibility from every point of view: institutional, environmental and economic.\",\"breadcrumb\":{\"@id\":\"https:\/\/fiorentini-iberia.com\/en\/expertise\/water\/digitalising-the-water-cycle\/#breadcrumb\"},\"inLanguage\":\"en-US\",\"potentialAction\":[{\"@type\":\"ReadAction\",\"target\":[\"https:\/\/fiorentini-iberia.com\/en\/expertise\/water\/digitalising-the-water-cycle\/\"]}]},{\"@type\":\"ImageObject\",\"inLanguage\":\"en-US\",\"@id\":\"https:\/\/fiorentini-iberia.com\/en\/expertise\/water\/digitalising-the-water-cycle\/#primaryimage\",\"url\":\"https:\/\/fiorentini-iberia.com\/wp-content\/uploads\/2025\/03\/WATER_drop_visual-new1.jpg\",\"contentUrl\":\"https:\/\/fiorentini-iberia.com\/wp-content\/uploads\/2025\/03\/WATER_drop_visual-new1.jpg\",\"width\":614,\"height\":614},{\"@type\":\"BreadcrumbList\",\"@id\":\"https:\/\/fiorentini-iberia.com\/en\/expertise\/water\/digitalising-the-water-cycle\/#breadcrumb\",\"itemListElement\":[{\"@type\":\"ListItem\",\"position\":1,\"name\":\"Home\",\"item\":\"https:\/\/www.fiorentini-iberia.com\/en\/\"},{\"@type\":\"ListItem\",\"position\":2,\"name\":\"Expertise\",\"item\":\"https:\/\/www.fiorentini-iberia.com\/en\/expertise\/\"},{\"@type\":\"ListItem\",\"position\":3,\"name\":\"Water\",\"item\":\"https:\/\/www.fiorentini-iberia.com\/en\/expertise\/water\/\"},{\"@type\":\"ListItem\",\"position\":4,\"name\":\"Digitalising the water cycle\"}]},{\"@type\":\"WebSite\",\"@id\":\"https:\/\/www.fiorentini-iberia.com\/en\/#website\",\"url\":\"https:\/\/www.fiorentini-iberia.com\/en\/\",\"name\":\"Pietro Fiorentini Iberia\",\"description\":\"Pietro Fiorentini dise\u00f1a y fabrica componentes, sistemas y servicios para la regulaci\u00f3n, medici\u00f3n, gesti\u00f3n del petr\u00f3leo y el gas natural.\",\"publisher\":{\"@id\":\"https:\/\/www.fiorentini-iberia.com\/en\/#organization\"},\"potentialAction\":[{\"@type\":\"SearchAction\",\"target\":{\"@type\":\"EntryPoint\",\"urlTemplate\":\"https:\/\/www.fiorentini-iberia.com\/en\/?s={search_term_string}\"},\"query-input\":{\"@type\":\"PropertyValueSpecification\",\"valueRequired\":true,\"valueName\":\"search_term_string\"}}],\"inLanguage\":\"en-US\"},{\"@type\":\"Organization\",\"@id\":\"https:\/\/www.fiorentini-iberia.com\/en\/#organization\",\"name\":\"Pietro Fiorentini Iberia\",\"url\":\"https:\/\/www.fiorentini-iberia.com\/en\/\",\"logo\":{\"@type\":\"ImageObject\",\"inLanguage\":\"en-US\",\"@id\":\"https:\/\/www.fiorentini-iberia.com\/en\/#\/schema\/logo\/image\/\",\"url\":\"https:\/\/fiorentini-iberia.com\/wp-content\/uploads\/2020\/11\/logo.svg\",\"contentUrl\":\"https:\/\/fiorentini-iberia.com\/wp-content\/uploads\/2020\/11\/logo.svg\",\"width\":227,\"height\":59,\"caption\":\"Pietro Fiorentini Iberia\"},\"image\":{\"@id\":\"https:\/\/www.fiorentini-iberia.com\/en\/#\/schema\/logo\/image\/\"},\"sameAs\":[\"https:\/\/x.com\/FiorentiniSpa\",\"https:\/\/www.linkedin.com\/company\/pietro-fiorentini-iberia\/\"]}]}<\/script>\n<!-- \/ Yoast SEO plugin. -->","yoast_head_json":{"title":"Digitalising the water cycle - Pietro Fiorentini","description":"Good water governance is a strategic responsibility from every point of view: institutional, environmental and economic.","robots":{"index":"index","follow":"follow","max-snippet":"max-snippet:-1","max-image-preview":"max-image-preview:large","max-video-preview":"max-video-preview:-1"},"canonical":"https:\/\/fiorentini-iberia.com\/en\/expertise\/water\/digitalising-the-water-cycle\/","og_locale":"en_US","og_type":"article","og_title":"Digitalising the water cycle - Pietro Fiorentini","og_description":"Good water governance is a strategic responsibility from every point of view: institutional, environmental and economic.","og_url":"https:\/\/fiorentini-iberia.com\/en\/expertise\/water\/digitalising-the-water-cycle\/","og_site_name":"Pietro Fiorentini","article_modified_time":"2025-09-16T09:46:11+00:00","og_image":[{"width":614,"height":614,"url":"https:\/\/www.fiorentini-iberia.com\/wp-content\/uploads\/2025\/03\/WATER_drop_visual-new1.jpg","type":"image\/jpeg"}],"twitter_card":"summary_large_image","twitter_site":"@FiorentiniSpa","twitter_misc":{"Est. reading time":"2 minutes"},"schema":{"@context":"https:\/\/schema.org","@graph":[{"@type":"WebPage","@id":"https:\/\/fiorentini-iberia.com\/en\/expertise\/water\/digitalising-the-water-cycle\/","url":"https:\/\/fiorentini-iberia.com\/en\/expertise\/water\/digitalising-the-water-cycle\/","name":"Digitalising the water cycle - Pietro Fiorentini","isPartOf":{"@id":"https:\/\/www.fiorentini-iberia.com\/en\/#website"},"primaryImageOfPage":{"@id":"https:\/\/fiorentini-iberia.com\/en\/expertise\/water\/digitalising-the-water-cycle\/#primaryimage"},"image":{"@id":"https:\/\/fiorentini-iberia.com\/en\/expertise\/water\/digitalising-the-water-cycle\/#primaryimage"},"thumbnailUrl":"https:\/\/fiorentini-iberia.com\/wp-content\/uploads\/2025\/03\/WATER_drop_visual-new1.jpg","datePublished":"2024-02-21T11:40:54+00:00","dateModified":"2025-09-16T09:46:11+00:00","description":"Good water governance is a strategic responsibility from every point of view: institutional, environmental and economic.","breadcrumb":{"@id":"https:\/\/fiorentini-iberia.com\/en\/expertise\/water\/digitalising-the-water-cycle\/#breadcrumb"},"inLanguage":"en-US","potentialAction":[{"@type":"ReadAction","target":["https:\/\/fiorentini-iberia.com\/en\/expertise\/water\/digitalising-the-water-cycle\/"]}]},{"@type":"ImageObject","inLanguage":"en-US","@id":"https:\/\/fiorentini-iberia.com\/en\/expertise\/water\/digitalising-the-water-cycle\/#primaryimage","url":"https:\/\/fiorentini-iberia.com\/wp-content\/uploads\/2025\/03\/WATER_drop_visual-new1.jpg","contentUrl":"https:\/\/fiorentini-iberia.com\/wp-content\/uploads\/2025\/03\/WATER_drop_visual-new1.jpg","width":614,"height":614},{"@type":"BreadcrumbList","@id":"https:\/\/fiorentini-iberia.com\/en\/expertise\/water\/digitalising-the-water-cycle\/#breadcrumb","itemListElement":[{"@type":"ListItem","position":1,"name":"Home","item":"https:\/\/www.fiorentini-iberia.com\/en\/"},{"@type":"ListItem","position":2,"name":"Expertise","item":"https:\/\/www.fiorentini-iberia.com\/en\/expertise\/"},{"@type":"ListItem","position":3,"name":"Water","item":"https:\/\/www.fiorentini-iberia.com\/en\/expertise\/water\/"},{"@type":"ListItem","position":4,"name":"Digitalising the water cycle"}]},{"@type":"WebSite","@id":"https:\/\/www.fiorentini-iberia.com\/en\/#website","url":"https:\/\/www.fiorentini-iberia.com\/en\/","name":"Pietro Fiorentini Iberia","description":"Pietro Fiorentini dise\u00f1a y fabrica componentes, sistemas y servicios para la regulaci\u00f3n, medici\u00f3n, gesti\u00f3n del petr\u00f3leo y el gas natural.","publisher":{"@id":"https:\/\/www.fiorentini-iberia.com\/en\/#organization"},"potentialAction":[{"@type":"SearchAction","target":{"@type":"EntryPoint","urlTemplate":"https:\/\/www.fiorentini-iberia.com\/en\/?s={search_term_string}"},"query-input":{"@type":"PropertyValueSpecification","valueRequired":true,"valueName":"search_term_string"}}],"inLanguage":"en-US"},{"@type":"Organization","@id":"https:\/\/www.fiorentini-iberia.com\/en\/#organization","name":"Pietro Fiorentini Iberia","url":"https:\/\/www.fiorentini-iberia.com\/en\/","logo":{"@type":"ImageObject","inLanguage":"en-US","@id":"https:\/\/www.fiorentini-iberia.com\/en\/#\/schema\/logo\/image\/","url":"https:\/\/fiorentini-iberia.com\/wp-content\/uploads\/2020\/11\/logo.svg","contentUrl":"https:\/\/fiorentini-iberia.com\/wp-content\/uploads\/2020\/11\/logo.svg","width":227,"height":59,"caption":"Pietro Fiorentini Iberia"},"image":{"@id":"https:\/\/www.fiorentini-iberia.com\/en\/#\/schema\/logo\/image\/"},"sameAs":["https:\/\/x.com\/FiorentiniSpa","https:\/\/www.linkedin.com\/company\/pietro-fiorentini-iberia\/"]}]}},"_links":{"self":[{"href":"https:\/\/fiorentini-iberia.com\/en\/wp-json\/wp\/v2\/pages\/49063","targetHints":{"allow":["GET"]}}],"collection":[{"href":"https:\/\/fiorentini-iberia.com\/en\/wp-json\/wp\/v2\/pages"}],"about":[{"href":"https:\/\/fiorentini-iberia.com\/en\/wp-json\/wp\/v2\/types\/page"}],"author":[{"embeddable":true,"href":"https:\/\/fiorentini-iberia.com\/en\/wp-json\/wp\/v2\/users\/15"}],"replies":[{"embeddable":true,"href":"https:\/\/fiorentini-iberia.com\/en\/wp-json\/wp\/v2\/comments?post=49063"}],"version-history":[{"count":3,"href":"https:\/\/fiorentini-iberia.com\/en\/wp-json\/wp\/v2\/pages\/49063\/revisions"}],"predecessor-version":[{"id":54909,"href":"https:\/\/fiorentini-iberia.com\/en\/wp-json\/wp\/v2\/pages\/49063\/revisions\/54909"}],"up":[{"embeddable":true,"href":"https:\/\/fiorentini-iberia.com\/en\/wp-json\/wp\/v2\/pages\/29214"}],"wp:featuredmedia":[{"embeddable":true,"href":"https:\/\/fiorentini-iberia.com\/en\/wp-json\/wp\/v2\/media\/59372"}],"wp:attachment":[{"href":"https:\/\/fiorentini-iberia.com\/en\/wp-json\/wp\/v2\/media?parent=49063"}],"curies":[{"name":"wp","href":"https:\/\/api.w.org\/{rel}","templated":true}]}}