{"id":29214,"date":"2023-12-11T10:26:47","date_gmt":"2023-12-11T09:26:47","guid":{"rendered":"https:\/\/www.fiorentini-iberia.com\/?page_id=29214"},"modified":"2026-02-17T12:53:26","modified_gmt":"2026-02-17T11:53:26","slug":"water","status":"publish","type":"page","link":"https:\/\/fiorentini-iberia.com\/en\/expertise\/water\/","title":{"rendered":"Water"},"content":{"rendered":"\n<h2 class=\"wp-block-heading\">The most effective evolution in network monitoring<\/h2>\n\n\n\n<p>As specialists in <strong>smart metering<\/strong>, we focus on the water sector with one main objective, the <strong>optimisation of distribution networks<\/strong>.<\/p>\n\n\n\n<p>The <strong>President of the Fiorentini Group, Cristiano Nardi<\/strong>, explains Pietro Fiorentini&#8217;s commitment to the company&#8217;s natural transition within the water sector.<br>&nbsp;<\/p>\n\n\n\n<figure><video width=\"700\" controls poster=\"https:\/\/www.fiorentini-iberia.com\/wp-content\/uploads\/2024\/10\/cartela-video.jpg\" src=\"https:\/\/www.fiorentini-iberia.com\/wp-content\/uploads\/2025\/09\/Festival_dellAcqua_2024_-_Cristiano_Nardi_-_Gruppo_Fiorentini-ENG.mp4\"><\/video><\/figure>\n\n\n\n<p class=\"has-text-color has-link-color wp-elements-1d8892dc0db485ad89316f36b4db01c9\" style=\"color:#069782;font-size:24px\">&nbsp;&nbsp;<br><strong>ULTRASONIC TECHNOLOGY FOR ABSOLUTE CONTROL<\/strong><br>&nbsp;<\/p>\n\n\n\n<figure class=\"wp-block-image size-full\"><img loading=\"lazy\" decoding=\"async\" width=\"970\" height=\"223\" src=\"https:\/\/www.fiorentini-iberia.com\/wp-content\/uploads\/2026\/02\/banner-Aigua-ENG.jpg\" alt=\"\" class=\"wp-image-63236\" srcset=\"https:\/\/fiorentini-iberia.com\/wp-content\/uploads\/2026\/02\/banner-Aigua-ENG.jpg 970w, https:\/\/fiorentini-iberia.com\/wp-content\/uploads\/2026\/02\/banner-Aigua-ENG-300x69.jpg 300w, https:\/\/fiorentini-iberia.com\/wp-content\/uploads\/2026\/02\/banner-Aigua-ENG-768x177.jpg 768w\" sizes=\"auto, (max-width: 970px) 100vw, 970px\" \/><\/figure>\n\n\n\n<p>&nbsp;<br><strong><a href=\"https:\/\/www.fiorentini-iberia.com\/en\/solutions\/products\/water-meters\/ultrasonic-smart-water-meters\/ssm-aquo\/\">SSM-AQUO<\/a><\/strong> are <strong>Pietro Fiorentini&#8217;s ultrasonic water meters for remote reading<\/strong>, which provide all the necessary data for accurate and efficient flow and consumption control.<\/p>\n\n\n\n<p>In addition to <strong>providing consumptions<\/strong>, they also monitor information about a possible <strong>pipe break, lack of consumption or reverse flow<\/strong>, allowing to deduce a possible leakage.<\/p>\n\n\n\n<p><strong>Automated processes for total control of water flow through integrated real-time remote reading.<br><\/strong>&nbsp;<\/p>\n\n\n\n<p><strong><a href=\"https:\/\/www.fiorentini-iberia.com\/en\/expertise\/water\/ultrasonic-smart-water-meters\/\">Discover the advantages of the SSM-AQUO ultrasonic water meters here.<\/a><\/strong><br>&nbsp;<\/p>\n","protected":false},"excerpt":{"rendered":"<p>Water is a primary resource, a basic necessity for life, and as such requires proper management from all points of view: institutional, environmental and economic.<br \/>\n\u00a0<\/p>\n<p>The sector&#8217;s current objective is to automate the process through the digitalisation of water networks, thereby optimising resources and data management to optimise management and minimise the loss of unaccounted-for water, whether through leaks or fraud.<\/p>\n","protected":false},"author":12,"featured_media":15862,"parent":29201,"menu_order":2,"comment_status":"closed","ping_status":"closed","template":"template-expertise-child.php","meta":{"_acf_changed":false,"inline_featured_image":false,"footnotes":""},"class_list":["post-29214","page","type-page","status-publish","has-post-thumbnail","hentry"],"acf":[],"yoast_head":"<!-- This site is optimized with the Yoast SEO plugin v27.2 - https:\/\/yoast.com\/product\/yoast-seo-wordpress\/ -->\n<title>Water - Pietro Fiorentini<\/title>\n<meta name=\"description\" content=\"The goal is to move the water sector towards process automation through the digitalization of networks.\" \/>\n<meta name=\"robots\" content=\"index, follow, max-snippet:-1, max-image-preview:large, max-video-preview:-1\" \/>\n<link rel=\"canonical\" href=\"https:\/\/fiorentini-iberia.com\/en\/expertise\/water\/\" \/>\n<meta property=\"og:locale\" content=\"en_US\" \/>\n<meta property=\"og:type\" content=\"article\" \/>\n<meta property=\"og:title\" content=\"Water - Pietro Fiorentini\" \/>\n<meta property=\"og:description\" content=\"The goal is to move the water sector towards process automation through the digitalization of networks.\" \/>\n<meta property=\"og:url\" content=\"https:\/\/fiorentini-iberia.com\/en\/expertise\/water\/\" \/>\n<meta property=\"og:site_name\" content=\"Pietro Fiorentini\" \/>\n<meta property=\"article:modified_time\" content=\"2026-02-17T11:53:26+00:00\" \/>\n<meta property=\"og:image\" content=\"https:\/\/www.fiorentini-iberia.com\/wp-content\/uploads\/2021\/07\/as_fluid_as_water_quadrata.jpeg\" \/>\n\t<meta property=\"og:image:width\" content=\"991\" \/>\n\t<meta property=\"og:image:height\" content=\"991\" \/>\n\t<meta property=\"og:image:type\" content=\"image\/jpeg\" \/>\n<meta name=\"twitter:card\" content=\"summary_large_image\" \/>\n<meta name=\"twitter:site\" content=\"@FiorentiniSpa\" \/>\n<meta name=\"twitter:label1\" content=\"Est. reading time\" \/>\n\t<meta name=\"twitter:data1\" content=\"1 minute\" \/>\n<script type=\"application\/ld+json\" class=\"yoast-schema-graph\">{\"@context\":\"https:\/\/schema.org\",\"@graph\":[{\"@type\":\"WebPage\",\"@id\":\"https:\/\/fiorentini-iberia.com\/en\/expertise\/water\/\",\"url\":\"https:\/\/fiorentini-iberia.com\/en\/expertise\/water\/\",\"name\":\"Water - Pietro Fiorentini\",\"isPartOf\":{\"@id\":\"https:\/\/www.fiorentini-iberia.com\/en\/#website\"},\"primaryImageOfPage\":{\"@id\":\"https:\/\/fiorentini-iberia.com\/en\/expertise\/water\/#primaryimage\"},\"image\":{\"@id\":\"https:\/\/fiorentini-iberia.com\/en\/expertise\/water\/#primaryimage\"},\"thumbnailUrl\":\"https:\/\/fiorentini-iberia.com\/wp-content\/uploads\/2021\/07\/as_fluid_as_water_quadrata.jpeg\",\"datePublished\":\"2023-12-11T09:26:47+00:00\",\"dateModified\":\"2026-02-17T11:53:26+00:00\",\"description\":\"The goal is to move the water sector towards process automation through the digitalization of networks.\",\"breadcrumb\":{\"@id\":\"https:\/\/fiorentini-iberia.com\/en\/expertise\/water\/#breadcrumb\"},\"inLanguage\":\"en-US\",\"potentialAction\":[{\"@type\":\"ReadAction\",\"target\":[\"https:\/\/fiorentini-iberia.com\/en\/expertise\/water\/\"]}]},{\"@type\":\"ImageObject\",\"inLanguage\":\"en-US\",\"@id\":\"https:\/\/fiorentini-iberia.com\/en\/expertise\/water\/#primaryimage\",\"url\":\"https:\/\/fiorentini-iberia.com\/wp-content\/uploads\/2021\/07\/as_fluid_as_water_quadrata.jpeg\",\"contentUrl\":\"https:\/\/fiorentini-iberia.com\/wp-content\/uploads\/2021\/07\/as_fluid_as_water_quadrata.jpeg\",\"width\":991,\"height\":991},{\"@type\":\"BreadcrumbList\",\"@id\":\"https:\/\/fiorentini-iberia.com\/en\/expertise\/water\/#breadcrumb\",\"itemListElement\":[{\"@type\":\"ListItem\",\"position\":1,\"name\":\"Home\",\"item\":\"https:\/\/www.fiorentini-iberia.com\/en\/\"},{\"@type\":\"ListItem\",\"position\":2,\"name\":\"Expertise\",\"item\":\"https:\/\/www.fiorentini-iberia.com\/en\/expertise\/\"},{\"@type\":\"ListItem\",\"position\":3,\"name\":\"Water\"}]},{\"@type\":\"WebSite\",\"@id\":\"https:\/\/www.fiorentini-iberia.com\/en\/#website\",\"url\":\"https:\/\/www.fiorentini-iberia.com\/en\/\",\"name\":\"Pietro Fiorentini Iberia\",\"description\":\"Pietro Fiorentini dise\u00f1a y fabrica componentes, sistemas y servicios para la regulaci\u00f3n, medici\u00f3n, gesti\u00f3n del petr\u00f3leo y el gas natural.\",\"publisher\":{\"@id\":\"https:\/\/www.fiorentini-iberia.com\/en\/#organization\"},\"potentialAction\":[{\"@type\":\"SearchAction\",\"target\":{\"@type\":\"EntryPoint\",\"urlTemplate\":\"https:\/\/www.fiorentini-iberia.com\/en\/?s={search_term_string}\"},\"query-input\":{\"@type\":\"PropertyValueSpecification\",\"valueRequired\":true,\"valueName\":\"search_term_string\"}}],\"inLanguage\":\"en-US\"},{\"@type\":\"Organization\",\"@id\":\"https:\/\/www.fiorentini-iberia.com\/en\/#organization\",\"name\":\"Pietro Fiorentini Iberia\",\"url\":\"https:\/\/www.fiorentini-iberia.com\/en\/\",\"logo\":{\"@type\":\"ImageObject\",\"inLanguage\":\"en-US\",\"@id\":\"https:\/\/www.fiorentini-iberia.com\/en\/#\/schema\/logo\/image\/\",\"url\":\"https:\/\/fiorentini-iberia.com\/wp-content\/uploads\/2020\/11\/logo.svg\",\"contentUrl\":\"https:\/\/fiorentini-iberia.com\/wp-content\/uploads\/2020\/11\/logo.svg\",\"width\":227,\"height\":59,\"caption\":\"Pietro Fiorentini Iberia\"},\"image\":{\"@id\":\"https:\/\/www.fiorentini-iberia.com\/en\/#\/schema\/logo\/image\/\"},\"sameAs\":[\"https:\/\/x.com\/FiorentiniSpa\",\"https:\/\/www.linkedin.com\/company\/pietro-fiorentini-iberia\/\"]}]}<\/script>\n<!-- \/ Yoast SEO plugin. -->","yoast_head_json":{"title":"Water - Pietro Fiorentini","description":"The goal is to move the water sector towards process automation through the digitalization of networks.","robots":{"index":"index","follow":"follow","max-snippet":"max-snippet:-1","max-image-preview":"max-image-preview:large","max-video-preview":"max-video-preview:-1"},"canonical":"https:\/\/fiorentini-iberia.com\/en\/expertise\/water\/","og_locale":"en_US","og_type":"article","og_title":"Water - Pietro Fiorentini","og_description":"The goal is to move the water sector towards process automation through the digitalization of networks.","og_url":"https:\/\/fiorentini-iberia.com\/en\/expertise\/water\/","og_site_name":"Pietro Fiorentini","article_modified_time":"2026-02-17T11:53:26+00:00","og_image":[{"width":991,"height":991,"url":"https:\/\/www.fiorentini-iberia.com\/wp-content\/uploads\/2021\/07\/as_fluid_as_water_quadrata.jpeg","type":"image\/jpeg"}],"twitter_card":"summary_large_image","twitter_site":"@FiorentiniSpa","twitter_misc":{"Est. reading time":"1 minute"},"schema":{"@context":"https:\/\/schema.org","@graph":[{"@type":"WebPage","@id":"https:\/\/fiorentini-iberia.com\/en\/expertise\/water\/","url":"https:\/\/fiorentini-iberia.com\/en\/expertise\/water\/","name":"Water - Pietro Fiorentini","isPartOf":{"@id":"https:\/\/www.fiorentini-iberia.com\/en\/#website"},"primaryImageOfPage":{"@id":"https:\/\/fiorentini-iberia.com\/en\/expertise\/water\/#primaryimage"},"image":{"@id":"https:\/\/fiorentini-iberia.com\/en\/expertise\/water\/#primaryimage"},"thumbnailUrl":"https:\/\/fiorentini-iberia.com\/wp-content\/uploads\/2021\/07\/as_fluid_as_water_quadrata.jpeg","datePublished":"2023-12-11T09:26:47+00:00","dateModified":"2026-02-17T11:53:26+00:00","description":"The goal is to move the water sector towards process automation through the digitalization of networks.","breadcrumb":{"@id":"https:\/\/fiorentini-iberia.com\/en\/expertise\/water\/#breadcrumb"},"inLanguage":"en-US","potentialAction":[{"@type":"ReadAction","target":["https:\/\/fiorentini-iberia.com\/en\/expertise\/water\/"]}]},{"@type":"ImageObject","inLanguage":"en-US","@id":"https:\/\/fiorentini-iberia.com\/en\/expertise\/water\/#primaryimage","url":"https:\/\/fiorentini-iberia.com\/wp-content\/uploads\/2021\/07\/as_fluid_as_water_quadrata.jpeg","contentUrl":"https:\/\/fiorentini-iberia.com\/wp-content\/uploads\/2021\/07\/as_fluid_as_water_quadrata.jpeg","width":991,"height":991},{"@type":"BreadcrumbList","@id":"https:\/\/fiorentini-iberia.com\/en\/expertise\/water\/#breadcrumb","itemListElement":[{"@type":"ListItem","position":1,"name":"Home","item":"https:\/\/www.fiorentini-iberia.com\/en\/"},{"@type":"ListItem","position":2,"name":"Expertise","item":"https:\/\/www.fiorentini-iberia.com\/en\/expertise\/"},{"@type":"ListItem","position":3,"name":"Water"}]},{"@type":"WebSite","@id":"https:\/\/www.fiorentini-iberia.com\/en\/#website","url":"https:\/\/www.fiorentini-iberia.com\/en\/","name":"Pietro Fiorentini Iberia","description":"Pietro Fiorentini dise\u00f1a y fabrica componentes, sistemas y servicios para la regulaci\u00f3n, medici\u00f3n, gesti\u00f3n del petr\u00f3leo y el gas natural.","publisher":{"@id":"https:\/\/www.fiorentini-iberia.com\/en\/#organization"},"potentialAction":[{"@type":"SearchAction","target":{"@type":"EntryPoint","urlTemplate":"https:\/\/www.fiorentini-iberia.com\/en\/?s={search_term_string}"},"query-input":{"@type":"PropertyValueSpecification","valueRequired":true,"valueName":"search_term_string"}}],"inLanguage":"en-US"},{"@type":"Organization","@id":"https:\/\/www.fiorentini-iberia.com\/en\/#organization","name":"Pietro Fiorentini Iberia","url":"https:\/\/www.fiorentini-iberia.com\/en\/","logo":{"@type":"ImageObject","inLanguage":"en-US","@id":"https:\/\/www.fiorentini-iberia.com\/en\/#\/schema\/logo\/image\/","url":"https:\/\/fiorentini-iberia.com\/wp-content\/uploads\/2020\/11\/logo.svg","contentUrl":"https:\/\/fiorentini-iberia.com\/wp-content\/uploads\/2020\/11\/logo.svg","width":227,"height":59,"caption":"Pietro Fiorentini Iberia"},"image":{"@id":"https:\/\/www.fiorentini-iberia.com\/en\/#\/schema\/logo\/image\/"},"sameAs":["https:\/\/x.com\/FiorentiniSpa","https:\/\/www.linkedin.com\/company\/pietro-fiorentini-iberia\/"]}]}},"_links":{"self":[{"href":"https:\/\/fiorentini-iberia.com\/en\/wp-json\/wp\/v2\/pages\/29214","targetHints":{"allow":["GET"]}}],"collection":[{"href":"https:\/\/fiorentini-iberia.com\/en\/wp-json\/wp\/v2\/pages"}],"about":[{"href":"https:\/\/fiorentini-iberia.com\/en\/wp-json\/wp\/v2\/types\/page"}],"author":[{"embeddable":true,"href":"https:\/\/fiorentini-iberia.com\/en\/wp-json\/wp\/v2\/users\/12"}],"replies":[{"embeddable":true,"href":"https:\/\/fiorentini-iberia.com\/en\/wp-json\/wp\/v2\/comments?post=29214"}],"version-history":[{"count":3,"href":"https:\/\/fiorentini-iberia.com\/en\/wp-json\/wp\/v2\/pages\/29214\/revisions"}],"predecessor-version":[{"id":63240,"href":"https:\/\/fiorentini-iberia.com\/en\/wp-json\/wp\/v2\/pages\/29214\/revisions\/63240"}],"up":[{"embeddable":true,"href":"https:\/\/fiorentini-iberia.com\/en\/wp-json\/wp\/v2\/pages\/29201"}],"wp:featuredmedia":[{"embeddable":true,"href":"https:\/\/fiorentini-iberia.com\/en\/wp-json\/wp\/v2\/media\/15862"}],"wp:attachment":[{"href":"https:\/\/fiorentini-iberia.com\/en\/wp-json\/wp\/v2\/media?parent=29214"}],"curies":[{"name":"wp","href":"https:\/\/api.w.org\/{rel}","templated":true}]}}