{"id":29204,"date":"2023-12-11T10:22:33","date_gmt":"2023-12-11T09:22:33","guid":{"rendered":"https:\/\/www.fiorentini-iberia.com\/?page_id=29204"},"modified":"2026-03-10T15:54:10","modified_gmt":"2026-03-10T14:54:10","slug":"biomethane","status":"publish","type":"page","link":"https:\/\/fiorentini-iberia.com\/en\/expertise\/biomethane\/","title":{"rendered":"Biomethane"},"content":{"rendered":"\n<h2 class=\"wp-block-heading\"><strong>A cornerstone of the energy transition<\/strong><\/h2>\n\n\n\n<p><strong><a href=\"https:\/\/www.fiorentini-iberia.com\/en\/solutions\/services\/data-management-solutions\/biomethane-service\/\">Biomethane<\/a><\/strong> plays a considerable role. Unlike other renewable sources, it requires <strong>limited investment in terms of infrastructure<\/strong> and, regarding emissions, is considered to be<strong> neutral <\/strong>as it is produced via the digestion of biomass from by-products, industrial processing waste and organic material.<\/p>\n\n\n\n<p><strong>Pietro Fiorentini<\/strong> provides integrated solutions for every type of plant, from direct&nbsp;<strong><a href=\"https:\/\/www.fiorentini-iberia.com\/en\/solutions\/systems\/renewables-energies\/biomethane-injection\/\">biomethane injection <\/a>into the transport or distribution network<\/strong>, to solutions for <strong><a href=\"https:\/\/www.fiorentini-iberia.com\/en\/solutions\/systems\/renewables-energies\/liquid-biomethane-metrology\/\">liquid biomethane<\/a><\/strong>.<\/p>\n\n\n\n<p>Besides, thanks to Pietro Fiorentini\u2019s&nbsp;<strong><a href=\"https:\/\/www.fiorentini-iberia.com\/en\/solutions\/systems\/renewables-energies\/biogas-treatment\/\">biogas upgrading<\/a><\/strong>&nbsp;solutions, contaminants and inert substances that lower calorific value are eliminated from the biogas, transforming it into biomethane.<\/p>\n\n\n\n<p>By directly detecting the criteria of the system continuously, we can manage the automation <strong>remotely and automatically<\/strong> and promptly inform of any anomalies. <\/p>\n\n\n\n<p><\/p>\n","protected":false},"excerpt":{"rendered":"<p>Unlike other renewables, biomethane requires limited investment in terms of infrastructure. Moreover, regarding emissions, it is considered to be neutral as it is produced via the digestion of biomass from by-products, industrial processing waste and organic material.<br \/>\n\u00a0<br \/>\nSpecific incentives promoted at the European level are making its use economically sustainable, and as a result production and use of this source are being strongly encouraged.<\/p>\n","protected":false},"author":12,"featured_media":10661,"parent":29201,"menu_order":0,"comment_status":"closed","ping_status":"closed","template":"template-expertise-child.php","meta":{"_acf_changed":false,"inline_featured_image":false,"footnotes":""},"class_list":["post-29204","page","type-page","status-publish","has-post-thumbnail","hentry"],"acf":[],"yoast_head":"<!-- This site is optimized with the Yoast SEO plugin v27.2 - https:\/\/yoast.com\/product\/yoast-seo-wordpress\/ -->\n<title>Biomethane - Pietro Fiorentini<\/title>\n<meta name=\"description\" content=\"At Pietro Fiorentini we provide comprehensive solutions for all types of plants, from direct injection of biomethane into the grid.\" \/>\n<meta name=\"robots\" content=\"index, follow, max-snippet:-1, max-image-preview:large, max-video-preview:-1\" \/>\n<link rel=\"canonical\" href=\"https:\/\/fiorentini-iberia.com\/en\/expertise\/biomethane\/\" \/>\n<meta property=\"og:locale\" content=\"en_US\" \/>\n<meta property=\"og:type\" content=\"article\" \/>\n<meta property=\"og:title\" content=\"Biomethane - Pietro Fiorentini\" \/>\n<meta property=\"og:description\" content=\"At Pietro Fiorentini we provide comprehensive solutions for all types of plants, from direct injection of biomethane into the grid.\" \/>\n<meta property=\"og:url\" content=\"https:\/\/fiorentini-iberia.com\/en\/expertise\/biomethane\/\" \/>\n<meta property=\"og:site_name\" content=\"Pietro Fiorentini\" \/>\n<meta property=\"article:modified_time\" content=\"2026-03-10T14:54:10+00:00\" \/>\n<meta property=\"og:image\" content=\"https:\/\/www.fiorentini-iberia.com\/wp-content\/uploads\/2021\/03\/01_expertise_biogas.jpeg\" \/>\n\t<meta property=\"og:image:width\" content=\"991\" \/>\n\t<meta property=\"og:image:height\" content=\"991\" \/>\n\t<meta property=\"og:image:type\" content=\"image\/jpeg\" \/>\n<meta name=\"twitter:card\" content=\"summary_large_image\" \/>\n<meta name=\"twitter:site\" content=\"@FiorentiniSpa\" \/>\n<meta name=\"twitter:label1\" content=\"Est. reading time\" \/>\n\t<meta name=\"twitter:data1\" content=\"1 minute\" \/>\n<script type=\"application\/ld+json\" class=\"yoast-schema-graph\">{\"@context\":\"https:\/\/schema.org\",\"@graph\":[{\"@type\":\"WebPage\",\"@id\":\"https:\/\/fiorentini-iberia.com\/en\/expertise\/biomethane\/\",\"url\":\"https:\/\/fiorentini-iberia.com\/en\/expertise\/biomethane\/\",\"name\":\"Biomethane - Pietro Fiorentini\",\"isPartOf\":{\"@id\":\"https:\/\/www.fiorentini-iberia.com\/en\/#website\"},\"primaryImageOfPage\":{\"@id\":\"https:\/\/fiorentini-iberia.com\/en\/expertise\/biomethane\/#primaryimage\"},\"image\":{\"@id\":\"https:\/\/fiorentini-iberia.com\/en\/expertise\/biomethane\/#primaryimage\"},\"thumbnailUrl\":\"https:\/\/fiorentini-iberia.com\/wp-content\/uploads\/2021\/03\/01_expertise_biogas.jpeg\",\"datePublished\":\"2023-12-11T09:22:33+00:00\",\"dateModified\":\"2026-03-10T14:54:10+00:00\",\"description\":\"At Pietro Fiorentini we provide comprehensive solutions for all types of plants, from direct injection of biomethane into the grid.\",\"breadcrumb\":{\"@id\":\"https:\/\/fiorentini-iberia.com\/en\/expertise\/biomethane\/#breadcrumb\"},\"inLanguage\":\"en-US\",\"potentialAction\":[{\"@type\":\"ReadAction\",\"target\":[\"https:\/\/fiorentini-iberia.com\/en\/expertise\/biomethane\/\"]}]},{\"@type\":\"ImageObject\",\"inLanguage\":\"en-US\",\"@id\":\"https:\/\/fiorentini-iberia.com\/en\/expertise\/biomethane\/#primaryimage\",\"url\":\"https:\/\/fiorentini-iberia.com\/wp-content\/uploads\/2021\/03\/01_expertise_biogas.jpeg\",\"contentUrl\":\"https:\/\/fiorentini-iberia.com\/wp-content\/uploads\/2021\/03\/01_expertise_biogas.jpeg\",\"width\":991,\"height\":991,\"caption\":\"Pietro Fiorentini solutions for biomethane and biogas\"},{\"@type\":\"BreadcrumbList\",\"@id\":\"https:\/\/fiorentini-iberia.com\/en\/expertise\/biomethane\/#breadcrumb\",\"itemListElement\":[{\"@type\":\"ListItem\",\"position\":1,\"name\":\"Home\",\"item\":\"https:\/\/www.fiorentini-iberia.com\/en\/\"},{\"@type\":\"ListItem\",\"position\":2,\"name\":\"Expertise\",\"item\":\"https:\/\/www.fiorentini-iberia.com\/en\/expertise\/\"},{\"@type\":\"ListItem\",\"position\":3,\"name\":\"Biomethane\"}]},{\"@type\":\"WebSite\",\"@id\":\"https:\/\/www.fiorentini-iberia.com\/en\/#website\",\"url\":\"https:\/\/www.fiorentini-iberia.com\/en\/\",\"name\":\"Pietro Fiorentini Iberia\",\"description\":\"Pietro Fiorentini dise\u00f1a y fabrica componentes, sistemas y servicios para la regulaci\u00f3n, medici\u00f3n, gesti\u00f3n del petr\u00f3leo y el gas natural.\",\"publisher\":{\"@id\":\"https:\/\/www.fiorentini-iberia.com\/en\/#organization\"},\"potentialAction\":[{\"@type\":\"SearchAction\",\"target\":{\"@type\":\"EntryPoint\",\"urlTemplate\":\"https:\/\/www.fiorentini-iberia.com\/en\/?s={search_term_string}\"},\"query-input\":{\"@type\":\"PropertyValueSpecification\",\"valueRequired\":true,\"valueName\":\"search_term_string\"}}],\"inLanguage\":\"en-US\"},{\"@type\":\"Organization\",\"@id\":\"https:\/\/www.fiorentini-iberia.com\/en\/#organization\",\"name\":\"Pietro Fiorentini Iberia\",\"url\":\"https:\/\/www.fiorentini-iberia.com\/en\/\",\"logo\":{\"@type\":\"ImageObject\",\"inLanguage\":\"en-US\",\"@id\":\"https:\/\/www.fiorentini-iberia.com\/en\/#\/schema\/logo\/image\/\",\"url\":\"https:\/\/fiorentini-iberia.com\/wp-content\/uploads\/2020\/11\/logo.svg\",\"contentUrl\":\"https:\/\/fiorentini-iberia.com\/wp-content\/uploads\/2020\/11\/logo.svg\",\"width\":227,\"height\":59,\"caption\":\"Pietro Fiorentini Iberia\"},\"image\":{\"@id\":\"https:\/\/www.fiorentini-iberia.com\/en\/#\/schema\/logo\/image\/\"},\"sameAs\":[\"https:\/\/x.com\/FiorentiniSpa\",\"https:\/\/www.linkedin.com\/company\/pietro-fiorentini-iberia\/\"]}]}<\/script>\n<!-- \/ Yoast SEO plugin. -->","yoast_head_json":{"title":"Biomethane - Pietro Fiorentini","description":"At Pietro Fiorentini we provide comprehensive solutions for all types of plants, from direct injection of biomethane into the grid.","robots":{"index":"index","follow":"follow","max-snippet":"max-snippet:-1","max-image-preview":"max-image-preview:large","max-video-preview":"max-video-preview:-1"},"canonical":"https:\/\/fiorentini-iberia.com\/en\/expertise\/biomethane\/","og_locale":"en_US","og_type":"article","og_title":"Biomethane - Pietro Fiorentini","og_description":"At Pietro Fiorentini we provide comprehensive solutions for all types of plants, from direct injection of biomethane into the grid.","og_url":"https:\/\/fiorentini-iberia.com\/en\/expertise\/biomethane\/","og_site_name":"Pietro Fiorentini","article_modified_time":"2026-03-10T14:54:10+00:00","og_image":[{"width":991,"height":991,"url":"https:\/\/www.fiorentini-iberia.com\/wp-content\/uploads\/2021\/03\/01_expertise_biogas.jpeg","type":"image\/jpeg"}],"twitter_card":"summary_large_image","twitter_site":"@FiorentiniSpa","twitter_misc":{"Est. reading time":"1 minute"},"schema":{"@context":"https:\/\/schema.org","@graph":[{"@type":"WebPage","@id":"https:\/\/fiorentini-iberia.com\/en\/expertise\/biomethane\/","url":"https:\/\/fiorentini-iberia.com\/en\/expertise\/biomethane\/","name":"Biomethane - Pietro Fiorentini","isPartOf":{"@id":"https:\/\/www.fiorentini-iberia.com\/en\/#website"},"primaryImageOfPage":{"@id":"https:\/\/fiorentini-iberia.com\/en\/expertise\/biomethane\/#primaryimage"},"image":{"@id":"https:\/\/fiorentini-iberia.com\/en\/expertise\/biomethane\/#primaryimage"},"thumbnailUrl":"https:\/\/fiorentini-iberia.com\/wp-content\/uploads\/2021\/03\/01_expertise_biogas.jpeg","datePublished":"2023-12-11T09:22:33+00:00","dateModified":"2026-03-10T14:54:10+00:00","description":"At Pietro Fiorentini we provide comprehensive solutions for all types of plants, from direct injection of biomethane into the grid.","breadcrumb":{"@id":"https:\/\/fiorentini-iberia.com\/en\/expertise\/biomethane\/#breadcrumb"},"inLanguage":"en-US","potentialAction":[{"@type":"ReadAction","target":["https:\/\/fiorentini-iberia.com\/en\/expertise\/biomethane\/"]}]},{"@type":"ImageObject","inLanguage":"en-US","@id":"https:\/\/fiorentini-iberia.com\/en\/expertise\/biomethane\/#primaryimage","url":"https:\/\/fiorentini-iberia.com\/wp-content\/uploads\/2021\/03\/01_expertise_biogas.jpeg","contentUrl":"https:\/\/fiorentini-iberia.com\/wp-content\/uploads\/2021\/03\/01_expertise_biogas.jpeg","width":991,"height":991,"caption":"Pietro Fiorentini solutions for biomethane and biogas"},{"@type":"BreadcrumbList","@id":"https:\/\/fiorentini-iberia.com\/en\/expertise\/biomethane\/#breadcrumb","itemListElement":[{"@type":"ListItem","position":1,"name":"Home","item":"https:\/\/www.fiorentini-iberia.com\/en\/"},{"@type":"ListItem","position":2,"name":"Expertise","item":"https:\/\/www.fiorentini-iberia.com\/en\/expertise\/"},{"@type":"ListItem","position":3,"name":"Biomethane"}]},{"@type":"WebSite","@id":"https:\/\/www.fiorentini-iberia.com\/en\/#website","url":"https:\/\/www.fiorentini-iberia.com\/en\/","name":"Pietro Fiorentini Iberia","description":"Pietro Fiorentini dise\u00f1a y fabrica componentes, sistemas y servicios para la regulaci\u00f3n, medici\u00f3n, gesti\u00f3n del petr\u00f3leo y el gas natural.","publisher":{"@id":"https:\/\/www.fiorentini-iberia.com\/en\/#organization"},"potentialAction":[{"@type":"SearchAction","target":{"@type":"EntryPoint","urlTemplate":"https:\/\/www.fiorentini-iberia.com\/en\/?s={search_term_string}"},"query-input":{"@type":"PropertyValueSpecification","valueRequired":true,"valueName":"search_term_string"}}],"inLanguage":"en-US"},{"@type":"Organization","@id":"https:\/\/www.fiorentini-iberia.com\/en\/#organization","name":"Pietro Fiorentini Iberia","url":"https:\/\/www.fiorentini-iberia.com\/en\/","logo":{"@type":"ImageObject","inLanguage":"en-US","@id":"https:\/\/www.fiorentini-iberia.com\/en\/#\/schema\/logo\/image\/","url":"https:\/\/fiorentini-iberia.com\/wp-content\/uploads\/2020\/11\/logo.svg","contentUrl":"https:\/\/fiorentini-iberia.com\/wp-content\/uploads\/2020\/11\/logo.svg","width":227,"height":59,"caption":"Pietro Fiorentini Iberia"},"image":{"@id":"https:\/\/www.fiorentini-iberia.com\/en\/#\/schema\/logo\/image\/"},"sameAs":["https:\/\/x.com\/FiorentiniSpa","https:\/\/www.linkedin.com\/company\/pietro-fiorentini-iberia\/"]}]}},"_links":{"self":[{"href":"https:\/\/fiorentini-iberia.com\/en\/wp-json\/wp\/v2\/pages\/29204","targetHints":{"allow":["GET"]}}],"collection":[{"href":"https:\/\/fiorentini-iberia.com\/en\/wp-json\/wp\/v2\/pages"}],"about":[{"href":"https:\/\/fiorentini-iberia.com\/en\/wp-json\/wp\/v2\/types\/page"}],"author":[{"embeddable":true,"href":"https:\/\/fiorentini-iberia.com\/en\/wp-json\/wp\/v2\/users\/12"}],"replies":[{"embeddable":true,"href":"https:\/\/fiorentini-iberia.com\/en\/wp-json\/wp\/v2\/comments?post=29204"}],"version-history":[{"count":3,"href":"https:\/\/fiorentini-iberia.com\/en\/wp-json\/wp\/v2\/pages\/29204\/revisions"}],"predecessor-version":[{"id":63344,"href":"https:\/\/fiorentini-iberia.com\/en\/wp-json\/wp\/v2\/pages\/29204\/revisions\/63344"}],"up":[{"embeddable":true,"href":"https:\/\/fiorentini-iberia.com\/en\/wp-json\/wp\/v2\/pages\/29201"}],"wp:featuredmedia":[{"embeddable":true,"href":"https:\/\/fiorentini-iberia.com\/en\/wp-json\/wp\/v2\/media\/10661"}],"wp:attachment":[{"href":"https:\/\/fiorentini-iberia.com\/en\/wp-json\/wp\/v2\/media?parent=29204"}],"curies":[{"name":"wp","href":"https:\/\/api.w.org\/{rel}","templated":true}]}}