{"id":61894,"date":"2025-09-29T09:41:31","date_gmt":"2025-09-29T07:41:31","guid":{"rendered":"https:\/\/www.fiorentini-iberia.com\/?page_id=61894"},"modified":"2026-03-27T15:03:11","modified_gmt":"2026-03-27T14:03:11","slug":"pietro-fiorentini-group","status":"publish","type":"page","link":"https:\/\/fiorentini-iberia.com\/ca\/pietro-fiorentini-group\/","title":{"rendered":"Pietro Fiorentini Group"},"content":{"rendered":"\n<p style=\"font-size:23px\"><strong><mark style=\"background-color:rgba(0, 0, 0, 0);color:#199782\" class=\"has-inline-color\"><strong><strong>LA HIST\u00d2RIA:&nbsp;<strong>D\u2019UN NEGOCI FAMILIAR ITALI\u00c0 A UNA EMPRESA MULTINACIONAL<\/strong><\/strong><\/strong><\/mark><\/strong><\/p>\n\n\n\n<p><strong>Pietro Fiorentini SpA es va establir a It\u00e0lia el 1940<\/strong>. Actualment, a m\u00e9s de la seva central a Arcugnano (Vicenza),&nbsp;el Grup Pietro Fiorentini &nbsp;t\u00e9<strong> 40 centres comercials i de producci\u00f3, <\/strong>tant a It\u00e0lia com a l\u2019estranger<strong> <\/strong>i compta amb una <strong>plantilla de 2.600 persones a nivell mundial<\/strong>, amb una xarxa de distribuci\u00f3 que cobreix&nbsp;<strong>m\u00e9s de 100 pa\u00efsos en tots els continents<\/strong>.<\/p>\n\n\n\n<div style=\"height:25px\" aria-hidden=\"true\" class=\"wp-block-spacer\"><\/div>\n\n\n\n<p style=\"font-size:23px\"><strong><mark style=\"background-color:rgba(0, 0, 0, 0);color:#199782\" class=\"has-inline-color\"><strong><strong>CONSTANT ACTUALITZACI\u00d3<\/strong><\/strong><\/mark><\/strong><\/p>\n\n\n\n<p>La producci\u00f3 es centra en una \u00e0mplia gamma de solucions de tecnologia avan\u00e7ada per tota la cadena de subministrament de gas natural: des dels components i serveis que formen part de les xarxes de distribuci\u00f3 i transport fins a una gamma de solucions&nbsp; d\u2019enginyeria que inclouen v\u00e0lvules, &nbsp;cabal\u00edmetres multi-f\u00e0sics, plantes de processament i estacions de regulaci\u00f3 i mesura de pressi\u00f3 (PRMs).<\/p>\n\n\n\n<p>Durant la \u00faltima d\u00e8cada, la empresa ha invertit molt en I+D, en fusions i adquisicions (F&amp;A) i en les seves f\u00e0briques i sistemes de producci\u00f3. Com a resultat, ocupa una&nbsp;<strong>posici\u00f3 l\u00edder en medici\u00f3 intel\u00b7ligent&nbsp;<\/strong>&nbsp;aix\u00ed com en&nbsp;<strong>xarxes intel\u00b7ligents&nbsp;<\/strong>en general i pot oferir solucions integrals i de \u00faltima generaci\u00f3 gr\u00e0cies a la combinaci\u00f3 de know-how mec\u00e0nic i electr\u00f2nic amb solucions de software que proporciona la seva filial Terranova.<\/p>\n\n\n\n<div class=\"download-btn\" style=\"color:#fff;margin:30px 0 30px;\">\n  <a style=\"color:#fff;text-decoration:none;\" href=\"https:\/\/www.fiorentini-iberia.com\/ca\/pietro-fiorentini-group\/empreses-i-marques\/\" class=\"btn btn-big\">\n    <span>Empreses i marques del Grup<\/span>\n  <\/a>\n<\/div>\n<div class=\"download-btn\" style=\"color:#fff;margin:30px 0 30px;\">\n  <a style=\"color:#fff;text-decoration:none;\" href=\"https:\/\/www.fiorentini-iberia.com\/ca\/contacte\/\" class=\"btn btn-big\">\n    <span>Contacti amb nosaltres<\/span>\n  <\/a>\n<\/div>\n\n\n\n<p>M\u00e9s recentment, en l\u2019\u00e0mbit de la transici\u00f3 energ\u00e8tica, el Grup ha estat accelerant esfor\u00e7os per aprofitar noves oportunitats relacionades amb les&nbsp;<strong>fonts d\u2019energia neta<\/strong>&nbsp;com bio-met\u00e0, hidrogen i Power-to-gas (PtG). El grup tamb\u00e9 est\u00e0 expandint horitzons en el camp de la medici\u00f3 d\u2019aigua, de la digitalitzaci\u00f3 del cicle de l\u2019aigua i del sector mediambiental.<\/p>\n\n\n\n<p>Els nostres clients s\u00f3n la base de la feina di\u00e0ria com a part d\u2019una l\u00f2gica&nbsp;<strong>centrada en el client<\/strong>&nbsp;que no implica &nbsp;centrar-se nom\u00e9s en la qualitat del producte o en la optimitzaci\u00f3 dels processos, sin\u00f3 que va \u00edntimament lligada a tots uns altres elements (suport t\u00e8cnic, serveis de manteniment, log\u00edstica, informaci\u00f3 i comunicaci\u00f3) els quals ens distingeixen.<\/p>\n\n\n\n<div style=\"height:50px\" aria-hidden=\"true\" class=\"wp-block-spacer\"><\/div>\n","protected":false},"excerpt":{"rendered":"<p>LA HIST\u00d2RIA:&nbsp;D\u2019UN NEGOCI FAMILIAR ITALI\u00c0 A UNA EMPRESA MULTINACIONAL Pietro Fiorentini SpA es va establir a It\u00e0lia el 1940. Actualment, a m\u00e9s de la seva central a Arcugnano (Vicenza),&nbsp;el Grup Pietro Fiorentini &nbsp;t\u00e9 40 centres comercials i de producci\u00f3, tant a It\u00e0lia com a l\u2019estranger i compta amb una plantilla de 2.600 persones a nivell [&hellip;]<\/p>\n","protected":false},"author":14,"featured_media":61885,"parent":0,"menu_order":0,"comment_status":"closed","ping_status":"closed","template":"template-pf-group-share.php","meta":{"_acf_changed":false,"inline_featured_image":false,"footnotes":""},"class_list":["post-61894","page","type-page","status-publish","has-post-thumbnail","hentry"],"acf":[],"yoast_head":"<!-- This site is optimized with the Yoast SEO plugin v27.2 - https:\/\/yoast.com\/product\/yoast-seo-wordpress\/ -->\n<title>Pietro Fiorentini Group - Pietro Fiorentini<\/title>\n<meta name=\"robots\" content=\"index, follow, max-snippet:-1, max-image-preview:large, max-video-preview:-1\" \/>\n<link rel=\"canonical\" href=\"https:\/\/fiorentini-iberia.com\/ca\/pietro-fiorentini-group\/\" \/>\n<meta property=\"og:locale\" content=\"ca_ES\" \/>\n<meta property=\"og:type\" content=\"article\" \/>\n<meta property=\"og:title\" content=\"Pietro Fiorentini Group - Pietro Fiorentini\" \/>\n<meta property=\"og:description\" content=\"LA HIST\u00d2RIA:&nbsp;D\u2019UN NEGOCI FAMILIAR ITALI\u00c0 A UNA EMPRESA MULTINACIONAL Pietro Fiorentini SpA es va establir a It\u00e0lia el 1940. Actualment, a m\u00e9s de la seva central a Arcugnano (Vicenza),&nbsp;el Grup Pietro Fiorentini &nbsp;t\u00e9 40 centres comercials i de producci\u00f3, tant a It\u00e0lia com a l\u2019estranger i compta amb una plantilla de 2.600 persones a nivell [&hellip;]\" \/>\n<meta property=\"og:url\" content=\"https:\/\/fiorentini-iberia.com\/ca\/pietro-fiorentini-group\/\" \/>\n<meta property=\"og:site_name\" content=\"Pietro Fiorentini\" \/>\n<meta property=\"article:modified_time\" content=\"2026-03-27T14:03:11+00:00\" \/>\n<meta property=\"og:image\" content=\"https:\/\/www.fiorentini-iberia.com\/wp-content\/uploads\/2025\/09\/banner-PF-Group.jpg\" \/>\n\t<meta property=\"og:image:width\" content=\"2560\" \/>\n\t<meta property=\"og:image:height\" content=\"1190\" \/>\n\t<meta property=\"og:image:type\" content=\"image\/jpeg\" \/>\n<meta name=\"twitter:card\" content=\"summary_large_image\" \/>\n<meta name=\"twitter:site\" content=\"@FiorentiniSpa\" \/>\n<meta name=\"twitter:label1\" content=\"Temps estimat de lectura\" \/>\n\t<meta name=\"twitter:data1\" content=\"2 minuts\" \/>\n<script type=\"application\/ld+json\" class=\"yoast-schema-graph\">{\"@context\":\"https:\/\/schema.org\",\"@graph\":[{\"@type\":\"WebPage\",\"@id\":\"https:\/\/fiorentini-iberia.com\/ca\/pietro-fiorentini-group\/\",\"url\":\"https:\/\/fiorentini-iberia.com\/ca\/pietro-fiorentini-group\/\",\"name\":\"Pietro Fiorentini Group - Pietro Fiorentini\",\"isPartOf\":{\"@id\":\"https:\/\/www.fiorentini-iberia.com\/ca\/#website\"},\"primaryImageOfPage\":{\"@id\":\"https:\/\/fiorentini-iberia.com\/ca\/pietro-fiorentini-group\/#primaryimage\"},\"image\":{\"@id\":\"https:\/\/fiorentini-iberia.com\/ca\/pietro-fiorentini-group\/#primaryimage\"},\"thumbnailUrl\":\"https:\/\/fiorentini-iberia.com\/wp-content\/uploads\/2025\/09\/banner-PF-Group.jpg\",\"datePublished\":\"2025-09-29T07:41:31+00:00\",\"dateModified\":\"2026-03-27T14:03:11+00:00\",\"breadcrumb\":{\"@id\":\"https:\/\/fiorentini-iberia.com\/ca\/pietro-fiorentini-group\/#breadcrumb\"},\"inLanguage\":\"ca\",\"potentialAction\":[{\"@type\":\"ReadAction\",\"target\":[\"https:\/\/fiorentini-iberia.com\/ca\/pietro-fiorentini-group\/\"]}]},{\"@type\":\"ImageObject\",\"inLanguage\":\"ca\",\"@id\":\"https:\/\/fiorentini-iberia.com\/ca\/pietro-fiorentini-group\/#primaryimage\",\"url\":\"https:\/\/fiorentini-iberia.com\/wp-content\/uploads\/2025\/09\/banner-PF-Group.jpg\",\"contentUrl\":\"https:\/\/fiorentini-iberia.com\/wp-content\/uploads\/2025\/09\/banner-PF-Group.jpg\",\"width\":2560,\"height\":1190},{\"@type\":\"BreadcrumbList\",\"@id\":\"https:\/\/fiorentini-iberia.com\/ca\/pietro-fiorentini-group\/#breadcrumb\",\"itemListElement\":[{\"@type\":\"ListItem\",\"position\":1,\"name\":\"Home\",\"item\":\"https:\/\/www.fiorentini-iberia.com\/ca\/\"},{\"@type\":\"ListItem\",\"position\":2,\"name\":\"Pietro Fiorentini Group\"}]},{\"@type\":\"WebSite\",\"@id\":\"https:\/\/www.fiorentini-iberia.com\/ca\/#website\",\"url\":\"https:\/\/www.fiorentini-iberia.com\/ca\/\",\"name\":\"Pietro Fiorentini Iberia\",\"description\":\"Pietro Fiorentini dise\u00f1a y fabrica componentes, sistemas y servicios para la regulaci\u00f3n, medici\u00f3n, gesti\u00f3n de redes de agua, energ\u00edas renovables, petr\u00f3leo y el gas natural, con sistemas adaptados 100% al hidr\u00f3geno.\",\"publisher\":{\"@id\":\"https:\/\/www.fiorentini-iberia.com\/ca\/#organization\"},\"potentialAction\":[{\"@type\":\"SearchAction\",\"target\":{\"@type\":\"EntryPoint\",\"urlTemplate\":\"https:\/\/www.fiorentini-iberia.com\/ca\/?s={search_term_string}\"},\"query-input\":{\"@type\":\"PropertyValueSpecification\",\"valueRequired\":true,\"valueName\":\"search_term_string\"}}],\"inLanguage\":\"ca\"},{\"@type\":\"Organization\",\"@id\":\"https:\/\/www.fiorentini-iberia.com\/ca\/#organization\",\"name\":\"Pietro Fiorentini Iberia\",\"url\":\"https:\/\/www.fiorentini-iberia.com\/ca\/\",\"logo\":{\"@type\":\"ImageObject\",\"inLanguage\":\"ca\",\"@id\":\"https:\/\/www.fiorentini-iberia.com\/ca\/#\/schema\/logo\/image\/\",\"url\":\"https:\/\/fiorentini-iberia.com\/wp-content\/uploads\/2020\/11\/logo.svg\",\"contentUrl\":\"https:\/\/fiorentini-iberia.com\/wp-content\/uploads\/2020\/11\/logo.svg\",\"width\":227,\"height\":59,\"caption\":\"Pietro Fiorentini Iberia\"},\"image\":{\"@id\":\"https:\/\/www.fiorentini-iberia.com\/ca\/#\/schema\/logo\/image\/\"},\"sameAs\":[\"https:\/\/x.com\/FiorentiniSpa\",\"https:\/\/www.linkedin.com\/company\/pietro-fiorentini-iberia\/\"]}]}<\/script>\n<!-- \/ Yoast SEO plugin. -->","yoast_head_json":{"title":"Pietro Fiorentini Group - Pietro Fiorentini","robots":{"index":"index","follow":"follow","max-snippet":"max-snippet:-1","max-image-preview":"max-image-preview:large","max-video-preview":"max-video-preview:-1"},"canonical":"https:\/\/fiorentini-iberia.com\/ca\/pietro-fiorentini-group\/","og_locale":"ca_ES","og_type":"article","og_title":"Pietro Fiorentini Group - Pietro Fiorentini","og_description":"LA HIST\u00d2RIA:&nbsp;D\u2019UN NEGOCI FAMILIAR ITALI\u00c0 A UNA EMPRESA MULTINACIONAL Pietro Fiorentini SpA es va establir a It\u00e0lia el 1940. Actualment, a m\u00e9s de la seva central a Arcugnano (Vicenza),&nbsp;el Grup Pietro Fiorentini &nbsp;t\u00e9 40 centres comercials i de producci\u00f3, tant a It\u00e0lia com a l\u2019estranger i compta amb una plantilla de 2.600 persones a nivell [&hellip;]","og_url":"https:\/\/fiorentini-iberia.com\/ca\/pietro-fiorentini-group\/","og_site_name":"Pietro Fiorentini","article_modified_time":"2026-03-27T14:03:11+00:00","og_image":[{"width":2560,"height":1190,"url":"https:\/\/www.fiorentini-iberia.com\/wp-content\/uploads\/2025\/09\/banner-PF-Group.jpg","type":"image\/jpeg"}],"twitter_card":"summary_large_image","twitter_site":"@FiorentiniSpa","twitter_misc":{"Temps estimat de lectura":"2 minuts"},"schema":{"@context":"https:\/\/schema.org","@graph":[{"@type":"WebPage","@id":"https:\/\/fiorentini-iberia.com\/ca\/pietro-fiorentini-group\/","url":"https:\/\/fiorentini-iberia.com\/ca\/pietro-fiorentini-group\/","name":"Pietro Fiorentini Group - Pietro Fiorentini","isPartOf":{"@id":"https:\/\/www.fiorentini-iberia.com\/ca\/#website"},"primaryImageOfPage":{"@id":"https:\/\/fiorentini-iberia.com\/ca\/pietro-fiorentini-group\/#primaryimage"},"image":{"@id":"https:\/\/fiorentini-iberia.com\/ca\/pietro-fiorentini-group\/#primaryimage"},"thumbnailUrl":"https:\/\/fiorentini-iberia.com\/wp-content\/uploads\/2025\/09\/banner-PF-Group.jpg","datePublished":"2025-09-29T07:41:31+00:00","dateModified":"2026-03-27T14:03:11+00:00","breadcrumb":{"@id":"https:\/\/fiorentini-iberia.com\/ca\/pietro-fiorentini-group\/#breadcrumb"},"inLanguage":"ca","potentialAction":[{"@type":"ReadAction","target":["https:\/\/fiorentini-iberia.com\/ca\/pietro-fiorentini-group\/"]}]},{"@type":"ImageObject","inLanguage":"ca","@id":"https:\/\/fiorentini-iberia.com\/ca\/pietro-fiorentini-group\/#primaryimage","url":"https:\/\/fiorentini-iberia.com\/wp-content\/uploads\/2025\/09\/banner-PF-Group.jpg","contentUrl":"https:\/\/fiorentini-iberia.com\/wp-content\/uploads\/2025\/09\/banner-PF-Group.jpg","width":2560,"height":1190},{"@type":"BreadcrumbList","@id":"https:\/\/fiorentini-iberia.com\/ca\/pietro-fiorentini-group\/#breadcrumb","itemListElement":[{"@type":"ListItem","position":1,"name":"Home","item":"https:\/\/www.fiorentini-iberia.com\/ca\/"},{"@type":"ListItem","position":2,"name":"Pietro Fiorentini Group"}]},{"@type":"WebSite","@id":"https:\/\/www.fiorentini-iberia.com\/ca\/#website","url":"https:\/\/www.fiorentini-iberia.com\/ca\/","name":"Pietro Fiorentini Iberia","description":"Pietro Fiorentini dise\u00f1a y fabrica componentes, sistemas y servicios para la regulaci\u00f3n, medici\u00f3n, gesti\u00f3n de redes de agua, energ\u00edas renovables, petr\u00f3leo y el gas natural, con sistemas adaptados 100% al hidr\u00f3geno.","publisher":{"@id":"https:\/\/www.fiorentini-iberia.com\/ca\/#organization"},"potentialAction":[{"@type":"SearchAction","target":{"@type":"EntryPoint","urlTemplate":"https:\/\/www.fiorentini-iberia.com\/ca\/?s={search_term_string}"},"query-input":{"@type":"PropertyValueSpecification","valueRequired":true,"valueName":"search_term_string"}}],"inLanguage":"ca"},{"@type":"Organization","@id":"https:\/\/www.fiorentini-iberia.com\/ca\/#organization","name":"Pietro Fiorentini Iberia","url":"https:\/\/www.fiorentini-iberia.com\/ca\/","logo":{"@type":"ImageObject","inLanguage":"ca","@id":"https:\/\/www.fiorentini-iberia.com\/ca\/#\/schema\/logo\/image\/","url":"https:\/\/fiorentini-iberia.com\/wp-content\/uploads\/2020\/11\/logo.svg","contentUrl":"https:\/\/fiorentini-iberia.com\/wp-content\/uploads\/2020\/11\/logo.svg","width":227,"height":59,"caption":"Pietro Fiorentini Iberia"},"image":{"@id":"https:\/\/www.fiorentini-iberia.com\/ca\/#\/schema\/logo\/image\/"},"sameAs":["https:\/\/x.com\/FiorentiniSpa","https:\/\/www.linkedin.com\/company\/pietro-fiorentini-iberia\/"]}]}},"_links":{"self":[{"href":"https:\/\/fiorentini-iberia.com\/ca\/wp-json\/wp\/v2\/pages\/61894","targetHints":{"allow":["GET"]}}],"collection":[{"href":"https:\/\/fiorentini-iberia.com\/ca\/wp-json\/wp\/v2\/pages"}],"about":[{"href":"https:\/\/fiorentini-iberia.com\/ca\/wp-json\/wp\/v2\/types\/page"}],"author":[{"embeddable":true,"href":"https:\/\/fiorentini-iberia.com\/ca\/wp-json\/wp\/v2\/users\/14"}],"replies":[{"embeddable":true,"href":"https:\/\/fiorentini-iberia.com\/ca\/wp-json\/wp\/v2\/comments?post=61894"}],"version-history":[{"count":3,"href":"https:\/\/fiorentini-iberia.com\/ca\/wp-json\/wp\/v2\/pages\/61894\/revisions"}],"predecessor-version":[{"id":63546,"href":"https:\/\/fiorentini-iberia.com\/ca\/wp-json\/wp\/v2\/pages\/61894\/revisions\/63546"}],"wp:featuredmedia":[{"embeddable":true,"href":"https:\/\/fiorentini-iberia.com\/ca\/wp-json\/wp\/v2\/media\/61885"}],"wp:attachment":[{"href":"https:\/\/fiorentini-iberia.com\/ca\/wp-json\/wp\/v2\/media?parent=61894"}],"curies":[{"name":"wp","href":"https:\/\/api.w.org\/{rel}","templated":true}]}}