{"id":61876,"date":"2025-09-29T11:42:50","date_gmt":"2025-09-29T09:42:50","guid":{"rendered":"https:\/\/www.fiorentini-iberia.com\/?page_id=61876"},"modified":"2025-10-31T11:06:39","modified_gmt":"2025-10-31T10:06:39","slug":"empreses-i-marques","status":"publish","type":"page","link":"https:\/\/fiorentini-iberia.com\/ca\/pietro-fiorentini-group\/empreses-i-marques\/","title":{"rendered":"Empreses i marques"},"content":{"rendered":"\n<p>Les empreses i marques del Gruppo Pietro Fiorentini integren i amplien la seva oferta a m\u00faltiples sectors: des de les energies renovables fins als software per la gesti\u00f3 de dades, des del cicle de l\u2019aigua fins a la recuperaci\u00f3 de residus. La sinergia entre diferents habilitats i coneixements t\u00e8cnics permet al Gruppo Pietro Fiorentini desenvolupar i industrialitzar solucions innovadores tant en processos com en tecnologia.<\/p>\n","protected":false},"excerpt":{"rendered":"<p>Les empreses i marques del Gruppo Pietro Fiorentini integren i amplien la seva oferta a m\u00faltiples sectors: des de les energies renovables fins als software per la gesti\u00f3 de dades, des del cicle de l\u2019aigua fins a la recuperaci\u00f3 de residus. La sinergia entre diferents habilitats i coneixements t\u00e8cnics permet al Gruppo Pietro Fiorentini desenvolupar [&hellip;]<\/p>\n","protected":false},"author":14,"featured_media":54470,"parent":61894,"menu_order":0,"comment_status":"closed","ping_status":"closed","template":"template-pf-group-2.php","meta":{"_acf_changed":false,"inline_featured_image":false,"footnotes":""},"class_list":["post-61876","page","type-page","status-publish","has-post-thumbnail","hentry"],"acf":[],"yoast_head":"<!-- This site is optimized with the Yoast SEO plugin v27.2 - https:\/\/yoast.com\/product\/yoast-seo-wordpress\/ -->\n<title>Empreses i marques - Pietro Fiorentini<\/title>\n<meta name=\"robots\" content=\"index, follow, max-snippet:-1, max-image-preview:large, max-video-preview:-1\" \/>\n<link rel=\"canonical\" href=\"https:\/\/fiorentini-iberia.com\/ca\/pietro-fiorentini-group\/empreses-i-marques\/\" \/>\n<meta property=\"og:locale\" content=\"ca_ES\" \/>\n<meta property=\"og:type\" content=\"article\" \/>\n<meta property=\"og:title\" content=\"Empreses i marques - Pietro Fiorentini\" \/>\n<meta property=\"og:description\" content=\"Les empreses i marques del Gruppo Pietro Fiorentini integren i amplien la seva oferta a m\u00faltiples sectors: des de les energies renovables fins als software per la gesti\u00f3 de dades, des del cicle de l\u2019aigua fins a la recuperaci\u00f3 de residus. La sinergia entre diferents habilitats i coneixements t\u00e8cnics permet al Gruppo Pietro Fiorentini desenvolupar [&hellip;]\" \/>\n<meta property=\"og:url\" content=\"https:\/\/fiorentini-iberia.com\/ca\/pietro-fiorentini-group\/empreses-i-marques\/\" \/>\n<meta property=\"og:site_name\" content=\"Pietro Fiorentini\" \/>\n<meta property=\"article:modified_time\" content=\"2025-10-31T10:06:39+00:00\" \/>\n<meta property=\"og:image\" content=\"https:\/\/www.fiorentini-iberia.com\/wp-content\/uploads\/2024\/06\/pf-group-cover.jpeg\" \/>\n\t<meta property=\"og:image:width\" content=\"1920\" \/>\n\t<meta property=\"og:image:height\" content=\"288\" \/>\n\t<meta property=\"og:image:type\" content=\"image\/jpeg\" \/>\n<meta name=\"twitter:card\" content=\"summary_large_image\" \/>\n<meta name=\"twitter:site\" content=\"@FiorentiniSpa\" \/>\n<meta name=\"twitter:label1\" content=\"Temps estimat de lectura\" \/>\n\t<meta name=\"twitter:data1\" content=\"1 minut\" \/>\n<script type=\"application\/ld+json\" class=\"yoast-schema-graph\">{\"@context\":\"https:\/\/schema.org\",\"@graph\":[{\"@type\":\"WebPage\",\"@id\":\"https:\/\/fiorentini-iberia.com\/ca\/pietro-fiorentini-group\/empreses-i-marques\/\",\"url\":\"https:\/\/fiorentini-iberia.com\/ca\/pietro-fiorentini-group\/empreses-i-marques\/\",\"name\":\"Empreses i marques - Pietro Fiorentini\",\"isPartOf\":{\"@id\":\"https:\/\/www.fiorentini-iberia.com\/ca\/#website\"},\"primaryImageOfPage\":{\"@id\":\"https:\/\/fiorentini-iberia.com\/ca\/pietro-fiorentini-group\/empreses-i-marques\/#primaryimage\"},\"image\":{\"@id\":\"https:\/\/fiorentini-iberia.com\/ca\/pietro-fiorentini-group\/empreses-i-marques\/#primaryimage\"},\"thumbnailUrl\":\"https:\/\/fiorentini-iberia.com\/wp-content\/uploads\/2024\/06\/pf-group-cover.jpeg\",\"datePublished\":\"2025-09-29T09:42:50+00:00\",\"dateModified\":\"2025-10-31T10:06:39+00:00\",\"breadcrumb\":{\"@id\":\"https:\/\/fiorentini-iberia.com\/ca\/pietro-fiorentini-group\/empreses-i-marques\/#breadcrumb\"},\"inLanguage\":\"ca\",\"potentialAction\":[{\"@type\":\"ReadAction\",\"target\":[\"https:\/\/fiorentini-iberia.com\/ca\/pietro-fiorentini-group\/empreses-i-marques\/\"]}]},{\"@type\":\"ImageObject\",\"inLanguage\":\"ca\",\"@id\":\"https:\/\/fiorentini-iberia.com\/ca\/pietro-fiorentini-group\/empreses-i-marques\/#primaryimage\",\"url\":\"https:\/\/fiorentini-iberia.com\/wp-content\/uploads\/2024\/06\/pf-group-cover.jpeg\",\"contentUrl\":\"https:\/\/fiorentini-iberia.com\/wp-content\/uploads\/2024\/06\/pf-group-cover.jpeg\",\"width\":1920,\"height\":288,\"caption\":\"distribution and delivery concept, global business communication network, planet image from NASA\"},{\"@type\":\"BreadcrumbList\",\"@id\":\"https:\/\/fiorentini-iberia.com\/ca\/pietro-fiorentini-group\/empreses-i-marques\/#breadcrumb\",\"itemListElement\":[{\"@type\":\"ListItem\",\"position\":1,\"name\":\"Home\",\"item\":\"https:\/\/www.fiorentini-iberia.com\/ca\/\"},{\"@type\":\"ListItem\",\"position\":2,\"name\":\"Pietro Fiorentini Group\",\"item\":\"https:\/\/www.fiorentini-iberia.com\/ca\/pietro-fiorentini-group\/\"},{\"@type\":\"ListItem\",\"position\":3,\"name\":\"Empreses i marques\"}]},{\"@type\":\"WebSite\",\"@id\":\"https:\/\/www.fiorentini-iberia.com\/ca\/#website\",\"url\":\"https:\/\/www.fiorentini-iberia.com\/ca\/\",\"name\":\"Pietro Fiorentini Iberia\",\"description\":\"Pietro Fiorentini dise\u00f1a y fabrica componentes, sistemas y servicios para la regulaci\u00f3n, medici\u00f3n, gesti\u00f3n de redes de agua, energ\u00edas renovables, petr\u00f3leo y el gas natural, con sistemas adaptados 100% al hidr\u00f3geno.\",\"publisher\":{\"@id\":\"https:\/\/www.fiorentini-iberia.com\/ca\/#organization\"},\"potentialAction\":[{\"@type\":\"SearchAction\",\"target\":{\"@type\":\"EntryPoint\",\"urlTemplate\":\"https:\/\/www.fiorentini-iberia.com\/ca\/?s={search_term_string}\"},\"query-input\":{\"@type\":\"PropertyValueSpecification\",\"valueRequired\":true,\"valueName\":\"search_term_string\"}}],\"inLanguage\":\"ca\"},{\"@type\":\"Organization\",\"@id\":\"https:\/\/www.fiorentini-iberia.com\/ca\/#organization\",\"name\":\"Pietro Fiorentini Iberia\",\"url\":\"https:\/\/www.fiorentini-iberia.com\/ca\/\",\"logo\":{\"@type\":\"ImageObject\",\"inLanguage\":\"ca\",\"@id\":\"https:\/\/www.fiorentini-iberia.com\/ca\/#\/schema\/logo\/image\/\",\"url\":\"https:\/\/fiorentini-iberia.com\/wp-content\/uploads\/2020\/11\/logo.svg\",\"contentUrl\":\"https:\/\/fiorentini-iberia.com\/wp-content\/uploads\/2020\/11\/logo.svg\",\"width\":227,\"height\":59,\"caption\":\"Pietro Fiorentini Iberia\"},\"image\":{\"@id\":\"https:\/\/www.fiorentini-iberia.com\/ca\/#\/schema\/logo\/image\/\"},\"sameAs\":[\"https:\/\/x.com\/FiorentiniSpa\",\"https:\/\/www.linkedin.com\/company\/pietro-fiorentini-iberia\/\"]}]}<\/script>\n<!-- \/ Yoast SEO plugin. -->","yoast_head_json":{"title":"Empreses i marques - Pietro Fiorentini","robots":{"index":"index","follow":"follow","max-snippet":"max-snippet:-1","max-image-preview":"max-image-preview:large","max-video-preview":"max-video-preview:-1"},"canonical":"https:\/\/fiorentini-iberia.com\/ca\/pietro-fiorentini-group\/empreses-i-marques\/","og_locale":"ca_ES","og_type":"article","og_title":"Empreses i marques - Pietro Fiorentini","og_description":"Les empreses i marques del Gruppo Pietro Fiorentini integren i amplien la seva oferta a m\u00faltiples sectors: des de les energies renovables fins als software per la gesti\u00f3 de dades, des del cicle de l\u2019aigua fins a la recuperaci\u00f3 de residus. La sinergia entre diferents habilitats i coneixements t\u00e8cnics permet al Gruppo Pietro Fiorentini desenvolupar [&hellip;]","og_url":"https:\/\/fiorentini-iberia.com\/ca\/pietro-fiorentini-group\/empreses-i-marques\/","og_site_name":"Pietro Fiorentini","article_modified_time":"2025-10-31T10:06:39+00:00","og_image":[{"width":1920,"height":288,"url":"https:\/\/www.fiorentini-iberia.com\/wp-content\/uploads\/2024\/06\/pf-group-cover.jpeg","type":"image\/jpeg"}],"twitter_card":"summary_large_image","twitter_site":"@FiorentiniSpa","twitter_misc":{"Temps estimat de lectura":"1 minut"},"schema":{"@context":"https:\/\/schema.org","@graph":[{"@type":"WebPage","@id":"https:\/\/fiorentini-iberia.com\/ca\/pietro-fiorentini-group\/empreses-i-marques\/","url":"https:\/\/fiorentini-iberia.com\/ca\/pietro-fiorentini-group\/empreses-i-marques\/","name":"Empreses i marques - Pietro Fiorentini","isPartOf":{"@id":"https:\/\/www.fiorentini-iberia.com\/ca\/#website"},"primaryImageOfPage":{"@id":"https:\/\/fiorentini-iberia.com\/ca\/pietro-fiorentini-group\/empreses-i-marques\/#primaryimage"},"image":{"@id":"https:\/\/fiorentini-iberia.com\/ca\/pietro-fiorentini-group\/empreses-i-marques\/#primaryimage"},"thumbnailUrl":"https:\/\/fiorentini-iberia.com\/wp-content\/uploads\/2024\/06\/pf-group-cover.jpeg","datePublished":"2025-09-29T09:42:50+00:00","dateModified":"2025-10-31T10:06:39+00:00","breadcrumb":{"@id":"https:\/\/fiorentini-iberia.com\/ca\/pietro-fiorentini-group\/empreses-i-marques\/#breadcrumb"},"inLanguage":"ca","potentialAction":[{"@type":"ReadAction","target":["https:\/\/fiorentini-iberia.com\/ca\/pietro-fiorentini-group\/empreses-i-marques\/"]}]},{"@type":"ImageObject","inLanguage":"ca","@id":"https:\/\/fiorentini-iberia.com\/ca\/pietro-fiorentini-group\/empreses-i-marques\/#primaryimage","url":"https:\/\/fiorentini-iberia.com\/wp-content\/uploads\/2024\/06\/pf-group-cover.jpeg","contentUrl":"https:\/\/fiorentini-iberia.com\/wp-content\/uploads\/2024\/06\/pf-group-cover.jpeg","width":1920,"height":288,"caption":"distribution and delivery concept, global business communication network, planet image from NASA"},{"@type":"BreadcrumbList","@id":"https:\/\/fiorentini-iberia.com\/ca\/pietro-fiorentini-group\/empreses-i-marques\/#breadcrumb","itemListElement":[{"@type":"ListItem","position":1,"name":"Home","item":"https:\/\/www.fiorentini-iberia.com\/ca\/"},{"@type":"ListItem","position":2,"name":"Pietro Fiorentini Group","item":"https:\/\/www.fiorentini-iberia.com\/ca\/pietro-fiorentini-group\/"},{"@type":"ListItem","position":3,"name":"Empreses i marques"}]},{"@type":"WebSite","@id":"https:\/\/www.fiorentini-iberia.com\/ca\/#website","url":"https:\/\/www.fiorentini-iberia.com\/ca\/","name":"Pietro Fiorentini Iberia","description":"Pietro Fiorentini dise\u00f1a y fabrica componentes, sistemas y servicios para la regulaci\u00f3n, medici\u00f3n, gesti\u00f3n de redes de agua, energ\u00edas renovables, petr\u00f3leo y el gas natural, con sistemas adaptados 100% al hidr\u00f3geno.","publisher":{"@id":"https:\/\/www.fiorentini-iberia.com\/ca\/#organization"},"potentialAction":[{"@type":"SearchAction","target":{"@type":"EntryPoint","urlTemplate":"https:\/\/www.fiorentini-iberia.com\/ca\/?s={search_term_string}"},"query-input":{"@type":"PropertyValueSpecification","valueRequired":true,"valueName":"search_term_string"}}],"inLanguage":"ca"},{"@type":"Organization","@id":"https:\/\/www.fiorentini-iberia.com\/ca\/#organization","name":"Pietro Fiorentini Iberia","url":"https:\/\/www.fiorentini-iberia.com\/ca\/","logo":{"@type":"ImageObject","inLanguage":"ca","@id":"https:\/\/www.fiorentini-iberia.com\/ca\/#\/schema\/logo\/image\/","url":"https:\/\/fiorentini-iberia.com\/wp-content\/uploads\/2020\/11\/logo.svg","contentUrl":"https:\/\/fiorentini-iberia.com\/wp-content\/uploads\/2020\/11\/logo.svg","width":227,"height":59,"caption":"Pietro Fiorentini Iberia"},"image":{"@id":"https:\/\/www.fiorentini-iberia.com\/ca\/#\/schema\/logo\/image\/"},"sameAs":["https:\/\/x.com\/FiorentiniSpa","https:\/\/www.linkedin.com\/company\/pietro-fiorentini-iberia\/"]}]}},"_links":{"self":[{"href":"https:\/\/fiorentini-iberia.com\/ca\/wp-json\/wp\/v2\/pages\/61876","targetHints":{"allow":["GET"]}}],"collection":[{"href":"https:\/\/fiorentini-iberia.com\/ca\/wp-json\/wp\/v2\/pages"}],"about":[{"href":"https:\/\/fiorentini-iberia.com\/ca\/wp-json\/wp\/v2\/types\/page"}],"author":[{"embeddable":true,"href":"https:\/\/fiorentini-iberia.com\/ca\/wp-json\/wp\/v2\/users\/14"}],"replies":[{"embeddable":true,"href":"https:\/\/fiorentini-iberia.com\/ca\/wp-json\/wp\/v2\/comments?post=61876"}],"version-history":[{"count":2,"href":"https:\/\/fiorentini-iberia.com\/ca\/wp-json\/wp\/v2\/pages\/61876\/revisions"}],"predecessor-version":[{"id":62187,"href":"https:\/\/fiorentini-iberia.com\/ca\/wp-json\/wp\/v2\/pages\/61876\/revisions\/62187"}],"up":[{"embeddable":true,"href":"https:\/\/fiorentini-iberia.com\/ca\/wp-json\/wp\/v2\/pages\/61894"}],"wp:featuredmedia":[{"embeddable":true,"href":"https:\/\/fiorentini-iberia.com\/ca\/wp-json\/wp\/v2\/media\/54470"}],"wp:attachment":[{"href":"https:\/\/fiorentini-iberia.com\/ca\/wp-json\/wp\/v2\/media?parent=61876"}],"curies":[{"name":"wp","href":"https:\/\/api.w.org\/{rel}","templated":true}]}}