{"id":50364,"date":"2024-02-21T16:15:11","date_gmt":"2024-02-21T15:15:11","guid":{"rendered":"https:\/\/www.fiorentini-iberia.com\/experiencia\/smart-gas-grids\/redes-digitalizadas-y-sostenibles-para-la-distribucion-de-gas\/"},"modified":"2024-10-20T16:02:57","modified_gmt":"2024-10-20T14:02:57","slug":"xarxes-digitalitzades-i-sostenibles-per-a-la-distribucio-de-gas","status":"publish","type":"page","link":"https:\/\/fiorentini-iberia.com\/ca\/experiencia\/smart-gas-grids\/xarxes-digitalitzades-i-sostenibles-per-a-la-distribucio-de-gas\/","title":{"rendered":"Xarxes digitalitzades i sostenibles per a la distribuci\u00f3 de gas"},"content":{"rendered":"\n<p>Pietro&nbsp;Fiorentini&nbsp;porta anys investigant i desenvolupant activament noves solucions que puguin utilitzar-se en xarxes intel\u00b7ligents, especialment les de gas natural.<\/p>\n\n\n\n<p>Les <strong>xarxes actuals de distribuci\u00f3 de gas<\/strong> tenen una limitaci\u00f3 important: <strong>estan subjectes a les fuites previstes<\/strong>, sobretot en els punts d&#8217;uni\u00f3 entre canonades i v\u00e0lvules, quan es produeixen danys accidentals per treballs d&#8217;excavaci\u00f3 o vehicles que bloquegen una connexi\u00f3, o a causa de la corrosi\u00f3 de canonades insuficientment protegides\u00a0cat\u00f3dicamente.<\/p>\n\n\n\n<p>Les fuites s\u00f3n directament proporcionals a la pressi\u00f3 a la qual es mant\u00e9 el gas per a garantir unes normes de servei adequades en els punts de lliurament i s\u00f3n especialment <strong>perjudicials des del punt de vista mediambiental<\/strong>. De fet, quan es crema, el gas natural \u00e9s el combustible f\u00f2ssil amb menor impacte ambiental dels actualment disponibles. No obstant aix\u00f2, si s&#8217;allibera l&#8217;atmosfera sense ser cremat, \u00e9s molt m\u00e9s nociu que el CO\u2082.<\/p>\n\n\n\n<p>Distribuir gas natural a trav\u00e9s de xarxes sostenibles i intel\u00b7ligents significa, per tant, dissenyar sistemes que es caracteritzin per:<\/p>\n\n\n\n<ul class=\"wp-block-list\">\n<li><strong>flexibilitat<\/strong> en la gesti\u00f3 dels fluxos procedents de diferents recursos situats en m\u00faltiples punts d&#8217;injecci\u00f3 i amb propietats diferents;<\/li>\n\n\n\n<li>la <strong>capacitat de mantenir l&#8217;equilibri<\/strong> en xarxes descentralitzades amb fluxos bidireccionals;<\/li>\n\n\n\n<li><strong>resili\u00e8ncia<\/strong>.<\/li>\n<\/ul>\n","protected":false},"excerpt":{"rendered":"<p>Distribuir gas natural a trav\u00e9s de xarxes sostenibles i intel\u00b7ligents significa dissenyar sistemes que es caracteritzin per la flexibilitat en la gesti\u00f3 dels fluxos, la capacitat de mantenir l&#8217;equilibri dins de xarxes descentralitzades amb fluxos bidireccionals i la resili\u00e8ncia dels propis sistemes.<\/p>\n","protected":false},"author":15,"featured_media":0,"parent":50144,"menu_order":0,"comment_status":"closed","ping_status":"closed","template":"template-expertise-post.php","meta":{"_acf_changed":false,"inline_featured_image":false,"footnotes":""},"class_list":["post-50364","page","type-page","status-publish","hentry"],"acf":[],"yoast_head":"<!-- This site is optimized with the Yoast SEO plugin v27.2 - https:\/\/yoast.com\/product\/yoast-seo-wordpress\/ -->\n<title>Xarxes digitalitzades i sostenibles per a la distribuci\u00f3 de gas - Pietro Fiorentini<\/title>\n<meta name=\"description\" content=\"Pietro Fiorentini porta anys investigant i desenvolupant noves solucions per a les xarxes intel\u00b7ligents, especialment les de gas natural.\" \/>\n<meta name=\"robots\" content=\"index, follow, max-snippet:-1, max-image-preview:large, max-video-preview:-1\" \/>\n<link rel=\"canonical\" href=\"https:\/\/fiorentini-iberia.com\/ca\/experiencia\/smart-gas-grids\/xarxes-digitalitzades-i-sostenibles-per-a-la-distribucio-de-gas\/\" \/>\n<meta property=\"og:locale\" content=\"ca_ES\" \/>\n<meta property=\"og:type\" content=\"article\" \/>\n<meta property=\"og:title\" content=\"Xarxes digitalitzades i sostenibles per a la distribuci\u00f3 de gas - Pietro Fiorentini\" \/>\n<meta property=\"og:description\" content=\"Pietro Fiorentini porta anys investigant i desenvolupant noves solucions per a les xarxes intel\u00b7ligents, especialment les de gas natural.\" \/>\n<meta property=\"og:url\" content=\"https:\/\/fiorentini-iberia.com\/ca\/experiencia\/smart-gas-grids\/xarxes-digitalitzades-i-sostenibles-per-a-la-distribucio-de-gas\/\" \/>\n<meta property=\"og:site_name\" content=\"Pietro Fiorentini\" \/>\n<meta property=\"article:modified_time\" content=\"2024-10-20T14:02:57+00:00\" \/>\n<meta name=\"twitter:card\" content=\"summary_large_image\" \/>\n<meta name=\"twitter:site\" content=\"@FiorentiniSpa\" \/>\n<meta name=\"twitter:label1\" content=\"Temps estimat de lectura\" \/>\n\t<meta name=\"twitter:data1\" content=\"1 minut\" \/>\n<script type=\"application\/ld+json\" class=\"yoast-schema-graph\">{\"@context\":\"https:\/\/schema.org\",\"@graph\":[{\"@type\":\"WebPage\",\"@id\":\"https:\/\/fiorentini-iberia.com\/ca\/experiencia\/smart-gas-grids\/xarxes-digitalitzades-i-sostenibles-per-a-la-distribucio-de-gas\/\",\"url\":\"https:\/\/fiorentini-iberia.com\/ca\/experiencia\/smart-gas-grids\/xarxes-digitalitzades-i-sostenibles-per-a-la-distribucio-de-gas\/\",\"name\":\"Xarxes digitalitzades i sostenibles per a la distribuci\u00f3 de gas - Pietro Fiorentini\",\"isPartOf\":{\"@id\":\"https:\/\/www.fiorentini-iberia.com\/ca\/#website\"},\"datePublished\":\"2024-02-21T15:15:11+00:00\",\"dateModified\":\"2024-10-20T14:02:57+00:00\",\"description\":\"Pietro Fiorentini porta anys investigant i desenvolupant noves solucions per a les xarxes intel\u00b7ligents, especialment les de gas natural.\",\"breadcrumb\":{\"@id\":\"https:\/\/fiorentini-iberia.com\/ca\/experiencia\/smart-gas-grids\/xarxes-digitalitzades-i-sostenibles-per-a-la-distribucio-de-gas\/#breadcrumb\"},\"inLanguage\":\"ca\",\"potentialAction\":[{\"@type\":\"ReadAction\",\"target\":[\"https:\/\/fiorentini-iberia.com\/ca\/experiencia\/smart-gas-grids\/xarxes-digitalitzades-i-sostenibles-per-a-la-distribucio-de-gas\/\"]}]},{\"@type\":\"BreadcrumbList\",\"@id\":\"https:\/\/fiorentini-iberia.com\/ca\/experiencia\/smart-gas-grids\/xarxes-digitalitzades-i-sostenibles-per-a-la-distribucio-de-gas\/#breadcrumb\",\"itemListElement\":[{\"@type\":\"ListItem\",\"position\":1,\"name\":\"Home\",\"item\":\"https:\/\/www.fiorentini-iberia.com\/ca\/\"},{\"@type\":\"ListItem\",\"position\":2,\"name\":\"Experi\u00e8ncia\",\"item\":\"https:\/\/www.fiorentini-iberia.com\/ca\/experiencia\/\"},{\"@type\":\"ListItem\",\"position\":3,\"name\":\"Xarxes de\u00a0g\u00e1s\u00a0intel\u00b7ligents\",\"item\":\"https:\/\/www.fiorentini-iberia.com\/ca\/experiencia\/smart-gas-grids\/\"},{\"@type\":\"ListItem\",\"position\":4,\"name\":\"Xarxes digitalitzades i sostenibles per a la distribuci\u00f3 de gas\"}]},{\"@type\":\"WebSite\",\"@id\":\"https:\/\/www.fiorentini-iberia.com\/ca\/#website\",\"url\":\"https:\/\/www.fiorentini-iberia.com\/ca\/\",\"name\":\"Pietro Fiorentini Iberia\",\"description\":\"Pietro Fiorentini dise\u00f1a y fabrica componentes, sistemas y servicios para la regulaci\u00f3n, medici\u00f3n, gesti\u00f3n de redes de agua, energ\u00edas renovables, petr\u00f3leo y el gas natural, con sistemas adaptados 100% al hidr\u00f3geno.\",\"publisher\":{\"@id\":\"https:\/\/www.fiorentini-iberia.com\/ca\/#organization\"},\"potentialAction\":[{\"@type\":\"SearchAction\",\"target\":{\"@type\":\"EntryPoint\",\"urlTemplate\":\"https:\/\/www.fiorentini-iberia.com\/ca\/?s={search_term_string}\"},\"query-input\":{\"@type\":\"PropertyValueSpecification\",\"valueRequired\":true,\"valueName\":\"search_term_string\"}}],\"inLanguage\":\"ca\"},{\"@type\":\"Organization\",\"@id\":\"https:\/\/www.fiorentini-iberia.com\/ca\/#organization\",\"name\":\"Pietro Fiorentini Iberia\",\"url\":\"https:\/\/www.fiorentini-iberia.com\/ca\/\",\"logo\":{\"@type\":\"ImageObject\",\"inLanguage\":\"ca\",\"@id\":\"https:\/\/www.fiorentini-iberia.com\/ca\/#\/schema\/logo\/image\/\",\"url\":\"https:\/\/fiorentini-iberia.com\/wp-content\/uploads\/2020\/11\/logo.svg\",\"contentUrl\":\"https:\/\/fiorentini-iberia.com\/wp-content\/uploads\/2020\/11\/logo.svg\",\"width\":227,\"height\":59,\"caption\":\"Pietro Fiorentini Iberia\"},\"image\":{\"@id\":\"https:\/\/www.fiorentini-iberia.com\/ca\/#\/schema\/logo\/image\/\"},\"sameAs\":[\"https:\/\/x.com\/FiorentiniSpa\",\"https:\/\/www.linkedin.com\/company\/pietro-fiorentini-iberia\/\"]}]}<\/script>\n<!-- \/ Yoast SEO plugin. -->","yoast_head_json":{"title":"Xarxes digitalitzades i sostenibles per a la distribuci\u00f3 de gas - Pietro Fiorentini","description":"Pietro Fiorentini porta anys investigant i desenvolupant noves solucions per a les xarxes intel\u00b7ligents, especialment les de gas natural.","robots":{"index":"index","follow":"follow","max-snippet":"max-snippet:-1","max-image-preview":"max-image-preview:large","max-video-preview":"max-video-preview:-1"},"canonical":"https:\/\/fiorentini-iberia.com\/ca\/experiencia\/smart-gas-grids\/xarxes-digitalitzades-i-sostenibles-per-a-la-distribucio-de-gas\/","og_locale":"ca_ES","og_type":"article","og_title":"Xarxes digitalitzades i sostenibles per a la distribuci\u00f3 de gas - Pietro Fiorentini","og_description":"Pietro Fiorentini porta anys investigant i desenvolupant noves solucions per a les xarxes intel\u00b7ligents, especialment les de gas natural.","og_url":"https:\/\/fiorentini-iberia.com\/ca\/experiencia\/smart-gas-grids\/xarxes-digitalitzades-i-sostenibles-per-a-la-distribucio-de-gas\/","og_site_name":"Pietro Fiorentini","article_modified_time":"2024-10-20T14:02:57+00:00","twitter_card":"summary_large_image","twitter_site":"@FiorentiniSpa","twitter_misc":{"Temps estimat de lectura":"1 minut"},"schema":{"@context":"https:\/\/schema.org","@graph":[{"@type":"WebPage","@id":"https:\/\/fiorentini-iberia.com\/ca\/experiencia\/smart-gas-grids\/xarxes-digitalitzades-i-sostenibles-per-a-la-distribucio-de-gas\/","url":"https:\/\/fiorentini-iberia.com\/ca\/experiencia\/smart-gas-grids\/xarxes-digitalitzades-i-sostenibles-per-a-la-distribucio-de-gas\/","name":"Xarxes digitalitzades i sostenibles per a la distribuci\u00f3 de gas - Pietro Fiorentini","isPartOf":{"@id":"https:\/\/www.fiorentini-iberia.com\/ca\/#website"},"datePublished":"2024-02-21T15:15:11+00:00","dateModified":"2024-10-20T14:02:57+00:00","description":"Pietro Fiorentini porta anys investigant i desenvolupant noves solucions per a les xarxes intel\u00b7ligents, especialment les de gas natural.","breadcrumb":{"@id":"https:\/\/fiorentini-iberia.com\/ca\/experiencia\/smart-gas-grids\/xarxes-digitalitzades-i-sostenibles-per-a-la-distribucio-de-gas\/#breadcrumb"},"inLanguage":"ca","potentialAction":[{"@type":"ReadAction","target":["https:\/\/fiorentini-iberia.com\/ca\/experiencia\/smart-gas-grids\/xarxes-digitalitzades-i-sostenibles-per-a-la-distribucio-de-gas\/"]}]},{"@type":"BreadcrumbList","@id":"https:\/\/fiorentini-iberia.com\/ca\/experiencia\/smart-gas-grids\/xarxes-digitalitzades-i-sostenibles-per-a-la-distribucio-de-gas\/#breadcrumb","itemListElement":[{"@type":"ListItem","position":1,"name":"Home","item":"https:\/\/www.fiorentini-iberia.com\/ca\/"},{"@type":"ListItem","position":2,"name":"Experi\u00e8ncia","item":"https:\/\/www.fiorentini-iberia.com\/ca\/experiencia\/"},{"@type":"ListItem","position":3,"name":"Xarxes de\u00a0g\u00e1s\u00a0intel\u00b7ligents","item":"https:\/\/www.fiorentini-iberia.com\/ca\/experiencia\/smart-gas-grids\/"},{"@type":"ListItem","position":4,"name":"Xarxes digitalitzades i sostenibles per a la distribuci\u00f3 de gas"}]},{"@type":"WebSite","@id":"https:\/\/www.fiorentini-iberia.com\/ca\/#website","url":"https:\/\/www.fiorentini-iberia.com\/ca\/","name":"Pietro Fiorentini Iberia","description":"Pietro Fiorentini dise\u00f1a y fabrica componentes, sistemas y servicios para la regulaci\u00f3n, medici\u00f3n, gesti\u00f3n de redes de agua, energ\u00edas renovables, petr\u00f3leo y el gas natural, con sistemas adaptados 100% al hidr\u00f3geno.","publisher":{"@id":"https:\/\/www.fiorentini-iberia.com\/ca\/#organization"},"potentialAction":[{"@type":"SearchAction","target":{"@type":"EntryPoint","urlTemplate":"https:\/\/www.fiorentini-iberia.com\/ca\/?s={search_term_string}"},"query-input":{"@type":"PropertyValueSpecification","valueRequired":true,"valueName":"search_term_string"}}],"inLanguage":"ca"},{"@type":"Organization","@id":"https:\/\/www.fiorentini-iberia.com\/ca\/#organization","name":"Pietro Fiorentini Iberia","url":"https:\/\/www.fiorentini-iberia.com\/ca\/","logo":{"@type":"ImageObject","inLanguage":"ca","@id":"https:\/\/www.fiorentini-iberia.com\/ca\/#\/schema\/logo\/image\/","url":"https:\/\/fiorentini-iberia.com\/wp-content\/uploads\/2020\/11\/logo.svg","contentUrl":"https:\/\/fiorentini-iberia.com\/wp-content\/uploads\/2020\/11\/logo.svg","width":227,"height":59,"caption":"Pietro Fiorentini Iberia"},"image":{"@id":"https:\/\/www.fiorentini-iberia.com\/ca\/#\/schema\/logo\/image\/"},"sameAs":["https:\/\/x.com\/FiorentiniSpa","https:\/\/www.linkedin.com\/company\/pietro-fiorentini-iberia\/"]}]}},"_links":{"self":[{"href":"https:\/\/fiorentini-iberia.com\/ca\/wp-json\/wp\/v2\/pages\/50364","targetHints":{"allow":["GET"]}}],"collection":[{"href":"https:\/\/fiorentini-iberia.com\/ca\/wp-json\/wp\/v2\/pages"}],"about":[{"href":"https:\/\/fiorentini-iberia.com\/ca\/wp-json\/wp\/v2\/types\/page"}],"author":[{"embeddable":true,"href":"https:\/\/fiorentini-iberia.com\/ca\/wp-json\/wp\/v2\/users\/15"}],"replies":[{"embeddable":true,"href":"https:\/\/fiorentini-iberia.com\/ca\/wp-json\/wp\/v2\/comments?post=50364"}],"version-history":[{"count":2,"href":"https:\/\/fiorentini-iberia.com\/ca\/wp-json\/wp\/v2\/pages\/50364\/revisions"}],"predecessor-version":[{"id":56763,"href":"https:\/\/fiorentini-iberia.com\/ca\/wp-json\/wp\/v2\/pages\/50364\/revisions\/56763"}],"up":[{"embeddable":true,"href":"https:\/\/fiorentini-iberia.com\/ca\/wp-json\/wp\/v2\/pages\/50144"}],"wp:attachment":[{"href":"https:\/\/fiorentini-iberia.com\/ca\/wp-json\/wp\/v2\/media?parent=50364"}],"curies":[{"name":"wp","href":"https:\/\/api.w.org\/{rel}","templated":true}]}}