{"id":50358,"date":"2024-02-21T15:58:03","date_gmt":"2024-02-21T14:58:03","guid":{"rendered":"https:\/\/www.fiorentini-iberia.com\/experiencia\/smart-gas-grids\/descarbonizacion-descentralizacion-y-digitalizacion\/"},"modified":"2024-10-20T16:03:22","modified_gmt":"2024-10-20T14:03:22","slug":"descarbonitzacio-descentralitzacio-i-digitalitzacio","status":"publish","type":"page","link":"https:\/\/fiorentini-iberia.com\/ca\/experiencia\/smart-gas-grids\/descarbonitzacio-descentralitzacio-i-digitalitzacio\/","title":{"rendered":"Descarbonitzaci\u00f3, descentralitzaci\u00f3 i digitalitzaci\u00f3"},"content":{"rendered":"\n<p>En adherir-se al <strong><a href=\"https:\/\/ec.europa.eu\/info\/strategy\/priorities-2019-2024\/european-green-deal_en\">Pacte Verd<\/a><\/strong>, la Uni\u00f3 Europea s&#8217;ha comprom\u00e8s a reduir a zero les emissions netes de gasos d&#8217;efecte d&#8217;hivernacle per a 2050, amb objectius intermedis per a 2030 i 2040. El pla d&#8217;acci\u00f3 inclou tant la <strong>promoci\u00f3 de l&#8217;\u00fas eficient dels recursos avan\u00e7ant cap a una economia neta i circular<\/strong>, com la <strong>restauraci\u00f3 de la biodiversitat i la reducci\u00f3 de la contaminaci\u00f3<\/strong>.<\/p>\n\n\n\n<p>Les <strong>xarxes intel\u00b7ligents<\/strong> poden contribuir en gran manera a la consecuci\u00f3 d&#8217;aquests objectius europeus. Pel que fa a la distribuci\u00f3 d&#8217;electricitat, implantar xarxes intel\u00b7ligents significa:<\/p>\n\n\n\n<ul class=\"wp-block-list\">\n<li>explotar les tecnologies de la informaci\u00f3 per a permetre l&#8217;<strong>intercanvi de dades<\/strong> i informaci\u00f3 entre els diferents nodes amb la finalitat d&#8217;<strong>optimitzar els fluxes<\/strong>;<\/li>\n\n\n\n<li>transformar el paper del consumidor final d&#8217;<strong>usuari passiu en productor d&#8217;energia<\/strong> (per exemple, mitjan\u00e7ant panells solars en les seves teulades) i <strong>informador<\/strong> que ajudi la xarxa a planificar un \u00fas eficient i evitar pics de pot\u00e8ncia i excessos de producci\u00f3;<\/li>\n\n\n\n<li><strong>maximitzar la seguretat i eliminar fuites i malbarataments<\/strong>, reduint aix\u00ed el consum;<\/li>\n\n\n\n<li>integrar els <em>recursos energ\u00e8tics distribu\u00efts<\/em> (DER)\u00a0a la xarxa, <strong>canviant el model de distribuci\u00f3 d&#8217;olig\u00e0rquic a distribu\u00eft<\/strong>. Com m\u00e9s es generalitzin les petites centrals d&#8217;energia renovable, m\u00e9s a prop estaran els llocs on es produeix i es consumeix l&#8217;energia (fins i tot coincidint en alguns casos), la qual cosa conduir\u00e0 a l&#8217;eliminaci\u00f3 de les fuites en les llargues xarxes troncals de transport.<br>\u00a0<\/li>\n<\/ul>\n\n\n\n<figure class=\"wp-block-image size-full is-resized\"><img loading=\"lazy\" decoding=\"async\" width=\"951\" height=\"765\" src=\"https:\/\/www.fiorentini-iberia.com\/wp-content\/uploads\/2024\/02\/Expertise_SmartGasGrids_1EN.jpg\" alt=\"Redes inteligentes para la distribuci\u00f3n de electricidad y gas\" class=\"wp-image-49137\" style=\"width:840px;height:auto\" srcset=\"https:\/\/fiorentini-iberia.com\/wp-content\/uploads\/2024\/02\/Expertise_SmartGasGrids_1EN.jpg 951w, https:\/\/fiorentini-iberia.com\/wp-content\/uploads\/2024\/02\/Expertise_SmartGasGrids_1EN-300x241.jpg 300w, https:\/\/fiorentini-iberia.com\/wp-content\/uploads\/2024\/02\/Expertise_SmartGasGrids_1EN-768x618.jpg 768w\" sizes=\"auto, (max-width: 951px) 100vw, 951px\" \/><\/figure>\n\n\n\n<p class=\"has-text-align-center has-cyan-bluish-gray-color has-text-color has-link-color wp-elements-be5561dcf638eebe2eb071250363c727\"><em>Xarxes intel\u00b7ligents per a la distribuci\u00f3 d&#8217;electricitat i gas<\/em><\/p>\n","protected":false},"excerpt":{"rendered":"<p>Les Smart Grids poden contribuir en gran manera a aconseguir els objectius europeus del Green Deal.<br \/>\n\u00a0<br \/>\nLa implantaci\u00f3 de xarxes intel\u00b7ligents permet optimitzar els fluxos, transformant al consumidor final en productor d&#8217;energia, i maximitzar la seguretat i eliminant fuites i residus.<\/p>\n","protected":false},"author":15,"featured_media":0,"parent":50144,"menu_order":0,"comment_status":"closed","ping_status":"closed","template":"template-expertise-post.php","meta":{"_acf_changed":false,"inline_featured_image":false,"footnotes":""},"class_list":["post-50358","page","type-page","status-publish","hentry"],"acf":[],"yoast_head":"<!-- This site is optimized with the Yoast SEO plugin v27.2 - https:\/\/yoast.com\/product\/yoast-seo-wordpress\/ -->\n<title>Descarbonitzaci\u00f3, descentralitzaci\u00f3 i digitalitzaci\u00f3 - Pietro Fiorentini<\/title>\n<meta name=\"description\" content=\"El pla d&#039;acci\u00f3 inclou tant el foment de l&#039;\u00fas eficient dels recursos com la restauraci\u00f3 de la biodiversitat i la reducci\u00f3 de la contaminaci\u00f3.\" \/>\n<meta name=\"robots\" content=\"index, follow, max-snippet:-1, max-image-preview:large, max-video-preview:-1\" \/>\n<link rel=\"canonical\" href=\"https:\/\/fiorentini-iberia.com\/ca\/experiencia\/smart-gas-grids\/descarbonitzacio-descentralitzacio-i-digitalitzacio\/\" \/>\n<meta property=\"og:locale\" content=\"ca_ES\" \/>\n<meta property=\"og:type\" content=\"article\" \/>\n<meta property=\"og:title\" content=\"Descarbonitzaci\u00f3, descentralitzaci\u00f3 i digitalitzaci\u00f3 - Pietro Fiorentini\" \/>\n<meta property=\"og:description\" content=\"El pla d&#039;acci\u00f3 inclou tant el foment de l&#039;\u00fas eficient dels recursos com la restauraci\u00f3 de la biodiversitat i la reducci\u00f3 de la contaminaci\u00f3.\" \/>\n<meta property=\"og:url\" content=\"https:\/\/fiorentini-iberia.com\/ca\/experiencia\/smart-gas-grids\/descarbonitzacio-descentralitzacio-i-digitalitzacio\/\" \/>\n<meta property=\"og:site_name\" content=\"Pietro Fiorentini\" \/>\n<meta property=\"article:modified_time\" content=\"2024-10-20T14:03:22+00:00\" \/>\n<meta property=\"og:image\" content=\"https:\/\/fiorentini-iberia.com\/wp-content\/uploads\/2024\/02\/Expertise_SmartGasGrids_1EN.jpg\" \/>\n\t<meta property=\"og:image:width\" content=\"951\" \/>\n\t<meta property=\"og:image:height\" content=\"765\" \/>\n\t<meta property=\"og:image:type\" content=\"image\/jpeg\" \/>\n<meta name=\"twitter:card\" content=\"summary_large_image\" \/>\n<meta name=\"twitter:site\" content=\"@FiorentiniSpa\" \/>\n<meta name=\"twitter:label1\" content=\"Temps estimat de lectura\" \/>\n\t<meta name=\"twitter:data1\" content=\"2 minuts\" \/>\n<script type=\"application\/ld+json\" class=\"yoast-schema-graph\">{\"@context\":\"https:\/\/schema.org\",\"@graph\":[{\"@type\":\"WebPage\",\"@id\":\"https:\/\/fiorentini-iberia.com\/ca\/experiencia\/smart-gas-grids\/descarbonitzacio-descentralitzacio-i-digitalitzacio\/\",\"url\":\"https:\/\/fiorentini-iberia.com\/ca\/experiencia\/smart-gas-grids\/descarbonitzacio-descentralitzacio-i-digitalitzacio\/\",\"name\":\"Descarbonitzaci\u00f3, descentralitzaci\u00f3 i digitalitzaci\u00f3 - Pietro Fiorentini\",\"isPartOf\":{\"@id\":\"https:\/\/www.fiorentini-iberia.com\/ca\/#website\"},\"primaryImageOfPage\":{\"@id\":\"https:\/\/fiorentini-iberia.com\/ca\/experiencia\/smart-gas-grids\/descarbonitzacio-descentralitzacio-i-digitalitzacio\/#primaryimage\"},\"image\":{\"@id\":\"https:\/\/fiorentini-iberia.com\/ca\/experiencia\/smart-gas-grids\/descarbonitzacio-descentralitzacio-i-digitalitzacio\/#primaryimage\"},\"thumbnailUrl\":\"https:\/\/www.fiorentini-iberia.com\/wp-content\/uploads\/2024\/02\/Expertise_SmartGasGrids_1EN.jpg\",\"datePublished\":\"2024-02-21T14:58:03+00:00\",\"dateModified\":\"2024-10-20T14:03:22+00:00\",\"description\":\"El pla d'acci\u00f3 inclou tant el foment de l'\u00fas eficient dels recursos com la restauraci\u00f3 de la biodiversitat i la reducci\u00f3 de la contaminaci\u00f3.\",\"breadcrumb\":{\"@id\":\"https:\/\/fiorentini-iberia.com\/ca\/experiencia\/smart-gas-grids\/descarbonitzacio-descentralitzacio-i-digitalitzacio\/#breadcrumb\"},\"inLanguage\":\"ca\",\"potentialAction\":[{\"@type\":\"ReadAction\",\"target\":[\"https:\/\/fiorentini-iberia.com\/ca\/experiencia\/smart-gas-grids\/descarbonitzacio-descentralitzacio-i-digitalitzacio\/\"]}]},{\"@type\":\"ImageObject\",\"inLanguage\":\"ca\",\"@id\":\"https:\/\/fiorentini-iberia.com\/ca\/experiencia\/smart-gas-grids\/descarbonitzacio-descentralitzacio-i-digitalitzacio\/#primaryimage\",\"url\":\"https:\/\/www.fiorentini-iberia.com\/wp-content\/uploads\/2024\/02\/Expertise_SmartGasGrids_1EN.jpg\",\"contentUrl\":\"https:\/\/www.fiorentini-iberia.com\/wp-content\/uploads\/2024\/02\/Expertise_SmartGasGrids_1EN.jpg\"},{\"@type\":\"BreadcrumbList\",\"@id\":\"https:\/\/fiorentini-iberia.com\/ca\/experiencia\/smart-gas-grids\/descarbonitzacio-descentralitzacio-i-digitalitzacio\/#breadcrumb\",\"itemListElement\":[{\"@type\":\"ListItem\",\"position\":1,\"name\":\"Home\",\"item\":\"https:\/\/www.fiorentini-iberia.com\/ca\/\"},{\"@type\":\"ListItem\",\"position\":2,\"name\":\"Experi\u00e8ncia\",\"item\":\"https:\/\/www.fiorentini-iberia.com\/ca\/experiencia\/\"},{\"@type\":\"ListItem\",\"position\":3,\"name\":\"Xarxes de\u00a0g\u00e1s\u00a0intel\u00b7ligents\",\"item\":\"https:\/\/www.fiorentini-iberia.com\/ca\/experiencia\/smart-gas-grids\/\"},{\"@type\":\"ListItem\",\"position\":4,\"name\":\"Descarbonitzaci\u00f3, descentralitzaci\u00f3 i digitalitzaci\u00f3\"}]},{\"@type\":\"WebSite\",\"@id\":\"https:\/\/www.fiorentini-iberia.com\/ca\/#website\",\"url\":\"https:\/\/www.fiorentini-iberia.com\/ca\/\",\"name\":\"Pietro Fiorentini Iberia\",\"description\":\"Pietro Fiorentini dise\u00f1a y fabrica componentes, sistemas y servicios para la regulaci\u00f3n, medici\u00f3n, gesti\u00f3n de redes de agua, energ\u00edas renovables, petr\u00f3leo y el gas natural, con sistemas adaptados 100% al hidr\u00f3geno.\",\"publisher\":{\"@id\":\"https:\/\/www.fiorentini-iberia.com\/ca\/#organization\"},\"potentialAction\":[{\"@type\":\"SearchAction\",\"target\":{\"@type\":\"EntryPoint\",\"urlTemplate\":\"https:\/\/www.fiorentini-iberia.com\/ca\/?s={search_term_string}\"},\"query-input\":{\"@type\":\"PropertyValueSpecification\",\"valueRequired\":true,\"valueName\":\"search_term_string\"}}],\"inLanguage\":\"ca\"},{\"@type\":\"Organization\",\"@id\":\"https:\/\/www.fiorentini-iberia.com\/ca\/#organization\",\"name\":\"Pietro Fiorentini Iberia\",\"url\":\"https:\/\/www.fiorentini-iberia.com\/ca\/\",\"logo\":{\"@type\":\"ImageObject\",\"inLanguage\":\"ca\",\"@id\":\"https:\/\/www.fiorentini-iberia.com\/ca\/#\/schema\/logo\/image\/\",\"url\":\"https:\/\/fiorentini-iberia.com\/wp-content\/uploads\/2020\/11\/logo.svg\",\"contentUrl\":\"https:\/\/fiorentini-iberia.com\/wp-content\/uploads\/2020\/11\/logo.svg\",\"width\":227,\"height\":59,\"caption\":\"Pietro Fiorentini Iberia\"},\"image\":{\"@id\":\"https:\/\/www.fiorentini-iberia.com\/ca\/#\/schema\/logo\/image\/\"},\"sameAs\":[\"https:\/\/x.com\/FiorentiniSpa\",\"https:\/\/www.linkedin.com\/company\/pietro-fiorentini-iberia\/\"]}]}<\/script>\n<!-- \/ Yoast SEO plugin. -->","yoast_head_json":{"title":"Descarbonitzaci\u00f3, descentralitzaci\u00f3 i digitalitzaci\u00f3 - Pietro Fiorentini","description":"El pla d'acci\u00f3 inclou tant el foment de l'\u00fas eficient dels recursos com la restauraci\u00f3 de la biodiversitat i la reducci\u00f3 de la contaminaci\u00f3.","robots":{"index":"index","follow":"follow","max-snippet":"max-snippet:-1","max-image-preview":"max-image-preview:large","max-video-preview":"max-video-preview:-1"},"canonical":"https:\/\/fiorentini-iberia.com\/ca\/experiencia\/smart-gas-grids\/descarbonitzacio-descentralitzacio-i-digitalitzacio\/","og_locale":"ca_ES","og_type":"article","og_title":"Descarbonitzaci\u00f3, descentralitzaci\u00f3 i digitalitzaci\u00f3 - Pietro Fiorentini","og_description":"El pla d'acci\u00f3 inclou tant el foment de l'\u00fas eficient dels recursos com la restauraci\u00f3 de la biodiversitat i la reducci\u00f3 de la contaminaci\u00f3.","og_url":"https:\/\/fiorentini-iberia.com\/ca\/experiencia\/smart-gas-grids\/descarbonitzacio-descentralitzacio-i-digitalitzacio\/","og_site_name":"Pietro Fiorentini","article_modified_time":"2024-10-20T14:03:22+00:00","og_image":[{"width":951,"height":765,"url":"https:\/\/fiorentini-iberia.com\/wp-content\/uploads\/2024\/02\/Expertise_SmartGasGrids_1EN.jpg","type":"image\/jpeg"}],"twitter_card":"summary_large_image","twitter_site":"@FiorentiniSpa","twitter_misc":{"Temps estimat de lectura":"2 minuts"},"schema":{"@context":"https:\/\/schema.org","@graph":[{"@type":"WebPage","@id":"https:\/\/fiorentini-iberia.com\/ca\/experiencia\/smart-gas-grids\/descarbonitzacio-descentralitzacio-i-digitalitzacio\/","url":"https:\/\/fiorentini-iberia.com\/ca\/experiencia\/smart-gas-grids\/descarbonitzacio-descentralitzacio-i-digitalitzacio\/","name":"Descarbonitzaci\u00f3, descentralitzaci\u00f3 i digitalitzaci\u00f3 - Pietro Fiorentini","isPartOf":{"@id":"https:\/\/www.fiorentini-iberia.com\/ca\/#website"},"primaryImageOfPage":{"@id":"https:\/\/fiorentini-iberia.com\/ca\/experiencia\/smart-gas-grids\/descarbonitzacio-descentralitzacio-i-digitalitzacio\/#primaryimage"},"image":{"@id":"https:\/\/fiorentini-iberia.com\/ca\/experiencia\/smart-gas-grids\/descarbonitzacio-descentralitzacio-i-digitalitzacio\/#primaryimage"},"thumbnailUrl":"https:\/\/www.fiorentini-iberia.com\/wp-content\/uploads\/2024\/02\/Expertise_SmartGasGrids_1EN.jpg","datePublished":"2024-02-21T14:58:03+00:00","dateModified":"2024-10-20T14:03:22+00:00","description":"El pla d'acci\u00f3 inclou tant el foment de l'\u00fas eficient dels recursos com la restauraci\u00f3 de la biodiversitat i la reducci\u00f3 de la contaminaci\u00f3.","breadcrumb":{"@id":"https:\/\/fiorentini-iberia.com\/ca\/experiencia\/smart-gas-grids\/descarbonitzacio-descentralitzacio-i-digitalitzacio\/#breadcrumb"},"inLanguage":"ca","potentialAction":[{"@type":"ReadAction","target":["https:\/\/fiorentini-iberia.com\/ca\/experiencia\/smart-gas-grids\/descarbonitzacio-descentralitzacio-i-digitalitzacio\/"]}]},{"@type":"ImageObject","inLanguage":"ca","@id":"https:\/\/fiorentini-iberia.com\/ca\/experiencia\/smart-gas-grids\/descarbonitzacio-descentralitzacio-i-digitalitzacio\/#primaryimage","url":"https:\/\/www.fiorentini-iberia.com\/wp-content\/uploads\/2024\/02\/Expertise_SmartGasGrids_1EN.jpg","contentUrl":"https:\/\/www.fiorentini-iberia.com\/wp-content\/uploads\/2024\/02\/Expertise_SmartGasGrids_1EN.jpg"},{"@type":"BreadcrumbList","@id":"https:\/\/fiorentini-iberia.com\/ca\/experiencia\/smart-gas-grids\/descarbonitzacio-descentralitzacio-i-digitalitzacio\/#breadcrumb","itemListElement":[{"@type":"ListItem","position":1,"name":"Home","item":"https:\/\/www.fiorentini-iberia.com\/ca\/"},{"@type":"ListItem","position":2,"name":"Experi\u00e8ncia","item":"https:\/\/www.fiorentini-iberia.com\/ca\/experiencia\/"},{"@type":"ListItem","position":3,"name":"Xarxes de\u00a0g\u00e1s\u00a0intel\u00b7ligents","item":"https:\/\/www.fiorentini-iberia.com\/ca\/experiencia\/smart-gas-grids\/"},{"@type":"ListItem","position":4,"name":"Descarbonitzaci\u00f3, descentralitzaci\u00f3 i digitalitzaci\u00f3"}]},{"@type":"WebSite","@id":"https:\/\/www.fiorentini-iberia.com\/ca\/#website","url":"https:\/\/www.fiorentini-iberia.com\/ca\/","name":"Pietro Fiorentini Iberia","description":"Pietro Fiorentini dise\u00f1a y fabrica componentes, sistemas y servicios para la regulaci\u00f3n, medici\u00f3n, gesti\u00f3n de redes de agua, energ\u00edas renovables, petr\u00f3leo y el gas natural, con sistemas adaptados 100% al hidr\u00f3geno.","publisher":{"@id":"https:\/\/www.fiorentini-iberia.com\/ca\/#organization"},"potentialAction":[{"@type":"SearchAction","target":{"@type":"EntryPoint","urlTemplate":"https:\/\/www.fiorentini-iberia.com\/ca\/?s={search_term_string}"},"query-input":{"@type":"PropertyValueSpecification","valueRequired":true,"valueName":"search_term_string"}}],"inLanguage":"ca"},{"@type":"Organization","@id":"https:\/\/www.fiorentini-iberia.com\/ca\/#organization","name":"Pietro Fiorentini Iberia","url":"https:\/\/www.fiorentini-iberia.com\/ca\/","logo":{"@type":"ImageObject","inLanguage":"ca","@id":"https:\/\/www.fiorentini-iberia.com\/ca\/#\/schema\/logo\/image\/","url":"https:\/\/fiorentini-iberia.com\/wp-content\/uploads\/2020\/11\/logo.svg","contentUrl":"https:\/\/fiorentini-iberia.com\/wp-content\/uploads\/2020\/11\/logo.svg","width":227,"height":59,"caption":"Pietro Fiorentini Iberia"},"image":{"@id":"https:\/\/www.fiorentini-iberia.com\/ca\/#\/schema\/logo\/image\/"},"sameAs":["https:\/\/x.com\/FiorentiniSpa","https:\/\/www.linkedin.com\/company\/pietro-fiorentini-iberia\/"]}]}},"_links":{"self":[{"href":"https:\/\/fiorentini-iberia.com\/ca\/wp-json\/wp\/v2\/pages\/50358","targetHints":{"allow":["GET"]}}],"collection":[{"href":"https:\/\/fiorentini-iberia.com\/ca\/wp-json\/wp\/v2\/pages"}],"about":[{"href":"https:\/\/fiorentini-iberia.com\/ca\/wp-json\/wp\/v2\/types\/page"}],"author":[{"embeddable":true,"href":"https:\/\/fiorentini-iberia.com\/ca\/wp-json\/wp\/v2\/users\/15"}],"replies":[{"embeddable":true,"href":"https:\/\/fiorentini-iberia.com\/ca\/wp-json\/wp\/v2\/comments?post=50358"}],"version-history":[{"count":3,"href":"https:\/\/fiorentini-iberia.com\/ca\/wp-json\/wp\/v2\/pages\/50358\/revisions"}],"predecessor-version":[{"id":56764,"href":"https:\/\/fiorentini-iberia.com\/ca\/wp-json\/wp\/v2\/pages\/50358\/revisions\/56764"}],"up":[{"embeddable":true,"href":"https:\/\/fiorentini-iberia.com\/ca\/wp-json\/wp\/v2\/pages\/50144"}],"wp:attachment":[{"href":"https:\/\/fiorentini-iberia.com\/ca\/wp-json\/wp\/v2\/media?parent=50358"}],"curies":[{"name":"wp","href":"https:\/\/api.w.org\/{rel}","templated":true}]}}