{"id":50354,"date":"2023-12-13T14:29:20","date_gmt":"2023-12-13T13:29:20","guid":{"rendered":"https:\/\/www.fiorentini-iberia.com\/experiencia\/smart-gas-grids\/el-enfoque-holistico-de-pietro-fiorentini\/"},"modified":"2024-03-14T13:21:40","modified_gmt":"2024-03-14T12:21:40","slug":"lenfocament-sistemic-de-pietro-fiorentini","status":"publish","type":"page","link":"https:\/\/fiorentini-iberia.com\/ca\/experiencia\/smart-gas-grids\/lenfocament-sistemic-de-pietro-fiorentini\/","title":{"rendered":"L\u2019enfocament sist\u00e8mic de Pietro Fiorentini"},"content":{"rendered":"\n<p>La implantaci\u00f3 de las xarxes intel\u00b7ligents del futur exigeix una desenvolupament continu de sistemes compatibles amb les fonts renovables i soluciones capaces d\u2019interactuar entre s\u00ed.<\/p>\n\n\n\n<p>Davant d\u2019un escenari tan complex, Pietro Fiorentini ha optat per adoptar un enfocament sist\u00e8mic, \u00e9s a dir, <strong>crear relacions senzilles que interactu\u00efn entre s\u00ed per crear sistemes resilients<\/strong>.<\/p>\n\n\n\n<div class=\"wp-block-group index\"><div class=\"wp-block-group__inner-container is-layout-flow wp-block-group-is-layout-flow\">\n<ol class=\"wp-block-list\">\n<li><strong><a href=\"#the-4-steps-for-smart-gas-grids-implementation\"><strong>Els 4 passos per la implantaci\u00f3 de xarxes de gas intel\u00b7ligents<\/strong><\/a><\/strong><\/li>\n\n\n\n<li><strong><a href=\"#smart-grids-and-renewable-gases\"><strong>Xarxes intel\u00b7ligents i gas renovable<\/strong><\/a><\/strong><\/li>\n\n\n\n<li><strong><a href=\"#life-13-green-gas-network\">LIFE 13 Green Gas Network<\/a><\/strong><\/li>\n<\/ol>\n<\/div><\/div>\n\n\n\n<div style=\"height:32px\" aria-hidden=\"true\" class=\"wp-block-spacer\"><\/div>\n\n\n\n<div id=\"the-4-steps-for-smart-gas-grids-implementation\" class=\"wp-block-group\"><div class=\"wp-block-group__inner-container is-layout-flow wp-block-group-is-layout-flow\">\n<h3 class=\"wp-block-heading\"><strong><strong>Els 4 passos per la implantaci\u00f3 de xarxes de gas intel\u00b7ligents<\/strong><\/strong><\/h3>\n\n\n\n<p>Segons la nostra visi\u00f3, per assolir el m\u00e0xim nivell d\u2019implantaci\u00f3 de xarxes de gas intel\u00b7ligents, s\u2019han de seguir 4 passos:<\/p>\n\n\n\n<ol class=\"wp-block-list\" style=\"list-style-type:1\">\n<li><strong>Vigil\u00e0ncia generalitzada<\/strong>, aconseguida gr\u00e0cies a l\u2019ampliaci\u00f3 de la xarxa de sensors.<\/li>\n\n\n\n<li><strong>Configuraci\u00f3 <\/strong>amb l\u00f2gica d\u2019automatitzaci\u00f3 local i<strong> control <\/strong>remot per equilibrar din\u00e0micament l\u2019estructura de la xarxa.<\/li>\n\n\n\n<li>Per mitj\u00e0 de l\u2019agregaci\u00f3 i l\u2019an\u00e0lisi de dades recollides, <strong>previsions i accions d\u2019optimitzaci\u00f3 <\/strong>utilitzant tecnologies d\u2019intel\u00b7lig\u00e8ncia artificial.<\/li>\n\n\n\n<li>Adopci\u00f3 de <strong>sistemes plenament aut\u00f2noms, integrats i resilients <\/strong>que responguin a la l\u00f2gica de l\u2019energia i la ciutat intel\u00b7ligents.<\/li>\n<\/ol>\n\n\n\n<p>Tot i que ja es pot dir que els dos primers passos s\u2019han realitzat, el comprom\u00eds de Pietro Fiorentini se centra ara en els dos seg\u00fcents. L\u2019objectiu final \u00e9s aconseguir la plena integraci\u00f3 de les modernes xarxes de distribuci\u00f3 i transport de gas en totes les seves formes.<\/p>\n<\/div><\/div>\n\n\n\n<div style=\"height:32px\" aria-hidden=\"true\" class=\"wp-block-spacer\"><\/div>\n\n\n\n<div id=\"smart-grids-and-renewable-gases\" class=\"wp-block-group\"><div class=\"wp-block-group__inner-container is-layout-flow wp-block-group-is-layout-flow\">\n<h3 class=\"wp-block-heading\"><strong>Xarxes intel\u00b7ligents i gas renovable<\/strong><\/h3>\n\n\n\n<p>Crear xarxes de distribuci\u00f3 de gas intel\u00b7ligents i sostenibles suposa idear solucions per gestionar fluxos que procedeixen de fonts amb caracter\u00edstiques diferents, com l\u2019hidrogen i el biomet\u00e0, i que a m\u00e9s provenen de llocs de producci\u00f3 m\u00faltiples i descentralitzats.<\/p>\n\n\n\n<p>L\u2019escenari que ens espera \u00e9s molt complex i exigeix <strong>sistemes capa\u00e7os d\u2019absorbir la producci\u00f3 local i mantenir l\u2019equilibri i l\u2019estructura <\/strong>de tota la xarxa.<\/p>\n\n\n\n<div style=\"height:32px\" aria-hidden=\"true\" class=\"wp-block-spacer\"><\/div>\n\n\n\n<figure class=\"wp-block-image size-full\"><img loading=\"lazy\" decoding=\"async\" width=\"1024\" height=\"576\" src=\"https:\/\/www.fiorentini-iberia.com\/wp-content\/uploads\/2023\/12\/Expertise_SmartGasGrids_2ENG-EXPPAG-1024x576-1.jpg\" alt=\"\" class=\"wp-image-29317\" srcset=\"https:\/\/fiorentini-iberia.com\/wp-content\/uploads\/2023\/12\/Expertise_SmartGasGrids_2ENG-EXPPAG-1024x576-1.jpg 1024w, https:\/\/fiorentini-iberia.com\/wp-content\/uploads\/2023\/12\/Expertise_SmartGasGrids_2ENG-EXPPAG-1024x576-1-300x169.jpg 300w, https:\/\/fiorentini-iberia.com\/wp-content\/uploads\/2023\/12\/Expertise_SmartGasGrids_2ENG-EXPPAG-1024x576-1-768x432.jpg 768w\" sizes=\"auto, (max-width: 1024px) 100vw, 1024px\" \/><\/figure>\n\n\n\n<p class=\"has-text-align-center\"><em><em><em>Xarxes intel\u00b7ligents i gasos renovables<\/em><\/em><\/em><\/p>\n\n\n\n<div style=\"height:32px\" aria-hidden=\"true\" class=\"wp-block-spacer\"><\/div>\n\n\n\n<p>Amb aquesta finalitat, Pietro Fiorentini ha dissenyat i desenvolupat <a href=\"https:\/\/www.fiorentini-iberia.com\/ca\/solutions\/biremi-fluxe-invers\/\" target=\"_blank\" rel=\"noreferrer noopener\"><strong>BiRemi\u2122<\/strong><\/a>, una estaci\u00f3 prim\u00e0ria bidireccional capa\u00e7 de maximitzar la capacitat de la xarxa de distribuci\u00f3 per rebre gas produ\u00eft a partir de fonts renovables mitjan\u00e7ant la re-injecci\u00f3 de qualsevol exc\u00e9s de producci\u00f3 a la xarxa de transport.<\/p>\n<\/div><\/div>\n\n\n\n<div style=\"height:32px\" aria-hidden=\"true\" class=\"wp-block-spacer\"><\/div>\n\n\n\n<div id=\"life-13-green-gas-network\" class=\"wp-block-group\"><div class=\"wp-block-group__inner-container is-layout-flow wp-block-group-is-layout-flow\">\n<h3 class=\"wp-block-heading\"><strong>LIFE 13 Green Gas Network<\/strong><\/h3>\n\n\n\n<p>Actualment, Pietro Fiorentini ja \u00e9s capa\u00e7 d\u2019implementar <strong>automatitzacions que gestionin din\u00e0micament tota la xarxa<\/strong>. L\u2019exemple m\u00e9s recent \u00e9s el <strong>projecte LIFE 13 Green Gas Network <\/strong>, portat a terme en cooperaci\u00f3 amb RetiPi\u00f9 i <a href=\"http:\/\/www.terranovasoftware.eu\/\" target=\"_blank\" rel=\"noreferrer noopener\"><strong>Terranova<\/strong><\/a>, una empresa l\u00edder al Mercat energ\u00e8tic i de Serveis P\u00fablics i part del <strong><a href=\"https:\/\/www.fiorentini-iberia.com\/ca\/grup-pietro-fiorentini\/\">Grup Pietro Fiorentini<\/a><\/strong> des del 2011.<\/p>\n\n\n\n<p>Per tal de resoldre el problema de las fuites fisiol\u00f2giques que es produeixen a les xarxes de distribuci\u00f3 de gas natural, s\u2019ha desenvolupat un<strong> sistema compost per un dispositiu f\u00edsic i una infraestructura de software<\/strong>. El dispositiu detecta les tend\u00e8ncies de la pressi\u00f3 i reacciona en funci\u00f3 del perfil de modulaci\u00f3 din\u00e0mica desenvolupat pr\u00e8viament per un operari del centre de control. L\u2019operari pot supervisar la tend\u00e8ncia actual de la pressi\u00f3 i intervenir a dist\u00e0ncia a trav\u00e9s de la plataforma de software.<\/p>\n\n\n\n<p>El resultat \u00e9s <strong>una xarxa que s\u2019autoregula i adapta les pressions de funcionament en funci\u00f3 de les necessitats reals<\/strong>, evitant d\u2019aquesta manera que es produeixin sobrepressions i limitant les emissions derivades de les fuites fisiol\u00f2giques.<\/p>\n\n\n\n<p>El projecto ha estat <strong>nominat entre els finalistes de la categoria Climate Change de l\u2019edici\u00f3 2019 dels LIFE Awards<\/strong>, una eina amb la qual la Uni\u00f3 Europea recolza a les empreses en els seus esfor\u00e7os per protegir el clima i el medi ambient.<\/p>\n\n\n\n<p>Descarregar <a href=\"https:\/\/www.fiorentini.com\/wp-content\/uploads\/2021\/04\/Case-Study_ProgettoLIFE13_ITA.pdf\" target=\"_blank\" rel=\"noreferrer noopener\">estudi de cas del projecte LIFE 13<\/a>.<\/p>\n<\/div><\/div>\n","protected":false},"excerpt":{"rendered":"<p>L\u2019enfocament de Pietro Fiorentini consisteix en crear relacions senzilles que interactuen per crear sistemes resilients. Assolir el m\u00e0xim nivell d\u2019implantaci\u00f3 de xarxes de gas intel\u00b7ligents t\u00e9 com a objectiu la total integraci\u00f3 de les noves xarxes de distribuci\u00f3 i transport.<\/p>\n","protected":false},"author":15,"featured_media":0,"parent":50144,"menu_order":0,"comment_status":"closed","ping_status":"closed","template":"template-expertise-post.php","meta":{"_acf_changed":false,"inline_featured_image":false,"footnotes":""},"class_list":["post-50354","page","type-page","status-publish","hentry"],"acf":[],"yoast_head":"<!-- This site is optimized with the Yoast SEO plugin v27.2 - https:\/\/yoast.com\/product\/yoast-seo-wordpress\/ -->\n<title>L\u2019enfocament sist\u00e8mic de Pietro Fiorentini - Pietro Fiorentini<\/title>\n<meta name=\"description\" content=\"Pietro Fiorentini ha optat per adoptar un enfocament hol\u00edstic, \u00e9s a dir, crear relacions senzilles que interactuin entre si per a crear sistemes resilients.\" \/>\n<meta name=\"robots\" content=\"index, follow, max-snippet:-1, max-image-preview:large, max-video-preview:-1\" \/>\n<link rel=\"canonical\" href=\"https:\/\/fiorentini-iberia.com\/ca\/experiencia\/smart-gas-grids\/lenfocament-sistemic-de-pietro-fiorentini\/\" \/>\n<meta property=\"og:locale\" content=\"ca_ES\" \/>\n<meta property=\"og:type\" content=\"article\" \/>\n<meta property=\"og:title\" content=\"L\u2019enfocament sist\u00e8mic de Pietro Fiorentini - Pietro Fiorentini\" \/>\n<meta property=\"og:description\" content=\"Pietro Fiorentini ha optat per adoptar un enfocament hol\u00edstic, \u00e9s a dir, crear relacions senzilles que interactuin entre si per a crear sistemes resilients.\" \/>\n<meta property=\"og:url\" content=\"https:\/\/fiorentini-iberia.com\/ca\/experiencia\/smart-gas-grids\/lenfocament-sistemic-de-pietro-fiorentini\/\" \/>\n<meta property=\"og:site_name\" content=\"Pietro Fiorentini\" \/>\n<meta property=\"article:modified_time\" content=\"2024-03-14T12:21:40+00:00\" \/>\n<meta property=\"og:image\" content=\"https:\/\/www.fiorentini-iberia.com\/wp-content\/uploads\/2023\/12\/Expertise_SmartGasGrids_2ENG-EXPPAG-1024x576-1.jpg\" \/>\n<meta name=\"twitter:card\" content=\"summary_large_image\" \/>\n<meta name=\"twitter:site\" content=\"@FiorentiniSpa\" \/>\n<meta name=\"twitter:label1\" content=\"Temps estimat de lectura\" \/>\n\t<meta name=\"twitter:data1\" content=\"3 minuts\" \/>\n<script type=\"application\/ld+json\" class=\"yoast-schema-graph\">{\"@context\":\"https:\/\/schema.org\",\"@graph\":[{\"@type\":\"WebPage\",\"@id\":\"https:\/\/fiorentini-iberia.com\/ca\/experiencia\/smart-gas-grids\/lenfocament-sistemic-de-pietro-fiorentini\/\",\"url\":\"https:\/\/fiorentini-iberia.com\/ca\/experiencia\/smart-gas-grids\/lenfocament-sistemic-de-pietro-fiorentini\/\",\"name\":\"L\u2019enfocament sist\u00e8mic de Pietro Fiorentini - Pietro Fiorentini\",\"isPartOf\":{\"@id\":\"https:\/\/www.fiorentini-iberia.com\/ca\/#website\"},\"primaryImageOfPage\":{\"@id\":\"https:\/\/fiorentini-iberia.com\/ca\/experiencia\/smart-gas-grids\/lenfocament-sistemic-de-pietro-fiorentini\/#primaryimage\"},\"image\":{\"@id\":\"https:\/\/fiorentini-iberia.com\/ca\/experiencia\/smart-gas-grids\/lenfocament-sistemic-de-pietro-fiorentini\/#primaryimage\"},\"thumbnailUrl\":\"https:\/\/www.fiorentini-iberia.com\/wp-content\/uploads\/2023\/12\/Expertise_SmartGasGrids_2ENG-EXPPAG-1024x576-1.jpg\",\"datePublished\":\"2023-12-13T13:29:20+00:00\",\"dateModified\":\"2024-03-14T12:21:40+00:00\",\"description\":\"Pietro Fiorentini ha optat per adoptar un enfocament hol\u00edstic, \u00e9s a dir, crear relacions senzilles que interactuin entre si per a crear sistemes resilients.\",\"breadcrumb\":{\"@id\":\"https:\/\/fiorentini-iberia.com\/ca\/experiencia\/smart-gas-grids\/lenfocament-sistemic-de-pietro-fiorentini\/#breadcrumb\"},\"inLanguage\":\"ca\",\"potentialAction\":[{\"@type\":\"ReadAction\",\"target\":[\"https:\/\/fiorentini-iberia.com\/ca\/experiencia\/smart-gas-grids\/lenfocament-sistemic-de-pietro-fiorentini\/\"]}]},{\"@type\":\"ImageObject\",\"inLanguage\":\"ca\",\"@id\":\"https:\/\/fiorentini-iberia.com\/ca\/experiencia\/smart-gas-grids\/lenfocament-sistemic-de-pietro-fiorentini\/#primaryimage\",\"url\":\"https:\/\/www.fiorentini-iberia.com\/wp-content\/uploads\/2023\/12\/Expertise_SmartGasGrids_2ENG-EXPPAG-1024x576-1.jpg\",\"contentUrl\":\"https:\/\/www.fiorentini-iberia.com\/wp-content\/uploads\/2023\/12\/Expertise_SmartGasGrids_2ENG-EXPPAG-1024x576-1.jpg\"},{\"@type\":\"BreadcrumbList\",\"@id\":\"https:\/\/fiorentini-iberia.com\/ca\/experiencia\/smart-gas-grids\/lenfocament-sistemic-de-pietro-fiorentini\/#breadcrumb\",\"itemListElement\":[{\"@type\":\"ListItem\",\"position\":1,\"name\":\"Home\",\"item\":\"https:\/\/www.fiorentini-iberia.com\/ca\/\"},{\"@type\":\"ListItem\",\"position\":2,\"name\":\"Experi\u00e8ncia\",\"item\":\"https:\/\/www.fiorentini-iberia.com\/ca\/experiencia\/\"},{\"@type\":\"ListItem\",\"position\":3,\"name\":\"Xarxes de\u00a0g\u00e1s\u00a0intel\u00b7ligents\",\"item\":\"https:\/\/www.fiorentini-iberia.com\/ca\/experiencia\/smart-gas-grids\/\"},{\"@type\":\"ListItem\",\"position\":4,\"name\":\"L\u2019enfocament sist\u00e8mic de Pietro Fiorentini\"}]},{\"@type\":\"WebSite\",\"@id\":\"https:\/\/www.fiorentini-iberia.com\/ca\/#website\",\"url\":\"https:\/\/www.fiorentini-iberia.com\/ca\/\",\"name\":\"Pietro Fiorentini Iberia\",\"description\":\"Pietro Fiorentini dise\u00f1a y fabrica componentes, sistemas y servicios para la regulaci\u00f3n, medici\u00f3n, gesti\u00f3n de redes de agua, energ\u00edas renovables, petr\u00f3leo y el gas natural, con sistemas adaptados 100% al hidr\u00f3geno.\",\"publisher\":{\"@id\":\"https:\/\/www.fiorentini-iberia.com\/ca\/#organization\"},\"potentialAction\":[{\"@type\":\"SearchAction\",\"target\":{\"@type\":\"EntryPoint\",\"urlTemplate\":\"https:\/\/www.fiorentini-iberia.com\/ca\/?s={search_term_string}\"},\"query-input\":{\"@type\":\"PropertyValueSpecification\",\"valueRequired\":true,\"valueName\":\"search_term_string\"}}],\"inLanguage\":\"ca\"},{\"@type\":\"Organization\",\"@id\":\"https:\/\/www.fiorentini-iberia.com\/ca\/#organization\",\"name\":\"Pietro Fiorentini Iberia\",\"url\":\"https:\/\/www.fiorentini-iberia.com\/ca\/\",\"logo\":{\"@type\":\"ImageObject\",\"inLanguage\":\"ca\",\"@id\":\"https:\/\/www.fiorentini-iberia.com\/ca\/#\/schema\/logo\/image\/\",\"url\":\"https:\/\/fiorentini-iberia.com\/wp-content\/uploads\/2020\/11\/logo.svg\",\"contentUrl\":\"https:\/\/fiorentini-iberia.com\/wp-content\/uploads\/2020\/11\/logo.svg\",\"width\":227,\"height\":59,\"caption\":\"Pietro Fiorentini Iberia\"},\"image\":{\"@id\":\"https:\/\/www.fiorentini-iberia.com\/ca\/#\/schema\/logo\/image\/\"},\"sameAs\":[\"https:\/\/x.com\/FiorentiniSpa\",\"https:\/\/www.linkedin.com\/company\/pietro-fiorentini-iberia\/\"]}]}<\/script>\n<!-- \/ Yoast SEO plugin. -->","yoast_head_json":{"title":"L\u2019enfocament sist\u00e8mic de Pietro Fiorentini - Pietro Fiorentini","description":"Pietro Fiorentini ha optat per adoptar un enfocament hol\u00edstic, \u00e9s a dir, crear relacions senzilles que interactuin entre si per a crear sistemes resilients.","robots":{"index":"index","follow":"follow","max-snippet":"max-snippet:-1","max-image-preview":"max-image-preview:large","max-video-preview":"max-video-preview:-1"},"canonical":"https:\/\/fiorentini-iberia.com\/ca\/experiencia\/smart-gas-grids\/lenfocament-sistemic-de-pietro-fiorentini\/","og_locale":"ca_ES","og_type":"article","og_title":"L\u2019enfocament sist\u00e8mic de Pietro Fiorentini - Pietro Fiorentini","og_description":"Pietro Fiorentini ha optat per adoptar un enfocament hol\u00edstic, \u00e9s a dir, crear relacions senzilles que interactuin entre si per a crear sistemes resilients.","og_url":"https:\/\/fiorentini-iberia.com\/ca\/experiencia\/smart-gas-grids\/lenfocament-sistemic-de-pietro-fiorentini\/","og_site_name":"Pietro Fiorentini","article_modified_time":"2024-03-14T12:21:40+00:00","og_image":[{"url":"https:\/\/www.fiorentini-iberia.com\/wp-content\/uploads\/2023\/12\/Expertise_SmartGasGrids_2ENG-EXPPAG-1024x576-1.jpg","type":"","width":"","height":""}],"twitter_card":"summary_large_image","twitter_site":"@FiorentiniSpa","twitter_misc":{"Temps estimat de lectura":"3 minuts"},"schema":{"@context":"https:\/\/schema.org","@graph":[{"@type":"WebPage","@id":"https:\/\/fiorentini-iberia.com\/ca\/experiencia\/smart-gas-grids\/lenfocament-sistemic-de-pietro-fiorentini\/","url":"https:\/\/fiorentini-iberia.com\/ca\/experiencia\/smart-gas-grids\/lenfocament-sistemic-de-pietro-fiorentini\/","name":"L\u2019enfocament sist\u00e8mic de Pietro Fiorentini - Pietro Fiorentini","isPartOf":{"@id":"https:\/\/www.fiorentini-iberia.com\/ca\/#website"},"primaryImageOfPage":{"@id":"https:\/\/fiorentini-iberia.com\/ca\/experiencia\/smart-gas-grids\/lenfocament-sistemic-de-pietro-fiorentini\/#primaryimage"},"image":{"@id":"https:\/\/fiorentini-iberia.com\/ca\/experiencia\/smart-gas-grids\/lenfocament-sistemic-de-pietro-fiorentini\/#primaryimage"},"thumbnailUrl":"https:\/\/www.fiorentini-iberia.com\/wp-content\/uploads\/2023\/12\/Expertise_SmartGasGrids_2ENG-EXPPAG-1024x576-1.jpg","datePublished":"2023-12-13T13:29:20+00:00","dateModified":"2024-03-14T12:21:40+00:00","description":"Pietro Fiorentini ha optat per adoptar un enfocament hol\u00edstic, \u00e9s a dir, crear relacions senzilles que interactuin entre si per a crear sistemes resilients.","breadcrumb":{"@id":"https:\/\/fiorentini-iberia.com\/ca\/experiencia\/smart-gas-grids\/lenfocament-sistemic-de-pietro-fiorentini\/#breadcrumb"},"inLanguage":"ca","potentialAction":[{"@type":"ReadAction","target":["https:\/\/fiorentini-iberia.com\/ca\/experiencia\/smart-gas-grids\/lenfocament-sistemic-de-pietro-fiorentini\/"]}]},{"@type":"ImageObject","inLanguage":"ca","@id":"https:\/\/fiorentini-iberia.com\/ca\/experiencia\/smart-gas-grids\/lenfocament-sistemic-de-pietro-fiorentini\/#primaryimage","url":"https:\/\/www.fiorentini-iberia.com\/wp-content\/uploads\/2023\/12\/Expertise_SmartGasGrids_2ENG-EXPPAG-1024x576-1.jpg","contentUrl":"https:\/\/www.fiorentini-iberia.com\/wp-content\/uploads\/2023\/12\/Expertise_SmartGasGrids_2ENG-EXPPAG-1024x576-1.jpg"},{"@type":"BreadcrumbList","@id":"https:\/\/fiorentini-iberia.com\/ca\/experiencia\/smart-gas-grids\/lenfocament-sistemic-de-pietro-fiorentini\/#breadcrumb","itemListElement":[{"@type":"ListItem","position":1,"name":"Home","item":"https:\/\/www.fiorentini-iberia.com\/ca\/"},{"@type":"ListItem","position":2,"name":"Experi\u00e8ncia","item":"https:\/\/www.fiorentini-iberia.com\/ca\/experiencia\/"},{"@type":"ListItem","position":3,"name":"Xarxes de\u00a0g\u00e1s\u00a0intel\u00b7ligents","item":"https:\/\/www.fiorentini-iberia.com\/ca\/experiencia\/smart-gas-grids\/"},{"@type":"ListItem","position":4,"name":"L\u2019enfocament sist\u00e8mic de Pietro Fiorentini"}]},{"@type":"WebSite","@id":"https:\/\/www.fiorentini-iberia.com\/ca\/#website","url":"https:\/\/www.fiorentini-iberia.com\/ca\/","name":"Pietro Fiorentini Iberia","description":"Pietro Fiorentini dise\u00f1a y fabrica componentes, sistemas y servicios para la regulaci\u00f3n, medici\u00f3n, gesti\u00f3n de redes de agua, energ\u00edas renovables, petr\u00f3leo y el gas natural, con sistemas adaptados 100% al hidr\u00f3geno.","publisher":{"@id":"https:\/\/www.fiorentini-iberia.com\/ca\/#organization"},"potentialAction":[{"@type":"SearchAction","target":{"@type":"EntryPoint","urlTemplate":"https:\/\/www.fiorentini-iberia.com\/ca\/?s={search_term_string}"},"query-input":{"@type":"PropertyValueSpecification","valueRequired":true,"valueName":"search_term_string"}}],"inLanguage":"ca"},{"@type":"Organization","@id":"https:\/\/www.fiorentini-iberia.com\/ca\/#organization","name":"Pietro Fiorentini Iberia","url":"https:\/\/www.fiorentini-iberia.com\/ca\/","logo":{"@type":"ImageObject","inLanguage":"ca","@id":"https:\/\/www.fiorentini-iberia.com\/ca\/#\/schema\/logo\/image\/","url":"https:\/\/fiorentini-iberia.com\/wp-content\/uploads\/2020\/11\/logo.svg","contentUrl":"https:\/\/fiorentini-iberia.com\/wp-content\/uploads\/2020\/11\/logo.svg","width":227,"height":59,"caption":"Pietro Fiorentini Iberia"},"image":{"@id":"https:\/\/www.fiorentini-iberia.com\/ca\/#\/schema\/logo\/image\/"},"sameAs":["https:\/\/x.com\/FiorentiniSpa","https:\/\/www.linkedin.com\/company\/pietro-fiorentini-iberia\/"]}]}},"_links":{"self":[{"href":"https:\/\/fiorentini-iberia.com\/ca\/wp-json\/wp\/v2\/pages\/50354","targetHints":{"allow":["GET"]}}],"collection":[{"href":"https:\/\/fiorentini-iberia.com\/ca\/wp-json\/wp\/v2\/pages"}],"about":[{"href":"https:\/\/fiorentini-iberia.com\/ca\/wp-json\/wp\/v2\/types\/page"}],"author":[{"embeddable":true,"href":"https:\/\/fiorentini-iberia.com\/ca\/wp-json\/wp\/v2\/users\/15"}],"replies":[{"embeddable":true,"href":"https:\/\/fiorentini-iberia.com\/ca\/wp-json\/wp\/v2\/comments?post=50354"}],"version-history":[{"count":1,"href":"https:\/\/fiorentini-iberia.com\/ca\/wp-json\/wp\/v2\/pages\/50354\/revisions"}],"predecessor-version":[{"id":50357,"href":"https:\/\/fiorentini-iberia.com\/ca\/wp-json\/wp\/v2\/pages\/50354\/revisions\/50357"}],"up":[{"embeddable":true,"href":"https:\/\/fiorentini-iberia.com\/ca\/wp-json\/wp\/v2\/pages\/50144"}],"wp:attachment":[{"href":"https:\/\/fiorentini-iberia.com\/ca\/wp-json\/wp\/v2\/media?parent=50354"}],"curies":[{"name":"wp","href":"https:\/\/api.w.org\/{rel}","templated":true}]}}