{"id":50294,"date":"2023-12-13T14:28:42","date_gmt":"2023-12-13T13:28:42","guid":{"rendered":"https:\/\/www.fiorentini-iberia.com\/experiencia\/power-to-gas\/proyectos-de-exito\/"},"modified":"2024-03-14T10:59:10","modified_gmt":"2024-03-14T09:59:10","slug":"projectes-dexit","status":"publish","type":"page","link":"https:\/\/fiorentini-iberia.com\/ca\/experiencia\/power-to-gas\/projectes-dexit\/","title":{"rendered":"Projectes d\u2019\u00e8xit"},"content":{"rendered":"\n<p>El desenvolupament de solucions <strong>Power-to-gas<\/strong> es part del proc\u00e9s de facilitar la transici\u00f3 energ\u00e8tica amb la qual est\u00e0 comprom\u00e8s el <strong><a href=\"https:\/\/www.fiorentini-iberia.com\/ca\/grup-pietro-fiorentini\/\">Grup Pietro Fiorentini<\/a><\/strong> que es veu refor\u00e7at gr\u00e0cies a la seva experi\u00e8ncia en el m\u00f3n del gas natural&nbsp;i considerat punt de refer\u00e8ncia en investigaci\u00f3 i desenvolupament.<\/p>\n\n\n\n<p>Aquest enfocament orientat a la innovaci\u00f3 es reflecteix en el desenvolupament de <strong>projectes a It\u00e0lia i a Europa<\/strong>, amb solucions d\u2019avantguarda en les quals Pietro Fiorentini i les altres empreses del Grup col\u00b7laboren sin\u00e8rgicament.<\/p>\n\n\n\n<div style=\"height:32px\" aria-hidden=\"true\" class=\"wp-block-spacer\"><\/div>\n\n\n\n<div class=\"wp-block-group index\"><div class=\"wp-block-group__inner-container is-layout-flow wp-block-group-is-layout-flow\">\n<ol class=\"wp-block-list\">\n<li><strong><a href=\"#bio-farm-straubing\">Bio FARM (Straubing)<\/a><\/strong><\/li>\n\n\n\n<li><strong><a href=\"#synbios-bologna\">SynBioS (Bolonia)<\/a><\/strong><\/li>\n<\/ol>\n<\/div><\/div>\n\n\n\n<div id=\"bio-farm-straubing\" class=\"wp-block-group\"><div class=\"wp-block-group__inner-container is-layout-flow wp-block-group-is-layout-flow\">\n<h3 class=\"wp-block-heading\"><strong>Bio FARM (Straubing)<\/strong><\/h3>\n\n\n\n<p>El dijous 28 de juliol de 2022, a la planta de tractament d\u2019aig\u00fces residuals de Straubing (Alemanya), van comen\u00e7ar les obres de Bio FARM, una planta d\u2019investigaci\u00f3 i assaig de processos de biometanitzaci\u00f3 a partir de diverses fonts, en particular biog\u00e0s i gas de s\u00edntesi, dissenyada i constru\u00efda \u00edntegrament per Pietro Fiorentini i les seves filials <strong><a href=\"https:\/\/www.fiorentini-iberia.com\/ca\/grup-pietro-fiorentini\/empreses-i-marques-del-grup-pietro-fiorentini\/#micropyros\">MicroPyros<\/a><\/strong>, <strong><a href=\"https:\/\/www.fiorentini-iberia.com\/ca\/grup-pietro-fiorentini\/empreses-i-marques-del-grup-pietro-fiorentini\/#hyter\">Hyter<\/a><\/strong> i <strong><a href=\"https:\/\/www.fiorentini-iberia.com\/ca\/grup-pietro-fiorentini\/empreses-i-marques-del-grup-pietro-fiorentini\/#biokomp\">Biokomp<\/a><\/strong>.<\/p>\n\n\n\n<p>El Grup es va convertir en principal promotor d\u2019un sistema <strong>\u00fanic<\/strong> d\u2019investigaci\u00f3 i assaig de biometanitzaci\u00f3 <strong>a tota Europa<\/strong>. La instal\u00b7laci\u00f3, que estar\u00e0 acabada la primavera vinent, s\u2019utilitzar\u00e0 per investigar i provar processos de biometanitzaci\u00f3 a partir de diverses fonts, en particular biog\u00e0s i gas de s\u00edntesi. Una planta en la qual ser\u00e0 possible fer mescles de gas in situ i dependre de l\u2019alimentaci\u00f3 directa de biog\u00e0s procedent dels digestors de la planta de tractament d\u2019aig\u00fces residuals.<\/p>\n\n\n\n<p><a href=\"https:\/\/fiorentini-iberia.com\/es\/noticias\/micropyros-inaugura-bio-farm\/\">fiorentini-iberia.com\/ca\/noticies\/micropyros-inaugura-bio-farm\/<\/a><br>\u00a0<\/p>\n\n\n\n<figure class=\"wp-block-image size-full\"><img loading=\"lazy\" decoding=\"async\" width=\"1024\" height=\"576\" src=\"https:\/\/www.fiorentini-iberia.com\/wp-content\/uploads\/2023\/12\/bio-farm-1024x576-1.jpg\" alt=\"\" class=\"wp-image-29313\" srcset=\"https:\/\/fiorentini-iberia.com\/wp-content\/uploads\/2023\/12\/bio-farm-1024x576-1.jpg 1024w, https:\/\/fiorentini-iberia.com\/wp-content\/uploads\/2023\/12\/bio-farm-1024x576-1-300x169.jpg 300w, https:\/\/fiorentini-iberia.com\/wp-content\/uploads\/2023\/12\/bio-farm-1024x576-1-768x432.jpg 768w\" sizes=\"auto, (max-width: 1024px) 100vw, 1024px\" \/><\/figure>\n<\/div><\/div>\n\n\n\n<div style=\"height:32px\" aria-hidden=\"true\" class=\"wp-block-spacer\"><\/div>\n\n\n\n<div id=\"synbios-bologna\" class=\"wp-block-group\"><div class=\"wp-block-group__inner-container is-layout-flow wp-block-group-is-layout-flow\">\n<h3 class=\"wp-block-heading\"><strong>SynBioS<\/strong> (Bolonia)<\/h3>\n\n\n\n<p>El dimarts 6 de setembre de 2022, el <a href=\"https:\/\/www.gruppohera.it\/gruppo\" target=\"_blank\" rel=\"noreferrer noopener\"><strong>Grup Hera <\/strong><\/a>va presentar en prim\u00edcia a la fira Gastech de Mil\u00e0 la innovadora planta de conversi\u00f3 d\u2019electricitat a gas anomenada <strong>SynBioS<\/strong> (Syngas Biological Storage), una planta capa\u00e7 de convertir electricitat renovable i aig\u00fces residuals en hidrogen verd i, posteriorment, en biomet\u00e0.<\/p>\n\n\n\n<p>Una instal\u00b7laci\u00f3 dissenyada i constru\u00efda per <strong>Pietro Fiorentini<\/strong>, <a href=\"https:\/\/micropyros.de\/\" target=\"_blank\" rel=\"noreferrer noopener\"><strong>MicroPyros<\/strong><\/a> i <a href=\"https:\/\/hyter.it\/\" target=\"_blank\" rel=\"noreferrer noopener\"><strong>Hyter<\/strong><\/a> que va estar operativa el 2023 a Corticella, a la prov\u00edncia de Bolonya, on hi ha la depuradora m\u00e9s gran del Grup Hera. En concret, la planta utilitzar\u00e0 aig\u00fces residuals i electricitat renovable para produir hidrogen i oxigen ecol\u00f2gics. L\u2019hidrogen es convertir\u00e0 despr\u00e9s en biomet\u00e0 utilitzant el di\u00f2xid de carboni del biog\u00e0s produ\u00eft per la digesti\u00f3 dels llots de la depuradora. El biomet\u00e0 obtingut aix\u00ed es pot introduir a la xarxa de gas de la ciutat sense l\u00edmits de concentraci\u00f3.<\/p>\n\n\n\n<p><a href=\"https:\/\/www.fiorentini.com\/en\/news\/synbios-power-to-gas-and-multi-business-expertise-to-meet-the-challenge-of-decarbonisation\" target=\"_blank\" rel=\"noreferrer noopener\">https:\/\/www.fiorentini.com\/en\/news\/synbios-power-to-gas-and-multi-business-expertise-to-meet-the-challenge-of-decarbonisation<\/a>\/ <\/p>\n\n\n\n<figure class=\"wp-block-image size-full\"><img loading=\"lazy\" decoding=\"async\" width=\"1024\" height=\"577\" src=\"https:\/\/www.fiorentini-iberia.com\/wp-content\/uploads\/2023\/12\/synbios-bologna-1024x577-1.jpg\" alt=\"\" class=\"wp-image-29310\" srcset=\"https:\/\/fiorentini-iberia.com\/wp-content\/uploads\/2023\/12\/synbios-bologna-1024x577-1.jpg 1024w, https:\/\/fiorentini-iberia.com\/wp-content\/uploads\/2023\/12\/synbios-bologna-1024x577-1-300x169.jpg 300w, https:\/\/fiorentini-iberia.com\/wp-content\/uploads\/2023\/12\/synbios-bologna-1024x577-1-768x433.jpg 768w\" sizes=\"auto, (max-width: 1024px) 100vw, 1024px\" \/><\/figure>\n<\/div><\/div>\n","protected":false},"excerpt":{"rendered":"<p>El comprom\u00eds de Pietro Fiorentini amb el desenvolupament de solucions de conversi\u00f3 d\u2019electricitat a gas es reflecteix en projectes d\u2019avantguarda a It\u00e0lia i a Europa que han portat l\u2019empresa a ser considerada un soci tecnol\u00f2gic fiable en el camp de la transici\u00f3 energ\u00e8tica.<\/p>\n","protected":false},"author":12,"featured_media":0,"parent":50136,"menu_order":0,"comment_status":"closed","ping_status":"closed","template":"template-expertise-post.php","meta":{"_acf_changed":false,"inline_featured_image":false,"footnotes":""},"class_list":["post-50294","page","type-page","status-publish","hentry"],"acf":[],"yoast_head":"<!-- This site is optimized with the Yoast SEO plugin v27.2 - https:\/\/yoast.com\/product\/yoast-seo-wordpress\/ -->\n<title>Projectes d\u2019\u00e8xit - Pietro Fiorentini<\/title>\n<meta name=\"description\" content=\"El desenvolupament de solucions Power-to-gas es part del proc\u00e9s de facilitar la transici\u00f3 energ\u00e8tica amb la qual est\u00e0 comprom\u00e8s el Grup Pietro Fiorentini.\" \/>\n<meta name=\"robots\" content=\"index, follow, max-snippet:-1, max-image-preview:large, max-video-preview:-1\" \/>\n<link rel=\"canonical\" href=\"https:\/\/fiorentini-iberia.com\/ca\/experiencia\/power-to-gas\/projectes-dexit\/\" \/>\n<meta property=\"og:locale\" content=\"ca_ES\" \/>\n<meta property=\"og:type\" content=\"article\" \/>\n<meta property=\"og:title\" content=\"Projectes d\u2019\u00e8xit - Pietro Fiorentini\" \/>\n<meta property=\"og:description\" content=\"El desenvolupament de solucions Power-to-gas es part del proc\u00e9s de facilitar la transici\u00f3 energ\u00e8tica amb la qual est\u00e0 comprom\u00e8s el Grup Pietro Fiorentini.\" \/>\n<meta property=\"og:url\" content=\"https:\/\/fiorentini-iberia.com\/ca\/experiencia\/power-to-gas\/projectes-dexit\/\" \/>\n<meta property=\"og:site_name\" content=\"Pietro Fiorentini\" \/>\n<meta property=\"article:modified_time\" content=\"2024-03-14T09:59:10+00:00\" \/>\n<meta property=\"og:image\" content=\"https:\/\/www.fiorentini-iberia.com\/wp-content\/uploads\/2023\/12\/bio-farm-1024x576-1.jpg\" \/>\n<meta name=\"twitter:card\" content=\"summary_large_image\" \/>\n<meta name=\"twitter:site\" content=\"@FiorentiniSpa\" \/>\n<meta name=\"twitter:label1\" content=\"Temps estimat de lectura\" \/>\n\t<meta name=\"twitter:data1\" content=\"3 minuts\" \/>\n<script type=\"application\/ld+json\" class=\"yoast-schema-graph\">{\"@context\":\"https:\/\/schema.org\",\"@graph\":[{\"@type\":\"WebPage\",\"@id\":\"https:\/\/fiorentini-iberia.com\/ca\/experiencia\/power-to-gas\/projectes-dexit\/\",\"url\":\"https:\/\/fiorentini-iberia.com\/ca\/experiencia\/power-to-gas\/projectes-dexit\/\",\"name\":\"Projectes d\u2019\u00e8xit - Pietro Fiorentini\",\"isPartOf\":{\"@id\":\"https:\/\/www.fiorentini-iberia.com\/ca\/#website\"},\"primaryImageOfPage\":{\"@id\":\"https:\/\/fiorentini-iberia.com\/ca\/experiencia\/power-to-gas\/projectes-dexit\/#primaryimage\"},\"image\":{\"@id\":\"https:\/\/fiorentini-iberia.com\/ca\/experiencia\/power-to-gas\/projectes-dexit\/#primaryimage\"},\"thumbnailUrl\":\"https:\/\/www.fiorentini-iberia.com\/wp-content\/uploads\/2023\/12\/bio-farm-1024x576-1.jpg\",\"datePublished\":\"2023-12-13T13:28:42+00:00\",\"dateModified\":\"2024-03-14T09:59:10+00:00\",\"description\":\"El desenvolupament de solucions Power-to-gas es part del proc\u00e9s de facilitar la transici\u00f3 energ\u00e8tica amb la qual est\u00e0 comprom\u00e8s el Grup Pietro Fiorentini.\",\"breadcrumb\":{\"@id\":\"https:\/\/fiorentini-iberia.com\/ca\/experiencia\/power-to-gas\/projectes-dexit\/#breadcrumb\"},\"inLanguage\":\"ca\",\"potentialAction\":[{\"@type\":\"ReadAction\",\"target\":[\"https:\/\/fiorentini-iberia.com\/ca\/experiencia\/power-to-gas\/projectes-dexit\/\"]}]},{\"@type\":\"ImageObject\",\"inLanguage\":\"ca\",\"@id\":\"https:\/\/fiorentini-iberia.com\/ca\/experiencia\/power-to-gas\/projectes-dexit\/#primaryimage\",\"url\":\"https:\/\/www.fiorentini-iberia.com\/wp-content\/uploads\/2023\/12\/bio-farm-1024x576-1.jpg\",\"contentUrl\":\"https:\/\/www.fiorentini-iberia.com\/wp-content\/uploads\/2023\/12\/bio-farm-1024x576-1.jpg\"},{\"@type\":\"BreadcrumbList\",\"@id\":\"https:\/\/fiorentini-iberia.com\/ca\/experiencia\/power-to-gas\/projectes-dexit\/#breadcrumb\",\"itemListElement\":[{\"@type\":\"ListItem\",\"position\":1,\"name\":\"Home\",\"item\":\"https:\/\/www.fiorentini-iberia.com\/ca\/\"},{\"@type\":\"ListItem\",\"position\":2,\"name\":\"Experi\u00e8ncia\",\"item\":\"https:\/\/www.fiorentini-iberia.com\/ca\/experiencia\/\"},{\"@type\":\"ListItem\",\"position\":3,\"name\":\"Power-to-gas\",\"item\":\"https:\/\/www.fiorentini-iberia.com\/ca\/experiencia\/power-to-gas\/\"},{\"@type\":\"ListItem\",\"position\":4,\"name\":\"Projectes d\u2019\u00e8xit\"}]},{\"@type\":\"WebSite\",\"@id\":\"https:\/\/www.fiorentini-iberia.com\/ca\/#website\",\"url\":\"https:\/\/www.fiorentini-iberia.com\/ca\/\",\"name\":\"Pietro Fiorentini Iberia\",\"description\":\"Pietro Fiorentini dise\u00f1a y fabrica componentes, sistemas y servicios para la regulaci\u00f3n, medici\u00f3n, gesti\u00f3n de redes de agua, energ\u00edas renovables, petr\u00f3leo y el gas natural, con sistemas adaptados 100% al hidr\u00f3geno.\",\"publisher\":{\"@id\":\"https:\/\/www.fiorentini-iberia.com\/ca\/#organization\"},\"potentialAction\":[{\"@type\":\"SearchAction\",\"target\":{\"@type\":\"EntryPoint\",\"urlTemplate\":\"https:\/\/www.fiorentini-iberia.com\/ca\/?s={search_term_string}\"},\"query-input\":{\"@type\":\"PropertyValueSpecification\",\"valueRequired\":true,\"valueName\":\"search_term_string\"}}],\"inLanguage\":\"ca\"},{\"@type\":\"Organization\",\"@id\":\"https:\/\/www.fiorentini-iberia.com\/ca\/#organization\",\"name\":\"Pietro Fiorentini Iberia\",\"url\":\"https:\/\/www.fiorentini-iberia.com\/ca\/\",\"logo\":{\"@type\":\"ImageObject\",\"inLanguage\":\"ca\",\"@id\":\"https:\/\/www.fiorentini-iberia.com\/ca\/#\/schema\/logo\/image\/\",\"url\":\"https:\/\/fiorentini-iberia.com\/wp-content\/uploads\/2020\/11\/logo.svg\",\"contentUrl\":\"https:\/\/fiorentini-iberia.com\/wp-content\/uploads\/2020\/11\/logo.svg\",\"width\":227,\"height\":59,\"caption\":\"Pietro Fiorentini Iberia\"},\"image\":{\"@id\":\"https:\/\/www.fiorentini-iberia.com\/ca\/#\/schema\/logo\/image\/\"},\"sameAs\":[\"https:\/\/x.com\/FiorentiniSpa\",\"https:\/\/www.linkedin.com\/company\/pietro-fiorentini-iberia\/\"]}]}<\/script>\n<!-- \/ Yoast SEO plugin. -->","yoast_head_json":{"title":"Projectes d\u2019\u00e8xit - Pietro Fiorentini","description":"El desenvolupament de solucions Power-to-gas es part del proc\u00e9s de facilitar la transici\u00f3 energ\u00e8tica amb la qual est\u00e0 comprom\u00e8s el Grup Pietro Fiorentini.","robots":{"index":"index","follow":"follow","max-snippet":"max-snippet:-1","max-image-preview":"max-image-preview:large","max-video-preview":"max-video-preview:-1"},"canonical":"https:\/\/fiorentini-iberia.com\/ca\/experiencia\/power-to-gas\/projectes-dexit\/","og_locale":"ca_ES","og_type":"article","og_title":"Projectes d\u2019\u00e8xit - Pietro Fiorentini","og_description":"El desenvolupament de solucions Power-to-gas es part del proc\u00e9s de facilitar la transici\u00f3 energ\u00e8tica amb la qual est\u00e0 comprom\u00e8s el Grup Pietro Fiorentini.","og_url":"https:\/\/fiorentini-iberia.com\/ca\/experiencia\/power-to-gas\/projectes-dexit\/","og_site_name":"Pietro Fiorentini","article_modified_time":"2024-03-14T09:59:10+00:00","og_image":[{"url":"https:\/\/www.fiorentini-iberia.com\/wp-content\/uploads\/2023\/12\/bio-farm-1024x576-1.jpg","type":"","width":"","height":""}],"twitter_card":"summary_large_image","twitter_site":"@FiorentiniSpa","twitter_misc":{"Temps estimat de lectura":"3 minuts"},"schema":{"@context":"https:\/\/schema.org","@graph":[{"@type":"WebPage","@id":"https:\/\/fiorentini-iberia.com\/ca\/experiencia\/power-to-gas\/projectes-dexit\/","url":"https:\/\/fiorentini-iberia.com\/ca\/experiencia\/power-to-gas\/projectes-dexit\/","name":"Projectes d\u2019\u00e8xit - Pietro Fiorentini","isPartOf":{"@id":"https:\/\/www.fiorentini-iberia.com\/ca\/#website"},"primaryImageOfPage":{"@id":"https:\/\/fiorentini-iberia.com\/ca\/experiencia\/power-to-gas\/projectes-dexit\/#primaryimage"},"image":{"@id":"https:\/\/fiorentini-iberia.com\/ca\/experiencia\/power-to-gas\/projectes-dexit\/#primaryimage"},"thumbnailUrl":"https:\/\/www.fiorentini-iberia.com\/wp-content\/uploads\/2023\/12\/bio-farm-1024x576-1.jpg","datePublished":"2023-12-13T13:28:42+00:00","dateModified":"2024-03-14T09:59:10+00:00","description":"El desenvolupament de solucions Power-to-gas es part del proc\u00e9s de facilitar la transici\u00f3 energ\u00e8tica amb la qual est\u00e0 comprom\u00e8s el Grup Pietro Fiorentini.","breadcrumb":{"@id":"https:\/\/fiorentini-iberia.com\/ca\/experiencia\/power-to-gas\/projectes-dexit\/#breadcrumb"},"inLanguage":"ca","potentialAction":[{"@type":"ReadAction","target":["https:\/\/fiorentini-iberia.com\/ca\/experiencia\/power-to-gas\/projectes-dexit\/"]}]},{"@type":"ImageObject","inLanguage":"ca","@id":"https:\/\/fiorentini-iberia.com\/ca\/experiencia\/power-to-gas\/projectes-dexit\/#primaryimage","url":"https:\/\/www.fiorentini-iberia.com\/wp-content\/uploads\/2023\/12\/bio-farm-1024x576-1.jpg","contentUrl":"https:\/\/www.fiorentini-iberia.com\/wp-content\/uploads\/2023\/12\/bio-farm-1024x576-1.jpg"},{"@type":"BreadcrumbList","@id":"https:\/\/fiorentini-iberia.com\/ca\/experiencia\/power-to-gas\/projectes-dexit\/#breadcrumb","itemListElement":[{"@type":"ListItem","position":1,"name":"Home","item":"https:\/\/www.fiorentini-iberia.com\/ca\/"},{"@type":"ListItem","position":2,"name":"Experi\u00e8ncia","item":"https:\/\/www.fiorentini-iberia.com\/ca\/experiencia\/"},{"@type":"ListItem","position":3,"name":"Power-to-gas","item":"https:\/\/www.fiorentini-iberia.com\/ca\/experiencia\/power-to-gas\/"},{"@type":"ListItem","position":4,"name":"Projectes d\u2019\u00e8xit"}]},{"@type":"WebSite","@id":"https:\/\/www.fiorentini-iberia.com\/ca\/#website","url":"https:\/\/www.fiorentini-iberia.com\/ca\/","name":"Pietro Fiorentini Iberia","description":"Pietro Fiorentini dise\u00f1a y fabrica componentes, sistemas y servicios para la regulaci\u00f3n, medici\u00f3n, gesti\u00f3n de redes de agua, energ\u00edas renovables, petr\u00f3leo y el gas natural, con sistemas adaptados 100% al hidr\u00f3geno.","publisher":{"@id":"https:\/\/www.fiorentini-iberia.com\/ca\/#organization"},"potentialAction":[{"@type":"SearchAction","target":{"@type":"EntryPoint","urlTemplate":"https:\/\/www.fiorentini-iberia.com\/ca\/?s={search_term_string}"},"query-input":{"@type":"PropertyValueSpecification","valueRequired":true,"valueName":"search_term_string"}}],"inLanguage":"ca"},{"@type":"Organization","@id":"https:\/\/www.fiorentini-iberia.com\/ca\/#organization","name":"Pietro Fiorentini Iberia","url":"https:\/\/www.fiorentini-iberia.com\/ca\/","logo":{"@type":"ImageObject","inLanguage":"ca","@id":"https:\/\/www.fiorentini-iberia.com\/ca\/#\/schema\/logo\/image\/","url":"https:\/\/fiorentini-iberia.com\/wp-content\/uploads\/2020\/11\/logo.svg","contentUrl":"https:\/\/fiorentini-iberia.com\/wp-content\/uploads\/2020\/11\/logo.svg","width":227,"height":59,"caption":"Pietro Fiorentini Iberia"},"image":{"@id":"https:\/\/www.fiorentini-iberia.com\/ca\/#\/schema\/logo\/image\/"},"sameAs":["https:\/\/x.com\/FiorentiniSpa","https:\/\/www.linkedin.com\/company\/pietro-fiorentini-iberia\/"]}]}},"_links":{"self":[{"href":"https:\/\/fiorentini-iberia.com\/ca\/wp-json\/wp\/v2\/pages\/50294","targetHints":{"allow":["GET"]}}],"collection":[{"href":"https:\/\/fiorentini-iberia.com\/ca\/wp-json\/wp\/v2\/pages"}],"about":[{"href":"https:\/\/fiorentini-iberia.com\/ca\/wp-json\/wp\/v2\/types\/page"}],"author":[{"embeddable":true,"href":"https:\/\/fiorentini-iberia.com\/ca\/wp-json\/wp\/v2\/users\/12"}],"replies":[{"embeddable":true,"href":"https:\/\/fiorentini-iberia.com\/ca\/wp-json\/wp\/v2\/comments?post=50294"}],"version-history":[{"count":2,"href":"https:\/\/fiorentini-iberia.com\/ca\/wp-json\/wp\/v2\/pages\/50294\/revisions"}],"predecessor-version":[{"id":50302,"href":"https:\/\/fiorentini-iberia.com\/ca\/wp-json\/wp\/v2\/pages\/50294\/revisions\/50302"}],"up":[{"embeddable":true,"href":"https:\/\/fiorentini-iberia.com\/ca\/wp-json\/wp\/v2\/pages\/50136"}],"wp:attachment":[{"href":"https:\/\/fiorentini-iberia.com\/ca\/wp-json\/wp\/v2\/media?parent=50294"}],"curies":[{"name":"wp","href":"https:\/\/api.w.org\/{rel}","templated":true}]}}