{"id":50244,"date":"2023-12-13T14:25:35","date_gmt":"2023-12-13T13:25:35","guid":{"rendered":"https:\/\/www.fiorentini-iberia.com\/experiencia\/hidrogen\/el-viaje-del-hidrogeno-pf\/"},"modified":"2024-06-07T14:36:18","modified_gmt":"2024-06-07T12:36:18","slug":"el-viatge-de-lhidrogen-pf","status":"publish","type":"page","link":"https:\/\/fiorentini-iberia.com\/ca\/experiencia\/hidrogen\/el-viatge-de-lhidrogen-pf\/","title":{"rendered":"El viatge de l\u2019hidrogen PF"},"content":{"rendered":"\n<h2 class=\"wp-block-heading\"><strong>La contribuci\u00f3 de Pietro Fiorentini a la cadena de l\u2019hidrogen<\/strong><\/h2>\n\n\n\n<div style=\"height:32px\" aria-hidden=\"true\" class=\"wp-block-spacer\"><\/div>\n\n\n<div class=\"wp-block-image\">\n<figure class=\"aligncenter size-full\"><img loading=\"lazy\" decoding=\"async\" width=\"1670\" height=\"699\" src=\"https:\/\/www.fiorentini-iberia.com\/wp-content\/uploads\/2023\/12\/RENEWABLES_h2_pipeline_regulator-1.jpg\" alt=\"\" class=\"wp-image-29302\" srcset=\"https:\/\/fiorentini-iberia.com\/wp-content\/uploads\/2023\/12\/RENEWABLES_h2_pipeline_regulator-1.jpg 1670w, https:\/\/fiorentini-iberia.com\/wp-content\/uploads\/2023\/12\/RENEWABLES_h2_pipeline_regulator-1-300x126.jpg 300w, https:\/\/fiorentini-iberia.com\/wp-content\/uploads\/2023\/12\/RENEWABLES_h2_pipeline_regulator-1-1024x429.jpg 1024w, https:\/\/fiorentini-iberia.com\/wp-content\/uploads\/2023\/12\/RENEWABLES_h2_pipeline_regulator-1-768x321.jpg 768w, https:\/\/fiorentini-iberia.com\/wp-content\/uploads\/2023\/12\/RENEWABLES_h2_pipeline_regulator-1-1536x643.jpg 1536w\" sizes=\"auto, (max-width: 1670px) 100vw, 1670px\" \/><\/figure>\n<\/div>\n\n\n<div style=\"height:32px\" aria-hidden=\"true\" class=\"wp-block-spacer\"><\/div>\n\n\n\n<p>Pietro Fiorentini va comen\u00e7ar el seu<em> viatge en el m\u00f3n de l\u2019hidrogen <\/em>el desembre del 2018, despr\u00e9s d\u2019assistir a la confer\u00e8ncia del projecte <a href=\"https:\/\/www.hy4heat.info\/\" target=\"_blank\" rel=\"noreferrer noopener\">Hy4Heat<\/a> a Londres. El Regne Unit t\u00e9 com a&nbsp;objectiu declarat independitzar-se dels combustibles f\u00f2ssils i <strong>aconseguir zero emissions netes de gasos d\u2019efecte hivernacle<\/strong> pel 2050. El projecte Hy4Heat vol verificar la seguretat i la viabilitat t\u00e8cnico-econ\u00f2mica de substituir el gas met\u00e0 per l\u2019hidrogen al 100 % a les xarxes dom\u00e8stiques i industrials.<\/p>\n\n\n\n<p>El pla es divideix en deu paquets de treball, que s\u2019assignen a les empreses per mitj\u00e0 de concursos p\u00fablics. <strong>Pietro Fiorentini va participar a les licitacions i lo van ser adjudicats dos paquets de treball<\/strong>: un pel desenvolupament d\u2019un comptador dom\u00e8stic i l\u2019altre pel desenvolupament de sistemes auxiliars abans del comptador (estabilitzador de pressi\u00f3, v\u00e0lvula de tancament, v\u00e0lvula d\u2019exc\u00e9s de cabal). Els dos projectes van permetre que la nostra empresa adquir\u00eds coneixements t\u00e8cnics i confirm\u00e9s la seva pres\u00e8ncia en el mercat emergent de l\u2019hidrogen.<\/p>\n\n\n\n<p><a href=\"https:\/\/www.fiorentini.com\/en\/news\/uk-hy4heat-programme-hydrogen-smart-meters-and-components-for-domestic-use-will-be-provided-by-pietro-fiorentini\/\" target=\"_blank\" rel=\"noreferrer noopener\">El programa Hy4Heat del Regne Unit: els comptadors intel\u00b7ligents d\u2019hidrogen i els components per \u00fas dom\u00e8stic portaran el nom de Pietro Fiorentini<\/a><\/p>\n\n\n\n<div style=\"height:32px\" aria-hidden=\"true\" class=\"wp-block-spacer\"><\/div>\n\n\n<div class=\"wp-block-image is-resized\">\n<figure class=\"aligncenter size-full\"><img loading=\"lazy\" decoding=\"async\" width=\"951\" height=\"943\" src=\"https:\/\/www.fiorentini-iberia.com\/wp-content\/uploads\/2023\/12\/Expertise_Idrogeno_Contatore2.jpg\" alt=\"\" class=\"wp-image-29306\" srcset=\"https:\/\/fiorentini-iberia.com\/wp-content\/uploads\/2023\/12\/Expertise_Idrogeno_Contatore2.jpg 951w, https:\/\/fiorentini-iberia.com\/wp-content\/uploads\/2023\/12\/Expertise_Idrogeno_Contatore2-300x297.jpg 300w, https:\/\/fiorentini-iberia.com\/wp-content\/uploads\/2023\/12\/Expertise_Idrogeno_Contatore2-150x150.jpg 150w, https:\/\/fiorentini-iberia.com\/wp-content\/uploads\/2023\/12\/Expertise_Idrogeno_Contatore2-768x762.jpg 768w\" sizes=\"auto, (max-width: 951px) 100vw, 951px\" \/><\/figure>\n<\/div>\n\n\n<p class=\"has-text-align-center\"><em><em><em>El prototip de comptador intel\u00b7ligent d\u2019hidrogen de Pietro Fiorentini <\/em><\/em><\/em><\/p>\n\n\n\n<div style=\"height:32px\" aria-hidden=\"true\" class=\"wp-block-spacer\"><\/div>\n\n\n\n<p>El juliol de 2020, Pietro Fiorentini es va adjudicar una altra licitaci\u00f3 en territori anglosax\u00f3, en el marc del projecto H21 de la ciutat de Leeds, pel subministrament d\u2019una <strong>estaci\u00f3 de reducci\u00f3 de pressi\u00f3 per una l\u00ednia alimentada al 100 % amb hidrogen<\/strong>, utilitzada al centro de proves de Spadeadam.<\/p>\n\n\n\n<p><a href=\"https:\/\/www.h21.green\/about\/\" target=\"_blank\" rel=\"noreferrer noopener\">El projecte H21 Leeds City Gate<\/a><\/p>\n\n\n\n<p><a href=\"https:\/\/news.sky.com\/story\/fuel-of-the-future-inside-the-uks-first-hydrogen-powered-homes-12287892\" target=\"_blank\" rel=\"noreferrer noopener\">L\u2019estaci\u00f3 del projecte H21<\/a><\/p>\n\n\n\n<p>A It\u00e0lia, per respondre cient\u00edficament a las demandes del mercat, Pietro Fiorentini treballa constantment en la qualificaci\u00f3 des seus productes per un \u00fas amb mescles creixents d\u2019hidrogen. Duu a terme <strong>importants col\u00b7laboracions amb universitats como el <\/strong><a href=\"https:\/\/polilapp.chem.polimi.it\/\" target=\"_blank\" rel=\"noreferrer noopener\"><strong>PoliMi<\/strong><\/a> per estudiar la compatibilitat dels materials i combina l\u2019estudi bibliogr\u00e0fic amb assajos sobre els materials tant als millors laboratoris especialitzats d\u2019Europa com a les instal\u00b7lacions d\u2019empreses.<\/p>\n\n\n\n<p>Des del maig de 2021, Pietro Fiorentini \u00e9s membre de la <a href=\"https:\/\/ec.europa.eu\/growth\/industry\/policy\/european-clean-hydrogen-alliance_en\" target=\"_blank\" rel=\"noreferrer noopener\"><strong>European Clean Hydrogen Alliance<\/strong><\/a><strong>, <\/strong>creada per la Direcci\u00f3 General de Mercat Interior, Ind\u00fastria, Emprenedoria i PIMEs de la Comissi\u00f3 Europea. Aquesta Alian\u00e7a reuneix a totes les parts interessades que vulguin contribuir al desenvolupament d\u2019una cadena de subministrament d\u2019hidrogen que pugui ajudar els Estats membres de la UE a assolir els objectius d\u2019emissi\u00f3 neta zero de gasos d\u2019efecte hivernacle fixats pel <a href=\"https:\/\/ec.europa.eu\/info\/strategy\/priorities-2019-2024\/european-green-deal_it\" target=\"_blank\" rel=\"noreferrer noopener\"><strong>Pacte Verd<\/strong><\/a> Europeu. Essent-ne membre, Pietro Fiorentini \u00a0participa a les taules rodones dedicades als temes de<strong> producci\u00f3, transport i distribuci\u00f3 d\u2019hidrogen net <\/strong>i les seves aplicacions als sectors industrial i residencial i energia i mobilitat.<\/p>\n\n\n\n<p><a href=\"https:\/\/www.fiorentini.com\/en\/news\/pietro-fiorentini-joins-the-european-clean-hydrogen-alliance\/\" target=\"_blank\" rel=\"noreferrer noopener\">Pietro Fiorentini s\u2019uneix a la European Clean Hydrogen Alliance<\/a><\/p>\n\n\n\n<p>A m\u00e9s, <strong>Pietro Fiorentini<\/strong> participa activament a les principals taules de treball italianes i europees en l\u2019\u00e0mbit de l\u2019hidrogen com <a href=\"https:\/\/hydrogeneurope.eu\/\" target=\"_blank\" rel=\"noreferrer noopener\"><strong>Hydrogen Europe<\/strong><\/a>, <a href=\"https:\/\/www.fondazionepolitecnico.it\/progetti\/hydrogen-jrp\/\" target=\"_blank\" rel=\"noreferrer noopener\"><strong>H2IT<\/strong><\/a> i <a href=\"https:\/\/www.fondazionepolitecnico.it\/progetti\/hydrogen-jrp\/\" target=\"_blank\" rel=\"noreferrer noopener\"><strong>Hydrogen Joint Research Platform<\/strong><\/a>. Aquestes associacions pretenen promoure que avanci el coneixement i l\u2019estudi de les disciplines relacionades amb les tecnologies i sistemes de producci\u00f3 i \u00fas de l\u2019hidrogen i obrir un di\u00e0leg permanent amb les parts interessades del sector per recolzar els organismes governamentals en la definici\u00f3 de pol\u00edtiques que permetin la transici\u00f3 energ\u00e8tica.<\/p>\n\n\n\n<div style=\"height:32px\" aria-hidden=\"true\" class=\"wp-block-spacer\"><\/div>\n\n\n\n<h3 class=\"wp-block-heading\"><strong><strong><strong>Al centre de l\u2019experimentaci\u00f3<\/strong><\/strong><\/strong><\/h3>\n\n\n\n<p>En els darrers mesos Pietro Fiorentini ha intensificat la seva estrat\u00e8gia de col\u00b7laboraci\u00f3 amb els principals centres d\u2019assaig europeus per verificar la idone\u00eftat dels seus productes, sobretot en aspectes de medici\u00f3, ja que en un context de mescla de diversos gasos jugaran un paper estrat\u00e8gic.<\/p>\n\n\n\n<p>Malgrat que els organismes certificadors i les empreses estan fent els primers passos per regular el sector de l\u2019hidrogen en un marc d\u2019incertesa normativa, l\u201911 de juliol de 2022 Pietro Fiorentini va veure com el seu regulador de pressi\u00f3 de gas <a href=\"https:\/\/www.fiorentini-iberia.com\/ca\/solutions\/mod-fe\/\"><strong>Mod. FE<\/strong><\/a> obtenia <strong>la certificaci\u00f3 per \u00fas en mescles amb fins un 20 % d\u2019hidrogen<\/strong>. L\u2019organisme de certificaci\u00f3 \u00e9s <a href=\"https:\/\/www.bureauveritas.it\/\" target=\"_blank\" rel=\"noreferrer noopener\"><strong>Bureau Veritas<\/strong><\/a><strong>, <\/strong>una empresa l\u00edder mundial en serveis d\u2019inspecci\u00f3, avaluaci\u00f3 de la conformitat i certificaci\u00f3.<\/p>\n\n\n\n<p><a href=\"https:\/\/www.fiorentini-iberia.com\/ca\/noticies\/el-regulador-fe-de-pietro-fiorentini-certificat-per-a-hidrogen-per-bureau-veritas\/\">El regulador Mod.&nbsp; FE de Pietro Fiorentini rep el certificat per hidrogen amb Bureau Veritas<\/a><\/p>\n\n\n\n<p>El 20 d\u2019octubre de 2022 es va inaugurar el nou laboratori de proves d\u2019hidrogen a la seu d\u2019Arcugnano (Vicenza). \u00c9s un <strong>centre d\u2019innovaci\u00f3 totalment dedicat a l\u2019estudi de projectes relacionats amb l\u2019hidrogen <\/strong>i aspira a convertir-se en un centre d\u2019excel\u00b7l\u00e8ncia pel pa\u00eds.<\/p>\n\n\n\n<p><a href=\"https:\/\/www.fiorentini.com\/en\/expertise\/hydrogen\/pietro-fiorentinis-hydrogen-innovation-lab\/\" target=\"_blank\" rel=\"noreferrer noopener\">Laboratori H2 de Pietro Fiorentini<\/a><\/p>\n\n\n\n<p>A m\u00e9s dels experiments de laboratori, Pietro Fiorentini tamb\u00e9 participa activament en els primers assajos de camp: \u00e9s <strong>soci industrial d\u2019Inrete Distribuzione Energia<\/strong>, empresa del <a href=\"https:\/\/www.gruppohera.it\/\" target=\"_blank\" rel=\"noreferrer noopener\">Grup Hera<\/a>, en un projecte que ha suposat la <strong>introducci\u00f3 de l\u2019hidrogen en una xarxa de distribuci\u00f3 de gas urb\u00e0<\/strong> a Castelfranco Emilia (MO). Els productes implicats en aquest projecte s\u00f3n el comptador <a href=\"https:\/\/www.gruppohera.it\/-\/nexmeter-il-contatore-gas-smart-tra-innovazione-e-sicurezza\" target=\"_blank\" rel=\"noreferrer noopener\"><strong>NexMeter<\/strong><\/a>&nbsp;(\u00fanic comptador del mercat itali\u00e0 que ja permet mesurar mescles de met\u00e0 i hidrogen) &nbsp;i l\u2019<a href=\"https:\/\/www.rainews.it\/tgr\/emiliaromagna\/video\/2022\/11\/watchfolder-tgr-emilia-romagna-web-pini-tg-14-castelfranco-idrogenomxf-3bf32904-e5d8-442b-9ea1-43ae4d39e7b9.html?wt_mc=2.www.wzp.rainews24\" target=\"_blank\" rel=\"noreferrer noopener\"><strong>estaci\u00f3 de reducci\u00f3 i medici\u00f3<\/strong><\/a> a la zona de Castelfranco Emilia, visible en el <a href=\"https:\/\/www.rainews.it\/tgr\/emiliaromagna\/video\/2022\/11\/watchfolder-tgr-emilia-romagna-web-pini-tg-14-castelfranco-idrogenomxf-3bf32904-e5d8-442b-9ea1-43ae4d39e7b9.html?wt_mc=2.www.wzp.rainews24\"><strong>servei del TGR Emilia<\/strong><\/a> (minut 0:35).<\/p>\n\n\n\n<p><a href=\"https:\/\/www.fiorentini.com\/en\/news\/hydrogen-for-civil-use-pietro-fiorentini-participates-with-hera-group-in-the-first-italian-experimentation\/\" target=\"_blank\" rel=\"noreferrer noopener\">Hidrogen per \u00fas civil: Pietro Fiorentini participa amb el Grup Hera en la primera prova nacional<\/a><\/p>\n","protected":false},"excerpt":{"rendered":"<p>L\u2019hidrogen \u00e9s un dels grans protagonistes de la transici\u00f3 energ\u00e8tica i Pietro Fiorentini vol posar la seva experi\u00e8ncia al servei de la societat mitjan\u00e7ant la participaci\u00f3 i el desenvolupament de nous projectes a It\u00e0lia i a l\u2019estranger, la pertinen\u00e7a a les principals taules del sector i la realitzaci\u00f3 d\u2019 experiments per comprovar la idone\u00eftat dels dispositius.<\/p>\n","protected":false},"author":15,"featured_media":50245,"parent":50126,"menu_order":0,"comment_status":"closed","ping_status":"closed","template":"template-expertise-post.php","meta":{"_acf_changed":false,"inline_featured_image":false,"footnotes":""},"class_list":["post-50244","page","type-page","status-publish","has-post-thumbnail","hentry"],"acf":[],"yoast_head":"<!-- This site is optimized with the Yoast SEO plugin v27.2 - https:\/\/yoast.com\/product\/yoast-seo-wordpress\/ -->\n<title>El viatge de l\u2019hidrogen PF - Pietro Fiorentini<\/title>\n<meta name=\"description\" content=\"L\u2019hidrogen \u00e9s un dels grans protagonistes de la transici\u00f3 energ\u00e8tica i Pietro Fiorentini vol posar la seva experi\u00e8ncia al servei de la societat.\" \/>\n<meta name=\"robots\" content=\"index, follow, max-snippet:-1, max-image-preview:large, max-video-preview:-1\" \/>\n<link rel=\"canonical\" href=\"https:\/\/fiorentini-iberia.com\/ca\/experiencia\/hidrogen\/el-viatge-de-lhidrogen-pf\/\" \/>\n<meta property=\"og:locale\" content=\"ca_ES\" \/>\n<meta property=\"og:type\" content=\"article\" \/>\n<meta property=\"og:title\" content=\"El viatge de l\u2019hidrogen PF - Pietro Fiorentini\" \/>\n<meta property=\"og:description\" content=\"L\u2019hidrogen \u00e9s un dels grans protagonistes de la transici\u00f3 energ\u00e8tica i Pietro Fiorentini vol posar la seva experi\u00e8ncia al servei de la societat.\" \/>\n<meta property=\"og:url\" content=\"https:\/\/fiorentini-iberia.com\/ca\/experiencia\/hidrogen\/el-viatge-de-lhidrogen-pf\/\" \/>\n<meta property=\"og:site_name\" content=\"Pietro Fiorentini\" \/>\n<meta property=\"article:modified_time\" content=\"2024-06-07T12:36:18+00:00\" \/>\n<meta property=\"og:image\" content=\"https:\/\/www.fiorentini-iberia.com\/wp-content\/uploads\/2023\/12\/RENEWABLES_h2_pipeline_regulator-1.jpg\" \/>\n\t<meta property=\"og:image:width\" content=\"1670\" \/>\n\t<meta property=\"og:image:height\" content=\"699\" \/>\n\t<meta property=\"og:image:type\" content=\"image\/jpeg\" \/>\n<meta name=\"twitter:card\" content=\"summary_large_image\" \/>\n<meta name=\"twitter:site\" content=\"@FiorentiniSpa\" \/>\n<meta name=\"twitter:label1\" content=\"Temps estimat de lectura\" \/>\n\t<meta name=\"twitter:data1\" content=\"5 minuts\" \/>\n<script type=\"application\/ld+json\" class=\"yoast-schema-graph\">{\"@context\":\"https:\/\/schema.org\",\"@graph\":[{\"@type\":\"WebPage\",\"@id\":\"https:\/\/fiorentini-iberia.com\/ca\/experiencia\/hidrogen\/el-viatge-de-lhidrogen-pf\/\",\"url\":\"https:\/\/fiorentini-iberia.com\/ca\/experiencia\/hidrogen\/el-viatge-de-lhidrogen-pf\/\",\"name\":\"El viatge de l\u2019hidrogen PF - Pietro Fiorentini\",\"isPartOf\":{\"@id\":\"https:\/\/www.fiorentini-iberia.com\/ca\/#website\"},\"primaryImageOfPage\":{\"@id\":\"https:\/\/fiorentini-iberia.com\/ca\/experiencia\/hidrogen\/el-viatge-de-lhidrogen-pf\/#primaryimage\"},\"image\":{\"@id\":\"https:\/\/fiorentini-iberia.com\/ca\/experiencia\/hidrogen\/el-viatge-de-lhidrogen-pf\/#primaryimage\"},\"thumbnailUrl\":\"https:\/\/fiorentini-iberia.com\/wp-content\/uploads\/2023\/12\/RENEWABLES_h2_pipeline_regulator-1.jpg\",\"datePublished\":\"2023-12-13T13:25:35+00:00\",\"dateModified\":\"2024-06-07T12:36:18+00:00\",\"description\":\"L\u2019hidrogen \u00e9s un dels grans protagonistes de la transici\u00f3 energ\u00e8tica i Pietro Fiorentini vol posar la seva experi\u00e8ncia al servei de la societat.\",\"breadcrumb\":{\"@id\":\"https:\/\/fiorentini-iberia.com\/ca\/experiencia\/hidrogen\/el-viatge-de-lhidrogen-pf\/#breadcrumb\"},\"inLanguage\":\"ca\",\"potentialAction\":[{\"@type\":\"ReadAction\",\"target\":[\"https:\/\/fiorentini-iberia.com\/ca\/experiencia\/hidrogen\/el-viatge-de-lhidrogen-pf\/\"]}]},{\"@type\":\"ImageObject\",\"inLanguage\":\"ca\",\"@id\":\"https:\/\/fiorentini-iberia.com\/ca\/experiencia\/hidrogen\/el-viatge-de-lhidrogen-pf\/#primaryimage\",\"url\":\"https:\/\/fiorentini-iberia.com\/wp-content\/uploads\/2023\/12\/RENEWABLES_h2_pipeline_regulator-1.jpg\",\"contentUrl\":\"https:\/\/fiorentini-iberia.com\/wp-content\/uploads\/2023\/12\/RENEWABLES_h2_pipeline_regulator-1.jpg\",\"width\":1670,\"height\":699},{\"@type\":\"BreadcrumbList\",\"@id\":\"https:\/\/fiorentini-iberia.com\/ca\/experiencia\/hidrogen\/el-viatge-de-lhidrogen-pf\/#breadcrumb\",\"itemListElement\":[{\"@type\":\"ListItem\",\"position\":1,\"name\":\"Home\",\"item\":\"https:\/\/www.fiorentini-iberia.com\/ca\/\"},{\"@type\":\"ListItem\",\"position\":2,\"name\":\"Experi\u00e8ncia\",\"item\":\"https:\/\/www.fiorentini-iberia.com\/ca\/experiencia\/\"},{\"@type\":\"ListItem\",\"position\":3,\"name\":\"Hidrogen\",\"item\":\"https:\/\/www.fiorentini-iberia.com\/ca\/experiencia\/hidrogen\/\"},{\"@type\":\"ListItem\",\"position\":4,\"name\":\"El viatge de l\u2019hidrogen PF\"}]},{\"@type\":\"WebSite\",\"@id\":\"https:\/\/www.fiorentini-iberia.com\/ca\/#website\",\"url\":\"https:\/\/www.fiorentini-iberia.com\/ca\/\",\"name\":\"Pietro Fiorentini Iberia\",\"description\":\"Pietro Fiorentini dise\u00f1a y fabrica componentes, sistemas y servicios para la regulaci\u00f3n, medici\u00f3n, gesti\u00f3n de redes de agua, energ\u00edas renovables, petr\u00f3leo y el gas natural, con sistemas adaptados 100% al hidr\u00f3geno.\",\"publisher\":{\"@id\":\"https:\/\/www.fiorentini-iberia.com\/ca\/#organization\"},\"potentialAction\":[{\"@type\":\"SearchAction\",\"target\":{\"@type\":\"EntryPoint\",\"urlTemplate\":\"https:\/\/www.fiorentini-iberia.com\/ca\/?s={search_term_string}\"},\"query-input\":{\"@type\":\"PropertyValueSpecification\",\"valueRequired\":true,\"valueName\":\"search_term_string\"}}],\"inLanguage\":\"ca\"},{\"@type\":\"Organization\",\"@id\":\"https:\/\/www.fiorentini-iberia.com\/ca\/#organization\",\"name\":\"Pietro Fiorentini Iberia\",\"url\":\"https:\/\/www.fiorentini-iberia.com\/ca\/\",\"logo\":{\"@type\":\"ImageObject\",\"inLanguage\":\"ca\",\"@id\":\"https:\/\/www.fiorentini-iberia.com\/ca\/#\/schema\/logo\/image\/\",\"url\":\"https:\/\/fiorentini-iberia.com\/wp-content\/uploads\/2020\/11\/logo.svg\",\"contentUrl\":\"https:\/\/fiorentini-iberia.com\/wp-content\/uploads\/2020\/11\/logo.svg\",\"width\":227,\"height\":59,\"caption\":\"Pietro Fiorentini Iberia\"},\"image\":{\"@id\":\"https:\/\/www.fiorentini-iberia.com\/ca\/#\/schema\/logo\/image\/\"},\"sameAs\":[\"https:\/\/x.com\/FiorentiniSpa\",\"https:\/\/www.linkedin.com\/company\/pietro-fiorentini-iberia\/\"]}]}<\/script>\n<!-- \/ Yoast SEO plugin. -->","yoast_head_json":{"title":"El viatge de l\u2019hidrogen PF - Pietro Fiorentini","description":"L\u2019hidrogen \u00e9s un dels grans protagonistes de la transici\u00f3 energ\u00e8tica i Pietro Fiorentini vol posar la seva experi\u00e8ncia al servei de la societat.","robots":{"index":"index","follow":"follow","max-snippet":"max-snippet:-1","max-image-preview":"max-image-preview:large","max-video-preview":"max-video-preview:-1"},"canonical":"https:\/\/fiorentini-iberia.com\/ca\/experiencia\/hidrogen\/el-viatge-de-lhidrogen-pf\/","og_locale":"ca_ES","og_type":"article","og_title":"El viatge de l\u2019hidrogen PF - Pietro Fiorentini","og_description":"L\u2019hidrogen \u00e9s un dels grans protagonistes de la transici\u00f3 energ\u00e8tica i Pietro Fiorentini vol posar la seva experi\u00e8ncia al servei de la societat.","og_url":"https:\/\/fiorentini-iberia.com\/ca\/experiencia\/hidrogen\/el-viatge-de-lhidrogen-pf\/","og_site_name":"Pietro Fiorentini","article_modified_time":"2024-06-07T12:36:18+00:00","og_image":[{"width":1670,"height":699,"url":"https:\/\/www.fiorentini-iberia.com\/wp-content\/uploads\/2023\/12\/RENEWABLES_h2_pipeline_regulator-1.jpg","type":"image\/jpeg"}],"twitter_card":"summary_large_image","twitter_site":"@FiorentiniSpa","twitter_misc":{"Temps estimat de lectura":"5 minuts"},"schema":{"@context":"https:\/\/schema.org","@graph":[{"@type":"WebPage","@id":"https:\/\/fiorentini-iberia.com\/ca\/experiencia\/hidrogen\/el-viatge-de-lhidrogen-pf\/","url":"https:\/\/fiorentini-iberia.com\/ca\/experiencia\/hidrogen\/el-viatge-de-lhidrogen-pf\/","name":"El viatge de l\u2019hidrogen PF - Pietro Fiorentini","isPartOf":{"@id":"https:\/\/www.fiorentini-iberia.com\/ca\/#website"},"primaryImageOfPage":{"@id":"https:\/\/fiorentini-iberia.com\/ca\/experiencia\/hidrogen\/el-viatge-de-lhidrogen-pf\/#primaryimage"},"image":{"@id":"https:\/\/fiorentini-iberia.com\/ca\/experiencia\/hidrogen\/el-viatge-de-lhidrogen-pf\/#primaryimage"},"thumbnailUrl":"https:\/\/fiorentini-iberia.com\/wp-content\/uploads\/2023\/12\/RENEWABLES_h2_pipeline_regulator-1.jpg","datePublished":"2023-12-13T13:25:35+00:00","dateModified":"2024-06-07T12:36:18+00:00","description":"L\u2019hidrogen \u00e9s un dels grans protagonistes de la transici\u00f3 energ\u00e8tica i Pietro Fiorentini vol posar la seva experi\u00e8ncia al servei de la societat.","breadcrumb":{"@id":"https:\/\/fiorentini-iberia.com\/ca\/experiencia\/hidrogen\/el-viatge-de-lhidrogen-pf\/#breadcrumb"},"inLanguage":"ca","potentialAction":[{"@type":"ReadAction","target":["https:\/\/fiorentini-iberia.com\/ca\/experiencia\/hidrogen\/el-viatge-de-lhidrogen-pf\/"]}]},{"@type":"ImageObject","inLanguage":"ca","@id":"https:\/\/fiorentini-iberia.com\/ca\/experiencia\/hidrogen\/el-viatge-de-lhidrogen-pf\/#primaryimage","url":"https:\/\/fiorentini-iberia.com\/wp-content\/uploads\/2023\/12\/RENEWABLES_h2_pipeline_regulator-1.jpg","contentUrl":"https:\/\/fiorentini-iberia.com\/wp-content\/uploads\/2023\/12\/RENEWABLES_h2_pipeline_regulator-1.jpg","width":1670,"height":699},{"@type":"BreadcrumbList","@id":"https:\/\/fiorentini-iberia.com\/ca\/experiencia\/hidrogen\/el-viatge-de-lhidrogen-pf\/#breadcrumb","itemListElement":[{"@type":"ListItem","position":1,"name":"Home","item":"https:\/\/www.fiorentini-iberia.com\/ca\/"},{"@type":"ListItem","position":2,"name":"Experi\u00e8ncia","item":"https:\/\/www.fiorentini-iberia.com\/ca\/experiencia\/"},{"@type":"ListItem","position":3,"name":"Hidrogen","item":"https:\/\/www.fiorentini-iberia.com\/ca\/experiencia\/hidrogen\/"},{"@type":"ListItem","position":4,"name":"El viatge de l\u2019hidrogen PF"}]},{"@type":"WebSite","@id":"https:\/\/www.fiorentini-iberia.com\/ca\/#website","url":"https:\/\/www.fiorentini-iberia.com\/ca\/","name":"Pietro Fiorentini Iberia","description":"Pietro Fiorentini dise\u00f1a y fabrica componentes, sistemas y servicios para la regulaci\u00f3n, medici\u00f3n, gesti\u00f3n de redes de agua, energ\u00edas renovables, petr\u00f3leo y el gas natural, con sistemas adaptados 100% al hidr\u00f3geno.","publisher":{"@id":"https:\/\/www.fiorentini-iberia.com\/ca\/#organization"},"potentialAction":[{"@type":"SearchAction","target":{"@type":"EntryPoint","urlTemplate":"https:\/\/www.fiorentini-iberia.com\/ca\/?s={search_term_string}"},"query-input":{"@type":"PropertyValueSpecification","valueRequired":true,"valueName":"search_term_string"}}],"inLanguage":"ca"},{"@type":"Organization","@id":"https:\/\/www.fiorentini-iberia.com\/ca\/#organization","name":"Pietro Fiorentini Iberia","url":"https:\/\/www.fiorentini-iberia.com\/ca\/","logo":{"@type":"ImageObject","inLanguage":"ca","@id":"https:\/\/www.fiorentini-iberia.com\/ca\/#\/schema\/logo\/image\/","url":"https:\/\/fiorentini-iberia.com\/wp-content\/uploads\/2020\/11\/logo.svg","contentUrl":"https:\/\/fiorentini-iberia.com\/wp-content\/uploads\/2020\/11\/logo.svg","width":227,"height":59,"caption":"Pietro Fiorentini Iberia"},"image":{"@id":"https:\/\/www.fiorentini-iberia.com\/ca\/#\/schema\/logo\/image\/"},"sameAs":["https:\/\/x.com\/FiorentiniSpa","https:\/\/www.linkedin.com\/company\/pietro-fiorentini-iberia\/"]}]}},"_links":{"self":[{"href":"https:\/\/fiorentini-iberia.com\/ca\/wp-json\/wp\/v2\/pages\/50244","targetHints":{"allow":["GET"]}}],"collection":[{"href":"https:\/\/fiorentini-iberia.com\/ca\/wp-json\/wp\/v2\/pages"}],"about":[{"href":"https:\/\/fiorentini-iberia.com\/ca\/wp-json\/wp\/v2\/types\/page"}],"author":[{"embeddable":true,"href":"https:\/\/fiorentini-iberia.com\/ca\/wp-json\/wp\/v2\/users\/15"}],"replies":[{"embeddable":true,"href":"https:\/\/fiorentini-iberia.com\/ca\/wp-json\/wp\/v2\/comments?post=50244"}],"version-history":[{"count":3,"href":"https:\/\/fiorentini-iberia.com\/ca\/wp-json\/wp\/v2\/pages\/50244\/revisions"}],"predecessor-version":[{"id":54638,"href":"https:\/\/fiorentini-iberia.com\/ca\/wp-json\/wp\/v2\/pages\/50244\/revisions\/54638"}],"up":[{"embeddable":true,"href":"https:\/\/fiorentini-iberia.com\/ca\/wp-json\/wp\/v2\/pages\/50126"}],"wp:featuredmedia":[{"embeddable":true,"href":"https:\/\/fiorentini-iberia.com\/ca\/wp-json\/wp\/v2\/media\/50245"}],"wp:attachment":[{"href":"https:\/\/fiorentini-iberia.com\/ca\/wp-json\/wp\/v2\/media?parent=50244"}],"curies":[{"name":"wp","href":"https:\/\/api.w.org\/{rel}","templated":true}]}}