{"id":50176,"date":"2024-02-21T12:40:54","date_gmt":"2024-02-21T11:40:54","guid":{"rendered":"https:\/\/www.fiorentini-iberia.com\/experiencia\/aigua\/digitalizacion-del-ciclo-del-agua\/"},"modified":"2024-06-10T12:29:13","modified_gmt":"2024-06-10T10:29:13","slug":"digitalizacio-del-cicle-de-laigua","status":"publish","type":"page","link":"https:\/\/fiorentini-iberia.com\/ca\/experiencia\/aigua\/digitalizacio-del-cicle-de-laigua\/","title":{"rendered":"Digitalizaci\u00f3 del cicle de l&#8217;aigua"},"content":{"rendered":"\n<p><strong>En el cicle de l&#8217;aigua coexisteixen un gran nombre de sistemes diferents i complexos<\/strong>, que requereixen milers de punts de control i instal\u00b7lacions senzilles de v\u00e0lvules o sensors. Per tant, les eines d&#8217;automatitzaci\u00f3 (PLC,&nbsp;SCADA,&nbsp;DCS)&nbsp;i els sistemes de control remot han d&#8217;estar totalment integrats per a una gesti\u00f3 efica\u00e7 del servei.<\/p>\n\n\n\n<p>L&#8217;aplicaci\u00f3 de la <strong>tecnologia\u00a0IoT<\/strong>\u00a0permet la difusi\u00f3 generalitzada de sensors i la disponibilitat d&#8217;informaci\u00f3 accessible des del n\u00favol.<\/p>\n\n\n\n<p>El <strong>Grup Pietro Fiorentini<\/strong> ofereix, de la m\u00e0 de la seva companyia <strong><a href=\"https:\/\/www.fiorentini-iberia.com\/ca\/grup-pietro-fiorentini\/empreses-i-marques-del-grup-pietro-fiorentini\/#terranova\">Terranova<\/a><\/strong>, les <strong><a href=\"https:\/\/www.fiorentini-iberia.com\/ca\/experiencia\/smart-gas-grids\/\">solucions de <strong>software<\/strong> TAMM<\/a><\/strong>, un sistema multiservei dissenyat per a automatitzar els processos de telemetria i telegesti\u00f3 de comptadors de Gas, Electricitat i Aigua <strong>en totes les fases del proc\u00e9s<\/strong>, evitant els problemes de solapament i integraci\u00f3 que sorgeixen en haver de dependre de diferents socis, per\u00f2 tamb\u00e9 flexibles a l&#8217;hora d&#8217;oferir solucions espec\u00edfiques per a necessitats concretes.<\/p>\n\n\n\n<p>Els productes i serveis<strong> s&#8217;integren sin\u00e8rgicament<\/strong> entre si, <strong>augmentant aix\u00ed el rendiment i l&#8217;efic\u00e0cia<\/strong> en benefici total del client.<\/p>\n\n\n\n<figure class=\"wp-block-embed is-type-video is-provider-youtube wp-block-embed-youtube wp-embed-aspect-16-9 wp-has-aspect-ratio\"><div class=\"wp-block-embed__wrapper\">\n<iframe loading=\"lazy\" title=\"Leading Innovation for Sustainable Water\" width=\"500\" height=\"281\" src=\"https:\/\/www.youtube.com\/embed\/KZnretHzdmQ?feature=oembed\" frameborder=\"0\" allow=\"accelerometer; autoplay; clipboard-write; encrypted-media; gyroscope; picture-in-picture; web-share\" referrerpolicy=\"strict-origin-when-cross-origin\" allowfullscreen><\/iframe>\n<\/div><\/figure>\n\n\n\n<figure class=\"wp-block-image size-full\"><img loading=\"lazy\" decoding=\"async\" width=\"1024\" height=\"551\" src=\"https:\/\/www.fiorentini-iberia.com\/wp-content\/uploads\/2024\/03\/Digitalizing_water_cycle-1024x551-CAT.jpg\" alt=\"\" class=\"wp-image-50178\" srcset=\"https:\/\/fiorentini-iberia.com\/wp-content\/uploads\/2024\/03\/Digitalizing_water_cycle-1024x551-CAT.jpg 1024w, https:\/\/fiorentini-iberia.com\/wp-content\/uploads\/2024\/03\/Digitalizing_water_cycle-1024x551-CAT-300x161.jpg 300w, https:\/\/fiorentini-iberia.com\/wp-content\/uploads\/2024\/03\/Digitalizing_water_cycle-1024x551-CAT-768x413.jpg 768w\" sizes=\"auto, (max-width: 1024px) 100vw, 1024px\" \/><\/figure>\n","protected":false},"excerpt":{"rendered":"<p>En el cicle de l&#8217;aigua coexisteixen un gran nombre de sistemes complexos, que requereixen milers de punts de control, i instal\u00b7lacions senzilles de v\u00e0lvules o sensors, caracteritzades per un n\u00famero limitat per\u00f2 important de senyals. L&#8217;aplicaci\u00f3 de la tecnologia de lots permet la gesti\u00f3 estrat\u00e8gica del cicle de l&#8217;aigua.<\/p>\n","protected":false},"author":15,"featured_media":59371,"parent":50093,"menu_order":2,"comment_status":"closed","ping_status":"closed","template":"template-expertise-post.php","meta":{"_acf_changed":false,"inline_featured_image":false,"footnotes":""},"class_list":["post-50176","page","type-page","status-publish","has-post-thumbnail","hentry"],"acf":[],"yoast_head":"<!-- This site is optimized with the Yoast SEO plugin v27.2 - https:\/\/yoast.com\/product\/yoast-seo-wordpress\/ -->\n<title>Digitalizaci\u00f3 del cicle de l&#039;aigua - Pietro Fiorentini<\/title>\n<meta name=\"description\" content=\"La bona governan\u00e7a de l&#039;aigua \u00e9s una responsabilitat estrat\u00e8gica des de tots els punts de vista: institucional, mediambiental i econ\u00f2mic.\" \/>\n<meta name=\"robots\" content=\"index, follow, max-snippet:-1, max-image-preview:large, max-video-preview:-1\" \/>\n<link rel=\"canonical\" href=\"https:\/\/fiorentini-iberia.com\/ca\/experiencia\/aigua\/digitalizacio-del-cicle-de-laigua\/\" \/>\n<meta property=\"og:locale\" content=\"ca_ES\" \/>\n<meta property=\"og:type\" content=\"article\" \/>\n<meta property=\"og:title\" content=\"Digitalizaci\u00f3 del cicle de l&#039;aigua - Pietro Fiorentini\" \/>\n<meta property=\"og:description\" content=\"La bona governan\u00e7a de l&#039;aigua \u00e9s una responsabilitat estrat\u00e8gica des de tots els punts de vista: institucional, mediambiental i econ\u00f2mic.\" \/>\n<meta property=\"og:url\" content=\"https:\/\/fiorentini-iberia.com\/ca\/experiencia\/aigua\/digitalizacio-del-cicle-de-laigua\/\" \/>\n<meta property=\"og:site_name\" content=\"Pietro Fiorentini\" \/>\n<meta property=\"article:modified_time\" content=\"2024-06-10T10:29:13+00:00\" \/>\n<meta property=\"og:image\" content=\"https:\/\/www.fiorentini-iberia.com\/wp-content\/uploads\/2024\/03\/Digitalizing_water_cycle-1024x551-CAT.jpg\" \/>\n<meta name=\"twitter:card\" content=\"summary_large_image\" \/>\n<meta name=\"twitter:site\" content=\"@FiorentiniSpa\" \/>\n<meta name=\"twitter:label1\" content=\"Temps estimat de lectura\" \/>\n\t<meta name=\"twitter:data1\" content=\"1 minut\" \/>\n<script type=\"application\/ld+json\" class=\"yoast-schema-graph\">{\"@context\":\"https:\/\/schema.org\",\"@graph\":[{\"@type\":\"WebPage\",\"@id\":\"https:\/\/fiorentini-iberia.com\/ca\/experiencia\/aigua\/digitalizacio-del-cicle-de-laigua\/\",\"url\":\"https:\/\/fiorentini-iberia.com\/ca\/experiencia\/aigua\/digitalizacio-del-cicle-de-laigua\/\",\"name\":\"Digitalizaci\u00f3 del cicle de l'aigua - Pietro Fiorentini\",\"isPartOf\":{\"@id\":\"https:\/\/www.fiorentini-iberia.com\/ca\/#website\"},\"primaryImageOfPage\":{\"@id\":\"https:\/\/fiorentini-iberia.com\/ca\/experiencia\/aigua\/digitalizacio-del-cicle-de-laigua\/#primaryimage\"},\"image\":{\"@id\":\"https:\/\/fiorentini-iberia.com\/ca\/experiencia\/aigua\/digitalizacio-del-cicle-de-laigua\/#primaryimage\"},\"thumbnailUrl\":\"https:\/\/fiorentini-iberia.com\/wp-content\/uploads\/2025\/03\/WATER_drop_visual-new1.jpg\",\"datePublished\":\"2024-02-21T11:40:54+00:00\",\"dateModified\":\"2024-06-10T10:29:13+00:00\",\"description\":\"La bona governan\u00e7a de l'aigua \u00e9s una responsabilitat estrat\u00e8gica des de tots els punts de vista: institucional, mediambiental i econ\u00f2mic.\",\"breadcrumb\":{\"@id\":\"https:\/\/fiorentini-iberia.com\/ca\/experiencia\/aigua\/digitalizacio-del-cicle-de-laigua\/#breadcrumb\"},\"inLanguage\":\"ca\",\"potentialAction\":[{\"@type\":\"ReadAction\",\"target\":[\"https:\/\/fiorentini-iberia.com\/ca\/experiencia\/aigua\/digitalizacio-del-cicle-de-laigua\/\"]}]},{\"@type\":\"ImageObject\",\"inLanguage\":\"ca\",\"@id\":\"https:\/\/fiorentini-iberia.com\/ca\/experiencia\/aigua\/digitalizacio-del-cicle-de-laigua\/#primaryimage\",\"url\":\"https:\/\/fiorentini-iberia.com\/wp-content\/uploads\/2025\/03\/WATER_drop_visual-new1.jpg\",\"contentUrl\":\"https:\/\/fiorentini-iberia.com\/wp-content\/uploads\/2025\/03\/WATER_drop_visual-new1.jpg\",\"width\":614,\"height\":614},{\"@type\":\"BreadcrumbList\",\"@id\":\"https:\/\/fiorentini-iberia.com\/ca\/experiencia\/aigua\/digitalizacio-del-cicle-de-laigua\/#breadcrumb\",\"itemListElement\":[{\"@type\":\"ListItem\",\"position\":1,\"name\":\"Home\",\"item\":\"https:\/\/www.fiorentini-iberia.com\/ca\/\"},{\"@type\":\"ListItem\",\"position\":2,\"name\":\"Experi\u00e8ncia\",\"item\":\"https:\/\/www.fiorentini-iberia.com\/ca\/experiencia\/\"},{\"@type\":\"ListItem\",\"position\":3,\"name\":\"Aigua\",\"item\":\"https:\/\/www.fiorentini-iberia.com\/ca\/experiencia\/aigua\/\"},{\"@type\":\"ListItem\",\"position\":4,\"name\":\"Digitalizaci\u00f3 del cicle de l&#8217;aigua\"}]},{\"@type\":\"WebSite\",\"@id\":\"https:\/\/www.fiorentini-iberia.com\/ca\/#website\",\"url\":\"https:\/\/www.fiorentini-iberia.com\/ca\/\",\"name\":\"Pietro Fiorentini Iberia\",\"description\":\"Pietro Fiorentini dise\u00f1a y fabrica componentes, sistemas y servicios para la regulaci\u00f3n, medici\u00f3n, gesti\u00f3n de redes de agua, energ\u00edas renovables, petr\u00f3leo y el gas natural, con sistemas adaptados 100% al hidr\u00f3geno.\",\"publisher\":{\"@id\":\"https:\/\/www.fiorentini-iberia.com\/ca\/#organization\"},\"potentialAction\":[{\"@type\":\"SearchAction\",\"target\":{\"@type\":\"EntryPoint\",\"urlTemplate\":\"https:\/\/www.fiorentini-iberia.com\/ca\/?s={search_term_string}\"},\"query-input\":{\"@type\":\"PropertyValueSpecification\",\"valueRequired\":true,\"valueName\":\"search_term_string\"}}],\"inLanguage\":\"ca\"},{\"@type\":\"Organization\",\"@id\":\"https:\/\/www.fiorentini-iberia.com\/ca\/#organization\",\"name\":\"Pietro Fiorentini Iberia\",\"url\":\"https:\/\/www.fiorentini-iberia.com\/ca\/\",\"logo\":{\"@type\":\"ImageObject\",\"inLanguage\":\"ca\",\"@id\":\"https:\/\/www.fiorentini-iberia.com\/ca\/#\/schema\/logo\/image\/\",\"url\":\"https:\/\/fiorentini-iberia.com\/wp-content\/uploads\/2020\/11\/logo.svg\",\"contentUrl\":\"https:\/\/fiorentini-iberia.com\/wp-content\/uploads\/2020\/11\/logo.svg\",\"width\":227,\"height\":59,\"caption\":\"Pietro Fiorentini Iberia\"},\"image\":{\"@id\":\"https:\/\/www.fiorentini-iberia.com\/ca\/#\/schema\/logo\/image\/\"},\"sameAs\":[\"https:\/\/x.com\/FiorentiniSpa\",\"https:\/\/www.linkedin.com\/company\/pietro-fiorentini-iberia\/\"]}]}<\/script>\n<!-- \/ Yoast SEO plugin. -->","yoast_head_json":{"title":"Digitalizaci\u00f3 del cicle de l'aigua - Pietro Fiorentini","description":"La bona governan\u00e7a de l'aigua \u00e9s una responsabilitat estrat\u00e8gica des de tots els punts de vista: institucional, mediambiental i econ\u00f2mic.","robots":{"index":"index","follow":"follow","max-snippet":"max-snippet:-1","max-image-preview":"max-image-preview:large","max-video-preview":"max-video-preview:-1"},"canonical":"https:\/\/fiorentini-iberia.com\/ca\/experiencia\/aigua\/digitalizacio-del-cicle-de-laigua\/","og_locale":"ca_ES","og_type":"article","og_title":"Digitalizaci\u00f3 del cicle de l'aigua - Pietro Fiorentini","og_description":"La bona governan\u00e7a de l'aigua \u00e9s una responsabilitat estrat\u00e8gica des de tots els punts de vista: institucional, mediambiental i econ\u00f2mic.","og_url":"https:\/\/fiorentini-iberia.com\/ca\/experiencia\/aigua\/digitalizacio-del-cicle-de-laigua\/","og_site_name":"Pietro Fiorentini","article_modified_time":"2024-06-10T10:29:13+00:00","og_image":[{"url":"https:\/\/www.fiorentini-iberia.com\/wp-content\/uploads\/2024\/03\/Digitalizing_water_cycle-1024x551-CAT.jpg","type":"","width":"","height":""}],"twitter_card":"summary_large_image","twitter_site":"@FiorentiniSpa","twitter_misc":{"Temps estimat de lectura":"1 minut"},"schema":{"@context":"https:\/\/schema.org","@graph":[{"@type":"WebPage","@id":"https:\/\/fiorentini-iberia.com\/ca\/experiencia\/aigua\/digitalizacio-del-cicle-de-laigua\/","url":"https:\/\/fiorentini-iberia.com\/ca\/experiencia\/aigua\/digitalizacio-del-cicle-de-laigua\/","name":"Digitalizaci\u00f3 del cicle de l'aigua - Pietro Fiorentini","isPartOf":{"@id":"https:\/\/www.fiorentini-iberia.com\/ca\/#website"},"primaryImageOfPage":{"@id":"https:\/\/fiorentini-iberia.com\/ca\/experiencia\/aigua\/digitalizacio-del-cicle-de-laigua\/#primaryimage"},"image":{"@id":"https:\/\/fiorentini-iberia.com\/ca\/experiencia\/aigua\/digitalizacio-del-cicle-de-laigua\/#primaryimage"},"thumbnailUrl":"https:\/\/fiorentini-iberia.com\/wp-content\/uploads\/2025\/03\/WATER_drop_visual-new1.jpg","datePublished":"2024-02-21T11:40:54+00:00","dateModified":"2024-06-10T10:29:13+00:00","description":"La bona governan\u00e7a de l'aigua \u00e9s una responsabilitat estrat\u00e8gica des de tots els punts de vista: institucional, mediambiental i econ\u00f2mic.","breadcrumb":{"@id":"https:\/\/fiorentini-iberia.com\/ca\/experiencia\/aigua\/digitalizacio-del-cicle-de-laigua\/#breadcrumb"},"inLanguage":"ca","potentialAction":[{"@type":"ReadAction","target":["https:\/\/fiorentini-iberia.com\/ca\/experiencia\/aigua\/digitalizacio-del-cicle-de-laigua\/"]}]},{"@type":"ImageObject","inLanguage":"ca","@id":"https:\/\/fiorentini-iberia.com\/ca\/experiencia\/aigua\/digitalizacio-del-cicle-de-laigua\/#primaryimage","url":"https:\/\/fiorentini-iberia.com\/wp-content\/uploads\/2025\/03\/WATER_drop_visual-new1.jpg","contentUrl":"https:\/\/fiorentini-iberia.com\/wp-content\/uploads\/2025\/03\/WATER_drop_visual-new1.jpg","width":614,"height":614},{"@type":"BreadcrumbList","@id":"https:\/\/fiorentini-iberia.com\/ca\/experiencia\/aigua\/digitalizacio-del-cicle-de-laigua\/#breadcrumb","itemListElement":[{"@type":"ListItem","position":1,"name":"Home","item":"https:\/\/www.fiorentini-iberia.com\/ca\/"},{"@type":"ListItem","position":2,"name":"Experi\u00e8ncia","item":"https:\/\/www.fiorentini-iberia.com\/ca\/experiencia\/"},{"@type":"ListItem","position":3,"name":"Aigua","item":"https:\/\/www.fiorentini-iberia.com\/ca\/experiencia\/aigua\/"},{"@type":"ListItem","position":4,"name":"Digitalizaci\u00f3 del cicle de l&#8217;aigua"}]},{"@type":"WebSite","@id":"https:\/\/www.fiorentini-iberia.com\/ca\/#website","url":"https:\/\/www.fiorentini-iberia.com\/ca\/","name":"Pietro Fiorentini Iberia","description":"Pietro Fiorentini dise\u00f1a y fabrica componentes, sistemas y servicios para la regulaci\u00f3n, medici\u00f3n, gesti\u00f3n de redes de agua, energ\u00edas renovables, petr\u00f3leo y el gas natural, con sistemas adaptados 100% al hidr\u00f3geno.","publisher":{"@id":"https:\/\/www.fiorentini-iberia.com\/ca\/#organization"},"potentialAction":[{"@type":"SearchAction","target":{"@type":"EntryPoint","urlTemplate":"https:\/\/www.fiorentini-iberia.com\/ca\/?s={search_term_string}"},"query-input":{"@type":"PropertyValueSpecification","valueRequired":true,"valueName":"search_term_string"}}],"inLanguage":"ca"},{"@type":"Organization","@id":"https:\/\/www.fiorentini-iberia.com\/ca\/#organization","name":"Pietro Fiorentini Iberia","url":"https:\/\/www.fiorentini-iberia.com\/ca\/","logo":{"@type":"ImageObject","inLanguage":"ca","@id":"https:\/\/www.fiorentini-iberia.com\/ca\/#\/schema\/logo\/image\/","url":"https:\/\/fiorentini-iberia.com\/wp-content\/uploads\/2020\/11\/logo.svg","contentUrl":"https:\/\/fiorentini-iberia.com\/wp-content\/uploads\/2020\/11\/logo.svg","width":227,"height":59,"caption":"Pietro Fiorentini Iberia"},"image":{"@id":"https:\/\/www.fiorentini-iberia.com\/ca\/#\/schema\/logo\/image\/"},"sameAs":["https:\/\/x.com\/FiorentiniSpa","https:\/\/www.linkedin.com\/company\/pietro-fiorentini-iberia\/"]}]}},"_links":{"self":[{"href":"https:\/\/fiorentini-iberia.com\/ca\/wp-json\/wp\/v2\/pages\/50176","targetHints":{"allow":["GET"]}}],"collection":[{"href":"https:\/\/fiorentini-iberia.com\/ca\/wp-json\/wp\/v2\/pages"}],"about":[{"href":"https:\/\/fiorentini-iberia.com\/ca\/wp-json\/wp\/v2\/types\/page"}],"author":[{"embeddable":true,"href":"https:\/\/fiorentini-iberia.com\/ca\/wp-json\/wp\/v2\/users\/15"}],"replies":[{"embeddable":true,"href":"https:\/\/fiorentini-iberia.com\/ca\/wp-json\/wp\/v2\/comments?post=50176"}],"version-history":[{"count":3,"href":"https:\/\/fiorentini-iberia.com\/ca\/wp-json\/wp\/v2\/pages\/50176\/revisions"}],"predecessor-version":[{"id":54906,"href":"https:\/\/fiorentini-iberia.com\/ca\/wp-json\/wp\/v2\/pages\/50176\/revisions\/54906"}],"up":[{"embeddable":true,"href":"https:\/\/fiorentini-iberia.com\/ca\/wp-json\/wp\/v2\/pages\/50093"}],"wp:featuredmedia":[{"embeddable":true,"href":"https:\/\/fiorentini-iberia.com\/ca\/wp-json\/wp\/v2\/media\/59371"}],"wp:attachment":[{"href":"https:\/\/fiorentini-iberia.com\/ca\/wp-json\/wp\/v2\/media?parent=50176"}],"curies":[{"name":"wp","href":"https:\/\/api.w.org\/{rel}","templated":true}]}}