{"id":50153,"date":"2023-12-11T10:23:24","date_gmt":"2023-12-11T09:23:24","guid":{"rendered":"https:\/\/www.fiorentini-iberia.com\/experiencia\/proteccion-catodica\/"},"modified":"2024-03-13T21:38:45","modified_gmt":"2024-03-13T20:38:45","slug":"proteccio-catodica","status":"publish","type":"page","link":"https:\/\/fiorentini-iberia.com\/ca\/experiencia\/proteccio-catodica\/","title":{"rendered":"Protecci\u00f3 cat\u00f2dica"},"content":{"rendered":"\n<h2 class=\"wp-block-heading\"><strong>La corrosi\u00f3 electrol\u00edtica dels metalls<\/strong><\/h2>\n\n\n\n<p>La corrosi\u00f3 no \u00e9s un fenomen que es pugui eliminar completament per\u00f2 des de la fase de disseny i construcci\u00f3 de la infraestructura \u00e9s possible prendre <strong>mesures espec\u00edfiques <\/strong>per reduir-ne significativament els efectes i garantir el bon funcionament, la durabilitat i la seguretat de les instal\u00b7lacions.<\/p>\n\n\n\n<p><strong><a href=\"https:\/\/www.fiorentini-iberia.com\/ca\/solucions\/serveis\/solucions-de-gestio-de-dades\/supervisio-de-proteccio-catodica-s2b\/\">S2B (Service&nbsp;to&nbsp;Business)<\/a><\/strong>&nbsp;\u00e9s la nostra nova plataforma en el n\u00favol per a la <strong>gesti\u00f3 i monitoratge<\/strong> de les dades procedents de registradors de dades de camp. El m\u00f2dul de <strong>supervisi\u00f3 de la protecci\u00f3 cat\u00f2dica<\/strong> \u00e9s una eina per a visualitzar, supervisar i gestionar els par\u00e0metres el\u00e8ctrics dels sistemes de protecci\u00f3 cat\u00f2dica a partir de dispositius de camp de manera senzilla i completa.<\/p>\n\n\n\n<p>El registrador de dades multicanal per a mesuraments de CC i CA,\u00a0<strong><a href=\"https:\/\/www.fiorentini-iberia.com\/ca\/solucions\/productes\/control-de-la-xarxa-de-gas\/proteccio-catodica\/next\/\">Next<\/a><\/strong>\u00a0\u00e9s un dels dispositius <strong>Smart\u00a0Gas\u00a0Grid\u00a0de\u00a0Pietro\u00a0Fiorentini\u00a0<\/strong>dissenyats espec\u00edficament per a la<strong>\u00a0supervisi\u00f3 de la protecci\u00f3 cat\u00f2dica<\/strong>.<\/p>\n\n\n\n<p><strong><strong><a href=\"https:\/\/www.fiorentini-iberia.com\/ca\/solucions\/productes\/control-de-la-xarxa-de-gas\/proteccio-catodica\/kairos\/\">Kairos<\/a><\/strong><\/strong>&nbsp;\u00e9s el&nbsp;<strong>registrador de dades<\/strong>&nbsp;per a la supervisi\u00f3 remota cont\u00ednua dels par\u00e0metres el\u00e8ctrics dels sistemes de protecci\u00f3 cat\u00f2dica amb un m\u00f2dul de comunicaci\u00f3 integrat que pot connectar-se amb <strong>tecnologia de xarxa 4G\/LTE&nbsp;o&nbsp;CAT-M<\/strong>&nbsp;(amb canvi a <strong>2G\/GPRS<\/strong>).<\/p>\n","protected":false},"excerpt":{"rendered":"<p>Qualsevol infraestructura realitzada amb estructures met\u00e0l\u00b7liques est\u00e0 subjecte al fenomen que es produeix quan materials com el ferro i l\u2019acer entren en contacte amb un electr\u00f2lit com el s\u00f2l.<br \/>\n\u00a0<br \/>\nLa corrosi\u00f3 electrol\u00edtica no es pot eliminar completament per\u00f2 a la fase de disseny i construcci\u00f3 es poden prendre mesures espec\u00edfiques per reduir significativament els seus efectes.<\/p>\n","protected":false},"author":15,"featured_media":50154,"parent":50088,"menu_order":7,"comment_status":"closed","ping_status":"closed","template":"template-expertise-child.php","meta":{"_acf_changed":false,"inline_featured_image":false,"footnotes":""},"class_list":["post-50153","page","type-page","status-publish","has-post-thumbnail","hentry"],"acf":[],"yoast_head":"<!-- This site is optimized with the Yoast SEO plugin v27.2 - https:\/\/yoast.com\/product\/yoast-seo-wordpress\/ -->\n<title>Protecci\u00f3 cat\u00f2dica - Pietro Fiorentini<\/title>\n<meta name=\"description\" content=\"L&#039;aigua potable, el gas natural i el clavegueram civil circulen per estructures met\u00e0l\u00b7liques i s&#039;emmagatzemen en dip\u00f2sits subterranis.\" \/>\n<meta name=\"robots\" content=\"index, follow, max-snippet:-1, max-image-preview:large, max-video-preview:-1\" \/>\n<link rel=\"canonical\" href=\"https:\/\/fiorentini-iberia.com\/ca\/experiencia\/proteccio-catodica\/\" \/>\n<meta property=\"og:locale\" content=\"ca_ES\" \/>\n<meta property=\"og:type\" content=\"article\" \/>\n<meta property=\"og:title\" content=\"Protecci\u00f3 cat\u00f2dica - Pietro Fiorentini\" \/>\n<meta property=\"og:description\" content=\"L&#039;aigua potable, el gas natural i el clavegueram civil circulen per estructures met\u00e0l\u00b7liques i s&#039;emmagatzemen en dip\u00f2sits subterranis.\" \/>\n<meta property=\"og:url\" content=\"https:\/\/fiorentini-iberia.com\/ca\/experiencia\/proteccio-catodica\/\" \/>\n<meta property=\"og:site_name\" content=\"Pietro Fiorentini\" \/>\n<meta property=\"article:modified_time\" content=\"2024-03-13T20:38:45+00:00\" \/>\n<meta property=\"og:image\" content=\"https:\/\/www.fiorentini-iberia.com\/wp-content\/uploads\/2021\/03\/11_cathodic_protection-1.jpg\" \/>\n\t<meta property=\"og:image:width\" content=\"991\" \/>\n\t<meta property=\"og:image:height\" content=\"991\" \/>\n\t<meta property=\"og:image:type\" content=\"image\/jpeg\" \/>\n<meta name=\"twitter:card\" content=\"summary_large_image\" \/>\n<meta name=\"twitter:site\" content=\"@FiorentiniSpa\" \/>\n<meta name=\"twitter:label1\" content=\"Temps estimat de lectura\" \/>\n\t<meta name=\"twitter:data1\" content=\"2 minuts\" \/>\n<script type=\"application\/ld+json\" class=\"yoast-schema-graph\">{\"@context\":\"https:\/\/schema.org\",\"@graph\":[{\"@type\":\"WebPage\",\"@id\":\"https:\/\/fiorentini-iberia.com\/ca\/experiencia\/proteccio-catodica\/\",\"url\":\"https:\/\/fiorentini-iberia.com\/ca\/experiencia\/proteccio-catodica\/\",\"name\":\"Protecci\u00f3 cat\u00f2dica - Pietro Fiorentini\",\"isPartOf\":{\"@id\":\"https:\/\/www.fiorentini-iberia.com\/ca\/#website\"},\"primaryImageOfPage\":{\"@id\":\"https:\/\/fiorentini-iberia.com\/ca\/experiencia\/proteccio-catodica\/#primaryimage\"},\"image\":{\"@id\":\"https:\/\/fiorentini-iberia.com\/ca\/experiencia\/proteccio-catodica\/#primaryimage\"},\"thumbnailUrl\":\"https:\/\/fiorentini-iberia.com\/wp-content\/uploads\/2021\/03\/11_cathodic_protection-1.jpg\",\"datePublished\":\"2023-12-11T09:23:24+00:00\",\"dateModified\":\"2024-03-13T20:38:45+00:00\",\"description\":\"L'aigua potable, el gas natural i el clavegueram civil circulen per estructures met\u00e0l\u00b7liques i s'emmagatzemen en dip\u00f2sits subterranis.\",\"breadcrumb\":{\"@id\":\"https:\/\/fiorentini-iberia.com\/ca\/experiencia\/proteccio-catodica\/#breadcrumb\"},\"inLanguage\":\"ca\",\"potentialAction\":[{\"@type\":\"ReadAction\",\"target\":[\"https:\/\/fiorentini-iberia.com\/ca\/experiencia\/proteccio-catodica\/\"]}]},{\"@type\":\"ImageObject\",\"inLanguage\":\"ca\",\"@id\":\"https:\/\/fiorentini-iberia.com\/ca\/experiencia\/proteccio-catodica\/#primaryimage\",\"url\":\"https:\/\/fiorentini-iberia.com\/wp-content\/uploads\/2021\/03\/11_cathodic_protection-1.jpg\",\"contentUrl\":\"https:\/\/fiorentini-iberia.com\/wp-content\/uploads\/2021\/03\/11_cathodic_protection-1.jpg\",\"width\":991,\"height\":991},{\"@type\":\"BreadcrumbList\",\"@id\":\"https:\/\/fiorentini-iberia.com\/ca\/experiencia\/proteccio-catodica\/#breadcrumb\",\"itemListElement\":[{\"@type\":\"ListItem\",\"position\":1,\"name\":\"Home\",\"item\":\"https:\/\/www.fiorentini-iberia.com\/ca\/\"},{\"@type\":\"ListItem\",\"position\":2,\"name\":\"Experi\u00e8ncia\",\"item\":\"https:\/\/www.fiorentini-iberia.com\/ca\/experiencia\/\"},{\"@type\":\"ListItem\",\"position\":3,\"name\":\"Protecci\u00f3 cat\u00f2dica\"}]},{\"@type\":\"WebSite\",\"@id\":\"https:\/\/www.fiorentini-iberia.com\/ca\/#website\",\"url\":\"https:\/\/www.fiorentini-iberia.com\/ca\/\",\"name\":\"Pietro Fiorentini Iberia\",\"description\":\"Pietro Fiorentini dise\u00f1a y fabrica componentes, sistemas y servicios para la regulaci\u00f3n, medici\u00f3n, gesti\u00f3n de redes de agua, energ\u00edas renovables, petr\u00f3leo y el gas natural, con sistemas adaptados 100% al hidr\u00f3geno.\",\"publisher\":{\"@id\":\"https:\/\/www.fiorentini-iberia.com\/ca\/#organization\"},\"potentialAction\":[{\"@type\":\"SearchAction\",\"target\":{\"@type\":\"EntryPoint\",\"urlTemplate\":\"https:\/\/www.fiorentini-iberia.com\/ca\/?s={search_term_string}\"},\"query-input\":{\"@type\":\"PropertyValueSpecification\",\"valueRequired\":true,\"valueName\":\"search_term_string\"}}],\"inLanguage\":\"ca\"},{\"@type\":\"Organization\",\"@id\":\"https:\/\/www.fiorentini-iberia.com\/ca\/#organization\",\"name\":\"Pietro Fiorentini Iberia\",\"url\":\"https:\/\/www.fiorentini-iberia.com\/ca\/\",\"logo\":{\"@type\":\"ImageObject\",\"inLanguage\":\"ca\",\"@id\":\"https:\/\/www.fiorentini-iberia.com\/ca\/#\/schema\/logo\/image\/\",\"url\":\"https:\/\/fiorentini-iberia.com\/wp-content\/uploads\/2020\/11\/logo.svg\",\"contentUrl\":\"https:\/\/fiorentini-iberia.com\/wp-content\/uploads\/2020\/11\/logo.svg\",\"width\":227,\"height\":59,\"caption\":\"Pietro Fiorentini Iberia\"},\"image\":{\"@id\":\"https:\/\/www.fiorentini-iberia.com\/ca\/#\/schema\/logo\/image\/\"},\"sameAs\":[\"https:\/\/x.com\/FiorentiniSpa\",\"https:\/\/www.linkedin.com\/company\/pietro-fiorentini-iberia\/\"]}]}<\/script>\n<!-- \/ Yoast SEO plugin. -->","yoast_head_json":{"title":"Protecci\u00f3 cat\u00f2dica - Pietro Fiorentini","description":"L'aigua potable, el gas natural i el clavegueram civil circulen per estructures met\u00e0l\u00b7liques i s'emmagatzemen en dip\u00f2sits subterranis.","robots":{"index":"index","follow":"follow","max-snippet":"max-snippet:-1","max-image-preview":"max-image-preview:large","max-video-preview":"max-video-preview:-1"},"canonical":"https:\/\/fiorentini-iberia.com\/ca\/experiencia\/proteccio-catodica\/","og_locale":"ca_ES","og_type":"article","og_title":"Protecci\u00f3 cat\u00f2dica - Pietro Fiorentini","og_description":"L'aigua potable, el gas natural i el clavegueram civil circulen per estructures met\u00e0l\u00b7liques i s'emmagatzemen en dip\u00f2sits subterranis.","og_url":"https:\/\/fiorentini-iberia.com\/ca\/experiencia\/proteccio-catodica\/","og_site_name":"Pietro Fiorentini","article_modified_time":"2024-03-13T20:38:45+00:00","og_image":[{"width":991,"height":991,"url":"https:\/\/www.fiorentini-iberia.com\/wp-content\/uploads\/2021\/03\/11_cathodic_protection-1.jpg","type":"image\/jpeg"}],"twitter_card":"summary_large_image","twitter_site":"@FiorentiniSpa","twitter_misc":{"Temps estimat de lectura":"2 minuts"},"schema":{"@context":"https:\/\/schema.org","@graph":[{"@type":"WebPage","@id":"https:\/\/fiorentini-iberia.com\/ca\/experiencia\/proteccio-catodica\/","url":"https:\/\/fiorentini-iberia.com\/ca\/experiencia\/proteccio-catodica\/","name":"Protecci\u00f3 cat\u00f2dica - Pietro Fiorentini","isPartOf":{"@id":"https:\/\/www.fiorentini-iberia.com\/ca\/#website"},"primaryImageOfPage":{"@id":"https:\/\/fiorentini-iberia.com\/ca\/experiencia\/proteccio-catodica\/#primaryimage"},"image":{"@id":"https:\/\/fiorentini-iberia.com\/ca\/experiencia\/proteccio-catodica\/#primaryimage"},"thumbnailUrl":"https:\/\/fiorentini-iberia.com\/wp-content\/uploads\/2021\/03\/11_cathodic_protection-1.jpg","datePublished":"2023-12-11T09:23:24+00:00","dateModified":"2024-03-13T20:38:45+00:00","description":"L'aigua potable, el gas natural i el clavegueram civil circulen per estructures met\u00e0l\u00b7liques i s'emmagatzemen en dip\u00f2sits subterranis.","breadcrumb":{"@id":"https:\/\/fiorentini-iberia.com\/ca\/experiencia\/proteccio-catodica\/#breadcrumb"},"inLanguage":"ca","potentialAction":[{"@type":"ReadAction","target":["https:\/\/fiorentini-iberia.com\/ca\/experiencia\/proteccio-catodica\/"]}]},{"@type":"ImageObject","inLanguage":"ca","@id":"https:\/\/fiorentini-iberia.com\/ca\/experiencia\/proteccio-catodica\/#primaryimage","url":"https:\/\/fiorentini-iberia.com\/wp-content\/uploads\/2021\/03\/11_cathodic_protection-1.jpg","contentUrl":"https:\/\/fiorentini-iberia.com\/wp-content\/uploads\/2021\/03\/11_cathodic_protection-1.jpg","width":991,"height":991},{"@type":"BreadcrumbList","@id":"https:\/\/fiorentini-iberia.com\/ca\/experiencia\/proteccio-catodica\/#breadcrumb","itemListElement":[{"@type":"ListItem","position":1,"name":"Home","item":"https:\/\/www.fiorentini-iberia.com\/ca\/"},{"@type":"ListItem","position":2,"name":"Experi\u00e8ncia","item":"https:\/\/www.fiorentini-iberia.com\/ca\/experiencia\/"},{"@type":"ListItem","position":3,"name":"Protecci\u00f3 cat\u00f2dica"}]},{"@type":"WebSite","@id":"https:\/\/www.fiorentini-iberia.com\/ca\/#website","url":"https:\/\/www.fiorentini-iberia.com\/ca\/","name":"Pietro Fiorentini Iberia","description":"Pietro Fiorentini dise\u00f1a y fabrica componentes, sistemas y servicios para la regulaci\u00f3n, medici\u00f3n, gesti\u00f3n de redes de agua, energ\u00edas renovables, petr\u00f3leo y el gas natural, con sistemas adaptados 100% al hidr\u00f3geno.","publisher":{"@id":"https:\/\/www.fiorentini-iberia.com\/ca\/#organization"},"potentialAction":[{"@type":"SearchAction","target":{"@type":"EntryPoint","urlTemplate":"https:\/\/www.fiorentini-iberia.com\/ca\/?s={search_term_string}"},"query-input":{"@type":"PropertyValueSpecification","valueRequired":true,"valueName":"search_term_string"}}],"inLanguage":"ca"},{"@type":"Organization","@id":"https:\/\/www.fiorentini-iberia.com\/ca\/#organization","name":"Pietro Fiorentini Iberia","url":"https:\/\/www.fiorentini-iberia.com\/ca\/","logo":{"@type":"ImageObject","inLanguage":"ca","@id":"https:\/\/www.fiorentini-iberia.com\/ca\/#\/schema\/logo\/image\/","url":"https:\/\/fiorentini-iberia.com\/wp-content\/uploads\/2020\/11\/logo.svg","contentUrl":"https:\/\/fiorentini-iberia.com\/wp-content\/uploads\/2020\/11\/logo.svg","width":227,"height":59,"caption":"Pietro Fiorentini Iberia"},"image":{"@id":"https:\/\/www.fiorentini-iberia.com\/ca\/#\/schema\/logo\/image\/"},"sameAs":["https:\/\/x.com\/FiorentiniSpa","https:\/\/www.linkedin.com\/company\/pietro-fiorentini-iberia\/"]}]}},"_links":{"self":[{"href":"https:\/\/fiorentini-iberia.com\/ca\/wp-json\/wp\/v2\/pages\/50153","targetHints":{"allow":["GET"]}}],"collection":[{"href":"https:\/\/fiorentini-iberia.com\/ca\/wp-json\/wp\/v2\/pages"}],"about":[{"href":"https:\/\/fiorentini-iberia.com\/ca\/wp-json\/wp\/v2\/types\/page"}],"author":[{"embeddable":true,"href":"https:\/\/fiorentini-iberia.com\/ca\/wp-json\/wp\/v2\/users\/15"}],"replies":[{"embeddable":true,"href":"https:\/\/fiorentini-iberia.com\/ca\/wp-json\/wp\/v2\/comments?post=50153"}],"version-history":[{"count":4,"href":"https:\/\/fiorentini-iberia.com\/ca\/wp-json\/wp\/v2\/pages\/50153\/revisions"}],"predecessor-version":[{"id":50166,"href":"https:\/\/fiorentini-iberia.com\/ca\/wp-json\/wp\/v2\/pages\/50153\/revisions\/50166"}],"up":[{"embeddable":true,"href":"https:\/\/fiorentini-iberia.com\/ca\/wp-json\/wp\/v2\/pages\/50088"}],"wp:featuredmedia":[{"embeddable":true,"href":"https:\/\/fiorentini-iberia.com\/ca\/wp-json\/wp\/v2\/media\/50154"}],"wp:attachment":[{"href":"https:\/\/fiorentini-iberia.com\/ca\/wp-json\/wp\/v2\/media?parent=50153"}],"curies":[{"name":"wp","href":"https:\/\/api.w.org\/{rel}","templated":true}]}}