{"id":50144,"date":"2023-12-11T10:28:01","date_gmt":"2023-12-11T09:28:01","guid":{"rendered":"https:\/\/www.fiorentini-iberia.com\/experiencia\/smart-gas-grids\/"},"modified":"2024-06-07T14:57:54","modified_gmt":"2024-06-07T12:57:54","slug":"smart-gas-grids","status":"publish","type":"page","link":"https:\/\/fiorentini-iberia.com\/ca\/experiencia\/smart-gas-grids\/","title":{"rendered":"Xarxes de\u00a0g\u00e1s\u00a0intel\u00b7ligents"},"content":{"rendered":"\n<h2 class=\"wp-block-heading\"><strong><strong>Xarxes intel\u00b7ligents i auto-regulades<\/strong><\/strong><\/h2>\n\n\n\n<p>S\u00f3n<strong> Sistemes actius <\/strong>que integren energies de diferents tipus i <strong>prenen decisions de forma aut\u00f2noma <\/strong>per optimitzar la distribuci\u00f3 d\u2019energia: les <strong>Xarxes de gas intel\u00b7ligents<\/strong> s\u00f3n un projecte ambici\u00f3s mitjan\u00e7ant el qual, en un futur molt proper, l\u2019energia es distribuir\u00e0 a trav\u00e9s de xarxes que podran <strong>gestionar i regular instant\u00e0niament fluxos m\u00faltiples<\/strong>, <strong>discontinus i bidireccionals<\/strong>.<br>\u00a0<\/p>\n\n\n\n<figure class=\"wp-block-image size-full is-resized\"><a href=\"https:\/\/www.fiorentini-iberia.com\/ca\/grup-pietro-fiorentini\/empreses-i-marques-del-grup-pietro-fiorentini\/#terranova\"><img loading=\"lazy\" decoding=\"async\" width=\"391\" height=\"60\" src=\"https:\/\/www.fiorentini-iberia.com\/wp-content\/uploads\/2021\/07\/Terranova-Logo-60px.png\" alt=\"\" class=\"wp-image-16336\" style=\"width:302px;height:auto\" srcset=\"https:\/\/fiorentini-iberia.com\/wp-content\/uploads\/2021\/07\/Terranova-Logo-60px.png 391w, https:\/\/fiorentini-iberia.com\/wp-content\/uploads\/2021\/07\/Terranova-Logo-60px-300x46.png 300w\" sizes=\"auto, (max-width: 391px) 100vw, 391px\" \/><\/a><\/figure>\n\n\n\n<p><strong><a href=\"https:\/\/www.fiorentini-iberia.com\/ca\/grup-pietro-fiorentini\/empreses-i-marques-del-grup-pietro-fiorentini\/#terranova\">TERRANOVA<\/a><\/strong>, una companyia del <strong><a href=\"https:\/\/www.fiorentini-iberia.com\/ca\/grup-pietro-fiorentini\/empreses-i-marques-del-grup-pietro-fiorentini\/\">Grup\u00a0Pietro\u00a0Fiorentini<\/a><\/strong>, l\u00edder en el desenvolupament de software per a <strong>medici\u00f3 intel\u00b7ligent, operacions i gesti\u00f3 de xarxes intel\u00b7ligents<\/strong>, ofereix una \u00e0mplia gamma de programari estudiat ad hoc per a respondre a les complexes necessitats del sector dels serveis p\u00fablics.<br>\u00a0<\/p>\n\n\n\n<figure class=\"wp-block-image size-large is-resized\"><img loading=\"lazy\" decoding=\"async\" width=\"1024\" height=\"324\" src=\"https:\/\/www.fiorentini-iberia.com\/wp-content\/uploads\/2024\/02\/1213_t_tamm-logo-1024x324.png\" alt=\"\" class=\"wp-image-49467\" style=\"width:293px;height:auto\" srcset=\"https:\/\/fiorentini-iberia.com\/wp-content\/uploads\/2024\/02\/1213_t_tamm-logo-1024x324.png 1024w, https:\/\/fiorentini-iberia.com\/wp-content\/uploads\/2024\/02\/1213_t_tamm-logo-300x95.png 300w, https:\/\/fiorentini-iberia.com\/wp-content\/uploads\/2024\/02\/1213_t_tamm-logo-768x243.png 768w, https:\/\/fiorentini-iberia.com\/wp-content\/uploads\/2024\/02\/1213_t_tamm-logo.png 1258w\" sizes=\"auto, (max-width: 1024px) 100vw, 1024px\" \/><\/figure>\n\n\n\n<p><br><strong>TAMM<\/strong>\u00a0\u00e9s un sistema software multiservei dissenyat per a automatitzar els <strong>processos de telemetria i telegesti\u00f3<\/strong> de comptadors de Gas, Electricitat i Aigua en un escenari de <strong>medici\u00f3 intel\u00b7ligent<\/strong>. L&#8217;aplicaci\u00f3\u00a0<strong>TAMM<\/strong>\u00a0ha estat dissenyada per a donar suport a les empreses distribu\u00efdores en la gesti\u00f3 dels processos de telemetria i telegesti\u00f3 de grups de comptadors dels serveis subministrats, complint amb els est\u00e0ndards de funcionalitat, efici\u00e8ncia i seguretat establerts en els diferents escenaris d&#8217;aplicaci\u00f3: <strong>Industrial, Comercial i Residencial<\/strong>.<\/p>\n\n\n\n<p>Tot aix\u00f2 integrat amb la <strong>tecnologia\u00a0Narrow\u00a0Band\u00a0Internet\u00a0of\u00a0Things\u00a0(NBIoT)<\/strong>, la tecnologia de comunicaci\u00f3 m\u00e9s prometedora per al mesurament de serveis p\u00fablics.<br>\u00a0<\/p>\n\n\n\n<div class=\"wp-block-buttons is-layout-flex wp-block-buttons-is-layout-flex\">\n<div class=\"wp-block-button has-custom-font-size is-style-fill\" style=\"font-size:18px\"><a class=\"wp-block-button__link has-background wp-element-button\" href=\"https:\/\/www.fiorentini-iberia.com\/wp-content\/uploads\/2024\/02\/Telegestion-de-redes-TAMM.pdf\" style=\"border-radius:0px;background-color:#199782\" target=\"_blank\" rel=\"noreferrer noopener\"><strong>\u2013 Presentaci\u00f3 TAMM<\/strong><\/a><\/div>\n<\/div>\n\n\n\n<p>\u00a0<br>M\u00e9s informaci\u00f3:\u00a0<a href=\"https:\/\/www.terranovasoftware.eu\/en\" target=\"_blank\" rel=\"noreferrer noopener\"><strong>terranovasoftware.eu<\/strong><\/a><\/p>\n","protected":false},"excerpt":{"rendered":"<p>Integrar diferents tipus d\u2019energia i prendre decisions aut\u00f2nomes per optimitzar la seva distribuci\u00f3: les xarxes intel\u00b7ligents s\u00f3n un ambici\u00f3s projecte gr\u00e0cies al qual, en un futur molt proper, l\u2019energia es gestionar\u00e0 a trav\u00e9s de xarxes capaces de regular instant\u00e0niament fluxos m\u00faltiples, discontinus i bidireccionals.<\/p>\n","protected":false},"author":15,"featured_media":49257,"parent":50088,"menu_order":5,"comment_status":"closed","ping_status":"closed","template":"template-expertise-child.php","meta":{"_acf_changed":false,"inline_featured_image":false,"footnotes":""},"class_list":["post-50144","page","type-page","status-publish","has-post-thumbnail","hentry"],"acf":[],"yoast_head":"<!-- This site is optimized with the Yoast SEO plugin v27.2 - https:\/\/yoast.com\/product\/yoast-seo-wordpress\/ -->\n<title>Xarxes de\u00a0g\u00e1s\u00a0intel\u00b7ligents - Pietro Fiorentini<\/title>\n<meta name=\"description\" content=\"Sistemes actius que integren energies de diferents tipus i prenen decisions de manera aut\u00f2noma per a optimitzar la distribuci\u00f3 d&#039;energia.\" \/>\n<meta name=\"robots\" content=\"index, follow, max-snippet:-1, max-image-preview:large, max-video-preview:-1\" \/>\n<link rel=\"canonical\" href=\"https:\/\/fiorentini-iberia.com\/ca\/experiencia\/smart-gas-grids\/\" \/>\n<meta property=\"og:locale\" content=\"ca_ES\" \/>\n<meta property=\"og:type\" content=\"article\" \/>\n<meta property=\"og:title\" content=\"Xarxes de\u00a0g\u00e1s\u00a0intel\u00b7ligents - Pietro Fiorentini\" \/>\n<meta property=\"og:description\" content=\"Sistemes actius que integren energies de diferents tipus i prenen decisions de manera aut\u00f2noma per a optimitzar la distribuci\u00f3 d&#039;energia.\" \/>\n<meta property=\"og:url\" content=\"https:\/\/fiorentini-iberia.com\/ca\/experiencia\/smart-gas-grids\/\" \/>\n<meta property=\"og:site_name\" content=\"Pietro Fiorentini\" \/>\n<meta property=\"article:modified_time\" content=\"2024-06-07T12:57:54+00:00\" \/>\n<meta property=\"og:image\" content=\"https:\/\/www.fiorentini-iberia.com\/wp-content\/uploads\/2022\/09\/02_expertise_smartgrids.jpeg\" \/>\n\t<meta property=\"og:image:width\" content=\"991\" \/>\n\t<meta property=\"og:image:height\" content=\"991\" \/>\n\t<meta property=\"og:image:type\" content=\"image\/jpeg\" \/>\n<meta name=\"twitter:card\" content=\"summary_large_image\" \/>\n<meta name=\"twitter:site\" content=\"@FiorentiniSpa\" \/>\n<meta name=\"twitter:label1\" content=\"Temps estimat de lectura\" \/>\n\t<meta name=\"twitter:data1\" content=\"2 minuts\" \/>\n<script type=\"application\/ld+json\" class=\"yoast-schema-graph\">{\"@context\":\"https:\/\/schema.org\",\"@graph\":[{\"@type\":\"WebPage\",\"@id\":\"https:\/\/fiorentini-iberia.com\/ca\/experiencia\/smart-gas-grids\/\",\"url\":\"https:\/\/fiorentini-iberia.com\/ca\/experiencia\/smart-gas-grids\/\",\"name\":\"Xarxes de\u00a0g\u00e1s\u00a0intel\u00b7ligents - Pietro Fiorentini\",\"isPartOf\":{\"@id\":\"https:\/\/www.fiorentini-iberia.com\/ca\/#website\"},\"primaryImageOfPage\":{\"@id\":\"https:\/\/fiorentini-iberia.com\/ca\/experiencia\/smart-gas-grids\/#primaryimage\"},\"image\":{\"@id\":\"https:\/\/fiorentini-iberia.com\/ca\/experiencia\/smart-gas-grids\/#primaryimage\"},\"thumbnailUrl\":\"https:\/\/fiorentini-iberia.com\/wp-content\/uploads\/2022\/09\/02_expertise_smartgrids.jpeg\",\"datePublished\":\"2023-12-11T09:28:01+00:00\",\"dateModified\":\"2024-06-07T12:57:54+00:00\",\"description\":\"Sistemes actius que integren energies de diferents tipus i prenen decisions de manera aut\u00f2noma per a optimitzar la distribuci\u00f3 d'energia.\",\"breadcrumb\":{\"@id\":\"https:\/\/fiorentini-iberia.com\/ca\/experiencia\/smart-gas-grids\/#breadcrumb\"},\"inLanguage\":\"ca\",\"potentialAction\":[{\"@type\":\"ReadAction\",\"target\":[\"https:\/\/fiorentini-iberia.com\/ca\/experiencia\/smart-gas-grids\/\"]}]},{\"@type\":\"ImageObject\",\"inLanguage\":\"ca\",\"@id\":\"https:\/\/fiorentini-iberia.com\/ca\/experiencia\/smart-gas-grids\/#primaryimage\",\"url\":\"https:\/\/fiorentini-iberia.com\/wp-content\/uploads\/2022\/09\/02_expertise_smartgrids.jpeg\",\"contentUrl\":\"https:\/\/fiorentini-iberia.com\/wp-content\/uploads\/2022\/09\/02_expertise_smartgrids.jpeg\",\"width\":991,\"height\":991},{\"@type\":\"BreadcrumbList\",\"@id\":\"https:\/\/fiorentini-iberia.com\/ca\/experiencia\/smart-gas-grids\/#breadcrumb\",\"itemListElement\":[{\"@type\":\"ListItem\",\"position\":1,\"name\":\"Home\",\"item\":\"https:\/\/www.fiorentini-iberia.com\/ca\/\"},{\"@type\":\"ListItem\",\"position\":2,\"name\":\"Experi\u00e8ncia\",\"item\":\"https:\/\/www.fiorentini-iberia.com\/ca\/experiencia\/\"},{\"@type\":\"ListItem\",\"position\":3,\"name\":\"Xarxes de\u00a0g\u00e1s\u00a0intel\u00b7ligents\"}]},{\"@type\":\"WebSite\",\"@id\":\"https:\/\/www.fiorentini-iberia.com\/ca\/#website\",\"url\":\"https:\/\/www.fiorentini-iberia.com\/ca\/\",\"name\":\"Pietro Fiorentini Iberia\",\"description\":\"Pietro Fiorentini dise\u00f1a y fabrica componentes, sistemas y servicios para la regulaci\u00f3n, medici\u00f3n, gesti\u00f3n de redes de agua, energ\u00edas renovables, petr\u00f3leo y el gas natural, con sistemas adaptados 100% al hidr\u00f3geno.\",\"publisher\":{\"@id\":\"https:\/\/www.fiorentini-iberia.com\/ca\/#organization\"},\"potentialAction\":[{\"@type\":\"SearchAction\",\"target\":{\"@type\":\"EntryPoint\",\"urlTemplate\":\"https:\/\/www.fiorentini-iberia.com\/ca\/?s={search_term_string}\"},\"query-input\":{\"@type\":\"PropertyValueSpecification\",\"valueRequired\":true,\"valueName\":\"search_term_string\"}}],\"inLanguage\":\"ca\"},{\"@type\":\"Organization\",\"@id\":\"https:\/\/www.fiorentini-iberia.com\/ca\/#organization\",\"name\":\"Pietro Fiorentini Iberia\",\"url\":\"https:\/\/www.fiorentini-iberia.com\/ca\/\",\"logo\":{\"@type\":\"ImageObject\",\"inLanguage\":\"ca\",\"@id\":\"https:\/\/www.fiorentini-iberia.com\/ca\/#\/schema\/logo\/image\/\",\"url\":\"https:\/\/fiorentini-iberia.com\/wp-content\/uploads\/2020\/11\/logo.svg\",\"contentUrl\":\"https:\/\/fiorentini-iberia.com\/wp-content\/uploads\/2020\/11\/logo.svg\",\"width\":227,\"height\":59,\"caption\":\"Pietro Fiorentini Iberia\"},\"image\":{\"@id\":\"https:\/\/www.fiorentini-iberia.com\/ca\/#\/schema\/logo\/image\/\"},\"sameAs\":[\"https:\/\/x.com\/FiorentiniSpa\",\"https:\/\/www.linkedin.com\/company\/pietro-fiorentini-iberia\/\"]}]}<\/script>\n<!-- \/ Yoast SEO plugin. -->","yoast_head_json":{"title":"Xarxes de\u00a0g\u00e1s\u00a0intel\u00b7ligents - Pietro Fiorentini","description":"Sistemes actius que integren energies de diferents tipus i prenen decisions de manera aut\u00f2noma per a optimitzar la distribuci\u00f3 d'energia.","robots":{"index":"index","follow":"follow","max-snippet":"max-snippet:-1","max-image-preview":"max-image-preview:large","max-video-preview":"max-video-preview:-1"},"canonical":"https:\/\/fiorentini-iberia.com\/ca\/experiencia\/smart-gas-grids\/","og_locale":"ca_ES","og_type":"article","og_title":"Xarxes de\u00a0g\u00e1s\u00a0intel\u00b7ligents - Pietro Fiorentini","og_description":"Sistemes actius que integren energies de diferents tipus i prenen decisions de manera aut\u00f2noma per a optimitzar la distribuci\u00f3 d'energia.","og_url":"https:\/\/fiorentini-iberia.com\/ca\/experiencia\/smart-gas-grids\/","og_site_name":"Pietro Fiorentini","article_modified_time":"2024-06-07T12:57:54+00:00","og_image":[{"width":991,"height":991,"url":"https:\/\/www.fiorentini-iberia.com\/wp-content\/uploads\/2022\/09\/02_expertise_smartgrids.jpeg","type":"image\/jpeg"}],"twitter_card":"summary_large_image","twitter_site":"@FiorentiniSpa","twitter_misc":{"Temps estimat de lectura":"2 minuts"},"schema":{"@context":"https:\/\/schema.org","@graph":[{"@type":"WebPage","@id":"https:\/\/fiorentini-iberia.com\/ca\/experiencia\/smart-gas-grids\/","url":"https:\/\/fiorentini-iberia.com\/ca\/experiencia\/smart-gas-grids\/","name":"Xarxes de\u00a0g\u00e1s\u00a0intel\u00b7ligents - Pietro Fiorentini","isPartOf":{"@id":"https:\/\/www.fiorentini-iberia.com\/ca\/#website"},"primaryImageOfPage":{"@id":"https:\/\/fiorentini-iberia.com\/ca\/experiencia\/smart-gas-grids\/#primaryimage"},"image":{"@id":"https:\/\/fiorentini-iberia.com\/ca\/experiencia\/smart-gas-grids\/#primaryimage"},"thumbnailUrl":"https:\/\/fiorentini-iberia.com\/wp-content\/uploads\/2022\/09\/02_expertise_smartgrids.jpeg","datePublished":"2023-12-11T09:28:01+00:00","dateModified":"2024-06-07T12:57:54+00:00","description":"Sistemes actius que integren energies de diferents tipus i prenen decisions de manera aut\u00f2noma per a optimitzar la distribuci\u00f3 d'energia.","breadcrumb":{"@id":"https:\/\/fiorentini-iberia.com\/ca\/experiencia\/smart-gas-grids\/#breadcrumb"},"inLanguage":"ca","potentialAction":[{"@type":"ReadAction","target":["https:\/\/fiorentini-iberia.com\/ca\/experiencia\/smart-gas-grids\/"]}]},{"@type":"ImageObject","inLanguage":"ca","@id":"https:\/\/fiorentini-iberia.com\/ca\/experiencia\/smart-gas-grids\/#primaryimage","url":"https:\/\/fiorentini-iberia.com\/wp-content\/uploads\/2022\/09\/02_expertise_smartgrids.jpeg","contentUrl":"https:\/\/fiorentini-iberia.com\/wp-content\/uploads\/2022\/09\/02_expertise_smartgrids.jpeg","width":991,"height":991},{"@type":"BreadcrumbList","@id":"https:\/\/fiorentini-iberia.com\/ca\/experiencia\/smart-gas-grids\/#breadcrumb","itemListElement":[{"@type":"ListItem","position":1,"name":"Home","item":"https:\/\/www.fiorentini-iberia.com\/ca\/"},{"@type":"ListItem","position":2,"name":"Experi\u00e8ncia","item":"https:\/\/www.fiorentini-iberia.com\/ca\/experiencia\/"},{"@type":"ListItem","position":3,"name":"Xarxes de\u00a0g\u00e1s\u00a0intel\u00b7ligents"}]},{"@type":"WebSite","@id":"https:\/\/www.fiorentini-iberia.com\/ca\/#website","url":"https:\/\/www.fiorentini-iberia.com\/ca\/","name":"Pietro Fiorentini Iberia","description":"Pietro Fiorentini dise\u00f1a y fabrica componentes, sistemas y servicios para la regulaci\u00f3n, medici\u00f3n, gesti\u00f3n de redes de agua, energ\u00edas renovables, petr\u00f3leo y el gas natural, con sistemas adaptados 100% al hidr\u00f3geno.","publisher":{"@id":"https:\/\/www.fiorentini-iberia.com\/ca\/#organization"},"potentialAction":[{"@type":"SearchAction","target":{"@type":"EntryPoint","urlTemplate":"https:\/\/www.fiorentini-iberia.com\/ca\/?s={search_term_string}"},"query-input":{"@type":"PropertyValueSpecification","valueRequired":true,"valueName":"search_term_string"}}],"inLanguage":"ca"},{"@type":"Organization","@id":"https:\/\/www.fiorentini-iberia.com\/ca\/#organization","name":"Pietro Fiorentini Iberia","url":"https:\/\/www.fiorentini-iberia.com\/ca\/","logo":{"@type":"ImageObject","inLanguage":"ca","@id":"https:\/\/www.fiorentini-iberia.com\/ca\/#\/schema\/logo\/image\/","url":"https:\/\/fiorentini-iberia.com\/wp-content\/uploads\/2020\/11\/logo.svg","contentUrl":"https:\/\/fiorentini-iberia.com\/wp-content\/uploads\/2020\/11\/logo.svg","width":227,"height":59,"caption":"Pietro Fiorentini Iberia"},"image":{"@id":"https:\/\/www.fiorentini-iberia.com\/ca\/#\/schema\/logo\/image\/"},"sameAs":["https:\/\/x.com\/FiorentiniSpa","https:\/\/www.linkedin.com\/company\/pietro-fiorentini-iberia\/"]}]}},"_links":{"self":[{"href":"https:\/\/fiorentini-iberia.com\/ca\/wp-json\/wp\/v2\/pages\/50144","targetHints":{"allow":["GET"]}}],"collection":[{"href":"https:\/\/fiorentini-iberia.com\/ca\/wp-json\/wp\/v2\/pages"}],"about":[{"href":"https:\/\/fiorentini-iberia.com\/ca\/wp-json\/wp\/v2\/types\/page"}],"author":[{"embeddable":true,"href":"https:\/\/fiorentini-iberia.com\/ca\/wp-json\/wp\/v2\/users\/15"}],"replies":[{"embeddable":true,"href":"https:\/\/fiorentini-iberia.com\/ca\/wp-json\/wp\/v2\/comments?post=50144"}],"version-history":[{"count":3,"href":"https:\/\/fiorentini-iberia.com\/ca\/wp-json\/wp\/v2\/pages\/50144\/revisions"}],"predecessor-version":[{"id":54644,"href":"https:\/\/fiorentini-iberia.com\/ca\/wp-json\/wp\/v2\/pages\/50144\/revisions\/54644"}],"up":[{"embeddable":true,"href":"https:\/\/fiorentini-iberia.com\/ca\/wp-json\/wp\/v2\/pages\/50088"}],"wp:featuredmedia":[{"embeddable":true,"href":"https:\/\/fiorentini-iberia.com\/ca\/wp-json\/wp\/v2\/media\/49257"}],"wp:attachment":[{"href":"https:\/\/fiorentini-iberia.com\/ca\/wp-json\/wp\/v2\/media?parent=50144"}],"curies":[{"name":"wp","href":"https:\/\/api.w.org\/{rel}","templated":true}]}}