{"id":49420,"date":"2021-09-08T10:26:43","date_gmt":"2021-09-08T08:26:43","guid":{"rendered":"https:\/\/www.fiorentini-iberia.com\/terms-and-conditions-of-use\/"},"modified":"2024-02-28T16:27:53","modified_gmt":"2024-02-28T15:27:53","slug":"termes-i-condicions-dus","status":"publish","type":"page","link":"https:\/\/fiorentini-iberia.com\/ca\/termes-i-condicions-dus\/","title":{"rendered":"Termes i condicions d\u2019\u00fas"},"content":{"rendered":"\n<p>Els seg\u00fcents termes i condicions (d\u2019ara endavant &#8220;<strong>Termes i Condicions d\u2019\u00das\u201d<\/strong>) regulen els termes i condicions d\u2019acc\u00e9s a les plataformes\/portals de Fiorentini (d\u2019ara endavant &#8220;<strong>Portal<\/strong>&#8220;) i s\u00f3n d\u2019aplicaci\u00f3 a tots els usos, aix\u00ed com al seu contingut, la informaci\u00f3, les recomanacions i\/o els serveis \u00a0prestats per Pietro Fiorentini Iberia (d\u2019ara endevant \u00a0&#8220;<strong>Venedor<\/strong>&#8220;) al client (d\u2019ara endevant &#8220;<strong>Client<\/strong>&#8220;) a la p\u00e0gina web.<\/p>\n\n\n\n<p>L\u2019acc\u00e9s al portal i el seu \u00fas estan subjectes a l\u2019acceptaci\u00f3 d\u2019aquests Termes i Condicions d\u2019\u00das.<\/p>\n\n\n\n<div style=\"height:32px\" aria-hidden=\"true\" class=\"wp-block-spacer\"><\/div>\n\n\n\n<h2 class=\"wp-block-heading\"><strong>Credencials d\u2019acc\u00e9s i autentificaci\u00f3<\/strong><\/h2>\n\n\n\n<p>L\u2019acc\u00e9s al Portal nom\u00e9s estar\u00e0 perm\u00e9s amb l\u2019autentificaci\u00f3 del client per mitj\u00e0 de les credencials d\u2019acc\u00e9s. L\u2019acc\u00e9s pot ser concedit a trav\u00e9s d\u2019un compte de Microsoft, si el client en disposa d\u2019un. Si no \u00e9s el cas, el Client pot establir la seva pr\u00f2pia paraula clau d\u2019acc\u00e9s. El Client es compromet a salvaguardar, emmagatzemar, utilitzar i preservar la confidencialitat amb la m\u00e0xima cura i dilig\u00e8ncia de les Credencials d\u2019Acc\u00e9s, que s\u00f3n estrictament personals i no es poden posar a disposici\u00f3 o divulgar-se a tercers no autoritzats.<\/p>\n\n\n\n<p>Durant l\u2019autoritzaci\u00f3 d\u2019acc\u00e9s al&nbsp; Portal, el Venedor registrar\u00e0 al sistema el nom, cognom, &nbsp;e-mail (proporcionat durant el registre del client) i client de refer\u00e8ncia.<\/p>\n\n\n\n<p>El Venedor es reserva el dret a suspendre i\/o interrompre, sota el seu criteri i sense previ av\u00eds, l\u2019\u00fas del Portal per part del Client, incloent per\u00f2 no exclusivament, situacions en qu\u00e8 el Venedor consideri que l\u2019\u00fas de les plataformes\/portals violen un dels Termes i Condicions Generals d\u2019\u00das i\/o constitueixen una violaci\u00f3 de la llei en cas de rescissi\u00f3 del contracte de venda o distribuci\u00f3 subjacent.<\/p>\n\n\n\n<div style=\"height:32px\" aria-hidden=\"true\" class=\"wp-block-spacer\"><\/div>\n\n\n\n<h2 class=\"wp-block-heading\"><strong>Protecci\u00f3 de la proprietat intel\u00b7lectual<\/strong><\/h2>\n\n\n\n<p>Les plataformes\/portals Pietro Fiorentini i tot el seu contingut, inclosos per\u00f2 no exclusivament, logos, icones, marques, textos, gr\u00e0fics, fotografies, imatges, imatges en moviment, \u00e0udios, il\u00b7lustracions, informacions t\u00e8cniques i comercials i software (d\u2019ara endavant &#8220;<strong>Contingut del Portal<\/strong>&#8220;), s\u00f3n i han de continuar essent proprietat exclusiva del Venedor. El Client est\u00e0 autoritzat a visualitzar, reproduir, imprimir i descarregar documents o d\u2019altres materials, incloent \u00e0udios i v\u00eddeos, presents al Portal exclusivament per \u00fas personal i per informaci\u00f3 i no pas per \u00fas comercial. En qualsevol cas, el Client no pot modificar, copiar, distribuir, enviar, reproduir, publicar, llicenciar, \u00a0utilitzar per crear altres aplicacions, transferir o vendre el Contingut del Portal.<\/p>\n\n\n\n<div style=\"height:32px\" aria-hidden=\"true\" class=\"wp-block-spacer\"><\/div>\n\n\n\n<h2 class=\"wp-block-heading\"><strong><strong>No-divulgaci\u00f3 i confidencialitat<\/strong><\/strong><\/h2>\n\n\n\n<p>El Client reconeix que tota la informaci\u00f3 que hagi aconseguit \u00a0durant la utilitzaci\u00f3 del Portal i del Contingut del mateix \u00e9s confidencial i reservada i es compromet a garantir que tant ell mateix com els seus col\u00b7laboradors i empleats no l\u2019utilitzaran o divulgaran a tercers de cap manera ni per cap mitj\u00e0.<\/p>\n\n\n\n<div style=\"height:32px\" aria-hidden=\"true\" class=\"wp-block-spacer\"><\/div>\n\n\n\n<h2 class=\"wp-block-heading\"><strong>Exoneraci\u00f3 de garanties<\/strong><\/h2>\n\n\n\n<p>El Venedor no garanteix que el Contingut del Portal estigui lliure d\u2019errors ni que els productes oferts estiguin disponibles cont\u00ednuament. El Venedor no fa cap declaraci\u00f3 ni ofereix cap garantia relativa a l\u2019\u00fas del contingut en termes de correci\u00f3, precisi\u00f3, propietat, utilitat, idone\u00eftat o fiabilitat entre d\u2019altres.<\/p>\n\n\n\n<p>El Venedor no ser\u00e0 responsable si, degut a un error imputable a una elecci\u00f3 incorrecta per part del Client, els b\u00e9ns adquirits pel mateix a trav\u00e9s del Portal no s\u00f3n adeq\u00fcats per l\u2019\u00fas al que van destinats.<\/p>\n\n\n\n<div style=\"height:32px\" aria-hidden=\"true\" class=\"wp-block-spacer\"><\/div>\n\n\n\n<h2 class=\"wp-block-heading\"><strong><strong>Contactes<\/strong><\/strong><\/h2>\n\n\n\n<p>Per qualsevol aclariment o sol\u00b7licitut d\u2019assist\u00e8ncia relativa a l\u2019\u00fas, el Client pot dirigir-se al contacte de refer\u00e8ncia intern del Venedor a trav\u00e9s del n\u00famero +34 937 373 120 (Dill.-Div. 09:00 &#8211; 16:00)<\/p>\n\n\n\n<div style=\"height:32px\" aria-hidden=\"true\" class=\"wp-block-spacer\"><\/div>\n\n\n\n<h2 class=\"wp-block-heading\"><strong><strong>Legislaci\u00f3 aplicable i jurisdicci\u00f3<\/strong><\/strong><\/h2>\n\n\n\n<p>Les Condicions Generals d\u2019\u00das es regeixen per la \u00a0legislaci\u00f3 espanyola. Tots els litigis resultants de les presents Condicions d\u2019\u00das seran resoltes per arbitratge, d\u2019acord amb el Reglament de la C\u00e0mara d\u2019Arbitratge de Barcelona C.C.I.A.A. [C\u00e0mara de Comer\u00e7, Ind\u00fastria, Artesania i Agricultura]. Ser\u00e0 per mitj\u00e0 d\u2019un \u00e0rbitre \u00fanic, nominat de conformitat amb el que estableixi el Reglament. Seu d\u2019arbitratge: Barcelona.<\/p>\n\n\n\n<div style=\"height:32px\" aria-hidden=\"true\" class=\"wp-block-spacer\"><\/div>\n\n\n\n<h2 class=\"wp-block-heading\"><strong>Protecci\u00f3 de dades del client segons Decret Legislatiu n. 196 de 30.6.2003 (segons modificaci\u00f3) i Reglament (UE) 679\/2016.<\/strong><\/h2>\n\n\n\n<p>Totes les dades del Client aconseguides a trav\u00e9s del seu registre al Portal o quan aquest l\u2019estigui utilitzant, seran processats i emmagatzemats pel Venedor en paper, fitxers electr\u00f2nics o soports magn\u00e8tics i seran utilitzats exclusivament per la finalitat per la qual van ser recollits.<\/p>\n","protected":false},"excerpt":{"rendered":"<p>Els seg\u00fcents termes i condicions (d\u2019ara endavant &#8220;Termes i Condicions d\u2019\u00das\u201d) regulen els termes i condicions d\u2019acc\u00e9s a les plataformes\/portals de Fiorentini (d\u2019ara endavant &#8220;Portal&#8220;) i s\u00f3n d\u2019aplicaci\u00f3 a tots els usos, aix\u00ed com al seu contingut, la informaci\u00f3, les recomanacions i\/o els serveis \u00a0prestats per Pietro Fiorentini Iberia (d\u2019ara endevant \u00a0&#8220;Venedor&#8220;) al client (d\u2019ara [&hellip;]<\/p>\n","protected":false},"author":12,"featured_media":49421,"parent":0,"menu_order":0,"comment_status":"closed","ping_status":"closed","template":"","meta":{"_acf_changed":false,"inline_featured_image":false,"footnotes":""},"class_list":["post-49420","page","type-page","status-publish","has-post-thumbnail","hentry"],"acf":[],"yoast_head":"<!-- This site is optimized with the Yoast SEO plugin v27.2 - https:\/\/yoast.com\/product\/yoast-seo-wordpress\/ -->\n<title>Termes i condicions d\u2019\u00fas - Pietro Fiorentini<\/title>\n<meta name=\"robots\" content=\"index, follow, max-snippet:-1, max-image-preview:large, max-video-preview:-1\" \/>\n<link rel=\"canonical\" href=\"https:\/\/fiorentini-iberia.com\/ca\/termes-i-condicions-dus\/\" \/>\n<meta property=\"og:locale\" content=\"ca_ES\" \/>\n<meta property=\"og:type\" content=\"article\" \/>\n<meta property=\"og:title\" content=\"Termes i condicions d\u2019\u00fas - Pietro Fiorentini\" \/>\n<meta property=\"og:description\" content=\"Els seg\u00fcents termes i condicions (d\u2019ara endavant &#8220;Termes i Condicions d\u2019\u00das\u201d) regulen els termes i condicions d\u2019acc\u00e9s a les plataformes\/portals de Fiorentini (d\u2019ara endavant &#8220;Portal&#8220;) i s\u00f3n d\u2019aplicaci\u00f3 a tots els usos, aix\u00ed com al seu contingut, la informaci\u00f3, les recomanacions i\/o els serveis \u00a0prestats per Pietro Fiorentini Iberia (d\u2019ara endevant \u00a0&#8220;Venedor&#8220;) al client (d\u2019ara [&hellip;]\" \/>\n<meta property=\"og:url\" content=\"https:\/\/fiorentini-iberia.com\/ca\/termes-i-condicions-dus\/\" \/>\n<meta property=\"og:site_name\" content=\"Pietro Fiorentini\" \/>\n<meta property=\"article:modified_time\" content=\"2024-02-28T15:27:53+00:00\" \/>\n<meta property=\"og:image\" content=\"https:\/\/www.fiorentini-iberia.com\/wp-content\/uploads\/2021\/04\/01_legal.jpeg\" \/>\n\t<meta property=\"og:image:width\" content=\"1920\" \/>\n\t<meta property=\"og:image:height\" content=\"288\" \/>\n\t<meta property=\"og:image:type\" content=\"image\/jpeg\" \/>\n<meta name=\"twitter:card\" content=\"summary_large_image\" \/>\n<meta name=\"twitter:site\" content=\"@FiorentiniSpa\" \/>\n<meta name=\"twitter:label1\" content=\"Temps estimat de lectura\" \/>\n\t<meta name=\"twitter:data1\" content=\"4 minuts\" \/>\n<script type=\"application\/ld+json\" class=\"yoast-schema-graph\">{\"@context\":\"https:\/\/schema.org\",\"@graph\":[{\"@type\":\"WebPage\",\"@id\":\"https:\/\/fiorentini-iberia.com\/ca\/termes-i-condicions-dus\/\",\"url\":\"https:\/\/fiorentini-iberia.com\/ca\/termes-i-condicions-dus\/\",\"name\":\"Termes i condicions d\u2019\u00fas - Pietro Fiorentini\",\"isPartOf\":{\"@id\":\"https:\/\/www.fiorentini-iberia.com\/ca\/#website\"},\"primaryImageOfPage\":{\"@id\":\"https:\/\/fiorentini-iberia.com\/ca\/termes-i-condicions-dus\/#primaryimage\"},\"image\":{\"@id\":\"https:\/\/fiorentini-iberia.com\/ca\/termes-i-condicions-dus\/#primaryimage\"},\"thumbnailUrl\":\"https:\/\/fiorentini-iberia.com\/wp-content\/uploads\/2021\/04\/01_legal.jpeg\",\"datePublished\":\"2021-09-08T08:26:43+00:00\",\"dateModified\":\"2024-02-28T15:27:53+00:00\",\"breadcrumb\":{\"@id\":\"https:\/\/fiorentini-iberia.com\/ca\/termes-i-condicions-dus\/#breadcrumb\"},\"inLanguage\":\"ca\",\"potentialAction\":[{\"@type\":\"ReadAction\",\"target\":[\"https:\/\/fiorentini-iberia.com\/ca\/termes-i-condicions-dus\/\"]}]},{\"@type\":\"ImageObject\",\"inLanguage\":\"ca\",\"@id\":\"https:\/\/fiorentini-iberia.com\/ca\/termes-i-condicions-dus\/#primaryimage\",\"url\":\"https:\/\/fiorentini-iberia.com\/wp-content\/uploads\/2021\/04\/01_legal.jpeg\",\"contentUrl\":\"https:\/\/fiorentini-iberia.com\/wp-content\/uploads\/2021\/04\/01_legal.jpeg\",\"width\":1920,\"height\":288},{\"@type\":\"BreadcrumbList\",\"@id\":\"https:\/\/fiorentini-iberia.com\/ca\/termes-i-condicions-dus\/#breadcrumb\",\"itemListElement\":[{\"@type\":\"ListItem\",\"position\":1,\"name\":\"Home\",\"item\":\"https:\/\/www.fiorentini-iberia.com\/ca\/\"},{\"@type\":\"ListItem\",\"position\":2,\"name\":\"Termes i condicions d\u2019\u00fas\"}]},{\"@type\":\"WebSite\",\"@id\":\"https:\/\/www.fiorentini-iberia.com\/ca\/#website\",\"url\":\"https:\/\/www.fiorentini-iberia.com\/ca\/\",\"name\":\"Pietro Fiorentini Iberia\",\"description\":\"Pietro Fiorentini dise\u00f1a y fabrica componentes, sistemas y servicios para la regulaci\u00f3n, medici\u00f3n, gesti\u00f3n de redes de agua, energ\u00edas renovables, petr\u00f3leo y el gas natural, con sistemas adaptados 100% al hidr\u00f3geno.\",\"publisher\":{\"@id\":\"https:\/\/www.fiorentini-iberia.com\/ca\/#organization\"},\"potentialAction\":[{\"@type\":\"SearchAction\",\"target\":{\"@type\":\"EntryPoint\",\"urlTemplate\":\"https:\/\/www.fiorentini-iberia.com\/ca\/?s={search_term_string}\"},\"query-input\":{\"@type\":\"PropertyValueSpecification\",\"valueRequired\":true,\"valueName\":\"search_term_string\"}}],\"inLanguage\":\"ca\"},{\"@type\":\"Organization\",\"@id\":\"https:\/\/www.fiorentini-iberia.com\/ca\/#organization\",\"name\":\"Pietro Fiorentini Iberia\",\"url\":\"https:\/\/www.fiorentini-iberia.com\/ca\/\",\"logo\":{\"@type\":\"ImageObject\",\"inLanguage\":\"ca\",\"@id\":\"https:\/\/www.fiorentini-iberia.com\/ca\/#\/schema\/logo\/image\/\",\"url\":\"https:\/\/fiorentini-iberia.com\/wp-content\/uploads\/2020\/11\/logo.svg\",\"contentUrl\":\"https:\/\/fiorentini-iberia.com\/wp-content\/uploads\/2020\/11\/logo.svg\",\"width\":227,\"height\":59,\"caption\":\"Pietro Fiorentini Iberia\"},\"image\":{\"@id\":\"https:\/\/www.fiorentini-iberia.com\/ca\/#\/schema\/logo\/image\/\"},\"sameAs\":[\"https:\/\/x.com\/FiorentiniSpa\",\"https:\/\/www.linkedin.com\/company\/pietro-fiorentini-iberia\/\"]}]}<\/script>\n<!-- \/ Yoast SEO plugin. -->","yoast_head_json":{"title":"Termes i condicions d\u2019\u00fas - Pietro Fiorentini","robots":{"index":"index","follow":"follow","max-snippet":"max-snippet:-1","max-image-preview":"max-image-preview:large","max-video-preview":"max-video-preview:-1"},"canonical":"https:\/\/fiorentini-iberia.com\/ca\/termes-i-condicions-dus\/","og_locale":"ca_ES","og_type":"article","og_title":"Termes i condicions d\u2019\u00fas - Pietro Fiorentini","og_description":"Els seg\u00fcents termes i condicions (d\u2019ara endavant &#8220;Termes i Condicions d\u2019\u00das\u201d) regulen els termes i condicions d\u2019acc\u00e9s a les plataformes\/portals de Fiorentini (d\u2019ara endavant &#8220;Portal&#8220;) i s\u00f3n d\u2019aplicaci\u00f3 a tots els usos, aix\u00ed com al seu contingut, la informaci\u00f3, les recomanacions i\/o els serveis \u00a0prestats per Pietro Fiorentini Iberia (d\u2019ara endevant \u00a0&#8220;Venedor&#8220;) al client (d\u2019ara [&hellip;]","og_url":"https:\/\/fiorentini-iberia.com\/ca\/termes-i-condicions-dus\/","og_site_name":"Pietro Fiorentini","article_modified_time":"2024-02-28T15:27:53+00:00","og_image":[{"width":1920,"height":288,"url":"https:\/\/www.fiorentini-iberia.com\/wp-content\/uploads\/2021\/04\/01_legal.jpeg","type":"image\/jpeg"}],"twitter_card":"summary_large_image","twitter_site":"@FiorentiniSpa","twitter_misc":{"Temps estimat de lectura":"4 minuts"},"schema":{"@context":"https:\/\/schema.org","@graph":[{"@type":"WebPage","@id":"https:\/\/fiorentini-iberia.com\/ca\/termes-i-condicions-dus\/","url":"https:\/\/fiorentini-iberia.com\/ca\/termes-i-condicions-dus\/","name":"Termes i condicions d\u2019\u00fas - Pietro Fiorentini","isPartOf":{"@id":"https:\/\/www.fiorentini-iberia.com\/ca\/#website"},"primaryImageOfPage":{"@id":"https:\/\/fiorentini-iberia.com\/ca\/termes-i-condicions-dus\/#primaryimage"},"image":{"@id":"https:\/\/fiorentini-iberia.com\/ca\/termes-i-condicions-dus\/#primaryimage"},"thumbnailUrl":"https:\/\/fiorentini-iberia.com\/wp-content\/uploads\/2021\/04\/01_legal.jpeg","datePublished":"2021-09-08T08:26:43+00:00","dateModified":"2024-02-28T15:27:53+00:00","breadcrumb":{"@id":"https:\/\/fiorentini-iberia.com\/ca\/termes-i-condicions-dus\/#breadcrumb"},"inLanguage":"ca","potentialAction":[{"@type":"ReadAction","target":["https:\/\/fiorentini-iberia.com\/ca\/termes-i-condicions-dus\/"]}]},{"@type":"ImageObject","inLanguage":"ca","@id":"https:\/\/fiorentini-iberia.com\/ca\/termes-i-condicions-dus\/#primaryimage","url":"https:\/\/fiorentini-iberia.com\/wp-content\/uploads\/2021\/04\/01_legal.jpeg","contentUrl":"https:\/\/fiorentini-iberia.com\/wp-content\/uploads\/2021\/04\/01_legal.jpeg","width":1920,"height":288},{"@type":"BreadcrumbList","@id":"https:\/\/fiorentini-iberia.com\/ca\/termes-i-condicions-dus\/#breadcrumb","itemListElement":[{"@type":"ListItem","position":1,"name":"Home","item":"https:\/\/www.fiorentini-iberia.com\/ca\/"},{"@type":"ListItem","position":2,"name":"Termes i condicions d\u2019\u00fas"}]},{"@type":"WebSite","@id":"https:\/\/www.fiorentini-iberia.com\/ca\/#website","url":"https:\/\/www.fiorentini-iberia.com\/ca\/","name":"Pietro Fiorentini Iberia","description":"Pietro Fiorentini dise\u00f1a y fabrica componentes, sistemas y servicios para la regulaci\u00f3n, medici\u00f3n, gesti\u00f3n de redes de agua, energ\u00edas renovables, petr\u00f3leo y el gas natural, con sistemas adaptados 100% al hidr\u00f3geno.","publisher":{"@id":"https:\/\/www.fiorentini-iberia.com\/ca\/#organization"},"potentialAction":[{"@type":"SearchAction","target":{"@type":"EntryPoint","urlTemplate":"https:\/\/www.fiorentini-iberia.com\/ca\/?s={search_term_string}"},"query-input":{"@type":"PropertyValueSpecification","valueRequired":true,"valueName":"search_term_string"}}],"inLanguage":"ca"},{"@type":"Organization","@id":"https:\/\/www.fiorentini-iberia.com\/ca\/#organization","name":"Pietro Fiorentini Iberia","url":"https:\/\/www.fiorentini-iberia.com\/ca\/","logo":{"@type":"ImageObject","inLanguage":"ca","@id":"https:\/\/www.fiorentini-iberia.com\/ca\/#\/schema\/logo\/image\/","url":"https:\/\/fiorentini-iberia.com\/wp-content\/uploads\/2020\/11\/logo.svg","contentUrl":"https:\/\/fiorentini-iberia.com\/wp-content\/uploads\/2020\/11\/logo.svg","width":227,"height":59,"caption":"Pietro Fiorentini Iberia"},"image":{"@id":"https:\/\/www.fiorentini-iberia.com\/ca\/#\/schema\/logo\/image\/"},"sameAs":["https:\/\/x.com\/FiorentiniSpa","https:\/\/www.linkedin.com\/company\/pietro-fiorentini-iberia\/"]}]}},"_links":{"self":[{"href":"https:\/\/fiorentini-iberia.com\/ca\/wp-json\/wp\/v2\/pages\/49420","targetHints":{"allow":["GET"]}}],"collection":[{"href":"https:\/\/fiorentini-iberia.com\/ca\/wp-json\/wp\/v2\/pages"}],"about":[{"href":"https:\/\/fiorentini-iberia.com\/ca\/wp-json\/wp\/v2\/types\/page"}],"author":[{"embeddable":true,"href":"https:\/\/fiorentini-iberia.com\/ca\/wp-json\/wp\/v2\/users\/12"}],"replies":[{"embeddable":true,"href":"https:\/\/fiorentini-iberia.com\/ca\/wp-json\/wp\/v2\/comments?post=49420"}],"version-history":[{"count":1,"href":"https:\/\/fiorentini-iberia.com\/ca\/wp-json\/wp\/v2\/pages\/49420\/revisions"}],"predecessor-version":[{"id":49423,"href":"https:\/\/fiorentini-iberia.com\/ca\/wp-json\/wp\/v2\/pages\/49420\/revisions\/49423"}],"wp:featuredmedia":[{"embeddable":true,"href":"https:\/\/fiorentini-iberia.com\/ca\/wp-json\/wp\/v2\/media\/49421"}],"wp:attachment":[{"href":"https:\/\/fiorentini-iberia.com\/ca\/wp-json\/wp\/v2\/media?parent=49420"}],"curies":[{"name":"wp","href":"https:\/\/api.w.org\/{rel}","templated":true}]}}